{"id":60689,"date":"2023-11-21T13:09:42","date_gmt":"2023-11-21T12:09:42","guid":{"rendered":"https:\/\/cinegear.nl\/?post_type=product&#038;p=60689"},"modified":"2026-03-24T11:01:43","modified_gmt":"2026-03-24T10:01:43","slug":"kinefinity-pd-kinebat-99-200-battery","status":"publish","type":"product","link":"https:\/\/cinegear.nl\/tr\/urun\/kinefinity-pd-kinebat-99-200-battery\/","title":{"rendered":"Kinefinity PD KineBAT 99\/200 Battery"},"content":{"rendered":"<section class=\"elementor-section elementor-top-section elementor-element elementor-element-34583ff elementor-section-boxed elementor-section-height-default elementor-section-height-default\" data-id=\"34583ff\" data-element_type=\"section\">\n<div class=\"elementor-container elementor-column-gap-default\">\n<div class=\"elementor-column elementor-col-100 elementor-top-column elementor-element elementor-element-d024710\" data-id=\"d024710\" data-element_type=\"column\">\n<div class=\"elementor-widget-wrap elementor-element-populated\">\n<div class=\"elementor-element elementor-element-16f98eb elementor-widget elementor-widget-text-editor\" data-id=\"16f98eb\" data-element_type=\"widget\" data-widget_type=\"text-editor.default\">\n<div class=\"elementor-widget-container\">\n<p><strong>PD KineBAT 99\/200<\/strong>\u00a0is Kinefinity\u2019s third generation V-mount battery. Compared with the previous generation PD KineBAT, it features much larger capacity and extended battery life, providing continuous and reliable power supply for the camera systems with standard V-mount.<\/p>\n<hr \/>\n<h3><strong>Dual D-Tap and Dual USB-C<\/strong><\/h3>\n<p>Equipped with\u00a0<strong>dual D-Tap Ports\u00a0<\/strong>and\u00a0<strong>dual PD USB<\/strong>\u00a0Type-C ports, the battery is specially designed for professional camcorders and related accessories. The traditional D-Tap port can be used to power accessories on your fig while the USB-C port gives you a convenient way of charging laptop or smartphone while you shoot.<\/p>\n<p>Compared with the previous V-mount battery, PD KineBAT 99\/200 is newly provided with the widely adopted<strong>\u00a0D-Tap Port<\/strong>, which enables the battery to charge your wireless follow focus and video transmission system, making the shooting flexible and productive.<\/p>\n<p>Continuing the dual<strong>\u00a0PD USB Type-C<\/strong>\u00a0ports,PD KineBAT 99\/200 gives you a convenient way of charging your smartphone and USB accessories while shooting. The powerful 60W output enables the battery to fill up your Macbook Pro (13\u201d) in just one hour.<\/p>\n<h3><strong>Peak Performance and Compact Form<\/strong><\/h3>\n<p>PD KineBAT 99\/200 features a large capacity cell and advanced internal design, with which the battery capacity\u00a0increasesby\u00a0<strong>30%<\/strong>\u00a0compared to its predecessor.<\/p>\n<p>MAVO Edge can work up to\u00a0<strong>5 hours<\/strong>\u00a0with KineBAT 200. Only two batteries can supply power for all day shooting.\u00a0<strong>580g<\/strong>\u00a0KineVAT 99, palm-sized design for easy carrying on the go.<\/p>\n<p>MAVO Edge camera users could check the exact battery percentage, voltage and current information in the camera built-in menu, keeping the battery performing perfectly anytime.<\/p>\n<h3><strong>More Classical, More Practical<\/strong><\/h3>\n<p>The boxy appearance of PD KineBAT 99\/200 continues the design of our previous generation PD KineBAT, which looks heavy but not clumsy. The waves on the side is\u00a0<strong>ergonomically designed<\/strong>\u00a0for easy grip, avoiding all possible accidents.<\/p>\n<p>The specifically set 86mm\u00d7106mm\u00a0size is perfectly adapted to our MAVO Edge camera, leading the whole set harmonious and good-looking.<\/p>\n<p>Using the 65W PD Type-C power adapter, PD KineBAT 99 can quickly charge up to\u00a0<strong>80%<\/strong>\u00a0in 2 hours. The charging speed increases by<strong>\u00a030%<\/strong>\u00a0compared with the previous generation battery.<\/p>\n<p>In addition to the USB Type-C input, PD KineBAT can also be charged via\u00a0<strong>V-mount charger<\/strong>\u00a0and\u00a0<strong>D-tap charger<\/strong>. Multiple power supply methods can better meet your demand of replenishing energy anytime and anywhere.<\/p>\n<h3><strong>Compact, Reliable and Safe<\/strong><\/h3>\n<p>Using the ABS+PD plastic as the battery shell, PD KineBAT has great resistance to heat and cold. Reliable and safe, the battery can provide consistent power on the toughest sets.<\/p>\n<\/div>\n<\/div>\n<div class=\"elementor-element elementor-element-353ec39 elementor-widget elementor-widget-text-editor\" data-id=\"353ec39\" data-element_type=\"widget\" data-widget_type=\"text-editor.default\">\n<div class=\"elementor-widget-container\">\n<p><strong><b>Option Description and Shipping List<\/b><\/strong><\/p>\n<ol>\n<li>KineBAT 99: PD KineBAT 99;<\/li>\n<li>KineBAT 200: PD KineBAT 200;<\/li>\n<li>2 \u00d7 KineBAT 99 + 1\u00d7 Charger: includes PD KineBAT 99 \u00d7 2, 65W PD Power Adapter \u00d7 1,<\/li>\n<li>2 \u00d7 KineBAT 200 + 2 \u00d7 Charger: includes PD KineBAT 200 \u00d7 2, 65W PD Power Adapter \u00d7 2,<\/li>\n<\/ol>\n<\/div>\n<\/div>\n<div class=\"elementor-element elementor-element-d554b2a elementor-widget elementor-widget-spacer\" data-id=\"d554b2a\" data-element_type=\"widget\" data-widget_type=\"spacer.default\">\n<div class=\"elementor-widget-container\"><span style=\"font-size: 20.16px;\">SAFETY NOTICE<\/span><\/div>\n<\/div>\n<\/div>\n<\/div>\n<\/div>\n<\/section>\n<section class=\"elementor-section elementor-top-section elementor-element elementor-element-677f820 elementor-section-boxed elementor-section-height-default elementor-section-height-default\" data-id=\"677f820\" data-element_type=\"section\">\n<div class=\"elementor-container elementor-column-gap-default\">\n<div class=\"elementor-column elementor-col-66 elementor-top-column elementor-element elementor-element-aee09f0\" data-id=\"aee09f0\" data-element_type=\"column\">\n<ul>\n<li class=\"elementor-widget-wrap elementor-element-populated\"><span style=\"color: #555555; font-size: 14.4px;\">Please use the battery strictly according to the instructions;<\/span><\/li>\n<li class=\"elementor-widget-wrap elementor-element-populated\">Do not disassemble or puncture the battery. Keep the battery away from water and fire.<\/li>\n<li class=\"elementor-widget-wrap elementor-element-populated\">If the batter is planned to store for a long term, charge it to 50%(1\/3 of fully charge time) and check it every 3 months. Place the battery in a dry and ventilated environment.<\/li>\n<li class=\"elementor-widget-wrap elementor-element-populated\">Do not allow the battery to come into contact with corrosive environments, and keep it away from high temperature.<\/li>\n<li class=\"elementor-widget-wrap elementor-element-populated\">Storage Temperature:-5\u00b0C\uff5e+35\u00b0C(+23\u00b0F\uff5e+95\u00b0F)<\/li>\n<li class=\"elementor-widget-wrap elementor-element-populated\">Storage Relative Humidity: \u226475%RH.<\/li>\n<\/ul>\n<\/div>\n<\/div>\n<\/section>\n<section class=\"elementor-section elementor-top-section elementor-element elementor-element-d497585 elementor-section-boxed elementor-section-height-default elementor-section-height-default\" data-id=\"d497585\" data-element_type=\"section\">\n<div class=\"elementor-container elementor-column-gap-default\">\n<div class=\"elementor-column elementor-col-50 elementor-top-column elementor-element elementor-element-f2fc05b\" data-id=\"f2fc05b\" data-element_type=\"column\">\n<div class=\"elementor-widget-wrap elementor-element-populated\">\n<div class=\"elementor-element elementor-element-cd28f92 elementor-widget elementor-widget-text-editor\" data-id=\"cd28f92\" data-element_type=\"widget\" data-widget_type=\"text-editor.default\">\n<div class=\"elementor-widget-container\">\n<p>\u2605\u00a0The general warranty period of this product is 1 year from the date of purchase.<\/p>\n<\/div>\n<\/div>\n<\/div>\n<\/div>\n<\/div>\n<\/section>","protected":false},"excerpt":{"rendered":"<p><strong>PD KineBAT 99\/200<\/strong>\u00a0is Kinefinity\u2019s third generation V-mount battery. Compared with the previous generation PD KineBAT, it features much larger capacity and extended battery life, providing continuous and reliable power supply for the camera systems with standard V-mount.<\/p>","protected":false},"featured_media":69151,"template":"","meta":{"_acf_changed":false,"inline_featured_image":false},"pwb-brand":[8397],"product_cat":[407,10150,10152,10749,408,10408],"product_tag":[205,4521],"class_list":{"0":"post-60689","1":"product","2":"type-product","3":"status-publish","4":"has-post-thumbnail","6":"pwb-brand-kinefinity","7":"product_cat-battery-solutions","8":"product_cat-brands-battery-solutions","9":"product_cat-kinefinity","10":"product_cat-battery-mount","11":"product_cat-v-lock","12":"product_cat-kinefinity-accessoires","13":"product_tag-battery","14":"product_tag-kinefinity","15":"product_shipping_class-normal","17":"first","18":"instock","19":"sale","20":"taxable","21":"shipping-taxable","22":"purchasable","23":"product-type-variable"},"acf":{"supplier":"","buy_price":"","last_sync":""},"yoast_head":"<!-- This site is optimized with the Yoast SEO Premium plugin v21.8 (Yoast SEO v24.3) - https:\/\/yoast.com\/wordpress\/plugins\/seo\/ -->\n<title>Kinefinity PD KineBAT 99\/200 Battery | Cinegear Amsterdam<\/title>\n<meta name=\"description\" content=\"PD KineBAT 99\/200\u00a0is Kinefinity\u2019s third generation V-mount battery. Compared with the previous generation PD KineBAT, it features much larger capacity and extended battery life, providing continuous and reliable power supply for the camera systems with standard V-mount.\" \/>\n<meta name=\"robots\" content=\"index, follow, max-snippet:-1, max-image-preview:large, max-video-preview:-1\" \/>\n<link rel=\"canonical\" href=\"https:\/\/cinegear.nl\/tr\/urun\/kinefinity-pd-kinebat-99-200-battery\/\" \/>\n<meta property=\"og:locale\" content=\"tr_TR\" \/>\n<meta property=\"og:type\" content=\"article\" \/>\n<meta property=\"og:title\" content=\"Kinefinity PD KineBAT 99\/200 Battery\" \/>\n<meta property=\"og:description\" content=\"PD KineBAT 99\/200\u00a0is Kinefinity\u2019s third generation V-mount battery. Compared with the previous generation PD KineBAT, it features much larger capacity and extended battery life, providing continuous and reliable power supply for the camera systems with standard V-mount.\" \/>\n<meta property=\"og:url\" content=\"https:\/\/cinegear.nl\/tr\/urun\/kinefinity-pd-kinebat-99-200-battery\/\" \/>\n<meta property=\"og:site_name\" content=\"Cinegear Amsterdam\" \/>\n<meta property=\"article:modified_time\" content=\"2026-03-24T10:01:43+00:00\" \/>\n<meta property=\"og:image\" content=\"https:\/\/cinegear.nl\/wp-content\/uploads\/2023\/11\/Kinefinity-PD-KineBAT.jpg\" \/>\n\t<meta property=\"og:image:width\" content=\"1000\" \/>\n\t<meta property=\"og:image:height\" content=\"1000\" \/>\n\t<meta property=\"og:image:type\" content=\"image\/jpeg\" \/>\n<meta name=\"twitter:card\" content=\"summary_large_image\" \/>\n<meta name=\"twitter:label1\" content=\"Tahmini okuma s\u00fcresi\" \/>\n\t<meta name=\"twitter:data1\" content=\"3 dakika\" \/>\n<script type=\"application\/ld+json\" class=\"yoast-schema-graph\">{\"@context\":\"https:\/\/schema.org\",\"@graph\":[{\"@type\":\"WebPage\",\"@id\":\"https:\/\/cinegear.nl\/product\/kinefinity-pd-kinebat-99-200-battery\/\",\"url\":\"https:\/\/cinegear.nl\/product\/kinefinity-pd-kinebat-99-200-battery\/\",\"name\":\"Kinefinity PD KineBAT 99\/200 Battery | Cinegear Amsterdam\",\"isPartOf\":{\"@id\":\"https:\/\/cinegear.nl\/#website\"},\"primaryImageOfPage\":{\"@id\":\"https:\/\/cinegear.nl\/product\/kinefinity-pd-kinebat-99-200-battery\/#primaryimage\"},\"image\":{\"@id\":\"https:\/\/cinegear.nl\/product\/kinefinity-pd-kinebat-99-200-battery\/#primaryimage\"},\"thumbnailUrl\":\"https:\/\/cinegear.nl\/wp-content\/uploads\/2023\/11\/Kinefinity-PD-KineBAT.jpg\",\"datePublished\":\"2023-11-21T12:09:42+00:00\",\"dateModified\":\"2026-03-24T10:01:43+00:00\",\"description\":\"PD KineBAT 99\/200\u00a0is Kinefinity\u2019s third generation V-mount battery. Compared with the previous generation PD KineBAT, it features much larger capacity and extended battery life, providing continuous and reliable power supply for the camera systems with standard V-mount.\",\"breadcrumb\":{\"@id\":\"https:\/\/cinegear.nl\/product\/kinefinity-pd-kinebat-99-200-battery\/#breadcrumb\"},\"inLanguage\":\"tr\",\"potentialAction\":[{\"@type\":\"ReadAction\",\"target\":[\"https:\/\/cinegear.nl\/product\/kinefinity-pd-kinebat-99-200-battery\/\"]}]},{\"@type\":\"ImageObject\",\"inLanguage\":\"tr\",\"@id\":\"https:\/\/cinegear.nl\/product\/kinefinity-pd-kinebat-99-200-battery\/#primaryimage\",\"url\":\"https:\/\/cinegear.nl\/wp-content\/uploads\/2023\/11\/Kinefinity-PD-KineBAT.jpg\",\"contentUrl\":\"https:\/\/cinegear.nl\/wp-content\/uploads\/2023\/11\/Kinefinity-PD-KineBAT.jpg\",\"width\":1000,\"height\":1000,\"caption\":\"Kinefinity PD KineBAT 99\/200 Battery\"},{\"@type\":\"BreadcrumbList\",\"@id\":\"https:\/\/cinegear.nl\/product\/kinefinity-pd-kinebat-99-200-battery\/#breadcrumb\",\"itemListElement\":[{\"@type\":\"ListItem\",\"position\":1,\"name\":\"Home\",\"item\":\"https:\/\/cinegear.nl\/\"},{\"@type\":\"ListItem\",\"position\":2,\"name\":\"Store\",\"item\":\"https:\/\/cinegear.nl\/product-category-kine-cameras\/\"},{\"@type\":\"ListItem\",\"position\":3,\"name\":\"Kinefinity PD KineBAT 99\/200 Battery\"}]},{\"@type\":\"WebSite\",\"@id\":\"https:\/\/cinegear.nl\/#website\",\"url\":\"https:\/\/cinegear.nl\/\",\"name\":\"Cinegear Amsterdam\",\"description\":\"\",\"publisher\":{\"@id\":\"https:\/\/cinegear.nl\/#organization\"},\"potentialAction\":[{\"@type\":\"SearchAction\",\"target\":{\"@type\":\"EntryPoint\",\"urlTemplate\":\"https:\/\/cinegear.nl\/?s={search_term_string}\"},\"query-input\":{\"@type\":\"PropertyValueSpecification\",\"valueRequired\":true,\"valueName\":\"search_term_string\"}}],\"inLanguage\":\"tr\"},{\"@type\":\"Organization\",\"@id\":\"https:\/\/cinegear.nl\/#organization\",\"name\":\"Cinegear\",\"url\":\"https:\/\/cinegear.nl\/\",\"logo\":{\"@type\":\"ImageObject\",\"inLanguage\":\"tr\",\"@id\":\"https:\/\/cinegear.nl\/#\/schema\/logo\/image\/\",\"url\":\"https:\/\/cinegear.nl\/wp-content\/uploads\/2019\/12\/Transparent_Normal_Logo.jpg\",\"contentUrl\":\"https:\/\/cinegear.nl\/wp-content\/uploads\/2019\/12\/Transparent_Normal_Logo.jpg\",\"width\":858,\"height\":782,\"caption\":\"Cinegear\"},\"image\":{\"@id\":\"https:\/\/cinegear.nl\/#\/schema\/logo\/image\/\"}}]}<\/script>\n<!-- \/ Yoast SEO Premium plugin. -->","yoast_head_json":{"title":"Kinefinity PD KineBAT 99\/200 Battery | Cinegear Amsterdam","description":"PD KineBAT 99\/200\u00a0is Kinefinity\u2019s third generation V-mount battery. Compared with the previous generation PD KineBAT, it features much larger capacity and extended battery life, providing continuous and reliable power supply for the camera systems with standard V-mount.","robots":{"index":"index","follow":"follow","max-snippet":"max-snippet:-1","max-image-preview":"max-image-preview:large","max-video-preview":"max-video-preview:-1"},"canonical":"https:\/\/cinegear.nl\/tr\/urun\/kinefinity-pd-kinebat-99-200-battery\/","og_locale":"tr_TR","og_type":"article","og_title":"Kinefinity PD KineBAT 99\/200 Battery","og_description":"PD KineBAT 99\/200\u00a0is Kinefinity\u2019s third generation V-mount battery. Compared with the previous generation PD KineBAT, it features much larger capacity and extended battery life, providing continuous and reliable power supply for the camera systems with standard V-mount.","og_url":"https:\/\/cinegear.nl\/tr\/urun\/kinefinity-pd-kinebat-99-200-battery\/","og_site_name":"Cinegear Amsterdam","article_modified_time":"2026-03-24T10:01:43+00:00","og_image":[{"width":1000,"height":1000,"url":"https:\/\/cinegear.nl\/wp-content\/uploads\/2023\/11\/Kinefinity-PD-KineBAT.jpg","type":"image\/jpeg"}],"twitter_card":"summary_large_image","twitter_misc":{"Tahmini okuma s\u00fcresi":"3 dakika"},"schema":{"@context":"https:\/\/schema.org","@graph":[{"@type":"WebPage","@id":"https:\/\/cinegear.nl\/product\/kinefinity-pd-kinebat-99-200-battery\/","url":"https:\/\/cinegear.nl\/product\/kinefinity-pd-kinebat-99-200-battery\/","name":"Kinefinity PD KineBAT 99\/200 Battery | Cinegear Amsterdam","isPartOf":{"@id":"https:\/\/cinegear.nl\/#website"},"primaryImageOfPage":{"@id":"https:\/\/cinegear.nl\/product\/kinefinity-pd-kinebat-99-200-battery\/#primaryimage"},"image":{"@id":"https:\/\/cinegear.nl\/product\/kinefinity-pd-kinebat-99-200-battery\/#primaryimage"},"thumbnailUrl":"https:\/\/cinegear.nl\/wp-content\/uploads\/2023\/11\/Kinefinity-PD-KineBAT.jpg","datePublished":"2023-11-21T12:09:42+00:00","dateModified":"2026-03-24T10:01:43+00:00","description":"PD KineBAT 99\/200\u00a0is Kinefinity\u2019s third generation V-mount battery. Compared with the previous generation PD KineBAT, it features much larger capacity and extended battery life, providing continuous and reliable power supply for the camera systems with standard V-mount.","breadcrumb":{"@id":"https:\/\/cinegear.nl\/product\/kinefinity-pd-kinebat-99-200-battery\/#breadcrumb"},"inLanguage":"tr","potentialAction":[{"@type":"ReadAction","target":["https:\/\/cinegear.nl\/product\/kinefinity-pd-kinebat-99-200-battery\/"]}]},{"@type":"ImageObject","inLanguage":"tr","@id":"https:\/\/cinegear.nl\/product\/kinefinity-pd-kinebat-99-200-battery\/#primaryimage","url":"https:\/\/cinegear.nl\/wp-content\/uploads\/2023\/11\/Kinefinity-PD-KineBAT.jpg","contentUrl":"https:\/\/cinegear.nl\/wp-content\/uploads\/2023\/11\/Kinefinity-PD-KineBAT.jpg","width":1000,"height":1000,"caption":"Kinefinity PD KineBAT 99\/200 Battery"},{"@type":"BreadcrumbList","@id":"https:\/\/cinegear.nl\/product\/kinefinity-pd-kinebat-99-200-battery\/#breadcrumb","itemListElement":[{"@type":"ListItem","position":1,"name":"Home","item":"https:\/\/cinegear.nl\/"},{"@type":"ListItem","position":2,"name":"Store","item":"https:\/\/cinegear.nl\/product-category-kine-cameras\/"},{"@type":"ListItem","position":3,"name":"Kinefinity PD KineBAT 99\/200 Battery"}]},{"@type":"WebSite","@id":"https:\/\/cinegear.nl\/#website","url":"https:\/\/cinegear.nl\/","name":"Cinegear Amsterdam","description":"","publisher":{"@id":"https:\/\/cinegear.nl\/#organization"},"potentialAction":[{"@type":"SearchAction","target":{"@type":"EntryPoint","urlTemplate":"https:\/\/cinegear.nl\/?s={search_term_string}"},"query-input":{"@type":"PropertyValueSpecification","valueRequired":true,"valueName":"search_term_string"}}],"inLanguage":"tr"},{"@type":"Organization","@id":"https:\/\/cinegear.nl\/#organization","name":"Cinegear","url":"https:\/\/cinegear.nl\/","logo":{"@type":"ImageObject","inLanguage":"tr","@id":"https:\/\/cinegear.nl\/#\/schema\/logo\/image\/","url":"https:\/\/cinegear.nl\/wp-content\/uploads\/2019\/12\/Transparent_Normal_Logo.jpg","contentUrl":"https:\/\/cinegear.nl\/wp-content\/uploads\/2019\/12\/Transparent_Normal_Logo.jpg","width":858,"height":782,"caption":"Cinegear"},"image":{"@id":"https:\/\/cinegear.nl\/#\/schema\/logo\/image\/"}}]}},"brands":[{"id":8397,"name":"Kinefinity","slug":"kinefinity"}],"_links":{"self":[{"href":"https:\/\/cinegear.nl\/tr\/wp-json\/wp\/v2\/product\/60689","targetHints":{"allow":["GET"]}}],"collection":[{"href":"https:\/\/cinegear.nl\/tr\/wp-json\/wp\/v2\/product"}],"about":[{"href":"https:\/\/cinegear.nl\/tr\/wp-json\/wp\/v2\/types\/product"}],"wp:featuredmedia":[{"embeddable":true,"href":"https:\/\/cinegear.nl\/tr\/wp-json\/wp\/v2\/media\/69151"}],"wp:attachment":[{"href":"https:\/\/cinegear.nl\/tr\/wp-json\/wp\/v2\/media?parent=60689"}],"wp:term":[{"taxonomy":"pwb-brand","embeddable":true,"href":"https:\/\/cinegear.nl\/tr\/wp-json\/wp\/v2\/pwb-brand?post=60689"},{"taxonomy":"product_cat","embeddable":true,"href":"https:\/\/cinegear.nl\/tr\/wp-json\/wp\/v2\/product_cat?post=60689"},{"taxonomy":"product_tag","embeddable":true,"href":"https:\/\/cinegear.nl\/tr\/wp-json\/wp\/v2\/product_tag?post=60689"}],"curies":[{"name":"wp","href":"https:\/\/api.w.org\/{rel}","templated":true}]}}