{"id":4497,"date":"2019-11-26T13:16:51","date_gmt":"2019-11-26T12:16:51","guid":{"rendered":"https:\/\/cinegear.nl\/?post_type=product&#038;p=4497"},"modified":"2025-09-07T13:14:50","modified_gmt":"2025-09-07T11:14:50","slug":"freefly-movi-pro-gimbal-only","status":"publish","type":"product","link":"https:\/\/cinegear.nl\/tr\/urun\/freefly-movi-pro-gimbal-only\/","title":{"rendered":"Freefly MoVI Pro gimbal only"},"content":{"rendered":"<div class=\"uk-width-1-1 uk-width-medium-4-10 uk-width-large-2-10 uk-text-bold uk-margin-bottom uk-text-uppercase\"><strong>OVERVIEW<\/strong><\/div>\n<div><\/div>\n<div class=\"uk-width-1-1 uk-width-medium-6-10 uk-width-large-8-10 uk-margin-bottom\">Freefly MoVI Pro &#8211; Gimbal only (p\/n 950-00057). MoVI Pro is the most advanced camera movement system ever created. It offers industry leading performance, flexibility, and ease of use. \u00a0M\u014dVI Pro is a lightweight, portable system that allows users to create world class production quality video content quickly and easily.<\/div>\n<div><\/div>\n<div class=\"uk-width-1-1 uk-width-medium-4-10 uk-width-large-2-10 uk-text-bold uk-margin-bottom uk-text-uppercase\"><strong>SUMMARY<\/strong><\/div>\n<div><\/div>\n<div class=\"uk-width-1-1 uk-width-medium-6-10 uk-width-large-8-10 uk-margin-bottom spec\">\n<div class=\"uk-margin-small-bottom uk-display-block\">Camera Type:\u00a0Video Camera<\/div>\n<div class=\"uk-margin-small-bottom uk-display-block\">Gimbal Capacity Group:\u00a06-7kg<\/div>\n<\/div>","protected":false},"excerpt":{"rendered":"<p><strong>INCLUDED IN BOX<\/strong><\/p>\n<ul>\n<li>1x M\u014dVI Pro<\/li>\n<li>2x M\u014dVI Pro Battery Pack 1.8Ah<\/li>\n<li>2x M\u014dVI Pro Battery Charger<\/li>\n<li>M\u014dVI Pro Adjustable Camera Plate<\/li>\n<li>M\u014dVI Adjustable Top Camera Plate<\/li>\n<li>M\u014dVI Hot Shoe Mount<\/li>\n<li>1x COM to M\u014dVI Controller Receiver Cable<\/li>\n<li>1x M\u014dVI Rod Mount Adapter<\/li>\n<li>2x Bolt \u215c -16 x \u215d\u201d<\/li>\n<li>2x Bolt \u00bc -20 x \u00bd\u201d<\/li>\n<li>2x Bolt \u00bc -20 x \u215c\u201d<\/li>\n<li>1x 2.00mm Hex Driver<\/li>\n<li>1x 2.50mm Hex Driver<\/li>\n<\/ul>","protected":false},"featured_media":4501,"template":"","meta":{"_acf_changed":false,"inline_featured_image":false},"pwb-brand":[9990],"product_cat":[398,15346,16],"product_tag":[75,302,261],"class_list":{"0":"post-4497","1":"product","2":"type-product","3":"status-publish","4":"has-post-thumbnail","6":"pwb-brand-freefly","7":"product_cat-gimbals","8":"product_cat-gimbals-gimbals","9":"product_cat-all","10":"product_tag-gimbal","11":"product_tag-movi","12":"product_tag-pro","13":"product_shipping_class-normal","15":"first","16":"instock","17":"taxable","18":"shipping-taxable","19":"purchasable","20":"product-type-simple"},"acf":{"supplier":"","buy_price":"","last_sync":""},"yoast_head":"<!-- This site is optimized with the Yoast SEO Premium plugin v21.8 (Yoast SEO v24.3) - https:\/\/yoast.com\/wordpress\/plugins\/seo\/ -->\n<title>Freefly MoVI Pro gimbal only | Cinegear Amsterdam<\/title>\n<meta name=\"description\" content=\"INCLUDED IN BOX   1x M\u014dVI Pro  2x M\u014dVI Pro Battery Pack 1.8Ah  2x M\u014dVI Pro Battery Charger  M\u014dVI Pro Adjustable Camera Plate  M\u014dVI Adjustable Top Camera Plate  M\u014dVI Hot Shoe Mount  1x COM to M\u014dVI Controller Receiver Cable  1x M\u014dVI Rod Mount Adapter  2x Bolt \u215c -16 x \u215d\u201d  2x Bolt \u00bc -20 x \u00bd\u201d  2x Bolt \u00bc -20 x \u215c\u201d  1x 2.00mm Hex Driver  1x 2.50mm Hex Driver\" \/>\n<meta name=\"robots\" content=\"index, follow, max-snippet:-1, max-image-preview:large, max-video-preview:-1\" \/>\n<link rel=\"canonical\" href=\"https:\/\/cinegear.nl\/tr\/urun\/freefly-movi-pro-gimbal-only\/\" \/>\n<meta property=\"og:locale\" content=\"tr_TR\" \/>\n<meta property=\"og:type\" content=\"article\" \/>\n<meta property=\"og:title\" content=\"Freefly MoVI Pro gimbal only\" \/>\n<meta property=\"og:description\" content=\"INCLUDED IN BOX   1x M\u014dVI Pro  2x M\u014dVI Pro Battery Pack 1.8Ah  2x M\u014dVI Pro Battery Charger  M\u014dVI Pro Adjustable Camera Plate  M\u014dVI Adjustable Top Camera Plate  M\u014dVI Hot Shoe Mount  1x COM to M\u014dVI Controller Receiver Cable  1x M\u014dVI Rod Mount Adapter  2x Bolt \u215c -16 x \u215d\u201d  2x Bolt \u00bc -20 x \u00bd\u201d  2x Bolt \u00bc -20 x \u215c\u201d  1x 2.00mm Hex Driver  1x 2.50mm Hex Driver\" \/>\n<meta property=\"og:url\" content=\"https:\/\/cinegear.nl\/tr\/urun\/freefly-movi-pro-gimbal-only\/\" \/>\n<meta property=\"og:site_name\" content=\"Cinegear Amsterdam\" \/>\n<meta property=\"article:modified_time\" content=\"2025-09-07T11:14:50+00:00\" \/>\n<meta property=\"og:image\" content=\"https:\/\/cinegear.nl\/wp-content\/uploads\/2019\/11\/15-08-20171502806036950-00057.jpg\" \/>\n\t<meta property=\"og:image:width\" content=\"2000\" \/>\n\t<meta property=\"og:image:height\" content=\"2000\" \/>\n\t<meta property=\"og:image:type\" content=\"image\/jpeg\" \/>\n<meta name=\"twitter:card\" content=\"summary_large_image\" \/>\n<meta name=\"twitter:label1\" content=\"Tahmini okuma s\u00fcresi\" \/>\n\t<meta name=\"twitter:data1\" content=\"1 dakika\" \/>\n<script type=\"application\/ld+json\" class=\"yoast-schema-graph\">{\"@context\":\"https:\/\/schema.org\",\"@graph\":[{\"@type\":\"WebPage\",\"@id\":\"https:\/\/cinegear.nl\/product\/freefly-movi-pro-gimbal-only\/\",\"url\":\"https:\/\/cinegear.nl\/product\/freefly-movi-pro-gimbal-only\/\",\"name\":\"Freefly MoVI Pro gimbal only | Cinegear Amsterdam\",\"isPartOf\":{\"@id\":\"https:\/\/cinegear.nl\/#website\"},\"primaryImageOfPage\":{\"@id\":\"https:\/\/cinegear.nl\/product\/freefly-movi-pro-gimbal-only\/#primaryimage\"},\"image\":{\"@id\":\"https:\/\/cinegear.nl\/product\/freefly-movi-pro-gimbal-only\/#primaryimage\"},\"thumbnailUrl\":\"https:\/\/cinegear.nl\/wp-content\/uploads\/2019\/11\/15-08-20171502806036950-00057.jpg\",\"datePublished\":\"2019-11-26T12:16:51+00:00\",\"dateModified\":\"2025-09-07T11:14:50+00:00\",\"description\":\"INCLUDED IN BOX 1x M\u014dVI Pro 2x M\u014dVI Pro Battery Pack 1.8Ah 2x M\u014dVI Pro Battery Charger M\u014dVI Pro Adjustable Camera Plate M\u014dVI Adjustable Top Camera Plate M\u014dVI Hot Shoe Mount 1x COM to M\u014dVI Controller Receiver Cable 1x M\u014dVI Rod Mount Adapter 2x Bolt \u215c -16 x \u215d\u201d 2x Bolt \u00bc -20 x \u00bd\u201d 2x Bolt \u00bc -20 x \u215c\u201d 1x 2.00mm Hex Driver 1x 2.50mm Hex Driver\",\"breadcrumb\":{\"@id\":\"https:\/\/cinegear.nl\/product\/freefly-movi-pro-gimbal-only\/#breadcrumb\"},\"inLanguage\":\"tr\",\"potentialAction\":[{\"@type\":\"ReadAction\",\"target\":[\"https:\/\/cinegear.nl\/product\/freefly-movi-pro-gimbal-only\/\"]}]},{\"@type\":\"ImageObject\",\"inLanguage\":\"tr\",\"@id\":\"https:\/\/cinegear.nl\/product\/freefly-movi-pro-gimbal-only\/#primaryimage\",\"url\":\"https:\/\/cinegear.nl\/wp-content\/uploads\/2019\/11\/15-08-20171502806036950-00057.jpg\",\"contentUrl\":\"https:\/\/cinegear.nl\/wp-content\/uploads\/2019\/11\/15-08-20171502806036950-00057.jpg\",\"width\":2000,\"height\":2000,\"caption\":\"Freefly MoVI Pro gimbal only\"},{\"@type\":\"BreadcrumbList\",\"@id\":\"https:\/\/cinegear.nl\/product\/freefly-movi-pro-gimbal-only\/#breadcrumb\",\"itemListElement\":[{\"@type\":\"ListItem\",\"position\":1,\"name\":\"Home\",\"item\":\"https:\/\/cinegear.nl\/\"},{\"@type\":\"ListItem\",\"position\":2,\"name\":\"Store\",\"item\":\"https:\/\/cinegear.nl\/product-category-kine-cameras\/\"},{\"@type\":\"ListItem\",\"position\":3,\"name\":\"Freefly MoVI Pro gimbal only\"}]},{\"@type\":\"WebSite\",\"@id\":\"https:\/\/cinegear.nl\/#website\",\"url\":\"https:\/\/cinegear.nl\/\",\"name\":\"Cinegear Amsterdam\",\"description\":\"\",\"publisher\":{\"@id\":\"https:\/\/cinegear.nl\/#organization\"},\"potentialAction\":[{\"@type\":\"SearchAction\",\"target\":{\"@type\":\"EntryPoint\",\"urlTemplate\":\"https:\/\/cinegear.nl\/?s={search_term_string}\"},\"query-input\":{\"@type\":\"PropertyValueSpecification\",\"valueRequired\":true,\"valueName\":\"search_term_string\"}}],\"inLanguage\":\"tr\"},{\"@type\":\"Organization\",\"@id\":\"https:\/\/cinegear.nl\/#organization\",\"name\":\"Cinegear\",\"url\":\"https:\/\/cinegear.nl\/\",\"logo\":{\"@type\":\"ImageObject\",\"inLanguage\":\"tr\",\"@id\":\"https:\/\/cinegear.nl\/#\/schema\/logo\/image\/\",\"url\":\"https:\/\/cinegear.nl\/wp-content\/uploads\/2019\/12\/Transparent_Normal_Logo.jpg\",\"contentUrl\":\"https:\/\/cinegear.nl\/wp-content\/uploads\/2019\/12\/Transparent_Normal_Logo.jpg\",\"width\":858,\"height\":782,\"caption\":\"Cinegear\"},\"image\":{\"@id\":\"https:\/\/cinegear.nl\/#\/schema\/logo\/image\/\"}}]}<\/script>\n<!-- \/ Yoast SEO Premium plugin. -->","yoast_head_json":{"title":"Freefly MoVI Pro gimbal only | Cinegear Amsterdam","description":"INCLUDED IN BOX   1x M\u014dVI Pro  2x M\u014dVI Pro Battery Pack 1.8Ah  2x M\u014dVI Pro Battery Charger  M\u014dVI Pro Adjustable Camera Plate  M\u014dVI Adjustable Top Camera Plate  M\u014dVI Hot Shoe Mount  1x COM to M\u014dVI Controller Receiver Cable  1x M\u014dVI Rod Mount Adapter  2x Bolt \u215c -16 x \u215d\u201d  2x Bolt \u00bc -20 x \u00bd\u201d  2x Bolt \u00bc -20 x \u215c\u201d  1x 2.00mm Hex Driver  1x 2.50mm Hex Driver","robots":{"index":"index","follow":"follow","max-snippet":"max-snippet:-1","max-image-preview":"max-image-preview:large","max-video-preview":"max-video-preview:-1"},"canonical":"https:\/\/cinegear.nl\/tr\/urun\/freefly-movi-pro-gimbal-only\/","og_locale":"tr_TR","og_type":"article","og_title":"Freefly MoVI Pro gimbal only","og_description":"INCLUDED IN BOX   1x M\u014dVI Pro  2x M\u014dVI Pro Battery Pack 1.8Ah  2x M\u014dVI Pro Battery Charger  M\u014dVI Pro Adjustable Camera Plate  M\u014dVI Adjustable Top Camera Plate  M\u014dVI Hot Shoe Mount  1x COM to M\u014dVI Controller Receiver Cable  1x M\u014dVI Rod Mount Adapter  2x Bolt \u215c -16 x \u215d\u201d  2x Bolt \u00bc -20 x \u00bd\u201d  2x Bolt \u00bc -20 x \u215c\u201d  1x 2.00mm Hex Driver  1x 2.50mm Hex Driver","og_url":"https:\/\/cinegear.nl\/tr\/urun\/freefly-movi-pro-gimbal-only\/","og_site_name":"Cinegear Amsterdam","article_modified_time":"2025-09-07T11:14:50+00:00","og_image":[{"width":2000,"height":2000,"url":"https:\/\/cinegear.nl\/wp-content\/uploads\/2019\/11\/15-08-20171502806036950-00057.jpg","type":"image\/jpeg"}],"twitter_card":"summary_large_image","twitter_misc":{"Tahmini okuma s\u00fcresi":"1 dakika"},"schema":{"@context":"https:\/\/schema.org","@graph":[{"@type":"WebPage","@id":"https:\/\/cinegear.nl\/product\/freefly-movi-pro-gimbal-only\/","url":"https:\/\/cinegear.nl\/product\/freefly-movi-pro-gimbal-only\/","name":"Freefly MoVI Pro gimbal only | Cinegear Amsterdam","isPartOf":{"@id":"https:\/\/cinegear.nl\/#website"},"primaryImageOfPage":{"@id":"https:\/\/cinegear.nl\/product\/freefly-movi-pro-gimbal-only\/#primaryimage"},"image":{"@id":"https:\/\/cinegear.nl\/product\/freefly-movi-pro-gimbal-only\/#primaryimage"},"thumbnailUrl":"https:\/\/cinegear.nl\/wp-content\/uploads\/2019\/11\/15-08-20171502806036950-00057.jpg","datePublished":"2019-11-26T12:16:51+00:00","dateModified":"2025-09-07T11:14:50+00:00","description":"INCLUDED IN BOX 1x M\u014dVI Pro 2x M\u014dVI Pro Battery Pack 1.8Ah 2x M\u014dVI Pro Battery Charger M\u014dVI Pro Adjustable Camera Plate M\u014dVI Adjustable Top Camera Plate M\u014dVI Hot Shoe Mount 1x COM to M\u014dVI Controller Receiver Cable 1x M\u014dVI Rod Mount Adapter 2x Bolt \u215c -16 x \u215d\u201d 2x Bolt \u00bc -20 x \u00bd\u201d 2x Bolt \u00bc -20 x \u215c\u201d 1x 2.00mm Hex Driver 1x 2.50mm Hex Driver","breadcrumb":{"@id":"https:\/\/cinegear.nl\/product\/freefly-movi-pro-gimbal-only\/#breadcrumb"},"inLanguage":"tr","potentialAction":[{"@type":"ReadAction","target":["https:\/\/cinegear.nl\/product\/freefly-movi-pro-gimbal-only\/"]}]},{"@type":"ImageObject","inLanguage":"tr","@id":"https:\/\/cinegear.nl\/product\/freefly-movi-pro-gimbal-only\/#primaryimage","url":"https:\/\/cinegear.nl\/wp-content\/uploads\/2019\/11\/15-08-20171502806036950-00057.jpg","contentUrl":"https:\/\/cinegear.nl\/wp-content\/uploads\/2019\/11\/15-08-20171502806036950-00057.jpg","width":2000,"height":2000,"caption":"Freefly MoVI Pro gimbal only"},{"@type":"BreadcrumbList","@id":"https:\/\/cinegear.nl\/product\/freefly-movi-pro-gimbal-only\/#breadcrumb","itemListElement":[{"@type":"ListItem","position":1,"name":"Home","item":"https:\/\/cinegear.nl\/"},{"@type":"ListItem","position":2,"name":"Store","item":"https:\/\/cinegear.nl\/product-category-kine-cameras\/"},{"@type":"ListItem","position":3,"name":"Freefly MoVI Pro gimbal only"}]},{"@type":"WebSite","@id":"https:\/\/cinegear.nl\/#website","url":"https:\/\/cinegear.nl\/","name":"Cinegear Amsterdam","description":"","publisher":{"@id":"https:\/\/cinegear.nl\/#organization"},"potentialAction":[{"@type":"SearchAction","target":{"@type":"EntryPoint","urlTemplate":"https:\/\/cinegear.nl\/?s={search_term_string}"},"query-input":{"@type":"PropertyValueSpecification","valueRequired":true,"valueName":"search_term_string"}}],"inLanguage":"tr"},{"@type":"Organization","@id":"https:\/\/cinegear.nl\/#organization","name":"Cinegear","url":"https:\/\/cinegear.nl\/","logo":{"@type":"ImageObject","inLanguage":"tr","@id":"https:\/\/cinegear.nl\/#\/schema\/logo\/image\/","url":"https:\/\/cinegear.nl\/wp-content\/uploads\/2019\/12\/Transparent_Normal_Logo.jpg","contentUrl":"https:\/\/cinegear.nl\/wp-content\/uploads\/2019\/12\/Transparent_Normal_Logo.jpg","width":858,"height":782,"caption":"Cinegear"},"image":{"@id":"https:\/\/cinegear.nl\/#\/schema\/logo\/image\/"}}]}},"brands":[{"id":9990,"name":"Freefly","slug":"freefly"}],"_links":{"self":[{"href":"https:\/\/cinegear.nl\/tr\/wp-json\/wp\/v2\/product\/4497","targetHints":{"allow":["GET"]}}],"collection":[{"href":"https:\/\/cinegear.nl\/tr\/wp-json\/wp\/v2\/product"}],"about":[{"href":"https:\/\/cinegear.nl\/tr\/wp-json\/wp\/v2\/types\/product"}],"wp:featuredmedia":[{"embeddable":true,"href":"https:\/\/cinegear.nl\/tr\/wp-json\/wp\/v2\/media\/4501"}],"wp:attachment":[{"href":"https:\/\/cinegear.nl\/tr\/wp-json\/wp\/v2\/media?parent=4497"}],"wp:term":[{"taxonomy":"pwb-brand","embeddable":true,"href":"https:\/\/cinegear.nl\/tr\/wp-json\/wp\/v2\/pwb-brand?post=4497"},{"taxonomy":"product_cat","embeddable":true,"href":"https:\/\/cinegear.nl\/tr\/wp-json\/wp\/v2\/product_cat?post=4497"},{"taxonomy":"product_tag","embeddable":true,"href":"https:\/\/cinegear.nl\/tr\/wp-json\/wp\/v2\/product_tag?post=4497"}],"curies":[{"name":"wp","href":"https:\/\/api.w.org\/{rel}","templated":true}]}}