{"id":35422,"date":"2023-05-05T16:05:32","date_gmt":"2023-05-05T14:05:32","guid":{"rendered":"https:\/\/cinegear.nl\/product\/smallrig-3931-ra-r30120-strip-softbox\/"},"modified":"2026-01-14T15:32:34","modified_gmt":"2026-01-14T14:32:34","slug":"smallrig-3931-ra-r30120-strip-softbox","status":"publish","type":"product","link":"https:\/\/cinegear.nl\/tr\/urun\/smallrig-3931-ra-r30120-strip-softbox\/","title":{"rendered":"SmallRig 3931 RA-R30120 Strip Softbox"},"content":{"rendered":"<div>SmallRig 3931 RA-R30120 Strip Softbox<\/div>\n<div>The new generation SmallRig RA-R30120 Strip Softbox with a self-developed quick-release design.<\/div>\n<div>The diffuser, frame and speed ring are combined in an all-in-one design so installing and removing the softbox is easy and done in seconds.<\/div>\n<div>The universal Bowens mount design makes it compatible with SmallRig RC 120D\/RC 120B\/RC 220D\/RC220B and other Bowens Mount Light from other brands.<\/div>\n<div><\/div>\n<div>Also includes a high quality fabric grid to help focus your beam angle up to 45 degrees, giving you maximum control over your lighting.<\/div>\n<div>Using industrial-grade soft material and highly reflective coating. With two fabric diffusers to meet your different needs.<\/div>\n<ul>\n<li>1x softbox<\/li>\n<li>1x Diffuser<\/li>\n<li>1x Internal diffusion<\/li>\n<li>1x External diffusion<\/li>\n<li>1x Carrying case<\/li>\n<li>1x Manual<\/li>\n<\/ul>","protected":false},"excerpt":{"rendered":"<ul>\n<li>Opening Softbox Size: 30\u00d7120cm(11.8\u00d747.2in)<\/li>\n<li>External Diffusion Size: 28\u00d7118cm(11.0\u00d746.5in)<\/li>\n<li>Internal Diffusion Size: 20\u00d787cm(17.9\u00d734.3in)<\/li>\n<li>Honeycomb Grid Size: 28\u00d7118cm(11.0\u00d746.5in)<\/li>\n<li>Product Weight: 1300g\/2.87lbs<\/li>\n<li>Materail: Oxford Cloth+Aluminum Alloy<\/li>\n<\/ul>","protected":false},"featured_media":35421,"template":"","meta":{"_acf_changed":false,"inline_featured_image":false},"pwb-brand":[9945],"product_cat":[428,10727,1074,16],"product_tag":[5612,500],"class_list":{"0":"post-35422","1":"product","2":"type-product","3":"status-publish","4":"has-post-thumbnail","6":"pwb-brand-smallrig","7":"product_cat-lighting-equipment","8":"product_cat-lighting-control","9":"product_cat-softbox","10":"product_cat-all","11":"product_tag-smallrig","12":"product_tag-softbox","13":"product_shipping_class-normal","15":"first","16":"outofstock","17":"taxable","18":"shipping-taxable","19":"purchasable","20":"product-type-simple"},"acf":{"supplier":"","buy_price":"","last_sync":""},"yoast_head":"<!-- This site is optimized with the Yoast SEO Premium plugin v21.8 (Yoast SEO v24.3) - https:\/\/yoast.com\/wordpress\/plugins\/seo\/ -->\n<title>SmallRig 3931 RA-R30120 Strip Softbox | Cinegear Amsterdam<\/title>\n<meta name=\"description\" content=\"Opening Softbox Size: 30\u00d7120cm(11.8\u00d747.2in)  External Diffusion Size: 28\u00d7118cm(11.0\u00d746.5in)  Internal Diffusion Size: 20\u00d787cm(17.9\u00d734.3in)  Honeycomb Grid Size: 28\u00d7118cm(11.0\u00d746.5in)  Product Weight: 1300g\/2.87lbs  Materail: Oxford Cloth+Aluminum Alloy\" \/>\n<meta name=\"robots\" content=\"index, follow, max-snippet:-1, max-image-preview:large, max-video-preview:-1\" \/>\n<link rel=\"canonical\" href=\"https:\/\/cinegear.nl\/tr\/urun\/smallrig-3931-ra-r30120-strip-softbox\/\" \/>\n<meta property=\"og:locale\" content=\"tr_TR\" \/>\n<meta property=\"og:type\" content=\"article\" \/>\n<meta property=\"og:title\" content=\"SmallRig 3931 RA-R30120 Strip Softbox\" \/>\n<meta property=\"og:description\" content=\"Opening Softbox Size: 30\u00d7120cm(11.8\u00d747.2in)  External Diffusion Size: 28\u00d7118cm(11.0\u00d746.5in)  Internal Diffusion Size: 20\u00d787cm(17.9\u00d734.3in)  Honeycomb Grid Size: 28\u00d7118cm(11.0\u00d746.5in)  Product Weight: 1300g\/2.87lbs  Materail: Oxford Cloth+Aluminum Alloy\" \/>\n<meta property=\"og:url\" content=\"https:\/\/cinegear.nl\/tr\/urun\/smallrig-3931-ra-r30120-strip-softbox\/\" \/>\n<meta property=\"og:site_name\" content=\"Cinegear Amsterdam\" \/>\n<meta property=\"article:modified_time\" content=\"2026-01-14T14:32:34+00:00\" \/>\n<meta property=\"og:image\" content=\"https:\/\/cinegear.nl\/wp-content\/uploads\/2023\/05\/D218841_01.jpg\" \/>\n\t<meta property=\"og:image:width\" content=\"1200\" \/>\n\t<meta property=\"og:image:height\" content=\"1200\" \/>\n\t<meta property=\"og:image:type\" content=\"image\/jpeg\" \/>\n<meta name=\"twitter:card\" content=\"summary_large_image\" \/>\n<meta name=\"twitter:label1\" content=\"Tahmini okuma s\u00fcresi\" \/>\n\t<meta name=\"twitter:data1\" content=\"1 dakika\" \/>\n<script type=\"application\/ld+json\" class=\"yoast-schema-graph\">{\"@context\":\"https:\/\/schema.org\",\"@graph\":[{\"@type\":\"WebPage\",\"@id\":\"https:\/\/cinegear.nl\/product\/smallrig-3931-ra-r30120-strip-softbox\/\",\"url\":\"https:\/\/cinegear.nl\/product\/smallrig-3931-ra-r30120-strip-softbox\/\",\"name\":\"SmallRig 3931 RA-R30120 Strip Softbox | Cinegear Amsterdam\",\"isPartOf\":{\"@id\":\"https:\/\/cinegear.nl\/#website\"},\"primaryImageOfPage\":{\"@id\":\"https:\/\/cinegear.nl\/product\/smallrig-3931-ra-r30120-strip-softbox\/#primaryimage\"},\"image\":{\"@id\":\"https:\/\/cinegear.nl\/product\/smallrig-3931-ra-r30120-strip-softbox\/#primaryimage\"},\"thumbnailUrl\":\"https:\/\/cinegear.nl\/wp-content\/uploads\/2023\/05\/D218841_01.jpg\",\"datePublished\":\"2023-05-05T14:05:32+00:00\",\"dateModified\":\"2026-01-14T14:32:34+00:00\",\"description\":\"Opening Softbox Size: 30\u00d7120cm(11.8\u00d747.2in) External Diffusion Size: 28\u00d7118cm(11.0\u00d746.5in) Internal Diffusion Size: 20\u00d787cm(17.9\u00d734.3in) Honeycomb Grid Size: 28\u00d7118cm(11.0\u00d746.5in) Product Weight: 1300g\/2.87lbs Materail: Oxford Cloth+Aluminum Alloy\",\"breadcrumb\":{\"@id\":\"https:\/\/cinegear.nl\/product\/smallrig-3931-ra-r30120-strip-softbox\/#breadcrumb\"},\"inLanguage\":\"tr\",\"potentialAction\":[{\"@type\":\"ReadAction\",\"target\":[\"https:\/\/cinegear.nl\/product\/smallrig-3931-ra-r30120-strip-softbox\/\"]}]},{\"@type\":\"ImageObject\",\"inLanguage\":\"tr\",\"@id\":\"https:\/\/cinegear.nl\/product\/smallrig-3931-ra-r30120-strip-softbox\/#primaryimage\",\"url\":\"https:\/\/cinegear.nl\/wp-content\/uploads\/2023\/05\/D218841_01.jpg\",\"contentUrl\":\"https:\/\/cinegear.nl\/wp-content\/uploads\/2023\/05\/D218841_01.jpg\",\"width\":1200,\"height\":1200},{\"@type\":\"BreadcrumbList\",\"@id\":\"https:\/\/cinegear.nl\/product\/smallrig-3931-ra-r30120-strip-softbox\/#breadcrumb\",\"itemListElement\":[{\"@type\":\"ListItem\",\"position\":1,\"name\":\"Home\",\"item\":\"https:\/\/cinegear.nl\/\"},{\"@type\":\"ListItem\",\"position\":2,\"name\":\"Store\",\"item\":\"https:\/\/cinegear.nl\/product-category-kine-cameras\/\"},{\"@type\":\"ListItem\",\"position\":3,\"name\":\"SmallRig 3931 RA-R30120 Strip Softbox\"}]},{\"@type\":\"WebSite\",\"@id\":\"https:\/\/cinegear.nl\/#website\",\"url\":\"https:\/\/cinegear.nl\/\",\"name\":\"Cinegear Amsterdam\",\"description\":\"\",\"publisher\":{\"@id\":\"https:\/\/cinegear.nl\/#organization\"},\"potentialAction\":[{\"@type\":\"SearchAction\",\"target\":{\"@type\":\"EntryPoint\",\"urlTemplate\":\"https:\/\/cinegear.nl\/?s={search_term_string}\"},\"query-input\":{\"@type\":\"PropertyValueSpecification\",\"valueRequired\":true,\"valueName\":\"search_term_string\"}}],\"inLanguage\":\"tr\"},{\"@type\":\"Organization\",\"@id\":\"https:\/\/cinegear.nl\/#organization\",\"name\":\"Cinegear\",\"url\":\"https:\/\/cinegear.nl\/\",\"logo\":{\"@type\":\"ImageObject\",\"inLanguage\":\"tr\",\"@id\":\"https:\/\/cinegear.nl\/#\/schema\/logo\/image\/\",\"url\":\"https:\/\/cinegear.nl\/wp-content\/uploads\/2019\/12\/Transparent_Normal_Logo.jpg\",\"contentUrl\":\"https:\/\/cinegear.nl\/wp-content\/uploads\/2019\/12\/Transparent_Normal_Logo.jpg\",\"width\":858,\"height\":782,\"caption\":\"Cinegear\"},\"image\":{\"@id\":\"https:\/\/cinegear.nl\/#\/schema\/logo\/image\/\"}}]}<\/script>\n<!-- \/ Yoast SEO Premium plugin. -->","yoast_head_json":{"title":"SmallRig 3931 RA-R30120 Strip Softbox | Cinegear Amsterdam","description":"Opening Softbox Size: 30\u00d7120cm(11.8\u00d747.2in)  External Diffusion Size: 28\u00d7118cm(11.0\u00d746.5in)  Internal Diffusion Size: 20\u00d787cm(17.9\u00d734.3in)  Honeycomb Grid Size: 28\u00d7118cm(11.0\u00d746.5in)  Product Weight: 1300g\/2.87lbs  Materail: Oxford Cloth+Aluminum Alloy","robots":{"index":"index","follow":"follow","max-snippet":"max-snippet:-1","max-image-preview":"max-image-preview:large","max-video-preview":"max-video-preview:-1"},"canonical":"https:\/\/cinegear.nl\/tr\/urun\/smallrig-3931-ra-r30120-strip-softbox\/","og_locale":"tr_TR","og_type":"article","og_title":"SmallRig 3931 RA-R30120 Strip Softbox","og_description":"Opening Softbox Size: 30\u00d7120cm(11.8\u00d747.2in)  External Diffusion Size: 28\u00d7118cm(11.0\u00d746.5in)  Internal Diffusion Size: 20\u00d787cm(17.9\u00d734.3in)  Honeycomb Grid Size: 28\u00d7118cm(11.0\u00d746.5in)  Product Weight: 1300g\/2.87lbs  Materail: Oxford Cloth+Aluminum Alloy","og_url":"https:\/\/cinegear.nl\/tr\/urun\/smallrig-3931-ra-r30120-strip-softbox\/","og_site_name":"Cinegear Amsterdam","article_modified_time":"2026-01-14T14:32:34+00:00","og_image":[{"width":1200,"height":1200,"url":"https:\/\/cinegear.nl\/wp-content\/uploads\/2023\/05\/D218841_01.jpg","type":"image\/jpeg"}],"twitter_card":"summary_large_image","twitter_misc":{"Tahmini okuma s\u00fcresi":"1 dakika"},"schema":{"@context":"https:\/\/schema.org","@graph":[{"@type":"WebPage","@id":"https:\/\/cinegear.nl\/product\/smallrig-3931-ra-r30120-strip-softbox\/","url":"https:\/\/cinegear.nl\/product\/smallrig-3931-ra-r30120-strip-softbox\/","name":"SmallRig 3931 RA-R30120 Strip Softbox | Cinegear Amsterdam","isPartOf":{"@id":"https:\/\/cinegear.nl\/#website"},"primaryImageOfPage":{"@id":"https:\/\/cinegear.nl\/product\/smallrig-3931-ra-r30120-strip-softbox\/#primaryimage"},"image":{"@id":"https:\/\/cinegear.nl\/product\/smallrig-3931-ra-r30120-strip-softbox\/#primaryimage"},"thumbnailUrl":"https:\/\/cinegear.nl\/wp-content\/uploads\/2023\/05\/D218841_01.jpg","datePublished":"2023-05-05T14:05:32+00:00","dateModified":"2026-01-14T14:32:34+00:00","description":"Opening Softbox Size: 30\u00d7120cm(11.8\u00d747.2in) External Diffusion Size: 28\u00d7118cm(11.0\u00d746.5in) Internal Diffusion Size: 20\u00d787cm(17.9\u00d734.3in) Honeycomb Grid Size: 28\u00d7118cm(11.0\u00d746.5in) Product Weight: 1300g\/2.87lbs Materail: Oxford Cloth+Aluminum Alloy","breadcrumb":{"@id":"https:\/\/cinegear.nl\/product\/smallrig-3931-ra-r30120-strip-softbox\/#breadcrumb"},"inLanguage":"tr","potentialAction":[{"@type":"ReadAction","target":["https:\/\/cinegear.nl\/product\/smallrig-3931-ra-r30120-strip-softbox\/"]}]},{"@type":"ImageObject","inLanguage":"tr","@id":"https:\/\/cinegear.nl\/product\/smallrig-3931-ra-r30120-strip-softbox\/#primaryimage","url":"https:\/\/cinegear.nl\/wp-content\/uploads\/2023\/05\/D218841_01.jpg","contentUrl":"https:\/\/cinegear.nl\/wp-content\/uploads\/2023\/05\/D218841_01.jpg","width":1200,"height":1200},{"@type":"BreadcrumbList","@id":"https:\/\/cinegear.nl\/product\/smallrig-3931-ra-r30120-strip-softbox\/#breadcrumb","itemListElement":[{"@type":"ListItem","position":1,"name":"Home","item":"https:\/\/cinegear.nl\/"},{"@type":"ListItem","position":2,"name":"Store","item":"https:\/\/cinegear.nl\/product-category-kine-cameras\/"},{"@type":"ListItem","position":3,"name":"SmallRig 3931 RA-R30120 Strip Softbox"}]},{"@type":"WebSite","@id":"https:\/\/cinegear.nl\/#website","url":"https:\/\/cinegear.nl\/","name":"Cinegear Amsterdam","description":"","publisher":{"@id":"https:\/\/cinegear.nl\/#organization"},"potentialAction":[{"@type":"SearchAction","target":{"@type":"EntryPoint","urlTemplate":"https:\/\/cinegear.nl\/?s={search_term_string}"},"query-input":{"@type":"PropertyValueSpecification","valueRequired":true,"valueName":"search_term_string"}}],"inLanguage":"tr"},{"@type":"Organization","@id":"https:\/\/cinegear.nl\/#organization","name":"Cinegear","url":"https:\/\/cinegear.nl\/","logo":{"@type":"ImageObject","inLanguage":"tr","@id":"https:\/\/cinegear.nl\/#\/schema\/logo\/image\/","url":"https:\/\/cinegear.nl\/wp-content\/uploads\/2019\/12\/Transparent_Normal_Logo.jpg","contentUrl":"https:\/\/cinegear.nl\/wp-content\/uploads\/2019\/12\/Transparent_Normal_Logo.jpg","width":858,"height":782,"caption":"Cinegear"},"image":{"@id":"https:\/\/cinegear.nl\/#\/schema\/logo\/image\/"}}]}},"brands":[{"id":9945,"name":"SmallRig","slug":"smallrig"}],"_links":{"self":[{"href":"https:\/\/cinegear.nl\/tr\/wp-json\/wp\/v2\/product\/35422","targetHints":{"allow":["GET"]}}],"collection":[{"href":"https:\/\/cinegear.nl\/tr\/wp-json\/wp\/v2\/product"}],"about":[{"href":"https:\/\/cinegear.nl\/tr\/wp-json\/wp\/v2\/types\/product"}],"wp:featuredmedia":[{"embeddable":true,"href":"https:\/\/cinegear.nl\/tr\/wp-json\/wp\/v2\/media\/35421"}],"wp:attachment":[{"href":"https:\/\/cinegear.nl\/tr\/wp-json\/wp\/v2\/media?parent=35422"}],"wp:term":[{"taxonomy":"pwb-brand","embeddable":true,"href":"https:\/\/cinegear.nl\/tr\/wp-json\/wp\/v2\/pwb-brand?post=35422"},{"taxonomy":"product_cat","embeddable":true,"href":"https:\/\/cinegear.nl\/tr\/wp-json\/wp\/v2\/product_cat?post=35422"},{"taxonomy":"product_tag","embeddable":true,"href":"https:\/\/cinegear.nl\/tr\/wp-json\/wp\/v2\/product_tag?post=35422"}],"curies":[{"name":"wp","href":"https:\/\/api.w.org\/{rel}","templated":true}]}}