{"id":30314,"date":"2023-03-09T00:36:26","date_gmt":"2023-03-08T23:36:26","guid":{"rendered":"https:\/\/cinegear.nl\/?post_type=product&#038;p=30314"},"modified":"2026-01-22T19:28:55","modified_gmt":"2026-01-22T18:28:55","slug":"dji-osmo-action-diving-accessory-kit","status":"publish","type":"product","link":"https:\/\/cinegear.nl\/tr\/urun\/dji-osmo-action-diving-accessory-kit\/","title":{"rendered":"DJI Osmo Action Diving Accessory Kit"},"content":{"rendered":"","protected":false},"excerpt":{"rendered":"<p><strong>Genel Bak\u0131\u015f<\/strong><br \/>\nIncludes the Osmo Action 3 Waterproof Case, DJI Floating Handle, Osmo Locking Screw, and Anti-Fog Inserts for underwater creation at depths of up to 60 meters,* providing a safer and more flexible underwater shooting experience.<\/p>\n<p>* Before use, close the battery compartment cover and the USB-C port cover, and tighten the Lens Protective Cover. It is recommended to install the Waterproof Case for long-duration underwater shooting or in environments with high water impact pressure. The Osmo Action 3 Waterproof Case has an IP68 waterproof rating. Do not use the camera in hot springs or expose it to corrosive liquids.<\/p>\n<p><strong>In The Box<\/strong><br \/>\nDJI Floating Handle \u00d7 1<br \/>\nOsmo Locking Screw \u00d7 1<br \/>\nOsmo Action 3 Waterproof Case \u00d7 1<br \/>\nAnti-Fog Inserts \u00d7 3<\/p>\n<p><strong>Specifications<\/strong><br \/>\nDJI Floating Handle<br \/>\nDimensions: 49\u00d749\u00d7165 mm (L\u00d7W\u00d7H)<br \/>\nWeight: 82 g<br \/>\nOsmo Locking Screw<br \/>\nDimensions: 55.6\u00d723\u00d713.3 mm (L\u00d7W\u00d7H)<br \/>\nWeight: 11.2 g<br \/>\nOsmo Action 3 Waterproof Case<br \/>\nDimensions: 87.4\u00d742.8\u00d779.4 mm (L\u00d7W\u00d7H)<br \/>\nWeight: 104 g<br \/>\nAnti-Fog Inserts<br \/>\nDimensions: 24\u00d722.5\u00d73.2 mm (L\u00d7W\u00d7H)<br \/>\nWeight: 2 g<\/p>\n<p><strong>Compatibility<\/strong><br \/>\nOsmo Action 3<\/p>","protected":false},"featured_media":30316,"template":"","meta":{"_acf_changed":false,"inline_featured_image":false},"pwb-brand":[9931],"product_cat":[393,10244,10248,14737,14734],"product_tag":[10250,129,79,10262,10256],"class_list":{"0":"post-30314","1":"product","2":"type-product","3":"status-publish","4":"has-post-thumbnail","6":"pwb-brand-dji","7":"product_cat-cameras","8":"product_cat-camera","9":"product_cat-action-cam","10":"product_cat-action-cam-accessories","11":"product_cat-action-cam-mounts","12":"product_tag-action-cam","13":"product_tag-camera","14":"product_tag-dji","15":"product_tag-osmo-action","16":"product_tag-osmo-action-3","18":"first","19":"outofstock","20":"taxable","21":"shipping-taxable","22":"purchasable","23":"product-type-simple"},"acf":{"supplier":"","buy_price":"","last_sync":""},"yoast_head":"<!-- This site is optimized with the Yoast SEO Premium plugin v21.8 (Yoast SEO v24.3) - https:\/\/yoast.com\/wordpress\/plugins\/seo\/ -->\n<title>DJI Osmo Action Diving Accessory Kit | Cinegear Amsterdam<\/title>\n<meta name=\"description\" content=\"Includes the Osmo Action 3 Waterproof Case, DJI Floating Handle, Osmo Locking Screw, and Anti-Fog Inserts for underwater creation at depths\" \/>\n<meta name=\"robots\" content=\"index, follow, max-snippet:-1, max-image-preview:large, max-video-preview:-1\" \/>\n<link rel=\"canonical\" href=\"https:\/\/cinegear.nl\/tr\/urun\/dji-osmo-action-diving-accessory-kit\/\" \/>\n<meta property=\"og:locale\" content=\"tr_TR\" \/>\n<meta property=\"og:type\" content=\"article\" \/>\n<meta property=\"og:title\" content=\"DJI Osmo Action Diving Accessory Kit\" \/>\n<meta property=\"og:description\" content=\"Includes the Osmo Action 3 Waterproof Case, DJI Floating Handle, Osmo Locking Screw, and Anti-Fog Inserts for underwater creation at depths\" \/>\n<meta property=\"og:url\" content=\"https:\/\/cinegear.nl\/tr\/urun\/dji-osmo-action-diving-accessory-kit\/\" \/>\n<meta property=\"og:site_name\" content=\"Cinegear Amsterdam\" \/>\n<meta property=\"article:modified_time\" content=\"2026-01-22T18:28:55+00:00\" \/>\n<meta property=\"og:image\" content=\"https:\/\/cinegear.nl\/wp-content\/uploads\/2023\/03\/CP.OS_.00000248_01.jpg\" \/>\n\t<meta property=\"og:image:width\" content=\"1200\" \/>\n\t<meta property=\"og:image:height\" content=\"1200\" \/>\n\t<meta property=\"og:image:type\" content=\"image\/jpeg\" \/>\n<meta name=\"twitter:card\" content=\"summary_large_image\" \/>\n<meta name=\"twitter:label1\" content=\"Tahmini okuma s\u00fcresi\" \/>\n\t<meta name=\"twitter:data1\" content=\"1 dakika\" \/>\n<script type=\"application\/ld+json\" class=\"yoast-schema-graph\">{\"@context\":\"https:\/\/schema.org\",\"@graph\":[{\"@type\":\"WebPage\",\"@id\":\"https:\/\/cinegear.nl\/product\/dji-osmo-action-diving-accessory-kit\/\",\"url\":\"https:\/\/cinegear.nl\/product\/dji-osmo-action-diving-accessory-kit\/\",\"name\":\"DJI Osmo Action Diving Accessory Kit | Cinegear Amsterdam\",\"isPartOf\":{\"@id\":\"https:\/\/cinegear.nl\/#website\"},\"primaryImageOfPage\":{\"@id\":\"https:\/\/cinegear.nl\/product\/dji-osmo-action-diving-accessory-kit\/#primaryimage\"},\"image\":{\"@id\":\"https:\/\/cinegear.nl\/product\/dji-osmo-action-diving-accessory-kit\/#primaryimage\"},\"thumbnailUrl\":\"https:\/\/cinegear.nl\/wp-content\/uploads\/2023\/03\/CP.OS_.00000248_01.jpg\",\"datePublished\":\"2023-03-08T23:36:26+00:00\",\"dateModified\":\"2026-01-22T18:28:55+00:00\",\"description\":\"Includes the Osmo Action 3 Waterproof Case, DJI Floating Handle, Osmo Locking Screw, and Anti-Fog Inserts for underwater creation at depths\",\"breadcrumb\":{\"@id\":\"https:\/\/cinegear.nl\/product\/dji-osmo-action-diving-accessory-kit\/#breadcrumb\"},\"inLanguage\":\"tr\",\"potentialAction\":[{\"@type\":\"ReadAction\",\"target\":[\"https:\/\/cinegear.nl\/product\/dji-osmo-action-diving-accessory-kit\/\"]}]},{\"@type\":\"ImageObject\",\"inLanguage\":\"tr\",\"@id\":\"https:\/\/cinegear.nl\/product\/dji-osmo-action-diving-accessory-kit\/#primaryimage\",\"url\":\"https:\/\/cinegear.nl\/wp-content\/uploads\/2023\/03\/CP.OS_.00000248_01.jpg\",\"contentUrl\":\"https:\/\/cinegear.nl\/wp-content\/uploads\/2023\/03\/CP.OS_.00000248_01.jpg\",\"width\":1200,\"height\":1200,\"caption\":\"DJI Osmo Action Diving Accessory Kit\"},{\"@type\":\"BreadcrumbList\",\"@id\":\"https:\/\/cinegear.nl\/product\/dji-osmo-action-diving-accessory-kit\/#breadcrumb\",\"itemListElement\":[{\"@type\":\"ListItem\",\"position\":1,\"name\":\"Home\",\"item\":\"https:\/\/cinegear.nl\/\"},{\"@type\":\"ListItem\",\"position\":2,\"name\":\"Store\",\"item\":\"https:\/\/cinegear.nl\/product-category-kine-cameras\/\"},{\"@type\":\"ListItem\",\"position\":3,\"name\":\"DJI Osmo Action Diving Accessory Kit\"}]},{\"@type\":\"WebSite\",\"@id\":\"https:\/\/cinegear.nl\/#website\",\"url\":\"https:\/\/cinegear.nl\/\",\"name\":\"Cinegear Amsterdam\",\"description\":\"\",\"publisher\":{\"@id\":\"https:\/\/cinegear.nl\/#organization\"},\"potentialAction\":[{\"@type\":\"SearchAction\",\"target\":{\"@type\":\"EntryPoint\",\"urlTemplate\":\"https:\/\/cinegear.nl\/?s={search_term_string}\"},\"query-input\":{\"@type\":\"PropertyValueSpecification\",\"valueRequired\":true,\"valueName\":\"search_term_string\"}}],\"inLanguage\":\"tr\"},{\"@type\":\"Organization\",\"@id\":\"https:\/\/cinegear.nl\/#organization\",\"name\":\"Cinegear\",\"url\":\"https:\/\/cinegear.nl\/\",\"logo\":{\"@type\":\"ImageObject\",\"inLanguage\":\"tr\",\"@id\":\"https:\/\/cinegear.nl\/#\/schema\/logo\/image\/\",\"url\":\"https:\/\/cinegear.nl\/wp-content\/uploads\/2019\/12\/Transparent_Normal_Logo.jpg\",\"contentUrl\":\"https:\/\/cinegear.nl\/wp-content\/uploads\/2019\/12\/Transparent_Normal_Logo.jpg\",\"width\":858,\"height\":782,\"caption\":\"Cinegear\"},\"image\":{\"@id\":\"https:\/\/cinegear.nl\/#\/schema\/logo\/image\/\"}}]}<\/script>\n<!-- \/ Yoast SEO Premium plugin. -->","yoast_head_json":{"title":"DJI Osmo Action Diving Accessory Kit | Cinegear Amsterdam","description":"Includes the Osmo Action 3 Waterproof Case, DJI Floating Handle, Osmo Locking Screw, and Anti-Fog Inserts for underwater creation at depths","robots":{"index":"index","follow":"follow","max-snippet":"max-snippet:-1","max-image-preview":"max-image-preview:large","max-video-preview":"max-video-preview:-1"},"canonical":"https:\/\/cinegear.nl\/tr\/urun\/dji-osmo-action-diving-accessory-kit\/","og_locale":"tr_TR","og_type":"article","og_title":"DJI Osmo Action Diving Accessory Kit","og_description":"Includes the Osmo Action 3 Waterproof Case, DJI Floating Handle, Osmo Locking Screw, and Anti-Fog Inserts for underwater creation at depths","og_url":"https:\/\/cinegear.nl\/tr\/urun\/dji-osmo-action-diving-accessory-kit\/","og_site_name":"Cinegear Amsterdam","article_modified_time":"2026-01-22T18:28:55+00:00","og_image":[{"width":1200,"height":1200,"url":"https:\/\/cinegear.nl\/wp-content\/uploads\/2023\/03\/CP.OS_.00000248_01.jpg","type":"image\/jpeg"}],"twitter_card":"summary_large_image","twitter_misc":{"Tahmini okuma s\u00fcresi":"1 dakika"},"schema":{"@context":"https:\/\/schema.org","@graph":[{"@type":"WebPage","@id":"https:\/\/cinegear.nl\/product\/dji-osmo-action-diving-accessory-kit\/","url":"https:\/\/cinegear.nl\/product\/dji-osmo-action-diving-accessory-kit\/","name":"DJI Osmo Action Diving Accessory Kit | Cinegear Amsterdam","isPartOf":{"@id":"https:\/\/cinegear.nl\/#website"},"primaryImageOfPage":{"@id":"https:\/\/cinegear.nl\/product\/dji-osmo-action-diving-accessory-kit\/#primaryimage"},"image":{"@id":"https:\/\/cinegear.nl\/product\/dji-osmo-action-diving-accessory-kit\/#primaryimage"},"thumbnailUrl":"https:\/\/cinegear.nl\/wp-content\/uploads\/2023\/03\/CP.OS_.00000248_01.jpg","datePublished":"2023-03-08T23:36:26+00:00","dateModified":"2026-01-22T18:28:55+00:00","description":"Includes the Osmo Action 3 Waterproof Case, DJI Floating Handle, Osmo Locking Screw, and Anti-Fog Inserts for underwater creation at depths","breadcrumb":{"@id":"https:\/\/cinegear.nl\/product\/dji-osmo-action-diving-accessory-kit\/#breadcrumb"},"inLanguage":"tr","potentialAction":[{"@type":"ReadAction","target":["https:\/\/cinegear.nl\/product\/dji-osmo-action-diving-accessory-kit\/"]}]},{"@type":"ImageObject","inLanguage":"tr","@id":"https:\/\/cinegear.nl\/product\/dji-osmo-action-diving-accessory-kit\/#primaryimage","url":"https:\/\/cinegear.nl\/wp-content\/uploads\/2023\/03\/CP.OS_.00000248_01.jpg","contentUrl":"https:\/\/cinegear.nl\/wp-content\/uploads\/2023\/03\/CP.OS_.00000248_01.jpg","width":1200,"height":1200,"caption":"DJI Osmo Action Diving Accessory Kit"},{"@type":"BreadcrumbList","@id":"https:\/\/cinegear.nl\/product\/dji-osmo-action-diving-accessory-kit\/#breadcrumb","itemListElement":[{"@type":"ListItem","position":1,"name":"Home","item":"https:\/\/cinegear.nl\/"},{"@type":"ListItem","position":2,"name":"Store","item":"https:\/\/cinegear.nl\/product-category-kine-cameras\/"},{"@type":"ListItem","position":3,"name":"DJI Osmo Action Diving Accessory Kit"}]},{"@type":"WebSite","@id":"https:\/\/cinegear.nl\/#website","url":"https:\/\/cinegear.nl\/","name":"Cinegear Amsterdam","description":"","publisher":{"@id":"https:\/\/cinegear.nl\/#organization"},"potentialAction":[{"@type":"SearchAction","target":{"@type":"EntryPoint","urlTemplate":"https:\/\/cinegear.nl\/?s={search_term_string}"},"query-input":{"@type":"PropertyValueSpecification","valueRequired":true,"valueName":"search_term_string"}}],"inLanguage":"tr"},{"@type":"Organization","@id":"https:\/\/cinegear.nl\/#organization","name":"Cinegear","url":"https:\/\/cinegear.nl\/","logo":{"@type":"ImageObject","inLanguage":"tr","@id":"https:\/\/cinegear.nl\/#\/schema\/logo\/image\/","url":"https:\/\/cinegear.nl\/wp-content\/uploads\/2019\/12\/Transparent_Normal_Logo.jpg","contentUrl":"https:\/\/cinegear.nl\/wp-content\/uploads\/2019\/12\/Transparent_Normal_Logo.jpg","width":858,"height":782,"caption":"Cinegear"},"image":{"@id":"https:\/\/cinegear.nl\/#\/schema\/logo\/image\/"}}]}},"brands":[{"id":9931,"name":"DJI","slug":"dji"}],"_links":{"self":[{"href":"https:\/\/cinegear.nl\/tr\/wp-json\/wp\/v2\/product\/30314","targetHints":{"allow":["GET"]}}],"collection":[{"href":"https:\/\/cinegear.nl\/tr\/wp-json\/wp\/v2\/product"}],"about":[{"href":"https:\/\/cinegear.nl\/tr\/wp-json\/wp\/v2\/types\/product"}],"wp:featuredmedia":[{"embeddable":true,"href":"https:\/\/cinegear.nl\/tr\/wp-json\/wp\/v2\/media\/30316"}],"wp:attachment":[{"href":"https:\/\/cinegear.nl\/tr\/wp-json\/wp\/v2\/media?parent=30314"}],"wp:term":[{"taxonomy":"pwb-brand","embeddable":true,"href":"https:\/\/cinegear.nl\/tr\/wp-json\/wp\/v2\/pwb-brand?post=30314"},{"taxonomy":"product_cat","embeddable":true,"href":"https:\/\/cinegear.nl\/tr\/wp-json\/wp\/v2\/product_cat?post=30314"},{"taxonomy":"product_tag","embeddable":true,"href":"https:\/\/cinegear.nl\/tr\/wp-json\/wp\/v2\/product_tag?post=30314"}],"curies":[{"name":"wp","href":"https:\/\/api.w.org\/{rel}","templated":true}]}}