{"id":118217,"date":"2025-11-29T19:01:36","date_gmt":"2025-11-29T18:01:36","guid":{"rendered":"https:\/\/cinegear.nl\/?post_type=product&#038;p=118217"},"modified":"2026-01-20T14:43:52","modified_gmt":"2026-01-20T13:43:52","slug":"dji-neo-2-propeller-guard","status":"publish","type":"product","link":"https:\/\/cinegear.nl\/tr\/urun\/dji-neo-2-propeller-guard\/","title":{"rendered":"DJI Neo 2 Propeller Guard"},"content":{"rendered":"<div class=\"row\"  id=\"row-851574992\">\n\n\t<div id=\"col-648901032\" class=\"col medium-2 small-12 large-2\"  >\n\t\t\t\t<div class=\"col-inner\"  >\n\t\t\t\n\t\t\t\n\t<div id=\"text-2866233839\" class=\"text\">\n\t\t\n<h3><strong>Genel Bak\u0131\u015f<\/strong><\/h3>\n\t\t\n<style>\n#text-2866233839 {\n  font-size: 1.2rem;\n}\n@media (min-width:550px) {\n  #text-2866233839 {\n    font-size: 1rem;\n  }\n}\n<\/style>\n\t<\/div>\n\t\n\t\t<\/div>\n\t\t\t\t\n<style>\n#col-648901032 > .col-inner {\n  padding: 0px 0px 0px 0px;\n  margin: 0px 0px -20px 0px;\n}\n@media (min-width:550px) {\n  #col-648901032 > .col-inner {\n    padding: 0px 0px 0px 0px;\n    margin: 0px 0px 0px 0px;\n  }\n}\n<\/style>\n\t<\/div>\n\n\t\n\n\t<div id=\"col-1584021456\" class=\"col medium-10 small-12 large-10\"  >\n\t\t\t\t<div class=\"col-inner\"  >\n\t\t\t\n\t\t\t\n\t<div id=\"text-4141883941\" class=\"text\">\n\t\t\n<p>The propeller guards clip onto the propellers, enclosing them to prevent contact with external objects, providing comprehensive safety during flight.<\/p>\n\t\t\n<style>\n#text-4141883941 {\n  font-size: 0.9rem;\n}\n@media (min-width:550px) {\n  #text-4141883941 {\n    font-size: 1rem;\n  }\n}\n<\/style>\n\t<\/div>\n\t\n\t\t<\/div>\n\t\t\t\t\n<style>\n#col-1584021456 > .col-inner {\n  padding: 0px 0px 0px 0px;\n  margin: 0px 0px -30px 0px;\n}\n@media (min-width:550px) {\n  #col-1584021456 > .col-inner {\n    padding: 0px 0px 0px 0px;\n    margin: 0px 0px 0px 0px;\n  }\n}\n<\/style>\n\t<\/div>\n\n\t\n\n<style>\n#row-851574992 > .col > .col-inner {\n  padding: 0px 0px 0px 0px;\n}\n@media (min-width:550px) {\n  #row-851574992 > .col > .col-inner {\n    padding: 0px 0px 10px 0px;\n  }\n}\n<\/style>\n<\/div>\n<div class=\"is-divider divider clearfix\" style=\"max-width:1600px;height:2px;\"><\/div>\n<div class=\"row\"  id=\"row-2043348832\">\n\n\t<div id=\"col-553092621\" class=\"col medium-2 small-12 large-2\"  >\n\t\t\t\t<div class=\"col-inner\"  >\n\t\t\t\n\t\t\t\n\t<div id=\"text-1702657062\" class=\"text\">\n\t\t\n<h3><strong>Tips<\/strong><\/h3>\n\t\t\n<style>\n#text-1702657062 {\n  font-size: 1.2rem;\n}\n@media (min-width:550px) {\n  #text-1702657062 {\n    font-size: 1rem;\n  }\n}\n<\/style>\n\t<\/div>\n\t\n\t\t<\/div>\n\t\t\t\t\n<style>\n#col-553092621 > .col-inner {\n  padding: 0px 0px 0px 0px;\n  margin: 7px 0px -20px 0px;\n}\n@media (min-width:550px) {\n  #col-553092621 > .col-inner {\n    padding: 0px 0px 0px 0px;\n    margin: 0px 0px 0px 0px;\n  }\n}\n<\/style>\n\t<\/div>\n\n\t\n\n\t<div id=\"col-39682035\" class=\"col medium-10 small-12 large-10\"  >\n\t\t\t\t<div class=\"col-inner\"  >\n\t\t\t\n\t\t\t\n\t<div id=\"text-3193433823\" class=\"text\">\n\t\t\n<p>Refer to the user manual for proper installation and removal of the propeller guards. Avoid forceful disassembly.<\/p>\n\t\t\n<style>\n#text-3193433823 {\n  font-size: 0.9rem;\n}\n@media (min-width:550px) {\n  #text-3193433823 {\n    font-size: 1rem;\n  }\n}\n<\/style>\n\t<\/div>\n\t\n\t\t<\/div>\n\t\t\t\t\n<style>\n#col-39682035 > .col-inner {\n  padding: 0px 0px 0px 0px;\n  margin: 0px 0px -30px 0px;\n}\n@media (min-width:550px) {\n  #col-39682035 > .col-inner {\n    padding: 0px 0px 0px 0px;\n    margin: 0px 0px 0px 0px;\n  }\n}\n<\/style>\n\t<\/div>\n\n\t\n\n<style>\n#row-2043348832 > .col > .col-inner {\n  padding: 0px 0px 0px 0px;\n}\n@media (min-width:550px) {\n  #row-2043348832 > .col > .col-inner {\n    padding: 30px 0px 10px 0px;\n  }\n}\n<\/style>\n<\/div>\n<div class=\"is-divider divider clearfix\" style=\"max-width:1600px;height:2px;\"><\/div>\n<div class=\"row\"  id=\"row-1271140300\">\n\n\t<div id=\"col-1962056515\" class=\"col medium-2 small-12 large-2\"  >\n\t\t\t\t<div class=\"col-inner\"  >\n\t\t\t\n\t\t\t\n\t<div id=\"text-628940057\" class=\"text\">\n\t\t\n<h3><strong>Included<br \/>\n<\/strong><\/h3>\n\t\t\n<style>\n#text-628940057 {\n  font-size: 1.2rem;\n}\n@media (min-width:550px) {\n  #text-628940057 {\n    font-size: 1rem;\n  }\n}\n<\/style>\n\t<\/div>\n\t\n\t\t<\/div>\n\t\t\t\t\n<style>\n#col-1962056515 > .col-inner {\n  padding: 0px 0px 0px 0px;\n  margin: 7px 0px -20px 0px;\n}\n@media (min-width:550px) {\n  #col-1962056515 > .col-inner {\n    padding: 0px 0px 0px 0px;\n    margin: 0px 0px 0px 0px;\n  }\n}\n<\/style>\n\t<\/div>\n\n\t\n\n\t<div id=\"col-578774086\" class=\"col medium-10 small-12 large-10\"  >\n\t\t\t\t<div class=\"col-inner\"  >\n\t\t\t\n\t\t\t\n\t<div id=\"text-81632286\" class=\"text\">\n\t\t\n<p>DJI Neo 2 Propeller Guard (Pair) \u00d7 1<\/p>\n\t\t\n<style>\n#text-81632286 {\n  font-size: 0.9rem;\n}\n@media (min-width:550px) {\n  #text-81632286 {\n    font-size: 1rem;\n  }\n}\n<\/style>\n\t<\/div>\n\t\n\t\t<\/div>\n\t\t\t\t\n<style>\n#col-578774086 > .col-inner {\n  padding: 0px 0px 0px 0px;\n  margin: 0px 0px -30px 0px;\n}\n@media (min-width:550px) {\n  #col-578774086 > .col-inner {\n    padding: 0px 0px 0px 0px;\n    margin: 0px 0px 0px 0px;\n  }\n}\n<\/style>\n\t<\/div>\n\n\t\n\n<style>\n#row-1271140300 > .col > .col-inner {\n  padding: 0px 0px 0px 0px;\n}\n@media (min-width:550px) {\n  #row-1271140300 > .col > .col-inner {\n    padding: 30px 0px 10px 0px;\n  }\n}\n<\/style>\n<\/div>\n<div class=\"is-divider divider clearfix\" style=\"max-width:1600px;height:2px;\"><\/div>\n<div class=\"row\"  id=\"row-867379424\">\n\n\t<div id=\"col-62948265\" class=\"col medium-2 small-12 large-2\"  >\n\t\t\t\t<div class=\"col-inner\"  >\n\t\t\t\n\t\t\t\n\t<div id=\"text-4001430108\" class=\"text\">\n\t\t\n<h3><strong>Specifications<\/strong><\/h3>\n\t\t\n<style>\n#text-4001430108 {\n  font-size: 1.2rem;\n}\n@media (min-width:550px) {\n  #text-4001430108 {\n    font-size: 1rem;\n  }\n}\n<\/style>\n\t<\/div>\n\t\n\t\t<\/div>\n\t\t\t\t\n<style>\n#col-62948265 > .col-inner {\n  padding: 0px 0px 0px 0px;\n  margin: 7px 0px -20px 0px;\n}\n@media (min-width:550px) {\n  #col-62948265 > .col-inner {\n    padding: 0px 0px 0px 0px;\n    margin: 0px 0px 0px 0px;\n  }\n}\n<\/style>\n\t<\/div>\n\n\t\n\n\t<div id=\"col-2125625168\" class=\"col medium-10 small-12 large-10\"  >\n\t\t\t\t<div class=\"col-inner\"  >\n\t\t\t\n\t\t\t\n\t<div id=\"text-3067081328\" class=\"text\">\n\t\t\n<p>Dimensions: 147\u00d765.2\u00d716.8 mm (L\u00d7W\u00d7H)<\/p>\n<p>Weight (single): Approx. 4.2 g<\/p>\n\t\t\n<style>\n#text-3067081328 {\n  font-size: 0.9rem;\n}\n@media (min-width:550px) {\n  #text-3067081328 {\n    font-size: 1rem;\n  }\n}\n<\/style>\n\t<\/div>\n\t\n\t\t<\/div>\n\t\t\t\t\n<style>\n#col-2125625168 > .col-inner {\n  padding: 0px 0px 0px 0px;\n  margin: 0px 0px 0px 0px;\n}\n<\/style>\n\t<\/div>\n\n\t\n\n<style>\n#row-867379424 > .col > .col-inner {\n  padding: 0px 0px 0px 0px;\n}\n@media (min-width:550px) {\n  #row-867379424 > .col > .col-inner {\n    padding: 30px 0px 10px 0px;\n  }\n}\n<\/style>\n<\/div>","protected":false},"excerpt":{"rendered":"<p>Enclosing the propellers prevents contact with external objects and enhances flight safety.<\/p>","protected":false},"featured_media":118433,"template":"","meta":{"_acf_changed":false,"inline_featured_image":false},"pwb-brand":[9931],"product_cat":[14936],"product_tag":[],"class_list":{"0":"post-118217","1":"product","2":"type-product","3":"status-publish","4":"has-post-thumbnail","6":"pwb-brand-dji","7":"product_cat-drone-replacement-parts","9":"first","10":"delivery_unknown","11":"taxable","12":"shipping-taxable","13":"purchasable","14":"product-type-simple"},"acf":{"supplier":"EuropePV","buy_price":"6.05","last_sync":"2026-01-20"},"yoast_head":"<!-- This site is optimized with the Yoast SEO Premium plugin v21.8 (Yoast SEO v24.3) - https:\/\/yoast.com\/wordpress\/plugins\/seo\/ -->\n<title>DJI Neo 2 Propeller Guard | Cinegear Amsterdam<\/title>\n<meta name=\"description\" content=\"Enclosing the propellers prevents contact with external objects and enhances flight safety.\" \/>\n<meta name=\"robots\" content=\"index, follow, max-snippet:-1, max-image-preview:large, max-video-preview:-1\" \/>\n<link rel=\"canonical\" href=\"https:\/\/cinegear.nl\/tr\/urun\/dji-neo-2-propeller-guard\/\" \/>\n<meta property=\"og:locale\" content=\"tr_TR\" \/>\n<meta property=\"og:type\" content=\"article\" \/>\n<meta property=\"og:title\" content=\"DJI Neo 2 Propeller Guard\" \/>\n<meta property=\"og:description\" content=\"Enclosing the propellers prevents contact with external objects and enhances flight safety.\" \/>\n<meta property=\"og:url\" content=\"https:\/\/cinegear.nl\/tr\/urun\/dji-neo-2-propeller-guard\/\" \/>\n<meta property=\"og:site_name\" content=\"Cinegear Amsterdam\" \/>\n<meta property=\"article:modified_time\" content=\"2026-01-20T13:43:52+00:00\" \/>\n<meta property=\"og:image\" content=\"https:\/\/cinegear.nl\/wp-content\/uploads\/2025\/11\/DJI-Neo-2-Propeller-Guard-scaled.jpg\" \/>\n\t<meta property=\"og:image:width\" content=\"2560\" \/>\n\t<meta property=\"og:image:height\" content=\"2560\" \/>\n\t<meta property=\"og:image:type\" content=\"image\/jpeg\" \/>\n<meta name=\"twitter:card\" content=\"summary_large_image\" \/>\n<meta name=\"twitter:label1\" content=\"Tahmini okuma s\u00fcresi\" \/>\n\t<meta name=\"twitter:data1\" content=\"2 dakika\" \/>\n<script type=\"application\/ld+json\" class=\"yoast-schema-graph\">{\"@context\":\"https:\/\/schema.org\",\"@graph\":[{\"@type\":\"WebPage\",\"@id\":\"https:\/\/cinegear.nl\/product\/dji-neo-2-propeller-guard\/\",\"url\":\"https:\/\/cinegear.nl\/product\/dji-neo-2-propeller-guard\/\",\"name\":\"DJI Neo 2 Propeller Guard | Cinegear Amsterdam\",\"isPartOf\":{\"@id\":\"https:\/\/cinegear.nl\/#website\"},\"primaryImageOfPage\":{\"@id\":\"https:\/\/cinegear.nl\/product\/dji-neo-2-propeller-guard\/#primaryimage\"},\"image\":{\"@id\":\"https:\/\/cinegear.nl\/product\/dji-neo-2-propeller-guard\/#primaryimage\"},\"thumbnailUrl\":\"https:\/\/cinegear.nl\/wp-content\/uploads\/2025\/11\/DJI-Neo-2-Propeller-Guard-scaled.jpg\",\"datePublished\":\"2025-11-29T18:01:36+00:00\",\"dateModified\":\"2026-01-20T13:43:52+00:00\",\"description\":\"Enclosing the propellers prevents contact with external objects and enhances flight safety.\",\"breadcrumb\":{\"@id\":\"https:\/\/cinegear.nl\/product\/dji-neo-2-propeller-guard\/#breadcrumb\"},\"inLanguage\":\"tr\",\"potentialAction\":[{\"@type\":\"ReadAction\",\"target\":[\"https:\/\/cinegear.nl\/product\/dji-neo-2-propeller-guard\/\"]}]},{\"@type\":\"ImageObject\",\"inLanguage\":\"tr\",\"@id\":\"https:\/\/cinegear.nl\/product\/dji-neo-2-propeller-guard\/#primaryimage\",\"url\":\"https:\/\/cinegear.nl\/wp-content\/uploads\/2025\/11\/DJI-Neo-2-Propeller-Guard-scaled.jpg\",\"contentUrl\":\"https:\/\/cinegear.nl\/wp-content\/uploads\/2025\/11\/DJI-Neo-2-Propeller-Guard-scaled.jpg\",\"width\":2560,\"height\":2560},{\"@type\":\"BreadcrumbList\",\"@id\":\"https:\/\/cinegear.nl\/product\/dji-neo-2-propeller-guard\/#breadcrumb\",\"itemListElement\":[{\"@type\":\"ListItem\",\"position\":1,\"name\":\"Home\",\"item\":\"https:\/\/cinegear.nl\/\"},{\"@type\":\"ListItem\",\"position\":2,\"name\":\"Store\",\"item\":\"https:\/\/cinegear.nl\/product-category-kine-cameras\/\"},{\"@type\":\"ListItem\",\"position\":3,\"name\":\"DJI Neo 2 Propeller Guard\"}]},{\"@type\":\"WebSite\",\"@id\":\"https:\/\/cinegear.nl\/#website\",\"url\":\"https:\/\/cinegear.nl\/\",\"name\":\"Cinegear Amsterdam\",\"description\":\"\",\"publisher\":{\"@id\":\"https:\/\/cinegear.nl\/#organization\"},\"potentialAction\":[{\"@type\":\"SearchAction\",\"target\":{\"@type\":\"EntryPoint\",\"urlTemplate\":\"https:\/\/cinegear.nl\/?s={search_term_string}\"},\"query-input\":{\"@type\":\"PropertyValueSpecification\",\"valueRequired\":true,\"valueName\":\"search_term_string\"}}],\"inLanguage\":\"tr\"},{\"@type\":\"Organization\",\"@id\":\"https:\/\/cinegear.nl\/#organization\",\"name\":\"Cinegear\",\"url\":\"https:\/\/cinegear.nl\/\",\"logo\":{\"@type\":\"ImageObject\",\"inLanguage\":\"tr\",\"@id\":\"https:\/\/cinegear.nl\/#\/schema\/logo\/image\/\",\"url\":\"https:\/\/cinegear.nl\/wp-content\/uploads\/2019\/12\/Transparent_Normal_Logo.jpg\",\"contentUrl\":\"https:\/\/cinegear.nl\/wp-content\/uploads\/2019\/12\/Transparent_Normal_Logo.jpg\",\"width\":858,\"height\":782,\"caption\":\"Cinegear\"},\"image\":{\"@id\":\"https:\/\/cinegear.nl\/#\/schema\/logo\/image\/\"}}]}<\/script>\n<!-- \/ Yoast SEO Premium plugin. -->","yoast_head_json":{"title":"DJI Neo 2 Propeller Guard | Cinegear Amsterdam","description":"Enclosing the propellers prevents contact with external objects and enhances flight safety.","robots":{"index":"index","follow":"follow","max-snippet":"max-snippet:-1","max-image-preview":"max-image-preview:large","max-video-preview":"max-video-preview:-1"},"canonical":"https:\/\/cinegear.nl\/tr\/urun\/dji-neo-2-propeller-guard\/","og_locale":"tr_TR","og_type":"article","og_title":"DJI Neo 2 Propeller Guard","og_description":"Enclosing the propellers prevents contact with external objects and enhances flight safety.","og_url":"https:\/\/cinegear.nl\/tr\/urun\/dji-neo-2-propeller-guard\/","og_site_name":"Cinegear Amsterdam","article_modified_time":"2026-01-20T13:43:52+00:00","og_image":[{"width":2560,"height":2560,"url":"https:\/\/cinegear.nl\/wp-content\/uploads\/2025\/11\/DJI-Neo-2-Propeller-Guard-scaled.jpg","type":"image\/jpeg"}],"twitter_card":"summary_large_image","twitter_misc":{"Tahmini okuma s\u00fcresi":"2 dakika"},"schema":{"@context":"https:\/\/schema.org","@graph":[{"@type":"WebPage","@id":"https:\/\/cinegear.nl\/product\/dji-neo-2-propeller-guard\/","url":"https:\/\/cinegear.nl\/product\/dji-neo-2-propeller-guard\/","name":"DJI Neo 2 Propeller Guard | Cinegear Amsterdam","isPartOf":{"@id":"https:\/\/cinegear.nl\/#website"},"primaryImageOfPage":{"@id":"https:\/\/cinegear.nl\/product\/dji-neo-2-propeller-guard\/#primaryimage"},"image":{"@id":"https:\/\/cinegear.nl\/product\/dji-neo-2-propeller-guard\/#primaryimage"},"thumbnailUrl":"https:\/\/cinegear.nl\/wp-content\/uploads\/2025\/11\/DJI-Neo-2-Propeller-Guard-scaled.jpg","datePublished":"2025-11-29T18:01:36+00:00","dateModified":"2026-01-20T13:43:52+00:00","description":"Enclosing the propellers prevents contact with external objects and enhances flight safety.","breadcrumb":{"@id":"https:\/\/cinegear.nl\/product\/dji-neo-2-propeller-guard\/#breadcrumb"},"inLanguage":"tr","potentialAction":[{"@type":"ReadAction","target":["https:\/\/cinegear.nl\/product\/dji-neo-2-propeller-guard\/"]}]},{"@type":"ImageObject","inLanguage":"tr","@id":"https:\/\/cinegear.nl\/product\/dji-neo-2-propeller-guard\/#primaryimage","url":"https:\/\/cinegear.nl\/wp-content\/uploads\/2025\/11\/DJI-Neo-2-Propeller-Guard-scaled.jpg","contentUrl":"https:\/\/cinegear.nl\/wp-content\/uploads\/2025\/11\/DJI-Neo-2-Propeller-Guard-scaled.jpg","width":2560,"height":2560},{"@type":"BreadcrumbList","@id":"https:\/\/cinegear.nl\/product\/dji-neo-2-propeller-guard\/#breadcrumb","itemListElement":[{"@type":"ListItem","position":1,"name":"Home","item":"https:\/\/cinegear.nl\/"},{"@type":"ListItem","position":2,"name":"Store","item":"https:\/\/cinegear.nl\/product-category-kine-cameras\/"},{"@type":"ListItem","position":3,"name":"DJI Neo 2 Propeller Guard"}]},{"@type":"WebSite","@id":"https:\/\/cinegear.nl\/#website","url":"https:\/\/cinegear.nl\/","name":"Cinegear Amsterdam","description":"","publisher":{"@id":"https:\/\/cinegear.nl\/#organization"},"potentialAction":[{"@type":"SearchAction","target":{"@type":"EntryPoint","urlTemplate":"https:\/\/cinegear.nl\/?s={search_term_string}"},"query-input":{"@type":"PropertyValueSpecification","valueRequired":true,"valueName":"search_term_string"}}],"inLanguage":"tr"},{"@type":"Organization","@id":"https:\/\/cinegear.nl\/#organization","name":"Cinegear","url":"https:\/\/cinegear.nl\/","logo":{"@type":"ImageObject","inLanguage":"tr","@id":"https:\/\/cinegear.nl\/#\/schema\/logo\/image\/","url":"https:\/\/cinegear.nl\/wp-content\/uploads\/2019\/12\/Transparent_Normal_Logo.jpg","contentUrl":"https:\/\/cinegear.nl\/wp-content\/uploads\/2019\/12\/Transparent_Normal_Logo.jpg","width":858,"height":782,"caption":"Cinegear"},"image":{"@id":"https:\/\/cinegear.nl\/#\/schema\/logo\/image\/"}}]}},"brands":[{"id":9931,"name":"DJI","slug":"dji"}],"_links":{"self":[{"href":"https:\/\/cinegear.nl\/tr\/wp-json\/wp\/v2\/product\/118217","targetHints":{"allow":["GET"]}}],"collection":[{"href":"https:\/\/cinegear.nl\/tr\/wp-json\/wp\/v2\/product"}],"about":[{"href":"https:\/\/cinegear.nl\/tr\/wp-json\/wp\/v2\/types\/product"}],"wp:featuredmedia":[{"embeddable":true,"href":"https:\/\/cinegear.nl\/tr\/wp-json\/wp\/v2\/media\/118433"}],"wp:attachment":[{"href":"https:\/\/cinegear.nl\/tr\/wp-json\/wp\/v2\/media?parent=118217"}],"wp:term":[{"taxonomy":"pwb-brand","embeddable":true,"href":"https:\/\/cinegear.nl\/tr\/wp-json\/wp\/v2\/pwb-brand?post=118217"},{"taxonomy":"product_cat","embeddable":true,"href":"https:\/\/cinegear.nl\/tr\/wp-json\/wp\/v2\/product_cat?post=118217"},{"taxonomy":"product_tag","embeddable":true,"href":"https:\/\/cinegear.nl\/tr\/wp-json\/wp\/v2\/product_tag?post=118217"}],"curies":[{"name":"wp","href":"https:\/\/api.w.org\/{rel}","templated":true}]}}