{"id":4512,"date":"2019-11-26T13:46:46","date_gmt":"2019-11-26T12:46:46","guid":{"rendered":"https:\/\/cinegear.nl\/?post_type=product&#038;p=4512"},"modified":"2025-09-07T13:15:03","modified_gmt":"2025-09-07T11:15:03","slug":"freefly-movi-pro-handheld-bundle-travel-case","status":"publish","type":"product","link":"https:\/\/cinegear.nl\/nl\/product\/freefly-movi-pro-handheld-bundle-travel-case\/","title":{"rendered":"Freefly Movi pro Handheld bundle + travel case"},"content":{"rendered":"<p>Freefly 950-00078 MoVI Pro Handheld Bundle + Travel Case &#8211; See Included For Content (p\/n 95000078). M\u014dVI Pro is the most advanced camera movement system ever created. \u00a0It offers industry leading performance, flexibility, and ease of use. \u00a0M\u014dVI Pro is a lightweight, portable system that allows users to create world class production quality video content quickly and easily.<br \/>\nThis bundle includes the M\u014dVI Pro, M\u014dVI Ring Pro, MIMIC controller, and Bush Pilot all packed in the Handheld Case and is designed to get professional filmmakers up and shooting with the M\u014dVI Pro.<\/p>","protected":false},"excerpt":{"rendered":"<div class=\"uk-width-1-1 uk-width-medium-4-10 uk-width-large-2-10 uk-text-bold uk-margin-bottom uk-text-uppercase\"><strong>INCLUDED IN BOX<\/strong><\/div>\n<div class=\"uk-width-1-1 uk-width-medium-6-10 uk-width-large-8-10 uk-margin-bottom editable\" data-ptype=\"included\">\n<ul>\n<li>1x M\u014dVI Pro<\/li>\n<li>1x M\u014dVI Ring Pro<\/li>\n<li>1x MIMIC with Handlebars<\/li>\n<li>1x Bush Pilot Lens Control Knob<\/li>\n<li>1x M\u014dVI Pro Travel Case<\/li>\n<li>2x\u00a0M\u014dVI Pro Battery Pack 1.8Ah<\/li>\n<li>2x\u00a0M\u014dVI Pro Battery Charger<\/li>\n<li>1x M\u014dVI Pro Adjustable Camera Plate<\/li>\n<li>1x M\u014dVI Adjustable Top Camera Plate<\/li>\n<li>1x M\u014dVI Hot Shoe Mount<\/li>\n<li>1x COM to M\u014dVI Controller Receiver Cable<\/li>\n<li>1x M\u014dVI Rod Mount Adapter<\/li>\n<li>2x Bolt \u215c -16 x \u215d\u201d<\/li>\n<li>2x Bolt \u00bc -20 x \u00bd\u201d<\/li>\n<li>2x Bolt \u00bc -20 x \u215c\u201d<\/li>\n<li>1x 2.00mm Hex Driver<\/li>\n<li>1x 2.50mm Hex Driver<\/li>\n<\/ul>\n<\/div>","protected":false},"featured_media":4515,"template":"","meta":{"_acf_changed":false,"inline_featured_image":false},"pwb-brand":[9990],"product_cat":[393,395,398,15346,16],"product_tag":[304,200,303,302,319],"class_list":{"0":"post-4512","1":"product","2":"type-product","3":"status-publish","4":"has-post-thumbnail","6":"pwb-brand-freefly","7":"product_cat-cameras","8":"product_cat-camera-support-cameras","9":"product_cat-gimbals","10":"product_cat-gimbals-gimbals","11":"product_cat-all","12":"product_tag-bundle","13":"product_tag-case","14":"product_tag-handheld","15":"product_tag-movi","16":"product_tag-travel","17":"product_shipping_class-normal","19":"first","20":"onbackorder","21":"taxable","22":"shipping-taxable","23":"purchasable","24":"product-type-simple"},"acf":{"supplier":"","buy_price":"","last_sync":""},"yoast_head":"<!-- This site is optimized with the Yoast SEO Premium plugin v21.8 (Yoast SEO v24.3) - https:\/\/yoast.com\/wordpress\/plugins\/seo\/ -->\n<title>Freefly Movi pro Handheld bundle | Cinegear Amsterdam<\/title>\n<meta name=\"description\" content=\"INCLUDED IN BOX    1x M\u014dVI Pro  1x M\u014dVI Ring Pro  1x MIMIC with Handlebars  1x Bush Pilot Lens Control Knob  1x M\u014dVI Pro Travel Case  2x\u00a0M\u014dVI Pro Battery Pack 1.8Ah  2x\u00a0M\u014dVI Pro Battery Charger  1x M\u014dVI Pro Adjustable Camera Plate  1x M\u014dVI Adjustable Top Camera Plate  1x M\u014dVI Hot Shoe Mount  1x COM to M\u014dVI Controller Receiver Cable  1x M\u014dVI Rod Mount Adapter  2x Bolt \u215c -16 x \u215d\u201d  2x Bolt \u00bc -20 x \u00bd\u201d  2x Bolt \u00bc -20 x \u215c\u201d  1x 2.00mm Hex Driver  1x 2.50mm Hex Driver\" \/>\n<meta name=\"robots\" content=\"index, follow, max-snippet:-1, max-image-preview:large, max-video-preview:-1\" \/>\n<link rel=\"canonical\" href=\"https:\/\/cinegear.nl\/nl\/product\/freefly-movi-pro-handheld-bundle-travel-case\/\" \/>\n<meta property=\"og:locale\" content=\"nl_NL\" \/>\n<meta property=\"og:type\" content=\"article\" \/>\n<meta property=\"og:title\" content=\"Freefly Movi pro Handheld bundle + travel case\" \/>\n<meta property=\"og:description\" content=\"INCLUDED IN BOX    1x M\u014dVI Pro  1x M\u014dVI Ring Pro  1x MIMIC with Handlebars  1x Bush Pilot Lens Control Knob  1x M\u014dVI Pro Travel Case  2x\u00a0M\u014dVI Pro Battery Pack 1.8Ah  2x\u00a0M\u014dVI Pro Battery Charger  1x M\u014dVI Pro Adjustable Camera Plate  1x M\u014dVI Adjustable Top Camera Plate  1x M\u014dVI Hot Shoe Mount  1x COM to M\u014dVI Controller Receiver Cable  1x M\u014dVI Rod Mount Adapter  2x Bolt \u215c -16 x \u215d\u201d  2x Bolt \u00bc -20 x \u00bd\u201d  2x Bolt \u00bc -20 x \u215c\u201d  1x 2.00mm Hex Driver  1x 2.50mm Hex Driver\" \/>\n<meta property=\"og:url\" content=\"https:\/\/cinegear.nl\/nl\/product\/freefly-movi-pro-handheld-bundle-travel-case\/\" \/>\n<meta property=\"og:site_name\" content=\"Cinegear Amsterdam\" \/>\n<meta property=\"article:modified_time\" content=\"2025-09-07T11:15:03+00:00\" \/>\n<meta property=\"og:image\" content=\"https:\/\/cinegear.nl\/wp-content\/uploads\/2019\/11\/02-07-20181530539149movi_pro_case_bundlehd.jpg\" \/>\n\t<meta property=\"og:image:width\" content=\"1500\" \/>\n\t<meta property=\"og:image:height\" content=\"1500\" \/>\n\t<meta property=\"og:image:type\" content=\"image\/jpeg\" \/>\n<meta name=\"twitter:card\" content=\"summary_large_image\" \/>\n<meta name=\"twitter:label1\" content=\"Geschatte leestijd\" \/>\n\t<meta name=\"twitter:data1\" content=\"1 minuut\" \/>\n<script type=\"application\/ld+json\" class=\"yoast-schema-graph\">{\"@context\":\"https:\/\/schema.org\",\"@graph\":[{\"@type\":\"WebPage\",\"@id\":\"https:\/\/cinegear.nl\/product\/freefly-movi-pro-handheld-bundle-travel-case\/\",\"url\":\"https:\/\/cinegear.nl\/product\/freefly-movi-pro-handheld-bundle-travel-case\/\",\"name\":\"Freefly Movi pro Handheld bundle | Cinegear Amsterdam\",\"isPartOf\":{\"@id\":\"https:\/\/cinegear.nl\/#website\"},\"primaryImageOfPage\":{\"@id\":\"https:\/\/cinegear.nl\/product\/freefly-movi-pro-handheld-bundle-travel-case\/#primaryimage\"},\"image\":{\"@id\":\"https:\/\/cinegear.nl\/product\/freefly-movi-pro-handheld-bundle-travel-case\/#primaryimage\"},\"thumbnailUrl\":\"https:\/\/cinegear.nl\/wp-content\/uploads\/2019\/11\/02-07-20181530539149movi_pro_case_bundlehd.jpg\",\"datePublished\":\"2019-11-26T12:46:46+00:00\",\"dateModified\":\"2025-09-07T11:15:03+00:00\",\"description\":\"INCLUDED IN BOX 1x M\u014dVI Pro 1x M\u014dVI Ring Pro 1x MIMIC with Handlebars 1x Bush Pilot Lens Control Knob 1x M\u014dVI Pro Travel Case 2x\u00a0M\u014dVI Pro Battery Pack 1.8Ah 2x\u00a0M\u014dVI Pro Battery Charger 1x M\u014dVI Pro Adjustable Camera Plate 1x M\u014dVI Adjustable Top Camera Plate 1x M\u014dVI Hot Shoe Mount 1x COM to M\u014dVI Controller Receiver Cable 1x M\u014dVI Rod Mount Adapter 2x Bolt \u215c -16 x \u215d\u201d 2x Bolt \u00bc -20 x \u00bd\u201d 2x Bolt \u00bc -20 x \u215c\u201d 1x 2.00mm Hex Driver 1x 2.50mm Hex Driver\",\"breadcrumb\":{\"@id\":\"https:\/\/cinegear.nl\/product\/freefly-movi-pro-handheld-bundle-travel-case\/#breadcrumb\"},\"inLanguage\":\"nl-NL\",\"potentialAction\":[{\"@type\":\"ReadAction\",\"target\":[\"https:\/\/cinegear.nl\/product\/freefly-movi-pro-handheld-bundle-travel-case\/\"]}]},{\"@type\":\"ImageObject\",\"inLanguage\":\"nl-NL\",\"@id\":\"https:\/\/cinegear.nl\/product\/freefly-movi-pro-handheld-bundle-travel-case\/#primaryimage\",\"url\":\"https:\/\/cinegear.nl\/wp-content\/uploads\/2019\/11\/02-07-20181530539149movi_pro_case_bundlehd.jpg\",\"contentUrl\":\"https:\/\/cinegear.nl\/wp-content\/uploads\/2019\/11\/02-07-20181530539149movi_pro_case_bundlehd.jpg\",\"width\":1500,\"height\":1500,\"caption\":\"Freefly Movi pro Handheld bundle\"},{\"@type\":\"BreadcrumbList\",\"@id\":\"https:\/\/cinegear.nl\/product\/freefly-movi-pro-handheld-bundle-travel-case\/#breadcrumb\",\"itemListElement\":[{\"@type\":\"ListItem\",\"position\":1,\"name\":\"Home\",\"item\":\"https:\/\/cinegear.nl\/\"},{\"@type\":\"ListItem\",\"position\":2,\"name\":\"Store\",\"item\":\"https:\/\/cinegear.nl\/product-category-kine-cameras\/\"},{\"@type\":\"ListItem\",\"position\":3,\"name\":\"Freefly Movi pro Handheld bundle + travel case\"}]},{\"@type\":\"WebSite\",\"@id\":\"https:\/\/cinegear.nl\/#website\",\"url\":\"https:\/\/cinegear.nl\/\",\"name\":\"Cinegear Amsterdam\",\"description\":\"\",\"publisher\":{\"@id\":\"https:\/\/cinegear.nl\/#organization\"},\"potentialAction\":[{\"@type\":\"SearchAction\",\"target\":{\"@type\":\"EntryPoint\",\"urlTemplate\":\"https:\/\/cinegear.nl\/?s={search_term_string}\"},\"query-input\":{\"@type\":\"PropertyValueSpecification\",\"valueRequired\":true,\"valueName\":\"search_term_string\"}}],\"inLanguage\":\"nl-NL\"},{\"@type\":\"Organization\",\"@id\":\"https:\/\/cinegear.nl\/#organization\",\"name\":\"Cinegear\",\"url\":\"https:\/\/cinegear.nl\/\",\"logo\":{\"@type\":\"ImageObject\",\"inLanguage\":\"nl-NL\",\"@id\":\"https:\/\/cinegear.nl\/#\/schema\/logo\/image\/\",\"url\":\"https:\/\/cinegear.nl\/wp-content\/uploads\/2019\/12\/Transparent_Normal_Logo.jpg\",\"contentUrl\":\"https:\/\/cinegear.nl\/wp-content\/uploads\/2019\/12\/Transparent_Normal_Logo.jpg\",\"width\":858,\"height\":782,\"caption\":\"Cinegear\"},\"image\":{\"@id\":\"https:\/\/cinegear.nl\/#\/schema\/logo\/image\/\"}}]}<\/script>\n<!-- \/ Yoast SEO Premium plugin. -->","yoast_head_json":{"title":"Freefly Movi pro Handheld bundle | Cinegear Amsterdam","description":"INCLUDED IN BOX    1x M\u014dVI Pro  1x M\u014dVI Ring Pro  1x MIMIC with Handlebars  1x Bush Pilot Lens Control Knob  1x M\u014dVI Pro Travel Case  2x\u00a0M\u014dVI Pro Battery Pack 1.8Ah  2x\u00a0M\u014dVI Pro Battery Charger  1x M\u014dVI Pro Adjustable Camera Plate  1x M\u014dVI Adjustable Top Camera Plate  1x M\u014dVI Hot Shoe Mount  1x COM to M\u014dVI Controller Receiver Cable  1x M\u014dVI Rod Mount Adapter  2x Bolt \u215c -16 x \u215d\u201d  2x Bolt \u00bc -20 x \u00bd\u201d  2x Bolt \u00bc -20 x \u215c\u201d  1x 2.00mm Hex Driver  1x 2.50mm Hex Driver","robots":{"index":"index","follow":"follow","max-snippet":"max-snippet:-1","max-image-preview":"max-image-preview:large","max-video-preview":"max-video-preview:-1"},"canonical":"https:\/\/cinegear.nl\/nl\/product\/freefly-movi-pro-handheld-bundle-travel-case\/","og_locale":"nl_NL","og_type":"article","og_title":"Freefly Movi pro Handheld bundle + travel case","og_description":"INCLUDED IN BOX    1x M\u014dVI Pro  1x M\u014dVI Ring Pro  1x MIMIC with Handlebars  1x Bush Pilot Lens Control Knob  1x M\u014dVI Pro Travel Case  2x\u00a0M\u014dVI Pro Battery Pack 1.8Ah  2x\u00a0M\u014dVI Pro Battery Charger  1x M\u014dVI Pro Adjustable Camera Plate  1x M\u014dVI Adjustable Top Camera Plate  1x M\u014dVI Hot Shoe Mount  1x COM to M\u014dVI Controller Receiver Cable  1x M\u014dVI Rod Mount Adapter  2x Bolt \u215c -16 x \u215d\u201d  2x Bolt \u00bc -20 x \u00bd\u201d  2x Bolt \u00bc -20 x \u215c\u201d  1x 2.00mm Hex Driver  1x 2.50mm Hex Driver","og_url":"https:\/\/cinegear.nl\/nl\/product\/freefly-movi-pro-handheld-bundle-travel-case\/","og_site_name":"Cinegear Amsterdam","article_modified_time":"2025-09-07T11:15:03+00:00","og_image":[{"width":1500,"height":1500,"url":"https:\/\/cinegear.nl\/wp-content\/uploads\/2019\/11\/02-07-20181530539149movi_pro_case_bundlehd.jpg","type":"image\/jpeg"}],"twitter_card":"summary_large_image","twitter_misc":{"Geschatte leestijd":"1 minuut"},"schema":{"@context":"https:\/\/schema.org","@graph":[{"@type":"WebPage","@id":"https:\/\/cinegear.nl\/product\/freefly-movi-pro-handheld-bundle-travel-case\/","url":"https:\/\/cinegear.nl\/product\/freefly-movi-pro-handheld-bundle-travel-case\/","name":"Freefly Movi pro Handheld bundle | Cinegear Amsterdam","isPartOf":{"@id":"https:\/\/cinegear.nl\/#website"},"primaryImageOfPage":{"@id":"https:\/\/cinegear.nl\/product\/freefly-movi-pro-handheld-bundle-travel-case\/#primaryimage"},"image":{"@id":"https:\/\/cinegear.nl\/product\/freefly-movi-pro-handheld-bundle-travel-case\/#primaryimage"},"thumbnailUrl":"https:\/\/cinegear.nl\/wp-content\/uploads\/2019\/11\/02-07-20181530539149movi_pro_case_bundlehd.jpg","datePublished":"2019-11-26T12:46:46+00:00","dateModified":"2025-09-07T11:15:03+00:00","description":"INCLUDED IN BOX 1x M\u014dVI Pro 1x M\u014dVI Ring Pro 1x MIMIC with Handlebars 1x Bush Pilot Lens Control Knob 1x M\u014dVI Pro Travel Case 2x\u00a0M\u014dVI Pro Battery Pack 1.8Ah 2x\u00a0M\u014dVI Pro Battery Charger 1x M\u014dVI Pro Adjustable Camera Plate 1x M\u014dVI Adjustable Top Camera Plate 1x M\u014dVI Hot Shoe Mount 1x COM to M\u014dVI Controller Receiver Cable 1x M\u014dVI Rod Mount Adapter 2x Bolt \u215c -16 x \u215d\u201d 2x Bolt \u00bc -20 x \u00bd\u201d 2x Bolt \u00bc -20 x \u215c\u201d 1x 2.00mm Hex Driver 1x 2.50mm Hex Driver","breadcrumb":{"@id":"https:\/\/cinegear.nl\/product\/freefly-movi-pro-handheld-bundle-travel-case\/#breadcrumb"},"inLanguage":"nl-NL","potentialAction":[{"@type":"ReadAction","target":["https:\/\/cinegear.nl\/product\/freefly-movi-pro-handheld-bundle-travel-case\/"]}]},{"@type":"ImageObject","inLanguage":"nl-NL","@id":"https:\/\/cinegear.nl\/product\/freefly-movi-pro-handheld-bundle-travel-case\/#primaryimage","url":"https:\/\/cinegear.nl\/wp-content\/uploads\/2019\/11\/02-07-20181530539149movi_pro_case_bundlehd.jpg","contentUrl":"https:\/\/cinegear.nl\/wp-content\/uploads\/2019\/11\/02-07-20181530539149movi_pro_case_bundlehd.jpg","width":1500,"height":1500,"caption":"Freefly Movi pro Handheld bundle"},{"@type":"BreadcrumbList","@id":"https:\/\/cinegear.nl\/product\/freefly-movi-pro-handheld-bundle-travel-case\/#breadcrumb","itemListElement":[{"@type":"ListItem","position":1,"name":"Home","item":"https:\/\/cinegear.nl\/"},{"@type":"ListItem","position":2,"name":"Store","item":"https:\/\/cinegear.nl\/product-category-kine-cameras\/"},{"@type":"ListItem","position":3,"name":"Freefly Movi pro Handheld bundle + travel case"}]},{"@type":"WebSite","@id":"https:\/\/cinegear.nl\/#website","url":"https:\/\/cinegear.nl\/","name":"Cinegear Amsterdam","description":"","publisher":{"@id":"https:\/\/cinegear.nl\/#organization"},"potentialAction":[{"@type":"SearchAction","target":{"@type":"EntryPoint","urlTemplate":"https:\/\/cinegear.nl\/?s={search_term_string}"},"query-input":{"@type":"PropertyValueSpecification","valueRequired":true,"valueName":"search_term_string"}}],"inLanguage":"nl-NL"},{"@type":"Organization","@id":"https:\/\/cinegear.nl\/#organization","name":"Cinegear","url":"https:\/\/cinegear.nl\/","logo":{"@type":"ImageObject","inLanguage":"nl-NL","@id":"https:\/\/cinegear.nl\/#\/schema\/logo\/image\/","url":"https:\/\/cinegear.nl\/wp-content\/uploads\/2019\/12\/Transparent_Normal_Logo.jpg","contentUrl":"https:\/\/cinegear.nl\/wp-content\/uploads\/2019\/12\/Transparent_Normal_Logo.jpg","width":858,"height":782,"caption":"Cinegear"},"image":{"@id":"https:\/\/cinegear.nl\/#\/schema\/logo\/image\/"}}]}},"brands":[{"id":9990,"name":"Freefly","slug":"freefly"}],"_links":{"self":[{"href":"https:\/\/cinegear.nl\/nl\/wp-json\/wp\/v2\/product\/4512","targetHints":{"allow":["GET"]}}],"collection":[{"href":"https:\/\/cinegear.nl\/nl\/wp-json\/wp\/v2\/product"}],"about":[{"href":"https:\/\/cinegear.nl\/nl\/wp-json\/wp\/v2\/types\/product"}],"wp:featuredmedia":[{"embeddable":true,"href":"https:\/\/cinegear.nl\/nl\/wp-json\/wp\/v2\/media\/4515"}],"wp:attachment":[{"href":"https:\/\/cinegear.nl\/nl\/wp-json\/wp\/v2\/media?parent=4512"}],"wp:term":[{"taxonomy":"pwb-brand","embeddable":true,"href":"https:\/\/cinegear.nl\/nl\/wp-json\/wp\/v2\/pwb-brand?post=4512"},{"taxonomy":"product_cat","embeddable":true,"href":"https:\/\/cinegear.nl\/nl\/wp-json\/wp\/v2\/product_cat?post=4512"},{"taxonomy":"product_tag","embeddable":true,"href":"https:\/\/cinegear.nl\/nl\/wp-json\/wp\/v2\/product_tag?post=4512"}],"curies":[{"name":"wp","href":"https:\/\/api.w.org\/{rel}","templated":true}]}}