{"id":25547,"date":"2022-05-25T15:00:55","date_gmt":"2022-05-25T13:00:55","guid":{"rendered":"https:\/\/cinegear.nl\/?post_type=product&#038;p=25547"},"modified":"2026-04-20T04:29:55","modified_gmt":"2026-04-20T02:29:55","slug":"rode-rodecaster-pro-ii-solo-bundle","status":"publish","type":"product","link":"https:\/\/cinegear.nl\/nl\/product\/rode-rodecaster-pro-ii-solo-bundle\/","title":{"rendered":"R\u00d8DE RODECaster Pro II Solo bundle"},"content":{"rendered":"<h3 style=\"text-align: left;\" align=\"center\"><strong>Perfect for Streamers<\/strong><\/h3>\n<h4 style=\"text-align: left;\" align=\"center\">This product is not just a sequel to the original R\u00d8DECaster Pro, but a completely new experience.\u00a0Packed with key features for the next generation, the R\u00d8DECaster Pro II provides a quality audio solution for creators of\u00a0<em>all<\/em>\u00a0kinds.<\/h4>\n<h3><strong>Content Creation Made Easy<\/strong><\/h3>\n<p>Recording audio is made incredibly easy with this product.\u00a0Whether you use the R\u00d8DECaster Pro II for streaming, podcasting or music recording, all conveniences are packed in one user-friendly device.<\/p>\n<h3 style=\"text-align: left;\" align=\"center\"><strong>Excellent Audio, Always<\/strong><\/h3>\n<p>The R\u00d8DECaster Pro II delivers excellent audio quality for any type of recording, thanks to Revolution Preamps, studio-grade APHEX processing and VoxLab processing editor.<\/p>\n<h3 style=\"text-align: left;\" align=\"center\"><strong>Endless Customizations<\/strong><\/h3>\n<p style=\"text-align: left;\" align=\"center\">The R\u00d8DECaster Pro II is fully adjustable to your liking. Everything from the SMART pads to the mixer can be tuned to suit any creative vision. In addition, thanks to the multiple connectivity options, there are various options for a find workflow and easy integration with other equipment<\/p>","protected":false},"excerpt":{"rendered":"<p>*<em>Available on June 15th<\/em><\/p>\n<p><strong>R\u00d8DECaster Pro II Solo Bundle includes<\/strong><\/p>\n<ul>\n<li>1 x R\u00d8DECaster Pro II<\/li>\n<li>1 x R\u00d8DECover 2<\/li>\n<li>1 x NTH-100<\/li>\n<li>1 x PSA1+<\/li>\n<li>1 x PodMic<\/li>\n<li>1 x Ambertec 2m XLR lead<\/li>\n<\/ul>","protected":false},"featured_media":25549,"template":"","meta":{"_acf_changed":false,"inline_featured_image":false},"pwb-brand":[9921],"product_cat":[14984,423,441],"product_tag":[6422,196,9641,193,436],"class_list":{"0":"post-25547","1":"product","2":"type-product","3":"status-publish","4":"has-post-thumbnail","6":"pwb-brand-rode","7":"product_cat-streaming-mixers","8":"product_cat-microphone","9":"product_cat-rode-microphones","10":"product_tag-audio","11":"product_tag-microphone","12":"product_tag-podcast","13":"product_tag-rode","14":"product_tag-rodecaster","16":"first","17":"onbackorder","18":"taxable","19":"shipping-taxable","20":"purchasable","21":"product-type-simple"},"acf":{"supplier":"EuropePV","buy_price":"855.35","last_sync":"2026-04-20"},"yoast_head":"<!-- This site is optimized with the Yoast SEO Premium plugin v21.8 (Yoast SEO v24.3) - https:\/\/yoast.com\/wordpress\/plugins\/seo\/ -->\n<title>R\u00d8DE RODECaster Pro II Solo bundle | Cinegear Amsterdam<\/title>\n<meta name=\"description\" content=\"*Available on June 15th  R\u00d8DECaster Pro II Solo Bundle includes   1 x R\u00d8DECaster Pro II  1 x R\u00d8DECover 2  1 x NTH-100  1 x PSA1+  1 x PodMic  1 x Ambertec 2m XLR lead\" \/>\n<meta name=\"robots\" content=\"index, follow, max-snippet:-1, max-image-preview:large, max-video-preview:-1\" \/>\n<link rel=\"canonical\" href=\"https:\/\/cinegear.nl\/nl\/product\/rode-rodecaster-pro-ii-solo-bundle\/\" \/>\n<meta property=\"og:locale\" content=\"nl_NL\" \/>\n<meta property=\"og:type\" content=\"article\" \/>\n<meta property=\"og:title\" content=\"R\u00d8DE RODECaster Pro II Solo bundle\" \/>\n<meta property=\"og:description\" content=\"*Available on June 15th  R\u00d8DECaster Pro II Solo Bundle includes   1 x R\u00d8DECaster Pro II  1 x R\u00d8DECover 2  1 x NTH-100  1 x PSA1+  1 x PodMic  1 x Ambertec 2m XLR lead\" \/>\n<meta property=\"og:url\" content=\"https:\/\/cinegear.nl\/nl\/product\/rode-rodecaster-pro-ii-solo-bundle\/\" \/>\n<meta property=\"og:site_name\" content=\"Cinegear Amsterdam\" \/>\n<meta property=\"article:modified_time\" content=\"2026-04-20T02:29:55+00:00\" \/>\n<meta property=\"og:image\" content=\"https:\/\/cinegear.nl\/wp-content\/uploads\/2022\/05\/unnamed-3.jpg\" \/>\n\t<meta property=\"og:image:width\" content=\"1080\" \/>\n\t<meta property=\"og:image:height\" content=\"1080\" \/>\n\t<meta property=\"og:image:type\" content=\"image\/jpeg\" \/>\n<meta name=\"twitter:card\" content=\"summary_large_image\" \/>\n<meta name=\"twitter:label1\" content=\"Geschatte leestijd\" \/>\n\t<meta name=\"twitter:data1\" content=\"1 minuut\" \/>\n<script type=\"application\/ld+json\" class=\"yoast-schema-graph\">{\"@context\":\"https:\/\/schema.org\",\"@graph\":[{\"@type\":\"WebPage\",\"@id\":\"https:\/\/cinegear.nl\/product\/rode-rodecaster-pro-ii-solo-bundle\/\",\"url\":\"https:\/\/cinegear.nl\/product\/rode-rodecaster-pro-ii-solo-bundle\/\",\"name\":\"R\u00d8DE RODECaster Pro II Solo bundle | Cinegear Amsterdam\",\"isPartOf\":{\"@id\":\"https:\/\/cinegear.nl\/#website\"},\"primaryImageOfPage\":{\"@id\":\"https:\/\/cinegear.nl\/product\/rode-rodecaster-pro-ii-solo-bundle\/#primaryimage\"},\"image\":{\"@id\":\"https:\/\/cinegear.nl\/product\/rode-rodecaster-pro-ii-solo-bundle\/#primaryimage\"},\"thumbnailUrl\":\"https:\/\/cinegear.nl\/wp-content\/uploads\/2022\/05\/unnamed-3.jpg\",\"datePublished\":\"2022-05-25T13:00:55+00:00\",\"dateModified\":\"2026-04-20T02:29:55+00:00\",\"description\":\"*Available on June 15th R\u00d8DECaster Pro II Solo Bundle includes 1 x R\u00d8DECaster Pro II 1 x R\u00d8DECover 2 1 x NTH-100 1 x PSA1+ 1 x PodMic 1 x Ambertec 2m XLR lead\",\"breadcrumb\":{\"@id\":\"https:\/\/cinegear.nl\/product\/rode-rodecaster-pro-ii-solo-bundle\/#breadcrumb\"},\"inLanguage\":\"nl-NL\",\"potentialAction\":[{\"@type\":\"ReadAction\",\"target\":[\"https:\/\/cinegear.nl\/product\/rode-rodecaster-pro-ii-solo-bundle\/\"]}]},{\"@type\":\"ImageObject\",\"inLanguage\":\"nl-NL\",\"@id\":\"https:\/\/cinegear.nl\/product\/rode-rodecaster-pro-ii-solo-bundle\/#primaryimage\",\"url\":\"https:\/\/cinegear.nl\/wp-content\/uploads\/2022\/05\/unnamed-3.jpg\",\"contentUrl\":\"https:\/\/cinegear.nl\/wp-content\/uploads\/2022\/05\/unnamed-3.jpg\",\"width\":1080,\"height\":1080},{\"@type\":\"BreadcrumbList\",\"@id\":\"https:\/\/cinegear.nl\/product\/rode-rodecaster-pro-ii-solo-bundle\/#breadcrumb\",\"itemListElement\":[{\"@type\":\"ListItem\",\"position\":1,\"name\":\"Home\",\"item\":\"https:\/\/cinegear.nl\/\"},{\"@type\":\"ListItem\",\"position\":2,\"name\":\"Store\",\"item\":\"https:\/\/cinegear.nl\/product-category-kine-cameras\/\"},{\"@type\":\"ListItem\",\"position\":3,\"name\":\"R\u00d8DE RODECaster Pro II Solo bundle\"}]},{\"@type\":\"WebSite\",\"@id\":\"https:\/\/cinegear.nl\/#website\",\"url\":\"https:\/\/cinegear.nl\/\",\"name\":\"Cinegear Amsterdam\",\"description\":\"\",\"publisher\":{\"@id\":\"https:\/\/cinegear.nl\/#organization\"},\"potentialAction\":[{\"@type\":\"SearchAction\",\"target\":{\"@type\":\"EntryPoint\",\"urlTemplate\":\"https:\/\/cinegear.nl\/?s={search_term_string}\"},\"query-input\":{\"@type\":\"PropertyValueSpecification\",\"valueRequired\":true,\"valueName\":\"search_term_string\"}}],\"inLanguage\":\"nl-NL\"},{\"@type\":\"Organization\",\"@id\":\"https:\/\/cinegear.nl\/#organization\",\"name\":\"Cinegear\",\"url\":\"https:\/\/cinegear.nl\/\",\"logo\":{\"@type\":\"ImageObject\",\"inLanguage\":\"nl-NL\",\"@id\":\"https:\/\/cinegear.nl\/#\/schema\/logo\/image\/\",\"url\":\"https:\/\/cinegear.nl\/wp-content\/uploads\/2019\/12\/Transparent_Normal_Logo.jpg\",\"contentUrl\":\"https:\/\/cinegear.nl\/wp-content\/uploads\/2019\/12\/Transparent_Normal_Logo.jpg\",\"width\":858,\"height\":782,\"caption\":\"Cinegear\"},\"image\":{\"@id\":\"https:\/\/cinegear.nl\/#\/schema\/logo\/image\/\"}}]}<\/script>\n<!-- \/ Yoast SEO Premium plugin. -->","yoast_head_json":{"title":"R\u00d8DE RODECaster Pro II Solo bundle | Cinegear Amsterdam","description":"*Available on June 15th  R\u00d8DECaster Pro II Solo Bundle includes   1 x R\u00d8DECaster Pro II  1 x R\u00d8DECover 2  1 x NTH-100  1 x PSA1+  1 x PodMic  1 x Ambertec 2m XLR lead","robots":{"index":"index","follow":"follow","max-snippet":"max-snippet:-1","max-image-preview":"max-image-preview:large","max-video-preview":"max-video-preview:-1"},"canonical":"https:\/\/cinegear.nl\/nl\/product\/rode-rodecaster-pro-ii-solo-bundle\/","og_locale":"nl_NL","og_type":"article","og_title":"R\u00d8DE RODECaster Pro II Solo bundle","og_description":"*Available on June 15th  R\u00d8DECaster Pro II Solo Bundle includes   1 x R\u00d8DECaster Pro II  1 x R\u00d8DECover 2  1 x NTH-100  1 x PSA1+  1 x PodMic  1 x Ambertec 2m XLR lead","og_url":"https:\/\/cinegear.nl\/nl\/product\/rode-rodecaster-pro-ii-solo-bundle\/","og_site_name":"Cinegear Amsterdam","article_modified_time":"2026-04-20T02:29:55+00:00","og_image":[{"width":1080,"height":1080,"url":"https:\/\/cinegear.nl\/wp-content\/uploads\/2022\/05\/unnamed-3.jpg","type":"image\/jpeg"}],"twitter_card":"summary_large_image","twitter_misc":{"Geschatte leestijd":"1 minuut"},"schema":{"@context":"https:\/\/schema.org","@graph":[{"@type":"WebPage","@id":"https:\/\/cinegear.nl\/product\/rode-rodecaster-pro-ii-solo-bundle\/","url":"https:\/\/cinegear.nl\/product\/rode-rodecaster-pro-ii-solo-bundle\/","name":"R\u00d8DE RODECaster Pro II Solo bundle | Cinegear Amsterdam","isPartOf":{"@id":"https:\/\/cinegear.nl\/#website"},"primaryImageOfPage":{"@id":"https:\/\/cinegear.nl\/product\/rode-rodecaster-pro-ii-solo-bundle\/#primaryimage"},"image":{"@id":"https:\/\/cinegear.nl\/product\/rode-rodecaster-pro-ii-solo-bundle\/#primaryimage"},"thumbnailUrl":"https:\/\/cinegear.nl\/wp-content\/uploads\/2022\/05\/unnamed-3.jpg","datePublished":"2022-05-25T13:00:55+00:00","dateModified":"2026-04-20T02:29:55+00:00","description":"*Available on June 15th R\u00d8DECaster Pro II Solo Bundle includes 1 x R\u00d8DECaster Pro II 1 x R\u00d8DECover 2 1 x NTH-100 1 x PSA1+ 1 x PodMic 1 x Ambertec 2m XLR lead","breadcrumb":{"@id":"https:\/\/cinegear.nl\/product\/rode-rodecaster-pro-ii-solo-bundle\/#breadcrumb"},"inLanguage":"nl-NL","potentialAction":[{"@type":"ReadAction","target":["https:\/\/cinegear.nl\/product\/rode-rodecaster-pro-ii-solo-bundle\/"]}]},{"@type":"ImageObject","inLanguage":"nl-NL","@id":"https:\/\/cinegear.nl\/product\/rode-rodecaster-pro-ii-solo-bundle\/#primaryimage","url":"https:\/\/cinegear.nl\/wp-content\/uploads\/2022\/05\/unnamed-3.jpg","contentUrl":"https:\/\/cinegear.nl\/wp-content\/uploads\/2022\/05\/unnamed-3.jpg","width":1080,"height":1080},{"@type":"BreadcrumbList","@id":"https:\/\/cinegear.nl\/product\/rode-rodecaster-pro-ii-solo-bundle\/#breadcrumb","itemListElement":[{"@type":"ListItem","position":1,"name":"Home","item":"https:\/\/cinegear.nl\/"},{"@type":"ListItem","position":2,"name":"Store","item":"https:\/\/cinegear.nl\/product-category-kine-cameras\/"},{"@type":"ListItem","position":3,"name":"R\u00d8DE RODECaster Pro II Solo bundle"}]},{"@type":"WebSite","@id":"https:\/\/cinegear.nl\/#website","url":"https:\/\/cinegear.nl\/","name":"Cinegear Amsterdam","description":"","publisher":{"@id":"https:\/\/cinegear.nl\/#organization"},"potentialAction":[{"@type":"SearchAction","target":{"@type":"EntryPoint","urlTemplate":"https:\/\/cinegear.nl\/?s={search_term_string}"},"query-input":{"@type":"PropertyValueSpecification","valueRequired":true,"valueName":"search_term_string"}}],"inLanguage":"nl-NL"},{"@type":"Organization","@id":"https:\/\/cinegear.nl\/#organization","name":"Cinegear","url":"https:\/\/cinegear.nl\/","logo":{"@type":"ImageObject","inLanguage":"nl-NL","@id":"https:\/\/cinegear.nl\/#\/schema\/logo\/image\/","url":"https:\/\/cinegear.nl\/wp-content\/uploads\/2019\/12\/Transparent_Normal_Logo.jpg","contentUrl":"https:\/\/cinegear.nl\/wp-content\/uploads\/2019\/12\/Transparent_Normal_Logo.jpg","width":858,"height":782,"caption":"Cinegear"},"image":{"@id":"https:\/\/cinegear.nl\/#\/schema\/logo\/image\/"}}]}},"brands":[{"id":9921,"name":"R\u00d8DE","slug":"rode"}],"_links":{"self":[{"href":"https:\/\/cinegear.nl\/nl\/wp-json\/wp\/v2\/product\/25547","targetHints":{"allow":["GET"]}}],"collection":[{"href":"https:\/\/cinegear.nl\/nl\/wp-json\/wp\/v2\/product"}],"about":[{"href":"https:\/\/cinegear.nl\/nl\/wp-json\/wp\/v2\/types\/product"}],"wp:featuredmedia":[{"embeddable":true,"href":"https:\/\/cinegear.nl\/nl\/wp-json\/wp\/v2\/media\/25549"}],"wp:attachment":[{"href":"https:\/\/cinegear.nl\/nl\/wp-json\/wp\/v2\/media?parent=25547"}],"wp:term":[{"taxonomy":"pwb-brand","embeddable":true,"href":"https:\/\/cinegear.nl\/nl\/wp-json\/wp\/v2\/pwb-brand?post=25547"},{"taxonomy":"product_cat","embeddable":true,"href":"https:\/\/cinegear.nl\/nl\/wp-json\/wp\/v2\/product_cat?post=25547"},{"taxonomy":"product_tag","embeddable":true,"href":"https:\/\/cinegear.nl\/nl\/wp-json\/wp\/v2\/product_tag?post=25547"}],"curies":[{"name":"wp","href":"https:\/\/api.w.org\/{rel}","templated":true}]}}