{"id":118118,"date":"2025-11-25T13:48:26","date_gmt":"2025-11-25T12:48:26","guid":{"rendered":"https:\/\/cinegear.nl\/?post_type=product&#038;p=118118"},"modified":"2026-03-26T15:59:09","modified_gmt":"2026-03-26T14:59:09","slug":"dji-om-8-tracking-kit","status":"publish","type":"product","link":"https:\/\/cinegear.nl\/nl\/product\/dji-om-8-tracking-kit\/","title":{"rendered":"DJI OM 8 Tracking Kit"},"content":{"rendered":"<div class=\"row\"  id=\"row-258126884\">\n\n\t<div id=\"col-958681776\" class=\"col medium-2 small-12 large-2\"  >\n\t\t\t\t<div class=\"col-inner\"  >\n\t\t\t\n\t\t\t\n\t<div id=\"text-981308171\" class=\"text\">\n\t\t\n<h3><strong>Overzicht<\/strong><\/h3>\n\t\t\n<style>\n#text-981308171 {\n  font-size: 1.2rem;\n}\n@media (min-width:550px) {\n  #text-981308171 {\n    font-size: 1rem;\n  }\n}\n<\/style>\n\t<\/div>\n\t\n\t\t<\/div>\n\t\t\t\t\n<style>\n#col-958681776 > .col-inner {\n  padding: 0px 0px 0px 0px;\n  margin: 0px 0px -20px 0px;\n}\n@media (min-width:550px) {\n  #col-958681776 > .col-inner {\n    padding: 0px 0px 0px 0px;\n    margin: 0px 0px 0px 0px;\n  }\n}\n<\/style>\n\t<\/div>\n\n\t\n\n\t<div id=\"col-1651732976\" class=\"col medium-10 small-12 large-10\"  >\n\t\t\t\t<div class=\"col-inner\"  >\n\t\t\t\n\t\t\t\n\t<div id=\"text-3728809943\" class=\"text\">\n\t\t\n<p>Includes the DJI OM Multifunctional Module and other accessories. When paired with the gimbal, this module enables subject and pet tracking, audio capture, and fill light functions[1]. Its magnetic design makes it easy to attach and detach, ensuring hassle-free use. The module also supports gesture control[2], making solo content creation more efficient.<\/p>\n\t\t\n<style>\n#text-3728809943 {\n  font-size: 0.9rem;\n}\n@media (min-width:550px) {\n  #text-3728809943 {\n    font-size: 1rem;\n  }\n}\n<\/style>\n\t<\/div>\n\t\n\t\t<\/div>\n\t\t\t\t\n<style>\n#col-1651732976 > .col-inner {\n  padding: 0px 0px 0px 0px;\n  margin: 0px 0px -30px 0px;\n}\n@media (min-width:550px) {\n  #col-1651732976 > .col-inner {\n    padding: 0px 0px 0px 0px;\n    margin: 0px 0px 0px 0px;\n  }\n}\n<\/style>\n\t<\/div>\n\n\t\n\n<style>\n#row-258126884 > .col > .col-inner {\n  padding: 0px 0px 0px 0px;\n}\n@media (min-width:550px) {\n  #row-258126884 > .col > .col-inner {\n    padding: 0px 0px 10px 0px;\n  }\n}\n<\/style>\n<\/div>\n<div class=\"is-divider divider clearfix\" style=\"max-width:1600px;height:2px;\"><\/div>\n<div class=\"row\"  id=\"row-1286973536\">\n\n\t<div id=\"col-1217778404\" class=\"col medium-2 small-12 large-2\"  >\n\t\t\t\t<div class=\"col-inner\"  >\n\t\t\t\n\t\t\t\n\t<div id=\"text-1532218385\" class=\"text\">\n\t\t\n<h3><strong>Tips<\/strong><\/h3>\n\t\t\n<style>\n#text-1532218385 {\n  font-size: 1.2rem;\n}\n@media (min-width:550px) {\n  #text-1532218385 {\n    font-size: 1rem;\n  }\n}\n<\/style>\n\t<\/div>\n\t\n\t\t<\/div>\n\t\t\t\t\n<style>\n#col-1217778404 > .col-inner {\n  padding: 0px 0px 0px 0px;\n  margin: 7px 0px -20px 0px;\n}\n@media (min-width:550px) {\n  #col-1217778404 > .col-inner {\n    padding: 0px 0px 0px 0px;\n    margin: 0px 0px 0px 0px;\n  }\n}\n<\/style>\n\t<\/div>\n\n\t\n\n\t<div id=\"col-1357900273\" class=\"col medium-10 small-12 large-10\"  >\n\t\t\t\t<div class=\"col-inner\"  >\n\t\t\t\n\t\t\t\n\t<div id=\"text-2174294292\" class=\"text\">\n\t\t\n<p>1. These accessories contain magnets. Keep them away from magnetic cards, IC cards, pacemakers, hard disks, RAM chips, and other objects that are subject to interference.<\/p>\n<p>2. If your phone uses a Lightning port, you will need to purchase the Phone Charging\/Audio Recording Cable (USB-C to Lightning) separately.<\/p>\n\t\t\n<style>\n#text-2174294292 {\n  font-size: 0.9rem;\n}\n@media (min-width:550px) {\n  #text-2174294292 {\n    font-size: 1rem;\n  }\n}\n<\/style>\n\t<\/div>\n\t\n\t\t<\/div>\n\t\t\t\t\n<style>\n#col-1357900273 > .col-inner {\n  padding: 0px 0px 0px 0px;\n  margin: 0px 0px -30px 0px;\n}\n@media (min-width:550px) {\n  #col-1357900273 > .col-inner {\n    padding: 0px 0px 0px 0px;\n    margin: 0px 0px 0px 0px;\n  }\n}\n<\/style>\n\t<\/div>\n\n\t\n\n<style>\n#row-1286973536 > .col > .col-inner {\n  padding: 0px 0px 0px 0px;\n}\n@media (min-width:550px) {\n  #row-1286973536 > .col > .col-inner {\n    padding: 30px 0px 10px 0px;\n  }\n}\n<\/style>\n<\/div>\n<div class=\"is-divider divider clearfix\" style=\"max-width:1600px;height:2px;\"><\/div>\n<div class=\"row\"  id=\"row-1164896531\">\n\n\t<div id=\"col-1583433676\" class=\"col medium-2 small-12 large-2\"  >\n\t\t\t\t<div class=\"col-inner\"  >\n\t\t\t\n\t\t\t\n\t<div id=\"text-2109350297\" class=\"text\">\n\t\t\n<h3><strong>Included<br \/>\n<\/strong><\/h3>\n\t\t\n<style>\n#text-2109350297 {\n  font-size: 1.2rem;\n}\n@media (min-width:550px) {\n  #text-2109350297 {\n    font-size: 1rem;\n  }\n}\n<\/style>\n\t<\/div>\n\t\n\t\t<\/div>\n\t\t\t\t\n<style>\n#col-1583433676 > .col-inner {\n  padding: 0px 0px 0px 0px;\n  margin: 7px 0px -20px 0px;\n}\n@media (min-width:550px) {\n  #col-1583433676 > .col-inner {\n    padding: 0px 0px 0px 0px;\n    margin: 0px 0px 0px 0px;\n  }\n}\n<\/style>\n\t<\/div>\n\n\t\n\n\t<div id=\"col-840674392\" class=\"col medium-10 small-12 large-10\"  >\n\t\t\t\t<div class=\"col-inner\"  >\n\t\t\t\n\t\t\t\n\t<div id=\"text-2852278604\" class=\"text\">\n\t\t\n<ul>\n<li>DJI OM Multifunctional Module \u00d7 1<\/li>\n<li>Magnetic Phone Clamp \u00d7 1<\/li>\n<li>Phone Charging\/Audio Recording Cable (USB-C to USB-C, 15 cm) \u00d7 1<\/li>\n<\/ul>\n\t\t\n<style>\n#text-2852278604 {\n  font-size: 0.9rem;\n}\n@media (min-width:550px) {\n  #text-2852278604 {\n    font-size: 1rem;\n  }\n}\n<\/style>\n\t<\/div>\n\t\n\t\t<\/div>\n\t\t\t\t\n<style>\n#col-840674392 > .col-inner {\n  padding: 0px 0px 0px 0px;\n  margin: 0px 0px -30px 0px;\n}\n@media (min-width:550px) {\n  #col-840674392 > .col-inner {\n    padding: 0px 0px 0px 0px;\n    margin: 0px 0px 0px 0px;\n  }\n}\n<\/style>\n\t<\/div>\n\n\t\n\n<style>\n#row-1164896531 > .col > .col-inner {\n  padding: 0px 0px 0px 0px;\n}\n@media (min-width:550px) {\n  #row-1164896531 > .col > .col-inner {\n    padding: 30px 0px 10px 0px;\n  }\n}\n<\/style>\n<\/div>\n<div class=\"is-divider divider clearfix\" style=\"max-width:1600px;height:2px;\"><\/div>\n<div class=\"row\"  id=\"row-718079280\">\n\n\t<div id=\"col-1552615609\" class=\"col medium-2 small-12 large-2\"  >\n\t\t\t\t<div class=\"col-inner\"  >\n\t\t\t\n\t\t\t\n\t<div id=\"text-3968597916\" class=\"text\">\n\t\t\n<h3><strong>Compatibility<\/strong><\/h3>\n\t\t\n<style>\n#text-3968597916 {\n  font-size: 1.2rem;\n}\n@media (min-width:550px) {\n  #text-3968597916 {\n    font-size: 1rem;\n  }\n}\n<\/style>\n\t<\/div>\n\t\n\t\t<\/div>\n\t\t\t\t\n<style>\n#col-1552615609 > .col-inner {\n  padding: 0px 0px 0px 0px;\n  margin: 7px 0px -20px 0px;\n}\n@media (min-width:550px) {\n  #col-1552615609 > .col-inner {\n    padding: 0px 0px 0px 0px;\n    margin: 0px 0px 0px 0px;\n  }\n}\n<\/style>\n\t<\/div>\n\n\t\n\n\t<div id=\"col-739082393\" class=\"col medium-10 small-12 large-10\"  >\n\t\t\t\t<div class=\"col-inner\"  >\n\t\t\t\n\t\t\t\n\t<div id=\"text-2218293988\" class=\"text\">\n\t\t\n<ul>\n<li>Osmo Mobile 8<\/li>\n<li>Osmo Mobile 7P<\/li>\n<li>Osmo Mobile 7<\/li>\n<\/ul>\n\t\t\n<style>\n#text-2218293988 {\n  font-size: 0.9rem;\n}\n@media (min-width:550px) {\n  #text-2218293988 {\n    font-size: 1rem;\n  }\n}\n<\/style>\n\t<\/div>\n\t\n\t\t<\/div>\n\t\t\t\t\n<style>\n#col-739082393 > .col-inner {\n  padding: 0px 0px 0px 0px;\n  margin: 0px 0px 0px 0px;\n}\n<\/style>\n\t<\/div>\n\n\t\n\n<style>\n#row-718079280 > .col > .col-inner {\n  padding: 0px 0px 0px 0px;\n}\n@media (min-width:550px) {\n  #row-718079280 > .col > .col-inner {\n    padding: 30px 0px 10px 0px;\n  }\n}\n<\/style>\n<\/div>\n<div class=\"is-divider divider clearfix\" style=\"max-width:1600px;height:2px;\"><\/div>\n<div class=\"row\"  id=\"row-58206178\">\n\n\t<div id=\"col-1819062045\" class=\"col medium-2 small-12 large-2\"  >\n\t\t\t\t<div class=\"col-inner\"  >\n\t\t\t\n\t\t\t\n\t<div id=\"text-147802836\" class=\"text\">\n\t\t\n<h3><strong>Specifications<\/strong><\/h3>\n\t\t\n<style>\n#text-147802836 {\n  font-size: 1.2rem;\n}\n@media (min-width:550px) {\n  #text-147802836 {\n    font-size: 1rem;\n  }\n}\n<\/style>\n\t<\/div>\n\t\n\t\t<\/div>\n\t\t\t\t\n<style>\n#col-1819062045 > .col-inner {\n  padding: 0px 0px 0px 0px;\n  margin: 7px 0px -20px 0px;\n}\n@media (min-width:550px) {\n  #col-1819062045 > .col-inner {\n    padding: 0px 0px 0px 0px;\n    margin: 0px 0px 0px 0px;\n  }\n}\n<\/style>\n\t<\/div>\n\n\t\n\n\t<div id=\"col-1503042328\" class=\"col medium-10 small-12 large-10\"  >\n\t\t\t\t<div class=\"col-inner\"  >\n\t\t\t\n\t\t\t\n\t<div id=\"text-190129333\" class=\"text\">\n\t\t\n<table cellspacing=\"0\" cellpadding=\"8\">\n<tbody>\n<tr>\n<th colspan=\"2\">DJI OM Multifunctional Module<\/th>\n<\/tr>\n<tr>\n<td>Weight<\/td>\n<td>Approx. 19 g<\/td>\n<\/tr>\n<tr>\n<td>GFSK<\/td>\n<td>2 Mbps<\/td>\n<\/tr>\n<tr>\n<td>GFSK Transmitter Power (EIRP)<\/td>\n<td>&lt;16 dBm<\/td>\n<\/tr>\n<tr>\n<td>GFSK Operating Frequency<\/td>\n<td>2.4000\u20132.4835 GHz<\/td>\n<\/tr>\n<tr>\n<td>Bluetooth Protocol<\/td>\n<td>Bluetooth 5.3<\/td>\n<\/tr>\n<tr>\n<td>Bluetooth Transmitter Power (EIRP)<\/td>\n<td>&lt;16 dBm<\/td>\n<\/tr>\n<tr>\n<td>Bluetooth Operating Frequency<\/td>\n<td>2.4000\u20132.4835 GHz<\/td>\n<\/tr>\n<tr>\n<td>Fill Light Illuminance<\/td>\n<td>40 lux*<br \/>\n<small>*0.6 m mesafede \u00f6l\u00e7\u00fclen maksimum parlakl\u0131k referans de\u011feri.<\/small><\/td>\n<\/tr>\n<tr>\n<td>Fill Light Color Temperature<\/td>\n<td>2500\u20136000 K<\/td>\n<\/tr>\n<tr>\n<th colspan=\"2\">Magnetic Phone Clamp<\/th>\n<\/tr>\n<tr>\n<td>Weight<\/td>\n<td>Approx. 28 g<\/td>\n<\/tr>\n<tr>\n<td>Compatible Phone Width<\/td>\n<td>67\u201384 mm<\/td>\n<\/tr>\n<tr>\n<td>Compatible Phone Thickness<\/td>\n<td>6.9\u201310 mm<\/td>\n<\/tr>\n<tr>\n<td>Compatible Phone Weight<\/td>\n<td>170\u2013300 g<\/td>\n<\/tr>\n<\/tbody>\n<\/table>\n\t\t\n<style>\n#text-190129333 {\n  font-size: 0.9rem;\n}\n@media (min-width:550px) {\n  #text-190129333 {\n    font-size: 1rem;\n  }\n}\n<\/style>\n\t<\/div>\n\t\n\t\t<\/div>\n\t\t\t\t\n<style>\n#col-1503042328 > .col-inner {\n  padding: 0px 0px 0px 0px;\n  margin: 0px 0px 0px 0px;\n}\n<\/style>\n\t<\/div>\n\n\t\n\n<style>\n#row-58206178 > .col > .col-inner {\n  padding: 0px 0px 0px 0px;\n}\n@media (min-width:550px) {\n  #row-58206178 > .col > .col-inner {\n    padding: 30px 0px 10px 0px;\n  }\n}\n<\/style>\n<\/div>","protected":false},"excerpt":{"rendered":"<ul>\n<li>Integrates with Osmo Mobile 8 Gimbal<\/li>\n<li>OM Multifunctional Module<\/li>\n<li>Enables Human\/Pet Tracking<\/li>\n<li>Magnetic Phone Clamp<\/li>\n<li>USB-C Charging and Audio Data Cable<\/li>\n<li>Built-In 40 Lux Fill Light<\/li>\n<li>Bluetooth 5.3 Support<\/li>\n<li>Works with Mic Mini\/Mic 2\/Mic 3<\/li>\n<li>Also Works with Osmo Mobile 7\/7P<\/li>\n<\/ul>","protected":false},"featured_media":118119,"template":"","meta":{"_acf_changed":false,"inline_featured_image":false},"pwb-brand":[9931],"product_cat":[15345],"product_tag":[15437,15438,15436,15439],"class_list":{"0":"post-118118","1":"product","2":"type-product","3":"status-publish","4":"has-post-thumbnail","6":"pwb-brand-dji","7":"product_cat-gimbal-accessories","8":"product_tag-osmo-mobile-7-tracking","9":"product_tag-osmo-mobile-7p-tracking","10":"product_tag-osmo-mobile-8-tracking","11":"product_tag-osmo-mobile-tracking","13":"first","14":"instock","15":"taxable","16":"shipping-taxable","17":"purchasable","18":"product-type-simple"},"acf":{"supplier":"EuropePV","buy_price":"32.9","last_sync":"2026-03-26"},"yoast_head":"<!-- This site is optimized with the Yoast SEO Premium plugin v21.8 (Yoast SEO v24.3) - https:\/\/yoast.com\/wordpress\/plugins\/seo\/ -->\n<title>DJI OM 8 Tracking Kit | Cinegear Amsterdam<\/title>\n<meta name=\"description\" content=\"Integrates with Osmo Mobile 8 Gimbal  OM Multifunctional Module  Enables Human\/Pet Tracking  Magnetic Phone Clamp  USB-C Charging and Audio Data Cable  Built-In 40 Lux Fill Light  Bluetooth 5.3 Support  Works with Mic Mini\/Mic 2\/Mic 3  Also Works with Osmo Mobile 7\/7P\" \/>\n<meta name=\"robots\" content=\"index, follow, max-snippet:-1, max-image-preview:large, max-video-preview:-1\" \/>\n<link rel=\"canonical\" href=\"https:\/\/cinegear.nl\/nl\/product\/dji-om-8-tracking-kit\/\" \/>\n<meta property=\"og:locale\" content=\"nl_NL\" \/>\n<meta property=\"og:type\" content=\"article\" \/>\n<meta property=\"og:title\" content=\"DJI OM 8 Tracking Kit\" \/>\n<meta property=\"og:description\" content=\"Integrates with Osmo Mobile 8 Gimbal  OM Multifunctional Module  Enables Human\/Pet Tracking  Magnetic Phone Clamp  USB-C Charging and Audio Data Cable  Built-In 40 Lux Fill Light  Bluetooth 5.3 Support  Works with Mic Mini\/Mic 2\/Mic 3  Also Works with Osmo Mobile 7\/7P\" \/>\n<meta property=\"og:url\" content=\"https:\/\/cinegear.nl\/nl\/product\/dji-om-8-tracking-kit\/\" \/>\n<meta property=\"og:site_name\" content=\"Cinegear Amsterdam\" \/>\n<meta property=\"article:modified_time\" content=\"2026-03-26T14:59:09+00:00\" \/>\n<meta property=\"og:image\" content=\"https:\/\/cinegear.nl\/wp-content\/uploads\/2025\/11\/DJI-OM-8-Tracking-Kit.jpg\" \/>\n\t<meta property=\"og:image:width\" content=\"800\" \/>\n\t<meta property=\"og:image:height\" content=\"800\" \/>\n\t<meta property=\"og:image:type\" content=\"image\/jpeg\" \/>\n<meta name=\"twitter:card\" content=\"summary_large_image\" \/>\n<meta name=\"twitter:label1\" content=\"Geschatte leestijd\" \/>\n\t<meta name=\"twitter:data1\" content=\"3 minuten\" \/>\n<script type=\"application\/ld+json\" class=\"yoast-schema-graph\">{\"@context\":\"https:\/\/schema.org\",\"@graph\":[{\"@type\":\"WebPage\",\"@id\":\"https:\/\/cinegear.nl\/product\/dji-om-8-tracking-kit\/\",\"url\":\"https:\/\/cinegear.nl\/product\/dji-om-8-tracking-kit\/\",\"name\":\"DJI OM 8 Tracking Kit | Cinegear Amsterdam\",\"isPartOf\":{\"@id\":\"https:\/\/cinegear.nl\/#website\"},\"primaryImageOfPage\":{\"@id\":\"https:\/\/cinegear.nl\/product\/dji-om-8-tracking-kit\/#primaryimage\"},\"image\":{\"@id\":\"https:\/\/cinegear.nl\/product\/dji-om-8-tracking-kit\/#primaryimage\"},\"thumbnailUrl\":\"https:\/\/cinegear.nl\/wp-content\/uploads\/2025\/11\/DJI-OM-8-Tracking-Kit.jpg\",\"datePublished\":\"2025-11-25T12:48:26+00:00\",\"dateModified\":\"2026-03-26T14:59:09+00:00\",\"description\":\"Integrates with Osmo Mobile 8 Gimbal OM Multifunctional Module Enables Human\/Pet Tracking Magnetic Phone Clamp USB-C Charging and Audio Data Cable Built-In 40 Lux Fill Light Bluetooth 5.3 Support Works with Mic Mini\/Mic 2\/Mic 3 Also Works with Osmo Mobile 7\/7P\",\"breadcrumb\":{\"@id\":\"https:\/\/cinegear.nl\/product\/dji-om-8-tracking-kit\/#breadcrumb\"},\"inLanguage\":\"nl-NL\",\"potentialAction\":[{\"@type\":\"ReadAction\",\"target\":[\"https:\/\/cinegear.nl\/product\/dji-om-8-tracking-kit\/\"]}]},{\"@type\":\"ImageObject\",\"inLanguage\":\"nl-NL\",\"@id\":\"https:\/\/cinegear.nl\/product\/dji-om-8-tracking-kit\/#primaryimage\",\"url\":\"https:\/\/cinegear.nl\/wp-content\/uploads\/2025\/11\/DJI-OM-8-Tracking-Kit.jpg\",\"contentUrl\":\"https:\/\/cinegear.nl\/wp-content\/uploads\/2025\/11\/DJI-OM-8-Tracking-Kit.jpg\",\"width\":800,\"height\":800},{\"@type\":\"BreadcrumbList\",\"@id\":\"https:\/\/cinegear.nl\/product\/dji-om-8-tracking-kit\/#breadcrumb\",\"itemListElement\":[{\"@type\":\"ListItem\",\"position\":1,\"name\":\"Home\",\"item\":\"https:\/\/cinegear.nl\/\"},{\"@type\":\"ListItem\",\"position\":2,\"name\":\"Store\",\"item\":\"https:\/\/cinegear.nl\/product-category-kine-cameras\/\"},{\"@type\":\"ListItem\",\"position\":3,\"name\":\"DJI OM 8 Tracking Kit\"}]},{\"@type\":\"WebSite\",\"@id\":\"https:\/\/cinegear.nl\/#website\",\"url\":\"https:\/\/cinegear.nl\/\",\"name\":\"Cinegear Amsterdam\",\"description\":\"\",\"publisher\":{\"@id\":\"https:\/\/cinegear.nl\/#organization\"},\"potentialAction\":[{\"@type\":\"SearchAction\",\"target\":{\"@type\":\"EntryPoint\",\"urlTemplate\":\"https:\/\/cinegear.nl\/?s={search_term_string}\"},\"query-input\":{\"@type\":\"PropertyValueSpecification\",\"valueRequired\":true,\"valueName\":\"search_term_string\"}}],\"inLanguage\":\"nl-NL\"},{\"@type\":\"Organization\",\"@id\":\"https:\/\/cinegear.nl\/#organization\",\"name\":\"Cinegear\",\"url\":\"https:\/\/cinegear.nl\/\",\"logo\":{\"@type\":\"ImageObject\",\"inLanguage\":\"nl-NL\",\"@id\":\"https:\/\/cinegear.nl\/#\/schema\/logo\/image\/\",\"url\":\"https:\/\/cinegear.nl\/wp-content\/uploads\/2019\/12\/Transparent_Normal_Logo.jpg\",\"contentUrl\":\"https:\/\/cinegear.nl\/wp-content\/uploads\/2019\/12\/Transparent_Normal_Logo.jpg\",\"width\":858,\"height\":782,\"caption\":\"Cinegear\"},\"image\":{\"@id\":\"https:\/\/cinegear.nl\/#\/schema\/logo\/image\/\"}}]}<\/script>\n<!-- \/ Yoast SEO Premium plugin. -->","yoast_head_json":{"title":"DJI OM 8 Tracking Kit | Cinegear Amsterdam","description":"Integrates with Osmo Mobile 8 Gimbal  OM Multifunctional Module  Enables Human\/Pet Tracking  Magnetic Phone Clamp  USB-C Charging and Audio Data Cable  Built-In 40 Lux Fill Light  Bluetooth 5.3 Support  Works with Mic Mini\/Mic 2\/Mic 3  Also Works with Osmo Mobile 7\/7P","robots":{"index":"index","follow":"follow","max-snippet":"max-snippet:-1","max-image-preview":"max-image-preview:large","max-video-preview":"max-video-preview:-1"},"canonical":"https:\/\/cinegear.nl\/nl\/product\/dji-om-8-tracking-kit\/","og_locale":"nl_NL","og_type":"article","og_title":"DJI OM 8 Tracking Kit","og_description":"Integrates with Osmo Mobile 8 Gimbal  OM Multifunctional Module  Enables Human\/Pet Tracking  Magnetic Phone Clamp  USB-C Charging and Audio Data Cable  Built-In 40 Lux Fill Light  Bluetooth 5.3 Support  Works with Mic Mini\/Mic 2\/Mic 3  Also Works with Osmo Mobile 7\/7P","og_url":"https:\/\/cinegear.nl\/nl\/product\/dji-om-8-tracking-kit\/","og_site_name":"Cinegear Amsterdam","article_modified_time":"2026-03-26T14:59:09+00:00","og_image":[{"width":800,"height":800,"url":"https:\/\/cinegear.nl\/wp-content\/uploads\/2025\/11\/DJI-OM-8-Tracking-Kit.jpg","type":"image\/jpeg"}],"twitter_card":"summary_large_image","twitter_misc":{"Geschatte leestijd":"3 minuten"},"schema":{"@context":"https:\/\/schema.org","@graph":[{"@type":"WebPage","@id":"https:\/\/cinegear.nl\/product\/dji-om-8-tracking-kit\/","url":"https:\/\/cinegear.nl\/product\/dji-om-8-tracking-kit\/","name":"DJI OM 8 Tracking Kit | Cinegear Amsterdam","isPartOf":{"@id":"https:\/\/cinegear.nl\/#website"},"primaryImageOfPage":{"@id":"https:\/\/cinegear.nl\/product\/dji-om-8-tracking-kit\/#primaryimage"},"image":{"@id":"https:\/\/cinegear.nl\/product\/dji-om-8-tracking-kit\/#primaryimage"},"thumbnailUrl":"https:\/\/cinegear.nl\/wp-content\/uploads\/2025\/11\/DJI-OM-8-Tracking-Kit.jpg","datePublished":"2025-11-25T12:48:26+00:00","dateModified":"2026-03-26T14:59:09+00:00","description":"Integrates with Osmo Mobile 8 Gimbal OM Multifunctional Module Enables Human\/Pet Tracking Magnetic Phone Clamp USB-C Charging and Audio Data Cable Built-In 40 Lux Fill Light Bluetooth 5.3 Support Works with Mic Mini\/Mic 2\/Mic 3 Also Works with Osmo Mobile 7\/7P","breadcrumb":{"@id":"https:\/\/cinegear.nl\/product\/dji-om-8-tracking-kit\/#breadcrumb"},"inLanguage":"nl-NL","potentialAction":[{"@type":"ReadAction","target":["https:\/\/cinegear.nl\/product\/dji-om-8-tracking-kit\/"]}]},{"@type":"ImageObject","inLanguage":"nl-NL","@id":"https:\/\/cinegear.nl\/product\/dji-om-8-tracking-kit\/#primaryimage","url":"https:\/\/cinegear.nl\/wp-content\/uploads\/2025\/11\/DJI-OM-8-Tracking-Kit.jpg","contentUrl":"https:\/\/cinegear.nl\/wp-content\/uploads\/2025\/11\/DJI-OM-8-Tracking-Kit.jpg","width":800,"height":800},{"@type":"BreadcrumbList","@id":"https:\/\/cinegear.nl\/product\/dji-om-8-tracking-kit\/#breadcrumb","itemListElement":[{"@type":"ListItem","position":1,"name":"Home","item":"https:\/\/cinegear.nl\/"},{"@type":"ListItem","position":2,"name":"Store","item":"https:\/\/cinegear.nl\/product-category-kine-cameras\/"},{"@type":"ListItem","position":3,"name":"DJI OM 8 Tracking Kit"}]},{"@type":"WebSite","@id":"https:\/\/cinegear.nl\/#website","url":"https:\/\/cinegear.nl\/","name":"Cinegear Amsterdam","description":"","publisher":{"@id":"https:\/\/cinegear.nl\/#organization"},"potentialAction":[{"@type":"SearchAction","target":{"@type":"EntryPoint","urlTemplate":"https:\/\/cinegear.nl\/?s={search_term_string}"},"query-input":{"@type":"PropertyValueSpecification","valueRequired":true,"valueName":"search_term_string"}}],"inLanguage":"nl-NL"},{"@type":"Organization","@id":"https:\/\/cinegear.nl\/#organization","name":"Cinegear","url":"https:\/\/cinegear.nl\/","logo":{"@type":"ImageObject","inLanguage":"nl-NL","@id":"https:\/\/cinegear.nl\/#\/schema\/logo\/image\/","url":"https:\/\/cinegear.nl\/wp-content\/uploads\/2019\/12\/Transparent_Normal_Logo.jpg","contentUrl":"https:\/\/cinegear.nl\/wp-content\/uploads\/2019\/12\/Transparent_Normal_Logo.jpg","width":858,"height":782,"caption":"Cinegear"},"image":{"@id":"https:\/\/cinegear.nl\/#\/schema\/logo\/image\/"}}]}},"brands":[{"id":9931,"name":"DJI","slug":"dji"}],"_links":{"self":[{"href":"https:\/\/cinegear.nl\/nl\/wp-json\/wp\/v2\/product\/118118","targetHints":{"allow":["GET"]}}],"collection":[{"href":"https:\/\/cinegear.nl\/nl\/wp-json\/wp\/v2\/product"}],"about":[{"href":"https:\/\/cinegear.nl\/nl\/wp-json\/wp\/v2\/types\/product"}],"wp:featuredmedia":[{"embeddable":true,"href":"https:\/\/cinegear.nl\/nl\/wp-json\/wp\/v2\/media\/118119"}],"wp:attachment":[{"href":"https:\/\/cinegear.nl\/nl\/wp-json\/wp\/v2\/media?parent=118118"}],"wp:term":[{"taxonomy":"pwb-brand","embeddable":true,"href":"https:\/\/cinegear.nl\/nl\/wp-json\/wp\/v2\/pwb-brand?post=118118"},{"taxonomy":"product_cat","embeddable":true,"href":"https:\/\/cinegear.nl\/nl\/wp-json\/wp\/v2\/product_cat?post=118118"},{"taxonomy":"product_tag","embeddable":true,"href":"https:\/\/cinegear.nl\/nl\/wp-json\/wp\/v2\/product_tag?post=118118"}],"curies":[{"name":"wp","href":"https:\/\/api.w.org\/{rel}","templated":true}]}}