{"id":110290,"date":"2025-06-18T15:43:10","date_gmt":"2025-06-18T13:43:10","guid":{"rendered":"https:\/\/cinegear.nl\/?post_type=product&#038;p=110290"},"modified":"2025-06-25T16:18:50","modified_gmt":"2025-06-25T14:18:50","slug":"khanoptic-lumatray-o138","status":"publish","type":"product","link":"https:\/\/cinegear.nl\/nl\/product\/khanoptic-lumatray-o138\/","title":{"rendered":"Khan\u00d8ptic LumaTray \u00d8138"},"content":{"rendered":"<div class=\"row\"  id=\"row-299235927\">\n\n\t<div id=\"col-1704209146\" class=\"col medium-2 small-12 large-2\"  >\n\t\t\t\t<div class=\"col-inner\"  >\n\t\t\t\n\t\t\t\n<h3><strong>Overzicht<\/strong><\/h3>\n\t\t<\/div>\n\t\t\t\t\t<\/div>\n\n\t\n\n\t<div id=\"col-384617772\" class=\"col medium-10 small-12 large-10\"  >\n\t\t\t\t<div class=\"col-inner\"  >\n\t\t\t\n\t\t\t\n<p>LumaTray is a precision-engineered illuminated filter tray designed for use with KineticGlass. Built to fit standard 4&#215;5.6 matte boxes, it features a flicker-free bi-color LED system that activates the suspended particles within the KineticGlass, unlocking unique visual effects on camera. Controlled via Bluetooth mobile app or a wired button, users can fine-tune brightness, color temperature, direction, and light effects in real time. Powered by a P-tap to DC connector<\/p>\n\t\t<\/div>\n\t\t\t\t\t<\/div>\n\n\t\n\n<style>\n#row-299235927 > .col > .col-inner {\n  padding: 0px 0px 10px 0px;\n}\n<\/style>\n<\/div>\n<div class=\"is-divider divider clearfix\" style=\"max-width:1600px;height:2px;\"><\/div>\n<div class=\"row align-middle align-center\"  id=\"row-250872854\">\n\n\t<div id=\"col-78962993\" class=\"col medium-1 small-12 large-1\"  >\n\t\t\t\t<div class=\"col-inner\"  >\n\t\t\t\n\t\t\t\n\t\t<\/div>\n\t\t\t\t\t<\/div>\n\n\t\n\n\t<div id=\"col-1965139010\" class=\"col medium-6 small-12 large-6\"  >\n\t\t\t\t<div class=\"col-inner\"  >\n\t\t\t\n\t\t\t\n<h4>LumaTray<\/h4>\n<p>The LumaTray is an illuminated filter tray designed as an accessory for KineticGlass.<\/p>\n<p>This flicker-free bi-color light source will excite any particles present within the matte box.<\/p>\n<p>KineticGlass can be fully controlled at your fingertips via the dedicated Bluetooth Phone Application or hardwired button.<\/p>\n<p>Take control of brightness, color temp, direction, flank, and effects.<\/p>\n\t\t<\/div>\n\t\t\t\t\t<\/div>\n\n\t\n\n\t<div id=\"col-780233654\" class=\"col medium-5 small-12 large-5\"  >\n\t\t\t\t<div class=\"col-inner\"  >\n\t\t\t\n\t\t\t\n\t<div class=\"img has-hover x md-x lg-x y md-y lg-y\" id=\"image_1524077683\">\n\t\t\t\t\t\t\t\t<div class=\"img-inner dark\" >\n\t\t\t<img loading=\"lazy\" decoding=\"async\" width=\"600\" height=\"600\" src=\"https:\/\/cinegear.nl\/wp-content\/uploads\/2025\/06\/DiscoMidasLTsquare.gif\" class=\"attachment-original size-original\" alt=\"\" \/>\t\t\t\t\t\t\n\t\t\t\t\t<\/div>\n\t\t\t\t\t\t\t\t\n<style>\n#image_1524077683 {\n  width: 100%;\n}\n<\/style>\n\t<\/div>\n\t\n\t\t<\/div>\n\t\t\t\t\t<\/div>\n\n\t\n\n<style>\n#row-250872854 > .col > .col-inner {\n  padding: 30px 0px 10px 0px;\n}\n<\/style>\n<\/div>\n<div class=\"row align-middle align-center\"  id=\"row-510203273\">\n\n\t<div id=\"col-627918723\" class=\"col medium-1 small-12 large-1\"  >\n\t\t\t\t<div class=\"col-inner\"  >\n\t\t\t\n\t\t\t\n\t\t<\/div>\n\t\t\t\t\t<\/div>\n\n\t\n\n\t<div id=\"col-2053735513\" class=\"col medium-6 small-12 large-6\"  >\n\t\t\t\t<div class=\"col-inner\"  >\n\t\t\t\n\t\t\t\n<h4><strong>LumaTray Application<\/strong><\/h4>\n<p>Take full control of your KineticGlass system in real time with the LumaTray Bluetooth Application.<\/p>\n<p>Adjust brightness, color temperature, light direction, and activate dynamic lighting effects \u2014 all from your mobile device.<\/p>\n<ul>\n<li>Realtime wireless control<\/li>\n<li>Flash, Pulse, and Orbit effects<\/li>\n<li>Adjustable LED temperature (3200K\u20134800K)<\/li>\n<li>Fine-tune direction, intensity, and flank<\/li>\n<li>Available for <a href=\"https:\/\/apps.apple.com\/us\/app\/lumatray\/id1596065642\">iOS<\/a> and <a href=\"https:\/\/play.google.com\/store\/apps\/details?id=com.ble_lumatray.app\">Android<\/a><\/li>\n<\/ul>\n\t\t<\/div>\n\t\t\t\t\t<\/div>\n\n\t\n\n\t<div id=\"col-1945595155\" class=\"col medium-5 small-12 large-5\"  >\n\t\t\t\t<div class=\"col-inner\"  >\n\t\t\t\n\t\t\t\n\t<div class=\"img has-hover x md-x lg-x y md-y lg-y\" id=\"image_35147663\">\n\t\t\t\t\t\t\t\t<div class=\"img-inner dark\" >\n\t\t\t<img loading=\"lazy\" decoding=\"async\" width=\"2430\" height=\"2240\" src=\"https:\/\/cinegear.nl\/wp-content\/uploads\/2025\/06\/KhanOpticLumaTrayApplicaitonWebsite.png\" class=\"attachment-original size-original\" alt=\"\" srcset=\"https:\/\/cinegear.nl\/wp-content\/uploads\/2025\/06\/KhanOpticLumaTrayApplicaitonWebsite.png 2430w, https:\/\/cinegear.nl\/wp-content\/uploads\/2025\/06\/KhanOpticLumaTrayApplicaitonWebsite-300x277.png 300w, https:\/\/cinegear.nl\/wp-content\/uploads\/2025\/06\/KhanOpticLumaTrayApplicaitonWebsite-1024x944.png 1024w, https:\/\/cinegear.nl\/wp-content\/uploads\/2025\/06\/KhanOpticLumaTrayApplicaitonWebsite-768x708.png 768w, https:\/\/cinegear.nl\/wp-content\/uploads\/2025\/06\/KhanOpticLumaTrayApplicaitonWebsite-1536x1416.png 1536w, https:\/\/cinegear.nl\/wp-content\/uploads\/2025\/06\/KhanOpticLumaTrayApplicaitonWebsite-2048x1888.png 2048w, https:\/\/cinegear.nl\/wp-content\/uploads\/2025\/06\/KhanOpticLumaTrayApplicaitonWebsite-13x12.png 13w, https:\/\/cinegear.nl\/wp-content\/uploads\/2025\/06\/KhanOpticLumaTrayApplicaitonWebsite-1000x922.png 1000w\" sizes=\"auto, (max-width: 2430px) 100vw, 2430px\" \/>\t\t\t\t\t\t\n\t\t\t\t\t<\/div>\n\t\t\t\t\t\t\t\t\n<style>\n#image_35147663 {\n  width: 100%;\n}\n<\/style>\n\t<\/div>\n\t\n\t\t<\/div>\n\t\t\t\t\t<\/div>\n\n\t\n\n<style>\n#row-510203273 > .col > .col-inner {\n  padding: 30px 0px 10px 0px;\n}\n<\/style>\n<\/div>\n\t<div class=\"img has-hover x md-x lg-x y md-y lg-y\" id=\"image_1630222114\">\n\t\t\t\t\t\t\t\t<div class=\"img-inner dark\" >\n\t\t\t<img loading=\"lazy\" decoding=\"async\" width=\"600\" height=\"338\" src=\"https:\/\/cinegear.nl\/wp-content\/uploads\/2025\/06\/lumatrayappinuse.gif\" class=\"attachment-original size-original\" alt=\"\" \/>\t\t\t\t\t\t\n\t\t\t\t\t<\/div>\n\t\t\t\t\t\t\t\t\n<style>\n#image_1630222114 {\n  width: 100%;\n}\n<\/style>\n\t<\/div>\n\t\n<div class=\"row\"  id=\"row-885727993\">\n\n\t<div id=\"col-1210247051\" class=\"col medium-3 small-12 large-3\"  >\n\t\t\t\t<div class=\"col-inner\"  >\n\t\t\t\n\t\t\t\n\t<div class=\"img has-hover x md-x lg-x y md-y lg-y\" id=\"image_522252246\">\n\t\t\t\t\t\t\t\t<div class=\"img-inner dark\" >\n\t\t\t<img loading=\"lazy\" decoding=\"async\" width=\"500\" height=\"500\" src=\"https:\/\/cinegear.nl\/wp-content\/uploads\/2025\/06\/LumaTray-Brightness.gif\" class=\"attachment-original size-original\" alt=\"\" \/>\t\t\t\t\t\t\n\t\t\t\t\t<\/div>\n\t\t\t\t\t\t\t\t\n<style>\n#image_522252246 {\n  width: 100%;\n}\n<\/style>\n\t<\/div>\n\t\n\t<div id=\"text-3079917039\" class=\"text\">\n\t\t\n<h4>Brightness<\/h4>\n<p>Control Brightness<\/p>\n\t\t\n<style>\n#text-3079917039 {\n  text-align: center;\n}\n<\/style>\n\t<\/div>\n\t\n\t\t<\/div>\n\t\t\t\t\t<\/div>\n\n\t\n\n\t<div id=\"col-2083498884\" class=\"col medium-3 small-12 large-3\"  >\n\t\t\t\t<div class=\"col-inner\"  >\n\t\t\t\n\t\t\t\n\t<div class=\"img has-hover x md-x lg-x y md-y lg-y\" id=\"image_1588988225\">\n\t\t\t\t\t\t\t\t<div class=\"img-inner dark\" >\n\t\t\t<img loading=\"lazy\" decoding=\"async\" width=\"500\" height=\"500\" src=\"https:\/\/cinegear.nl\/wp-content\/uploads\/2025\/06\/LumaTray-ColorTemp.gif\" class=\"attachment-original size-original\" alt=\"\" \/>\t\t\t\t\t\t\n\t\t\t\t\t<\/div>\n\t\t\t\t\t\t\t\t\n<style>\n#image_1588988225 {\n  width: 100%;\n}\n<\/style>\n\t<\/div>\n\t\n\t<div id=\"text-3865340993\" class=\"text\">\n\t\t\n<h4>Color Temp<\/h4>\n<p>3200K &#8211; 4800K<\/p>\n\t\t\n<style>\n#text-3865340993 {\n  text-align: center;\n}\n<\/style>\n\t<\/div>\n\t\n\t\t<\/div>\n\t\t\t\t\t<\/div>\n\n\t\n\n\t<div id=\"col-1817510679\" class=\"col medium-3 small-12 large-3\"  >\n\t\t\t\t<div class=\"col-inner\"  >\n\t\t\t\n\t\t\t\n\t<div class=\"img has-hover x md-x lg-x y md-y lg-y\" id=\"image_557893219\">\n\t\t\t\t\t\t\t\t<div class=\"img-inner dark\" >\n\t\t\t<img loading=\"lazy\" decoding=\"async\" width=\"500\" height=\"500\" src=\"https:\/\/cinegear.nl\/wp-content\/uploads\/2025\/06\/LTFlank.gif\" class=\"attachment-original size-original\" alt=\"\" \/>\t\t\t\t\t\t\n\t\t\t\t\t<\/div>\n\t\t\t\t\t\t\t\t\n<style>\n#image_557893219 {\n  width: 100%;\n}\n<\/style>\n\t<\/div>\n\t\n\t<div id=\"text-935254834\" class=\"text\">\n\t\t\n<h4>Flank<\/h4>\n<p>Control the number of active LEDs<\/p>\n\t\t\n<style>\n#text-935254834 {\n  text-align: center;\n}\n<\/style>\n\t<\/div>\n\t\n\t\t<\/div>\n\t\t\t\t\t<\/div>\n\n\t\n\n\t<div id=\"col-1113913992\" class=\"col medium-3 small-12 large-3\"  >\n\t\t\t\t<div class=\"col-inner\"  >\n\t\t\t\n\t\t\t\n\t<div class=\"img has-hover x md-x lg-x y md-y lg-y\" id=\"image_292813923\">\n\t\t\t\t\t\t\t\t<div class=\"img-inner dark\" >\n\t\t\t<img loading=\"lazy\" decoding=\"async\" width=\"500\" height=\"500\" src=\"https:\/\/cinegear.nl\/wp-content\/uploads\/2025\/06\/LumaTray-Direction.gif\" class=\"attachment-original size-original\" alt=\"\" \/>\t\t\t\t\t\t\n\t\t\t\t\t<\/div>\n\t\t\t\t\t\t\t\t\n<style>\n#image_292813923 {\n  width: 100%;\n}\n<\/style>\n\t<\/div>\n\t\n\t<div id=\"text-2083918407\" class=\"text\">\n\t\t\n<h4>Direction<\/h4>\n<p>Control the direction of the light<\/p>\n\t\t\n<style>\n#text-2083918407 {\n  text-align: center;\n}\n<\/style>\n\t<\/div>\n\t\n\t\t<\/div>\n\t\t\t\t\t<\/div>\n\n\t\n\n<style>\n#row-885727993 > .col > .col-inner {\n  padding: 25px 0px 0px 0px;\n}\n<\/style>\n<\/div>\n<div class=\"row align-middle align-center\"  id=\"row-196101283\">\n\n\t<div id=\"col-1083550573\" class=\"col medium-3 small-12 large-3\"  >\n\t\t\t\t<div class=\"col-inner\"  >\n\t\t\t\n\t\t\t\n\t<div class=\"img has-hover x md-x lg-x y md-y lg-y\" id=\"image_1412594082\">\n\t\t\t\t\t\t\t\t<div class=\"img-inner dark\" >\n\t\t\t<img loading=\"lazy\" decoding=\"async\" width=\"600\" height=\"600\" src=\"https:\/\/cinegear.nl\/wp-content\/uploads\/2025\/06\/LumaTray-Flash.gif\" class=\"attachment-original size-original\" alt=\"\" \/>\t\t\t\t\t\t\n\t\t\t\t\t<\/div>\n\t\t\t\t\t\t\t\t\n<style>\n#image_1412594082 {\n  width: 100%;\n}\n<\/style>\n\t<\/div>\n\t\n\t<div id=\"text-4122394169\" class=\"text\">\n\t\t\n<h4>Flash<\/h4>\n<p>Control On and Off time<\/p>\n\t\t\n<style>\n#text-4122394169 {\n  text-align: center;\n}\n<\/style>\n\t<\/div>\n\t\n\t\t<\/div>\n\t\t\t\t\t<\/div>\n\n\t\n\n\t<div id=\"col-38718838\" class=\"col medium-3 small-12 large-3\"  >\n\t\t\t\t<div class=\"col-inner\"  >\n\t\t\t\n\t\t\t\n\t<div class=\"img has-hover x md-x lg-x y md-y lg-y\" id=\"image_353673375\">\n\t\t\t\t\t\t\t\t<div class=\"img-inner dark\" >\n\t\t\t<img loading=\"lazy\" decoding=\"async\" width=\"600\" height=\"600\" src=\"https:\/\/cinegear.nl\/wp-content\/uploads\/2025\/06\/LumaTray-Pulse.gif\" class=\"attachment-original size-original\" alt=\"\" \/>\t\t\t\t\t\t\n\t\t\t\t\t<\/div>\n\t\t\t\t\t\t\t\t\n<style>\n#image_353673375 {\n  width: 100%;\n}\n<\/style>\n\t<\/div>\n\t\n\t<div id=\"text-2174258096\" class=\"text\">\n\t\t\n<h4>Pulse<\/h4>\n<p>Control On and Off time<\/p>\n\t\t\n<style>\n#text-2174258096 {\n  text-align: center;\n}\n<\/style>\n\t<\/div>\n\t\n\t\t<\/div>\n\t\t\t\t\t<\/div>\n\n\t\n\n\t<div id=\"col-74244963\" class=\"col medium-3 small-12 large-3\"  >\n\t\t\t\t<div class=\"col-inner\"  >\n\t\t\t\n\t\t\t\n\t<div class=\"img has-hover x md-x lg-x y md-y lg-y\" id=\"image_1023045968\">\n\t\t\t\t\t\t\t\t<div class=\"img-inner dark\" >\n\t\t\t<img loading=\"lazy\" decoding=\"async\" width=\"600\" height=\"600\" src=\"https:\/\/cinegear.nl\/wp-content\/uploads\/2025\/06\/LumaTray-Orbit.gif\" class=\"attachment-original size-original\" alt=\"\" \/>\t\t\t\t\t\t\n\t\t\t\t\t<\/div>\n\t\t\t\t\t\t\t\t\n<style>\n#image_1023045968 {\n  width: 100%;\n}\n<\/style>\n\t<\/div>\n\t\n\t<div id=\"text-865211990\" class=\"text\">\n\t\t\n<h4>Orbit<\/h4>\n<p>Control RPM and Direction<\/p>\n\t\t\n<style>\n#text-865211990 {\n  text-align: center;\n}\n<\/style>\n\t<\/div>\n\t\n\t\t<\/div>\n\t\t\t\t\t<\/div>\n\n\t\n<\/div>\n<div class=\"row\"  id=\"row-1603678399\">\n\n\t<div id=\"col-99856313\" class=\"col medium-6 small-12 large-6\"  >\n\t\t\t\t<div class=\"col-inner\"  >\n\t\t\t\n\t\t\t\n\t<div class=\"img has-hover x md-x lg-x y md-y lg-y\" id=\"image_693927199\">\n\t\t\t\t\t\t\t\t<div class=\"img-inner dark\" >\n\t\t\t<img loading=\"lazy\" decoding=\"async\" width=\"600\" height=\"338\" src=\"https:\/\/cinegear.nl\/wp-content\/uploads\/2025\/06\/KineticGlassRainbowncediscoholographicChelsea.gif\" class=\"attachment-original size-original\" alt=\"\" \/>\t\t\t\t\t\t\n\t\t\t\t\t<\/div>\n\t\t\t\t\t\t\t\t\n<style>\n#image_693927199 {\n  width: 100%;\n}\n<\/style>\n\t<\/div>\n\t\n\t\t<\/div>\n\t\t\t\t\t<\/div>\n\n\t\n\n\t<div id=\"col-146423264\" class=\"col medium-6 small-12 large-6\"  >\n\t\t\t\t<div class=\"col-inner\"  >\n\t\t\t\n\t\t\t\n\t<div class=\"img has-hover x md-x lg-x y md-y lg-y\" id=\"image_1089192002\">\n\t\t\t\t\t\t\t\t<div class=\"img-inner dark\" >\n\t\t\t<img loading=\"lazy\" decoding=\"async\" width=\"600\" height=\"338\" src=\"https:\/\/cinegear.nl\/wp-content\/uploads\/2025\/06\/KGLTChelseaTinsel.gif\" class=\"attachment-original size-original\" alt=\"\" \/>\t\t\t\t\t\t\n\t\t\t\t\t<\/div>\n\t\t\t\t\t\t\t\t\n<style>\n#image_1089192002 {\n  width: 100%;\n}\n<\/style>\n\t<\/div>\n\t\n\t\t<\/div>\n\t\t\t\t\t<\/div>\n\n\t\n\n\t<div id=\"col-1131248862\" class=\"col small-12 large-12\"  >\n\t\t\t\t<div class=\"col-inner\"  >\n\t\t\t\n\t\t\t\n\t<div class=\"img has-hover x md-x lg-x y md-y lg-y\" id=\"image_4451678\">\n\t\t\t\t\t\t\t\t<div class=\"img-inner dark\" >\n\t\t\t<img loading=\"lazy\" decoding=\"async\" width=\"600\" height=\"338\" src=\"https:\/\/cinegear.nl\/wp-content\/uploads\/2025\/06\/NoiseMikeBlvdLTOrbit.gif\" class=\"attachment-original size-original\" alt=\"\" \/>\t\t\t\t\t\t\n\t\t\t\t\t<\/div>\n\t\t\t\t\t\t\t\t\n<style>\n#image_4451678 {\n  width: 100%;\n}\n<\/style>\n\t<\/div>\n\t\n\t\t<\/div>\n\t\t\t\t\t<\/div>\n\n\t\n<\/div>","protected":false},"excerpt":{"rendered":"<ul>\n<li>\u00d8138mm illuminated filter tray<\/li>\n<li>Fits standard 4&#215;5.6 matte boxes<\/li>\n<li>Compatible with KineticGlass<\/li>\n<li>Flicker-free bi-color LED light<\/li>\n<li>Bluetooth control via mobile app<\/li>\n<li>Wired button control option<\/li>\n<li>Adjustable brightness &amp; color temp<\/li>\n<li>Light effects: Flash, Pulse, Orbit<\/li>\n<li>Powered via P-tap to DC connector<\/li>\n<\/ul>","protected":false},"featured_media":110291,"template":"","meta":{"_acf_changed":false,"inline_featured_image":false},"pwb-brand":[15241],"product_cat":[403],"product_tag":[15242,15243,15244],"class_list":{"0":"post-110290","1":"product","2":"type-product","3":"status-publish","4":"has-post-thumbnail","6":"pwb-brand-khanoptic","7":"product_cat-filters","8":"product_tag-khanoptic","9":"product_tag-kineticglass","10":"product_tag-luma-tray","12":"first","13":"onbackorder","14":"taxable","15":"shipping-taxable","16":"purchasable","17":"product-type-simple"},"acf":{"supplier":"","buy_price":"","last_sync":""},"yoast_head":"<!-- This site is optimized with the Yoast SEO Premium plugin v21.8 (Yoast SEO v24.3) - https:\/\/yoast.com\/wordpress\/plugins\/seo\/ -->\n<title>Khan\u00d8ptic LumaTray \u00d8138 | Cinegear Amsterdam<\/title>\n<meta name=\"description\" content=\"\u00d8138mm illuminated filter tray  Fits standard 4x5.6 matte boxes  Compatible with KineticGlass  Flicker-free bi-color LED light  Bluetooth control via mobile app  Wired button control option  Adjustable brightness &amp; color temp  Light effects: Flash, Pulse, Orbit  Powered via P-tap to DC connector\" \/>\n<meta name=\"robots\" content=\"index, follow, max-snippet:-1, max-image-preview:large, max-video-preview:-1\" \/>\n<link rel=\"canonical\" href=\"https:\/\/cinegear.nl\/nl\/product\/khanoptic-lumatray-o138\/\" \/>\n<meta property=\"og:locale\" content=\"nl_NL\" \/>\n<meta property=\"og:type\" content=\"article\" \/>\n<meta property=\"og:title\" content=\"Khan\u00d8ptic LumaTray \u00d8138\" \/>\n<meta property=\"og:description\" content=\"\u00d8138mm illuminated filter tray  Fits standard 4x5.6 matte boxes  Compatible with KineticGlass  Flicker-free bi-color LED light  Bluetooth control via mobile app  Wired button control option  Adjustable brightness &amp; color temp  Light effects: Flash, Pulse, Orbit  Powered via P-tap to DC connector\" \/>\n<meta property=\"og:url\" content=\"https:\/\/cinegear.nl\/nl\/product\/khanoptic-lumatray-o138\/\" \/>\n<meta property=\"og:site_name\" content=\"Cinegear Amsterdam\" \/>\n<meta property=\"article:modified_time\" content=\"2025-06-25T14:18:50+00:00\" \/>\n<meta property=\"og:image\" content=\"https:\/\/cinegear.nl\/wp-content\/uploads\/2025\/06\/KhanOptic-LumaTray-O138.jpg\" \/>\n\t<meta property=\"og:image:width\" content=\"1500\" \/>\n\t<meta property=\"og:image:height\" content=\"1500\" \/>\n\t<meta property=\"og:image:type\" content=\"image\/jpeg\" \/>\n<meta name=\"twitter:card\" content=\"summary_large_image\" \/>\n<meta name=\"twitter:label1\" content=\"Geschatte leestijd\" \/>\n\t<meta name=\"twitter:data1\" content=\"2 minuten\" \/>\n<script type=\"application\/ld+json\" class=\"yoast-schema-graph\">{\"@context\":\"https:\/\/schema.org\",\"@graph\":[{\"@type\":\"WebPage\",\"@id\":\"https:\/\/cinegear.nl\/product\/khanoptic-lumatray-o138\/\",\"url\":\"https:\/\/cinegear.nl\/product\/khanoptic-lumatray-o138\/\",\"name\":\"Khan\u00d8ptic LumaTray \u00d8138 | Cinegear Amsterdam\",\"isPartOf\":{\"@id\":\"https:\/\/cinegear.nl\/#website\"},\"primaryImageOfPage\":{\"@id\":\"https:\/\/cinegear.nl\/product\/khanoptic-lumatray-o138\/#primaryimage\"},\"image\":{\"@id\":\"https:\/\/cinegear.nl\/product\/khanoptic-lumatray-o138\/#primaryimage\"},\"thumbnailUrl\":\"https:\/\/cinegear.nl\/wp-content\/uploads\/2025\/06\/KhanOptic-LumaTray-O138.jpg\",\"datePublished\":\"2025-06-18T13:43:10+00:00\",\"dateModified\":\"2025-06-25T14:18:50+00:00\",\"description\":\"\u00d8138mm illuminated filter tray Fits standard 4x5.6 matte boxes Compatible with KineticGlass Flicker-free bi-color LED light Bluetooth control via mobile app Wired button control option Adjustable brightness &amp; color temp Light effects: Flash, Pulse, Orbit Powered via P-tap to DC connector\",\"breadcrumb\":{\"@id\":\"https:\/\/cinegear.nl\/product\/khanoptic-lumatray-o138\/#breadcrumb\"},\"inLanguage\":\"nl-NL\",\"potentialAction\":[{\"@type\":\"ReadAction\",\"target\":[\"https:\/\/cinegear.nl\/product\/khanoptic-lumatray-o138\/\"]}]},{\"@type\":\"ImageObject\",\"inLanguage\":\"nl-NL\",\"@id\":\"https:\/\/cinegear.nl\/product\/khanoptic-lumatray-o138\/#primaryimage\",\"url\":\"https:\/\/cinegear.nl\/wp-content\/uploads\/2025\/06\/KhanOptic-LumaTray-O138.jpg\",\"contentUrl\":\"https:\/\/cinegear.nl\/wp-content\/uploads\/2025\/06\/KhanOptic-LumaTray-O138.jpg\",\"width\":1500,\"height\":1500},{\"@type\":\"BreadcrumbList\",\"@id\":\"https:\/\/cinegear.nl\/product\/khanoptic-lumatray-o138\/#breadcrumb\",\"itemListElement\":[{\"@type\":\"ListItem\",\"position\":1,\"name\":\"Home\",\"item\":\"https:\/\/cinegear.nl\/\"},{\"@type\":\"ListItem\",\"position\":2,\"name\":\"Store\",\"item\":\"https:\/\/cinegear.nl\/product-category-kine-cameras\/\"},{\"@type\":\"ListItem\",\"position\":3,\"name\":\"Khan\u00d8ptic LumaTray \u00d8138\"}]},{\"@type\":\"WebSite\",\"@id\":\"https:\/\/cinegear.nl\/#website\",\"url\":\"https:\/\/cinegear.nl\/\",\"name\":\"Cinegear Amsterdam\",\"description\":\"\",\"publisher\":{\"@id\":\"https:\/\/cinegear.nl\/#organization\"},\"potentialAction\":[{\"@type\":\"SearchAction\",\"target\":{\"@type\":\"EntryPoint\",\"urlTemplate\":\"https:\/\/cinegear.nl\/?s={search_term_string}\"},\"query-input\":{\"@type\":\"PropertyValueSpecification\",\"valueRequired\":true,\"valueName\":\"search_term_string\"}}],\"inLanguage\":\"nl-NL\"},{\"@type\":\"Organization\",\"@id\":\"https:\/\/cinegear.nl\/#organization\",\"name\":\"Cinegear\",\"url\":\"https:\/\/cinegear.nl\/\",\"logo\":{\"@type\":\"ImageObject\",\"inLanguage\":\"nl-NL\",\"@id\":\"https:\/\/cinegear.nl\/#\/schema\/logo\/image\/\",\"url\":\"https:\/\/cinegear.nl\/wp-content\/uploads\/2019\/12\/Transparent_Normal_Logo.jpg\",\"contentUrl\":\"https:\/\/cinegear.nl\/wp-content\/uploads\/2019\/12\/Transparent_Normal_Logo.jpg\",\"width\":858,\"height\":782,\"caption\":\"Cinegear\"},\"image\":{\"@id\":\"https:\/\/cinegear.nl\/#\/schema\/logo\/image\/\"}}]}<\/script>\n<!-- \/ Yoast SEO Premium plugin. -->","yoast_head_json":{"title":"Khan\u00d8ptic LumaTray \u00d8138 | Cinegear Amsterdam","description":"\u00d8138mm illuminated filter tray  Fits standard 4x5.6 matte boxes  Compatible with KineticGlass  Flicker-free bi-color LED light  Bluetooth control via mobile app  Wired button control option  Adjustable brightness &amp; color temp  Light effects: Flash, Pulse, Orbit  Powered via P-tap to DC connector","robots":{"index":"index","follow":"follow","max-snippet":"max-snippet:-1","max-image-preview":"max-image-preview:large","max-video-preview":"max-video-preview:-1"},"canonical":"https:\/\/cinegear.nl\/nl\/product\/khanoptic-lumatray-o138\/","og_locale":"nl_NL","og_type":"article","og_title":"Khan\u00d8ptic LumaTray \u00d8138","og_description":"\u00d8138mm illuminated filter tray  Fits standard 4x5.6 matte boxes  Compatible with KineticGlass  Flicker-free bi-color LED light  Bluetooth control via mobile app  Wired button control option  Adjustable brightness &amp; color temp  Light effects: Flash, Pulse, Orbit  Powered via P-tap to DC connector","og_url":"https:\/\/cinegear.nl\/nl\/product\/khanoptic-lumatray-o138\/","og_site_name":"Cinegear Amsterdam","article_modified_time":"2025-06-25T14:18:50+00:00","og_image":[{"width":1500,"height":1500,"url":"https:\/\/cinegear.nl\/wp-content\/uploads\/2025\/06\/KhanOptic-LumaTray-O138.jpg","type":"image\/jpeg"}],"twitter_card":"summary_large_image","twitter_misc":{"Geschatte leestijd":"2 minuten"},"schema":{"@context":"https:\/\/schema.org","@graph":[{"@type":"WebPage","@id":"https:\/\/cinegear.nl\/product\/khanoptic-lumatray-o138\/","url":"https:\/\/cinegear.nl\/product\/khanoptic-lumatray-o138\/","name":"Khan\u00d8ptic LumaTray \u00d8138 | Cinegear Amsterdam","isPartOf":{"@id":"https:\/\/cinegear.nl\/#website"},"primaryImageOfPage":{"@id":"https:\/\/cinegear.nl\/product\/khanoptic-lumatray-o138\/#primaryimage"},"image":{"@id":"https:\/\/cinegear.nl\/product\/khanoptic-lumatray-o138\/#primaryimage"},"thumbnailUrl":"https:\/\/cinegear.nl\/wp-content\/uploads\/2025\/06\/KhanOptic-LumaTray-O138.jpg","datePublished":"2025-06-18T13:43:10+00:00","dateModified":"2025-06-25T14:18:50+00:00","description":"\u00d8138mm illuminated filter tray Fits standard 4x5.6 matte boxes Compatible with KineticGlass Flicker-free bi-color LED light Bluetooth control via mobile app Wired button control option Adjustable brightness &amp; color temp Light effects: Flash, Pulse, Orbit Powered via P-tap to DC connector","breadcrumb":{"@id":"https:\/\/cinegear.nl\/product\/khanoptic-lumatray-o138\/#breadcrumb"},"inLanguage":"nl-NL","potentialAction":[{"@type":"ReadAction","target":["https:\/\/cinegear.nl\/product\/khanoptic-lumatray-o138\/"]}]},{"@type":"ImageObject","inLanguage":"nl-NL","@id":"https:\/\/cinegear.nl\/product\/khanoptic-lumatray-o138\/#primaryimage","url":"https:\/\/cinegear.nl\/wp-content\/uploads\/2025\/06\/KhanOptic-LumaTray-O138.jpg","contentUrl":"https:\/\/cinegear.nl\/wp-content\/uploads\/2025\/06\/KhanOptic-LumaTray-O138.jpg","width":1500,"height":1500},{"@type":"BreadcrumbList","@id":"https:\/\/cinegear.nl\/product\/khanoptic-lumatray-o138\/#breadcrumb","itemListElement":[{"@type":"ListItem","position":1,"name":"Home","item":"https:\/\/cinegear.nl\/"},{"@type":"ListItem","position":2,"name":"Store","item":"https:\/\/cinegear.nl\/product-category-kine-cameras\/"},{"@type":"ListItem","position":3,"name":"Khan\u00d8ptic LumaTray \u00d8138"}]},{"@type":"WebSite","@id":"https:\/\/cinegear.nl\/#website","url":"https:\/\/cinegear.nl\/","name":"Cinegear Amsterdam","description":"","publisher":{"@id":"https:\/\/cinegear.nl\/#organization"},"potentialAction":[{"@type":"SearchAction","target":{"@type":"EntryPoint","urlTemplate":"https:\/\/cinegear.nl\/?s={search_term_string}"},"query-input":{"@type":"PropertyValueSpecification","valueRequired":true,"valueName":"search_term_string"}}],"inLanguage":"nl-NL"},{"@type":"Organization","@id":"https:\/\/cinegear.nl\/#organization","name":"Cinegear","url":"https:\/\/cinegear.nl\/","logo":{"@type":"ImageObject","inLanguage":"nl-NL","@id":"https:\/\/cinegear.nl\/#\/schema\/logo\/image\/","url":"https:\/\/cinegear.nl\/wp-content\/uploads\/2019\/12\/Transparent_Normal_Logo.jpg","contentUrl":"https:\/\/cinegear.nl\/wp-content\/uploads\/2019\/12\/Transparent_Normal_Logo.jpg","width":858,"height":782,"caption":"Cinegear"},"image":{"@id":"https:\/\/cinegear.nl\/#\/schema\/logo\/image\/"}}]}},"brands":[{"id":15241,"name":"Khan\u00d8ptic","slug":"khanoptic"}],"_links":{"self":[{"href":"https:\/\/cinegear.nl\/nl\/wp-json\/wp\/v2\/product\/110290","targetHints":{"allow":["GET"]}}],"collection":[{"href":"https:\/\/cinegear.nl\/nl\/wp-json\/wp\/v2\/product"}],"about":[{"href":"https:\/\/cinegear.nl\/nl\/wp-json\/wp\/v2\/types\/product"}],"wp:featuredmedia":[{"embeddable":true,"href":"https:\/\/cinegear.nl\/nl\/wp-json\/wp\/v2\/media\/110291"}],"wp:attachment":[{"href":"https:\/\/cinegear.nl\/nl\/wp-json\/wp\/v2\/media?parent=110290"}],"wp:term":[{"taxonomy":"pwb-brand","embeddable":true,"href":"https:\/\/cinegear.nl\/nl\/wp-json\/wp\/v2\/pwb-brand?post=110290"},{"taxonomy":"product_cat","embeddable":true,"href":"https:\/\/cinegear.nl\/nl\/wp-json\/wp\/v2\/product_cat?post=110290"},{"taxonomy":"product_tag","embeddable":true,"href":"https:\/\/cinegear.nl\/nl\/wp-json\/wp\/v2\/product_tag?post=110290"}],"curies":[{"name":"wp","href":"https:\/\/api.w.org\/{rel}","templated":true}]}}