{"id":970,"date":"2018-12-20T10:43:05","date_gmt":"2018-12-20T09:43:05","guid":{"rendered":"http:\/\/cinegear.nl\/?post_type=product&#038;p=970"},"modified":"2025-02-14T15:43:27","modified_gmt":"2025-02-14T14:43:27","slug":"ef-mounting-adapter-w-e-nd","status":"publish","type":"product","link":"https:\/\/cinegear.nl\/it\/prodotto\/ef-mounting-adapter-w-e-nd\/","title":{"rendered":"EF Mount Adapter w\/ e-ND"},"content":{"rendered":"<p><strong>Unire l'ottica e l'elettronica in un'unica soluzione<\/strong><\/p>\n<p>The Mounting adapter with Built-in Electronic ND (e-ND) employs high-precision hybrid of liquid crystal material, optics and electronic technology. It covers the widest range from 0.6 to 3.3 (2 stops to 10 stops).<\/p>\n<p>At the same time, it remains consistent color accuracy over such wide range when working with TERRA.<\/p>\n<p>L'integrazione di e-ND nell'adattatore di montaggio elimina la necessit\u00e0 di un filtro ND ottico davanti agli obiettivi e quindi di un portafiltro o di una scatola opaca, riducendo notevolmente il carico del sistema di ripresa: pi\u00f9 compatto e leggero e anche pi\u00f9 fluido. \u00c8 quindi molto utile per le riprese di un gruppo di persone, per i documentari e per le riprese in ambienti difficili, come le aree polari settentrionali e meridionali.<\/p>\n<p>&nbsp;<\/p>\n<p><strong>Precisione del colore sull'intera gamma<\/strong><\/p>\n<p>More importantly, TERRA can sense the e-ND and calibrate it over potential minor color shift automatically, as soon as the mounting adapter with e-ND being attached to TERRA. Then no matter monitoring or recorded footages, TERRA can always maintain color accuracy over the whole tuning range from 0.6 to 3.0.<\/p>\n<p>For optical ND or other glass ND, camera can not detect or get any information from ND glass, and there is no way for the camera to calibrate color shift that ND introduces. However, for mounting adapter with e-ND, TERRA can detect the e-ND automatically, and get the status of e-ND on every slight adjustment operation on e-ND, and then calibrate any potential minor color shift based on the data received. Don\u2019t worry about the color effect when using e-ND on TERRA, let cinematographers focus on shooting.<\/p>\n<p>&nbsp;<\/p>\n<p>Attenzione:<\/p>\n<ul>\n<li><strong>L'adattatore di montaggio con e-ND non pu\u00f2 essere impostato su Clear, quindi \u00e8 necessario un adattatore di montaggio normale per le condizioni di scarsa illuminazione o per gli ambienti interni.<\/strong><\/li>\n<li>Per l'adattatore di montaggio con e-ND, quando si riprende su alcuni materiali a cristalli liquidi molto speciali, l'immagine potrebbe presentare un inevitabile spostamento del colore;<\/li>\n<li>La superficie di e-ND \u00e8 in vetro con rivestimento AR. \u00c8 possibile pulirlo con molta attenzione. Eventuali danni o graffi al vetro sono fuori garanzia.<\/li>\n<\/ul>","protected":false},"excerpt":{"rendered":"<p>This EF Mounting adapter has a Built-in Electronic ND (e-ND) employs high-precision hybrid of liquid crystal material, optics and electronic technology. It covers a wide range from 0.6 to 3.3 (2 stops to 10 stops).<\/p>\n<p>It remains consistent color accuracy and sharpness over such wide range when working with Kinefinity cameras. This adapter has a special KineMOUNT.<\/p>","protected":false},"featured_media":1002,"template":"","meta":{"_acf_changed":false,"inline_featured_image":false},"pwb-brand":[8397],"product_cat":[400,10408,16],"product_tag":[],"class_list":{"0":"post-970","1":"product","2":"type-product","3":"status-publish","4":"has-post-thumbnail","6":"pwb-brand-kinefinity","7":"product_cat-lenses","8":"product_cat-kinefinity-accessoires","9":"product_cat-all","10":"product_shipping_class-small","12":"first","13":"outofstock","14":"taxable","15":"shipping-taxable","16":"purchasable","17":"product-type-simple"},"acf":{"supplier":"","buy_price":"","last_sync":""},"yoast_head":"<!-- This site is optimized with the Yoast SEO Premium plugin v21.8 (Yoast SEO v24.3) - https:\/\/yoast.com\/wordpress\/plugins\/seo\/ -->\n<title>EF Mount Adapter w\/ e-ND | Cinegear Amsterdam<\/title>\n<meta name=\"description\" content=\"This EF Mounting adapter has a Built-in Electronic ND (e-ND) employs high-precision hybrid of liquid crystal material, optics and electronic technology. It covers a wide range from 0.6 to 3.3 (2 stops to 10 stops).  It remains consistent color accuracy and sharpness over such wide range when working with Kinefinity cameras. This adapter has a special KineMOUNT.\" \/>\n<meta name=\"robots\" content=\"index, follow, max-snippet:-1, max-image-preview:large, max-video-preview:-1\" \/>\n<link rel=\"canonical\" href=\"https:\/\/cinegear.nl\/it\/prodotto\/ef-mounting-adapter-w-e-nd\/\" \/>\n<meta property=\"og:locale\" content=\"it_IT\" \/>\n<meta property=\"og:type\" content=\"article\" \/>\n<meta property=\"og:title\" content=\"EF Mount Adapter w\/ e-ND\" \/>\n<meta property=\"og:description\" content=\"This EF Mounting adapter has a Built-in Electronic ND (e-ND) employs high-precision hybrid of liquid crystal material, optics and electronic technology. It covers a wide range from 0.6 to 3.3 (2 stops to 10 stops).  It remains consistent color accuracy and sharpness over such wide range when working with Kinefinity cameras. This adapter has a special KineMOUNT.\" \/>\n<meta property=\"og:url\" content=\"https:\/\/cinegear.nl\/it\/prodotto\/ef-mounting-adapter-w-e-nd\/\" \/>\n<meta property=\"og:site_name\" content=\"Cinegear Amsterdam\" \/>\n<meta property=\"article:modified_time\" content=\"2025-02-14T14:43:27+00:00\" \/>\n<meta property=\"og:image\" content=\"https:\/\/cinegear.nl\/wp-content\/uploads\/2018\/12\/EF-Mounting-W-e-ND-Adapter-II-5-Kinefinity-huren-handgrip-huren-kinefinity-accessories-kine-mount-huren-camera-grip-huren-side-grip-huren-camera-verhuur-camera-rental.jpg\" \/>\n\t<meta property=\"og:image:width\" content=\"450\" \/>\n\t<meta property=\"og:image:height\" content=\"450\" \/>\n\t<meta property=\"og:image:type\" content=\"image\/jpeg\" \/>\n<meta name=\"twitter:card\" content=\"summary_large_image\" \/>\n<meta name=\"twitter:label1\" content=\"Tempo di lettura stimato\" \/>\n\t<meta name=\"twitter:data1\" content=\"2 minuti\" \/>\n<script type=\"application\/ld+json\" class=\"yoast-schema-graph\">{\"@context\":\"https:\/\/schema.org\",\"@graph\":[{\"@type\":\"WebPage\",\"@id\":\"https:\/\/cinegear.nl\/product\/ef-mounting-adapter-w-e-nd\/\",\"url\":\"https:\/\/cinegear.nl\/product\/ef-mounting-adapter-w-e-nd\/\",\"name\":\"EF Mount Adapter w\/ e-ND | Cinegear Amsterdam\",\"isPartOf\":{\"@id\":\"https:\/\/cinegear.nl\/#website\"},\"primaryImageOfPage\":{\"@id\":\"https:\/\/cinegear.nl\/product\/ef-mounting-adapter-w-e-nd\/#primaryimage\"},\"image\":{\"@id\":\"https:\/\/cinegear.nl\/product\/ef-mounting-adapter-w-e-nd\/#primaryimage\"},\"thumbnailUrl\":\"https:\/\/cinegear.nl\/wp-content\/uploads\/2018\/12\/EF-Mounting-W-e-ND-Adapter-II-5-Kinefinity-huren-handgrip-huren-kinefinity-accessories-kine-mount-huren-camera-grip-huren-side-grip-huren-camera-verhuur-camera-rental.jpg\",\"datePublished\":\"2018-12-20T09:43:05+00:00\",\"dateModified\":\"2025-02-14T14:43:27+00:00\",\"description\":\"This EF Mounting adapter has a Built-in Electronic ND (e-ND) employs high-precision hybrid of liquid crystal material, optics and electronic technology. It covers a wide range from 0.6 to 3.3 (2 stops to 10 stops). It remains consistent color accuracy and sharpness over such wide range when working with Kinefinity cameras. This adapter has a special KineMOUNT.\",\"breadcrumb\":{\"@id\":\"https:\/\/cinegear.nl\/product\/ef-mounting-adapter-w-e-nd\/#breadcrumb\"},\"inLanguage\":\"it-IT\",\"potentialAction\":[{\"@type\":\"ReadAction\",\"target\":[\"https:\/\/cinegear.nl\/product\/ef-mounting-adapter-w-e-nd\/\"]}]},{\"@type\":\"ImageObject\",\"inLanguage\":\"it-IT\",\"@id\":\"https:\/\/cinegear.nl\/product\/ef-mounting-adapter-w-e-nd\/#primaryimage\",\"url\":\"https:\/\/cinegear.nl\/wp-content\/uploads\/2018\/12\/EF-Mounting-W-e-ND-Adapter-II-5-Kinefinity-huren-handgrip-huren-kinefinity-accessories-kine-mount-huren-camera-grip-huren-side-grip-huren-camera-verhuur-camera-rental.jpg\",\"contentUrl\":\"https:\/\/cinegear.nl\/wp-content\/uploads\/2018\/12\/EF-Mounting-W-e-ND-Adapter-II-5-Kinefinity-huren-handgrip-huren-kinefinity-accessories-kine-mount-huren-camera-grip-huren-side-grip-huren-camera-verhuur-camera-rental.jpg\",\"width\":450,\"height\":450},{\"@type\":\"BreadcrumbList\",\"@id\":\"https:\/\/cinegear.nl\/product\/ef-mounting-adapter-w-e-nd\/#breadcrumb\",\"itemListElement\":[{\"@type\":\"ListItem\",\"position\":1,\"name\":\"Home\",\"item\":\"https:\/\/cinegear.nl\/\"},{\"@type\":\"ListItem\",\"position\":2,\"name\":\"Store\",\"item\":\"https:\/\/cinegear.nl\/product-category-kine-cameras\/\"},{\"@type\":\"ListItem\",\"position\":3,\"name\":\"EF Mount Adapter w\/ e-ND\"}]},{\"@type\":\"WebSite\",\"@id\":\"https:\/\/cinegear.nl\/#website\",\"url\":\"https:\/\/cinegear.nl\/\",\"name\":\"Cinegear Amsterdam\",\"description\":\"\",\"publisher\":{\"@id\":\"https:\/\/cinegear.nl\/#organization\"},\"potentialAction\":[{\"@type\":\"SearchAction\",\"target\":{\"@type\":\"EntryPoint\",\"urlTemplate\":\"https:\/\/cinegear.nl\/?s={search_term_string}\"},\"query-input\":{\"@type\":\"PropertyValueSpecification\",\"valueRequired\":true,\"valueName\":\"search_term_string\"}}],\"inLanguage\":\"it-IT\"},{\"@type\":\"Organization\",\"@id\":\"https:\/\/cinegear.nl\/#organization\",\"name\":\"Cinegear\",\"url\":\"https:\/\/cinegear.nl\/\",\"logo\":{\"@type\":\"ImageObject\",\"inLanguage\":\"it-IT\",\"@id\":\"https:\/\/cinegear.nl\/#\/schema\/logo\/image\/\",\"url\":\"https:\/\/cinegear.nl\/wp-content\/uploads\/2019\/12\/Transparent_Normal_Logo.jpg\",\"contentUrl\":\"https:\/\/cinegear.nl\/wp-content\/uploads\/2019\/12\/Transparent_Normal_Logo.jpg\",\"width\":858,\"height\":782,\"caption\":\"Cinegear\"},\"image\":{\"@id\":\"https:\/\/cinegear.nl\/#\/schema\/logo\/image\/\"}}]}<\/script>\n<!-- \/ Yoast SEO Premium plugin. -->","yoast_head_json":{"title":"EF Mount Adapter w\/ e-ND | Cinegear Amsterdam","description":"This EF Mounting adapter has a Built-in Electronic ND (e-ND) employs high-precision hybrid of liquid crystal material, optics and electronic technology. It covers a wide range from 0.6 to 3.3 (2 stops to 10 stops).  It remains consistent color accuracy and sharpness over such wide range when working with Kinefinity cameras. This adapter has a special KineMOUNT.","robots":{"index":"index","follow":"follow","max-snippet":"max-snippet:-1","max-image-preview":"max-image-preview:large","max-video-preview":"max-video-preview:-1"},"canonical":"https:\/\/cinegear.nl\/it\/prodotto\/ef-mounting-adapter-w-e-nd\/","og_locale":"it_IT","og_type":"article","og_title":"EF Mount Adapter w\/ e-ND","og_description":"This EF Mounting adapter has a Built-in Electronic ND (e-ND) employs high-precision hybrid of liquid crystal material, optics and electronic technology. It covers a wide range from 0.6 to 3.3 (2 stops to 10 stops).  It remains consistent color accuracy and sharpness over such wide range when working with Kinefinity cameras. This adapter has a special KineMOUNT.","og_url":"https:\/\/cinegear.nl\/it\/prodotto\/ef-mounting-adapter-w-e-nd\/","og_site_name":"Cinegear Amsterdam","article_modified_time":"2025-02-14T14:43:27+00:00","og_image":[{"width":450,"height":450,"url":"https:\/\/cinegear.nl\/wp-content\/uploads\/2018\/12\/EF-Mounting-W-e-ND-Adapter-II-5-Kinefinity-huren-handgrip-huren-kinefinity-accessories-kine-mount-huren-camera-grip-huren-side-grip-huren-camera-verhuur-camera-rental.jpg","type":"image\/jpeg"}],"twitter_card":"summary_large_image","twitter_misc":{"Tempo di lettura stimato":"2 minuti"},"schema":{"@context":"https:\/\/schema.org","@graph":[{"@type":"WebPage","@id":"https:\/\/cinegear.nl\/product\/ef-mounting-adapter-w-e-nd\/","url":"https:\/\/cinegear.nl\/product\/ef-mounting-adapter-w-e-nd\/","name":"EF Mount Adapter w\/ e-ND | Cinegear Amsterdam","isPartOf":{"@id":"https:\/\/cinegear.nl\/#website"},"primaryImageOfPage":{"@id":"https:\/\/cinegear.nl\/product\/ef-mounting-adapter-w-e-nd\/#primaryimage"},"image":{"@id":"https:\/\/cinegear.nl\/product\/ef-mounting-adapter-w-e-nd\/#primaryimage"},"thumbnailUrl":"https:\/\/cinegear.nl\/wp-content\/uploads\/2018\/12\/EF-Mounting-W-e-ND-Adapter-II-5-Kinefinity-huren-handgrip-huren-kinefinity-accessories-kine-mount-huren-camera-grip-huren-side-grip-huren-camera-verhuur-camera-rental.jpg","datePublished":"2018-12-20T09:43:05+00:00","dateModified":"2025-02-14T14:43:27+00:00","description":"This EF Mounting adapter has a Built-in Electronic ND (e-ND) employs high-precision hybrid of liquid crystal material, optics and electronic technology. It covers a wide range from 0.6 to 3.3 (2 stops to 10 stops). It remains consistent color accuracy and sharpness over such wide range when working with Kinefinity cameras. This adapter has a special KineMOUNT.","breadcrumb":{"@id":"https:\/\/cinegear.nl\/product\/ef-mounting-adapter-w-e-nd\/#breadcrumb"},"inLanguage":"it-IT","potentialAction":[{"@type":"ReadAction","target":["https:\/\/cinegear.nl\/product\/ef-mounting-adapter-w-e-nd\/"]}]},{"@type":"ImageObject","inLanguage":"it-IT","@id":"https:\/\/cinegear.nl\/product\/ef-mounting-adapter-w-e-nd\/#primaryimage","url":"https:\/\/cinegear.nl\/wp-content\/uploads\/2018\/12\/EF-Mounting-W-e-ND-Adapter-II-5-Kinefinity-huren-handgrip-huren-kinefinity-accessories-kine-mount-huren-camera-grip-huren-side-grip-huren-camera-verhuur-camera-rental.jpg","contentUrl":"https:\/\/cinegear.nl\/wp-content\/uploads\/2018\/12\/EF-Mounting-W-e-ND-Adapter-II-5-Kinefinity-huren-handgrip-huren-kinefinity-accessories-kine-mount-huren-camera-grip-huren-side-grip-huren-camera-verhuur-camera-rental.jpg","width":450,"height":450},{"@type":"BreadcrumbList","@id":"https:\/\/cinegear.nl\/product\/ef-mounting-adapter-w-e-nd\/#breadcrumb","itemListElement":[{"@type":"ListItem","position":1,"name":"Home","item":"https:\/\/cinegear.nl\/"},{"@type":"ListItem","position":2,"name":"Store","item":"https:\/\/cinegear.nl\/product-category-kine-cameras\/"},{"@type":"ListItem","position":3,"name":"EF Mount Adapter w\/ e-ND"}]},{"@type":"WebSite","@id":"https:\/\/cinegear.nl\/#website","url":"https:\/\/cinegear.nl\/","name":"Cinegear Amsterdam","description":"","publisher":{"@id":"https:\/\/cinegear.nl\/#organization"},"potentialAction":[{"@type":"SearchAction","target":{"@type":"EntryPoint","urlTemplate":"https:\/\/cinegear.nl\/?s={search_term_string}"},"query-input":{"@type":"PropertyValueSpecification","valueRequired":true,"valueName":"search_term_string"}}],"inLanguage":"it-IT"},{"@type":"Organization","@id":"https:\/\/cinegear.nl\/#organization","name":"Cinegear","url":"https:\/\/cinegear.nl\/","logo":{"@type":"ImageObject","inLanguage":"it-IT","@id":"https:\/\/cinegear.nl\/#\/schema\/logo\/image\/","url":"https:\/\/cinegear.nl\/wp-content\/uploads\/2019\/12\/Transparent_Normal_Logo.jpg","contentUrl":"https:\/\/cinegear.nl\/wp-content\/uploads\/2019\/12\/Transparent_Normal_Logo.jpg","width":858,"height":782,"caption":"Cinegear"},"image":{"@id":"https:\/\/cinegear.nl\/#\/schema\/logo\/image\/"}}]}},"brands":[{"id":8397,"name":"Marchi","slug":"kinefinity"}],"_links":{"self":[{"href":"https:\/\/cinegear.nl\/it\/wp-json\/wp\/v2\/product\/970","targetHints":{"allow":["GET"]}}],"collection":[{"href":"https:\/\/cinegear.nl\/it\/wp-json\/wp\/v2\/product"}],"about":[{"href":"https:\/\/cinegear.nl\/it\/wp-json\/wp\/v2\/types\/product"}],"wp:featuredmedia":[{"embeddable":true,"href":"https:\/\/cinegear.nl\/it\/wp-json\/wp\/v2\/media\/1002"}],"wp:attachment":[{"href":"https:\/\/cinegear.nl\/it\/wp-json\/wp\/v2\/media?parent=970"}],"wp:term":[{"taxonomy":"pwb-brand","embeddable":true,"href":"https:\/\/cinegear.nl\/it\/wp-json\/wp\/v2\/pwb-brand?post=970"},{"taxonomy":"product_cat","embeddable":true,"href":"https:\/\/cinegear.nl\/it\/wp-json\/wp\/v2\/product_cat?post=970"},{"taxonomy":"product_tag","embeddable":true,"href":"https:\/\/cinegear.nl\/it\/wp-json\/wp\/v2\/product_tag?post=970"}],"curies":[{"name":"wp","href":"https:\/\/api.w.org\/{rel}","templated":true}]}}