{"id":91512,"date":"2024-10-08T18:11:12","date_gmt":"2024-10-08T16:11:12","guid":{"rendered":"https:\/\/cinegear.nl\/?post_type=product&#038;p=91512"},"modified":"2025-03-27T23:56:07","modified_gmt":"2025-03-27T22:56:07","slug":"blazar-cato-125mm-t4-0-2x-full-frame-anamorphic-lens-pl-mount","status":"publish","type":"product","link":"https:\/\/cinegear.nl\/it\/prodotto\/blazar-cato-125mm-t4-0-2x-full-frame-anamorphic-lens-pl-mount\/","title":{"rendered":"Obiettivo anamorfico full frame BLAZAR Cato 125 mm T4.0 2X (attacco PL)"},"content":{"rendered":"<div class=\"row\"  id=\"row-845642963\">\n\n\t<div id=\"col-1895584708\" class=\"col small-12 large-12\"  >\n\t\t\t\t<div class=\"col-inner\"  >\n\t\t\t\n\t\t\t\n<div class=\"row\"  id=\"row-1368012339\">\n\n\t<div id=\"col-433517491\" class=\"col small-12 large-12\"  >\n\t\t\t\t<div class=\"col-inner\"  >\n\t\t\t\n\t\t\t\n<div class=\"row\"  id=\"row-59425997\">\n\n\t<div id=\"col-1470103062\" class=\"col medium-1 small-12 large-1\"  >\n\t\t\t\t<div class=\"col-inner\"  >\n\t\t\t\n\t\t\t\n\t\t<\/div>\n\t\t\t\t\t<\/div>\n\n\t\n\n\t<div id=\"col-1802731727\" class=\"col medium-10 small-12 large-10\"  >\n\t\t\t\t<div class=\"col-inner\"  >\n\t\t\t\n\t\t\t\n<h1 style=\"text-align: center;\"><span style=\"font-size: 140%; color: #a308c9;\"><strong>CATO 2X<\/strong><\/span><\/h1>\n<h4 style=\"text-align: center;\"><strong><span style=\"color: #000000;\">Obiettivo anamorfico full frame<\/span><\/strong><\/h4>\n<p style=\"text-align: center;\"><span style=\"font-size: 90%;\">Presentiamo gli obiettivi anamorfici Cato 2X, gli anamorfici 2X full-frame pi\u00f9 leggeri al mondo, con un peso compreso tra 898 e 1020 grammi. Questi obiettivi combinano l'estetica anamorfica retr\u00f2 con la moderna qualit\u00e0 cinematografica, con distorsione a barilotto e un bagliore argentato che si adatta a qualsiasi fonte di luce. Con aperture ottimizzate e prestazioni T2 veloci sul 40 mm e sul 55 mm, gli obiettivi Cato permettono ai registi di ottenere risultati straordinari.<\/span><\/p>\n\t\t<\/div>\n\t\t\t\t\t<\/div>\n\n\t\n\n\t<div id=\"col-1689829261\" class=\"col medium-1 small-12 large-1\"  >\n\t\t\t\t<div class=\"col-inner\"  >\n\t\t\t\n\t\t\t\n\t\t<\/div>\n\t\t\t\t\t<\/div>\n\n\t\n<\/div>\n\t<div class=\"img has-hover x md-x lg-x y md-y lg-y\" id=\"image_1596979639\">\n\t\t\t\t\t\t\t\t<div class=\"img-inner dark\" >\n\t\t\t<img loading=\"lazy\" decoding=\"async\" width=\"800\" height=\"450\" src=\"https:\/\/cinegear.nl\/wp-content\/uploads\/2024\/04\/9d79.gif\" class=\"attachment-original size-original\" alt=\"\" \/>\t\t\t\t\t\t\n\t\t\t\t\t<\/div>\n\t\t\t\t\t\t\t\t\n<style>\n#image_1596979639 {\n  width: 100%;\n}\n<\/style>\n\t<\/div>\n\t\n<h1><span style=\"color: #a308c9;\">Un piccolo obiettivo, un sacco di carattere<\/span><\/h1>\n<div class=\"row\"  id=\"row-1383060016\">\n\n\t<div id=\"col-1815320297\" class=\"col medium-3 small-12 large-3\"  >\n\t\t\t\t<div class=\"col-inner\"  >\n\t\t\t\n\t\t\t\n<p><span style=\"color: #000000;\"><strong>COPERTURA FULL FRAME 3:2 OG<\/strong><\/span><\/p>\n\t\t<\/div>\n\t\t\t\t\t<\/div>\n\n\t\n\n\t<div id=\"col-1625960658\" class=\"col medium-9 small-12 large-9\"  >\n\t\t\t\t<div class=\"col-inner\"  >\n\t\t\t\n\t\t\t\n<p>Gli obiettivi Remus 1.5x hanno un look anamorfico classico, trovando un equilibrio tra il carattere retr\u00f2 e il cinema moderno per uno stile unico e particolare dell'immagine.<\/p>\n\t\t<\/div>\n\t\t\t\t\t<\/div>\n\n\t\n<\/div>\n\t\t<\/div>\n\t\t\t\t\t<\/div>\n\n\t\n<\/div>\n<div class=\"row\"  id=\"row-1869424882\">\n\n\t<div id=\"col-849550890\" class=\"col medium-7 small-12 large-7\"  >\n\t\t\t\t<div class=\"col-inner text-center\"  >\n\t\t\t\n\t\t\t\n\t<div class=\"img has-hover x md-x lg-x y md-y lg-y\" id=\"image_536620437\">\n\t\t\t\t\t\t\t\t<div class=\"img-inner dark\" >\n\t\t\t<img loading=\"lazy\" decoding=\"async\" width=\"600\" height=\"338\" src=\"https:\/\/cinegear.nl\/wp-content\/uploads\/2024\/04\/bd08c95ac7874e0cb982eb1cdca4c6a7.HD-1080p-7.2Mbps-35915621.gif\" class=\"attachment-original size-original\" alt=\"\" \/>\t\t\t\t\t\t\n\t\t\t\t\t<\/div>\n\t\t\t\t\t\t\t\t\n<style>\n#image_536620437 {\n  width: 100%;\n}\n<\/style>\n\t<\/div>\n\t\n\t\t<\/div>\n\t\t\t\t\n<style>\n#col-849550890 > .col-inner {\n  padding: 0px 0px 0px 0px;\n  margin: 0px 0px 0px 0px;\n  border-radius: 15px;\n  max-width: 600px;\n}\n<\/style>\n\t<\/div>\n\n\t\n\n\t<div id=\"col-228494505\" class=\"col medium-5 small-12 large-5\"  >\n\t\t\t\t<div class=\"col-inner\"  >\n\t\t\t\n\t\t\t\n\t<div id=\"gap-733698330\" class=\"gap-element clearfix\" style=\"display:block; height:auto;\">\n\t\t\n<style>\n#gap-733698330 {\n  padding-top: 85px;\n}\n<\/style>\n\t<\/div>\n\t\n\t<div id=\"text-428896126\" class=\"text\">\n\t\t\n<h2><span style=\"color: #000000;\">Anamorfico 2X pi\u00f9 leggero<\/span><\/h2>\n<p><span style=\"color: #000000;\">Design compatto, look classico anamorfico 2X: Con un peso di appena 2 libbre, l'obiettivo Cato \u00e8 la serie anamorfica 2X pi\u00f9 leggera al mondo e restituisce un'immagine dal carattere distintivo e retr\u00f2. Il suo rapporto di compressione 2X apre possibilit\u00e0 creative, coprendo i formati full-frame 3:2.<\/span><\/p>\n\t\t\n<style>\n#text-428896126 {\n  text-align: left;\n}\n<\/style>\n\t<\/div>\n\t\n\t\t<\/div>\n\t\t\t\t\n<style>\n#col-228494505 > .col-inner {\n  padding: 0px 10px 50px 10px;\n  margin: 0px 0px 0px 0px;\n  border-radius: 15px;\n}\n<\/style>\n\t<\/div>\n\n\t\n<\/div>\n<div class=\"row\"  id=\"row-658322543\">\n\n\t<div id=\"col-1919040975\" class=\"col medium-5 small-12 large-5\"  >\n\t\t\t\t<div class=\"col-inner\"  >\n\t\t\t\n\t\t\t\n\t<div id=\"gap-1453074934\" class=\"gap-element clearfix\" style=\"display:block; height:auto;\">\n\t\t\n<style>\n#gap-1453074934 {\n  padding-top: 85px;\n}\n<\/style>\n\t<\/div>\n\t\n\t<div id=\"text-2350736536\" class=\"text\">\n\t\t\n<h2><span style=\"color: #000000;\">Spremitura classica 2X<\/span><\/h2>\n<p>&nbsp;<\/p>\n<p><span style=\"color: #000000;\">Gli obiettivi anamorfici Cato offrono l'iconico look anamorfico 2X che gode di un bellissimo bokeh ovale, distorsione a barile e un ampio campo visivo cinematografico.<\/span><\/p>\n<p>&nbsp;<\/p>\n\t\t\n<style>\n#text-2350736536 {\n  text-align: left;\n}\n<\/style>\n\t<\/div>\n\t\n\t\t<\/div>\n\t\t\t\t\n<style>\n#col-1919040975 > .col-inner {\n  padding: 0px 10px 50px 10px;\n  margin: 0px 0px 0px 0px;\n  border-radius: 15px;\n}\n<\/style>\n\t<\/div>\n\n\t\n\n\t<div id=\"col-988530639\" class=\"col medium-7 small-12 large-7\"  >\n\t\t\t\t<div class=\"col-inner text-right\"  >\n\t\t\t\n\t\t\t\n\t<div class=\"img has-hover x md-x lg-x y md-y lg-y\" id=\"image_1771167081\">\n\t\t\t\t\t\t\t\t<div class=\"img-inner dark\" >\n\t\t\t<img loading=\"lazy\" decoding=\"async\" width=\"600\" height=\"250\" src=\"https:\/\/cinegear.nl\/wp-content\/uploads\/2024\/04\/3e8941ebdb734dc18a25177d6996e286.HD-720p-4.5Mbps-35915317.gif\" class=\"attachment-original size-original\" alt=\"\" \/>\t\t\t\t\t\t\n\t\t\t\t\t<\/div>\n\t\t\t\t\t\t\t\t\n<style>\n#image_1771167081 {\n  width: 100%;\n}\n<\/style>\n\t<\/div>\n\t\n\t\t<\/div>\n\t\t\t\t\n<style>\n#col-988530639 > .col-inner {\n  padding: 0px 0px 0px 0px;\n  margin: 0px 0px 0px 0px;\n  border-radius: 15px;\n}\n<\/style>\n\t<\/div>\n\n\t\n<\/div>\n<div class=\"row\"  id=\"row-844463054\">\n\n\t<div id=\"col-960326841\" class=\"col medium-7 small-12 large-7\"  >\n\t\t\t\t<div class=\"col-inner text-center\"  >\n\t\t\t\n\t\t\t\n\t<div class=\"img has-hover x md-x lg-x y md-y lg-y\" id=\"image_260058603\">\n\t\t\t\t\t\t\t\t<div class=\"img-inner dark\" >\n\t\t\t<img loading=\"lazy\" decoding=\"async\" width=\"600\" height=\"250\" src=\"https:\/\/cinegear.nl\/wp-content\/uploads\/2024\/04\/c57aab2c14a046938b0234c278e01e2e.HD-720p-4.5Mbps-35915809.gif\" class=\"attachment-original size-original\" alt=\"\" \/>\t\t\t\t\t\t\n\t\t\t\t\t<\/div>\n\t\t\t\t\t\t\t\t\n<style>\n#image_260058603 {\n  width: 100%;\n}\n<\/style>\n\t<\/div>\n\t\n\t\t<\/div>\n\t\t\t\t\n<style>\n#col-960326841 > .col-inner {\n  padding: 0px 0px 0px 0px;\n  margin: 0px 0px 0px 0px;\n  border-radius: 15px;\n  max-width: 600px;\n}\n<\/style>\n\t<\/div>\n\n\t\n\n\t<div id=\"col-676154063\" class=\"col medium-5 small-12 large-5\"  >\n\t\t\t\t<div class=\"col-inner\"  >\n\t\t\t\n\t\t\t\n\t<div id=\"gap-281497211\" class=\"gap-element clearfix\" style=\"display:block; height:auto;\">\n\t\t\n<style>\n#gap-281497211 {\n  padding-top: 25px;\n}\n<\/style>\n\t<\/div>\n\t\n\t<div id=\"text-2858200112\" class=\"text\">\n\t\t\n<h2><span style=\"color: #000000;\">Bagliori<\/span><\/h2>\n<p><span style=\"color: #000000;\">Le lenti anamorfiche Cato 2X offrono una miscela unica di sottili lens flares che bilanciano l'estetica retr\u00f2 e moderna. I flares delle lenti Cato hanno una tonalit\u00e0 argentata classica e neutra che evoca l'aspetto senza tempo dell'anamorfico vintage, ma si adattano perfettamente a qualsiasi fonte di luce, riuscendo a esaltare l'atmosfera cinematografica senza sovrastare l'immagine.<\/span><\/p>\n<p>&nbsp;<\/p>\n\t\t\n<style>\n#text-2858200112 {\n  text-align: left;\n}\n<\/style>\n\t<\/div>\n\t\n\t\t<\/div>\n\t\t\t\t\n<style>\n#col-676154063 > .col-inner {\n  padding: 0px 10px 50px 10px;\n  margin: 0px 0px 0px 0px;\n  border-radius: 15px;\n}\n<\/style>\n\t<\/div>\n\n\t\n<\/div>\n<div class=\"row\"  id=\"row-17316785\">\n\n\t<div id=\"col-2123188274\" class=\"col medium-7 small-12 large-7\"  >\n\t\t\t\t<div class=\"col-inner\"  >\n\t\t\t\n\t\t\t\n\t<div id=\"gap-1990717277\" class=\"gap-element clearfix\" style=\"display:block; height:auto;\">\n\t\t\n<style>\n#gap-1990717277 {\n  padding-top: 85px;\n}\n<\/style>\n\t<\/div>\n\t\n\t<div id=\"text-4294788492\" class=\"text\">\n\t\t\n<h1><span style=\"color: #000000;\"><strong>Specifiche tecniche<\/strong><\/span><\/h1>\n<p><span style=\"color: #1f1f1f;\"><strong>Apertura<\/strong>: T4.0 to T22<\/span><br \/>\n<span style=\"color: #1f1f1f;\"><strong>Attacco obiettivo<\/strong>: PL o EF (attacco EF venduto separatamente)<\/span><br \/>\n<span style=\"color: #1f1f1f;\"><strong>Fattore di compressione<\/strong>: 2X<\/span><br \/>\n<span style=\"color: #1f1f1f;\"><strong>Focus ravvicinato:<\/strong>: 0.79m\/ 2.59&#8242;<\/span><br \/>\n<span style=\"color: #1f1f1f;\"><strong>Rotazione della messa a fuoco<\/strong>: 210\u00b0<\/span><br \/>\n<span style=\"color: #1f1f1f;\"><strong>Rotazione dell'apertura<\/strong>: 83.5\u00b0<\/span><br \/>\n<span style=\"color: #1f1f1f;\"><strong>Peso<\/strong>: 2.07lbs \/ 940g<\/span><br \/>\n<span style=\"color: #1f1f1f;\"><strong>Lame IRIS<\/strong>: 16<\/span><br \/>\n<span style=\"color: #1f1f1f;\"><strong>Diametro anteriore<\/strong>: 85mm<\/span><br \/>\n<span style=\"color: #1f1f1f;\"><strong>Filetto del filtro<\/strong>: 82mm<\/span><br \/>\n<span style=\"color: #1f1f1f;\"><strong>Cerchio dell'immagine<\/strong>: 36x24mm<\/span><br \/>\n<span style=\"color: #1f1f1f;\"><strong>Riflessi dell'obiettivo<\/strong>: Argento Naturale<\/span><\/p>\n\t\t\n<style>\n#text-4294788492 {\n  text-align: left;\n}\n<\/style>\n\t<\/div>\n\t\n\t\t<\/div>\n\t\t\t\t\n<style>\n#col-2123188274 > .col-inner {\n  padding: 0px 10px 50px 10px;\n  margin: 0px 0px 0px 0px;\n  border-radius: 15px;\n}\n<\/style>\n\t<\/div>\n\n\t\n\n\t<div id=\"col-1285325379\" class=\"col medium-5 small-12 large-5\"  >\n\t\t\t\t<div class=\"col-inner\"  >\n\t\t\t\n\t\t\t\n\t<div class=\"img has-hover x md-x lg-x y md-y lg-y\" id=\"image_1721850666\">\n\t\t\t\t\t\t\t\t<div class=\"img-inner dark\" >\n\t\t\t<img loading=\"lazy\" decoding=\"async\" width=\"1000\" height=\"1312\" src=\"https:\/\/cinegear.nl\/wp-content\/uploads\/2024\/10\/125_PL.webp\" class=\"attachment-original size-original\" alt=\"\" srcset=\"https:\/\/cinegear.nl\/wp-content\/uploads\/2024\/10\/125_PL.webp 1000w, https:\/\/cinegear.nl\/wp-content\/uploads\/2024\/10\/125_PL-229x300.webp 229w, https:\/\/cinegear.nl\/wp-content\/uploads\/2024\/10\/125_PL-780x1024.webp 780w, https:\/\/cinegear.nl\/wp-content\/uploads\/2024\/10\/125_PL-768x1008.webp 768w\" sizes=\"auto, (max-width: 1000px) 100vw, 1000px\" \/>\t\t\t\t\t\t\n\t\t\t\t\t<\/div>\n\t\t\t\t\t\t\t\t\n<style>\n#image_1721850666 {\n  width: 100%;\n}\n<\/style>\n\t<\/div>\n\t\n\t\t<\/div>\n\t\t\t\t\n<style>\n#col-1285325379 > .col-inner {\n  padding: 0px 10px 50px 10px;\n  margin: 0px 0px 0px 0px;\n  border-radius: 15px;\n}\n<\/style>\n\t<\/div>\n\n\t\n<\/div>\n\t\t<\/div>\n\t\t\t\t\t<\/div>\n\n\t\n<\/div>","protected":false},"excerpt":{"rendered":"<ul>\n<li>Rapporto di compressione costante 2x<\/li>\n<li>Cerchio immagine: 36x24 mm<\/li>\n<li>Attacco intercambiabile PL\/EF<\/li>\n<li>Supporto per riprese full frame 3:2<\/li>\n<li>2,07 lbs\/ 940g Ultra leggero<\/li>\n<li>Marcato sia in cm che in pollici<\/li>\n<li>Carattere anamorfico vintage<\/li>\n<\/ul>","protected":false},"featured_media":91526,"template":"","meta":{"_acf_changed":false,"inline_featured_image":false},"pwb-brand":[12022],"product_cat":[401,507,10777,14009],"product_tag":[742,14013,14589,163],"class_list":{"0":"post-91512","1":"product","2":"type-product","3":"status-publish","4":"has-post-thumbnail","6":"pwb-brand-blazar","7":"product_cat-cine-lenses","8":"product_cat-anamorphic","9":"product_cat-pl-mount-cine-lens","10":"product_cat-new-products","11":"product_tag-anamorphic","12":"product_tag-blazar-new-lens","13":"product_tag-cato","14":"product_tag-lens","16":"first","17":"onbackorder","18":"taxable","19":"shipping-taxable","20":"purchasable","21":"product-type-simple"},"acf":{"supplier":"","buy_price":"","last_sync":""},"yoast_head":"<!-- This site is optimized with the Yoast SEO Premium plugin v21.8 (Yoast SEO v24.3) - https:\/\/yoast.com\/wordpress\/plugins\/seo\/ -->\n<title>BLAZAR Cato 125mm T4.0 2X Full Frame Anamorphic Lens (PL Mount) | Cinegear Amsterdam<\/title>\n<meta name=\"description\" content=\"2x constant squeeze ratio  Image circle: 36x24mm  PL\/EF interchangeable mount  Supporting 3:2 full frame shooting  2.07 lbs\/ 940g Ultra lightweight  Marked in both cm and inches  Vintage Anamorphic Character\" \/>\n<meta name=\"robots\" content=\"index, follow, max-snippet:-1, max-image-preview:large, max-video-preview:-1\" \/>\n<link rel=\"canonical\" href=\"https:\/\/cinegear.nl\/it\/prodotto\/blazar-cato-125mm-t4-0-2x-full-frame-anamorphic-lens-pl-mount\/\" \/>\n<meta property=\"og:locale\" content=\"it_IT\" \/>\n<meta property=\"og:type\" content=\"article\" \/>\n<meta property=\"og:title\" content=\"BLAZAR Cato 125mm T4.0 2X Full Frame Anamorphic Lens (PL Mount)\" \/>\n<meta property=\"og:description\" content=\"2x constant squeeze ratio  Image circle: 36x24mm  PL\/EF interchangeable mount  Supporting 3:2 full frame shooting  2.07 lbs\/ 940g Ultra lightweight  Marked in both cm and inches  Vintage Anamorphic Character\" \/>\n<meta property=\"og:url\" content=\"https:\/\/cinegear.nl\/it\/prodotto\/blazar-cato-125mm-t4-0-2x-full-frame-anamorphic-lens-pl-mount\/\" \/>\n<meta property=\"og:site_name\" content=\"Cinegear Amsterdam\" \/>\n<meta property=\"article:modified_time\" content=\"2025-03-27T22:56:07+00:00\" \/>\n<meta property=\"og:image\" content=\"https:\/\/cinegear.nl\/wp-content\/uploads\/2024\/10\/1-2.jpg\" \/>\n\t<meta property=\"og:image:width\" content=\"1000\" \/>\n\t<meta property=\"og:image:height\" content=\"1000\" \/>\n\t<meta property=\"og:image:type\" content=\"image\/jpeg\" \/>\n<meta name=\"twitter:card\" content=\"summary_large_image\" \/>\n<meta name=\"twitter:label1\" content=\"Tempo di lettura stimato\" \/>\n\t<meta name=\"twitter:data1\" content=\"3 minuti\" \/>\n<script type=\"application\/ld+json\" class=\"yoast-schema-graph\">{\"@context\":\"https:\/\/schema.org\",\"@graph\":[{\"@type\":\"WebPage\",\"@id\":\"https:\/\/cinegear.nl\/product\/blazar-cato-125mm-t4-0-2x-full-frame-anamorphic-lens-pl-mount\/\",\"url\":\"https:\/\/cinegear.nl\/product\/blazar-cato-125mm-t4-0-2x-full-frame-anamorphic-lens-pl-mount\/\",\"name\":\"BLAZAR Cato 125mm T4.0 2X Full Frame Anamorphic Lens (PL Mount) | Cinegear Amsterdam\",\"isPartOf\":{\"@id\":\"https:\/\/cinegear.nl\/#website\"},\"primaryImageOfPage\":{\"@id\":\"https:\/\/cinegear.nl\/product\/blazar-cato-125mm-t4-0-2x-full-frame-anamorphic-lens-pl-mount\/#primaryimage\"},\"image\":{\"@id\":\"https:\/\/cinegear.nl\/product\/blazar-cato-125mm-t4-0-2x-full-frame-anamorphic-lens-pl-mount\/#primaryimage\"},\"thumbnailUrl\":\"https:\/\/cinegear.nl\/wp-content\/uploads\/2024\/10\/1-2.jpg\",\"datePublished\":\"2024-10-08T16:11:12+00:00\",\"dateModified\":\"2025-03-27T22:56:07+00:00\",\"description\":\"2x constant squeeze ratio Image circle: 36x24mm PL\/EF interchangeable mount Supporting 3:2 full frame shooting 2.07 lbs\/ 940g Ultra lightweight Marked in both cm and inches Vintage Anamorphic Character\",\"breadcrumb\":{\"@id\":\"https:\/\/cinegear.nl\/product\/blazar-cato-125mm-t4-0-2x-full-frame-anamorphic-lens-pl-mount\/#breadcrumb\"},\"inLanguage\":\"it-IT\",\"potentialAction\":[{\"@type\":\"ReadAction\",\"target\":[\"https:\/\/cinegear.nl\/product\/blazar-cato-125mm-t4-0-2x-full-frame-anamorphic-lens-pl-mount\/\"]}]},{\"@type\":\"ImageObject\",\"inLanguage\":\"it-IT\",\"@id\":\"https:\/\/cinegear.nl\/product\/blazar-cato-125mm-t4-0-2x-full-frame-anamorphic-lens-pl-mount\/#primaryimage\",\"url\":\"https:\/\/cinegear.nl\/wp-content\/uploads\/2024\/10\/1-2.jpg\",\"contentUrl\":\"https:\/\/cinegear.nl\/wp-content\/uploads\/2024\/10\/1-2.jpg\",\"width\":1000,\"height\":1000},{\"@type\":\"BreadcrumbList\",\"@id\":\"https:\/\/cinegear.nl\/product\/blazar-cato-125mm-t4-0-2x-full-frame-anamorphic-lens-pl-mount\/#breadcrumb\",\"itemListElement\":[{\"@type\":\"ListItem\",\"position\":1,\"name\":\"Home\",\"item\":\"https:\/\/cinegear.nl\/\"},{\"@type\":\"ListItem\",\"position\":2,\"name\":\"Store\",\"item\":\"https:\/\/cinegear.nl\/product-category-kine-cameras\/\"},{\"@type\":\"ListItem\",\"position\":3,\"name\":\"BLAZAR Cato 125mm T4.0 2X Full Frame Anamorphic Lens (PL Mount)\"}]},{\"@type\":\"WebSite\",\"@id\":\"https:\/\/cinegear.nl\/#website\",\"url\":\"https:\/\/cinegear.nl\/\",\"name\":\"Cinegear Amsterdam\",\"description\":\"\",\"publisher\":{\"@id\":\"https:\/\/cinegear.nl\/#organization\"},\"potentialAction\":[{\"@type\":\"SearchAction\",\"target\":{\"@type\":\"EntryPoint\",\"urlTemplate\":\"https:\/\/cinegear.nl\/?s={search_term_string}\"},\"query-input\":{\"@type\":\"PropertyValueSpecification\",\"valueRequired\":true,\"valueName\":\"search_term_string\"}}],\"inLanguage\":\"it-IT\"},{\"@type\":\"Organization\",\"@id\":\"https:\/\/cinegear.nl\/#organization\",\"name\":\"Cinegear\",\"url\":\"https:\/\/cinegear.nl\/\",\"logo\":{\"@type\":\"ImageObject\",\"inLanguage\":\"it-IT\",\"@id\":\"https:\/\/cinegear.nl\/#\/schema\/logo\/image\/\",\"url\":\"https:\/\/cinegear.nl\/wp-content\/uploads\/2019\/12\/Transparent_Normal_Logo.jpg\",\"contentUrl\":\"https:\/\/cinegear.nl\/wp-content\/uploads\/2019\/12\/Transparent_Normal_Logo.jpg\",\"width\":858,\"height\":782,\"caption\":\"Cinegear\"},\"image\":{\"@id\":\"https:\/\/cinegear.nl\/#\/schema\/logo\/image\/\"}}]}<\/script>\n<!-- \/ Yoast SEO Premium plugin. -->","yoast_head_json":{"title":"BLAZAR Cato 125mm T4.0 2X Full Frame Anamorphic Lens (PL Mount) | Cinegear Amsterdam","description":"2x constant squeeze ratio  Image circle: 36x24mm  PL\/EF interchangeable mount  Supporting 3:2 full frame shooting  2.07 lbs\/ 940g Ultra lightweight  Marked in both cm and inches  Vintage Anamorphic Character","robots":{"index":"index","follow":"follow","max-snippet":"max-snippet:-1","max-image-preview":"max-image-preview:large","max-video-preview":"max-video-preview:-1"},"canonical":"https:\/\/cinegear.nl\/it\/prodotto\/blazar-cato-125mm-t4-0-2x-full-frame-anamorphic-lens-pl-mount\/","og_locale":"it_IT","og_type":"article","og_title":"BLAZAR Cato 125mm T4.0 2X Full Frame Anamorphic Lens (PL Mount)","og_description":"2x constant squeeze ratio  Image circle: 36x24mm  PL\/EF interchangeable mount  Supporting 3:2 full frame shooting  2.07 lbs\/ 940g Ultra lightweight  Marked in both cm and inches  Vintage Anamorphic Character","og_url":"https:\/\/cinegear.nl\/it\/prodotto\/blazar-cato-125mm-t4-0-2x-full-frame-anamorphic-lens-pl-mount\/","og_site_name":"Cinegear Amsterdam","article_modified_time":"2025-03-27T22:56:07+00:00","og_image":[{"width":1000,"height":1000,"url":"https:\/\/cinegear.nl\/wp-content\/uploads\/2024\/10\/1-2.jpg","type":"image\/jpeg"}],"twitter_card":"summary_large_image","twitter_misc":{"Tempo di lettura stimato":"3 minuti"},"schema":{"@context":"https:\/\/schema.org","@graph":[{"@type":"WebPage","@id":"https:\/\/cinegear.nl\/product\/blazar-cato-125mm-t4-0-2x-full-frame-anamorphic-lens-pl-mount\/","url":"https:\/\/cinegear.nl\/product\/blazar-cato-125mm-t4-0-2x-full-frame-anamorphic-lens-pl-mount\/","name":"BLAZAR Cato 125mm T4.0 2X Full Frame Anamorphic Lens (PL Mount) | Cinegear Amsterdam","isPartOf":{"@id":"https:\/\/cinegear.nl\/#website"},"primaryImageOfPage":{"@id":"https:\/\/cinegear.nl\/product\/blazar-cato-125mm-t4-0-2x-full-frame-anamorphic-lens-pl-mount\/#primaryimage"},"image":{"@id":"https:\/\/cinegear.nl\/product\/blazar-cato-125mm-t4-0-2x-full-frame-anamorphic-lens-pl-mount\/#primaryimage"},"thumbnailUrl":"https:\/\/cinegear.nl\/wp-content\/uploads\/2024\/10\/1-2.jpg","datePublished":"2024-10-08T16:11:12+00:00","dateModified":"2025-03-27T22:56:07+00:00","description":"2x constant squeeze ratio Image circle: 36x24mm PL\/EF interchangeable mount Supporting 3:2 full frame shooting 2.07 lbs\/ 940g Ultra lightweight Marked in both cm and inches Vintage Anamorphic Character","breadcrumb":{"@id":"https:\/\/cinegear.nl\/product\/blazar-cato-125mm-t4-0-2x-full-frame-anamorphic-lens-pl-mount\/#breadcrumb"},"inLanguage":"it-IT","potentialAction":[{"@type":"ReadAction","target":["https:\/\/cinegear.nl\/product\/blazar-cato-125mm-t4-0-2x-full-frame-anamorphic-lens-pl-mount\/"]}]},{"@type":"ImageObject","inLanguage":"it-IT","@id":"https:\/\/cinegear.nl\/product\/blazar-cato-125mm-t4-0-2x-full-frame-anamorphic-lens-pl-mount\/#primaryimage","url":"https:\/\/cinegear.nl\/wp-content\/uploads\/2024\/10\/1-2.jpg","contentUrl":"https:\/\/cinegear.nl\/wp-content\/uploads\/2024\/10\/1-2.jpg","width":1000,"height":1000},{"@type":"BreadcrumbList","@id":"https:\/\/cinegear.nl\/product\/blazar-cato-125mm-t4-0-2x-full-frame-anamorphic-lens-pl-mount\/#breadcrumb","itemListElement":[{"@type":"ListItem","position":1,"name":"Home","item":"https:\/\/cinegear.nl\/"},{"@type":"ListItem","position":2,"name":"Store","item":"https:\/\/cinegear.nl\/product-category-kine-cameras\/"},{"@type":"ListItem","position":3,"name":"BLAZAR Cato 125mm T4.0 2X Full Frame Anamorphic Lens (PL Mount)"}]},{"@type":"WebSite","@id":"https:\/\/cinegear.nl\/#website","url":"https:\/\/cinegear.nl\/","name":"Cinegear Amsterdam","description":"","publisher":{"@id":"https:\/\/cinegear.nl\/#organization"},"potentialAction":[{"@type":"SearchAction","target":{"@type":"EntryPoint","urlTemplate":"https:\/\/cinegear.nl\/?s={search_term_string}"},"query-input":{"@type":"PropertyValueSpecification","valueRequired":true,"valueName":"search_term_string"}}],"inLanguage":"it-IT"},{"@type":"Organization","@id":"https:\/\/cinegear.nl\/#organization","name":"Cinegear","url":"https:\/\/cinegear.nl\/","logo":{"@type":"ImageObject","inLanguage":"it-IT","@id":"https:\/\/cinegear.nl\/#\/schema\/logo\/image\/","url":"https:\/\/cinegear.nl\/wp-content\/uploads\/2019\/12\/Transparent_Normal_Logo.jpg","contentUrl":"https:\/\/cinegear.nl\/wp-content\/uploads\/2019\/12\/Transparent_Normal_Logo.jpg","width":858,"height":782,"caption":"Cinegear"},"image":{"@id":"https:\/\/cinegear.nl\/#\/schema\/logo\/image\/"}}]}},"brands":[{"id":12022,"name":"Blazar","slug":"blazar"}],"_links":{"self":[{"href":"https:\/\/cinegear.nl\/it\/wp-json\/wp\/v2\/product\/91512","targetHints":{"allow":["GET"]}}],"collection":[{"href":"https:\/\/cinegear.nl\/it\/wp-json\/wp\/v2\/product"}],"about":[{"href":"https:\/\/cinegear.nl\/it\/wp-json\/wp\/v2\/types\/product"}],"wp:featuredmedia":[{"embeddable":true,"href":"https:\/\/cinegear.nl\/it\/wp-json\/wp\/v2\/media\/91526"}],"wp:attachment":[{"href":"https:\/\/cinegear.nl\/it\/wp-json\/wp\/v2\/media?parent=91512"}],"wp:term":[{"taxonomy":"pwb-brand","embeddable":true,"href":"https:\/\/cinegear.nl\/it\/wp-json\/wp\/v2\/pwb-brand?post=91512"},{"taxonomy":"product_cat","embeddable":true,"href":"https:\/\/cinegear.nl\/it\/wp-json\/wp\/v2\/product_cat?post=91512"},{"taxonomy":"product_tag","embeddable":true,"href":"https:\/\/cinegear.nl\/it\/wp-json\/wp\/v2\/product_tag?post=91512"}],"curies":[{"name":"wp","href":"https:\/\/api.w.org\/{rel}","templated":true}]}}