{"id":910,"date":"2018-12-14T11:24:25","date_gmt":"2018-12-14T10:24:25","guid":{"rendered":"http:\/\/cinegear.nl\/?post_type=product&#038;p=910"},"modified":"2026-01-23T20:57:33","modified_gmt":"2026-01-23T19:57:33","slug":"kinemag-500gb","status":"publish","type":"product","link":"https:\/\/cinegear.nl\/it\/prodotto\/kinemag-500gb\/","title":{"rendered":"Kinefinity KineMAG 500GB SSD"},"content":{"rendered":"<p>L'SSD KineMAG\/KineMAG+ da 7 mm \u00e8 nato per adattarsi alle telecamere Kine: gestisce la registrazione RAW a piena larghezza di banda, con affidabilit\u00e0 e lunga durata, case interamente in metallo e buona dissipazione del calore. Su un'estremit\u00e0 di KineMAG+ sono presenti delle fessure che facilitano il collegamento tra l'SSD e il corpo di MAVO\/TERRA.<\/p>\n<p>Poich\u00e9 le fotocamere Kine registrano in RAW a piena larghezza di banda, le fotocamere digitali richiedono a KineMAG+ requisiti rigorosi per la scrittura dei dati:<\/p>\n<p>Affidabile e di lunga durata: poich\u00e9 i dati devono essere scritti continuamente sull'unit\u00e0 SSD dalle telecamere, la velocit\u00e0 di scrittura stabile e la lunga durata sono requisiti essenziali per le unit\u00e0 SSD professionali. Poich\u00e9 KineMAG+ impiega un controller eccellente e chip di memoria flash stabili, \u00e8 pi\u00f9 affidabile e ha una durata maggiore rispetto alle normali SSD.<\/p>\n<p>Standard industriali: KineMAG+ \u00e8 dotato di un'interfaccia SATA standard e pu\u00f2 quindi essere utilizzato direttamente con un cavo USB-SATA (\u00e8 possibile utilizzare HFS+, o Macdrive\u2122 o il freeware HFSexplorer se la workstation utilizza Windows\u2122, poich\u00e9 il file system dell'SSD KineMAG\u2122 \u00e8 MAC HFS). Questa interfaccia standard del settore rende il flusso di lavoro con le fotocamere Kine pi\u00f9 rapido e semplice, risparmiando il costo di adattatori speciali per accedere ai dati RAW registrati dalla fotocamera.<\/p>\n<p>KineMAG+ ha una capacit\u00e0 di 512 GB e 1 TB. La larghezza di banda di CinemaDNG 4K non compresso a 30fps \u00e8 di circa 400MB\/s. Se si registra a 25 fps, i tempi di registrazione con diversi codec e diverse risoluzioni sono indicati di seguito (in minuti):<\/p>\n<table id=\"tablepress-22\" class=\"tablepress tablepress-id-22\">\n<thead>\n<tr class=\"row-1 odd\">\n<th class=\"column-1\">SETTINGS<\/th>\n<th class=\"column-2\">KINEMAG 120GB<\/th>\n<th class=\"column-3\">KINEMAG 240GB<\/th>\n<th class=\"column-4\">KINEMAG+ 500GB<\/th>\n<th class=\"column-5\">KINEMAG+ 1TB<\/th>\n<\/tr>\n<\/thead>\n<tbody class=\"row-hover\">\n<tr class=\"row-2 even\">\n<td class=\"column-1\">2K@25fps KineRAW(.krw)<\/td>\n<td class=\"column-2\">48<\/td>\n<td class=\"column-3\">96<\/td>\n<td class=\"column-4\">200<\/td>\n<td class=\"column-5\">400<\/td>\n<\/tr>\n<tr class=\"row-3 odd\">\n<td class=\"column-1\">2K@25fps Cineform RAW(.mov)<\/td>\n<td class=\"column-2\">100<\/td>\n<td class=\"column-3\">200<\/td>\n<td class=\"column-4\">400<\/td>\n<td class=\"column-5\">800<\/td>\n<\/tr>\n<tr class=\"row-4 even\">\n<td class=\"column-1\">2K@25fps CinemaDNG(.dng)<\/td>\n<td class=\"column-2\">30<\/td>\n<td class=\"column-3\">60<\/td>\n<td class=\"column-4\">120<\/td>\n<td class=\"column-5\">240<\/td>\n<\/tr>\n<tr class=\"row-5 odd\">\n<td class=\"column-1\">3K@25fps KineRAW(.krw)<\/td>\n<td class=\"column-2\">24<\/td>\n<td class=\"column-3\">48<\/td>\n<td class=\"column-4\">100<\/td>\n<td class=\"column-5\">200<\/td>\n<\/tr>\n<tr class=\"row-6 even\">\n<td class=\"column-1\">3K@25fps Cineform RAW(.mov)<\/td>\n<td class=\"column-2\">50<\/td>\n<td class=\"column-3\">100<\/td>\n<td class=\"column-4\">200<\/td>\n<td class=\"column-5\">400<\/td>\n<\/tr>\n<tr class=\"row-7 odd\">\n<td class=\"column-1\">3K@25fps CinemaDNG(.dng)<\/td>\n<td class=\"column-2\">12<\/td>\n<td class=\"column-3\">24<\/td>\n<td class=\"column-4\">50<\/td>\n<td class=\"column-5\">100<\/td>\n<\/tr>\n<tr class=\"row-8 even\">\n<td class=\"column-1\">4K@25fps KineRAW(.krw)<\/td>\n<td class=\"column-2\">12<\/td>\n<td class=\"column-3\">24<\/td>\n<td class=\"column-4\">50<\/td>\n<td class=\"column-5\">100<\/td>\n<\/tr>\n<tr class=\"row-9 odd\">\n<td class=\"column-1\">4K@25fps CinemaDNG(.dng)<\/td>\n<td class=\"column-2\">6<\/td>\n<td class=\"column-3\">12<\/td>\n<td class=\"column-4\">25<\/td>\n<td class=\"column-5\">50<\/td>\n<\/tr>\n<tr class=\"row-10 even\">\n<td class=\"column-1\">6K@25fps KineRAW(.krw)<\/td>\n<td class=\"column-2\">6<\/td>\n<td class=\"column-3\">12<\/td>\n<td class=\"column-4\">25<\/td>\n<td class=\"column-5\">50<\/td>\n<\/tr>\n<\/tbody>\n<\/table>","protected":false},"excerpt":{"rendered":"<p>KineMAG \u00e8 una scheda SSD veloce da 7 mm che offre 500 GB di spazio di archiviazione. Con affidabilit\u00e0 e lunga durata, involucro interamente in metallo e buona dissipazione del calore. Su un'estremit\u00e0 di KineMAG \u00e8 presente uno slot che facilita perfettamente il collegamento tra l'SSD e le telecamere Kinefinity.<\/p>","protected":false},"featured_media":914,"template":"","meta":{"_acf_changed":false,"inline_featured_image":false},"pwb-brand":[8397],"product_cat":[393,396,15094,10327,10336,10408,16],"product_tag":[4521,203],"class_list":{"0":"post-910","1":"product","2":"type-product","3":"status-publish","4":"has-post-thumbnail","6":"pwb-brand-kinefinity","7":"product_cat-cameras","8":"product_cat-accessoires-cam","9":"product_cat-internal-ssds","10":"product_cat-brands-cameras","11":"product_cat-kinefinity-brands-cameras","12":"product_cat-kinefinity-accessoires","13":"product_cat-all","14":"product_tag-kinefinity","15":"product_tag-ssd","16":"product_shipping_class-small","18":"first","19":"outofstock","20":"taxable","21":"shipping-taxable","22":"purchasable","23":"product-type-simple"},"acf":{"supplier":"","buy_price":"","last_sync":""},"yoast_head":"<!-- This site is optimized with the Yoast SEO Premium plugin v21.8 (Yoast SEO v24.3) - https:\/\/yoast.com\/wordpress\/plugins\/seo\/ -->\n<title>Kinefinity KineMAG 500GB SSD | Cinegear Amsterdam<\/title>\n<meta name=\"description\" content=\"The KineMAG is a 7mm fast SSD card that suits you with 500GB of storage.\u00a0With reliability and long life, all-metal case and good heat dissipation.\" \/>\n<meta name=\"robots\" content=\"index, follow, max-snippet:-1, max-image-preview:large, max-video-preview:-1\" \/>\n<link rel=\"canonical\" href=\"https:\/\/cinegear.nl\/it\/prodotto\/kinemag-500gb\/\" \/>\n<meta property=\"og:locale\" content=\"it_IT\" \/>\n<meta property=\"og:type\" content=\"article\" \/>\n<meta property=\"og:title\" content=\"Kinefinity KineMAG 500GB SSD\" \/>\n<meta property=\"og:description\" content=\"The KineMAG is a 7mm fast SSD card that suits you with 500GB of storage.\u00a0With reliability and long life, all-metal case and good heat dissipation.\" \/>\n<meta property=\"og:url\" content=\"https:\/\/cinegear.nl\/it\/prodotto\/kinemag-500gb\/\" \/>\n<meta property=\"og:site_name\" content=\"Cinegear Amsterdam\" \/>\n<meta property=\"article:modified_time\" content=\"2026-01-23T19:57:33+00:00\" \/>\n<meta property=\"og:image\" content=\"https:\/\/cinegear.nl\/wp-content\/uploads\/2018\/12\/KineMAG-SSD_handgrip-huren_kinefinity-accessories_kine-mount-huren_camera-grip-huren_side-grip-huren_camera-verhuur_camera-rental.jpg\" \/>\n\t<meta property=\"og:image:width\" content=\"1200\" \/>\n\t<meta property=\"og:image:height\" content=\"1200\" \/>\n\t<meta property=\"og:image:type\" content=\"image\/jpeg\" \/>\n<meta name=\"twitter:card\" content=\"summary_large_image\" \/>\n<meta name=\"twitter:label1\" content=\"Tempo di lettura stimato\" \/>\n\t<meta name=\"twitter:data1\" content=\"2 minuti\" \/>\n<script type=\"application\/ld+json\" class=\"yoast-schema-graph\">{\"@context\":\"https:\/\/schema.org\",\"@graph\":[{\"@type\":\"WebPage\",\"@id\":\"https:\/\/cinegear.nl\/product\/kinemag-500gb\/\",\"url\":\"https:\/\/cinegear.nl\/product\/kinemag-500gb\/\",\"name\":\"Kinefinity KineMAG 500GB SSD | Cinegear Amsterdam\",\"isPartOf\":{\"@id\":\"https:\/\/cinegear.nl\/#website\"},\"primaryImageOfPage\":{\"@id\":\"https:\/\/cinegear.nl\/product\/kinemag-500gb\/#primaryimage\"},\"image\":{\"@id\":\"https:\/\/cinegear.nl\/product\/kinemag-500gb\/#primaryimage\"},\"thumbnailUrl\":\"https:\/\/cinegear.nl\/wp-content\/uploads\/2018\/12\/KineMAG-SSD_handgrip-huren_kinefinity-accessories_kine-mount-huren_camera-grip-huren_side-grip-huren_camera-verhuur_camera-rental.jpg\",\"datePublished\":\"2018-12-14T10:24:25+00:00\",\"dateModified\":\"2026-01-23T19:57:33+00:00\",\"description\":\"The KineMAG is a 7mm fast SSD card that suits you with 500GB of storage.\u00a0With reliability and long life, all-metal case and good heat dissipation.\",\"breadcrumb\":{\"@id\":\"https:\/\/cinegear.nl\/product\/kinemag-500gb\/#breadcrumb\"},\"inLanguage\":\"it-IT\",\"potentialAction\":[{\"@type\":\"ReadAction\",\"target\":[\"https:\/\/cinegear.nl\/product\/kinemag-500gb\/\"]}]},{\"@type\":\"ImageObject\",\"inLanguage\":\"it-IT\",\"@id\":\"https:\/\/cinegear.nl\/product\/kinemag-500gb\/#primaryimage\",\"url\":\"https:\/\/cinegear.nl\/wp-content\/uploads\/2018\/12\/KineMAG-SSD_handgrip-huren_kinefinity-accessories_kine-mount-huren_camera-grip-huren_side-grip-huren_camera-verhuur_camera-rental.jpg\",\"contentUrl\":\"https:\/\/cinegear.nl\/wp-content\/uploads\/2018\/12\/KineMAG-SSD_handgrip-huren_kinefinity-accessories_kine-mount-huren_camera-grip-huren_side-grip-huren_camera-verhuur_camera-rental.jpg\",\"width\":1200,\"height\":1200,\"caption\":\"Kinefinity KineMAG 500GB\"},{\"@type\":\"BreadcrumbList\",\"@id\":\"https:\/\/cinegear.nl\/product\/kinemag-500gb\/#breadcrumb\",\"itemListElement\":[{\"@type\":\"ListItem\",\"position\":1,\"name\":\"Home\",\"item\":\"https:\/\/cinegear.nl\/\"},{\"@type\":\"ListItem\",\"position\":2,\"name\":\"Store\",\"item\":\"https:\/\/cinegear.nl\/product-category-kine-cameras\/\"},{\"@type\":\"ListItem\",\"position\":3,\"name\":\"Kinefinity KineMAG 500GB SSD\"}]},{\"@type\":\"WebSite\",\"@id\":\"https:\/\/cinegear.nl\/#website\",\"url\":\"https:\/\/cinegear.nl\/\",\"name\":\"Cinegear Amsterdam\",\"description\":\"\",\"publisher\":{\"@id\":\"https:\/\/cinegear.nl\/#organization\"},\"potentialAction\":[{\"@type\":\"SearchAction\",\"target\":{\"@type\":\"EntryPoint\",\"urlTemplate\":\"https:\/\/cinegear.nl\/?s={search_term_string}\"},\"query-input\":{\"@type\":\"PropertyValueSpecification\",\"valueRequired\":true,\"valueName\":\"search_term_string\"}}],\"inLanguage\":\"it-IT\"},{\"@type\":\"Organization\",\"@id\":\"https:\/\/cinegear.nl\/#organization\",\"name\":\"Cinegear\",\"url\":\"https:\/\/cinegear.nl\/\",\"logo\":{\"@type\":\"ImageObject\",\"inLanguage\":\"it-IT\",\"@id\":\"https:\/\/cinegear.nl\/#\/schema\/logo\/image\/\",\"url\":\"https:\/\/cinegear.nl\/wp-content\/uploads\/2019\/12\/Transparent_Normal_Logo.jpg\",\"contentUrl\":\"https:\/\/cinegear.nl\/wp-content\/uploads\/2019\/12\/Transparent_Normal_Logo.jpg\",\"width\":858,\"height\":782,\"caption\":\"Cinegear\"},\"image\":{\"@id\":\"https:\/\/cinegear.nl\/#\/schema\/logo\/image\/\"}}]}<\/script>\n<!-- \/ Yoast SEO Premium plugin. -->","yoast_head_json":{"title":"Kinefinity KineMAG 500GB SSD | Cinegear Amsterdam","description":"The KineMAG is a 7mm fast SSD card that suits you with 500GB of storage.\u00a0With reliability and long life, all-metal case and good heat dissipation.","robots":{"index":"index","follow":"follow","max-snippet":"max-snippet:-1","max-image-preview":"max-image-preview:large","max-video-preview":"max-video-preview:-1"},"canonical":"https:\/\/cinegear.nl\/it\/prodotto\/kinemag-500gb\/","og_locale":"it_IT","og_type":"article","og_title":"Kinefinity KineMAG 500GB SSD","og_description":"The KineMAG is a 7mm fast SSD card that suits you with 500GB of storage.\u00a0With reliability and long life, all-metal case and good heat dissipation.","og_url":"https:\/\/cinegear.nl\/it\/prodotto\/kinemag-500gb\/","og_site_name":"Cinegear Amsterdam","article_modified_time":"2026-01-23T19:57:33+00:00","og_image":[{"width":1200,"height":1200,"url":"https:\/\/cinegear.nl\/wp-content\/uploads\/2018\/12\/KineMAG-SSD_handgrip-huren_kinefinity-accessories_kine-mount-huren_camera-grip-huren_side-grip-huren_camera-verhuur_camera-rental.jpg","type":"image\/jpeg"}],"twitter_card":"summary_large_image","twitter_misc":{"Tempo di lettura stimato":"2 minuti"},"schema":{"@context":"https:\/\/schema.org","@graph":[{"@type":"WebPage","@id":"https:\/\/cinegear.nl\/product\/kinemag-500gb\/","url":"https:\/\/cinegear.nl\/product\/kinemag-500gb\/","name":"Kinefinity KineMAG 500GB SSD | Cinegear Amsterdam","isPartOf":{"@id":"https:\/\/cinegear.nl\/#website"},"primaryImageOfPage":{"@id":"https:\/\/cinegear.nl\/product\/kinemag-500gb\/#primaryimage"},"image":{"@id":"https:\/\/cinegear.nl\/product\/kinemag-500gb\/#primaryimage"},"thumbnailUrl":"https:\/\/cinegear.nl\/wp-content\/uploads\/2018\/12\/KineMAG-SSD_handgrip-huren_kinefinity-accessories_kine-mount-huren_camera-grip-huren_side-grip-huren_camera-verhuur_camera-rental.jpg","datePublished":"2018-12-14T10:24:25+00:00","dateModified":"2026-01-23T19:57:33+00:00","description":"The KineMAG is a 7mm fast SSD card that suits you with 500GB of storage.\u00a0With reliability and long life, all-metal case and good heat dissipation.","breadcrumb":{"@id":"https:\/\/cinegear.nl\/product\/kinemag-500gb\/#breadcrumb"},"inLanguage":"it-IT","potentialAction":[{"@type":"ReadAction","target":["https:\/\/cinegear.nl\/product\/kinemag-500gb\/"]}]},{"@type":"ImageObject","inLanguage":"it-IT","@id":"https:\/\/cinegear.nl\/product\/kinemag-500gb\/#primaryimage","url":"https:\/\/cinegear.nl\/wp-content\/uploads\/2018\/12\/KineMAG-SSD_handgrip-huren_kinefinity-accessories_kine-mount-huren_camera-grip-huren_side-grip-huren_camera-verhuur_camera-rental.jpg","contentUrl":"https:\/\/cinegear.nl\/wp-content\/uploads\/2018\/12\/KineMAG-SSD_handgrip-huren_kinefinity-accessories_kine-mount-huren_camera-grip-huren_side-grip-huren_camera-verhuur_camera-rental.jpg","width":1200,"height":1200,"caption":"Kinefinity KineMAG 500GB"},{"@type":"BreadcrumbList","@id":"https:\/\/cinegear.nl\/product\/kinemag-500gb\/#breadcrumb","itemListElement":[{"@type":"ListItem","position":1,"name":"Home","item":"https:\/\/cinegear.nl\/"},{"@type":"ListItem","position":2,"name":"Store","item":"https:\/\/cinegear.nl\/product-category-kine-cameras\/"},{"@type":"ListItem","position":3,"name":"Kinefinity KineMAG 500GB SSD"}]},{"@type":"WebSite","@id":"https:\/\/cinegear.nl\/#website","url":"https:\/\/cinegear.nl\/","name":"Cinegear Amsterdam","description":"","publisher":{"@id":"https:\/\/cinegear.nl\/#organization"},"potentialAction":[{"@type":"SearchAction","target":{"@type":"EntryPoint","urlTemplate":"https:\/\/cinegear.nl\/?s={search_term_string}"},"query-input":{"@type":"PropertyValueSpecification","valueRequired":true,"valueName":"search_term_string"}}],"inLanguage":"it-IT"},{"@type":"Organization","@id":"https:\/\/cinegear.nl\/#organization","name":"Cinegear","url":"https:\/\/cinegear.nl\/","logo":{"@type":"ImageObject","inLanguage":"it-IT","@id":"https:\/\/cinegear.nl\/#\/schema\/logo\/image\/","url":"https:\/\/cinegear.nl\/wp-content\/uploads\/2019\/12\/Transparent_Normal_Logo.jpg","contentUrl":"https:\/\/cinegear.nl\/wp-content\/uploads\/2019\/12\/Transparent_Normal_Logo.jpg","width":858,"height":782,"caption":"Cinegear"},"image":{"@id":"https:\/\/cinegear.nl\/#\/schema\/logo\/image\/"}}]}},"brands":[{"id":8397,"name":"Marchi","slug":"kinefinity"}],"_links":{"self":[{"href":"https:\/\/cinegear.nl\/it\/wp-json\/wp\/v2\/product\/910","targetHints":{"allow":["GET"]}}],"collection":[{"href":"https:\/\/cinegear.nl\/it\/wp-json\/wp\/v2\/product"}],"about":[{"href":"https:\/\/cinegear.nl\/it\/wp-json\/wp\/v2\/types\/product"}],"wp:featuredmedia":[{"embeddable":true,"href":"https:\/\/cinegear.nl\/it\/wp-json\/wp\/v2\/media\/914"}],"wp:attachment":[{"href":"https:\/\/cinegear.nl\/it\/wp-json\/wp\/v2\/media?parent=910"}],"wp:term":[{"taxonomy":"pwb-brand","embeddable":true,"href":"https:\/\/cinegear.nl\/it\/wp-json\/wp\/v2\/pwb-brand?post=910"},{"taxonomy":"product_cat","embeddable":true,"href":"https:\/\/cinegear.nl\/it\/wp-json\/wp\/v2\/product_cat?post=910"},{"taxonomy":"product_tag","embeddable":true,"href":"https:\/\/cinegear.nl\/it\/wp-json\/wp\/v2\/product_tag?post=910"}],"curies":[{"name":"wp","href":"https:\/\/api.w.org\/{rel}","templated":true}]}}