{"id":90693,"date":"2024-09-05T13:46:38","date_gmt":"2024-09-05T11:46:38","guid":{"rendered":"https:\/\/cinegear.nl\/?post_type=product&#038;p=90693"},"modified":"2025-03-27T23:56:13","modified_gmt":"2025-03-27T22:56:13","slug":"blazar-remus-33mm-t1-8-1-5x-full-frame-anamorphic-lens-pl-ef-mount","status":"publish","type":"product","link":"https:\/\/cinegear.nl\/it\/prodotto\/blazar-remus-33mm-t1-8-1-5x-full-frame-anamorphic-lens-pl-ef-mount\/","title":{"rendered":"BLAZAR Remus 33 mm T1,8 1,5X Obiettivo anamorfico full frame PL + attacco EF"},"content":{"rendered":"<div class=\"row\"  id=\"row-1309903973\">\n\n\t<div id=\"col-1692751333\" class=\"col small-12 large-12\"  >\n\t\t\t\t<div class=\"col-inner\"  >\n\t\t\t\n\t\t\t\n<div class=\"row\"  id=\"row-861638515\">\n\n\t<div id=\"col-1894769621\" class=\"col small-12 large-12\"  >\n\t\t\t\t<div class=\"col-inner\"  >\n\t\t\t\n\t\t\t\n<h1><span style=\"color: #6e5909;\">Un piccolo obiettivo, un sacco di carattere<\/span><\/h1>\n<div class=\"row\"  id=\"row-1661291577\">\n\n\t<div id=\"col-1724068294\" class=\"col medium-3 small-12 large-3\"  >\n\t\t\t\t<div class=\"col-inner\"  >\n\t\t\t\n\t\t\t\n<p><span style=\"color: #000000;\"><strong>COPERTURA FULL FRAME 3:2<\/strong><\/span><\/p>\n\t\t<\/div>\n\t\t\t\t\t<\/div>\n\n\t\n\n\t<div id=\"col-222286893\" class=\"col medium-9 small-12 large-9\"  >\n\t\t\t\t<div class=\"col-inner\"  >\n\t\t\t\n\t\t\t\n<p>Gli obiettivi Remus 1.5x hanno un look anamorfico classico, trovando un equilibrio tra il carattere retr\u00f2 e il cinema moderno per uno stile unico e particolare dell'immagine.<\/p>\n\t\t<\/div>\n\t\t\t\t\t<\/div>\n\n\t\n<\/div>\n\t<div class=\"img has-hover x md-x lg-x y md-y lg-y\" id=\"image_1351122826\">\n\t\t\t\t\t\t\t\t<div class=\"img-inner dark\" >\n\t\t\t<img loading=\"lazy\" decoding=\"async\" width=\"2000\" height=\"1125\" src=\"https:\/\/cinegear.nl\/wp-content\/uploads\/2024\/09\/33single.webp\" class=\"attachment-original size-original\" alt=\"\" srcset=\"https:\/\/cinegear.nl\/wp-content\/uploads\/2024\/09\/33single.webp 2000w, https:\/\/cinegear.nl\/wp-content\/uploads\/2024\/09\/33single-300x169.webp 300w, https:\/\/cinegear.nl\/wp-content\/uploads\/2024\/09\/33single-1024x576.webp 1024w, https:\/\/cinegear.nl\/wp-content\/uploads\/2024\/09\/33single-768x432.webp 768w, https:\/\/cinegear.nl\/wp-content\/uploads\/2024\/09\/33single-1536x864.webp 1536w, https:\/\/cinegear.nl\/wp-content\/uploads\/2024\/09\/33single-1000x563.webp 1000w\" sizes=\"auto, (max-width: 2000px) 100vw, 2000px\" \/>\t\t\t\t\t\t\n\t\t\t\t\t<\/div>\n\t\t\t\t\t\t\t\t\n<style>\n#image_1351122826 {\n  width: 100%;\n}\n<\/style>\n\t<\/div>\n\t\n\t\t<\/div>\n\t\t\t\t\t<\/div>\n\n\t\n<\/div>\n<div class=\"row\"  id=\"row-1851248095\">\n\n\t<div id=\"col-2146307785\" class=\"col medium-7 small-12 large-7\"  >\n\t\t\t\t<div class=\"col-inner text-center\"  >\n\t\t\t\n\t\t\t\n\t<div class=\"img has-hover x md-x lg-x y md-y lg-y\" id=\"image_1898543279\">\n\t\t\t\t\t\t\t\t<div class=\"img-inner dark\" >\n\t\t\t<img loading=\"lazy\" decoding=\"async\" width=\"800\" height=\"450\" src=\"https:\/\/cinegear.nl\/wp-content\/uploads\/2024\/09\/2085669085554fe49efdaf1bf6ea92a2.HD-1080p-7.2Mbps-34160844.gif\" class=\"attachment-original size-original\" alt=\"\" \/>\t\t\t\t\t\t\n\t\t\t\t\t<\/div>\n\t\t\t\t\t\t\t\t\n<style>\n#image_1898543279 {\n  width: 100%;\n}\n<\/style>\n\t<\/div>\n\t\n\t\t<\/div>\n\t\t\t\t\n<style>\n#col-2146307785 > .col-inner {\n  padding: 0px 0px 0px 0px;\n  margin: 0px 0px 0px 0px;\n  border-radius: 15px;\n  max-width: 600px;\n}\n<\/style>\n\t<\/div>\n\n\t\n\n\t<div id=\"col-2044471890\" class=\"col medium-5 small-12 large-5\"  >\n\t\t\t\t<div class=\"col-inner\"  >\n\t\t\t\n\t\t\t\n\t<div id=\"gap-1763921962\" class=\"gap-element clearfix\" style=\"display:block; height:auto;\">\n\t\t\n<style>\n#gap-1763921962 {\n  padding-top: 85px;\n}\n<\/style>\n\t<\/div>\n\t\n\t<div id=\"text-721822600\" class=\"text\">\n\t\t\n<h2><span style=\"color: #000000;\">0,49 m\/1,6\u2032 Messa a fuoco ravvicinata<\/span><\/h2>\n<p><span style=\"color: #000000;\">L'obiettivo da 33 mm presenta un'impressionante distanza di messa a fuoco ravvicinata di soli 0,49 metri (1,6 piedi), che lo rende l'obiettivo con la messa a fuoco pi\u00f9 ravvicinata della linea Remus. Questa eccezionale capacit\u00e0 di messa a fuoco ravvicinata consente di ottenere dettagli sorprendenti e creativit\u00e0 negli scatti, catturando i soggetti con chiarezza e precisione a distanza ravvicinata.<\/span><br \/>\n\t\t\n<style>\n#text-721822600 {\n  text-align: left;\n}\n<\/style>\n\t<\/div>\n\t\n\t\t<\/div>\n\t\t\t\t\n<style>\n#col-2044471890 > .col-inner {\n  padding: 0px 10px 50px 10px;\n  margin: 0px 0px 0px 0px;\n  border-radius: 15px;\n}\n<\/style>\n\t<\/div>\n\n\t\n\n\t<div id=\"col-1285073813\" class=\"col medium-5 small-12 large-5\"  >\n\t\t\t\t<div class=\"col-inner\"  >\n\t\t\t\n\t\t\t\n\t<div id=\"gap-445736646\" class=\"gap-element clearfix\" style=\"display:block; height:auto;\">\n\t\t\n<style>\n#gap-445736646 {\n  padding-top: 85px;\n}\n<\/style>\n\t<\/div>\n\t\n\t<div id=\"text-101621043\" class=\"text\">\n\t\t\n<h2><span style=\"color: #000000;\">Bagliori<\/span><\/h2>\n<p>Tutti gli obiettivi Remus sono progettati per produrre bagliori sottili e artistici che esaltano l'atmosfera delle vostre riprese. Queste lenti offrono contrasti morbidi e bagliori emozionali, creando un look cinematografico con toni di colore caldi che aggiungono profondit\u00e0 e carattere alle immagini. Offriamo queste lenti in tre distinte opzioni di colore dei bagliori: Argento, Ambra e Blu.<br \/>\n\t\t\n<style>\n#text-101621043 {\n  text-align: left;\n}\n<\/style>\n\t<\/div>\n\t\n\t\t<\/div>\n\t\t\t\t\n<style>\n#col-1285073813 > .col-inner {\n  padding: 0px 10px 50px 10px;\n  margin: 0px 0px 0px 0px;\n  border-radius: 15px;\n}\n<\/style>\n\t<\/div>\n\n\t\n\n\t<div id=\"col-1693022072\" class=\"col medium-7 small-12 large-7\"  >\n\t\t\t\t<div class=\"col-inner\"  >\n\t\t\t\n\t\t\t\n\t<div id=\"gap-1595834802\" class=\"gap-element clearfix\" style=\"display:block; height:auto;\">\n\t\t\n<style>\n#gap-1595834802 {\n  padding-top: 85px;\n}\n<\/style>\n\t<\/div>\n\t\n\t<div id=\"text-1097986744\" class=\"text\">\n\t\t\n<h3 class=\"h2\"><span style=\"color: #000000;\">T1.8 FF<\/span><\/h3>\n<p>L'obiettivo Remus da 33 mm \u00e8 dotato di una veloce apertura T1.8, che lo rende il pi\u00f9 veloce dell'intera gamma Remus full-frame. Questa ampia apertura non solo consente di ottenere eccezionali prestazioni in condizioni di scarsa illuminazione, ma fornisce anche una straordinaria profondit\u00e0 di campo, particolarmente impressionante per un obiettivo grandangolare. Sia che stiate scattando in condizioni di luce difficili o che vogliate ottenere sfondi splendidamente sfocati, l'apertura T1.8 vi offre il controllo creativo per catturare immagini sorprendenti con dettagli e dimensioni notevoli.<br \/>\n\t\t\n<style>\n#text-1097986744 {\n  text-align: left;\n}\n<\/style>\n\t<\/div>\n\t\n\t\t<\/div>\n\t\t\t\t\n<style>\n#col-1693022072 > .col-inner {\n  padding: 0px 10px 50px 10px;\n  margin: 0px 0px 0px 0px;\n  border-radius: 15px;\n}\n<\/style>\n\t<\/div>\n\n\t\n<\/div>\n\n<p><iframe loading=\"lazy\" title=\"Blazar Lens | Remus 33mm T1.8 1.5X Full Frame Anamorphic Lens\" src=\"https:\/\/www.youtube.com\/embed\/Ui0oWzBX0KM\" width=\"1280\" height=\"536\" frameborder=\"0\" allowfullscreen=\"allowfullscreen\"><\/iframe><br \/>\n\n\t\t<\/div>\n\t\t\t\t\t<\/div>\n\n\t\n<\/div>","protected":false},"excerpt":{"rendered":"<p><strong>Apertura<\/strong>: Da T1.8 a T22<br \/>\n<strong>Attacco obiettivo<\/strong>: PL + EF<br \/>\n<strong>Fattore di compressione<\/strong>: 1.5X<br \/>\n<strong>Focus ravvicinato:<\/strong>: 0.49m \/ 1.6ft<br \/>\n<strong>Rotazione della messa a fuoco<\/strong>: 150\u00b0<br \/>\n<strong>Rotazione dell'apertura<\/strong>: 85\u00b0<br \/>\n<strong>Peso<\/strong>: 1.71lbs \/ 780g<br \/>\n<strong>Lame IRIS<\/strong>: 16<br \/>\n<strong>Diametro anteriore<\/strong>: 80mm<br \/>\n<strong>Filetto del filtro<\/strong>: 77mm X 0.75<br \/>\n<strong>Cerchio dell'immagine<\/strong>: 36x24mm<br \/>\n<strong>Riflessi dell'obiettivo<\/strong>: Argento<\/p>","protected":false},"featured_media":90680,"template":"","meta":{"_acf_changed":false,"inline_featured_image":false},"pwb-brand":[12022],"product_cat":[507,10777,10771,10800,14009],"product_tag":[14551,14552,742,13121,163,14550,14549,13122],"class_list":{"0":"post-90693","1":"product","2":"type-product","3":"status-publish","4":"has-post-thumbnail","6":"pwb-brand-blazar","7":"product_cat-anamorphic","8":"product_cat-pl-mount-cine-lens","9":"product_cat-wide-angle-cine-lens","10":"product_cat-wide-angle-foto-lens","11":"product_cat-new-products","12":"product_tag-33mm-anamorphic","13":"product_tag-33mm-pl","14":"product_tag-anamorphic","15":"product_tag-blazar","16":"product_tag-lens","17":"product_tag-new-blazar","18":"product_tag-new-remus","19":"product_tag-remus","20":"product_shipping_class-normal","22":"first","23":"onbackorder","24":"sale","25":"taxable","26":"shipping-taxable","27":"purchasable","28":"product-type-variable"},"acf":{"supplier":"","buy_price":"","last_sync":""},"yoast_head":"<!-- This site is optimized with the Yoast SEO Premium plugin v21.8 (Yoast SEO v24.3) - https:\/\/yoast.com\/wordpress\/plugins\/seo\/ -->\n<title>BLAZAR Remus 33mm T1.8 1.5X Full Frame Anamorphic Lens PL + EF Mount | Cinegear Amsterdam<\/title>\n<meta name=\"description\" content=\"Aperture: T1.8 to T22 Lens Mount: PL + EF Squeeze Factor: 1.5X Close Focus: 0.49m \/ 1.6ft Focus Rotation: 150\u00b0 Aperture Rotation: 85\u00b0 Weight: 1.71lbs \/ 780g IRIS Blades: 16 Front Diameter: 80mm Filter Thread: 77mm X 0.75 Image Circle: 36x24mm Lens Flare: Silver\" \/>\n<meta name=\"robots\" content=\"index, follow, max-snippet:-1, max-image-preview:large, max-video-preview:-1\" \/>\n<link rel=\"canonical\" href=\"https:\/\/cinegear.nl\/it\/prodotto\/blazar-remus-33mm-t1-8-1-5x-full-frame-anamorphic-lens-pl-ef-mount\/\" \/>\n<meta property=\"og:locale\" content=\"it_IT\" \/>\n<meta property=\"og:type\" content=\"article\" \/>\n<meta property=\"og:title\" content=\"BLAZAR Remus 33mm T1.8 1.5X Full Frame Anamorphic Lens PL + EF Mount\" \/>\n<meta property=\"og:description\" content=\"Aperture: T1.8 to T22 Lens Mount: PL + EF Squeeze Factor: 1.5X Close Focus: 0.49m \/ 1.6ft Focus Rotation: 150\u00b0 Aperture Rotation: 85\u00b0 Weight: 1.71lbs \/ 780g IRIS Blades: 16 Front Diameter: 80mm Filter Thread: 77mm X 0.75 Image Circle: 36x24mm Lens Flare: Silver\" \/>\n<meta property=\"og:url\" content=\"https:\/\/cinegear.nl\/it\/prodotto\/blazar-remus-33mm-t1-8-1-5x-full-frame-anamorphic-lens-pl-ef-mount\/\" \/>\n<meta property=\"og:site_name\" content=\"Cinegear Amsterdam\" \/>\n<meta property=\"article:modified_time\" content=\"2025-03-27T22:56:13+00:00\" \/>\n<meta property=\"og:image\" content=\"https:\/\/cinegear.nl\/wp-content\/uploads\/2024\/09\/Remus-33mm-T1.8-1.5X-Full-Frame-Anamorphic-Lens.webp\" \/>\n\t<meta property=\"og:image:width\" content=\"1000\" \/>\n\t<meta property=\"og:image:height\" content=\"1000\" \/>\n\t<meta property=\"og:image:type\" content=\"image\/webp\" \/>\n<meta name=\"twitter:card\" content=\"summary_large_image\" \/>\n<meta name=\"twitter:label1\" content=\"Tempo di lettura stimato\" \/>\n\t<meta name=\"twitter:data1\" content=\"2 minuti\" \/>\n<script type=\"application\/ld+json\" class=\"yoast-schema-graph\">{\"@context\":\"https:\/\/schema.org\",\"@graph\":[{\"@type\":\"WebPage\",\"@id\":\"https:\/\/cinegear.nl\/product\/blazar-remus-33mm-t1-8-1-5x-full-frame-anamorphic-lens-pl-ef-mount\/\",\"url\":\"https:\/\/cinegear.nl\/product\/blazar-remus-33mm-t1-8-1-5x-full-frame-anamorphic-lens-pl-ef-mount\/\",\"name\":\"BLAZAR Remus 33mm T1.8 1.5X Full Frame Anamorphic Lens PL + EF Mount | Cinegear Amsterdam\",\"isPartOf\":{\"@id\":\"https:\/\/cinegear.nl\/#website\"},\"primaryImageOfPage\":{\"@id\":\"https:\/\/cinegear.nl\/product\/blazar-remus-33mm-t1-8-1-5x-full-frame-anamorphic-lens-pl-ef-mount\/#primaryimage\"},\"image\":{\"@id\":\"https:\/\/cinegear.nl\/product\/blazar-remus-33mm-t1-8-1-5x-full-frame-anamorphic-lens-pl-ef-mount\/#primaryimage\"},\"thumbnailUrl\":\"https:\/\/cinegear.nl\/wp-content\/uploads\/2024\/09\/Remus-33mm-T1.8-1.5X-Full-Frame-Anamorphic-Lens.webp\",\"datePublished\":\"2024-09-05T11:46:38+00:00\",\"dateModified\":\"2025-03-27T22:56:13+00:00\",\"description\":\"Aperture: T1.8 to T22 Lens Mount: PL + EF Squeeze Factor: 1.5X Close Focus: 0.49m \/ 1.6ft Focus Rotation: 150\u00b0 Aperture Rotation: 85\u00b0 Weight: 1.71lbs \/ 780g IRIS Blades: 16 Front Diameter: 80mm Filter Thread: 77mm X 0.75 Image Circle: 36x24mm Lens Flare: Silver\",\"breadcrumb\":{\"@id\":\"https:\/\/cinegear.nl\/product\/blazar-remus-33mm-t1-8-1-5x-full-frame-anamorphic-lens-pl-ef-mount\/#breadcrumb\"},\"inLanguage\":\"it-IT\",\"potentialAction\":[{\"@type\":\"ReadAction\",\"target\":[\"https:\/\/cinegear.nl\/product\/blazar-remus-33mm-t1-8-1-5x-full-frame-anamorphic-lens-pl-ef-mount\/\"]}]},{\"@type\":\"ImageObject\",\"inLanguage\":\"it-IT\",\"@id\":\"https:\/\/cinegear.nl\/product\/blazar-remus-33mm-t1-8-1-5x-full-frame-anamorphic-lens-pl-ef-mount\/#primaryimage\",\"url\":\"https:\/\/cinegear.nl\/wp-content\/uploads\/2024\/09\/Remus-33mm-T1.8-1.5X-Full-Frame-Anamorphic-Lens.webp\",\"contentUrl\":\"https:\/\/cinegear.nl\/wp-content\/uploads\/2024\/09\/Remus-33mm-T1.8-1.5X-Full-Frame-Anamorphic-Lens.webp\",\"width\":1000,\"height\":1000},{\"@type\":\"BreadcrumbList\",\"@id\":\"https:\/\/cinegear.nl\/product\/blazar-remus-33mm-t1-8-1-5x-full-frame-anamorphic-lens-pl-ef-mount\/#breadcrumb\",\"itemListElement\":[{\"@type\":\"ListItem\",\"position\":1,\"name\":\"Home\",\"item\":\"https:\/\/cinegear.nl\/\"},{\"@type\":\"ListItem\",\"position\":2,\"name\":\"Store\",\"item\":\"https:\/\/cinegear.nl\/product-category-kine-cameras\/\"},{\"@type\":\"ListItem\",\"position\":3,\"name\":\"BLAZAR Remus 33mm T1.8 1.5X Full Frame Anamorphic Lens PL + EF Mount\"}]},{\"@type\":\"WebSite\",\"@id\":\"https:\/\/cinegear.nl\/#website\",\"url\":\"https:\/\/cinegear.nl\/\",\"name\":\"Cinegear Amsterdam\",\"description\":\"\",\"publisher\":{\"@id\":\"https:\/\/cinegear.nl\/#organization\"},\"potentialAction\":[{\"@type\":\"SearchAction\",\"target\":{\"@type\":\"EntryPoint\",\"urlTemplate\":\"https:\/\/cinegear.nl\/?s={search_term_string}\"},\"query-input\":{\"@type\":\"PropertyValueSpecification\",\"valueRequired\":true,\"valueName\":\"search_term_string\"}}],\"inLanguage\":\"it-IT\"},{\"@type\":\"Organization\",\"@id\":\"https:\/\/cinegear.nl\/#organization\",\"name\":\"Cinegear\",\"url\":\"https:\/\/cinegear.nl\/\",\"logo\":{\"@type\":\"ImageObject\",\"inLanguage\":\"it-IT\",\"@id\":\"https:\/\/cinegear.nl\/#\/schema\/logo\/image\/\",\"url\":\"https:\/\/cinegear.nl\/wp-content\/uploads\/2019\/12\/Transparent_Normal_Logo.jpg\",\"contentUrl\":\"https:\/\/cinegear.nl\/wp-content\/uploads\/2019\/12\/Transparent_Normal_Logo.jpg\",\"width\":858,\"height\":782,\"caption\":\"Cinegear\"},\"image\":{\"@id\":\"https:\/\/cinegear.nl\/#\/schema\/logo\/image\/\"}}]}<\/script>\n<!-- \/ Yoast SEO Premium plugin. -->","yoast_head_json":{"title":"BLAZAR Remus 33mm T1.8 1.5X Full Frame Anamorphic Lens PL + EF Mount | Cinegear Amsterdam","description":"Aperture: T1.8 to T22 Lens Mount: PL + EF Squeeze Factor: 1.5X Close Focus: 0.49m \/ 1.6ft Focus Rotation: 150\u00b0 Aperture Rotation: 85\u00b0 Weight: 1.71lbs \/ 780g IRIS Blades: 16 Front Diameter: 80mm Filter Thread: 77mm X 0.75 Image Circle: 36x24mm Lens Flare: Silver","robots":{"index":"index","follow":"follow","max-snippet":"max-snippet:-1","max-image-preview":"max-image-preview:large","max-video-preview":"max-video-preview:-1"},"canonical":"https:\/\/cinegear.nl\/it\/prodotto\/blazar-remus-33mm-t1-8-1-5x-full-frame-anamorphic-lens-pl-ef-mount\/","og_locale":"it_IT","og_type":"article","og_title":"BLAZAR Remus 33mm T1.8 1.5X Full Frame Anamorphic Lens PL + EF Mount","og_description":"Aperture: T1.8 to T22 Lens Mount: PL + EF Squeeze Factor: 1.5X Close Focus: 0.49m \/ 1.6ft Focus Rotation: 150\u00b0 Aperture Rotation: 85\u00b0 Weight: 1.71lbs \/ 780g IRIS Blades: 16 Front Diameter: 80mm Filter Thread: 77mm X 0.75 Image Circle: 36x24mm Lens Flare: Silver","og_url":"https:\/\/cinegear.nl\/it\/prodotto\/blazar-remus-33mm-t1-8-1-5x-full-frame-anamorphic-lens-pl-ef-mount\/","og_site_name":"Cinegear Amsterdam","article_modified_time":"2025-03-27T22:56:13+00:00","og_image":[{"width":1000,"height":1000,"url":"https:\/\/cinegear.nl\/wp-content\/uploads\/2024\/09\/Remus-33mm-T1.8-1.5X-Full-Frame-Anamorphic-Lens.webp","type":"image\/webp"}],"twitter_card":"summary_large_image","twitter_misc":{"Tempo di lettura stimato":"2 minuti"},"schema":{"@context":"https:\/\/schema.org","@graph":[{"@type":"WebPage","@id":"https:\/\/cinegear.nl\/product\/blazar-remus-33mm-t1-8-1-5x-full-frame-anamorphic-lens-pl-ef-mount\/","url":"https:\/\/cinegear.nl\/product\/blazar-remus-33mm-t1-8-1-5x-full-frame-anamorphic-lens-pl-ef-mount\/","name":"BLAZAR Remus 33mm T1.8 1.5X Full Frame Anamorphic Lens PL + EF Mount | Cinegear Amsterdam","isPartOf":{"@id":"https:\/\/cinegear.nl\/#website"},"primaryImageOfPage":{"@id":"https:\/\/cinegear.nl\/product\/blazar-remus-33mm-t1-8-1-5x-full-frame-anamorphic-lens-pl-ef-mount\/#primaryimage"},"image":{"@id":"https:\/\/cinegear.nl\/product\/blazar-remus-33mm-t1-8-1-5x-full-frame-anamorphic-lens-pl-ef-mount\/#primaryimage"},"thumbnailUrl":"https:\/\/cinegear.nl\/wp-content\/uploads\/2024\/09\/Remus-33mm-T1.8-1.5X-Full-Frame-Anamorphic-Lens.webp","datePublished":"2024-09-05T11:46:38+00:00","dateModified":"2025-03-27T22:56:13+00:00","description":"Aperture: T1.8 to T22 Lens Mount: PL + EF Squeeze Factor: 1.5X Close Focus: 0.49m \/ 1.6ft Focus Rotation: 150\u00b0 Aperture Rotation: 85\u00b0 Weight: 1.71lbs \/ 780g IRIS Blades: 16 Front Diameter: 80mm Filter Thread: 77mm X 0.75 Image Circle: 36x24mm Lens Flare: Silver","breadcrumb":{"@id":"https:\/\/cinegear.nl\/product\/blazar-remus-33mm-t1-8-1-5x-full-frame-anamorphic-lens-pl-ef-mount\/#breadcrumb"},"inLanguage":"it-IT","potentialAction":[{"@type":"ReadAction","target":["https:\/\/cinegear.nl\/product\/blazar-remus-33mm-t1-8-1-5x-full-frame-anamorphic-lens-pl-ef-mount\/"]}]},{"@type":"ImageObject","inLanguage":"it-IT","@id":"https:\/\/cinegear.nl\/product\/blazar-remus-33mm-t1-8-1-5x-full-frame-anamorphic-lens-pl-ef-mount\/#primaryimage","url":"https:\/\/cinegear.nl\/wp-content\/uploads\/2024\/09\/Remus-33mm-T1.8-1.5X-Full-Frame-Anamorphic-Lens.webp","contentUrl":"https:\/\/cinegear.nl\/wp-content\/uploads\/2024\/09\/Remus-33mm-T1.8-1.5X-Full-Frame-Anamorphic-Lens.webp","width":1000,"height":1000},{"@type":"BreadcrumbList","@id":"https:\/\/cinegear.nl\/product\/blazar-remus-33mm-t1-8-1-5x-full-frame-anamorphic-lens-pl-ef-mount\/#breadcrumb","itemListElement":[{"@type":"ListItem","position":1,"name":"Home","item":"https:\/\/cinegear.nl\/"},{"@type":"ListItem","position":2,"name":"Store","item":"https:\/\/cinegear.nl\/product-category-kine-cameras\/"},{"@type":"ListItem","position":3,"name":"BLAZAR Remus 33mm T1.8 1.5X Full Frame Anamorphic Lens PL + EF Mount"}]},{"@type":"WebSite","@id":"https:\/\/cinegear.nl\/#website","url":"https:\/\/cinegear.nl\/","name":"Cinegear Amsterdam","description":"","publisher":{"@id":"https:\/\/cinegear.nl\/#organization"},"potentialAction":[{"@type":"SearchAction","target":{"@type":"EntryPoint","urlTemplate":"https:\/\/cinegear.nl\/?s={search_term_string}"},"query-input":{"@type":"PropertyValueSpecification","valueRequired":true,"valueName":"search_term_string"}}],"inLanguage":"it-IT"},{"@type":"Organization","@id":"https:\/\/cinegear.nl\/#organization","name":"Cinegear","url":"https:\/\/cinegear.nl\/","logo":{"@type":"ImageObject","inLanguage":"it-IT","@id":"https:\/\/cinegear.nl\/#\/schema\/logo\/image\/","url":"https:\/\/cinegear.nl\/wp-content\/uploads\/2019\/12\/Transparent_Normal_Logo.jpg","contentUrl":"https:\/\/cinegear.nl\/wp-content\/uploads\/2019\/12\/Transparent_Normal_Logo.jpg","width":858,"height":782,"caption":"Cinegear"},"image":{"@id":"https:\/\/cinegear.nl\/#\/schema\/logo\/image\/"}}]}},"brands":[{"id":12022,"name":"Blazar","slug":"blazar"}],"_links":{"self":[{"href":"https:\/\/cinegear.nl\/it\/wp-json\/wp\/v2\/product\/90693","targetHints":{"allow":["GET"]}}],"collection":[{"href":"https:\/\/cinegear.nl\/it\/wp-json\/wp\/v2\/product"}],"about":[{"href":"https:\/\/cinegear.nl\/it\/wp-json\/wp\/v2\/types\/product"}],"wp:featuredmedia":[{"embeddable":true,"href":"https:\/\/cinegear.nl\/it\/wp-json\/wp\/v2\/media\/90680"}],"wp:attachment":[{"href":"https:\/\/cinegear.nl\/it\/wp-json\/wp\/v2\/media?parent=90693"}],"wp:term":[{"taxonomy":"pwb-brand","embeddable":true,"href":"https:\/\/cinegear.nl\/it\/wp-json\/wp\/v2\/pwb-brand?post=90693"},{"taxonomy":"product_cat","embeddable":true,"href":"https:\/\/cinegear.nl\/it\/wp-json\/wp\/v2\/product_cat?post=90693"},{"taxonomy":"product_tag","embeddable":true,"href":"https:\/\/cinegear.nl\/it\/wp-json\/wp\/v2\/product_tag?post=90693"}],"curies":[{"name":"wp","href":"https:\/\/api.w.org\/{rel}","templated":true}]}}