{"id":89382,"date":"2024-08-01T04:15:23","date_gmt":"2024-08-01T02:15:23","guid":{"rendered":"https:\/\/cinegear.nl\/?post_type=product&#038;p=89382"},"modified":"2026-03-24T10:58:37","modified_gmt":"2026-03-24T09:58:37","slug":"kinefinity-mavo-mark2-s35-pack","status":"publish","type":"product","link":"https:\/\/cinegear.nl\/it\/prodotto\/kinefinity-mavo-mark2-s35-pack\/","title":{"rendered":"Confezione Kinefinity MAVO Mark2 S35"},"content":{"rendered":"<div class=\"row\"  id=\"row-2014119517\">\n\n\t<div id=\"col-1062641087\" class=\"col small-12 large-12\"  >\n\t\t\t\t<div class=\"col-inner\"  >\n\t\t\t\n\t\t\t\n<div class=\"row\"  id=\"row-1105751736\">\n\n\t<div id=\"col-907431278\" class=\"col medium-2 small-12 large-2\"  >\n\t\t\t\t<div class=\"col-inner\"  >\n\t\t\t\n\t\t\t\n<h3><strong>Panoramica<\/strong><\/h3>\n\t\t<\/div>\n\t\t\t\t\t<\/div>\n\n\t\n\n\t<div id=\"col-1008502946\" class=\"col medium-10 small-12 large-10\"  >\n\t\t\t\t<div class=\"col-inner\"  >\n\t\t\t\n\t\t\t\n<p><strong>MAVO mark2 S35<\/strong>, che offre frame rate fino a 6K Wide a 96 fps e 4K Wide a 150 fps, vanta due impostazioni ISO native di 3200 e 800. Ci\u00f2 garantisce prestazioni eccezionali in condizioni di scarsa illuminazione, offrendo immagini pi\u00f9 nitide, una gestione superiore delle alte luci, un'ampia gamma dinamica e capacit\u00e0 di ripresa con frame rate elevato sia in condizioni di scarsa illuminazione che di illuminazione standard.<\/p>\n<p>Entrambe le fotocamere della serie <strong>MAVO mark2<\/strong> di Kinefinity semplificano la piattaforma di elaborazione ad alte prestazioni di MAVO Edge. Dotate di un sistema di elaborazione delle immagini avanzato, due uscite SDI indipendenti e la possibilit\u00e0 di registrare in formato ProRes4444XQ direttamente su SSD NVMe M.2, queste telecamere combinano un design leggero e completamente integrato con un flusso di lavoro ad alta efficienza, offrendo ai direttori della fotografia un'esperienza di ripresa classica ma efficiente, a un prezzo pi\u00f9 accessibile.<\/p>\n\t\t<\/div>\n\t\t\t\t\t<\/div>\n\n\t\n<\/div>\n<div class=\"is-divider divider clearfix\" style=\"max-width:1600px;height:2px;\"><\/div>\n\t\t<\/div>\n\t\t\t\t\t<\/div>\n\n\t\n<\/div>\n<div class=\"row\"  id=\"row-408200230\">\n\n\t<div id=\"col-1151394462\" class=\"col small-12 large-12\"  >\n\t\t\t\t<div class=\"col-inner\"  >\n\t\t\t\n\t\t\t\n<div class=\"row\"  id=\"row-20750705\">\n\n\t<div id=\"col-426815108\" class=\"col medium-2 small-12 large-2\"  >\n\t\t\t\t<div class=\"col-inner\"  >\n\t\t\t\n\t\t\t\n<h3><strong>Nella scatola<br \/>\n<\/strong><\/h3>\n\t\t<\/div>\n\t\t\t\t\t<\/div>\n\n\t\n\n\t<div id=\"col-632226680\" class=\"col medium-10 small-12 large-10\"  >\n\t\t\t\t<div class=\"col-inner\"  >\n\t\t\t\n\t\t\t\n<ul>\n<li>Kinefinity MAVO mark2 S35 (include E Mount attivo)<\/li>\n<li>Kinefinity KineMON-5U2 Monitor Ultra-Luminoso<\/li>\n<li>Kinefinity Cavo Video Kine (0,3 m)<\/li>\n<li>Kinefinity KineMAG Nano Body<\/li>\n<li>Kinefinity Movcam KineKIT-Edge Agile<\/li>\n<\/ul>\n\t\t<\/div>\n\t\t\t\t\t<\/div>\n\n\t\n<\/div>\n<div class=\"is-divider divider clearfix\" style=\"max-width:1600px;height:2px;\"><\/div>\n\t\t<\/div>\n\t\t\t\t\t<\/div>\n\n\t\n<\/div>\n<div class=\"row\"  id=\"row-1558312930\">\n\n\t<div id=\"col-633054292\" class=\"col small-12 large-12\"  >\n\t\t\t\t<div class=\"col-inner\"  >\n\t\t\t\n\t\t\t\n<div class=\"row\"  id=\"row-695968703\">\n\n\t<div id=\"col-1183310330\" class=\"col medium-2 small-12 large-2\"  >\n\t\t\t\t<div class=\"col-inner\"  >\n\t\t\t\n\t\t\t\n<h3><strong>Specifiche<br \/>\n<\/strong><\/h3>\n\t\t<\/div>\n\t\t\t\t\t<\/div>\n\n\t\n\n\t<div id=\"col-498681476\" class=\"col medium-10 small-12 large-10\"  >\n\t\t\t\t<div class=\"col-inner\"  >\n\t\t\t\n\t\t\t\n<table>\n<tbody>\n<tr>\n<th>Sensore di immagine CMOS<\/th>\n<td colspan=\"4\">Sensore di immagine CMOS S35 6K 3:2<\/td>\n<\/tr>\n<tr>\n<th>massima risoluzione<\/th>\n<td colspan=\"4\">6144\u00d74016 (3:2 full gate), 25 milioni<\/td>\n<\/tr>\n<tr>\n<th>frequenza dei fotogrammi<\/th>\n<td colspan=\"4\">6K Ampio 0,2~96 fps<\/td>\n<\/tr>\n<tr>\n<th>Dimensione fotosensibile effettiva<\/th>\n<td colspan=\"4\">24x16mm, \u00f8 28.8mm<\/td>\n<\/tr>\n<tr>\n<th>Doppio ISO nativo\u00a0 \u00a0\u00a0<\/th>\n<td colspan=\"4\">ISO base: 800; ISO base alto: 3200<\/td>\n<\/tr>\n<tr>\n<th>Tolleranza<\/th>\n<td colspan=\"4\">&gt;14 file<\/td>\n<\/tr>\n<tr>\n<th>angolo dell'otturatore<\/th>\n<td colspan=\"4\">Tapparella avvolgibile da 0,7\u00b0~358\u00b0<\/td>\n<\/tr>\n<tr>\n<th>baionetta del corpo<\/th>\n<td colspan=\"4\">Attacco PL nativo, attacco E elettronico o KineMOUNT universale (realizza PL\/LPL\/EF tramite un attacco adattatore solido)<\/td>\n<\/tr>\n<tr>\n<th>filtro ottico<\/th>\n<td colspan=\"4\">Filtri ottici UV OLPF e filtri IR-cut<\/td>\n<\/tr>\n<tr>\n<th colspan=\"5\">Formati di codifica, LUT e supporti di registrazione<\/th>\n<\/tr>\n<tr>\n<th rowspan=\"4\">codice di registrazione<\/th>\n<td><strong>tipo di codifica<\/strong><\/td>\n<td><strong>Formato del pacchetto<\/strong><\/td>\n<td><strong>profondit\u00e0 di bit<\/strong><\/td>\n<td><strong>Osservazione<\/strong><\/td>\n<\/tr>\n<tr>\n<td>ProRes4444XQ<\/td>\n<td>Quicktime mov<\/td>\n<td>12 bit<\/td>\n<td>KineLOG3<\/td>\n<\/tr>\n<tr>\n<td>ProRes4444<\/td>\n<td>Quicktime mov<\/td>\n<td>12 bit<\/td>\n<td>KineLOG3<\/td>\n<\/tr>\n<tr>\n<td>ProRes422HQ<\/td>\n<td>Quicktime mov<\/td>\n<td>10 bit<\/td>\n<td>KineLOG3, incluso ProRes422\/LT<\/td>\n<\/tr>\n<tr>\n<th>formato di anteprima<\/th>\n<td colspan=\"4\">H264, formato mp4, 8 bit, quando il frame rate \u00e8 inferiore o uguale a 30 fps<\/td>\n<\/tr>\n<tr>\n<th>LUT<\/th>\n<td colspan=\"4\">KineLOG3, Neutro (Rec 709), supporta LUT 3D definite dall'utente<\/td>\n<\/tr>\n<tr>\n<th>supporto di registrazione<\/th>\n<td colspan=\"4\">KineMAG Nano SSD 1 TB\/2 TB, slot per scheda singola; tramite il corpo della scheda KineMAG Nano, pu\u00f2 supportare schede NVMe M.2 2280 di terze parti<\/td>\n<\/tr>\n<tr>\n<th>Dimensioni del supporto (LxAxP)<\/th>\n<td colspan=\"4\">KineMAG Nano SSD 1 TB\/2 TB, slot per scheda singola; tramite il corpo della scheda KineMAG Nano, pu\u00f2 supportare schede NVMe M.2 2280 di terze parti<\/td>\n<\/tr>\n<tr>\n<th>Dimensioni del supporto (LxAxP)<\/th>\n<td colspan=\"4\">1.6\u00d73.5\u00d70.35\u201d\/40x88x9mm<\/td>\n<\/tr>\n<\/tbody>\n<\/table>\n<table>\n<tbody>\n<tr>\n<th colspan=\"5\">Risoluzione, frame rate, dimensione fotosensibile\nSalva traduzione<\/th>\n<\/tr>\n<tr>\n<th rowspan=\"15\">S35<\/th>\n<td><strong>risoluzione<\/strong><\/td>\n<td><strong>frequenza dei fotogrammi<\/strong><\/td>\n<td><strong>codice di registrazione<\/strong><\/td>\n<td><strong>Dimensioni fotosensibili<\/strong><\/td>\n<\/tr>\n<tr>\n<td>S35 6K OG<\/td>\n<td>6144&#215;4016, 0.2~60fps<\/td>\n<td>Fino a ProRes 4444XQ<\/td>\n<td>Dimensioni fotosensibili: 24x16mm, \u00f8 28,8mm<\/td>\n<\/tr>\n<tr>\n<td>S35 6K DCI<\/td>\n<td>6144&#215;3240, 0.2~75fps<\/td>\n<td>Fino a ProRes 4444XQ<\/td>\n<td>Dimensioni fotosensibili: 24\u00d712,9 mm, \u00f8 27,3 mm<\/td>\n<\/tr>\n<tr>\n<td>S35 6K 2.4:1<\/td>\n<td>6144&#215;2516, 0.2~96fps<\/td>\n<td>Fino a ProRes 4444XQ<\/td>\n<td>Dimensioni fotosensibili: 24\u00d710,0 mm, \u00f8 26,0 mm<\/td>\n<\/tr>\n<tr>\n<td>S35 6K UHD<\/td>\n<td>5760&#215;3240, 0.2~75fps<\/td>\n<td>Fino a ProRes 4444XQ<\/td>\n<td>Dimensioni fotosensibili: 22,5\u00d712,9 mm, \u00f8 25,9 mm<\/td>\n<\/tr>\n<tr>\n<td>S35 5K 17:9<\/td>\n<td>5120&#215;2700, 0.2~90fps<\/td>\n<td>Fino a ProRes 4444XQ<\/td>\n<td>Dimensioni fotosensibili: 20\u00d710,8 mm, \u00f8 22,7 mm<\/td>\n<\/tr>\n<tr>\n<td>S35 5K 2.4:1<\/td>\n<td>5120&#215;2160, 0.2~112fps<\/td>\n<td>Fino a ProRes 4444XQ<\/td>\n<td>Dimensioni fotosensibili: 20\u00d78,6 mm, \u00f8 21,8 mm<\/td>\n<\/tr>\n<tr>\n<td>S35 5.7K 3:2<\/td>\n<td>5760&#215;3840, 0.2~60fps<\/td>\n<td>Fino a ProRes 4444XQ<\/td>\n<td>Dimensioni fotosensibili: 22,5\u00d715,3 mm, \u00f8 27,2 mm<\/td>\n<\/tr>\n<tr>\n<td>S35 5K 4:3<\/td>\n<td>5120&#215;3840, 0.2~60fps<\/td>\n<td>Fino a ProRes 4444XQ<\/td>\n<td>Dimensioni fotosensibili: 20\u00d715,3 mm, \u00f8 25,2 mm<\/td>\n<\/tr>\n<tr>\n<td>S35 4.8K 6:5<\/td>\n<td>4864&#215;3840, 0.2~60fps<\/td>\n<td>Fino a ProRes 4444XQ<\/td>\n<td>Dimensioni fotosensibili: 19\u00d715,3 mm, \u00f8 24,4 mm<\/td>\n<\/tr>\n<tr>\n<td>S35 3,8K 3:2 (sovracampionamento)<\/td>\n<td>3840&#215;2460, 0.2~60fps<\/td>\n<td>Fino a ProRes 4444XQ<\/td>\n<td>Dimensioni fotosensibili: 22,5\u00d715,3 mm, \u00f8 27,2 mm<\/td>\n<\/tr>\n<tr>\n<td>S35 4K UHD (sovracampionamento)<\/td>\n<td>3840&#215;2160, 0.2~75fps<\/td>\n<td>Fino a ProRes 4444XQ<\/td>\n<td>Dimensioni fotosensibili: 22,5\u00d712,9 mm, \u00f8 25,9 mm<\/td>\n<\/tr>\n<tr>\n<td>S35 3,8K 2,4:1 (sovracampionamento)<\/td>\n<td>3840&#215;1600, 0.2~96fps<\/td>\n<td>Fino a ProRes 4444XQ<\/td>\n<td>Dimensioni fotosensibili: 24\u00d710,0 mm, \u00f8 26,0 mm<\/td>\n<\/tr>\n<tr>\n<td>S35 3.4K 4:3 (sovracampionamento)<\/td>\n<td>3456&#215;2460, 0.2~60fps<\/td>\n<td>Fino a ProRes 4444XQ<\/td>\n<td>Dimensioni fotosensibili: 20\u00d715,3 mm, \u00f8 25,2 mm<\/td>\n<\/tr>\n<tr>\n<td>S35 3K 6:5 (sovracampionamento)<\/td>\n<td>3072&#215;2460, 0.2~60fps<\/td>\n<td>Fino a ProRes 4444XQ<\/td>\n<td>Dimensioni fotosensibili: 19\u00d715,3 mm, \u00f8 24,4 mm<\/td>\n<\/tr>\n<tr>\n<th rowspan=\"10\">M43<\/th>\n<td><strong>risoluzione<\/strong><\/td>\n<td><strong>frequenza dei fotogrammi<\/strong><\/td>\n<td><strong>codice di registrazione<\/strong><\/td>\n<td><strong>Dimensioni fotosensibili<\/strong><\/td>\n<\/tr>\n<tr>\n<td>M43 4K 17:9<\/td>\n<td>4096&#215;2160, 0.2~112fps<\/td>\n<td>Fino a ProRes 4444XQ<\/td>\n<td>Dimensioni fotosensibili: 16\u00d78,6 \u200b\u200bmm, \u00f8 18,2 mm<\/td>\n<\/tr>\n<tr>\n<td>M43 4K 2.4:1<\/td>\n<td>4096&#215;1720, 0.2~140fps<\/td>\n<td>Fino a ProRes 4444XQ<\/td>\n<td>Dimensioni fotosensibili: 16\u00d76,8 mm, \u00f8 17,4 mm<\/td>\n<\/tr>\n<tr>\n<td>M43 4K UHD<\/td>\n<td>3840&#215;2160, 0.2~112fps<\/td>\n<td>Fino a ProRes 4444XQ<\/td>\n<td>Dimensioni fotosensibili: 15\u00d78,6 mm, \u00f8 17,3 mm<\/td>\n<\/tr>\n<tr>\n<td>M43 3.8K 2.4:1<\/td>\n<td>3840&#215;1600, 0.2~150fps<\/td>\n<td>Fino a ProRes 4444XQ<\/td>\n<td>Dimensioni fotosensibili: 15\u00d76,4 mm, \u00f8 16,3 mm<\/td>\n<\/tr>\n<tr>\n<td>M43 4K 4:3<\/td>\n<td>4096&#215;3072, 0.2~75fps<\/td>\n<td>Fino a ProRes 4444XQ<\/td>\n<td>Dimensioni fotosensibili: 16\u00d712,2 mm, \u00f8 20,1 mm<\/td>\n<\/tr>\n<tr>\n<td>M43 2K 17:9 (sovracampionamento)<\/td>\n<td>2048&#215;1080, 0.2~112fps<\/td>\n<td>Fino a ProRes 4444XQ<\/td>\n<td>Dimensioni fotosensibili: 16\u00d78,6 \u200b\u200bmm, \u00f8 18,2 mm<\/td>\n<\/tr>\n<tr>\n<td>M43 2K 2.4:1 (sovracampionamento)<\/td>\n<td>2048&#215;860, 0.2~140fps<\/td>\n<td>Fino a ProRes 4444XQ<\/td>\n<td>Dimensioni fotosensibili: 16\u00d76,8 mm, \u00f8 17,4 mm<\/td>\n<\/tr>\n<tr>\n<td>M43 2K FHD (sovracampionamento)<\/td>\n<td>1920&#215;1080, 0.2~112fps<\/td>\n<td>Fino a ProRes 4444XQ<\/td>\n<td>Dimensioni fotosensibili: 15\u00d78,6 mm, \u00f8 17,3 mm<\/td>\n<\/tr>\n<tr>\n<td>M43 1.9K 2.4:1 (overshot)<\/td>\n<td>1920&#215;800, 0.2~150fps<\/td>\n<td>Fino a ProRes 4444XQ<\/td>\n<td>Dimensioni fotosensibili: 15\u00d76,4 mm, \u00f8 16,3 mm<\/td>\n<\/tr>\n<tr>\n<th rowspan=\"5\">S16<\/th>\n<td><strong>risoluzione<\/strong><\/td>\n<td><strong>frequenza dei fotogrammi<\/strong><\/td>\n<td><strong>codice di registrazione<\/strong><\/td>\n<td><strong>Dimensioni fotosensibili<\/strong><\/td>\n<\/tr>\n<tr>\n<td>S16 2K 17:9<\/td>\n<td>2048&#215;1080, 0.2~220fps<\/td>\n<td>Fino a ProRes 4444XQ<\/td>\n<td>Dimensioni fotosensibili: 8\u00d74,3 mm, \u00f8 9,1 mm<\/td>\n<\/tr>\n<tr>\n<td>S16 2K 2.4:1<\/td>\n<td>2048&#215;860, 0.2~270fps<\/td>\n<td>Fino a ProRes 4444XQ<\/td>\n<td>Dimensioni fotosensibili: 8\u00d73,4 mm, \u00f8 8,7 mm<\/td>\n<\/tr>\n<tr>\n<td>S16 2K FHD<\/td>\n<td>1920&#215;1080, 0.2~220fps<\/td>\n<td>Fino a ProRes 4444XQ<\/td>\n<td>Dimensioni fotosensibili: 7,5\u00d74,3 mm, \u00f8 8,6 mm<\/td>\n<\/tr>\n<tr>\n<td>S16 1.9K 2.4:1<\/td>\n<td>1920&#215;800, 0.2~270fps<\/td>\n<td>Fino a ProRes 4444XQ<\/td>\n<td>Dimensioni fotosensibili: 7,5\u00d73,2 mm, \u00f8 8,2 mm<\/td>\n<\/tr>\n<tr>\n<th colspan=\"5\">Monitor<\/th>\n<\/tr>\n<tr>\n<th>Porta video proprietaria KINEFINITY x2<\/th>\n<td colspan=\"4\">Pu\u00f2 essere collegato al mirino EVF Micro OLED KINEFINITY e al monitor ultra-luminoso KineMON-5U2\/KineMON-7U2 che supporta il touch screen<br \/>Uscita SDI 3G\/1.5G x2 con metadati e audio (standard BNC).<\/td>\n<\/tr>\n<tr>\n<th colspan=\"5\">audio<\/th>\n<\/tr>\n<tr>\n<th>Metriche dei campioni audio<\/th>\n<td colspan=\"4\">Uscita PCM lineare, 24 bit, 48 KHz<\/td>\n<\/tr>\n<tr>\n<th>Ingresso audio<\/th>\n<td colspan=\"4\">Microfono mono incorporato<br \/>Presa MIC stereo da 3,5 mm<br \/>Ingresso Phantom 48V x2 (porta XLR standard)<\/td>\n<\/tr>\n<tr>\n<th>Uscita audio<\/th>\n<td colspan=\"4\">Uscita monitor stereo da 3,5 mm<\/td>\n<\/tr>\n<tr>\n<th colspan=\"5\">Interfaccia di rete e wireless<\/th>\n<\/tr>\n<tr>\n<th>wireless<\/th>\n<td colspan=\"4\">Rete wireless WIFI5, pu\u00f2 essere utilizzata per lo streaming e il controllo della telecamera<br \/>Accelerometro a tre assi<\/td>\n<\/tr>\n<tr>\n<th colspan=\"5\">Sincronizzazione e controllo<\/th>\n<\/tr>\n<tr>\n<th>time code<\/th>\n<td colspan=\"4\">Ingresso e uscita del codice temporale lineare (0B5P)<\/td>\n<\/tr>\n<tr>\n<th>Controllo<\/th>\n<td colspan=\"4\">Porta RS232 aperta, uscita di alimentazione (0B5P)<\/td>\n<\/tr>\n<tr>\n<th>Sincronizzazione e controllo multi-macchina<\/th>\n<td colspan=\"4\">Sincronizzazione RS422 e sincronizzazione della telecamera KINEFINITY (0B9P)<\/td>\n<\/tr>\n<tr>\n<th>Interfaccia RS<\/th>\n<td colspan=\"4\">Potenza di uscita e ingresso di registrazione del trigger (Fisher 3P)<\/td>\n<\/tr>\n<tr>\n<th>espandi<\/th>\n<td colspan=\"4\">Dati e Controllo, EXT 1 e EXT 2 (contatti dorati, 2\u00d74)<\/td>\n<\/tr>\n<tr>\n<th>USB<\/th>\n<td colspan=\"4\">USB Type-C x1 per aggiornamenti firmware e importazione di LUT 3D personalizzate<\/td>\n<\/tr>\n<tr>\n<th colspan=\"5\">Potenza in ingresso e in uscita<\/th>\n<\/tr>\n<tr>\n<th>consumo energetico<\/th>\n<td colspan=\"4\">Sotto il mirino 6K HD 25p, 27W<\/td>\n<\/tr>\n<tr>\n<th>potenza in ingresso<\/th>\n<td colspan=\"4\">Piastra batteria ibrida integrata (compatibile con batterie V-mount e batterie BP-U)<br \/>Ingresso alimentazione CC (1B2P), 11~26 V<br \/>UPS EXT 3 (contatti dorati, 2\u00d75)<\/td>\n<\/tr>\n<tr>\n<th>Potenza in uscita<\/th>\n<td colspan=\"4\">Interfaccia RS x1, potenza in uscita @4A<br \/>Porta SYNC x1, potenza in uscita @3A<br \/>Porta obiettivo x1, potenza in uscita @6A<\/td>\n<\/tr>\n<tr>\n<th colspan=\"5\">Costruzione e dimensioni della carrozzeria<\/th>\n<\/tr>\n<tr>\n<th>Colore<\/th>\n<td colspan=\"4\">Nero<\/td>\n<\/tr>\n<tr>\n<th>Materiale<\/th>\n<td colspan=\"4\">Lega di alluminio aeronautico ad alta resistenza<\/td>\n<\/tr>\n<tr>\n<th>Peso<\/th>\n<td colspan=\"4\">1.35kg<\/td>\n<\/tr>\n<tr>\n<th>dimensione<\/th>\n<td colspan=\"4\">106x124x107 mm (solo corpo senza sporgenze, larghezza x altezza x lunghezza)<\/td>\n<\/tr>\n<tr>\n<th>Temperatura di lavoro<\/th>\n<td colspan=\"4\">0\u00b0C ~ 40\u00b0C<\/td>\n<\/tr>\n<\/tbody>\n<\/table>\n\t\t<\/div>\n\t\t\t\t\t<\/div>\n\n\t\n<\/div>\n<div class=\"is-divider divider clearfix\" style=\"max-width:1600px;height:2px;\"><\/div>\n\t\t<\/div>\n\t\t\t\t\t<\/div>\n\n\t\n<\/div>","protected":false},"excerpt":{"rendered":"<p><strong>MAVO S35 Mark 2<\/strong> \u00e8 dotato di un nuovo sensore di immagine CMOS S35 3:2 e di una nuova piattaforma di elaborazione ad alte prestazioni<\/p>","protected":false},"featured_media":89388,"template":"","meta":{"_acf_changed":false,"inline_featured_image":false},"pwb-brand":[8397],"product_cat":[14012,10245],"product_tag":[14607,14500,14502,14501],"class_list":{"0":"post-89382","1":"product","2":"type-product","3":"status-publish","4":"has-post-thumbnail","6":"pwb-brand-kinefinity","7":"product_cat-promotions","8":"product_cat-cinema","9":"product_tag-black-friday-2024","10":"product_tag-kinefinity-promotion","11":"product_tag-mavo-kinefinity","12":"product_tag-mavo-mark-promotion","14":"first","15":"onbackorder","16":"taxable","17":"shipping-taxable","18":"purchasable","19":"product-type-simple"},"acf":{"supplier":"","buy_price":"","last_sync":""},"yoast_head":"<!-- This site is optimized with the Yoast SEO Premium plugin v21.8 (Yoast SEO v24.3) - https:\/\/yoast.com\/wordpress\/plugins\/seo\/ -->\n<title>Kinefinity MAVO Mark2 S35 Pack | Cinegear Amsterdam<\/title>\n<meta name=\"description\" content=\"MAVO S35 Mark 2 comes with a new S35 3:2 CMOS image sensor and a new high-performance computing platform\" \/>\n<meta name=\"robots\" content=\"index, follow, max-snippet:-1, max-image-preview:large, max-video-preview:-1\" \/>\n<link rel=\"canonical\" href=\"https:\/\/cinegear.nl\/it\/prodotto\/kinefinity-mavo-mark2-s35-pack\/\" \/>\n<meta property=\"og:locale\" content=\"it_IT\" \/>\n<meta property=\"og:type\" content=\"article\" \/>\n<meta property=\"og:title\" content=\"Kinefinity MAVO Mark2 S35 Pack\" \/>\n<meta property=\"og:description\" content=\"MAVO S35 Mark 2 comes with a new S35 3:2 CMOS image sensor and a new high-performance computing platform\" \/>\n<meta property=\"og:url\" content=\"https:\/\/cinegear.nl\/it\/prodotto\/kinefinity-mavo-mark2-s35-pack\/\" \/>\n<meta property=\"og:site_name\" content=\"Cinegear Amsterdam\" \/>\n<meta property=\"article:modified_time\" content=\"2026-03-24T09:58:37+00:00\" \/>\n<meta property=\"og:image\" content=\"https:\/\/cinegear.nl\/wp-content\/uploads\/2024\/08\/Kinefinity-MAVO-Mark2-S35-Pack.jpg\" \/>\n\t<meta property=\"og:image:width\" content=\"1000\" \/>\n\t<meta property=\"og:image:height\" content=\"1000\" \/>\n\t<meta property=\"og:image:type\" content=\"image\/jpeg\" \/>\n<meta name=\"twitter:card\" content=\"summary_large_image\" \/>\n<meta name=\"twitter:label1\" content=\"Tempo di lettura stimato\" \/>\n\t<meta name=\"twitter:data1\" content=\"5 minuti\" \/>\n<script type=\"application\/ld+json\" class=\"yoast-schema-graph\">{\"@context\":\"https:\/\/schema.org\",\"@graph\":[{\"@type\":\"WebPage\",\"@id\":\"https:\/\/cinegear.nl\/product\/kinefinity-mavo-mark2-s35-pack\/\",\"url\":\"https:\/\/cinegear.nl\/product\/kinefinity-mavo-mark2-s35-pack\/\",\"name\":\"Kinefinity MAVO Mark2 S35 Pack | Cinegear Amsterdam\",\"isPartOf\":{\"@id\":\"https:\/\/cinegear.nl\/#website\"},\"primaryImageOfPage\":{\"@id\":\"https:\/\/cinegear.nl\/product\/kinefinity-mavo-mark2-s35-pack\/#primaryimage\"},\"image\":{\"@id\":\"https:\/\/cinegear.nl\/product\/kinefinity-mavo-mark2-s35-pack\/#primaryimage\"},\"thumbnailUrl\":\"https:\/\/cinegear.nl\/wp-content\/uploads\/2024\/08\/Kinefinity-MAVO-Mark2-S35-Pack.jpg\",\"datePublished\":\"2024-08-01T02:15:23+00:00\",\"dateModified\":\"2026-03-24T09:58:37+00:00\",\"description\":\"MAVO S35 Mark 2 comes with a new S35 3:2 CMOS image sensor and a new high-performance computing platform\",\"breadcrumb\":{\"@id\":\"https:\/\/cinegear.nl\/product\/kinefinity-mavo-mark2-s35-pack\/#breadcrumb\"},\"inLanguage\":\"it-IT\",\"potentialAction\":[{\"@type\":\"ReadAction\",\"target\":[\"https:\/\/cinegear.nl\/product\/kinefinity-mavo-mark2-s35-pack\/\"]}]},{\"@type\":\"ImageObject\",\"inLanguage\":\"it-IT\",\"@id\":\"https:\/\/cinegear.nl\/product\/kinefinity-mavo-mark2-s35-pack\/#primaryimage\",\"url\":\"https:\/\/cinegear.nl\/wp-content\/uploads\/2024\/08\/Kinefinity-MAVO-Mark2-S35-Pack.jpg\",\"contentUrl\":\"https:\/\/cinegear.nl\/wp-content\/uploads\/2024\/08\/Kinefinity-MAVO-Mark2-S35-Pack.jpg\",\"width\":1000,\"height\":1000},{\"@type\":\"BreadcrumbList\",\"@id\":\"https:\/\/cinegear.nl\/product\/kinefinity-mavo-mark2-s35-pack\/#breadcrumb\",\"itemListElement\":[{\"@type\":\"ListItem\",\"position\":1,\"name\":\"Home\",\"item\":\"https:\/\/cinegear.nl\/\"},{\"@type\":\"ListItem\",\"position\":2,\"name\":\"Store\",\"item\":\"https:\/\/cinegear.nl\/product-category-kine-cameras\/\"},{\"@type\":\"ListItem\",\"position\":3,\"name\":\"Kinefinity MAVO Mark2 S35 Pack\"}]},{\"@type\":\"WebSite\",\"@id\":\"https:\/\/cinegear.nl\/#website\",\"url\":\"https:\/\/cinegear.nl\/\",\"name\":\"Cinegear Amsterdam\",\"description\":\"\",\"publisher\":{\"@id\":\"https:\/\/cinegear.nl\/#organization\"},\"potentialAction\":[{\"@type\":\"SearchAction\",\"target\":{\"@type\":\"EntryPoint\",\"urlTemplate\":\"https:\/\/cinegear.nl\/?s={search_term_string}\"},\"query-input\":{\"@type\":\"PropertyValueSpecification\",\"valueRequired\":true,\"valueName\":\"search_term_string\"}}],\"inLanguage\":\"it-IT\"},{\"@type\":\"Organization\",\"@id\":\"https:\/\/cinegear.nl\/#organization\",\"name\":\"Cinegear\",\"url\":\"https:\/\/cinegear.nl\/\",\"logo\":{\"@type\":\"ImageObject\",\"inLanguage\":\"it-IT\",\"@id\":\"https:\/\/cinegear.nl\/#\/schema\/logo\/image\/\",\"url\":\"https:\/\/cinegear.nl\/wp-content\/uploads\/2019\/12\/Transparent_Normal_Logo.jpg\",\"contentUrl\":\"https:\/\/cinegear.nl\/wp-content\/uploads\/2019\/12\/Transparent_Normal_Logo.jpg\",\"width\":858,\"height\":782,\"caption\":\"Cinegear\"},\"image\":{\"@id\":\"https:\/\/cinegear.nl\/#\/schema\/logo\/image\/\"}}]}<\/script>\n<!-- \/ Yoast SEO Premium plugin. -->","yoast_head_json":{"title":"Kinefinity MAVO Mark2 S35 Pack | Cinegear Amsterdam","description":"MAVO S35 Mark 2 comes with a new S35 3:2 CMOS image sensor and a new high-performance computing platform","robots":{"index":"index","follow":"follow","max-snippet":"max-snippet:-1","max-image-preview":"max-image-preview:large","max-video-preview":"max-video-preview:-1"},"canonical":"https:\/\/cinegear.nl\/it\/prodotto\/kinefinity-mavo-mark2-s35-pack\/","og_locale":"it_IT","og_type":"article","og_title":"Kinefinity MAVO Mark2 S35 Pack","og_description":"MAVO S35 Mark 2 comes with a new S35 3:2 CMOS image sensor and a new high-performance computing platform","og_url":"https:\/\/cinegear.nl\/it\/prodotto\/kinefinity-mavo-mark2-s35-pack\/","og_site_name":"Cinegear Amsterdam","article_modified_time":"2026-03-24T09:58:37+00:00","og_image":[{"width":1000,"height":1000,"url":"https:\/\/cinegear.nl\/wp-content\/uploads\/2024\/08\/Kinefinity-MAVO-Mark2-S35-Pack.jpg","type":"image\/jpeg"}],"twitter_card":"summary_large_image","twitter_misc":{"Tempo di lettura stimato":"5 minuti"},"schema":{"@context":"https:\/\/schema.org","@graph":[{"@type":"WebPage","@id":"https:\/\/cinegear.nl\/product\/kinefinity-mavo-mark2-s35-pack\/","url":"https:\/\/cinegear.nl\/product\/kinefinity-mavo-mark2-s35-pack\/","name":"Kinefinity MAVO Mark2 S35 Pack | Cinegear Amsterdam","isPartOf":{"@id":"https:\/\/cinegear.nl\/#website"},"primaryImageOfPage":{"@id":"https:\/\/cinegear.nl\/product\/kinefinity-mavo-mark2-s35-pack\/#primaryimage"},"image":{"@id":"https:\/\/cinegear.nl\/product\/kinefinity-mavo-mark2-s35-pack\/#primaryimage"},"thumbnailUrl":"https:\/\/cinegear.nl\/wp-content\/uploads\/2024\/08\/Kinefinity-MAVO-Mark2-S35-Pack.jpg","datePublished":"2024-08-01T02:15:23+00:00","dateModified":"2026-03-24T09:58:37+00:00","description":"MAVO S35 Mark 2 comes with a new S35 3:2 CMOS image sensor and a new high-performance computing platform","breadcrumb":{"@id":"https:\/\/cinegear.nl\/product\/kinefinity-mavo-mark2-s35-pack\/#breadcrumb"},"inLanguage":"it-IT","potentialAction":[{"@type":"ReadAction","target":["https:\/\/cinegear.nl\/product\/kinefinity-mavo-mark2-s35-pack\/"]}]},{"@type":"ImageObject","inLanguage":"it-IT","@id":"https:\/\/cinegear.nl\/product\/kinefinity-mavo-mark2-s35-pack\/#primaryimage","url":"https:\/\/cinegear.nl\/wp-content\/uploads\/2024\/08\/Kinefinity-MAVO-Mark2-S35-Pack.jpg","contentUrl":"https:\/\/cinegear.nl\/wp-content\/uploads\/2024\/08\/Kinefinity-MAVO-Mark2-S35-Pack.jpg","width":1000,"height":1000},{"@type":"BreadcrumbList","@id":"https:\/\/cinegear.nl\/product\/kinefinity-mavo-mark2-s35-pack\/#breadcrumb","itemListElement":[{"@type":"ListItem","position":1,"name":"Home","item":"https:\/\/cinegear.nl\/"},{"@type":"ListItem","position":2,"name":"Store","item":"https:\/\/cinegear.nl\/product-category-kine-cameras\/"},{"@type":"ListItem","position":3,"name":"Kinefinity MAVO Mark2 S35 Pack"}]},{"@type":"WebSite","@id":"https:\/\/cinegear.nl\/#website","url":"https:\/\/cinegear.nl\/","name":"Cinegear Amsterdam","description":"","publisher":{"@id":"https:\/\/cinegear.nl\/#organization"},"potentialAction":[{"@type":"SearchAction","target":{"@type":"EntryPoint","urlTemplate":"https:\/\/cinegear.nl\/?s={search_term_string}"},"query-input":{"@type":"PropertyValueSpecification","valueRequired":true,"valueName":"search_term_string"}}],"inLanguage":"it-IT"},{"@type":"Organization","@id":"https:\/\/cinegear.nl\/#organization","name":"Cinegear","url":"https:\/\/cinegear.nl\/","logo":{"@type":"ImageObject","inLanguage":"it-IT","@id":"https:\/\/cinegear.nl\/#\/schema\/logo\/image\/","url":"https:\/\/cinegear.nl\/wp-content\/uploads\/2019\/12\/Transparent_Normal_Logo.jpg","contentUrl":"https:\/\/cinegear.nl\/wp-content\/uploads\/2019\/12\/Transparent_Normal_Logo.jpg","width":858,"height":782,"caption":"Cinegear"},"image":{"@id":"https:\/\/cinegear.nl\/#\/schema\/logo\/image\/"}}]}},"brands":[{"id":8397,"name":"Marchi","slug":"kinefinity"}],"_links":{"self":[{"href":"https:\/\/cinegear.nl\/it\/wp-json\/wp\/v2\/product\/89382","targetHints":{"allow":["GET"]}}],"collection":[{"href":"https:\/\/cinegear.nl\/it\/wp-json\/wp\/v2\/product"}],"about":[{"href":"https:\/\/cinegear.nl\/it\/wp-json\/wp\/v2\/types\/product"}],"wp:featuredmedia":[{"embeddable":true,"href":"https:\/\/cinegear.nl\/it\/wp-json\/wp\/v2\/media\/89388"}],"wp:attachment":[{"href":"https:\/\/cinegear.nl\/it\/wp-json\/wp\/v2\/media?parent=89382"}],"wp:term":[{"taxonomy":"pwb-brand","embeddable":true,"href":"https:\/\/cinegear.nl\/it\/wp-json\/wp\/v2\/pwb-brand?post=89382"},{"taxonomy":"product_cat","embeddable":true,"href":"https:\/\/cinegear.nl\/it\/wp-json\/wp\/v2\/product_cat?post=89382"},{"taxonomy":"product_tag","embeddable":true,"href":"https:\/\/cinegear.nl\/it\/wp-json\/wp\/v2\/product_tag?post=89382"}],"curies":[{"name":"wp","href":"https:\/\/api.w.org\/{rel}","templated":true}]}}