{"id":89381,"date":"2024-08-01T04:11:17","date_gmt":"2024-08-01T02:11:17","guid":{"rendered":"https:\/\/cinegear.nl\/?post_type=product&#038;p=89381"},"modified":"2026-03-24T10:58:37","modified_gmt":"2026-03-24T09:58:37","slug":"kinefinity-mavo-mark-2-lf-pack","status":"publish","type":"product","link":"https:\/\/cinegear.nl\/it\/prodotto\/kinefinity-mavo-mark-2-lf-pack\/","title":{"rendered":"Kinefinity MAVO Mark 2 Pacchetto LF"},"content":{"rendered":"<div class=\"row\"  id=\"row-1979564874\">\n\n\t<div id=\"col-989594912\" class=\"col small-12 large-12\"  >\n\t\t\t\t<div class=\"col-inner\"  >\n\t\t\t\n\t\t\t\n<div class=\"row\"  id=\"row-113064376\">\n\n\t<div id=\"col-1985982586\" class=\"col medium-2 small-12 large-2\"  >\n\t\t\t\t<div class=\"col-inner\"  >\n\t\t\t\n\t\t\t\n<h3><strong>Panoramica<\/strong><\/h3>\n\t\t<\/div>\n\t\t\t\t\t<\/div>\n\n\t\n\n\t<div id=\"col-906806256\" class=\"col medium-10 small-12 large-10\"  >\n\t\t\t\t<div class=\"col-inner\"  >\n\t\t\t\n\t\t\t\n<p><strong>MAVO Mark 2 LF<\/strong>, proprio come la MAVO Edge 6K, \u00e8 dotata di un sensore d\u2019immagine CMOS full-frame in formato 3:2, che le consente di raggiungere alte frequenze di fotogrammi fino a 75fps in 6K e di offrire due impostazioni native ISO: 5120 e 800. La nuova MAVO LF Mark 2 eccelle in sensibilit\u00e0 elevata, preservando pi\u00f9 dettagli nelle alte luci, il che la rende ideale per scene con illuminazione complessa. Il suo formato large format offre un angolo di visione pi\u00f9 ampio e una profondit\u00e0 di campo pi\u00f9 ridotta, per un look pi\u00f9 cinematografico.<\/p>\n<p>L'obiettivo <strong>MAVO Mark 2<\/strong> migliora la compatibilit\u00e0 con gli obiettivi, continuando a supportare il versatile sistema KineMOUNT, che consente un rapido adattamento agli attacchi EF, PL e LPL. Inoltre, introduce nuove opzioni di attacco nativo PL ed elettronico E-mount, che possono essere installate e rimosse dagli utenti senza la necessit\u00e0 di regolare la distanza di flangia.<\/p>\n<p>La doppia camera <strong>MAVO Mark 2<\/strong> integra una versione semplificata della piattaforma di elaborazione ad alte prestazioni MAVO Edge, migliorando significativamente il sistema di elaborazione delle immagini. Offrono uscite SDI doppie e indipendenti e registra in formato ProRes4444XQ su SSD NVMe M.2 all\u2019interno della camera. Questa integrazione si traduce in un design elegante e leggero, oltre a un flusso di lavoro efficiente, offrendo ai fotografi un\u2019esperienza cinematografica classica ed efficace a un prezzo pi\u00f9 accessibile.<\/p>\n\t\t<\/div>\n\t\t\t\t\t<\/div>\n\n\t\n<\/div>\n<div class=\"is-divider divider clearfix\" style=\"max-width:1600px;height:2px;\"><\/div>\n\t\t<\/div>\n\t\t\t\t\t<\/div>\n\n\t\n<\/div>\n<div class=\"row\"  id=\"row-948067519\">\n\n\t<div id=\"col-1029913745\" class=\"col small-12 large-12\"  >\n\t\t\t\t<div class=\"col-inner\"  >\n\t\t\t\n\t\t\t\n<div class=\"row\"  id=\"row-430398914\">\n\n\t<div id=\"col-1519878130\" class=\"col medium-2 small-12 large-2\"  >\n\t\t\t\t<div class=\"col-inner\"  >\n\t\t\t\n\t\t\t\n<h3><strong>Nella scatola<br \/>\n<\/strong><\/h3>\n\t\t<\/div>\n\t\t\t\t\t<\/div>\n\n\t\n\n\t<div id=\"col-7952654\" class=\"col medium-10 small-12 large-10\"  >\n\t\t\t\t<div class=\"col-inner\"  >\n\t\t\t\n\t\t\t\n<p>Kinefinity MAVO Mark 2 LF (incluso attacco PL attivo)<br \/>\nKinefinity KineMON-5U2 Monitor Ultra-Luminoso<br \/>\nKinefinity Cavo Video Kine (0,3 m)<br \/>\nKinefinity KineMAG Nano Body<br \/>\nKinefinity Movcam KineKIT-Edge Core<\/p>\n\t\t<\/div>\n\t\t\t\t\t<\/div>\n\n\t\n<\/div>\n<div class=\"is-divider divider clearfix\" style=\"max-width:1600px;height:2px;\"><\/div>\n\t\t<\/div>\n\t\t\t\t\t<\/div>\n\n\t\n<\/div>\n<div class=\"row\"  id=\"row-874597424\">\n\n\t<div id=\"col-775726793\" class=\"col small-12 large-12\"  >\n\t\t\t\t<div class=\"col-inner\"  >\n\t\t\t\n\t\t\t\n<div class=\"row\"  id=\"row-1167870359\">\n\n\t<div id=\"col-1014377276\" class=\"col medium-2 small-12 large-2\"  >\n\t\t\t\t<div class=\"col-inner\"  >\n\t\t\t\n\t\t\t\n<h3><strong>Specifiche<br \/>\n<\/strong><\/h3>\n\t\t<\/div>\n\t\t\t\t\t<\/div>\n\n\t\n\n\t<div id=\"col-280741633\" class=\"col medium-10 small-12 large-10\"  >\n\t\t\t\t<div class=\"col-inner\"  >\n\t\t\t\n\t\t\t\n<table>\n<tbody>\n<tr>\n<th>tipo di camera<\/th>\n<td colspan=\"4\">Camera da Cinema Digitale Formato Large<\/td>\n<\/tr>\n<tr>\n<th>Sensore di Immagine<\/th>\n<td colspan=\"4\">Sensore d\u2019Immagine CMOS Full Frame 6K 3:2<\/td>\n<\/tr>\n<tr>\n<th>Risoluzione Massima di Registrazione<\/th>\n<td colspan=\"4\">6016&#215;3984 (3:2 Open Gate), 24M<\/td>\n<\/tr>\n<tr>\n<th>Frequenza di Fotogrammi<\/th>\n<td colspan=\"4\">6K Wide 0.2~75fps<\/td>\n<\/tr>\n<tr>\n<th>Area Attiva<\/th>\n<td colspan=\"4\">36x24mm, \u00f8 43.3mm<\/td>\n<\/tr>\n<tr>\n<th rowspan=\"2\">ISO Base Doppia<\/th>\n<td colspan=\"4\">ISO Base Normale: 800<\/td>\n<\/tr>\n<tr>\n<td colspan=\"4\">ISO Base Alta: 5120<\/td>\n<\/tr>\n<tr>\n<th>Latitude<\/th>\n<td colspan=\"4\">&gt;14 Stop<\/td>\n<\/tr>\n<tr>\n<th>Angolo di Otturatore<\/th>\n<td colspan=\"4\">0,7\u00b0~358\u00b0 con otturatore a rotolamento<\/td>\n<\/tr>\n<tr>\n<th>Attacco obiettivo<\/th>\n<td colspan=\"4\">Attacco PL Attivo, Attacco E Attivo, KineMOUNT Nativo (Adattatori: PL\/LPL\/EF)<\/td>\n<\/tr>\n<tr>\n<th>Filtro Ottico<\/th>\n<td colspan=\"4\">Filtro ottico LPF con filtro UV e taglio IR<\/td>\n<\/tr>\n<\/tbody>\n<\/table>\n<table>\n<tbody>\n<tr>\n<th colspan=\"5\">Risoluzione, Frequenza di fotogrammi e Formato ottico<\/th>\n<\/tr>\n<tr>\n<th rowspan=\"16\">Full Frame<\/th>\n<th>Risoluzione<\/th>\n<th>Frequenza di Fotogrammi<\/th>\n<th>Codificatore<\/th>\n<th>Formato Ottico<\/th>\n<\/tr>\n<tr>\n<td>FF 6K OG<\/td>\n<td>6016&#215;3984, 0.2~48fps<\/td>\n<td>fino a ProRes 4444XQ<\/td>\n<td>36x24mm, \u00f8 43.3mm<\/td>\n<\/tr>\n<tr>\n<td>FF 6K 17:9<\/td>\n<td>6016&#215;3172, 0.2~60fps<\/td>\n<td>fino a ProRes 4444XQ<\/td>\n<td>36&#215;19.1mm, \u00f8 41.0mm<\/td>\n<\/tr>\n<tr>\n<td>FF 6K 2.4:1<\/td>\n<td>6016&#215;2520, 0.2~75fps<\/td>\n<td>fino a ProRes 4444XQ<\/td>\n<td>36&#215;15.2mm, \u00f8 39.1mm<\/td>\n<\/tr>\n<tr>\n<td>FF 5.7K 3:2<\/td>\n<td>5760\u00d73700, 0.2~50fps<\/td>\n<td>fino a ProRes 4444XQ<\/td>\n<td>34.5\u00d722.2mm, \u00f8 41.0mm<\/td>\n<\/tr>\n<tr>\n<td>FF 6K UHD<\/td>\n<td>5760\u00d73240, 0.2~58fps<\/td>\n<td>fino a ProRes 4444XQ<\/td>\n<td>34.5\u00d719.5mm, \u00f8 39.6 mm<\/td>\n<\/tr>\n<tr>\n<td>FF 5.7K 2.4:1<\/td>\n<td>5760\u00d72400, 0.2~75fps<\/td>\n<td>fino a ProRes 4444XQ<\/td>\n<td>34.5\u00d714.4mm, \u00f8 37.4mm<\/td>\n<\/tr>\n<tr>\n<td>FF 5K 4:3<\/td>\n<td>5120\u00d73700, 0.2~50fps<\/td>\n<td>fino a ProRes 4444XQ<\/td>\n<td>30.6\u00d722.3mm, \u00f8 37.9mm<\/td>\n<\/tr>\n<tr>\n<td>FF 5K DCI<\/td>\n<td>5120\u00d72700, 0.2~70fps<\/td>\n<td>fino a ProRes 4444XQ<\/td>\n<td>30.6\u00d716.2mm, \u00f8 34.6mm<\/td>\n<\/tr>\n<tr>\n<td>FF 5K 2.4:1<\/td>\n<td>5120\u00d72160, 0.2~86fps<\/td>\n<td>fino a ProRes 4444XQ<\/td>\n<td>30.6\u00d712.9mm, \u00f8 33.2mm<\/td>\n<\/tr>\n<tr>\n<td>FF 4.6K 6:5<\/td>\n<td>4608\u00d73700, 0.2~50fps<\/td>\n<td>fino a ProRes 4444XQ<\/td>\n<td>27.6\u00d722.3mm, \u00f8 35.5mm<\/td>\n<\/tr>\n<tr>\n<td>FF 3,8K 3:2 (Sovracampionamento)<\/td>\n<td>3840\u00d72460, 0.2~50fps<\/td>\n<td>fino a ProRes 4444XQ<\/td>\n<td>34.5\u00d722.2mm, \u00f8 41.0mm<\/td>\n<\/tr>\n<tr>\n<td>FF 4K UHD (Sovracampionamento)<\/td>\n<td>3840&#215;2160, 0.2~58fps<\/td>\n<td>fino a ProRes 4444XQ<\/td>\n<td>34.5&#215;19.5mm, \u00f839.6 mm<\/td>\n<\/tr>\n<tr>\n<td>FF 3,8K 2,4:1 (Sovracampionamento)<\/td>\n<td>3840&#215;1600, 0.2~75fps<\/td>\n<td>fino a ProRes 4444XQ<\/td>\n<td>34.5&#215;14.4mm, \u00f8 37.4mm<\/td>\n<\/tr>\n<tr>\n<td>FF 3,4K 4:3 (Sovracampionamento)<\/td>\n<td>3456\u00d72460, 0.2~50fps<\/td>\n<td>fino a ProRes 4444XQ<\/td>\n<td>31.0\u00d722.1mm, \u00f8 38.1mm<\/td>\n<\/tr>\n<tr>\n<td>FF 3K 6:5 (Sovracampionamento)<\/td>\n<td>3072\u00d72460, 0.2~50fps<\/td>\n<td>fino a ProRes 4444XQ<\/td>\n<td>27.6\u00d722.3mm, \u00f8 35.3mm<\/td>\n<\/tr>\n<tr>\n<th rowspan=\"12\">S35<\/th>\n<td>S35 4K 3:2<\/td>\n<td>4096\u00d72700, 0.2~70fps<\/td>\n<td>fino a ProRes 4444XQ<\/td>\n<td>24.5\u00d716.1mm, \u00f8 29.3mm<\/td>\n<\/tr>\n<tr>\n<td>S35 4K DCI<\/td>\n<td>4096\u00d72160, 0.2~112fps<\/td>\n<td>fino a ProRes 4444XQ<\/td>\n<td>24.5\u00d712.9mm, \u00f8 27.7mm<\/td>\n<\/tr>\n<tr>\n<td>S35 4K 2.4:1<\/td>\n<td>4096\u00d71720, 0.2~140fps<\/td>\n<td>fino a ProRes 4444XQ<\/td>\n<td>24.5\u00d710.3mm, \u00f8 26.6mm<\/td>\n<\/tr>\n<tr>\n<td>S35 4K UHD<\/td>\n<td>3840\u00d72160, 0.2~112fps<\/td>\n<td>fino a ProRes 4444XQ<\/td>\n<td>23.0\u00d712.9mm, \u00f8 26.4mm<\/td>\n<\/tr>\n<tr>\n<td>S35 3.8K 2.4:1<\/td>\n<td>3840\u00d71600, 0.2~150fps<\/td>\n<td>fino a ProRes 4444XQ<\/td>\n<td>23.0\u00d79.6mm, \u00f8 24.9mm<\/td>\n<\/tr>\n<tr>\n<td>S35 3.6K 4:3<\/td>\n<td>3712\u00d72700, 0.2~70fps<\/td>\n<td>fino a ProRes 4444XQ<\/td>\n<td>22.2\u00d716.1mm, \u00f8 27.4mm<\/td>\n<\/tr>\n<tr>\n<td>S35 3.2K 6:5<\/td>\n<td>3328\u00d72700, 0.2~70fps<\/td>\n<td>fino a ProRes 4444XQ<\/td>\n<td>19.9\u00d716.1mm, \u00f8 25.6mm<\/td>\n<\/tr>\n<tr>\n<td>S35 2.7K 1:1<\/td>\n<td>2688\u00d72688, 0.2~70fps<\/td>\n<td>fino a ProRes 4444XQ<\/td>\n<td>16.1\u00d716.1mm, \u00f8 22.8mm<\/td>\n<\/tr>\n<tr>\n<td>S35 2K DCI (Sovracampionamento)<\/td>\n<td>2048\u00d71080, 0.2~112fps<\/td>\n<td>fino a ProRes 4444XQ<\/td>\n<td>24.5\u00d712.9mm, \u00f8 27.7mm<\/td>\n<\/tr>\n<tr>\n<td>S35 2K 2,4:1 (Sovracampionamento)<\/td>\n<td>2048\u00d7860, 0.2~140fps<\/td>\n<td>fino a ProRes 4444XQ<\/td>\n<td>24.5\u00d710.3mm, \u00f8 26.6mm<\/td>\n<\/tr>\n<tr>\n<td>S35 2K FHD (Sovracampionamento)<\/td>\n<td>1920\u00d71080, 0.2~112fps<\/td>\n<td>fino a ProRes 4444XQ<\/td>\n<td>23.0\u00d712.9mm, \u00f8 26.4mm<\/td>\n<\/tr>\n<tr>\n<td>S35 1,9K 2,4:1 (Sovracampionamento)<\/td>\n<td>1920\u00d7800, 0.2~140fps<\/td>\n<td>fino a ProRes 4444XQ<\/td>\n<td>23.0\u00d79.6mm, \u00f8 24.9mm<\/td>\n<\/tr>\n<tr>\n<th rowspan=\"8\">Altri Ritagli<\/th>\n<td>3K DCI<\/td>\n<td>3072&#215;1620, 0.2~144fps<\/td>\n<td>fino a ProRes 4444XQ<\/td>\n<td>\u00a0<\/td>\n<\/tr>\n<tr>\n<td>3K 2.4:1<\/td>\n<td>3072&#215;1200, 0.2~195fps<\/td>\n<td>fino a ProRes 4444XQ<\/td>\n<td>\u00a0<\/td>\n<\/tr>\n<tr>\n<td>3K HD<\/td>\n<td>2944&#215;1620, 0.2~145fps<\/td>\n<td>fino a ProRes 4444XQ<\/td>\n<td>\u00a0<\/td>\n<\/tr>\n<tr>\n<td>3K HD 2.4:1<\/td>\n<td>2944&#215;1200, 0.2~195fps<\/td>\n<td>fino a ProRes 4444XQ<\/td>\n<td>\u00a0<\/td>\n<\/tr>\n<tr>\n<td>2K DCI<\/td>\n<td>2048&#215;1080, 0.2~200fps<\/td>\n<td>fino a ProRes 4444XQ<\/td>\n<td>\u00a0<\/td>\n<\/tr>\n<tr>\n<td>2K 2.4:1<\/td>\n<td>2048&#215;860, 0.2~270fps<\/td>\n<td>fino a ProRes 4444XQ<\/td>\n<td>\u00a0<\/td>\n<\/tr>\n<tr>\n<td>2K FHD<\/td>\n<td>1920&#215;1080, 0.2~220fps<\/td>\n<td>fino a ProRes 4444XQ<\/td>\n<td>\u00a0<\/td>\n<\/tr>\n<tr>\n<td>1.9K 2.4:1<\/td>\n<td>1920&#215;800, 0.2~290fps<\/td>\n<td>fino a ProRes 4444XQ<\/td>\n<td>\u00a0<\/td>\n<\/tr>\n<tr>\n<th colspan=\"5\">Codec, LUT e Supporto di Registrazione<\/th>\n<\/tr>\n<tr>\n<th>\u00a0<\/th>\n<th>Tipo di Codec<\/th>\n<th>Formato del Codec<\/th>\n<th>Profondit\u00e0 di Bit<\/th>\n<th>Note<\/th>\n<\/tr>\n<tr>\n<th rowspan=\"3\">Codec di Registrazione<\/th>\n<td>ProRes4444XQ<\/td>\n<td>Quicktime mov<\/td>\n<td>12 bit<\/td>\n<td>KineLOG3<\/td>\n<\/tr>\n<tr>\n<td>ProRes4444<\/td>\n<td>Quicktime mov<\/td>\n<td>12 bit<\/td>\n<td>KineLOG3<\/td>\n<\/tr>\n<tr>\n<td>ProRes422HQ<\/td>\n<td>Quicktime mov<\/td>\n<td>10 bit<\/td>\n<td>KineLOG3\uff0c\u5305\u542bProRes422\/LT<\/td>\n<\/tr>\n<tr>\n<th>Formato Proxy<\/th>\n<td>H264<\/td>\n<td>mp4<\/td>\n<td>8bits<\/td>\n<td>\u5e27\u7387\u5c0f\u4e8e\u6216\u7b49\u4e8e30\u65f6<\/td>\n<\/tr>\n<tr>\n<th>LUT<\/th>\n<td colspan=\"3\">KineLOG3, Neutrale (Rec 709), Supporta LUT 3D personalizzati<\/td>\n<td>\u00a0<\/td>\n<\/tr>\n<tr>\n<th>Supporto di Registrazione<\/th>\n<td colspan=\"3\">Slot per supporto x1, per KineMAG Nano SSD 1TB\/2TB basato su NVMe M.2 SSD<\/td>\n<td>Le schede NVMe M.2 2280 di terze parti sono supportate anche tramite il corpo della scheda KineMAG Nano<\/td>\n<\/tr>\n<tr>\n<th>Dimensioni del Supporto (LxAxP)<\/th>\n<td colspan=\"4\">1.6&#215;3.5&#215;0.35&#8221;\/40x88x9mm<\/td>\n<\/tr>\n<tr>\n<th colspan=\"5\">Monitoraggio<\/th>\n<\/tr>\n<tr>\n<th rowspan=\"2\">Monitoraggio<\/th>\n<td colspan=\"3\">Porta video proprietaria KINEFINITY x2<\/td>\n<td>Per il mirino KINEFINITY, monitor ultra luminoso KineMON-5U2\/7U2 con touchscreen<\/td>\n<\/tr>\n<tr>\n<td colspan=\"4\">3G\/1.5G SDI x2 con metadati (BNC normale)<\/td>\n<\/tr>\n<tr>\n<th colspan=\"5\">Audio<\/th>\n<\/tr>\n<tr>\n<th>Specifiche di campionamento audio<\/th>\n<td colspan=\"4\">Linear PCM, 24 bit, 48 KHz<\/td>\n<\/tr>\n<tr>\n<th rowspan=\"3\">Ingresso audio<\/th>\n<td colspan=\"4\">Microfono mono integrato nella fotocamera<\/td>\n<\/tr>\n<tr>\n<td colspan=\"4\">Microfono stereo da 3,5 mm<\/td>\n<\/tr>\n<tr>\n<td colspan=\"4\">Ingresso bilanciato con alimentazione phantom a 48V x2 (XLR normale)<\/td>\n<\/tr>\n<tr>\n<th>Uscita audio<\/th>\n<td colspan=\"4\">Uscita audio stereo da 3,5 mm<\/td>\n<\/tr>\n<tr>\n<th colspan=\"5\">Wireless e Rete<\/th>\n<\/tr>\n<tr>\n<th rowspan=\"2\">Wireless<\/th>\n<td colspan=\"4\">WIFI 5 per streaming live, controllo della fotocamera<\/td>\n<\/tr>\n<tr>\n<td colspan=\"4\">Accelerometro a 3 assi<\/td>\n<\/tr>\n<tr>\n<th colspan=\"5\">SYNC e Controllo<\/th>\n<\/tr>\n<tr>\n<th>Timecode<\/th>\n<td colspan=\"4\">Ingresso e uscita TC lineare (0B5P)<\/td>\n<\/tr>\n<tr>\n<th>Controllo<\/th>\n<td colspan=\"4\">Obiettivo con RS232, uscita di alimentazione (0B5P)<\/td>\n<\/tr>\n<tr>\n<th>Multi-sync, Controllo<\/th>\n<td colspan=\"4\">SYNC con RS422 e sincronizzazione fotocamera KINEFINITY (0B9P)<\/td>\n<\/tr>\n<tr>\n<th>RS<\/th>\n<td colspan=\"4\">Ingresso per attivazione registrazione con uscita di alimentazione (fisher 3P)<\/td>\n<\/tr>\n<tr>\n<th>Estensione<\/th>\n<td colspan=\"4\">Dati e Controllo, EXT 1 e EXT 2 (per pogo-pin, 2\u00d74)<\/td>\n<\/tr>\n<tr>\n<th>USB<\/th>\n<td colspan=\"4\">USB Type-C x1, pu\u00f2 essere utilizzato per aggiornamenti firmware e importazione di LUT personalizzati<\/td>\n<\/tr>\n<tr>\n<th colspan=\"5\">Ingresso e uscita di alimentazione<\/th>\n<\/tr>\n<tr>\n<th>Consumo di energia<\/th>\n<td colspan=\"4\">27W, quando in 6K HD 25p, liveview<\/td>\n<\/tr>\n<tr>\n<th rowspan=\"3\">Ingresso di alimentazione<\/th>\n<td colspan=\"4\">Piastra batteria ibrida integrata, compatibile con batteria V-mount o BP-U<\/td>\n<\/tr>\n<tr>\n<td colspan=\"4\">Ingresso DC (1B2P), 11~19V<\/td>\n<\/tr>\n<tr>\n<td colspan=\"4\">UPS EXT 3 (per pogo-pin, 2\u00d75)<\/td>\n<\/tr>\n<tr>\n<th rowspan=\"2\">Uscite di alimentazione<\/th>\n<td colspan=\"4\">RS x1, 4A<\/td>\n<\/tr>\n<tr>\n<td colspan=\"4\">Obiettivo x1, 6A<\/td>\n<\/tr>\n<tr>\n<th colspan=\"5\">Costruzione e Dimensioni<\/th>\n<\/tr>\n<tr>\n<th>Materiale del corpo<\/th>\n<td colspan=\"4\">Lega di alluminio ad altissima resistenza<\/td>\n<\/tr>\n<tr>\n<th>Peso del corpo<\/th>\n<td colspan=\"4\">3.02lb\/1.37kg<\/td>\n<\/tr>\n<tr>\n<th>Dimensioni (LxAxP)<\/th>\n<td colspan=\"4\">4.1\u00d74.8\u00d74.3\u2032\u2032\/106x124x109 mm (senza sporgenze)<\/td>\n<\/tr>\n<tr>\n<th>Temperatura di funzionamento<\/th>\n<td colspan=\"4\">0\u00b0C ~ 40\u00b0C<\/td>\n<\/tr>\n<\/tbody>\n<\/table>\n\t\t<\/div>\n\t\t\t\t\t<\/div>\n\n\t\n<\/div>\n<div class=\"is-divider divider clearfix\" style=\"max-width:1600px;height:2px;\"><\/div>\n\t\t<\/div>\n\t\t\t\t\t<\/div>\n\n\t\n<\/div>","protected":false},"excerpt":{"rendered":"<p>Marchi <strong>MAVO LF Mark 2<\/strong> offre tecnologia avanzata e integrazione per produzioni di alto livello. Fornisce grandi prestazioni, funzionalit\u00e0 avanzate e un prezzo allettante.<\/p>","protected":false},"featured_media":89385,"template":"","meta":{"_acf_changed":false,"inline_featured_image":false},"pwb-brand":[8397],"product_cat":[14012,10245],"product_tag":[14500,14502,14501],"class_list":{"0":"post-89381","1":"product","2":"type-product","3":"status-publish","4":"has-post-thumbnail","6":"pwb-brand-kinefinity","7":"product_cat-promotions","8":"product_cat-cinema","9":"product_tag-kinefinity-promotion","10":"product_tag-mavo-kinefinity","11":"product_tag-mavo-mark-promotion","13":"first","14":"onbackorder","15":"taxable","16":"shipping-taxable","17":"purchasable","18":"product-type-simple"},"acf":{"supplier":"","buy_price":"","last_sync":""},"yoast_head":"<!-- This site is optimized with the Yoast SEO Premium plugin v21.8 (Yoast SEO v24.3) - https:\/\/yoast.com\/wordpress\/plugins\/seo\/ -->\n<title>Kinefinity MAVO Mark 2 LF Pack | Cinegear Amsterdam<\/title>\n<meta name=\"description\" content=\"Kinefinity MAVO LF Mark 2 delivers advanced technology and integration for high-end production. Providing great performance, advanced features and an enticing price offer.\" \/>\n<meta name=\"robots\" content=\"index, follow, max-snippet:-1, max-image-preview:large, max-video-preview:-1\" \/>\n<link rel=\"canonical\" href=\"https:\/\/cinegear.nl\/it\/prodotto\/kinefinity-mavo-mark-2-lf-pack\/\" \/>\n<meta property=\"og:locale\" content=\"it_IT\" \/>\n<meta property=\"og:type\" content=\"article\" \/>\n<meta property=\"og:title\" content=\"Kinefinity MAVO Mark 2 LF Pack\" \/>\n<meta property=\"og:description\" content=\"Kinefinity MAVO LF Mark 2 delivers advanced technology and integration for high-end production. Providing great performance, advanced features and an enticing price offer.\" \/>\n<meta property=\"og:url\" content=\"https:\/\/cinegear.nl\/it\/prodotto\/kinefinity-mavo-mark-2-lf-pack\/\" \/>\n<meta property=\"og:site_name\" content=\"Cinegear Amsterdam\" \/>\n<meta property=\"article:modified_time\" content=\"2026-03-24T09:58:37+00:00\" \/>\n<meta property=\"og:image\" content=\"https:\/\/cinegear.nl\/wp-content\/uploads\/2024\/08\/MAVO-mark2-LF-Pack.jpg\" \/>\n\t<meta property=\"og:image:width\" content=\"1000\" \/>\n\t<meta property=\"og:image:height\" content=\"1000\" \/>\n\t<meta property=\"og:image:type\" content=\"image\/jpeg\" \/>\n<meta name=\"twitter:card\" content=\"summary_large_image\" \/>\n<meta name=\"twitter:label1\" content=\"Tempo di lettura stimato\" \/>\n\t<meta name=\"twitter:data1\" content=\"2 minuti\" \/>\n<script type=\"application\/ld+json\" class=\"yoast-schema-graph\">{\"@context\":\"https:\/\/schema.org\",\"@graph\":[{\"@type\":\"WebPage\",\"@id\":\"https:\/\/cinegear.nl\/product\/kinefinity-mavo-mark-2-lf-pack\/\",\"url\":\"https:\/\/cinegear.nl\/product\/kinefinity-mavo-mark-2-lf-pack\/\",\"name\":\"Kinefinity MAVO Mark 2 LF Pack | Cinegear Amsterdam\",\"isPartOf\":{\"@id\":\"https:\/\/cinegear.nl\/#website\"},\"primaryImageOfPage\":{\"@id\":\"https:\/\/cinegear.nl\/product\/kinefinity-mavo-mark-2-lf-pack\/#primaryimage\"},\"image\":{\"@id\":\"https:\/\/cinegear.nl\/product\/kinefinity-mavo-mark-2-lf-pack\/#primaryimage\"},\"thumbnailUrl\":\"https:\/\/cinegear.nl\/wp-content\/uploads\/2024\/08\/MAVO-mark2-LF-Pack.jpg\",\"datePublished\":\"2024-08-01T02:11:17+00:00\",\"dateModified\":\"2026-03-24T09:58:37+00:00\",\"description\":\"Kinefinity MAVO LF Mark 2 delivers advanced technology and integration for high-end production. Providing great performance, advanced features and an enticing price offer.\",\"breadcrumb\":{\"@id\":\"https:\/\/cinegear.nl\/product\/kinefinity-mavo-mark-2-lf-pack\/#breadcrumb\"},\"inLanguage\":\"it-IT\",\"potentialAction\":[{\"@type\":\"ReadAction\",\"target\":[\"https:\/\/cinegear.nl\/product\/kinefinity-mavo-mark-2-lf-pack\/\"]}]},{\"@type\":\"ImageObject\",\"inLanguage\":\"it-IT\",\"@id\":\"https:\/\/cinegear.nl\/product\/kinefinity-mavo-mark-2-lf-pack\/#primaryimage\",\"url\":\"https:\/\/cinegear.nl\/wp-content\/uploads\/2024\/08\/MAVO-mark2-LF-Pack.jpg\",\"contentUrl\":\"https:\/\/cinegear.nl\/wp-content\/uploads\/2024\/08\/MAVO-mark2-LF-Pack.jpg\",\"width\":1000,\"height\":1000},{\"@type\":\"BreadcrumbList\",\"@id\":\"https:\/\/cinegear.nl\/product\/kinefinity-mavo-mark-2-lf-pack\/#breadcrumb\",\"itemListElement\":[{\"@type\":\"ListItem\",\"position\":1,\"name\":\"Home\",\"item\":\"https:\/\/cinegear.nl\/\"},{\"@type\":\"ListItem\",\"position\":2,\"name\":\"Store\",\"item\":\"https:\/\/cinegear.nl\/product-category-kine-cameras\/\"},{\"@type\":\"ListItem\",\"position\":3,\"name\":\"Kinefinity MAVO Mark 2 LF Pack\"}]},{\"@type\":\"WebSite\",\"@id\":\"https:\/\/cinegear.nl\/#website\",\"url\":\"https:\/\/cinegear.nl\/\",\"name\":\"Cinegear Amsterdam\",\"description\":\"\",\"publisher\":{\"@id\":\"https:\/\/cinegear.nl\/#organization\"},\"potentialAction\":[{\"@type\":\"SearchAction\",\"target\":{\"@type\":\"EntryPoint\",\"urlTemplate\":\"https:\/\/cinegear.nl\/?s={search_term_string}\"},\"query-input\":{\"@type\":\"PropertyValueSpecification\",\"valueRequired\":true,\"valueName\":\"search_term_string\"}}],\"inLanguage\":\"it-IT\"},{\"@type\":\"Organization\",\"@id\":\"https:\/\/cinegear.nl\/#organization\",\"name\":\"Cinegear\",\"url\":\"https:\/\/cinegear.nl\/\",\"logo\":{\"@type\":\"ImageObject\",\"inLanguage\":\"it-IT\",\"@id\":\"https:\/\/cinegear.nl\/#\/schema\/logo\/image\/\",\"url\":\"https:\/\/cinegear.nl\/wp-content\/uploads\/2019\/12\/Transparent_Normal_Logo.jpg\",\"contentUrl\":\"https:\/\/cinegear.nl\/wp-content\/uploads\/2019\/12\/Transparent_Normal_Logo.jpg\",\"width\":858,\"height\":782,\"caption\":\"Cinegear\"},\"image\":{\"@id\":\"https:\/\/cinegear.nl\/#\/schema\/logo\/image\/\"}}]}<\/script>\n<!-- \/ Yoast SEO Premium plugin. -->","yoast_head_json":{"title":"Kinefinity MAVO Mark 2 LF Pack | Cinegear Amsterdam","description":"Kinefinity MAVO LF Mark 2 delivers advanced technology and integration for high-end production. Providing great performance, advanced features and an enticing price offer.","robots":{"index":"index","follow":"follow","max-snippet":"max-snippet:-1","max-image-preview":"max-image-preview:large","max-video-preview":"max-video-preview:-1"},"canonical":"https:\/\/cinegear.nl\/it\/prodotto\/kinefinity-mavo-mark-2-lf-pack\/","og_locale":"it_IT","og_type":"article","og_title":"Kinefinity MAVO Mark 2 LF Pack","og_description":"Kinefinity MAVO LF Mark 2 delivers advanced technology and integration for high-end production. Providing great performance, advanced features and an enticing price offer.","og_url":"https:\/\/cinegear.nl\/it\/prodotto\/kinefinity-mavo-mark-2-lf-pack\/","og_site_name":"Cinegear Amsterdam","article_modified_time":"2026-03-24T09:58:37+00:00","og_image":[{"width":1000,"height":1000,"url":"https:\/\/cinegear.nl\/wp-content\/uploads\/2024\/08\/MAVO-mark2-LF-Pack.jpg","type":"image\/jpeg"}],"twitter_card":"summary_large_image","twitter_misc":{"Tempo di lettura stimato":"2 minuti"},"schema":{"@context":"https:\/\/schema.org","@graph":[{"@type":"WebPage","@id":"https:\/\/cinegear.nl\/product\/kinefinity-mavo-mark-2-lf-pack\/","url":"https:\/\/cinegear.nl\/product\/kinefinity-mavo-mark-2-lf-pack\/","name":"Kinefinity MAVO Mark 2 LF Pack | Cinegear Amsterdam","isPartOf":{"@id":"https:\/\/cinegear.nl\/#website"},"primaryImageOfPage":{"@id":"https:\/\/cinegear.nl\/product\/kinefinity-mavo-mark-2-lf-pack\/#primaryimage"},"image":{"@id":"https:\/\/cinegear.nl\/product\/kinefinity-mavo-mark-2-lf-pack\/#primaryimage"},"thumbnailUrl":"https:\/\/cinegear.nl\/wp-content\/uploads\/2024\/08\/MAVO-mark2-LF-Pack.jpg","datePublished":"2024-08-01T02:11:17+00:00","dateModified":"2026-03-24T09:58:37+00:00","description":"Kinefinity MAVO LF Mark 2 delivers advanced technology and integration for high-end production. Providing great performance, advanced features and an enticing price offer.","breadcrumb":{"@id":"https:\/\/cinegear.nl\/product\/kinefinity-mavo-mark-2-lf-pack\/#breadcrumb"},"inLanguage":"it-IT","potentialAction":[{"@type":"ReadAction","target":["https:\/\/cinegear.nl\/product\/kinefinity-mavo-mark-2-lf-pack\/"]}]},{"@type":"ImageObject","inLanguage":"it-IT","@id":"https:\/\/cinegear.nl\/product\/kinefinity-mavo-mark-2-lf-pack\/#primaryimage","url":"https:\/\/cinegear.nl\/wp-content\/uploads\/2024\/08\/MAVO-mark2-LF-Pack.jpg","contentUrl":"https:\/\/cinegear.nl\/wp-content\/uploads\/2024\/08\/MAVO-mark2-LF-Pack.jpg","width":1000,"height":1000},{"@type":"BreadcrumbList","@id":"https:\/\/cinegear.nl\/product\/kinefinity-mavo-mark-2-lf-pack\/#breadcrumb","itemListElement":[{"@type":"ListItem","position":1,"name":"Home","item":"https:\/\/cinegear.nl\/"},{"@type":"ListItem","position":2,"name":"Store","item":"https:\/\/cinegear.nl\/product-category-kine-cameras\/"},{"@type":"ListItem","position":3,"name":"Kinefinity MAVO Mark 2 LF Pack"}]},{"@type":"WebSite","@id":"https:\/\/cinegear.nl\/#website","url":"https:\/\/cinegear.nl\/","name":"Cinegear Amsterdam","description":"","publisher":{"@id":"https:\/\/cinegear.nl\/#organization"},"potentialAction":[{"@type":"SearchAction","target":{"@type":"EntryPoint","urlTemplate":"https:\/\/cinegear.nl\/?s={search_term_string}"},"query-input":{"@type":"PropertyValueSpecification","valueRequired":true,"valueName":"search_term_string"}}],"inLanguage":"it-IT"},{"@type":"Organization","@id":"https:\/\/cinegear.nl\/#organization","name":"Cinegear","url":"https:\/\/cinegear.nl\/","logo":{"@type":"ImageObject","inLanguage":"it-IT","@id":"https:\/\/cinegear.nl\/#\/schema\/logo\/image\/","url":"https:\/\/cinegear.nl\/wp-content\/uploads\/2019\/12\/Transparent_Normal_Logo.jpg","contentUrl":"https:\/\/cinegear.nl\/wp-content\/uploads\/2019\/12\/Transparent_Normal_Logo.jpg","width":858,"height":782,"caption":"Cinegear"},"image":{"@id":"https:\/\/cinegear.nl\/#\/schema\/logo\/image\/"}}]}},"brands":[{"id":8397,"name":"Marchi","slug":"kinefinity"}],"_links":{"self":[{"href":"https:\/\/cinegear.nl\/it\/wp-json\/wp\/v2\/product\/89381","targetHints":{"allow":["GET"]}}],"collection":[{"href":"https:\/\/cinegear.nl\/it\/wp-json\/wp\/v2\/product"}],"about":[{"href":"https:\/\/cinegear.nl\/it\/wp-json\/wp\/v2\/types\/product"}],"wp:featuredmedia":[{"embeddable":true,"href":"https:\/\/cinegear.nl\/it\/wp-json\/wp\/v2\/media\/89385"}],"wp:attachment":[{"href":"https:\/\/cinegear.nl\/it\/wp-json\/wp\/v2\/media?parent=89381"}],"wp:term":[{"taxonomy":"pwb-brand","embeddable":true,"href":"https:\/\/cinegear.nl\/it\/wp-json\/wp\/v2\/pwb-brand?post=89381"},{"taxonomy":"product_cat","embeddable":true,"href":"https:\/\/cinegear.nl\/it\/wp-json\/wp\/v2\/product_cat?post=89381"},{"taxonomy":"product_tag","embeddable":true,"href":"https:\/\/cinegear.nl\/it\/wp-json\/wp\/v2\/product_tag?post=89381"}],"curies":[{"name":"wp","href":"https:\/\/api.w.org\/{rel}","templated":true}]}}