{"id":82466,"date":"2024-04-21T01:26:01","date_gmt":"2024-04-20T23:26:01","guid":{"rendered":"https:\/\/cinegear.nl\/?post_type=product&#038;p=82466"},"modified":"2026-01-20T15:07:21","modified_gmt":"2026-01-20T14:07:21","slug":"zignes-120w-solar-panel","status":"publish","type":"product","link":"https:\/\/cinegear.nl\/it\/prodotto\/zignes-120w-solar-panel\/","title":{"rendered":"Zignes 120W Solar Panel"},"content":{"rendered":"<div class=\"row\"  id=\"row-1291060737\">\n\n\t<div id=\"col-222142890\" class=\"col small-12 large-12\"  >\n\t\t\t\t<div class=\"col-inner\"  >\n\t\t\t\n\t\t\t\n<div class=\"row\"  id=\"row-163334646\">\n\n\t<div id=\"col-1787188231\" class=\"col medium-2 small-12 large-2\"  >\n\t\t\t\t<div class=\"col-inner\"  >\n\t\t\t\n\t\t\t\n<h3><strong>Panoramica<\/strong><\/h3>\n\t\t<\/div>\n\t\t\t\t\t<\/div>\n\n\t\n\n\t<div id=\"col-287597104\" class=\"col medium-10 small-12 large-10\"  >\n\t\t\t\t<div class=\"col-inner\"  >\n\t\t\t\n\t\t\t\n<div>The Zignes solar panel leverages solar energy to eco-recharge the DJI Power-series power stations, with a single panel reaching a max charging output of 120 W.<\/div>\n<div>Featuring a foldable design, it is convenient to store and transport, and comes with a stand for easy setup without the need for additional supports.<\/div>\n<div>It includes a 3m extension cable, allowing users to freely position it in well-lit areas for flexible placement.<\/div>\n<div>Designed with an IP65 rating for dust and water resistance, it accommodates a variety of everyday use scenarios.<\/div>\n\t\t<\/div>\n\t\t\t\t\t<\/div>\n\n\t\n<\/div>\n<div class=\"is-divider divider clearfix\" style=\"max-width:1600px;height:2px;\"><\/div>\n\t\t<\/div>\n\t\t\t\t\t<\/div>\n\n\t\n<\/div>\n<div class=\"row\"  id=\"row-757276671\">\n\n\t<div id=\"col-499789029\" class=\"col small-12 large-12\"  >\n\t\t\t\t<div class=\"col-inner\"  >\n\t\t\t\n\t\t\t\n<div class=\"row\"  id=\"row-645146027\">\n\n\t<div id=\"col-1291053736\" class=\"col medium-2 small-12 large-2\"  >\n\t\t\t\t<div class=\"col-inner\"  >\n\t\t\t\n\t\t\t\n<h3><strong>Tips<\/strong><\/h3>\n\t\t<\/div>\n\t\t\t\t\t<\/div>\n\n\t\n\n\t<div id=\"col-917276846\" class=\"col medium-10 small-12 large-10\"  >\n\t\t\t\t<div class=\"col-inner\"  >\n\t\t\t\n\t\t\t\n<div>Zignes 120W Solar Panel requires the use of a DJI Power Solar Panel Adapter Module (MPPT) or a DJI Power Car Power Outlet to SDC Power Cable (12V\/24V)<\/div>\n<div>for connection to the DJI Power-series power stations. Purchase the accessories as needed.<\/div>\n<div>Each DJI Power Solar Panel Adapter Module (MPPT) can then connect to one to three solar panels, while the DJI Power Car Power Outlet to SDC Power Cable (12V\/24V)\u200c can connect to one solar panel at most.<\/div>\n<div><\/div>\n<div><\/div>\n<div>After-sales Service:<\/div>\n<div>Return Period: 30 days (from the date of receipt of the package)<\/div>\n<div>Exchange Period: 30 days (from the date of receipt of the package)<\/div>\n<div>Warranty Period: 2 years (for EU regions);<\/div>\n<div>1 year (for other regions)<\/div>\n<div>* After-sales services are provided by DJI.<\/div>\n\t\t<\/div>\n\t\t\t\t\t<\/div>\n\n\t\n<\/div>\n<div class=\"is-divider divider clearfix\" style=\"max-width:1600px;height:2px;\"><\/div>\n\t\t<\/div>\n\t\t\t\t\t<\/div>\n\n\t\n<\/div>\n<div class=\"row\"  id=\"row-586556823\">\n\n\t<div id=\"col-1352691914\" class=\"col small-12 large-12\"  >\n\t\t\t\t<div class=\"col-inner\"  >\n\t\t\t\n\t\t\t\n<div class=\"row\"  id=\"row-858471287\">\n\n\t<div id=\"col-923922301\" class=\"col medium-2 small-12 large-2\"  >\n\t\t\t\t<div class=\"col-inner\"  >\n\t\t\t\n\t\t\t\n<h3><strong>Nella scatola<br \/>\n<\/strong><\/h3>\n\t\t<\/div>\n\t\t\t\t\t<\/div>\n\n\t\n\n\t<div id=\"col-1782439345\" class=\"col medium-10 small-12 large-10\"  >\n\t\t\t\t<div class=\"col-inner\"  >\n\t\t\t\n\t\t\t\n<div class=\"temp-specs-tr\">\n<div class=\"temp-specs-td value\">\n<p>Zignes 120W Solar Panel \u00d7 1<\/p>\n<\/div>\n<\/div>\n\t\t<\/div>\n\t\t\t\t\t<\/div>\n\n\t\n<\/div>\n<div class=\"is-divider divider clearfix\" style=\"max-width:1600px;height:2px;\"><\/div>\n\t\t<\/div>\n\t\t\t\t\t<\/div>\n\n\t\n<\/div>\n<div class=\"row\"  id=\"row-1137554163\">\n\n\t<div id=\"col-850737415\" class=\"col small-12 large-12\"  >\n\t\t\t\t<div class=\"col-inner\"  >\n\t\t\t\n\t\t\t\n<div class=\"row\"  id=\"row-2112302\">\n\n\t<div id=\"col-2056858774\" class=\"col medium-2 small-12 large-2\"  >\n\t\t\t\t<div class=\"col-inner\"  >\n\t\t\t\n\t\t\t\n<h3><strong>Specifiche<br \/>\n<\/strong><\/h3>\n\t\t<\/div>\n\t\t\t\t\t<\/div>\n\n\t\n\n\t<div id=\"col-1486140193\" class=\"col medium-10 small-12 large-10\"  >\n\t\t\t\t<div class=\"col-inner\"  >\n\t\t\t\n\t\t\t\n<div class=\"temp-specs-tr\">\n<div class=\"temp-specs-td value\">\n<p>Rated Power: 120 W<br \/>\nOpen-circuit Voltage: Max 26 V<br \/>\nShort-circuit Current: Max 7 A<br \/>\nWeight: Approx. 5.6 kg<br \/>\nUnfolded Dimensions: 1365\u00d7580\u00d736 mm (L\u00d7W\u00d7H)<br \/>\nFolded Dimensions: 365\u00d7580\u00d770 mm (L\u00d7W\u00d7H)<br \/>\nOperating Temperature: -20\u00b0 to 60\u00b0 C (-4\u00b0 to 140\u00b0 F)<\/p>\n<\/div>\n<\/div>\n\t\t<\/div>\n\t\t\t\t\t<\/div>\n\n\t\n<\/div>\n<div class=\"is-divider divider clearfix\" style=\"max-width:1600px;height:2px;\"><\/div>\n\t\t<\/div>\n\t\t\t\t\t<\/div>\n\n\t\n<\/div>\n<div class=\"row\"  id=\"row-733801444\">\n\n\t<div id=\"col-1673376465\" class=\"col small-12 large-12\"  >\n\t\t\t\t<div class=\"col-inner\"  >\n\t\t\t\n\t\t\t\n<div class=\"row\"  id=\"row-882830749\">\n\n\t<div id=\"col-938043930\" class=\"col medium-2 small-12 large-2\"  >\n\t\t\t\t<div class=\"col-inner\"  >\n\t\t\t\n\t\t\t\n<h3><strong>Compatibilit\u00e0<br \/>\n<\/strong><\/h3>\n\t\t<\/div>\n\t\t\t\t\t<\/div>\n\n\t\n\n\t<div id=\"col-2100888900\" class=\"col medium-10 small-12 large-10\"  >\n\t\t\t\t<div class=\"col-inner\"  >\n\t\t\t\n\t\t\t\n<div class=\"temp-specs-tr\">\n<div class=\"temp-specs-td value\">\n<div><\/div>\n<div>DJI Power Solar Panel Adapter Module (MPPT)<\/div>\n<div>DJI Power Car Power Outlet to SDC Power Cable (12V\/24V)<\/div>\n<\/div>\n<\/div>\n\t\t<\/div>\n\t\t\t\t\t<\/div>\n\n\t\n<\/div>\n<div class=\"is-divider divider clearfix\" style=\"max-width:1600px;height:2px;\"><\/div>\n\t\t<\/div>\n\t\t\t\t\t<\/div>\n\n\t\n<\/div>","protected":false},"excerpt":{"rendered":"<p>Offers a charging output of up to 120 W with a foldable design for easy storage and transportation. Rated IP65 for dust and water resistance.<\/p>","protected":false},"featured_media":82467,"template":"","meta":{"_acf_changed":false,"inline_featured_image":false},"pwb-brand":[9931],"product_cat":[16],"product_tag":[14060,14061],"class_list":{"0":"post-82466","1":"product","2":"type-product","3":"status-publish","4":"has-post-thumbnail","6":"pwb-brand-dji","7":"product_cat-all","8":"product_tag-dji-power-station","9":"product_tag-dji-power-station-accesory","10":"product_shipping_class-heavy","12":"first","13":"delivery_unknown","14":"sale","15":"taxable","16":"shipping-taxable","17":"purchasable","18":"product-type-simple"},"acf":{"supplier":"EuropePV","buy_price":"197.6","last_sync":"2026-01-20"},"yoast_head":"<!-- This site is optimized with the Yoast SEO Premium plugin v21.8 (Yoast SEO v24.3) - https:\/\/yoast.com\/wordpress\/plugins\/seo\/ -->\n<title>Zignes 120W Solar Panel | Cinegear Amsterdam<\/title>\n<meta name=\"description\" content=\"Offers a charging output of up to 120 W with a foldable design for easy storage and transportation. Rated IP65 for dust and water resistance.\" \/>\n<meta name=\"robots\" content=\"index, follow, max-snippet:-1, max-image-preview:large, max-video-preview:-1\" \/>\n<link rel=\"canonical\" href=\"https:\/\/cinegear.nl\/it\/prodotto\/zignes-120w-solar-panel\/\" \/>\n<meta property=\"og:locale\" content=\"it_IT\" \/>\n<meta property=\"og:type\" content=\"article\" \/>\n<meta property=\"og:title\" content=\"Zignes 120W Solar Panel\" \/>\n<meta property=\"og:description\" content=\"Offers a charging output of up to 120 W with a foldable design for easy storage and transportation. Rated IP65 for dust and water resistance.\" \/>\n<meta property=\"og:url\" content=\"https:\/\/cinegear.nl\/it\/prodotto\/zignes-120w-solar-panel\/\" \/>\n<meta property=\"og:site_name\" content=\"Cinegear Amsterdam\" \/>\n<meta property=\"article:modified_time\" content=\"2026-01-20T14:07:21+00:00\" \/>\n<meta property=\"og:image\" content=\"https:\/\/cinegear.nl\/wp-content\/uploads\/2024\/04\/065a01b587b894c9b01ad64f7cc4cbba@origin-scaled.jpg\" \/>\n\t<meta property=\"og:image:width\" content=\"2560\" \/>\n\t<meta property=\"og:image:height\" content=\"1707\" \/>\n\t<meta property=\"og:image:type\" content=\"image\/jpeg\" \/>\n<meta name=\"twitter:card\" content=\"summary_large_image\" \/>\n<meta name=\"twitter:label1\" content=\"Tempo di lettura stimato\" \/>\n\t<meta name=\"twitter:data1\" content=\"2 minuti\" \/>\n<script type=\"application\/ld+json\" class=\"yoast-schema-graph\">{\"@context\":\"https:\/\/schema.org\",\"@graph\":[{\"@type\":\"WebPage\",\"@id\":\"https:\/\/cinegear.nl\/product\/zignes-120w-solar-panel\/\",\"url\":\"https:\/\/cinegear.nl\/product\/zignes-120w-solar-panel\/\",\"name\":\"Zignes 120W Solar Panel | Cinegear Amsterdam\",\"isPartOf\":{\"@id\":\"https:\/\/cinegear.nl\/#website\"},\"primaryImageOfPage\":{\"@id\":\"https:\/\/cinegear.nl\/product\/zignes-120w-solar-panel\/#primaryimage\"},\"image\":{\"@id\":\"https:\/\/cinegear.nl\/product\/zignes-120w-solar-panel\/#primaryimage\"},\"thumbnailUrl\":\"https:\/\/cinegear.nl\/wp-content\/uploads\/2024\/04\/065a01b587b894c9b01ad64f7cc4cbba@origin-scaled.jpg\",\"datePublished\":\"2024-04-20T23:26:01+00:00\",\"dateModified\":\"2026-01-20T14:07:21+00:00\",\"description\":\"Offers a charging output of up to 120 W with a foldable design for easy storage and transportation. Rated IP65 for dust and water resistance.\",\"breadcrumb\":{\"@id\":\"https:\/\/cinegear.nl\/product\/zignes-120w-solar-panel\/#breadcrumb\"},\"inLanguage\":\"it-IT\",\"potentialAction\":[{\"@type\":\"ReadAction\",\"target\":[\"https:\/\/cinegear.nl\/product\/zignes-120w-solar-panel\/\"]}]},{\"@type\":\"ImageObject\",\"inLanguage\":\"it-IT\",\"@id\":\"https:\/\/cinegear.nl\/product\/zignes-120w-solar-panel\/#primaryimage\",\"url\":\"https:\/\/cinegear.nl\/wp-content\/uploads\/2024\/04\/065a01b587b894c9b01ad64f7cc4cbba@origin-scaled.jpg\",\"contentUrl\":\"https:\/\/cinegear.nl\/wp-content\/uploads\/2024\/04\/065a01b587b894c9b01ad64f7cc4cbba@origin-scaled.jpg\",\"width\":2560,\"height\":1707},{\"@type\":\"BreadcrumbList\",\"@id\":\"https:\/\/cinegear.nl\/product\/zignes-120w-solar-panel\/#breadcrumb\",\"itemListElement\":[{\"@type\":\"ListItem\",\"position\":1,\"name\":\"Home\",\"item\":\"https:\/\/cinegear.nl\/\"},{\"@type\":\"ListItem\",\"position\":2,\"name\":\"Store\",\"item\":\"https:\/\/cinegear.nl\/product-category-kine-cameras\/\"},{\"@type\":\"ListItem\",\"position\":3,\"name\":\"Zignes 120W Solar Panel\"}]},{\"@type\":\"WebSite\",\"@id\":\"https:\/\/cinegear.nl\/#website\",\"url\":\"https:\/\/cinegear.nl\/\",\"name\":\"Cinegear Amsterdam\",\"description\":\"\",\"publisher\":{\"@id\":\"https:\/\/cinegear.nl\/#organization\"},\"potentialAction\":[{\"@type\":\"SearchAction\",\"target\":{\"@type\":\"EntryPoint\",\"urlTemplate\":\"https:\/\/cinegear.nl\/?s={search_term_string}\"},\"query-input\":{\"@type\":\"PropertyValueSpecification\",\"valueRequired\":true,\"valueName\":\"search_term_string\"}}],\"inLanguage\":\"it-IT\"},{\"@type\":\"Organization\",\"@id\":\"https:\/\/cinegear.nl\/#organization\",\"name\":\"Cinegear\",\"url\":\"https:\/\/cinegear.nl\/\",\"logo\":{\"@type\":\"ImageObject\",\"inLanguage\":\"it-IT\",\"@id\":\"https:\/\/cinegear.nl\/#\/schema\/logo\/image\/\",\"url\":\"https:\/\/cinegear.nl\/wp-content\/uploads\/2019\/12\/Transparent_Normal_Logo.jpg\",\"contentUrl\":\"https:\/\/cinegear.nl\/wp-content\/uploads\/2019\/12\/Transparent_Normal_Logo.jpg\",\"width\":858,\"height\":782,\"caption\":\"Cinegear\"},\"image\":{\"@id\":\"https:\/\/cinegear.nl\/#\/schema\/logo\/image\/\"}}]}<\/script>\n<!-- \/ Yoast SEO Premium plugin. -->","yoast_head_json":{"title":"Zignes 120W Solar Panel | Cinegear Amsterdam","description":"Offers a charging output of up to 120 W with a foldable design for easy storage and transportation. Rated IP65 for dust and water resistance.","robots":{"index":"index","follow":"follow","max-snippet":"max-snippet:-1","max-image-preview":"max-image-preview:large","max-video-preview":"max-video-preview:-1"},"canonical":"https:\/\/cinegear.nl\/it\/prodotto\/zignes-120w-solar-panel\/","og_locale":"it_IT","og_type":"article","og_title":"Zignes 120W Solar Panel","og_description":"Offers a charging output of up to 120 W with a foldable design for easy storage and transportation. Rated IP65 for dust and water resistance.","og_url":"https:\/\/cinegear.nl\/it\/prodotto\/zignes-120w-solar-panel\/","og_site_name":"Cinegear Amsterdam","article_modified_time":"2026-01-20T14:07:21+00:00","og_image":[{"width":2560,"height":1707,"url":"https:\/\/cinegear.nl\/wp-content\/uploads\/2024\/04\/065a01b587b894c9b01ad64f7cc4cbba@origin-scaled.jpg","type":"image\/jpeg"}],"twitter_card":"summary_large_image","twitter_misc":{"Tempo di lettura stimato":"2 minuti"},"schema":{"@context":"https:\/\/schema.org","@graph":[{"@type":"WebPage","@id":"https:\/\/cinegear.nl\/product\/zignes-120w-solar-panel\/","url":"https:\/\/cinegear.nl\/product\/zignes-120w-solar-panel\/","name":"Zignes 120W Solar Panel | Cinegear Amsterdam","isPartOf":{"@id":"https:\/\/cinegear.nl\/#website"},"primaryImageOfPage":{"@id":"https:\/\/cinegear.nl\/product\/zignes-120w-solar-panel\/#primaryimage"},"image":{"@id":"https:\/\/cinegear.nl\/product\/zignes-120w-solar-panel\/#primaryimage"},"thumbnailUrl":"https:\/\/cinegear.nl\/wp-content\/uploads\/2024\/04\/065a01b587b894c9b01ad64f7cc4cbba@origin-scaled.jpg","datePublished":"2024-04-20T23:26:01+00:00","dateModified":"2026-01-20T14:07:21+00:00","description":"Offers a charging output of up to 120 W with a foldable design for easy storage and transportation. Rated IP65 for dust and water resistance.","breadcrumb":{"@id":"https:\/\/cinegear.nl\/product\/zignes-120w-solar-panel\/#breadcrumb"},"inLanguage":"it-IT","potentialAction":[{"@type":"ReadAction","target":["https:\/\/cinegear.nl\/product\/zignes-120w-solar-panel\/"]}]},{"@type":"ImageObject","inLanguage":"it-IT","@id":"https:\/\/cinegear.nl\/product\/zignes-120w-solar-panel\/#primaryimage","url":"https:\/\/cinegear.nl\/wp-content\/uploads\/2024\/04\/065a01b587b894c9b01ad64f7cc4cbba@origin-scaled.jpg","contentUrl":"https:\/\/cinegear.nl\/wp-content\/uploads\/2024\/04\/065a01b587b894c9b01ad64f7cc4cbba@origin-scaled.jpg","width":2560,"height":1707},{"@type":"BreadcrumbList","@id":"https:\/\/cinegear.nl\/product\/zignes-120w-solar-panel\/#breadcrumb","itemListElement":[{"@type":"ListItem","position":1,"name":"Home","item":"https:\/\/cinegear.nl\/"},{"@type":"ListItem","position":2,"name":"Store","item":"https:\/\/cinegear.nl\/product-category-kine-cameras\/"},{"@type":"ListItem","position":3,"name":"Zignes 120W Solar Panel"}]},{"@type":"WebSite","@id":"https:\/\/cinegear.nl\/#website","url":"https:\/\/cinegear.nl\/","name":"Cinegear Amsterdam","description":"","publisher":{"@id":"https:\/\/cinegear.nl\/#organization"},"potentialAction":[{"@type":"SearchAction","target":{"@type":"EntryPoint","urlTemplate":"https:\/\/cinegear.nl\/?s={search_term_string}"},"query-input":{"@type":"PropertyValueSpecification","valueRequired":true,"valueName":"search_term_string"}}],"inLanguage":"it-IT"},{"@type":"Organization","@id":"https:\/\/cinegear.nl\/#organization","name":"Cinegear","url":"https:\/\/cinegear.nl\/","logo":{"@type":"ImageObject","inLanguage":"it-IT","@id":"https:\/\/cinegear.nl\/#\/schema\/logo\/image\/","url":"https:\/\/cinegear.nl\/wp-content\/uploads\/2019\/12\/Transparent_Normal_Logo.jpg","contentUrl":"https:\/\/cinegear.nl\/wp-content\/uploads\/2019\/12\/Transparent_Normal_Logo.jpg","width":858,"height":782,"caption":"Cinegear"},"image":{"@id":"https:\/\/cinegear.nl\/#\/schema\/logo\/image\/"}}]}},"brands":[{"id":9931,"name":"DJI","slug":"dji"}],"_links":{"self":[{"href":"https:\/\/cinegear.nl\/it\/wp-json\/wp\/v2\/product\/82466","targetHints":{"allow":["GET"]}}],"collection":[{"href":"https:\/\/cinegear.nl\/it\/wp-json\/wp\/v2\/product"}],"about":[{"href":"https:\/\/cinegear.nl\/it\/wp-json\/wp\/v2\/types\/product"}],"wp:featuredmedia":[{"embeddable":true,"href":"https:\/\/cinegear.nl\/it\/wp-json\/wp\/v2\/media\/82467"}],"wp:attachment":[{"href":"https:\/\/cinegear.nl\/it\/wp-json\/wp\/v2\/media?parent=82466"}],"wp:term":[{"taxonomy":"pwb-brand","embeddable":true,"href":"https:\/\/cinegear.nl\/it\/wp-json\/wp\/v2\/pwb-brand?post=82466"},{"taxonomy":"product_cat","embeddable":true,"href":"https:\/\/cinegear.nl\/it\/wp-json\/wp\/v2\/product_cat?post=82466"},{"taxonomy":"product_tag","embeddable":true,"href":"https:\/\/cinegear.nl\/it\/wp-json\/wp\/v2\/product_tag?post=82466"}],"curies":[{"name":"wp","href":"https:\/\/api.w.org\/{rel}","templated":true}]}}