{"id":69199,"date":"2024-01-15T09:20:02","date_gmt":"2024-01-15T08:20:02","guid":{"rendered":"https:\/\/cinegear.nl\/?post_type=product&#038;p=69199"},"modified":"2026-03-24T11:00:12","modified_gmt":"2026-03-24T10:00:12","slug":"kinefinity-e-mounting-adapter","status":"publish","type":"product","link":"https:\/\/cinegear.nl\/it\/prodotto\/kinefinity-e-mounting-adapter\/","title":{"rendered":"Adattatore di montaggio Kinefinity E"},"content":{"rendered":"<div id=\"row-1445750128\" class=\"row\">\n<div id=\"col-1912561369\" class=\"col medium-2\/3 large-8\">\n<div class=\"col-inner\">\n<p>Kinefinity presenta il nuovo adattatore di montaggio SONY E per la fotocamera Kinefinity. L'adattatore di montaggio E di Kinefinity \u00e8 dotato di una chiusura a culatta che ruota in senso antiorario per bloccarsi, come l'adattatore di montaggio Kine EF. La modalit\u00e0 di bloccaggio cine si adatta naturalmente ai sistemi video\/cinematografici.<\/p>\n<p>Inizia un nuovo mondo con una qualit\u00e0 di fascia alta a prezzi accessibili: sempre pi\u00f9 produttori di obiettivi cinematografici offrono obiettivi E-mount a prezzi accessibili con una qualit\u00e0 molto elevata, come Fujifilm MK18-55, MK50-135 e altri obiettivi cinematografici di terze parti.<\/p>\n<p>Poich\u00e9 gli obiettivi con attacco E e l'attacco stesso sono molto compatti, il sistema si colloca nella giusta tendenza del mondo leggero\/piccolo: droni, rig, gimbal e stabilizzatori.<\/p>\n<p>Poich\u00e9 gli obiettivi con attacco E e l'attacco stesso sono molto compatti, il sistema si colloca nella giusta tendenza del mondo leggero\/piccolo: droni, rig, gimbal e stabilizzatori.<\/p>\n<p>Avviso: L'adattatore di terze parti potrebbe non funzionare con l'adattatore di montaggio E per trasformare l'attacco E in EF o PL; alcuni obiettivi E modificati non possono essere utilizzati con l'adattatore di montaggio E.<\/p>\n<\/div>\n<\/div>\n<div id=\"col-1984013511\" class=\"col medium-1\/3 large-4\">\n<div class=\"col-inner\">\n<p>L'innesto E \u00e8 un nuovo innesto lanciato con le fotocamere mirrorless NEX nel 2010. Si tratta di un innesto molto compatto con una lunghezza focale della flangia molto corta (18 mm), quindi gli obiettivi con innesto E possono essere utilizzati solo su fotocamere con questo innesto corto e non possono essere utilizzati su altri innesti con qualche tipo di adattatore.<\/p>\n<p>Un numero sempre maggiore di produttori di obiettivi ha iniziato a distribuire obiettivi specifici per l'innesto E. In realt\u00e0, Venice, la fotocamera cinematografica di punta di SONY, ha un attacco E nativo.<\/p>\n<\/div>\n<\/div>\n<\/div>\n<hr \/>\n<p>La progettazione e la produzione di questo attacco per obiettivi con FFD corto come adattatore per il montaggio in KineMOUNT \u00e8 un compito davvero impegnativo: adattatori di montaggio a sostituzione rapida senza attrezzi, meccanismo di bloccaggio a leva. Ha le seguenti caratteristiche come gli altri adattatori di montaggio Kine:<\/p>\n<ul>\n<li>Stile Cine con blocco a leva: blocca gli obiettivi come il sistema di bloccaggio PL in modo sicuro e stabile;<\/li>\n<li>Senza fili: non sono necessari moduli o blocchi aggiuntivi, ma un cavo;<\/li>\n<li>Robusto e semplice: realizzato in acciaio, lega di alluminio e plastica.<\/li>\n<\/ul>\n<p><img loading=\"lazy\" decoding=\"async\" src=\"http:\/\/www.kinefinity.com\/wp-content\/uploads\/2017\/09\/terra_5k_fuji_mk_1855-1024x684.jpg\" alt=\"terra_5k_fuji_mk_1855\" width=\"1000\" height=\"667\" \/><\/p>","protected":false},"excerpt":{"rendered":"<p><strong>Adatto a [TERRA con KineMOUNT]<\/strong><\/p>\n<p>L'adattatore di montaggio E per la telecamera TERRA. La TERRA sar\u00e0 la prima cinepresa con attacco E, con una distanza focale della flangia cos\u00ec ridotta, ad eccezione delle cineprese SONY.<\/p>\n<p>\u00c8 dotato di una chiusura di culatta che ruota in senso antiorario per bloccarsi.<\/p>\n<p>Un nuovo mondo con una qualit\u00e0 di alto livello a prezzi accessibili: sempre pi\u00f9 produttori di obiettivi cinematografici offrono obiettivi E-mount a prezzi accessibili con una qualit\u00e0 molto elevata, come Fujifilm MK18-55, MK50-135.<\/p>\n<p>Nota: NON ha contatti elettronici e NON supporta lenti elettroniche.<\/p>","protected":false},"featured_media":69203,"template":"","meta":{"_acf_changed":false,"inline_featured_image":false},"pwb-brand":[8397],"product_cat":[393,10336,414,577,4792],"product_tag":[4521],"class_list":{"0":"post-69199","1":"product","2":"type-product","3":"status-publish","4":"has-post-thumbnail","6":"pwb-brand-kinefinity","7":"product_cat-cameras","8":"product_cat-kinefinity-brands-cameras","9":"product_cat-video-monitor","10":"product_cat-accessoires-video","11":"product_cat-rigs-accessoires-video","12":"product_tag-kinefinity","13":"product_shipping_class-normal","15":"first","16":"onbackorder","17":"taxable","18":"shipping-taxable","19":"purchasable","20":"product-type-simple"},"acf":{"supplier":"","buy_price":"","last_sync":""},"yoast_head":"<!-- This site is optimized with the Yoast SEO Premium plugin v21.8 (Yoast SEO v24.3) - https:\/\/yoast.com\/wordpress\/plugins\/seo\/ -->\n<title>Kinefinity E Mounting Adapter | Cinegear Amsterdam<\/title>\n<meta name=\"description\" content=\"Fits \u00a0 \u00a0  The E mounting adapter to TERRA camera. TERRA will be the first cinema camera with E mount, such short flange focal distance, except SONY cameras.  It features a breech-lock rotating counter-clockwise to lock.  A new world with affordable high-end quality: more and more cine lens manufacturers are delivering affordable E-mount lenses with very high quality, like Fujifilm MK18-55, MK50-135.  Note: It does NOT have electronic contacts and NOT support electronic lenses.\" \/>\n<meta name=\"robots\" content=\"index, follow, max-snippet:-1, max-image-preview:large, max-video-preview:-1\" \/>\n<link rel=\"canonical\" href=\"https:\/\/cinegear.nl\/it\/prodotto\/kinefinity-e-mounting-adapter\/\" \/>\n<meta property=\"og:locale\" content=\"it_IT\" \/>\n<meta property=\"og:type\" content=\"article\" \/>\n<meta property=\"og:title\" content=\"Kinefinity E Mounting Adapter\" \/>\n<meta property=\"og:description\" content=\"Fits \u00a0 \u00a0  The E mounting adapter to TERRA camera. TERRA will be the first cinema camera with E mount, such short flange focal distance, except SONY cameras.  It features a breech-lock rotating counter-clockwise to lock.  A new world with affordable high-end quality: more and more cine lens manufacturers are delivering affordable E-mount lenses with very high quality, like Fujifilm MK18-55, MK50-135.  Note: It does NOT have electronic contacts and NOT support electronic lenses.\" \/>\n<meta property=\"og:url\" content=\"https:\/\/cinegear.nl\/it\/prodotto\/kinefinity-e-mounting-adapter\/\" \/>\n<meta property=\"og:site_name\" content=\"Cinegear Amsterdam\" \/>\n<meta property=\"article:modified_time\" content=\"2026-03-24T10:00:12+00:00\" \/>\n<meta property=\"og:image\" content=\"https:\/\/cinegear.nl\/wp-content\/uploads\/2024\/01\/E-Mounting-Adapter.jpg\" \/>\n\t<meta property=\"og:image:width\" content=\"1000\" \/>\n\t<meta property=\"og:image:height\" content=\"1000\" \/>\n\t<meta property=\"og:image:type\" content=\"image\/jpeg\" \/>\n<meta name=\"twitter:card\" content=\"summary_large_image\" \/>\n<meta name=\"twitter:label1\" content=\"Tempo di lettura stimato\" \/>\n\t<meta name=\"twitter:data1\" content=\"2 minuti\" \/>\n<script type=\"application\/ld+json\" class=\"yoast-schema-graph\">{\"@context\":\"https:\/\/schema.org\",\"@graph\":[{\"@type\":\"WebPage\",\"@id\":\"https:\/\/cinegear.nl\/product\/kinefinity-e-mounting-adapter\/\",\"url\":\"https:\/\/cinegear.nl\/product\/kinefinity-e-mounting-adapter\/\",\"name\":\"Kinefinity E Mounting Adapter | Cinegear Amsterdam\",\"isPartOf\":{\"@id\":\"https:\/\/cinegear.nl\/#website\"},\"primaryImageOfPage\":{\"@id\":\"https:\/\/cinegear.nl\/product\/kinefinity-e-mounting-adapter\/#primaryimage\"},\"image\":{\"@id\":\"https:\/\/cinegear.nl\/product\/kinefinity-e-mounting-adapter\/#primaryimage\"},\"thumbnailUrl\":\"https:\/\/cinegear.nl\/wp-content\/uploads\/2024\/01\/E-Mounting-Adapter.jpg\",\"datePublished\":\"2024-01-15T08:20:02+00:00\",\"dateModified\":\"2026-03-24T10:00:12+00:00\",\"description\":\"Fits \u00a0 \u00a0 The E mounting adapter to TERRA camera. TERRA will be the first cinema camera with E mount, such short flange focal distance, except SONY cameras. It features a breech-lock rotating counter-clockwise to lock. A new world with affordable high-end quality: more and more cine lens manufacturers are delivering affordable E-mount lenses with very high quality, like Fujifilm MK18-55, MK50-135. Note: It does NOT have electronic contacts and NOT support electronic lenses.\",\"breadcrumb\":{\"@id\":\"https:\/\/cinegear.nl\/product\/kinefinity-e-mounting-adapter\/#breadcrumb\"},\"inLanguage\":\"it-IT\",\"potentialAction\":[{\"@type\":\"ReadAction\",\"target\":[\"https:\/\/cinegear.nl\/product\/kinefinity-e-mounting-adapter\/\"]}]},{\"@type\":\"ImageObject\",\"inLanguage\":\"it-IT\",\"@id\":\"https:\/\/cinegear.nl\/product\/kinefinity-e-mounting-adapter\/#primaryimage\",\"url\":\"https:\/\/cinegear.nl\/wp-content\/uploads\/2024\/01\/E-Mounting-Adapter.jpg\",\"contentUrl\":\"https:\/\/cinegear.nl\/wp-content\/uploads\/2024\/01\/E-Mounting-Adapter.jpg\",\"width\":1000,\"height\":1000,\"caption\":\"E Mounting Adapter\"},{\"@type\":\"BreadcrumbList\",\"@id\":\"https:\/\/cinegear.nl\/product\/kinefinity-e-mounting-adapter\/#breadcrumb\",\"itemListElement\":[{\"@type\":\"ListItem\",\"position\":1,\"name\":\"Home\",\"item\":\"https:\/\/cinegear.nl\/\"},{\"@type\":\"ListItem\",\"position\":2,\"name\":\"Store\",\"item\":\"https:\/\/cinegear.nl\/product-category-kine-cameras\/\"},{\"@type\":\"ListItem\",\"position\":3,\"name\":\"Kinefinity E Mounting Adapter\"}]},{\"@type\":\"WebSite\",\"@id\":\"https:\/\/cinegear.nl\/#website\",\"url\":\"https:\/\/cinegear.nl\/\",\"name\":\"Cinegear Amsterdam\",\"description\":\"\",\"publisher\":{\"@id\":\"https:\/\/cinegear.nl\/#organization\"},\"potentialAction\":[{\"@type\":\"SearchAction\",\"target\":{\"@type\":\"EntryPoint\",\"urlTemplate\":\"https:\/\/cinegear.nl\/?s={search_term_string}\"},\"query-input\":{\"@type\":\"PropertyValueSpecification\",\"valueRequired\":true,\"valueName\":\"search_term_string\"}}],\"inLanguage\":\"it-IT\"},{\"@type\":\"Organization\",\"@id\":\"https:\/\/cinegear.nl\/#organization\",\"name\":\"Cinegear\",\"url\":\"https:\/\/cinegear.nl\/\",\"logo\":{\"@type\":\"ImageObject\",\"inLanguage\":\"it-IT\",\"@id\":\"https:\/\/cinegear.nl\/#\/schema\/logo\/image\/\",\"url\":\"https:\/\/cinegear.nl\/wp-content\/uploads\/2019\/12\/Transparent_Normal_Logo.jpg\",\"contentUrl\":\"https:\/\/cinegear.nl\/wp-content\/uploads\/2019\/12\/Transparent_Normal_Logo.jpg\",\"width\":858,\"height\":782,\"caption\":\"Cinegear\"},\"image\":{\"@id\":\"https:\/\/cinegear.nl\/#\/schema\/logo\/image\/\"}}]}<\/script>\n<!-- \/ Yoast SEO Premium plugin. -->","yoast_head_json":{"title":"Kinefinity E Mounting Adapter | Cinegear Amsterdam","description":"Fits \u00a0 \u00a0  The E mounting adapter to TERRA camera. TERRA will be the first cinema camera with E mount, such short flange focal distance, except SONY cameras.  It features a breech-lock rotating counter-clockwise to lock.  A new world with affordable high-end quality: more and more cine lens manufacturers are delivering affordable E-mount lenses with very high quality, like Fujifilm MK18-55, MK50-135.  Note: It does NOT have electronic contacts and NOT support electronic lenses.","robots":{"index":"index","follow":"follow","max-snippet":"max-snippet:-1","max-image-preview":"max-image-preview:large","max-video-preview":"max-video-preview:-1"},"canonical":"https:\/\/cinegear.nl\/it\/prodotto\/kinefinity-e-mounting-adapter\/","og_locale":"it_IT","og_type":"article","og_title":"Kinefinity E Mounting Adapter","og_description":"Fits \u00a0 \u00a0  The E mounting adapter to TERRA camera. TERRA will be the first cinema camera with E mount, such short flange focal distance, except SONY cameras.  It features a breech-lock rotating counter-clockwise to lock.  A new world with affordable high-end quality: more and more cine lens manufacturers are delivering affordable E-mount lenses with very high quality, like Fujifilm MK18-55, MK50-135.  Note: It does NOT have electronic contacts and NOT support electronic lenses.","og_url":"https:\/\/cinegear.nl\/it\/prodotto\/kinefinity-e-mounting-adapter\/","og_site_name":"Cinegear Amsterdam","article_modified_time":"2026-03-24T10:00:12+00:00","og_image":[{"width":1000,"height":1000,"url":"https:\/\/cinegear.nl\/wp-content\/uploads\/2024\/01\/E-Mounting-Adapter.jpg","type":"image\/jpeg"}],"twitter_card":"summary_large_image","twitter_misc":{"Tempo di lettura stimato":"2 minuti"},"schema":{"@context":"https:\/\/schema.org","@graph":[{"@type":"WebPage","@id":"https:\/\/cinegear.nl\/product\/kinefinity-e-mounting-adapter\/","url":"https:\/\/cinegear.nl\/product\/kinefinity-e-mounting-adapter\/","name":"Kinefinity E Mounting Adapter | Cinegear Amsterdam","isPartOf":{"@id":"https:\/\/cinegear.nl\/#website"},"primaryImageOfPage":{"@id":"https:\/\/cinegear.nl\/product\/kinefinity-e-mounting-adapter\/#primaryimage"},"image":{"@id":"https:\/\/cinegear.nl\/product\/kinefinity-e-mounting-adapter\/#primaryimage"},"thumbnailUrl":"https:\/\/cinegear.nl\/wp-content\/uploads\/2024\/01\/E-Mounting-Adapter.jpg","datePublished":"2024-01-15T08:20:02+00:00","dateModified":"2026-03-24T10:00:12+00:00","description":"Fits \u00a0 \u00a0 The E mounting adapter to TERRA camera. TERRA will be the first cinema camera with E mount, such short flange focal distance, except SONY cameras. It features a breech-lock rotating counter-clockwise to lock. A new world with affordable high-end quality: more and more cine lens manufacturers are delivering affordable E-mount lenses with very high quality, like Fujifilm MK18-55, MK50-135. Note: It does NOT have electronic contacts and NOT support electronic lenses.","breadcrumb":{"@id":"https:\/\/cinegear.nl\/product\/kinefinity-e-mounting-adapter\/#breadcrumb"},"inLanguage":"it-IT","potentialAction":[{"@type":"ReadAction","target":["https:\/\/cinegear.nl\/product\/kinefinity-e-mounting-adapter\/"]}]},{"@type":"ImageObject","inLanguage":"it-IT","@id":"https:\/\/cinegear.nl\/product\/kinefinity-e-mounting-adapter\/#primaryimage","url":"https:\/\/cinegear.nl\/wp-content\/uploads\/2024\/01\/E-Mounting-Adapter.jpg","contentUrl":"https:\/\/cinegear.nl\/wp-content\/uploads\/2024\/01\/E-Mounting-Adapter.jpg","width":1000,"height":1000,"caption":"E Mounting Adapter"},{"@type":"BreadcrumbList","@id":"https:\/\/cinegear.nl\/product\/kinefinity-e-mounting-adapter\/#breadcrumb","itemListElement":[{"@type":"ListItem","position":1,"name":"Home","item":"https:\/\/cinegear.nl\/"},{"@type":"ListItem","position":2,"name":"Store","item":"https:\/\/cinegear.nl\/product-category-kine-cameras\/"},{"@type":"ListItem","position":3,"name":"Kinefinity E Mounting Adapter"}]},{"@type":"WebSite","@id":"https:\/\/cinegear.nl\/#website","url":"https:\/\/cinegear.nl\/","name":"Cinegear Amsterdam","description":"","publisher":{"@id":"https:\/\/cinegear.nl\/#organization"},"potentialAction":[{"@type":"SearchAction","target":{"@type":"EntryPoint","urlTemplate":"https:\/\/cinegear.nl\/?s={search_term_string}"},"query-input":{"@type":"PropertyValueSpecification","valueRequired":true,"valueName":"search_term_string"}}],"inLanguage":"it-IT"},{"@type":"Organization","@id":"https:\/\/cinegear.nl\/#organization","name":"Cinegear","url":"https:\/\/cinegear.nl\/","logo":{"@type":"ImageObject","inLanguage":"it-IT","@id":"https:\/\/cinegear.nl\/#\/schema\/logo\/image\/","url":"https:\/\/cinegear.nl\/wp-content\/uploads\/2019\/12\/Transparent_Normal_Logo.jpg","contentUrl":"https:\/\/cinegear.nl\/wp-content\/uploads\/2019\/12\/Transparent_Normal_Logo.jpg","width":858,"height":782,"caption":"Cinegear"},"image":{"@id":"https:\/\/cinegear.nl\/#\/schema\/logo\/image\/"}}]}},"brands":[{"id":8397,"name":"Marchi","slug":"kinefinity"}],"_links":{"self":[{"href":"https:\/\/cinegear.nl\/it\/wp-json\/wp\/v2\/product\/69199","targetHints":{"allow":["GET"]}}],"collection":[{"href":"https:\/\/cinegear.nl\/it\/wp-json\/wp\/v2\/product"}],"about":[{"href":"https:\/\/cinegear.nl\/it\/wp-json\/wp\/v2\/types\/product"}],"wp:featuredmedia":[{"embeddable":true,"href":"https:\/\/cinegear.nl\/it\/wp-json\/wp\/v2\/media\/69203"}],"wp:attachment":[{"href":"https:\/\/cinegear.nl\/it\/wp-json\/wp\/v2\/media?parent=69199"}],"wp:term":[{"taxonomy":"pwb-brand","embeddable":true,"href":"https:\/\/cinegear.nl\/it\/wp-json\/wp\/v2\/pwb-brand?post=69199"},{"taxonomy":"product_cat","embeddable":true,"href":"https:\/\/cinegear.nl\/it\/wp-json\/wp\/v2\/product_cat?post=69199"},{"taxonomy":"product_tag","embeddable":true,"href":"https:\/\/cinegear.nl\/it\/wp-json\/wp\/v2\/product_tag?post=69199"}],"curies":[{"name":"wp","href":"https:\/\/api.w.org\/{rel}","templated":true}]}}