{"id":69188,"date":"2024-01-14T17:27:43","date_gmt":"2024-01-14T16:27:43","guid":{"rendered":"https:\/\/cinegear.nl\/?post_type=product&#038;p=69188"},"modified":"2026-03-24T11:01:43","modified_gmt":"2026-03-24T10:01:43","slug":"kinefinity-active-pl-mount","status":"publish","type":"product","link":"https:\/\/cinegear.nl\/it\/prodotto\/kinefinity-active-pl-mount\/","title":{"rendered":"Supporto PL attivo Kinefinity"},"content":{"rendered":"<section class=\"elementor-section elementor-top-section elementor-element elementor-element-3ae4967 elementor-section-boxed elementor-section-height-default elementor-section-height-default\" data-id=\"3ae4967\" data-element_type=\"section\">\n<div class=\"elementor-container elementor-column-gap-default\">\n<div class=\"elementor-column elementor-col-100 elementor-top-column elementor-element elementor-element-02418d3\" data-id=\"02418d3\" data-element_type=\"column\">\n<div class=\"elementor-widget-wrap elementor-element-populated\">\n<div class=\"elementor-element elementor-element-84953f3 elementor-widget elementor-widget-text-editor\" data-id=\"84953f3\" data-element_type=\"widget\" data-widget_type=\"text-editor.default\">\n<div class=\"elementor-widget-container\">\n<p>L'adattatore di montaggio PL, il pi\u00f9 diffuso per la cinematografia. Basandosi sull'adattatore PL di seconda generazione, Kinefinity ha riprogettato e lavorato duramente per creare un nuovo\u00a0<strong>adattatore di montaggio PL nativo.<\/strong>.<\/p>\n<p>L'adattatore PL nativo \u00e8 adatto per le telecamere\u00a0<strong>MAVO Edge 8K\/6K<\/strong>\u00a0\u00c8 collegato al corpo macchina tramite viti ai quattro angoli per garantire la stabilit\u00e0 della struttura complessiva, pu\u00f2 anche essere scambiato con l'attacco KineMOUNT, arricchendo la diversit\u00e0 creativa.<\/p>\n<\/div>\n<\/div>\n<\/div>\n<\/div>\n<\/div>\n<\/section>\n<section class=\"elementor-section elementor-top-section elementor-element elementor-element-95106a4 elementor-section-boxed elementor-section-height-default elementor-section-height-default\" data-id=\"95106a4\" data-element_type=\"section\">\n<div class=\"elementor-container elementor-column-gap-default\">\n<div class=\"elementor-column elementor-col-100 elementor-top-column elementor-element elementor-element-38d92a3\" data-id=\"38d92a3\" data-element_type=\"column\">\n<div class=\"elementor-widget-wrap elementor-element-populated\">\n<div class=\"elementor-element elementor-element-c9d2211 elementor-widget elementor-widget-heading\" data-id=\"c9d2211\" data-element_type=\"widget\" data-widget_type=\"heading.default\">\n<div class=\"elementor-widget-container\">\n<h3 class=\"elementor-heading-title elementor-size-default\"><strong>Solido design nativo, bloccaggio preciso dell'obiettivo<\/strong><\/h3>\n<\/div>\n<\/div>\n<div class=\"elementor-element elementor-element-a7ed42c elementor-widget elementor-widget-text-editor\" data-id=\"a7ed42c\" data-element_type=\"widget\" data-widget_type=\"text-editor.default\">\n<div class=\"elementor-widget-container\">\n<ol>\n<li><strong>Quattro viti d'angolo Fissaggio:<\/strong>\u00a0Grazie alle quattro viti angolari che fissano la superficie della flangia in acciaio inox, la struttura complessiva \u00e8 stabile e robusta. L'adattatore di montaggio e il corpo macchina sono collegati saldamente, il che \u00e8 adatto all'uso a lungo termine degli obiettivi PL.<\/li>\n<li><strong>Limite preciso della lente:<\/strong>\u00a0Metodo di bloccaggio nuovo e ottimizzato, corsa precisa, obiettivo fisso, che offre un senso di sicurezza durante le riprese.<\/li>\n<li><strong>Montaggio intercambiabile:<\/strong>\u00a0\u00a0\u00c8 conveniente sostituire l'adattatore PL attivo con il KineMOUNT che \u00e8 compatibile con l'adattatore di montaggio EF\/E\/LPL e l'obiettivo EF\/E\/LPL, migliorando la libert\u00e0 di creazione. Non \u00e8 necessario correggere la distanza della flangia quando si rimonta l'adattatore di montaggio PL.<\/li>\n<\/ol>\n<\/div>\n<\/div>\n<\/div>\n<\/div>\n<\/div>\n<\/section>\n<section class=\"elementor-section elementor-top-section elementor-element elementor-element-83c5923 elementor-section-boxed elementor-section-height-default elementor-section-height-default\" data-id=\"83c5923\" data-element_type=\"section\">\n<div class=\"elementor-container elementor-column-gap-default\">\n<div class=\"elementor-column elementor-col-100 elementor-top-column elementor-element elementor-element-431a1d3\" data-id=\"431a1d3\" data-element_type=\"column\">\n<div class=\"elementor-widget-wrap elementor-element-populated\">\n<div class=\"elementor-element elementor-element-51b1f97 elementor-widget elementor-widget-heading\" data-id=\"51b1f97\" data-element_type=\"widget\" data-widget_type=\"heading.default\">\n<div class=\"elementor-widget-container\">\n<h3 class=\"elementor-heading-title elementor-size-default\"><strong>Sostenere il protocollo Cooke\/i, offrire libert\u00e0 creativa<\/strong><\/h3>\n<\/div>\n<\/div>\n<div class=\"elementor-element elementor-element-4e45ada elementor-widget elementor-widget-text-editor\" data-id=\"4e45ada\" data-element_type=\"widget\" data-widget_type=\"text-editor.default\">\n<div class=\"elementor-widget-container\">\n<ol>\n<li><strong>Registrazione accurata dei dati in tempo reale:<\/strong>\u00a0Sincronizza il timecode fotogramma per fotogramma, eliminando la possibilit\u00e0 di errore umano.<\/li>\n<li><strong>Risparmiare tempo e costi:<\/strong>\u00a0Le informazioni sulla lunghezza focale, l'apertura e la profondit\u00e0 di campo possono essere lette e memorizzate nel filmato in tempo reale.<\/li>\n<li><strong>Semplificazione del processo di post-produzione:\u00a0<\/strong>Salvate i metadati dell'obiettivo di ogni fotogramma; dal direttore della fotografia all'artista degli effetti speciali, tutti possono realizzare film alla massima velocit\u00e0.<\/li>\n<\/ol>\n<\/div>\n<\/div>\n<\/div>\n<\/div>\n<\/div>\n<\/section>","protected":false},"excerpt":{"rendered":"<p><strong>Adatta: [MAVO Edge 8K\/6K]<\/strong><\/p>\n<p>Basato sull'attacco PL di seconda generazione, Kinefinity ha rilasciato il nuovo\u00a0<strong>active\u00a0<\/strong><strong>PL mount<\/strong>.<\/p>\n<p>L'attacco PL attivo \u00e8 adatto per le telecamere<strong>\u00a0MAVO Edge 8K\/6K<\/strong>\u00a0\u00c8 collegato al corpo macchina tramite viti ai quattro angoli per garantire la stabilit\u00e0 della struttura complessiva, pu\u00f2 anche essere scambiato con l'attacco KineMOUNT, arricchendo la diversit\u00e0 creativa.<\/p>\n<p>L'attacco PL attivo supporta anche il\u00a0<strong>Protocollo Cooke i\/Technology<\/strong>, che consentono alla fotocamera di registrare i metadati dell'obiettivo e di controllare l'intero flusso di lavoro di ripresa.<\/p>","protected":false},"featured_media":69190,"template":"","meta":{"_acf_changed":false,"inline_featured_image":false},"pwb-brand":[8397],"product_cat":[393,396,10628,10336,414,577,4792],"product_tag":[4521],"class_list":{"0":"post-69188","1":"product","2":"type-product","3":"status-publish","4":"has-post-thumbnail","6":"pwb-brand-kinefinity","7":"product_cat-cameras","8":"product_cat-accessoires-cam","9":"product_cat-converters","10":"product_cat-kinefinity-brands-cameras","11":"product_cat-video-monitor","12":"product_cat-accessoires-video","13":"product_cat-rigs-accessoires-video","14":"product_tag-kinefinity","15":"product_shipping_class-normal","17":"first","18":"onbackorder","19":"taxable","20":"shipping-taxable","21":"purchasable","22":"product-type-simple"},"acf":{"supplier":"","buy_price":"","last_sync":""},"yoast_head":"<!-- This site is optimized with the Yoast SEO Premium plugin v21.8 (Yoast SEO v24.3) - https:\/\/yoast.com\/wordpress\/plugins\/seo\/ -->\n<title>Kinefinity Active PL Mount | Cinegear Amsterdam<\/title>\n<meta name=\"description\" content=\"Fit:   Based on the second-generation PL mount, Kinefinity has released the new\u00a0active\u00a0PL mount.  The active PL mount is suitable for\u00a0MAVO Edge 8K\/6K\u00a0cameras. It is connected to the camera body by screws at the four corners to ensure the stability of the overall structure, while it can also be switched with the KineMOUNT mount, enriching creative diversity.  The active PL mount also supports the\u00a0Cooke i\/Technology protocol, which enable the camera to record lens metadata, and controlling the full shooting work flow .\" \/>\n<meta name=\"robots\" content=\"index, follow, max-snippet:-1, max-image-preview:large, max-video-preview:-1\" \/>\n<link rel=\"canonical\" href=\"https:\/\/cinegear.nl\/it\/prodotto\/kinefinity-active-pl-mount\/\" \/>\n<meta property=\"og:locale\" content=\"it_IT\" \/>\n<meta property=\"og:type\" content=\"article\" \/>\n<meta property=\"og:title\" content=\"Kinefinity Active PL Mount\" \/>\n<meta property=\"og:description\" content=\"Fit:   Based on the second-generation PL mount, Kinefinity has released the new\u00a0active\u00a0PL mount.  The active PL mount is suitable for\u00a0MAVO Edge 8K\/6K\u00a0cameras. It is connected to the camera body by screws at the four corners to ensure the stability of the overall structure, while it can also be switched with the KineMOUNT mount, enriching creative diversity.  The active PL mount also supports the\u00a0Cooke i\/Technology protocol, which enable the camera to record lens metadata, and controlling the full shooting work flow .\" \/>\n<meta property=\"og:url\" content=\"https:\/\/cinegear.nl\/it\/prodotto\/kinefinity-active-pl-mount\/\" \/>\n<meta property=\"og:site_name\" content=\"Cinegear Amsterdam\" \/>\n<meta property=\"article:modified_time\" content=\"2026-03-24T10:01:43+00:00\" \/>\n<meta property=\"og:image\" content=\"https:\/\/cinegear.nl\/wp-content\/uploads\/2024\/01\/web_product_active_pl_shop_cover.jpg\" \/>\n\t<meta property=\"og:image:width\" content=\"1000\" \/>\n\t<meta property=\"og:image:height\" content=\"1000\" \/>\n\t<meta property=\"og:image:type\" content=\"image\/jpeg\" \/>\n<meta name=\"twitter:card\" content=\"summary_large_image\" \/>\n<meta name=\"twitter:label1\" content=\"Tempo di lettura stimato\" \/>\n\t<meta name=\"twitter:data1\" content=\"2 minuti\" \/>\n<script type=\"application\/ld+json\" class=\"yoast-schema-graph\">{\"@context\":\"https:\/\/schema.org\",\"@graph\":[{\"@type\":\"WebPage\",\"@id\":\"https:\/\/cinegear.nl\/product\/kinefinity-active-pl-mount\/\",\"url\":\"https:\/\/cinegear.nl\/product\/kinefinity-active-pl-mount\/\",\"name\":\"Kinefinity Active PL Mount | Cinegear Amsterdam\",\"isPartOf\":{\"@id\":\"https:\/\/cinegear.nl\/#website\"},\"primaryImageOfPage\":{\"@id\":\"https:\/\/cinegear.nl\/product\/kinefinity-active-pl-mount\/#primaryimage\"},\"image\":{\"@id\":\"https:\/\/cinegear.nl\/product\/kinefinity-active-pl-mount\/#primaryimage\"},\"thumbnailUrl\":\"https:\/\/cinegear.nl\/wp-content\/uploads\/2024\/01\/web_product_active_pl_shop_cover.jpg\",\"datePublished\":\"2024-01-14T16:27:43+00:00\",\"dateModified\":\"2026-03-24T10:01:43+00:00\",\"description\":\"Fit: Based on the second-generation PL mount, Kinefinity has released the new\u00a0active\u00a0PL mount. The active PL mount is suitable for\u00a0MAVO Edge 8K\/6K\u00a0cameras. It is connected to the camera body by screws at the four corners to ensure the stability of the overall structure, while it can also be switched with the KineMOUNT mount, enriching creative diversity. The active PL mount also supports the\u00a0Cooke i\/Technology protocol, which enable the camera to record lens metadata, and controlling the full shooting work flow .\",\"breadcrumb\":{\"@id\":\"https:\/\/cinegear.nl\/product\/kinefinity-active-pl-mount\/#breadcrumb\"},\"inLanguage\":\"it-IT\",\"potentialAction\":[{\"@type\":\"ReadAction\",\"target\":[\"https:\/\/cinegear.nl\/product\/kinefinity-active-pl-mount\/\"]}]},{\"@type\":\"ImageObject\",\"inLanguage\":\"it-IT\",\"@id\":\"https:\/\/cinegear.nl\/product\/kinefinity-active-pl-mount\/#primaryimage\",\"url\":\"https:\/\/cinegear.nl\/wp-content\/uploads\/2024\/01\/web_product_active_pl_shop_cover.jpg\",\"contentUrl\":\"https:\/\/cinegear.nl\/wp-content\/uploads\/2024\/01\/web_product_active_pl_shop_cover.jpg\",\"width\":1000,\"height\":1000,\"caption\":\"Kinefinity Active PL Mount\"},{\"@type\":\"BreadcrumbList\",\"@id\":\"https:\/\/cinegear.nl\/product\/kinefinity-active-pl-mount\/#breadcrumb\",\"itemListElement\":[{\"@type\":\"ListItem\",\"position\":1,\"name\":\"Home\",\"item\":\"https:\/\/cinegear.nl\/\"},{\"@type\":\"ListItem\",\"position\":2,\"name\":\"Store\",\"item\":\"https:\/\/cinegear.nl\/product-category-kine-cameras\/\"},{\"@type\":\"ListItem\",\"position\":3,\"name\":\"Kinefinity Active PL Mount\"}]},{\"@type\":\"WebSite\",\"@id\":\"https:\/\/cinegear.nl\/#website\",\"url\":\"https:\/\/cinegear.nl\/\",\"name\":\"Cinegear Amsterdam\",\"description\":\"\",\"publisher\":{\"@id\":\"https:\/\/cinegear.nl\/#organization\"},\"potentialAction\":[{\"@type\":\"SearchAction\",\"target\":{\"@type\":\"EntryPoint\",\"urlTemplate\":\"https:\/\/cinegear.nl\/?s={search_term_string}\"},\"query-input\":{\"@type\":\"PropertyValueSpecification\",\"valueRequired\":true,\"valueName\":\"search_term_string\"}}],\"inLanguage\":\"it-IT\"},{\"@type\":\"Organization\",\"@id\":\"https:\/\/cinegear.nl\/#organization\",\"name\":\"Cinegear\",\"url\":\"https:\/\/cinegear.nl\/\",\"logo\":{\"@type\":\"ImageObject\",\"inLanguage\":\"it-IT\",\"@id\":\"https:\/\/cinegear.nl\/#\/schema\/logo\/image\/\",\"url\":\"https:\/\/cinegear.nl\/wp-content\/uploads\/2019\/12\/Transparent_Normal_Logo.jpg\",\"contentUrl\":\"https:\/\/cinegear.nl\/wp-content\/uploads\/2019\/12\/Transparent_Normal_Logo.jpg\",\"width\":858,\"height\":782,\"caption\":\"Cinegear\"},\"image\":{\"@id\":\"https:\/\/cinegear.nl\/#\/schema\/logo\/image\/\"}}]}<\/script>\n<!-- \/ Yoast SEO Premium plugin. -->","yoast_head_json":{"title":"Kinefinity Active PL Mount | Cinegear Amsterdam","description":"Fit:   Based on the second-generation PL mount, Kinefinity has released the new\u00a0active\u00a0PL mount.  The active PL mount is suitable for\u00a0MAVO Edge 8K\/6K\u00a0cameras. It is connected to the camera body by screws at the four corners to ensure the stability of the overall structure, while it can also be switched with the KineMOUNT mount, enriching creative diversity.  The active PL mount also supports the\u00a0Cooke i\/Technology protocol, which enable the camera to record lens metadata, and controlling the full shooting work flow .","robots":{"index":"index","follow":"follow","max-snippet":"max-snippet:-1","max-image-preview":"max-image-preview:large","max-video-preview":"max-video-preview:-1"},"canonical":"https:\/\/cinegear.nl\/it\/prodotto\/kinefinity-active-pl-mount\/","og_locale":"it_IT","og_type":"article","og_title":"Kinefinity Active PL Mount","og_description":"Fit:   Based on the second-generation PL mount, Kinefinity has released the new\u00a0active\u00a0PL mount.  The active PL mount is suitable for\u00a0MAVO Edge 8K\/6K\u00a0cameras. It is connected to the camera body by screws at the four corners to ensure the stability of the overall structure, while it can also be switched with the KineMOUNT mount, enriching creative diversity.  The active PL mount also supports the\u00a0Cooke i\/Technology protocol, which enable the camera to record lens metadata, and controlling the full shooting work flow .","og_url":"https:\/\/cinegear.nl\/it\/prodotto\/kinefinity-active-pl-mount\/","og_site_name":"Cinegear Amsterdam","article_modified_time":"2026-03-24T10:01:43+00:00","og_image":[{"width":1000,"height":1000,"url":"https:\/\/cinegear.nl\/wp-content\/uploads\/2024\/01\/web_product_active_pl_shop_cover.jpg","type":"image\/jpeg"}],"twitter_card":"summary_large_image","twitter_misc":{"Tempo di lettura stimato":"2 minuti"},"schema":{"@context":"https:\/\/schema.org","@graph":[{"@type":"WebPage","@id":"https:\/\/cinegear.nl\/product\/kinefinity-active-pl-mount\/","url":"https:\/\/cinegear.nl\/product\/kinefinity-active-pl-mount\/","name":"Kinefinity Active PL Mount | Cinegear Amsterdam","isPartOf":{"@id":"https:\/\/cinegear.nl\/#website"},"primaryImageOfPage":{"@id":"https:\/\/cinegear.nl\/product\/kinefinity-active-pl-mount\/#primaryimage"},"image":{"@id":"https:\/\/cinegear.nl\/product\/kinefinity-active-pl-mount\/#primaryimage"},"thumbnailUrl":"https:\/\/cinegear.nl\/wp-content\/uploads\/2024\/01\/web_product_active_pl_shop_cover.jpg","datePublished":"2024-01-14T16:27:43+00:00","dateModified":"2026-03-24T10:01:43+00:00","description":"Fit: Based on the second-generation PL mount, Kinefinity has released the new\u00a0active\u00a0PL mount. The active PL mount is suitable for\u00a0MAVO Edge 8K\/6K\u00a0cameras. It is connected to the camera body by screws at the four corners to ensure the stability of the overall structure, while it can also be switched with the KineMOUNT mount, enriching creative diversity. The active PL mount also supports the\u00a0Cooke i\/Technology protocol, which enable the camera to record lens metadata, and controlling the full shooting work flow .","breadcrumb":{"@id":"https:\/\/cinegear.nl\/product\/kinefinity-active-pl-mount\/#breadcrumb"},"inLanguage":"it-IT","potentialAction":[{"@type":"ReadAction","target":["https:\/\/cinegear.nl\/product\/kinefinity-active-pl-mount\/"]}]},{"@type":"ImageObject","inLanguage":"it-IT","@id":"https:\/\/cinegear.nl\/product\/kinefinity-active-pl-mount\/#primaryimage","url":"https:\/\/cinegear.nl\/wp-content\/uploads\/2024\/01\/web_product_active_pl_shop_cover.jpg","contentUrl":"https:\/\/cinegear.nl\/wp-content\/uploads\/2024\/01\/web_product_active_pl_shop_cover.jpg","width":1000,"height":1000,"caption":"Kinefinity Active PL Mount"},{"@type":"BreadcrumbList","@id":"https:\/\/cinegear.nl\/product\/kinefinity-active-pl-mount\/#breadcrumb","itemListElement":[{"@type":"ListItem","position":1,"name":"Home","item":"https:\/\/cinegear.nl\/"},{"@type":"ListItem","position":2,"name":"Store","item":"https:\/\/cinegear.nl\/product-category-kine-cameras\/"},{"@type":"ListItem","position":3,"name":"Kinefinity Active PL Mount"}]},{"@type":"WebSite","@id":"https:\/\/cinegear.nl\/#website","url":"https:\/\/cinegear.nl\/","name":"Cinegear Amsterdam","description":"","publisher":{"@id":"https:\/\/cinegear.nl\/#organization"},"potentialAction":[{"@type":"SearchAction","target":{"@type":"EntryPoint","urlTemplate":"https:\/\/cinegear.nl\/?s={search_term_string}"},"query-input":{"@type":"PropertyValueSpecification","valueRequired":true,"valueName":"search_term_string"}}],"inLanguage":"it-IT"},{"@type":"Organization","@id":"https:\/\/cinegear.nl\/#organization","name":"Cinegear","url":"https:\/\/cinegear.nl\/","logo":{"@type":"ImageObject","inLanguage":"it-IT","@id":"https:\/\/cinegear.nl\/#\/schema\/logo\/image\/","url":"https:\/\/cinegear.nl\/wp-content\/uploads\/2019\/12\/Transparent_Normal_Logo.jpg","contentUrl":"https:\/\/cinegear.nl\/wp-content\/uploads\/2019\/12\/Transparent_Normal_Logo.jpg","width":858,"height":782,"caption":"Cinegear"},"image":{"@id":"https:\/\/cinegear.nl\/#\/schema\/logo\/image\/"}}]}},"brands":[{"id":8397,"name":"Marchi","slug":"kinefinity"}],"_links":{"self":[{"href":"https:\/\/cinegear.nl\/it\/wp-json\/wp\/v2\/product\/69188","targetHints":{"allow":["GET"]}}],"collection":[{"href":"https:\/\/cinegear.nl\/it\/wp-json\/wp\/v2\/product"}],"about":[{"href":"https:\/\/cinegear.nl\/it\/wp-json\/wp\/v2\/types\/product"}],"wp:featuredmedia":[{"embeddable":true,"href":"https:\/\/cinegear.nl\/it\/wp-json\/wp\/v2\/media\/69190"}],"wp:attachment":[{"href":"https:\/\/cinegear.nl\/it\/wp-json\/wp\/v2\/media?parent=69188"}],"wp:term":[{"taxonomy":"pwb-brand","embeddable":true,"href":"https:\/\/cinegear.nl\/it\/wp-json\/wp\/v2\/pwb-brand?post=69188"},{"taxonomy":"product_cat","embeddable":true,"href":"https:\/\/cinegear.nl\/it\/wp-json\/wp\/v2\/product_cat?post=69188"},{"taxonomy":"product_tag","embeddable":true,"href":"https:\/\/cinegear.nl\/it\/wp-json\/wp\/v2\/product_tag?post=69188"}],"curies":[{"name":"wp","href":"https:\/\/api.w.org\/{rel}","templated":true}]}}