{"id":60689,"date":"2023-11-21T13:09:42","date_gmt":"2023-11-21T12:09:42","guid":{"rendered":"https:\/\/cinegear.nl\/?post_type=product&#038;p=60689"},"modified":"2026-03-24T11:01:43","modified_gmt":"2026-03-24T10:01:43","slug":"kinefinity-pd-kinebat-99-200-battery","status":"publish","type":"product","link":"https:\/\/cinegear.nl\/it\/prodotto\/kinefinity-pd-kinebat-99-200-battery\/","title":{"rendered":"Batteria Kinefinity PD KineBAT 99\/200"},"content":{"rendered":"<section class=\"elementor-section elementor-top-section elementor-element elementor-element-34583ff elementor-section-boxed elementor-section-height-default elementor-section-height-default\" data-id=\"34583ff\" data-element_type=\"section\">\n<div class=\"elementor-container elementor-column-gap-default\">\n<div class=\"elementor-column elementor-col-100 elementor-top-column elementor-element elementor-element-d024710\" data-id=\"d024710\" data-element_type=\"column\">\n<div class=\"elementor-widget-wrap elementor-element-populated\">\n<div class=\"elementor-element elementor-element-16f98eb elementor-widget elementor-widget-text-editor\" data-id=\"16f98eb\" data-element_type=\"widget\" data-widget_type=\"text-editor.default\">\n<div class=\"elementor-widget-container\">\n<p><strong>PD KineBAT 99\/200<\/strong>\u00a0\u00e8 la batteria con attacco V di terza generazione di Kinefinity. Rispetto alla precedente generazione di PD KineBAT, offre una capacit\u00e0 molto maggiore e una maggiore durata della batteria, fornendo un'alimentazione continua e affidabile per i sistemi di telecamere con attacco V standard.<\/p>\n<hr \/>\n<h3><strong>Doppio D-Tap e doppio USB-C<\/strong><\/h3>\n<p>Dotata di\u00a0<strong>due porte D-Tap\u00a0<\/strong>e\u00a0<strong>due porte PD USB<\/strong>\u00a0Type-C, la batteria \u00e8 progettata appositamente per videocamere professionali e relativi accessori. La tradizionale porta D-Tap pu\u00f2 essere utilizzata per alimentare gli accessori della tua fotocamera, mentre la porta USB-C ti offre un modo comodo per caricare il tuo laptop o smartphone mentre scatti.<\/p>\n<p>Rispetto alla precedente batteria V-mount, PD KineBAT 99\/200 \u00e8 ora dotata della tecnologia<strong>\u00a0porta D-Tap<\/strong>, che consente alla batteria di caricare il sistema di messa a fuoco follow-up wireless e il sistema di trasmissione video, rendendo le riprese flessibili e produttive.<\/p>\n<p>Continuando con le doppie porte<strong>\u00a0PD USB Type-C<\/strong>\u00a0PD KineBAT 99\/200 ti offre un modo pratico per ricaricare il tuo smartphone e gli accessori USB durante le riprese. La potente uscita da 60 W consente alla batteria di ricaricare il tuo MacBook Pro (13\") in appena un'ora.<\/p>\n<h3><strong>Massime prestazioni e forma compatta<\/strong><\/h3>\n<p>PD KineBAT 99\/200 \u00e8 dotato di una cella di grande capacit\u00e0 e di un design interno avanzato, con cui la capacit\u00e0 della batteria aumenta del\u00a0<strong>30%<\/strong>\u00a0rispetto al suo predecessore.<\/p>\n<p>MAVO Edge pu\u00f2 funzionare fino a\u00a0<strong>5 ore<\/strong>\u00a0con KineBAT 200. Solo due batterie possono fornire l'energia necessaria per le riprese dell'intera giornata.\u00a0<strong>580g<\/strong>\u00a0KineVAT 99, design compatto per un facile trasporto in movimento.<\/p>\n<p>Gli utenti della fotocamera MAVO Edge possono controllare la percentuale esatta della batteria, la tensione e le informazioni sulla corrente nel menu integrato della fotocamera, mantenendo la batteria sempre in perfette condizioni.<\/p>\n<h3><strong>Pi\u00f9 classico, pi\u00f9 pratico<\/strong><\/h3>\n<p>L'aspetto squadrato del PD KineBAT 99\/200 riprende il design del nostro PD KineBAT di precedente generazione, che appare pesante ma non goffo. Le onde laterali sono\u00a0<strong>progettate ergonomicamente<\/strong>\u00a0per una presa facile, evitando ogni possibile incidente.<\/p>\n<p>Le dimensioni appositamente impostate di 86 mm \u00d7 106 mm si adattano perfettamente alla nostra fotocamera MAVO Edge, rendendo l'insieme armonioso e gradevole.<\/p>\n<p>Utilizzando l'adattatore di alimentazione PD Type-C da 65 W, PD KineBAT 99 pu\u00f2 caricare rapidamente fino all'\u00a0<strong>80%<\/strong>\u00a0in 2 ore. La velocit\u00e0 di ricarica aumenta del<strong>\u00a030%<\/strong>\u00a0rispetto alla batteria della generazione precedente.<\/p>\n<p>Oltre all'ingresso USB Type-C, PD KineBAT pu\u00f2 essere caricato anche tramite\u00a0<strong>caricabatterie con attacco a V<\/strong>\u00a0e\u00a0<strong>D-tap charger<\/strong>. Diversi metodi di alimentazione possono soddisfare al meglio la tua esigenza di rifornimento di energia sempre e ovunque.<\/p>\n<h3><strong>Compatto, affidabile e sicuro<\/strong><\/h3>\n<p>Utilizzando la plastica ABS+PD come involucro della batteria, PD KineBAT offre un'ottima resistenza al caldo e al freddo. Affidabile e sicura, la batteria pu\u00f2 fornire potenza costante anche sui percorsi pi\u00f9 impegnativi.<\/p>\n<\/div>\n<\/div>\n<div class=\"elementor-element elementor-element-353ec39 elementor-widget elementor-widget-text-editor\" data-id=\"353ec39\" data-element_type=\"widget\" data-widget_type=\"text-editor.default\">\n<div class=\"elementor-widget-container\">\n<p><strong><b>Descrizione delle opzioni e lista di spedizione<\/b><\/strong><\/p>\n<ol>\n<li>KineBAT 99: PD KineBAT 99;<\/li>\n<li>KineBAT 200: PD KineBAT 200;<\/li>\n<li>2 \u00d7 KineBAT 99 + 1 \u00d7 Caricabatterie: include PD KineBAT 99 \u00d7 2, adattatore di alimentazione PD da 65 W \u00d7 1,<\/li>\n<li>2 \u00d7 KineBAT 200 + 2 \u00d7 Caricabatterie: include PD KineBAT 200 \u00d7 2, adattatore di alimentazione PD da 65 W \u00d7 2,<\/li>\n<\/ol>\n<\/div>\n<\/div>\n<div class=\"elementor-element elementor-element-d554b2a elementor-widget elementor-widget-spacer\" data-id=\"d554b2a\" data-element_type=\"widget\" data-widget_type=\"spacer.default\">\n<div class=\"elementor-widget-container\"><span style=\"font-size: 20.16px;\">AVVISO DI SICUREZZA<\/span><\/div>\n<\/div>\n<\/div>\n<\/div>\n<\/div>\n<\/section>\n<section class=\"elementor-section elementor-top-section elementor-element elementor-element-677f820 elementor-section-boxed elementor-section-height-default elementor-section-height-default\" data-id=\"677f820\" data-element_type=\"section\">\n<div class=\"elementor-container elementor-column-gap-default\">\n<div class=\"elementor-column elementor-col-66 elementor-top-column elementor-element elementor-element-aee09f0\" data-id=\"aee09f0\" data-element_type=\"column\">\n<ul>\n<li class=\"elementor-widget-wrap elementor-element-populated\"><span style=\"color: #555555; font-size: 14.4px;\">Si prega di utilizzare la batteria seguendo scrupolosamente le istruzioni;<\/span><\/li>\n<li class=\"elementor-widget-wrap elementor-element-populated\">Non smontare o forare la batteria. Tenere la batteria lontana da acqua e fuoco.<\/li>\n<li class=\"elementor-widget-wrap elementor-element-populated\">Se si prevede di non utilizzare la batteria per un lungo periodo, caricarla al 50% (1\/3 del tempo di carica completa) e controllarla ogni 3 mesi. Riporre la batteria in un ambiente asciutto e ventilato.<\/li>\n<li class=\"elementor-widget-wrap elementor-element-populated\">Non lasciare che la batteria entri in contatto con ambienti corrosivi e tenerla lontana da temperature elevate.<\/li>\n<li class=\"elementor-widget-wrap elementor-element-populated\">Temperatura di conservazione: -5\u00b0C\uff5e+35\u00b0C(+23\u00b0F\uff5e+95\u00b0F)<\/li>\n<li class=\"elementor-widget-wrap elementor-element-populated\">Umidit\u00e0 relativa di stoccaggio: \u226475%RH.<\/li>\n<\/ul>\n<\/div>\n<\/div>\n<\/section>\n<section class=\"elementor-section elementor-top-section elementor-element elementor-element-d497585 elementor-section-boxed elementor-section-height-default elementor-section-height-default\" data-id=\"d497585\" data-element_type=\"section\">\n<div class=\"elementor-container elementor-column-gap-default\">\n<div class=\"elementor-column elementor-col-50 elementor-top-column elementor-element elementor-element-f2fc05b\" data-id=\"f2fc05b\" data-element_type=\"column\">\n<div class=\"elementor-widget-wrap elementor-element-populated\">\n<div class=\"elementor-element elementor-element-cd28f92 elementor-widget elementor-widget-text-editor\" data-id=\"cd28f92\" data-element_type=\"widget\" data-widget_type=\"text-editor.default\">\n<div class=\"elementor-widget-container\">\n<p>\u2605 Il periodo di garanzia generale di questo prodotto \u00e8 di 1 anno dalla data di acquisto.<\/p>\n<\/div>\n<\/div>\n<\/div>\n<\/div>\n<\/div>\n<\/section>","protected":false},"excerpt":{"rendered":"<p><strong>PD KineBAT 99\/200<\/strong>\u00a0\u00e8 la batteria con attacco V di terza generazione di Kinefinity. Rispetto alla precedente generazione di PD KineBAT, offre una capacit\u00e0 molto maggiore e una maggiore durata della batteria, fornendo un'alimentazione continua e affidabile per i sistemi di telecamere con attacco V standard.<\/p>","protected":false},"featured_media":69151,"template":"","meta":{"_acf_changed":false,"inline_featured_image":false},"pwb-brand":[8397],"product_cat":[407,10150,10152,10749,408,10408],"product_tag":[205,4521],"class_list":{"0":"post-60689","1":"product","2":"type-product","3":"status-publish","4":"has-post-thumbnail","6":"pwb-brand-kinefinity","7":"product_cat-battery-solutions","8":"product_cat-brands-battery-solutions","9":"product_cat-kinefinity","10":"product_cat-battery-mount","11":"product_cat-v-lock","12":"product_cat-kinefinity-accessoires","13":"product_tag-battery","14":"product_tag-kinefinity","15":"product_shipping_class-normal","17":"first","18":"instock","19":"sale","20":"taxable","21":"shipping-taxable","22":"purchasable","23":"product-type-variable"},"acf":{"supplier":"","buy_price":"","last_sync":""},"yoast_head":"<!-- This site is optimized with the Yoast SEO Premium plugin v21.8 (Yoast SEO v24.3) - https:\/\/yoast.com\/wordpress\/plugins\/seo\/ -->\n<title>Kinefinity PD KineBAT 99\/200 Battery | Cinegear Amsterdam<\/title>\n<meta name=\"description\" content=\"PD KineBAT 99\/200\u00a0is Kinefinity\u2019s third generation V-mount battery. Compared with the previous generation PD KineBAT, it features much larger capacity and extended battery life, providing continuous and reliable power supply for the camera systems with standard V-mount.\" \/>\n<meta name=\"robots\" content=\"index, follow, max-snippet:-1, max-image-preview:large, max-video-preview:-1\" \/>\n<link rel=\"canonical\" href=\"https:\/\/cinegear.nl\/it\/prodotto\/kinefinity-pd-kinebat-99-200-battery\/\" \/>\n<meta property=\"og:locale\" content=\"it_IT\" \/>\n<meta property=\"og:type\" content=\"article\" \/>\n<meta property=\"og:title\" content=\"Kinefinity PD KineBAT 99\/200 Battery\" \/>\n<meta property=\"og:description\" content=\"PD KineBAT 99\/200\u00a0is Kinefinity\u2019s third generation V-mount battery. Compared with the previous generation PD KineBAT, it features much larger capacity and extended battery life, providing continuous and reliable power supply for the camera systems with standard V-mount.\" \/>\n<meta property=\"og:url\" content=\"https:\/\/cinegear.nl\/it\/prodotto\/kinefinity-pd-kinebat-99-200-battery\/\" \/>\n<meta property=\"og:site_name\" content=\"Cinegear Amsterdam\" \/>\n<meta property=\"article:modified_time\" content=\"2026-03-24T10:01:43+00:00\" \/>\n<meta property=\"og:image\" content=\"https:\/\/cinegear.nl\/wp-content\/uploads\/2023\/11\/Kinefinity-PD-KineBAT.jpg\" \/>\n\t<meta property=\"og:image:width\" content=\"1000\" \/>\n\t<meta property=\"og:image:height\" content=\"1000\" \/>\n\t<meta property=\"og:image:type\" content=\"image\/jpeg\" \/>\n<meta name=\"twitter:card\" content=\"summary_large_image\" \/>\n<meta name=\"twitter:label1\" content=\"Tempo di lettura stimato\" \/>\n\t<meta name=\"twitter:data1\" content=\"3 minuti\" \/>\n<script type=\"application\/ld+json\" class=\"yoast-schema-graph\">{\"@context\":\"https:\/\/schema.org\",\"@graph\":[{\"@type\":\"WebPage\",\"@id\":\"https:\/\/cinegear.nl\/product\/kinefinity-pd-kinebat-99-200-battery\/\",\"url\":\"https:\/\/cinegear.nl\/product\/kinefinity-pd-kinebat-99-200-battery\/\",\"name\":\"Kinefinity PD KineBAT 99\/200 Battery | Cinegear Amsterdam\",\"isPartOf\":{\"@id\":\"https:\/\/cinegear.nl\/#website\"},\"primaryImageOfPage\":{\"@id\":\"https:\/\/cinegear.nl\/product\/kinefinity-pd-kinebat-99-200-battery\/#primaryimage\"},\"image\":{\"@id\":\"https:\/\/cinegear.nl\/product\/kinefinity-pd-kinebat-99-200-battery\/#primaryimage\"},\"thumbnailUrl\":\"https:\/\/cinegear.nl\/wp-content\/uploads\/2023\/11\/Kinefinity-PD-KineBAT.jpg\",\"datePublished\":\"2023-11-21T12:09:42+00:00\",\"dateModified\":\"2026-03-24T10:01:43+00:00\",\"description\":\"PD KineBAT 99\/200\u00a0is Kinefinity\u2019s third generation V-mount battery. Compared with the previous generation PD KineBAT, it features much larger capacity and extended battery life, providing continuous and reliable power supply for the camera systems with standard V-mount.\",\"breadcrumb\":{\"@id\":\"https:\/\/cinegear.nl\/product\/kinefinity-pd-kinebat-99-200-battery\/#breadcrumb\"},\"inLanguage\":\"it-IT\",\"potentialAction\":[{\"@type\":\"ReadAction\",\"target\":[\"https:\/\/cinegear.nl\/product\/kinefinity-pd-kinebat-99-200-battery\/\"]}]},{\"@type\":\"ImageObject\",\"inLanguage\":\"it-IT\",\"@id\":\"https:\/\/cinegear.nl\/product\/kinefinity-pd-kinebat-99-200-battery\/#primaryimage\",\"url\":\"https:\/\/cinegear.nl\/wp-content\/uploads\/2023\/11\/Kinefinity-PD-KineBAT.jpg\",\"contentUrl\":\"https:\/\/cinegear.nl\/wp-content\/uploads\/2023\/11\/Kinefinity-PD-KineBAT.jpg\",\"width\":1000,\"height\":1000,\"caption\":\"Kinefinity PD KineBAT 99\/200 Battery\"},{\"@type\":\"BreadcrumbList\",\"@id\":\"https:\/\/cinegear.nl\/product\/kinefinity-pd-kinebat-99-200-battery\/#breadcrumb\",\"itemListElement\":[{\"@type\":\"ListItem\",\"position\":1,\"name\":\"Home\",\"item\":\"https:\/\/cinegear.nl\/\"},{\"@type\":\"ListItem\",\"position\":2,\"name\":\"Store\",\"item\":\"https:\/\/cinegear.nl\/product-category-kine-cameras\/\"},{\"@type\":\"ListItem\",\"position\":3,\"name\":\"Kinefinity PD KineBAT 99\/200 Battery\"}]},{\"@type\":\"WebSite\",\"@id\":\"https:\/\/cinegear.nl\/#website\",\"url\":\"https:\/\/cinegear.nl\/\",\"name\":\"Cinegear Amsterdam\",\"description\":\"\",\"publisher\":{\"@id\":\"https:\/\/cinegear.nl\/#organization\"},\"potentialAction\":[{\"@type\":\"SearchAction\",\"target\":{\"@type\":\"EntryPoint\",\"urlTemplate\":\"https:\/\/cinegear.nl\/?s={search_term_string}\"},\"query-input\":{\"@type\":\"PropertyValueSpecification\",\"valueRequired\":true,\"valueName\":\"search_term_string\"}}],\"inLanguage\":\"it-IT\"},{\"@type\":\"Organization\",\"@id\":\"https:\/\/cinegear.nl\/#organization\",\"name\":\"Cinegear\",\"url\":\"https:\/\/cinegear.nl\/\",\"logo\":{\"@type\":\"ImageObject\",\"inLanguage\":\"it-IT\",\"@id\":\"https:\/\/cinegear.nl\/#\/schema\/logo\/image\/\",\"url\":\"https:\/\/cinegear.nl\/wp-content\/uploads\/2019\/12\/Transparent_Normal_Logo.jpg\",\"contentUrl\":\"https:\/\/cinegear.nl\/wp-content\/uploads\/2019\/12\/Transparent_Normal_Logo.jpg\",\"width\":858,\"height\":782,\"caption\":\"Cinegear\"},\"image\":{\"@id\":\"https:\/\/cinegear.nl\/#\/schema\/logo\/image\/\"}}]}<\/script>\n<!-- \/ Yoast SEO Premium plugin. -->","yoast_head_json":{"title":"Kinefinity PD KineBAT 99\/200 Battery | Cinegear Amsterdam","description":"PD KineBAT 99\/200\u00a0is Kinefinity\u2019s third generation V-mount battery. Compared with the previous generation PD KineBAT, it features much larger capacity and extended battery life, providing continuous and reliable power supply for the camera systems with standard V-mount.","robots":{"index":"index","follow":"follow","max-snippet":"max-snippet:-1","max-image-preview":"max-image-preview:large","max-video-preview":"max-video-preview:-1"},"canonical":"https:\/\/cinegear.nl\/it\/prodotto\/kinefinity-pd-kinebat-99-200-battery\/","og_locale":"it_IT","og_type":"article","og_title":"Kinefinity PD KineBAT 99\/200 Battery","og_description":"PD KineBAT 99\/200\u00a0is Kinefinity\u2019s third generation V-mount battery. Compared with the previous generation PD KineBAT, it features much larger capacity and extended battery life, providing continuous and reliable power supply for the camera systems with standard V-mount.","og_url":"https:\/\/cinegear.nl\/it\/prodotto\/kinefinity-pd-kinebat-99-200-battery\/","og_site_name":"Cinegear Amsterdam","article_modified_time":"2026-03-24T10:01:43+00:00","og_image":[{"width":1000,"height":1000,"url":"https:\/\/cinegear.nl\/wp-content\/uploads\/2023\/11\/Kinefinity-PD-KineBAT.jpg","type":"image\/jpeg"}],"twitter_card":"summary_large_image","twitter_misc":{"Tempo di lettura stimato":"3 minuti"},"schema":{"@context":"https:\/\/schema.org","@graph":[{"@type":"WebPage","@id":"https:\/\/cinegear.nl\/product\/kinefinity-pd-kinebat-99-200-battery\/","url":"https:\/\/cinegear.nl\/product\/kinefinity-pd-kinebat-99-200-battery\/","name":"Kinefinity PD KineBAT 99\/200 Battery | Cinegear Amsterdam","isPartOf":{"@id":"https:\/\/cinegear.nl\/#website"},"primaryImageOfPage":{"@id":"https:\/\/cinegear.nl\/product\/kinefinity-pd-kinebat-99-200-battery\/#primaryimage"},"image":{"@id":"https:\/\/cinegear.nl\/product\/kinefinity-pd-kinebat-99-200-battery\/#primaryimage"},"thumbnailUrl":"https:\/\/cinegear.nl\/wp-content\/uploads\/2023\/11\/Kinefinity-PD-KineBAT.jpg","datePublished":"2023-11-21T12:09:42+00:00","dateModified":"2026-03-24T10:01:43+00:00","description":"PD KineBAT 99\/200\u00a0is Kinefinity\u2019s third generation V-mount battery. Compared with the previous generation PD KineBAT, it features much larger capacity and extended battery life, providing continuous and reliable power supply for the camera systems with standard V-mount.","breadcrumb":{"@id":"https:\/\/cinegear.nl\/product\/kinefinity-pd-kinebat-99-200-battery\/#breadcrumb"},"inLanguage":"it-IT","potentialAction":[{"@type":"ReadAction","target":["https:\/\/cinegear.nl\/product\/kinefinity-pd-kinebat-99-200-battery\/"]}]},{"@type":"ImageObject","inLanguage":"it-IT","@id":"https:\/\/cinegear.nl\/product\/kinefinity-pd-kinebat-99-200-battery\/#primaryimage","url":"https:\/\/cinegear.nl\/wp-content\/uploads\/2023\/11\/Kinefinity-PD-KineBAT.jpg","contentUrl":"https:\/\/cinegear.nl\/wp-content\/uploads\/2023\/11\/Kinefinity-PD-KineBAT.jpg","width":1000,"height":1000,"caption":"Kinefinity PD KineBAT 99\/200 Battery"},{"@type":"BreadcrumbList","@id":"https:\/\/cinegear.nl\/product\/kinefinity-pd-kinebat-99-200-battery\/#breadcrumb","itemListElement":[{"@type":"ListItem","position":1,"name":"Home","item":"https:\/\/cinegear.nl\/"},{"@type":"ListItem","position":2,"name":"Store","item":"https:\/\/cinegear.nl\/product-category-kine-cameras\/"},{"@type":"ListItem","position":3,"name":"Kinefinity PD KineBAT 99\/200 Battery"}]},{"@type":"WebSite","@id":"https:\/\/cinegear.nl\/#website","url":"https:\/\/cinegear.nl\/","name":"Cinegear Amsterdam","description":"","publisher":{"@id":"https:\/\/cinegear.nl\/#organization"},"potentialAction":[{"@type":"SearchAction","target":{"@type":"EntryPoint","urlTemplate":"https:\/\/cinegear.nl\/?s={search_term_string}"},"query-input":{"@type":"PropertyValueSpecification","valueRequired":true,"valueName":"search_term_string"}}],"inLanguage":"it-IT"},{"@type":"Organization","@id":"https:\/\/cinegear.nl\/#organization","name":"Cinegear","url":"https:\/\/cinegear.nl\/","logo":{"@type":"ImageObject","inLanguage":"it-IT","@id":"https:\/\/cinegear.nl\/#\/schema\/logo\/image\/","url":"https:\/\/cinegear.nl\/wp-content\/uploads\/2019\/12\/Transparent_Normal_Logo.jpg","contentUrl":"https:\/\/cinegear.nl\/wp-content\/uploads\/2019\/12\/Transparent_Normal_Logo.jpg","width":858,"height":782,"caption":"Cinegear"},"image":{"@id":"https:\/\/cinegear.nl\/#\/schema\/logo\/image\/"}}]}},"brands":[{"id":8397,"name":"Marchi","slug":"kinefinity"}],"_links":{"self":[{"href":"https:\/\/cinegear.nl\/it\/wp-json\/wp\/v2\/product\/60689","targetHints":{"allow":["GET"]}}],"collection":[{"href":"https:\/\/cinegear.nl\/it\/wp-json\/wp\/v2\/product"}],"about":[{"href":"https:\/\/cinegear.nl\/it\/wp-json\/wp\/v2\/types\/product"}],"wp:featuredmedia":[{"embeddable":true,"href":"https:\/\/cinegear.nl\/it\/wp-json\/wp\/v2\/media\/69151"}],"wp:attachment":[{"href":"https:\/\/cinegear.nl\/it\/wp-json\/wp\/v2\/media?parent=60689"}],"wp:term":[{"taxonomy":"pwb-brand","embeddable":true,"href":"https:\/\/cinegear.nl\/it\/wp-json\/wp\/v2\/pwb-brand?post=60689"},{"taxonomy":"product_cat","embeddable":true,"href":"https:\/\/cinegear.nl\/it\/wp-json\/wp\/v2\/product_cat?post=60689"},{"taxonomy":"product_tag","embeddable":true,"href":"https:\/\/cinegear.nl\/it\/wp-json\/wp\/v2\/product_tag?post=60689"}],"curies":[{"name":"wp","href":"https:\/\/api.w.org\/{rel}","templated":true}]}}