{"id":58280,"date":"2023-11-03T16:17:19","date_gmt":"2023-11-03T15:17:19","guid":{"rendered":"https:\/\/cinegear.nl\/?post_type=product&#038;p=58280"},"modified":"2025-12-20T03:18:13","modified_gmt":"2025-12-20T02:18:13","slug":"dzofilm-tango-18-90mm-t2-9-s35-zoom-lens-plef-mount-meter","status":"publish","type":"product","link":"https:\/\/cinegear.nl\/it\/prodotto\/dzofilm-tango-18-90mm-t2-9-s35-zoom-lens-plef-mount-meter\/","title":{"rendered":"Obiettivo zoom DZOFilm Tango 18-90mm T2.9 S35 con attacco PL&amp;EF \u2013 Misuratore"},"content":{"rendered":"<div class=\"wrapper description\">\n<p>Con lunghezze focali che vanno da 18 mm a 280 mm, la gamma Tango offre ai filmmaker versatilit\u00e0 e infinite possibilit\u00e0 creative. L'obiettivo 18-90 mm ha un'apertura T2.9 costante per tutta la sua escursione focale 5x, mentre l'obiettivo 65-280 mm vanta un'apertura da T2.9 a T4 con un rapporto di zoom 4,3x.<\/p>\n<p>La serie di zoom Tango \u00e8 dotata di un design ottico avanzato che corregge le aberrazioni cromatiche per una qualit\u00e0 d'immagine e una precisione cromatica ottimali. Questa gamma garantisce colori uniformi, distorsione controllata e un focus breathing minimo, offrendo un'esperienza visiva immersiva con una brillantezza senza pari.<\/p>\n<p>La serie Tango Zoom combina ottiche di qualit\u00e0 cinematografica con funzionalit\u00e0 in stile ENG. Questi obiettivi supportano la compatibilit\u00e0 servo, integrandosi perfettamente con le telecamere ENG per il controllo remoto di messa a fuoco, diaframma e zoom. Ideali per broadcasting, eventi e scenari di ripresa versatili, soddisfano le esigenze dei direttori della fotografia esperti che ricercano prestazioni professionali.<\/p>\n<ul>\n<li>Cerchio immagine: 31,5 mm (S35)<\/li>\n<li>Optical Construction: 24 elements, 17 groups<\/li>\n<li>Iris Blade: 16<\/li>\n<li>Distanza flangia: 52 mm (PL), 44 mm (EF)<\/li>\n<li>Messa a fuoco ravvicinata: 0,7 m<\/li>\n<li>Rapporto di zoom: 5x<\/li>\n<li>Controllo dell'iride: manuale (angolo di rotazione 74,1\u00b0)<\/li>\n<li>Controllo della messa a fuoco: manuale (angolo di rotazione 270\u00b0)<\/li>\n<li>Controllo zoom: manuale (angolo di rotazione 100\u00b0)<\/li>\n<li>Diametro anteriore: 114 mm<\/li>\n<li>Dimensione filtro: M105<\/li>\n<li>Passo del cambio: 0,8 Mod<\/li>\n<li>Material: Aluminium<\/li>\n<li>Lunghezza: 249,1 mm (PL); 256,4 mm (EF)<\/li>\n<li>Peso: 3539 g<\/li>\n<\/ul>\n<p>&nbsp;<\/p>\n<\/div>","protected":false},"excerpt":{"rendered":"<ul>\n<li>Copre una gamma focale da 18 mm a 90 mm<\/li>\n<li>Rapporto di zoom 5x per molteplici scenari di ripresa<\/li>\n<li>Innesto PL ed EF intercambiabile<\/li>\n<li>Abbinabile all'unit\u00e0 servo Movcam<\/li>\n<li>Design con messa a fuoco minima e respirazione parafocale<\/li>\n<\/ul>\n<div class=\"wrapper included_in_box\">\n<ul>\n<li>1 x DZOFilm Tango 18-90mm T2.9 per attacco PL\/EF (S35) metrico<\/li>\n<li>1 x supporto PL<\/li>\n<li>1 attacco EF<\/li>\n<li>1 x tappo anteriore<\/li>\n<li>1 x base di supporto<\/li>\n<li>2 x aste di supporto<\/li>\n<li>1 custodia rigida<\/li>\n<\/ul>\n<\/div>","protected":false},"featured_media":58283,"template":"","meta":{"_acf_changed":false,"inline_featured_image":false},"pwb-brand":[9939],"product_cat":[400,401,10773,10778,10777,10769,10766,621],"product_tag":[14607],"class_list":{"0":"post-58280","1":"product","2":"type-product","3":"status-publish","4":"has-post-thumbnail","6":"pwb-brand-dzofilm","7":"product_cat-lenses","8":"product_cat-cine-lenses","9":"product_cat-cine-lens-mount","10":"product_cat-ef-mount-cine-lens","11":"product_cat-pl-mount-cine-lens","12":"product_cat-zoom-cine-lens","13":"product_cat-lenses-brands","14":"product_cat-dzofilm","15":"product_tag-black-friday-2024","16":"product_shipping_class-normal","17":"pa_material-aluminium","19":"first","20":"onbackorder","21":"taxable","22":"shipping-taxable","23":"purchasable","24":"product-type-simple"},"acf":{"supplier":"","buy_price":"","last_sync":""},"yoast_head":"<!-- This site is optimized with the Yoast SEO Premium plugin v21.8 (Yoast SEO v24.3) - https:\/\/yoast.com\/wordpress\/plugins\/seo\/ -->\n<title>DZOFilm Tango 18-90mm T2.9 S35 Zoom Lens PL&amp;EF | Cinegear Amsterdam<\/title>\n<meta name=\"description\" content=\"Covers a focal range from 18mm to 90mm  Zoom ratio of 5x for multiple shooting scenarios  Interchangeable PL and EF mount  Combineable with Movcam Servo Unit  Minimal Focus-Breathing and Parfocal Design     1 x DZOFilm Tango 18-90mm T2.9 for PL\/EF Mount (S35) metric  1 x PL Mount  1 x EF Mount  1 x Front Cap  1 x Support Base  2 x Support Rods  1 x Hard Case\" \/>\n<meta name=\"robots\" content=\"index, follow, max-snippet:-1, max-image-preview:large, max-video-preview:-1\" \/>\n<link rel=\"canonical\" href=\"https:\/\/cinegear.nl\/it\/prodotto\/dzofilm-tango-18-90mm-t2-9-s35-zoom-lens-plef-mount-meter\/\" \/>\n<meta property=\"og:locale\" content=\"it_IT\" \/>\n<meta property=\"og:type\" content=\"article\" \/>\n<meta property=\"og:title\" content=\"DZOFilm Tango 18-90mm T2.9 S35 Zoom Lens PL&amp;EF Mount - Meter\" \/>\n<meta property=\"og:description\" content=\"Covers a focal range from 18mm to 90mm  Zoom ratio of 5x for multiple shooting scenarios  Interchangeable PL and EF mount  Combineable with Movcam Servo Unit  Minimal Focus-Breathing and Parfocal Design     1 x DZOFilm Tango 18-90mm T2.9 for PL\/EF Mount (S35) metric  1 x PL Mount  1 x EF Mount  1 x Front Cap  1 x Support Base  2 x Support Rods  1 x Hard Case\" \/>\n<meta property=\"og:url\" content=\"https:\/\/cinegear.nl\/it\/prodotto\/dzofilm-tango-18-90mm-t2-9-s35-zoom-lens-plef-mount-meter\/\" \/>\n<meta property=\"og:site_name\" content=\"Cinegear Amsterdam\" \/>\n<meta property=\"article:modified_time\" content=\"2025-12-20T02:18:13+00:00\" \/>\n<meta property=\"og:image\" content=\"https:\/\/cinegear.nl\/wp-content\/uploads\/2023\/11\/22.jpg\" \/>\n\t<meta property=\"og:image:width\" content=\"1000\" \/>\n\t<meta property=\"og:image:height\" content=\"1000\" \/>\n\t<meta property=\"og:image:type\" content=\"image\/jpeg\" \/>\n<meta name=\"twitter:card\" content=\"summary_large_image\" \/>\n<meta name=\"twitter:label1\" content=\"Tempo di lettura stimato\" \/>\n\t<meta name=\"twitter:data1\" content=\"2 minuti\" \/>\n<script type=\"application\/ld+json\" class=\"yoast-schema-graph\">{\"@context\":\"https:\/\/schema.org\",\"@graph\":[{\"@type\":\"WebPage\",\"@id\":\"https:\/\/cinegear.nl\/product\/dzofilm-tango-18-90mm-t2-9-s35-zoom-lens-plef-mount-meter\/\",\"url\":\"https:\/\/cinegear.nl\/product\/dzofilm-tango-18-90mm-t2-9-s35-zoom-lens-plef-mount-meter\/\",\"name\":\"DZOFilm Tango 18-90mm T2.9 S35 Zoom Lens PL&EF | Cinegear Amsterdam\",\"isPartOf\":{\"@id\":\"https:\/\/cinegear.nl\/#website\"},\"primaryImageOfPage\":{\"@id\":\"https:\/\/cinegear.nl\/product\/dzofilm-tango-18-90mm-t2-9-s35-zoom-lens-plef-mount-meter\/#primaryimage\"},\"image\":{\"@id\":\"https:\/\/cinegear.nl\/product\/dzofilm-tango-18-90mm-t2-9-s35-zoom-lens-plef-mount-meter\/#primaryimage\"},\"thumbnailUrl\":\"https:\/\/cinegear.nl\/wp-content\/uploads\/2023\/11\/22.jpg\",\"datePublished\":\"2023-11-03T15:17:19+00:00\",\"dateModified\":\"2025-12-20T02:18:13+00:00\",\"description\":\"Covers a focal range from 18mm to 90mm Zoom ratio of 5x for multiple shooting scenarios Interchangeable PL and EF mount Combineable with Movcam Servo Unit Minimal Focus-Breathing and Parfocal Design 1 x DZOFilm Tango 18-90mm T2.9 for PL\/EF Mount (S35) metric 1 x PL Mount 1 x EF Mount 1 x Front Cap 1 x Support Base 2 x Support Rods 1 x Hard Case\",\"breadcrumb\":{\"@id\":\"https:\/\/cinegear.nl\/product\/dzofilm-tango-18-90mm-t2-9-s35-zoom-lens-plef-mount-meter\/#breadcrumb\"},\"inLanguage\":\"it-IT\",\"potentialAction\":[{\"@type\":\"ReadAction\",\"target\":[\"https:\/\/cinegear.nl\/product\/dzofilm-tango-18-90mm-t2-9-s35-zoom-lens-plef-mount-meter\/\"]}]},{\"@type\":\"ImageObject\",\"inLanguage\":\"it-IT\",\"@id\":\"https:\/\/cinegear.nl\/product\/dzofilm-tango-18-90mm-t2-9-s35-zoom-lens-plef-mount-meter\/#primaryimage\",\"url\":\"https:\/\/cinegear.nl\/wp-content\/uploads\/2023\/11\/22.jpg\",\"contentUrl\":\"https:\/\/cinegear.nl\/wp-content\/uploads\/2023\/11\/22.jpg\",\"width\":1000,\"height\":1000,\"caption\":\"Tango 18-90mm T2.9 S35 Zoom Lens PL&EF Mount - Meter\"},{\"@type\":\"BreadcrumbList\",\"@id\":\"https:\/\/cinegear.nl\/product\/dzofilm-tango-18-90mm-t2-9-s35-zoom-lens-plef-mount-meter\/#breadcrumb\",\"itemListElement\":[{\"@type\":\"ListItem\",\"position\":1,\"name\":\"Home\",\"item\":\"https:\/\/cinegear.nl\/\"},{\"@type\":\"ListItem\",\"position\":2,\"name\":\"Store\",\"item\":\"https:\/\/cinegear.nl\/product-category-kine-cameras\/\"},{\"@type\":\"ListItem\",\"position\":3,\"name\":\"DZOFilm Tango 18-90mm T2.9 S35 Zoom Lens PL&#038;EF Mount &#8211; Meter\"}]},{\"@type\":\"WebSite\",\"@id\":\"https:\/\/cinegear.nl\/#website\",\"url\":\"https:\/\/cinegear.nl\/\",\"name\":\"Cinegear Amsterdam\",\"description\":\"\",\"publisher\":{\"@id\":\"https:\/\/cinegear.nl\/#organization\"},\"potentialAction\":[{\"@type\":\"SearchAction\",\"target\":{\"@type\":\"EntryPoint\",\"urlTemplate\":\"https:\/\/cinegear.nl\/?s={search_term_string}\"},\"query-input\":{\"@type\":\"PropertyValueSpecification\",\"valueRequired\":true,\"valueName\":\"search_term_string\"}}],\"inLanguage\":\"it-IT\"},{\"@type\":\"Organization\",\"@id\":\"https:\/\/cinegear.nl\/#organization\",\"name\":\"Cinegear\",\"url\":\"https:\/\/cinegear.nl\/\",\"logo\":{\"@type\":\"ImageObject\",\"inLanguage\":\"it-IT\",\"@id\":\"https:\/\/cinegear.nl\/#\/schema\/logo\/image\/\",\"url\":\"https:\/\/cinegear.nl\/wp-content\/uploads\/2019\/12\/Transparent_Normal_Logo.jpg\",\"contentUrl\":\"https:\/\/cinegear.nl\/wp-content\/uploads\/2019\/12\/Transparent_Normal_Logo.jpg\",\"width\":858,\"height\":782,\"caption\":\"Cinegear\"},\"image\":{\"@id\":\"https:\/\/cinegear.nl\/#\/schema\/logo\/image\/\"}}]}<\/script>\n<!-- \/ Yoast SEO Premium plugin. -->","yoast_head_json":{"title":"DZOFilm Tango 18-90mm T2.9 S35 Zoom Lens PL&EF | Cinegear Amsterdam","description":"Covers a focal range from 18mm to 90mm  Zoom ratio of 5x for multiple shooting scenarios  Interchangeable PL and EF mount  Combineable with Movcam Servo Unit  Minimal Focus-Breathing and Parfocal Design     1 x DZOFilm Tango 18-90mm T2.9 for PL\/EF Mount (S35) metric  1 x PL Mount  1 x EF Mount  1 x Front Cap  1 x Support Base  2 x Support Rods  1 x Hard Case","robots":{"index":"index","follow":"follow","max-snippet":"max-snippet:-1","max-image-preview":"max-image-preview:large","max-video-preview":"max-video-preview:-1"},"canonical":"https:\/\/cinegear.nl\/it\/prodotto\/dzofilm-tango-18-90mm-t2-9-s35-zoom-lens-plef-mount-meter\/","og_locale":"it_IT","og_type":"article","og_title":"DZOFilm Tango 18-90mm T2.9 S35 Zoom Lens PL&EF Mount - Meter","og_description":"Covers a focal range from 18mm to 90mm  Zoom ratio of 5x for multiple shooting scenarios  Interchangeable PL and EF mount  Combineable with Movcam Servo Unit  Minimal Focus-Breathing and Parfocal Design     1 x DZOFilm Tango 18-90mm T2.9 for PL\/EF Mount (S35) metric  1 x PL Mount  1 x EF Mount  1 x Front Cap  1 x Support Base  2 x Support Rods  1 x Hard Case","og_url":"https:\/\/cinegear.nl\/it\/prodotto\/dzofilm-tango-18-90mm-t2-9-s35-zoom-lens-plef-mount-meter\/","og_site_name":"Cinegear Amsterdam","article_modified_time":"2025-12-20T02:18:13+00:00","og_image":[{"width":1000,"height":1000,"url":"https:\/\/cinegear.nl\/wp-content\/uploads\/2023\/11\/22.jpg","type":"image\/jpeg"}],"twitter_card":"summary_large_image","twitter_misc":{"Tempo di lettura stimato":"2 minuti"},"schema":{"@context":"https:\/\/schema.org","@graph":[{"@type":"WebPage","@id":"https:\/\/cinegear.nl\/product\/dzofilm-tango-18-90mm-t2-9-s35-zoom-lens-plef-mount-meter\/","url":"https:\/\/cinegear.nl\/product\/dzofilm-tango-18-90mm-t2-9-s35-zoom-lens-plef-mount-meter\/","name":"DZOFilm Tango 18-90mm T2.9 S35 Zoom Lens PL&EF | Cinegear Amsterdam","isPartOf":{"@id":"https:\/\/cinegear.nl\/#website"},"primaryImageOfPage":{"@id":"https:\/\/cinegear.nl\/product\/dzofilm-tango-18-90mm-t2-9-s35-zoom-lens-plef-mount-meter\/#primaryimage"},"image":{"@id":"https:\/\/cinegear.nl\/product\/dzofilm-tango-18-90mm-t2-9-s35-zoom-lens-plef-mount-meter\/#primaryimage"},"thumbnailUrl":"https:\/\/cinegear.nl\/wp-content\/uploads\/2023\/11\/22.jpg","datePublished":"2023-11-03T15:17:19+00:00","dateModified":"2025-12-20T02:18:13+00:00","description":"Covers a focal range from 18mm to 90mm Zoom ratio of 5x for multiple shooting scenarios Interchangeable PL and EF mount Combineable with Movcam Servo Unit Minimal Focus-Breathing and Parfocal Design 1 x DZOFilm Tango 18-90mm T2.9 for PL\/EF Mount (S35) metric 1 x PL Mount 1 x EF Mount 1 x Front Cap 1 x Support Base 2 x Support Rods 1 x Hard Case","breadcrumb":{"@id":"https:\/\/cinegear.nl\/product\/dzofilm-tango-18-90mm-t2-9-s35-zoom-lens-plef-mount-meter\/#breadcrumb"},"inLanguage":"it-IT","potentialAction":[{"@type":"ReadAction","target":["https:\/\/cinegear.nl\/product\/dzofilm-tango-18-90mm-t2-9-s35-zoom-lens-plef-mount-meter\/"]}]},{"@type":"ImageObject","inLanguage":"it-IT","@id":"https:\/\/cinegear.nl\/product\/dzofilm-tango-18-90mm-t2-9-s35-zoom-lens-plef-mount-meter\/#primaryimage","url":"https:\/\/cinegear.nl\/wp-content\/uploads\/2023\/11\/22.jpg","contentUrl":"https:\/\/cinegear.nl\/wp-content\/uploads\/2023\/11\/22.jpg","width":1000,"height":1000,"caption":"Tango 18-90mm T2.9 S35 Zoom Lens PL&EF Mount - Meter"},{"@type":"BreadcrumbList","@id":"https:\/\/cinegear.nl\/product\/dzofilm-tango-18-90mm-t2-9-s35-zoom-lens-plef-mount-meter\/#breadcrumb","itemListElement":[{"@type":"ListItem","position":1,"name":"Home","item":"https:\/\/cinegear.nl\/"},{"@type":"ListItem","position":2,"name":"Store","item":"https:\/\/cinegear.nl\/product-category-kine-cameras\/"},{"@type":"ListItem","position":3,"name":"DZOFilm Tango 18-90mm T2.9 S35 Zoom Lens PL&#038;EF Mount &#8211; Meter"}]},{"@type":"WebSite","@id":"https:\/\/cinegear.nl\/#website","url":"https:\/\/cinegear.nl\/","name":"Cinegear Amsterdam","description":"","publisher":{"@id":"https:\/\/cinegear.nl\/#organization"},"potentialAction":[{"@type":"SearchAction","target":{"@type":"EntryPoint","urlTemplate":"https:\/\/cinegear.nl\/?s={search_term_string}"},"query-input":{"@type":"PropertyValueSpecification","valueRequired":true,"valueName":"search_term_string"}}],"inLanguage":"it-IT"},{"@type":"Organization","@id":"https:\/\/cinegear.nl\/#organization","name":"Cinegear","url":"https:\/\/cinegear.nl\/","logo":{"@type":"ImageObject","inLanguage":"it-IT","@id":"https:\/\/cinegear.nl\/#\/schema\/logo\/image\/","url":"https:\/\/cinegear.nl\/wp-content\/uploads\/2019\/12\/Transparent_Normal_Logo.jpg","contentUrl":"https:\/\/cinegear.nl\/wp-content\/uploads\/2019\/12\/Transparent_Normal_Logo.jpg","width":858,"height":782,"caption":"Cinegear"},"image":{"@id":"https:\/\/cinegear.nl\/#\/schema\/logo\/image\/"}}]}},"brands":[{"id":9939,"name":"DZOFILM","slug":"dzofilm"}],"_links":{"self":[{"href":"https:\/\/cinegear.nl\/it\/wp-json\/wp\/v2\/product\/58280","targetHints":{"allow":["GET"]}}],"collection":[{"href":"https:\/\/cinegear.nl\/it\/wp-json\/wp\/v2\/product"}],"about":[{"href":"https:\/\/cinegear.nl\/it\/wp-json\/wp\/v2\/types\/product"}],"wp:featuredmedia":[{"embeddable":true,"href":"https:\/\/cinegear.nl\/it\/wp-json\/wp\/v2\/media\/58283"}],"wp:attachment":[{"href":"https:\/\/cinegear.nl\/it\/wp-json\/wp\/v2\/media?parent=58280"}],"wp:term":[{"taxonomy":"pwb-brand","embeddable":true,"href":"https:\/\/cinegear.nl\/it\/wp-json\/wp\/v2\/pwb-brand?post=58280"},{"taxonomy":"product_cat","embeddable":true,"href":"https:\/\/cinegear.nl\/it\/wp-json\/wp\/v2\/product_cat?post=58280"},{"taxonomy":"product_tag","embeddable":true,"href":"https:\/\/cinegear.nl\/it\/wp-json\/wp\/v2\/product_tag?post=58280"}],"curies":[{"name":"wp","href":"https:\/\/api.w.org\/{rel}","templated":true}]}}