{"id":293,"date":"2018-06-25T16:58:18","date_gmt":"2018-06-25T14:58:18","guid":{"rendered":"http:\/\/cinegear.nl\/?post_type=product&#038;p=293"},"modified":"2026-01-23T20:57:22","modified_gmt":"2026-01-23T19:57:22","slug":"terra-4k","status":"publish","type":"product","link":"https:\/\/cinegear.nl\/it\/prodotto\/terra-4k\/","title":{"rendered":"Kinefinity TERRA 4K Cinema Camera"},"content":{"rendered":"<p><strong>Kinefinity TERRA 4K CINE CAMERA<\/strong>, the best entry-level cinema camera, 4K 160fps with 3200\/800 Dual Native ISO, easy to be used like DSLR. Body weighs only 990g. Based on sub-S35 3:2 CMOS imaging sensor with 4K+ record resolution (even up to 11 million pixels with open gate recording), it records Apple ProRes422HQ directly, to get a fast and smooth post workflow. To fully get to know TERRA\u2019s performance, features and specification..<\/p>\n<p>Additionally, TERRA 4K support ProRes4444 and ProRes4444XQ encoding that is only possessed by high end cinema camera previously!\u00a0All TERRA 4K cameras shipped (it was released in 2017) is able to add\u00a0<strong>ProRes4444\/ProRes4444XQ<\/strong>\u00a0via\u00a0KineOS 6.4 update, no hardware changes are required.<\/p>\n<hr \/>\n<h3>Different Accessory Packages<\/h3>\n<p>Further optimization on accessory packages: basic package is renamed to Handheld package; two entirely new options called Core package and Production package (based on Core package) are added. These changes allow for more convenience to our users and to assure they get all the necessary elements of a powerful kit best suited to their needs.<\/p>","protected":false},"excerpt":{"rendered":"<p>Kinefinity TERRA 4K \u00e8 la pi\u00f9 piccola telecamera cinematografica modulare al mondo, dotata di un sensore di immagini CMOS 4K ad alta velocit\u00e0 e basso rumore.<\/p>\n<ul>\n<li>\u00a0Risoluzione di registrazione 4K+<\/li>\n<li>Doppio ISO nativo 3200\/800<\/li>\n<li>160fps @4K Wide<\/li>\n<\/ul>\n<p>Tempo di consegna circa 1 settimana<\/p>","protected":false},"featured_media":31585,"template":"","meta":{"_acf_changed":false,"inline_featured_image":false},"pwb-brand":[8397],"product_cat":[393,10336,10244,10245,394],"product_tag":[656,129,10310,4521],"class_list":{"0":"post-293","1":"product","2":"type-product","3":"status-publish","4":"has-post-thumbnail","6":"pwb-brand-kinefinity","7":"product_cat-cameras","8":"product_cat-kinefinity-brands-cameras","9":"product_cat-camera","10":"product_cat-cinema","11":"product_cat-cinema-cameras","12":"product_tag-4k","13":"product_tag-camera","14":"product_tag-cine-camera","15":"product_tag-kinefinity","16":"product_shipping_class-normal","18":"first","19":"outofstock","20":"taxable","21":"shipping-taxable","22":"purchasable","23":"product-type-variable","24":"has-default-attributes"},"acf":{"supplier":"","buy_price":"","last_sync":""},"yoast_head":"<!-- This site is optimized with the Yoast SEO Premium plugin v21.8 (Yoast SEO v24.3) - https:\/\/yoast.com\/wordpress\/plugins\/seo\/ -->\n<title>Kinefinity TERRA 4K Cinema Camera | Cinegear Amsterdam<\/title>\n<meta name=\"description\" content=\"Kinefinity TERRA 4K is the smallest modular cinema camera in the world with an high speed &amp; low noise 4K CMOS image sensor.\" \/>\n<meta name=\"robots\" content=\"index, follow, max-snippet:-1, max-image-preview:large, max-video-preview:-1\" \/>\n<link rel=\"canonical\" href=\"https:\/\/cinegear.nl\/it\/prodotto\/terra-4k\/\" \/>\n<meta property=\"og:locale\" content=\"it_IT\" \/>\n<meta property=\"og:type\" content=\"article\" \/>\n<meta property=\"og:title\" content=\"Kinefinity TERRA 4K Cinema Camera\" \/>\n<meta property=\"og:description\" content=\"Kinefinity TERRA 4K is the smallest modular cinema camera in the world with an high speed &amp; low noise 4K CMOS image sensor.\" \/>\n<meta property=\"og:url\" content=\"https:\/\/cinegear.nl\/it\/prodotto\/terra-4k\/\" \/>\n<meta property=\"og:site_name\" content=\"Cinegear Amsterdam\" \/>\n<meta property=\"article:modified_time\" content=\"2026-01-23T19:57:22+00:00\" \/>\n<meta property=\"og:image\" content=\"https:\/\/cinegear.nl\/wp-content\/uploads\/2018\/06\/Kinefinity-TERRA-4K-Cinema-Camera-2.jpg\" \/>\n\t<meta property=\"og:image:width\" content=\"750\" \/>\n\t<meta property=\"og:image:height\" content=\"750\" \/>\n\t<meta property=\"og:image:type\" content=\"image\/jpeg\" \/>\n<meta name=\"twitter:card\" content=\"summary_large_image\" \/>\n<meta name=\"twitter:label1\" content=\"Tempo di lettura stimato\" \/>\n\t<meta name=\"twitter:data1\" content=\"1 minuto\" \/>\n<script type=\"application\/ld+json\" class=\"yoast-schema-graph\">{\"@context\":\"https:\/\/schema.org\",\"@graph\":[{\"@type\":\"WebPage\",\"@id\":\"https:\/\/cinegear.nl\/product\/terra-4k\/\",\"url\":\"https:\/\/cinegear.nl\/product\/terra-4k\/\",\"name\":\"Kinefinity TERRA 4K Cinema Camera | Cinegear Amsterdam\",\"isPartOf\":{\"@id\":\"https:\/\/cinegear.nl\/#website\"},\"primaryImageOfPage\":{\"@id\":\"https:\/\/cinegear.nl\/product\/terra-4k\/#primaryimage\"},\"image\":{\"@id\":\"https:\/\/cinegear.nl\/product\/terra-4k\/#primaryimage\"},\"thumbnailUrl\":\"https:\/\/cinegear.nl\/wp-content\/uploads\/2018\/06\/Kinefinity-TERRA-4K-Cinema-Camera-2.jpg\",\"datePublished\":\"2018-06-25T14:58:18+00:00\",\"dateModified\":\"2026-01-23T19:57:22+00:00\",\"description\":\"Kinefinity TERRA 4K is the smallest modular cinema camera in the world with an high speed & low noise 4K CMOS image sensor.\",\"breadcrumb\":{\"@id\":\"https:\/\/cinegear.nl\/product\/terra-4k\/#breadcrumb\"},\"inLanguage\":\"it-IT\",\"potentialAction\":[{\"@type\":\"ReadAction\",\"target\":[\"https:\/\/cinegear.nl\/product\/terra-4k\/\"]}]},{\"@type\":\"ImageObject\",\"inLanguage\":\"it-IT\",\"@id\":\"https:\/\/cinegear.nl\/product\/terra-4k\/#primaryimage\",\"url\":\"https:\/\/cinegear.nl\/wp-content\/uploads\/2018\/06\/Kinefinity-TERRA-4K-Cinema-Camera-2.jpg\",\"contentUrl\":\"https:\/\/cinegear.nl\/wp-content\/uploads\/2018\/06\/Kinefinity-TERRA-4K-Cinema-Camera-2.jpg\",\"width\":750,\"height\":750,\"caption\":\"Kinefinity TERRA 4K Cinema Camera\"},{\"@type\":\"BreadcrumbList\",\"@id\":\"https:\/\/cinegear.nl\/product\/terra-4k\/#breadcrumb\",\"itemListElement\":[{\"@type\":\"ListItem\",\"position\":1,\"name\":\"Home\",\"item\":\"https:\/\/cinegear.nl\/\"},{\"@type\":\"ListItem\",\"position\":2,\"name\":\"Store\",\"item\":\"https:\/\/cinegear.nl\/product-category-kine-cameras\/\"},{\"@type\":\"ListItem\",\"position\":3,\"name\":\"Kinefinity TERRA 4K Cinema Camera\"}]},{\"@type\":\"WebSite\",\"@id\":\"https:\/\/cinegear.nl\/#website\",\"url\":\"https:\/\/cinegear.nl\/\",\"name\":\"Cinegear Amsterdam\",\"description\":\"\",\"publisher\":{\"@id\":\"https:\/\/cinegear.nl\/#organization\"},\"potentialAction\":[{\"@type\":\"SearchAction\",\"target\":{\"@type\":\"EntryPoint\",\"urlTemplate\":\"https:\/\/cinegear.nl\/?s={search_term_string}\"},\"query-input\":{\"@type\":\"PropertyValueSpecification\",\"valueRequired\":true,\"valueName\":\"search_term_string\"}}],\"inLanguage\":\"it-IT\"},{\"@type\":\"Organization\",\"@id\":\"https:\/\/cinegear.nl\/#organization\",\"name\":\"Cinegear\",\"url\":\"https:\/\/cinegear.nl\/\",\"logo\":{\"@type\":\"ImageObject\",\"inLanguage\":\"it-IT\",\"@id\":\"https:\/\/cinegear.nl\/#\/schema\/logo\/image\/\",\"url\":\"https:\/\/cinegear.nl\/wp-content\/uploads\/2019\/12\/Transparent_Normal_Logo.jpg\",\"contentUrl\":\"https:\/\/cinegear.nl\/wp-content\/uploads\/2019\/12\/Transparent_Normal_Logo.jpg\",\"width\":858,\"height\":782,\"caption\":\"Cinegear\"},\"image\":{\"@id\":\"https:\/\/cinegear.nl\/#\/schema\/logo\/image\/\"}}]}<\/script>\n<!-- \/ Yoast SEO Premium plugin. -->","yoast_head_json":{"title":"Kinefinity TERRA 4K Cinema Camera | Cinegear Amsterdam","description":"Kinefinity TERRA 4K is the smallest modular cinema camera in the world with an high speed & low noise 4K CMOS image sensor.","robots":{"index":"index","follow":"follow","max-snippet":"max-snippet:-1","max-image-preview":"max-image-preview:large","max-video-preview":"max-video-preview:-1"},"canonical":"https:\/\/cinegear.nl\/it\/prodotto\/terra-4k\/","og_locale":"it_IT","og_type":"article","og_title":"Kinefinity TERRA 4K Cinema Camera","og_description":"Kinefinity TERRA 4K is the smallest modular cinema camera in the world with an high speed & low noise 4K CMOS image sensor.","og_url":"https:\/\/cinegear.nl\/it\/prodotto\/terra-4k\/","og_site_name":"Cinegear Amsterdam","article_modified_time":"2026-01-23T19:57:22+00:00","og_image":[{"width":750,"height":750,"url":"https:\/\/cinegear.nl\/wp-content\/uploads\/2018\/06\/Kinefinity-TERRA-4K-Cinema-Camera-2.jpg","type":"image\/jpeg"}],"twitter_card":"summary_large_image","twitter_misc":{"Tempo di lettura stimato":"1 minuto"},"schema":{"@context":"https:\/\/schema.org","@graph":[{"@type":"WebPage","@id":"https:\/\/cinegear.nl\/product\/terra-4k\/","url":"https:\/\/cinegear.nl\/product\/terra-4k\/","name":"Kinefinity TERRA 4K Cinema Camera | Cinegear Amsterdam","isPartOf":{"@id":"https:\/\/cinegear.nl\/#website"},"primaryImageOfPage":{"@id":"https:\/\/cinegear.nl\/product\/terra-4k\/#primaryimage"},"image":{"@id":"https:\/\/cinegear.nl\/product\/terra-4k\/#primaryimage"},"thumbnailUrl":"https:\/\/cinegear.nl\/wp-content\/uploads\/2018\/06\/Kinefinity-TERRA-4K-Cinema-Camera-2.jpg","datePublished":"2018-06-25T14:58:18+00:00","dateModified":"2026-01-23T19:57:22+00:00","description":"Kinefinity TERRA 4K is the smallest modular cinema camera in the world with an high speed & low noise 4K CMOS image sensor.","breadcrumb":{"@id":"https:\/\/cinegear.nl\/product\/terra-4k\/#breadcrumb"},"inLanguage":"it-IT","potentialAction":[{"@type":"ReadAction","target":["https:\/\/cinegear.nl\/product\/terra-4k\/"]}]},{"@type":"ImageObject","inLanguage":"it-IT","@id":"https:\/\/cinegear.nl\/product\/terra-4k\/#primaryimage","url":"https:\/\/cinegear.nl\/wp-content\/uploads\/2018\/06\/Kinefinity-TERRA-4K-Cinema-Camera-2.jpg","contentUrl":"https:\/\/cinegear.nl\/wp-content\/uploads\/2018\/06\/Kinefinity-TERRA-4K-Cinema-Camera-2.jpg","width":750,"height":750,"caption":"Kinefinity TERRA 4K Cinema Camera"},{"@type":"BreadcrumbList","@id":"https:\/\/cinegear.nl\/product\/terra-4k\/#breadcrumb","itemListElement":[{"@type":"ListItem","position":1,"name":"Home","item":"https:\/\/cinegear.nl\/"},{"@type":"ListItem","position":2,"name":"Store","item":"https:\/\/cinegear.nl\/product-category-kine-cameras\/"},{"@type":"ListItem","position":3,"name":"Kinefinity TERRA 4K Cinema Camera"}]},{"@type":"WebSite","@id":"https:\/\/cinegear.nl\/#website","url":"https:\/\/cinegear.nl\/","name":"Cinegear Amsterdam","description":"","publisher":{"@id":"https:\/\/cinegear.nl\/#organization"},"potentialAction":[{"@type":"SearchAction","target":{"@type":"EntryPoint","urlTemplate":"https:\/\/cinegear.nl\/?s={search_term_string}"},"query-input":{"@type":"PropertyValueSpecification","valueRequired":true,"valueName":"search_term_string"}}],"inLanguage":"it-IT"},{"@type":"Organization","@id":"https:\/\/cinegear.nl\/#organization","name":"Cinegear","url":"https:\/\/cinegear.nl\/","logo":{"@type":"ImageObject","inLanguage":"it-IT","@id":"https:\/\/cinegear.nl\/#\/schema\/logo\/image\/","url":"https:\/\/cinegear.nl\/wp-content\/uploads\/2019\/12\/Transparent_Normal_Logo.jpg","contentUrl":"https:\/\/cinegear.nl\/wp-content\/uploads\/2019\/12\/Transparent_Normal_Logo.jpg","width":858,"height":782,"caption":"Cinegear"},"image":{"@id":"https:\/\/cinegear.nl\/#\/schema\/logo\/image\/"}}]}},"brands":[{"id":8397,"name":"Marchi","slug":"kinefinity"}],"_links":{"self":[{"href":"https:\/\/cinegear.nl\/it\/wp-json\/wp\/v2\/product\/293","targetHints":{"allow":["GET"]}}],"collection":[{"href":"https:\/\/cinegear.nl\/it\/wp-json\/wp\/v2\/product"}],"about":[{"href":"https:\/\/cinegear.nl\/it\/wp-json\/wp\/v2\/types\/product"}],"wp:featuredmedia":[{"embeddable":true,"href":"https:\/\/cinegear.nl\/it\/wp-json\/wp\/v2\/media\/31585"}],"wp:attachment":[{"href":"https:\/\/cinegear.nl\/it\/wp-json\/wp\/v2\/media?parent=293"}],"wp:term":[{"taxonomy":"pwb-brand","embeddable":true,"href":"https:\/\/cinegear.nl\/it\/wp-json\/wp\/v2\/pwb-brand?post=293"},{"taxonomy":"product_cat","embeddable":true,"href":"https:\/\/cinegear.nl\/it\/wp-json\/wp\/v2\/product_cat?post=293"},{"taxonomy":"product_tag","embeddable":true,"href":"https:\/\/cinegear.nl\/it\/wp-json\/wp\/v2\/product_tag?post=293"}],"curies":[{"name":"wp","href":"https:\/\/api.w.org\/{rel}","templated":true}]}}