{"id":2855,"date":"2019-07-02T12:41:07","date_gmt":"2019-07-02T10:41:07","guid":{"rendered":"https:\/\/cinegear.nl\/?post_type=product&#038;p=2855"},"modified":"2026-03-24T10:55:39","modified_gmt":"2026-03-24T09:55:39","slug":"pl-mount-adapter-w-e-nd","status":"publish","type":"product","link":"https:\/\/cinegear.nl\/it\/prodotto\/pl-mount-adapter-w-e-nd\/","title":{"rendered":"Adattatore di montaggio PL Kinefinity con e-ND"},"content":{"rendered":"<div id=\"row-585109856\" class=\"row\">\n<div id=\"col-1596985174\" class=\"col medium-1\/2 large-6\">\n<div class=\"col-inner\">\n<p>Il filtro ND elettronico (Electronic Neutral Density Filter) si basa su moderni materiali a cristalli liquidi e su un'ottica controllata elettronicamente, che non ha nulla a che vedere con la tecnologia convenzionale, come la ruota portafiltri rotante o i filtri ND polarizzanti. L'e-ND su MAVO\/TERRA offre immagini nitide con fedelt\u00e0 cromatica, ma senza gli inconvenienti dei tradizionali ND variabili.<\/p>\n<p>Rispetto agli occhiali ottici tradizionali, l'ND elettronico (Electronic Neutral Filter) offre numerosi vantaggi: eliminazione dei filtri ND sulla parte anteriore degli obiettivi; regolazione dell'esposizione senza soluzione di continuit\u00e0 in un intervallo molto ampio; conservazione di MAVO\/TERRA e dell'attrezzatura in un set pi\u00f9 compatto e leggero quando \u00e8 necessario l'ND. L'e-ND sviluppato da Kinefinity \u00e8 disponibile anche per il tipo EF.<\/p>\n<\/div>\n<\/div>\n<div id=\"col-1231300148\" class=\"col medium-1\/2 large-6\">\n<div class=\"col-inner\">\n<p>Finora sono disponibili due tipi di adattatori per il montaggio del PL per diversi scenari:<\/p>\n<p>Adattatore di montaggio PL regolare senza filtri: Trasparente, 0 stop;<br \/>\nNuovo adattatore di montaggio PL con e-ND in questa pagina: 0,6~2,1, 2~7 stop;<br \/>\niris.<\/p>\n<p>Per il bundle dell'adattatore di montaggio PL normale e dell'adattatore di montaggio PL con e-ND, si ottiene uno sconto di 200 dollari. Rispetto al tradizionale pacchetto di filtri ND pro, costa addirittura meno, pur offrendo molte pi\u00f9 funzioni.<\/p>\n<\/div>\n<\/div>\n<\/div>\n<p><strong>Unire l'ottica e l'elettronica in un'unica soluzione<\/strong><\/p>\n<p>L'adattatore di montaggio con ND elettronico incorporato (e-ND) impiega un ibrido ad alta precisione di materiale a cristalli liquidi, ottica e tecnologia elettronica. Copre la gamma pi\u00f9 ampia da 0,6 a 2,1 (da 2 stop a 7 stop).<\/p>\n<p>Allo stesso tempo, l'accuratezza del colore rimane costante su una gamma cos\u00ec ampia quando si lavora con MAVO\/TERRA.<\/p>\n<p>L'integrazione di e-ND nell'adattatore di montaggio elimina la necessit\u00e0 di un filtro ND ottico davanti agli obiettivi e quindi di un portafiltro o di una scatola opaca, riducendo notevolmente il carico del sistema di ripresa: pi\u00f9 compatto e leggero e anche pi\u00f9 fluido. \u00c8 quindi molto utile per le riprese di un gruppo di persone, per i documentari e per le riprese in ambienti difficili, come le aree polari settentrionali e meridionali.<\/p>\n<p>L'adattatore di montaggio con e-ND mantiene MAVO\/TERRA leggero e compatto.<\/p>\n<p>Allo stesso tempo, l'innesto PL \u00e8 dotato di contatti elettronici e supporta il protocollo Cooke i\/protocol, quindi supporta gli obiettivi con protocollo Cooke i\/protocol e visualizza le informazioni sull'obiettivo.<\/p>\n<hr \/>\n<p><strong>Precisione del colore sull'intera gamma<\/strong><\/p>\n<p>Inoltre, MAVO\/TERRA \u00e8 in grado di rilevare l'e-ND e di calibrarlo automaticamente su potenziali piccoli spostamenti di colore, non appena l'adattatore di montaggio con e-ND viene collegato a MAVO\/TERRA. Quindi, indipendentemente dal monitoraggio o dai filmati registrati, MAVO\/TERRA \u00e8 sempre in grado di mantenere l'accuratezza del colore sull'intero intervallo di regolazione da 0,6 a 2,1.<\/p>\n<p>Per gli ND ottici o altri ND in vetro, la fotocamera non \u00e8 in grado di rilevare o ottenere informazioni dal vetro ND e non c'\u00e8 modo per la fotocamera di calibrare il cambiamento di colore introdotto dagli ND. Tuttavia, per gli adattatori di montaggio con e-ND, MAVO\/TERRA \u00e8 in grado di rilevare automaticamente l'e-ND e di ottenere lo stato dell'e-ND a ogni minima operazione di regolazione dell'e-ND, per poi calibrare eventuali lievi variazioni di colore in base ai dati ricevuti. Non preoccupatevi dell'effetto del colore quando utilizzate e-ND su MAVO\/TERRA, lasciate che i direttori della fotografia si concentrino sulle riprese.<\/p>\n<p><img loading=\"lazy\" decoding=\"async\" src=\"http:\/\/www.kinefinity.com\/wp-content\/uploads\/2017\/09\/e_nd-1024x512.jpg\" alt=\"e_nd\" width=\"1000\" height=\"500\" \/><\/p>\n<hr \/>\n<p><strong>Regolazione continua su un intervallo di 0,6~2,1<\/strong><\/p>\n<p>L'E-ND sviluppato da Kinefinity \u00e8 costruito su un ibrido ad alta precisione di materiale a cristalli liquidi, ottica e sistema di controllo elettronico. Copre una gamma cos\u00ec ampia da 0,6 a 2,1 (da 2 stop a 7 stop) che \u00e8 possibile utilizzare un singolo e-ND per le riprese anche in aree polari. La variazione della densit\u00e0 del filtro avviene in modo fluido e continuo tramite la rotella su MAVO\/TERRA e il firmware interno, senza bisogno di alimentazione supplementare o dispositivi meccanici.<\/p>\n<p>Rispetto ai vetri ottici come i filtri NiSi cine IRND, sono necessari 0,6 (2 stop), 0,9 (3 stop), 1,2 (2 stop), 1,5 (5 stop), 1,8 (6 stop), 2,1 (7 stop) per un totale di sei filtri in vetro. Il costo e il costo di stoccaggio sarebbero piuttosto elevati. Naturalmente, potrebbe essere necessario aggiungere pi\u00f9 vetri per ottenere pi\u00f9 stop.<\/p>\n<p>La regolazione senza soluzione di continuit\u00e0 porta con s\u00e9 una caratteristica molto importante: l'accurato arresto dell'esposizione, ci\u00f2 che i tradizionali filtri ND in vetro non hanno, e MAVO\/TERRA ha potuto ottenere la migliore gamma dinamica e profondit\u00e0 di campo mantenendo invariati ISO, velocit\u00e0 dell'otturatore e iride dell'obiettivo.<\/p>\n<p>Richiede molto meno tempo e riduce gli errori di prova per ottenere la giusta esposizione, perch\u00e9 non \u00e8 necessario sostituire manualmente gli occhiali ottici pezzo per pezzo.<\/p>\n<hr \/>\n<p>Attenzione:<\/p>\n<ul>\n<li>L'adattatore di montaggio con e-ND non pu\u00f2 essere impostato su Clear, quindi \u00e8 necessario un adattatore di montaggio normale per le condizioni di scarsa illuminazione o per gli ambienti interni.<\/li>\n<li>Per l'adattatore di montaggio con e-ND, quando si riprende su alcuni materiali a cristalli liquidi molto speciali, l'immagine potrebbe presentare un inevitabile spostamento del colore;<\/li>\n<li>La superficie di e-ND \u00e8 in vetro con rivestimento AR. \u00c8 possibile pulirlo con molta attenzione. Eventuali danni o graffi al vetro sono fuori garanzia.<\/li>\n<\/ul>","protected":false},"excerpt":{"rendered":"<p><strong>Fits \u00a0 \u00a0[MAVO and TERRA]<\/strong><\/p>\n<p>L'adattatore di montaggio PL con ND elettronico incorporato (e-ND) impiega un ibrido ad alta precisione di materiale a cristalli liquidi, ottica e tecnologia elettronica. Copre un'ampia gamma da 0,6 a 2,1 (da 2 stop a 7 stop).<\/p>\n<p>L'accuratezza del colore e la nitidezza rimangono costanti su una gamma cos\u00ec ampia quando si lavora con MAVO\/TERRA.<\/p>\n<p>Rende tutto pi\u00f9 compatto e leggero.<\/p>","protected":false},"featured_media":69250,"template":"","meta":{"_acf_changed":false,"inline_featured_image":false},"pwb-brand":[8397],"product_cat":[400,10408,16],"product_tag":[4521,9744],"class_list":{"0":"post-2855","1":"product","2":"type-product","3":"status-publish","4":"has-post-thumbnail","6":"pwb-brand-kinefinity","7":"product_cat-lenses","8":"product_cat-kinefinity-accessoires","9":"product_cat-all","10":"product_tag-kinefinity","11":"product_tag-lens-adapter","12":"product_shipping_class-normal","14":"first","15":"onbackorder","16":"taxable","17":"shipping-taxable","18":"purchasable","19":"product-type-variable"},"acf":{"supplier":"","buy_price":"","last_sync":""},"yoast_head":"<!-- This site is optimized with the Yoast SEO Premium plugin v21.8 (Yoast SEO v24.3) - https:\/\/yoast.com\/wordpress\/plugins\/seo\/ -->\n<title>Kinefinity PL Mounting Adapter w\/ e-ND | Cinegear Amsterdam<\/title>\n<meta name=\"description\" content=\"Fits \u00a0 \u00a0  The PL Mounting adapter with Built-in Electronic ND (e-ND) employs high-precision hybrid of liquid crystal material, optics and electronic technology. It covers a wide range from 0.6 to 2.1 (2 stops to 7 stops).  It remains consistent color accuracy and sharpness over such wide range when working with\u00a0MAVO\/TERRA.  It makes everything more compact and lightweight again.\" \/>\n<meta name=\"robots\" content=\"index, follow, max-snippet:-1, max-image-preview:large, max-video-preview:-1\" \/>\n<link rel=\"canonical\" href=\"https:\/\/cinegear.nl\/it\/prodotto\/pl-mount-adapter-w-e-nd\/\" \/>\n<meta property=\"og:locale\" content=\"it_IT\" \/>\n<meta property=\"og:type\" content=\"article\" \/>\n<meta property=\"og:title\" content=\"Kinefinity PL Mounting Adapter w\/ e-ND\" \/>\n<meta property=\"og:description\" content=\"Fits \u00a0 \u00a0  The PL Mounting adapter with Built-in Electronic ND (e-ND) employs high-precision hybrid of liquid crystal material, optics and electronic technology. It covers a wide range from 0.6 to 2.1 (2 stops to 7 stops).  It remains consistent color accuracy and sharpness over such wide range when working with\u00a0MAVO\/TERRA.  It makes everything more compact and lightweight again.\" \/>\n<meta property=\"og:url\" content=\"https:\/\/cinegear.nl\/it\/prodotto\/pl-mount-adapter-w-e-nd\/\" \/>\n<meta property=\"og:site_name\" content=\"Cinegear Amsterdam\" \/>\n<meta property=\"article:modified_time\" content=\"2026-03-24T09:55:39+00:00\" \/>\n<meta property=\"og:image\" content=\"https:\/\/cinegear.nl\/wp-content\/uploads\/2019\/07\/PL-ND-Adapter_13.jpg\" \/>\n\t<meta property=\"og:image:width\" content=\"1000\" \/>\n\t<meta property=\"og:image:height\" content=\"1000\" \/>\n\t<meta property=\"og:image:type\" content=\"image\/jpeg\" \/>\n<meta name=\"twitter:card\" content=\"summary_large_image\" \/>\n<meta name=\"twitter:label1\" content=\"Tempo di lettura stimato\" \/>\n\t<meta name=\"twitter:data1\" content=\"4 minuti\" \/>\n<script type=\"application\/ld+json\" class=\"yoast-schema-graph\">{\"@context\":\"https:\/\/schema.org\",\"@graph\":[{\"@type\":\"WebPage\",\"@id\":\"https:\/\/cinegear.nl\/product\/pl-mount-adapter-w-e-nd\/\",\"url\":\"https:\/\/cinegear.nl\/product\/pl-mount-adapter-w-e-nd\/\",\"name\":\"Kinefinity PL Mounting Adapter w\/ e-ND | Cinegear Amsterdam\",\"isPartOf\":{\"@id\":\"https:\/\/cinegear.nl\/#website\"},\"primaryImageOfPage\":{\"@id\":\"https:\/\/cinegear.nl\/product\/pl-mount-adapter-w-e-nd\/#primaryimage\"},\"image\":{\"@id\":\"https:\/\/cinegear.nl\/product\/pl-mount-adapter-w-e-nd\/#primaryimage\"},\"thumbnailUrl\":\"https:\/\/cinegear.nl\/wp-content\/uploads\/2019\/07\/PL-ND-Adapter_13.jpg\",\"datePublished\":\"2019-07-02T10:41:07+00:00\",\"dateModified\":\"2026-03-24T09:55:39+00:00\",\"description\":\"Fits \u00a0 \u00a0 The PL Mounting adapter with Built-in Electronic ND (e-ND) employs high-precision hybrid of liquid crystal material, optics and electronic technology. It covers a wide range from 0.6 to 2.1 (2 stops to 7 stops). It remains consistent color accuracy and sharpness over such wide range when working with\u00a0MAVO\/TERRA. It makes everything more compact and lightweight again.\",\"breadcrumb\":{\"@id\":\"https:\/\/cinegear.nl\/product\/pl-mount-adapter-w-e-nd\/#breadcrumb\"},\"inLanguage\":\"it-IT\",\"potentialAction\":[{\"@type\":\"ReadAction\",\"target\":[\"https:\/\/cinegear.nl\/product\/pl-mount-adapter-w-e-nd\/\"]}]},{\"@type\":\"ImageObject\",\"inLanguage\":\"it-IT\",\"@id\":\"https:\/\/cinegear.nl\/product\/pl-mount-adapter-w-e-nd\/#primaryimage\",\"url\":\"https:\/\/cinegear.nl\/wp-content\/uploads\/2019\/07\/PL-ND-Adapter_13.jpg\",\"contentUrl\":\"https:\/\/cinegear.nl\/wp-content\/uploads\/2019\/07\/PL-ND-Adapter_13.jpg\",\"width\":1000,\"height\":1000,\"caption\":\"PL Mounting Adapter w\/ e-ND\"},{\"@type\":\"BreadcrumbList\",\"@id\":\"https:\/\/cinegear.nl\/product\/pl-mount-adapter-w-e-nd\/#breadcrumb\",\"itemListElement\":[{\"@type\":\"ListItem\",\"position\":1,\"name\":\"Home\",\"item\":\"https:\/\/cinegear.nl\/\"},{\"@type\":\"ListItem\",\"position\":2,\"name\":\"Store\",\"item\":\"https:\/\/cinegear.nl\/product-category-kine-cameras\/\"},{\"@type\":\"ListItem\",\"position\":3,\"name\":\"Kinefinity PL Mounting Adapter w\/ e-ND\"}]},{\"@type\":\"WebSite\",\"@id\":\"https:\/\/cinegear.nl\/#website\",\"url\":\"https:\/\/cinegear.nl\/\",\"name\":\"Cinegear Amsterdam\",\"description\":\"\",\"publisher\":{\"@id\":\"https:\/\/cinegear.nl\/#organization\"},\"potentialAction\":[{\"@type\":\"SearchAction\",\"target\":{\"@type\":\"EntryPoint\",\"urlTemplate\":\"https:\/\/cinegear.nl\/?s={search_term_string}\"},\"query-input\":{\"@type\":\"PropertyValueSpecification\",\"valueRequired\":true,\"valueName\":\"search_term_string\"}}],\"inLanguage\":\"it-IT\"},{\"@type\":\"Organization\",\"@id\":\"https:\/\/cinegear.nl\/#organization\",\"name\":\"Cinegear\",\"url\":\"https:\/\/cinegear.nl\/\",\"logo\":{\"@type\":\"ImageObject\",\"inLanguage\":\"it-IT\",\"@id\":\"https:\/\/cinegear.nl\/#\/schema\/logo\/image\/\",\"url\":\"https:\/\/cinegear.nl\/wp-content\/uploads\/2019\/12\/Transparent_Normal_Logo.jpg\",\"contentUrl\":\"https:\/\/cinegear.nl\/wp-content\/uploads\/2019\/12\/Transparent_Normal_Logo.jpg\",\"width\":858,\"height\":782,\"caption\":\"Cinegear\"},\"image\":{\"@id\":\"https:\/\/cinegear.nl\/#\/schema\/logo\/image\/\"}}]}<\/script>\n<!-- \/ Yoast SEO Premium plugin. -->","yoast_head_json":{"title":"Kinefinity PL Mounting Adapter w\/ e-ND | Cinegear Amsterdam","description":"Fits \u00a0 \u00a0  The PL Mounting adapter with Built-in Electronic ND (e-ND) employs high-precision hybrid of liquid crystal material, optics and electronic technology. It covers a wide range from 0.6 to 2.1 (2 stops to 7 stops).  It remains consistent color accuracy and sharpness over such wide range when working with\u00a0MAVO\/TERRA.  It makes everything more compact and lightweight again.","robots":{"index":"index","follow":"follow","max-snippet":"max-snippet:-1","max-image-preview":"max-image-preview:large","max-video-preview":"max-video-preview:-1"},"canonical":"https:\/\/cinegear.nl\/it\/prodotto\/pl-mount-adapter-w-e-nd\/","og_locale":"it_IT","og_type":"article","og_title":"Kinefinity PL Mounting Adapter w\/ e-ND","og_description":"Fits \u00a0 \u00a0  The PL Mounting adapter with Built-in Electronic ND (e-ND) employs high-precision hybrid of liquid crystal material, optics and electronic technology. It covers a wide range from 0.6 to 2.1 (2 stops to 7 stops).  It remains consistent color accuracy and sharpness over such wide range when working with\u00a0MAVO\/TERRA.  It makes everything more compact and lightweight again.","og_url":"https:\/\/cinegear.nl\/it\/prodotto\/pl-mount-adapter-w-e-nd\/","og_site_name":"Cinegear Amsterdam","article_modified_time":"2026-03-24T09:55:39+00:00","og_image":[{"width":1000,"height":1000,"url":"https:\/\/cinegear.nl\/wp-content\/uploads\/2019\/07\/PL-ND-Adapter_13.jpg","type":"image\/jpeg"}],"twitter_card":"summary_large_image","twitter_misc":{"Tempo di lettura stimato":"4 minuti"},"schema":{"@context":"https:\/\/schema.org","@graph":[{"@type":"WebPage","@id":"https:\/\/cinegear.nl\/product\/pl-mount-adapter-w-e-nd\/","url":"https:\/\/cinegear.nl\/product\/pl-mount-adapter-w-e-nd\/","name":"Kinefinity PL Mounting Adapter w\/ e-ND | Cinegear Amsterdam","isPartOf":{"@id":"https:\/\/cinegear.nl\/#website"},"primaryImageOfPage":{"@id":"https:\/\/cinegear.nl\/product\/pl-mount-adapter-w-e-nd\/#primaryimage"},"image":{"@id":"https:\/\/cinegear.nl\/product\/pl-mount-adapter-w-e-nd\/#primaryimage"},"thumbnailUrl":"https:\/\/cinegear.nl\/wp-content\/uploads\/2019\/07\/PL-ND-Adapter_13.jpg","datePublished":"2019-07-02T10:41:07+00:00","dateModified":"2026-03-24T09:55:39+00:00","description":"Fits \u00a0 \u00a0 The PL Mounting adapter with Built-in Electronic ND (e-ND) employs high-precision hybrid of liquid crystal material, optics and electronic technology. It covers a wide range from 0.6 to 2.1 (2 stops to 7 stops). It remains consistent color accuracy and sharpness over such wide range when working with\u00a0MAVO\/TERRA. It makes everything more compact and lightweight again.","breadcrumb":{"@id":"https:\/\/cinegear.nl\/product\/pl-mount-adapter-w-e-nd\/#breadcrumb"},"inLanguage":"it-IT","potentialAction":[{"@type":"ReadAction","target":["https:\/\/cinegear.nl\/product\/pl-mount-adapter-w-e-nd\/"]}]},{"@type":"ImageObject","inLanguage":"it-IT","@id":"https:\/\/cinegear.nl\/product\/pl-mount-adapter-w-e-nd\/#primaryimage","url":"https:\/\/cinegear.nl\/wp-content\/uploads\/2019\/07\/PL-ND-Adapter_13.jpg","contentUrl":"https:\/\/cinegear.nl\/wp-content\/uploads\/2019\/07\/PL-ND-Adapter_13.jpg","width":1000,"height":1000,"caption":"PL Mounting Adapter w\/ e-ND"},{"@type":"BreadcrumbList","@id":"https:\/\/cinegear.nl\/product\/pl-mount-adapter-w-e-nd\/#breadcrumb","itemListElement":[{"@type":"ListItem","position":1,"name":"Home","item":"https:\/\/cinegear.nl\/"},{"@type":"ListItem","position":2,"name":"Store","item":"https:\/\/cinegear.nl\/product-category-kine-cameras\/"},{"@type":"ListItem","position":3,"name":"Kinefinity PL Mounting Adapter w\/ e-ND"}]},{"@type":"WebSite","@id":"https:\/\/cinegear.nl\/#website","url":"https:\/\/cinegear.nl\/","name":"Cinegear Amsterdam","description":"","publisher":{"@id":"https:\/\/cinegear.nl\/#organization"},"potentialAction":[{"@type":"SearchAction","target":{"@type":"EntryPoint","urlTemplate":"https:\/\/cinegear.nl\/?s={search_term_string}"},"query-input":{"@type":"PropertyValueSpecification","valueRequired":true,"valueName":"search_term_string"}}],"inLanguage":"it-IT"},{"@type":"Organization","@id":"https:\/\/cinegear.nl\/#organization","name":"Cinegear","url":"https:\/\/cinegear.nl\/","logo":{"@type":"ImageObject","inLanguage":"it-IT","@id":"https:\/\/cinegear.nl\/#\/schema\/logo\/image\/","url":"https:\/\/cinegear.nl\/wp-content\/uploads\/2019\/12\/Transparent_Normal_Logo.jpg","contentUrl":"https:\/\/cinegear.nl\/wp-content\/uploads\/2019\/12\/Transparent_Normal_Logo.jpg","width":858,"height":782,"caption":"Cinegear"},"image":{"@id":"https:\/\/cinegear.nl\/#\/schema\/logo\/image\/"}}]}},"brands":[{"id":8397,"name":"Marchi","slug":"kinefinity"}],"_links":{"self":[{"href":"https:\/\/cinegear.nl\/it\/wp-json\/wp\/v2\/product\/2855","targetHints":{"allow":["GET"]}}],"collection":[{"href":"https:\/\/cinegear.nl\/it\/wp-json\/wp\/v2\/product"}],"about":[{"href":"https:\/\/cinegear.nl\/it\/wp-json\/wp\/v2\/types\/product"}],"wp:featuredmedia":[{"embeddable":true,"href":"https:\/\/cinegear.nl\/it\/wp-json\/wp\/v2\/media\/69250"}],"wp:attachment":[{"href":"https:\/\/cinegear.nl\/it\/wp-json\/wp\/v2\/media?parent=2855"}],"wp:term":[{"taxonomy":"pwb-brand","embeddable":true,"href":"https:\/\/cinegear.nl\/it\/wp-json\/wp\/v2\/pwb-brand?post=2855"},{"taxonomy":"product_cat","embeddable":true,"href":"https:\/\/cinegear.nl\/it\/wp-json\/wp\/v2\/product_cat?post=2855"},{"taxonomy":"product_tag","embeddable":true,"href":"https:\/\/cinegear.nl\/it\/wp-json\/wp\/v2\/product_tag?post=2855"}],"curies":[{"name":"wp","href":"https:\/\/api.w.org\/{rel}","templated":true}]}}