{"id":26943,"date":"2023-01-20T19:10:24","date_gmt":"2023-01-20T18:10:24","guid":{"rendered":"https:\/\/cinegear.nl\/?post_type=product&#038;p=26943"},"modified":"2026-03-24T10:55:37","modified_gmt":"2026-03-24T09:55:37","slug":"kinefinity-mavo-mark2-lf-body-only","status":"publish","type":"product","link":"https:\/\/cinegear.nl\/it\/prodotto\/kinefinity-mavo-mark2-lf-body-only\/","title":{"rendered":"Kinefinity MAVO Mark2 LF Solo corpo"},"content":{"rendered":"<h2><strong>Kinefinity MAVO Mark2 LF Solo corpo<\/strong><\/h2>\n<p><strong>KINEFINITY MAVO mark2<\/strong> offre opzioni di obiettivo complete e avanzate poich\u00e9 <strong>KINEFINITY<\/strong> ha bruciato con un'ampia compatibilit\u00e0 di lenti. La prima fotocamera da cinema KineRAW-S35 lanciata da <strong>KINEFINITY<\/strong> nel 2012 \u00e8 stata dotata della distanza flangia corta nativa <strong>KineMOUNT<\/strong>.<\/p>\n<p>Oltre a continuare con l'esclusivo KineMOUNT che \u00e8 comodo per gli adattatori di montaggio rapido che passano alle montature EF, PL e LPL, <strong>MAVO mark2<\/strong> offre inoltre due opzioni di attacco per obiettivi di uso frequente: il nuovo attacco Active PL e l'attacco Active E. Dotati di un design di bloccaggio positivo, affidabile e durevole, conforme agli standard cinematografici, gli attacchi attivi possono essere installati e rimossi senza la necessit\u00e0 di calibrazione della distanza della flangia. Grazie all'accoppiamento con l'attacco Active E, che supporta il controllo elettronico degli obiettivi E-Mount pi\u00f9 comunemente utilizzati, MAVO mark2 consente agli utenti di regolare diaframma, lunghezza focale e messa a fuoco direttamente dalla fotocamera.<\/p>\n<p><strong> Corpo macchina fotografica integrato e leggero:<\/strong><\/p>\n<p><strong>KINEFINITY MAVO mark2<\/strong> eredita il design integrato della fotocamera MAVO Edge che ha vinto il prestigioso premio<strong> iF DESIGN AWARD 2021<\/strong>. Il corpo macchina compatto della MAVO mark2 pesa solo 1,46 kg (3,21 libbre) ed \u00e8 dotato di due porte SDI per il trasferimento dei metadati, porte di sincronizzazione e controllo generali e registrazione audio multicanale. \u00c8 inoltre dotato di porte di sincronizzazione timecode dedicate, una porta con protocollo RS232 per la comunicazione e il controllo di accessori di terze parti e una porta RS per l'alimentazione e l'attivazione di una funzione di registrazione esterna. Per quanto riguarda l'alimentazione,<strong> MAVO mark2<\/strong> offre un'innovativa piastra per batteria ibrida che supporta batterie standard V-mount da 14,8 V e piccole batterie di tipo BP-U.<\/p>","protected":false},"excerpt":{"rendered":"<p><strong>KINEFINITY presenta la S35\/<\/strong><strong>Large-format 6K Camera MAVO mark2 S35 e MAVO mark2 LF <\/strong><strong>e MAVO mark2 LF<\/strong><\/p>\n<p>L'obiettivo <strong>MAVO mark2 LF<\/strong> continua con il sensore di immagine CMOS Full-frame 3:2 come il MAVO Edge 6K, mantenendo la straordinaria alta velocit\u00e0 di fotogrammi fino a 6K a 75 fps e ISO nativo doppio 5120\/800. L'ISO 800, standard del settore, \u00e8 ideale per riprendere in scene con luce normale, mentre l'ISO nativo 5120 \u00e8 perfetto per scene a bassa luminosit\u00e0 per ottenere un'immagine pulita con una grande latitudine e basso rumore. Il MAVO mark2 supera il suo predecessore <strong>MAVO LF<\/strong> in termini di prestazioni nelle alte luci. \u00c8 in grado di mantenere pi\u00f9 dettagli nelle alte luci, ideale per riprese in ambienti di illuminazione complessi, offrendo un angolo visivo pi\u00f9 ampio, immagini naturali e un aspetto cinematografico.<\/p>","protected":false},"featured_media":32982,"template":"","meta":{"_acf_changed":false,"inline_featured_image":false},"pwb-brand":[8397],"product_cat":[15443,393,10336,10244,10245,394],"product_tag":[10295,129,10310,10017,130,655,9166,4521,9816,191,8947],"class_list":{"0":"post-26943","1":"product","2":"type-product","3":"status-publish","4":"has-post-thumbnail","6":"pwb-brand-kinefinity","7":"product_cat-box-cameras","8":"product_cat-cameras","9":"product_cat-kinefinity-brands-cameras","10":"product_cat-camera","11":"product_cat-cinema","12":"product_cat-cinema-cameras","13":"product_tag-amsterdam","14":"product_tag-camera","15":"product_tag-cine-camera","16":"product_tag-cinegear","17":"product_tag-cinema","18":"product_tag-cinema-camera","19":"product_tag-full-frame","20":"product_tag-kinefinity","21":"product_tag-mark2","22":"product_tag-mavo","23":"product_tag-mavo-edge","24":"product_shipping_class-normal","26":"first","27":"onbackorder","28":"taxable","29":"shipping-taxable","30":"purchasable","31":"product-type-simple"},"acf":{"supplier":"","buy_price":"","last_sync":""},"yoast_head":"<!-- This site is optimized with the Yoast SEO Premium plugin v21.8 (Yoast SEO v24.3) - https:\/\/yoast.com\/wordpress\/plugins\/seo\/ -->\n<title>Kinefinity MAVO Mark2 LF Body Only | Cinegear Amsterdam<\/title>\n<meta name=\"description\" content=\"Kinefinity MAVO mark2 LF continues the Full-frame 3:2 CMOS imaging sensor as the MAVOEdge 6K, maintaining the extraordinary high frame rate\" \/>\n<meta name=\"robots\" content=\"index, follow, max-snippet:-1, max-image-preview:large, max-video-preview:-1\" \/>\n<link rel=\"canonical\" href=\"https:\/\/cinegear.nl\/it\/prodotto\/kinefinity-mavo-mark2-lf-body-only\/\" \/>\n<meta property=\"og:locale\" content=\"it_IT\" \/>\n<meta property=\"og:type\" content=\"article\" \/>\n<meta property=\"og:title\" content=\"Kinefinity MAVO Mark2 LF Body Only\" \/>\n<meta property=\"og:description\" content=\"Kinefinity MAVO mark2 LF continues the Full-frame 3:2 CMOS imaging sensor as the MAVOEdge 6K, maintaining the extraordinary high frame rate\" \/>\n<meta property=\"og:url\" content=\"https:\/\/cinegear.nl\/it\/prodotto\/kinefinity-mavo-mark2-lf-body-only\/\" \/>\n<meta property=\"og:site_name\" content=\"Cinegear Amsterdam\" \/>\n<meta property=\"article:modified_time\" content=\"2026-03-24T09:55:37+00:00\" \/>\n<meta property=\"og:image\" content=\"https:\/\/cinegear.nl\/wp-content\/uploads\/2023\/01\/mm2_lf_frontleft_-1.jpg\" \/>\n\t<meta property=\"og:image:width\" content=\"800\" \/>\n\t<meta property=\"og:image:height\" content=\"800\" \/>\n\t<meta property=\"og:image:type\" content=\"image\/jpeg\" \/>\n<meta name=\"twitter:card\" content=\"summary_large_image\" \/>\n<meta name=\"twitter:label1\" content=\"Tempo di lettura stimato\" \/>\n\t<meta name=\"twitter:data1\" content=\"2 minuti\" \/>\n<script type=\"application\/ld+json\" class=\"yoast-schema-graph\">{\"@context\":\"https:\/\/schema.org\",\"@graph\":[{\"@type\":\"WebPage\",\"@id\":\"https:\/\/cinegear.nl\/product\/kinefinity-mavo-mark2-lf-body-only\/\",\"url\":\"https:\/\/cinegear.nl\/product\/kinefinity-mavo-mark2-lf-body-only\/\",\"name\":\"Kinefinity MAVO Mark2 LF Body Only | Cinegear Amsterdam\",\"isPartOf\":{\"@id\":\"https:\/\/cinegear.nl\/#website\"},\"primaryImageOfPage\":{\"@id\":\"https:\/\/cinegear.nl\/product\/kinefinity-mavo-mark2-lf-body-only\/#primaryimage\"},\"image\":{\"@id\":\"https:\/\/cinegear.nl\/product\/kinefinity-mavo-mark2-lf-body-only\/#primaryimage\"},\"thumbnailUrl\":\"https:\/\/cinegear.nl\/wp-content\/uploads\/2023\/01\/mm2_lf_frontleft_-1.jpg\",\"datePublished\":\"2023-01-20T18:10:24+00:00\",\"dateModified\":\"2026-03-24T09:55:37+00:00\",\"description\":\"Kinefinity MAVO mark2 LF continues the Full-frame 3:2 CMOS imaging sensor as the MAVOEdge 6K, maintaining the extraordinary high frame rate\",\"breadcrumb\":{\"@id\":\"https:\/\/cinegear.nl\/product\/kinefinity-mavo-mark2-lf-body-only\/#breadcrumb\"},\"inLanguage\":\"it-IT\",\"potentialAction\":[{\"@type\":\"ReadAction\",\"target\":[\"https:\/\/cinegear.nl\/product\/kinefinity-mavo-mark2-lf-body-only\/\"]}]},{\"@type\":\"ImageObject\",\"inLanguage\":\"it-IT\",\"@id\":\"https:\/\/cinegear.nl\/product\/kinefinity-mavo-mark2-lf-body-only\/#primaryimage\",\"url\":\"https:\/\/cinegear.nl\/wp-content\/uploads\/2023\/01\/mm2_lf_frontleft_-1.jpg\",\"contentUrl\":\"https:\/\/cinegear.nl\/wp-content\/uploads\/2023\/01\/mm2_lf_frontleft_-1.jpg\",\"width\":800,\"height\":800,\"caption\":\"Kinefinity MAVO mark2 LF body only\"},{\"@type\":\"BreadcrumbList\",\"@id\":\"https:\/\/cinegear.nl\/product\/kinefinity-mavo-mark2-lf-body-only\/#breadcrumb\",\"itemListElement\":[{\"@type\":\"ListItem\",\"position\":1,\"name\":\"Home\",\"item\":\"https:\/\/cinegear.nl\/\"},{\"@type\":\"ListItem\",\"position\":2,\"name\":\"Store\",\"item\":\"https:\/\/cinegear.nl\/product-category-kine-cameras\/\"},{\"@type\":\"ListItem\",\"position\":3,\"name\":\"Kinefinity MAVO Mark2 LF Body Only\"}]},{\"@type\":\"WebSite\",\"@id\":\"https:\/\/cinegear.nl\/#website\",\"url\":\"https:\/\/cinegear.nl\/\",\"name\":\"Cinegear Amsterdam\",\"description\":\"\",\"publisher\":{\"@id\":\"https:\/\/cinegear.nl\/#organization\"},\"potentialAction\":[{\"@type\":\"SearchAction\",\"target\":{\"@type\":\"EntryPoint\",\"urlTemplate\":\"https:\/\/cinegear.nl\/?s={search_term_string}\"},\"query-input\":{\"@type\":\"PropertyValueSpecification\",\"valueRequired\":true,\"valueName\":\"search_term_string\"}}],\"inLanguage\":\"it-IT\"},{\"@type\":\"Organization\",\"@id\":\"https:\/\/cinegear.nl\/#organization\",\"name\":\"Cinegear\",\"url\":\"https:\/\/cinegear.nl\/\",\"logo\":{\"@type\":\"ImageObject\",\"inLanguage\":\"it-IT\",\"@id\":\"https:\/\/cinegear.nl\/#\/schema\/logo\/image\/\",\"url\":\"https:\/\/cinegear.nl\/wp-content\/uploads\/2019\/12\/Transparent_Normal_Logo.jpg\",\"contentUrl\":\"https:\/\/cinegear.nl\/wp-content\/uploads\/2019\/12\/Transparent_Normal_Logo.jpg\",\"width\":858,\"height\":782,\"caption\":\"Cinegear\"},\"image\":{\"@id\":\"https:\/\/cinegear.nl\/#\/schema\/logo\/image\/\"}}]}<\/script>\n<!-- \/ Yoast SEO Premium plugin. -->","yoast_head_json":{"title":"Kinefinity MAVO Mark2 LF Body Only | Cinegear Amsterdam","description":"Kinefinity MAVO mark2 LF continues the Full-frame 3:2 CMOS imaging sensor as the MAVOEdge 6K, maintaining the extraordinary high frame rate","robots":{"index":"index","follow":"follow","max-snippet":"max-snippet:-1","max-image-preview":"max-image-preview:large","max-video-preview":"max-video-preview:-1"},"canonical":"https:\/\/cinegear.nl\/it\/prodotto\/kinefinity-mavo-mark2-lf-body-only\/","og_locale":"it_IT","og_type":"article","og_title":"Kinefinity MAVO Mark2 LF Body Only","og_description":"Kinefinity MAVO mark2 LF continues the Full-frame 3:2 CMOS imaging sensor as the MAVOEdge 6K, maintaining the extraordinary high frame rate","og_url":"https:\/\/cinegear.nl\/it\/prodotto\/kinefinity-mavo-mark2-lf-body-only\/","og_site_name":"Cinegear Amsterdam","article_modified_time":"2026-03-24T09:55:37+00:00","og_image":[{"width":800,"height":800,"url":"https:\/\/cinegear.nl\/wp-content\/uploads\/2023\/01\/mm2_lf_frontleft_-1.jpg","type":"image\/jpeg"}],"twitter_card":"summary_large_image","twitter_misc":{"Tempo di lettura stimato":"2 minuti"},"schema":{"@context":"https:\/\/schema.org","@graph":[{"@type":"WebPage","@id":"https:\/\/cinegear.nl\/product\/kinefinity-mavo-mark2-lf-body-only\/","url":"https:\/\/cinegear.nl\/product\/kinefinity-mavo-mark2-lf-body-only\/","name":"Kinefinity MAVO Mark2 LF Body Only | Cinegear Amsterdam","isPartOf":{"@id":"https:\/\/cinegear.nl\/#website"},"primaryImageOfPage":{"@id":"https:\/\/cinegear.nl\/product\/kinefinity-mavo-mark2-lf-body-only\/#primaryimage"},"image":{"@id":"https:\/\/cinegear.nl\/product\/kinefinity-mavo-mark2-lf-body-only\/#primaryimage"},"thumbnailUrl":"https:\/\/cinegear.nl\/wp-content\/uploads\/2023\/01\/mm2_lf_frontleft_-1.jpg","datePublished":"2023-01-20T18:10:24+00:00","dateModified":"2026-03-24T09:55:37+00:00","description":"Kinefinity MAVO mark2 LF continues the Full-frame 3:2 CMOS imaging sensor as the MAVOEdge 6K, maintaining the extraordinary high frame rate","breadcrumb":{"@id":"https:\/\/cinegear.nl\/product\/kinefinity-mavo-mark2-lf-body-only\/#breadcrumb"},"inLanguage":"it-IT","potentialAction":[{"@type":"ReadAction","target":["https:\/\/cinegear.nl\/product\/kinefinity-mavo-mark2-lf-body-only\/"]}]},{"@type":"ImageObject","inLanguage":"it-IT","@id":"https:\/\/cinegear.nl\/product\/kinefinity-mavo-mark2-lf-body-only\/#primaryimage","url":"https:\/\/cinegear.nl\/wp-content\/uploads\/2023\/01\/mm2_lf_frontleft_-1.jpg","contentUrl":"https:\/\/cinegear.nl\/wp-content\/uploads\/2023\/01\/mm2_lf_frontleft_-1.jpg","width":800,"height":800,"caption":"Kinefinity MAVO mark2 LF body only"},{"@type":"BreadcrumbList","@id":"https:\/\/cinegear.nl\/product\/kinefinity-mavo-mark2-lf-body-only\/#breadcrumb","itemListElement":[{"@type":"ListItem","position":1,"name":"Home","item":"https:\/\/cinegear.nl\/"},{"@type":"ListItem","position":2,"name":"Store","item":"https:\/\/cinegear.nl\/product-category-kine-cameras\/"},{"@type":"ListItem","position":3,"name":"Kinefinity MAVO Mark2 LF Body Only"}]},{"@type":"WebSite","@id":"https:\/\/cinegear.nl\/#website","url":"https:\/\/cinegear.nl\/","name":"Cinegear Amsterdam","description":"","publisher":{"@id":"https:\/\/cinegear.nl\/#organization"},"potentialAction":[{"@type":"SearchAction","target":{"@type":"EntryPoint","urlTemplate":"https:\/\/cinegear.nl\/?s={search_term_string}"},"query-input":{"@type":"PropertyValueSpecification","valueRequired":true,"valueName":"search_term_string"}}],"inLanguage":"it-IT"},{"@type":"Organization","@id":"https:\/\/cinegear.nl\/#organization","name":"Cinegear","url":"https:\/\/cinegear.nl\/","logo":{"@type":"ImageObject","inLanguage":"it-IT","@id":"https:\/\/cinegear.nl\/#\/schema\/logo\/image\/","url":"https:\/\/cinegear.nl\/wp-content\/uploads\/2019\/12\/Transparent_Normal_Logo.jpg","contentUrl":"https:\/\/cinegear.nl\/wp-content\/uploads\/2019\/12\/Transparent_Normal_Logo.jpg","width":858,"height":782,"caption":"Cinegear"},"image":{"@id":"https:\/\/cinegear.nl\/#\/schema\/logo\/image\/"}}]}},"brands":[{"id":8397,"name":"Marchi","slug":"kinefinity"}],"_links":{"self":[{"href":"https:\/\/cinegear.nl\/it\/wp-json\/wp\/v2\/product\/26943","targetHints":{"allow":["GET"]}}],"collection":[{"href":"https:\/\/cinegear.nl\/it\/wp-json\/wp\/v2\/product"}],"about":[{"href":"https:\/\/cinegear.nl\/it\/wp-json\/wp\/v2\/types\/product"}],"wp:featuredmedia":[{"embeddable":true,"href":"https:\/\/cinegear.nl\/it\/wp-json\/wp\/v2\/media\/32982"}],"wp:attachment":[{"href":"https:\/\/cinegear.nl\/it\/wp-json\/wp\/v2\/media?parent=26943"}],"wp:term":[{"taxonomy":"pwb-brand","embeddable":true,"href":"https:\/\/cinegear.nl\/it\/wp-json\/wp\/v2\/pwb-brand?post=26943"},{"taxonomy":"product_cat","embeddable":true,"href":"https:\/\/cinegear.nl\/it\/wp-json\/wp\/v2\/product_cat?post=26943"},{"taxonomy":"product_tag","embeddable":true,"href":"https:\/\/cinegear.nl\/it\/wp-json\/wp\/v2\/product_tag?post=26943"}],"curies":[{"name":"wp","href":"https:\/\/api.w.org\/{rel}","templated":true}]}}