{"id":26868,"date":"2023-01-17T19:01:12","date_gmt":"2023-01-17T18:01:12","guid":{"rendered":"https:\/\/cinegear.nl\/?post_type=product&#038;p=26868"},"modified":"2026-03-24T10:55:39","modified_gmt":"2026-03-24T09:55:39","slug":"kinefinity-mavo-mark2-s35-body","status":"publish","type":"product","link":"https:\/\/cinegear.nl\/it\/prodotto\/kinefinity-mavo-mark2-s35-body\/","title":{"rendered":"Kinefinity MAVO mark2 S35 Cinema Camera"},"content":{"rendered":"<p><strong>KINEFINITY presenta la S35\/<\/strong><strong>Large-format 6K Camera MAVO mark2 S35 e MAVO mark2 LF <\/strong><strong>e MAVO mark2 LF<\/strong><\/p>\n<p><strong>Nuovo formato S35, frame rate avanzato<\/strong><br \/>\nMAVO mark2 S35 torna al classico formato S35 per adattarsi a pi\u00f9 tipi di obiettivi S35 con un'ampia gamma di stili, offrendo maggiori possibilit\u00e0 creative. MAVO mark2 S35 \u00e8 dotata di un nuovo sensore di immagine CMOS S35 3:2. Costruita sulla piattaforma avanzata ad alte prestazioni, MAVO mark2 S35 ha un frame rate fino a 6K Wide 96 fps e 4K Wide 150 fps, raggiungendo un nuovo livello con prestazioni notevolmente migliorate rispetto alla precedente fotocamera MAVO S35. Dotata di doppio ISO 3200\/800, la fotocamera offre immagini pi\u00f9 nitide, migliori dettagli nelle alte luci, riprese ad alta latitudine e frame rate elevato in condizioni di scarsa illuminazione o in ambienti normali.<\/p>\n<p><strong>Scelta di lenti completa e moderna <\/strong><strong>MAVO mark2<\/strong> KINEFINITY offre opzioni di obiettivi complete e avanzate, grazie all'ampia compatibilit\u00e0 con gli obiettivi. La prima cinepresa KineRAW-S35 lanciata da KINEFINITY nel 2012 era dotata del sistema nativo KineMOUNT a flangia corta. Oltre a mantenere l'esclusivo KineMOUNT, comodo per il montaggio rapido degli adattatori per il passaggio agli attacchi EF, PL e LPL, MAVO mark2 offre anche due opzioni di attacco per obiettivi di uso frequente: il nuovo attacco Active PL e l'attacco Active E. Dotati di un design di bloccaggio positivo, affidabile e durevole, conforme agli standard cinematografici, gli attacchi attivi possono essere installati e rimossi senza calibrazione della flangia. Integrandosi con l'attacco Active E, che supporta il controllo elettronico degli obiettivi E pi\u00f9 comunemente utilizzati, MAVO mark2 consente agli utenti di regolare diaframma, lunghezza focale e messa a fuoco direttamente dalla cinepresa. Analogamente all'attacco Active PL, che supporta il protocollo Cooke\/i, l'attacco Active E pu\u00f2 visualizzare i metadati dell'obiettivo sull'interfaccia utente e salvare le informazioni nel filmato, offrendo un'interazione intuitiva sul set e flessibilit\u00e0 in post-produzione. MAVO mark2 compie un ulteriore passo avanti in termini di opzioni di attacco dell'obiettivo, abbracciando il gruppo di lenti pi\u00f9 ampio e moderno con il suo design intercambiabile. MAVO mark2 pu\u00f2 funzionare senza problemi con praticamente tutti gli obiettivi, dagli obiettivi cinematografici, agli obiettivi per fotocamere con attacco EF fino agli obiettivi elettronici con attacco E, catturando immagini con stili di obiettivo diversificati. Che si tratti di piccoli contenuti o di grandi produzioni cinematografiche, i creatori possono gestirli con facilit\u00e0.<\/p>\n<p>&nbsp;<\/p>\n<p><strong>Progettazione integrata e piattaforma avanzata<\/strong><br \/>\nLe telecamere MAVO mark2 adottano e semplificano la piattaforma MAVO Edge e il design integrato del corpo macchina. La nuova piattaforma di elaborazione ad alte prestazioni offre un'architettura avanzata per l'elaborazione del colore, migliori prestazioni in condizioni di luce intensa e una maggiore larghezza di banda di archiviazione che consente di registrare clip Apple ProRes4444\/XQ sull'unit\u00e0 SSD proprietaria KineMAG Nano.<\/p>\n<p><strong> Corpo macchina fotografica integrato e leggero:<\/strong><\/p>\n<p>MAVO mark2 eredita il design integrato della fotocamera MAVO Edge, vincitrice del prestigioso iF DESIGN AWARD 2021. Il corpo macchina compatto di MAVO mark2 pesa solo 1,46 kg (3,21 libbre) ed \u00e8 dotato di due porte SDI per il trasferimento dei metadati, porte di sincronizzazione e controllo generali e registrazione audio multicanale. \u00c8 inoltre dotato di porte di sincronizzazione timecode dedicate, una porta di protocollo RS232 per la comunicazione e il controllo di accessori di terze parti e una porta RS per l'alimentazione e l'attivazione di una funzione di registrazione esterna. Per quanto riguarda l'alimentazione, MAVO mark2 offre un'innovativa piastra batteria ibrida che supporta batterie standard da 14,8 V con attacco V e piccole batterie di tipo BP-U.<\/p>","protected":false},"excerpt":{"rendered":"<p><strong>Appena annunciato!<\/strong><\/p>\n<ul>\n<li>Corpo Kinefinity MAVO mark2 S35<\/li>\n<li><strong>Kinemount<\/strong> o<strong> PL attivo<\/strong> o <strong>Supporto E attivo<\/strong><\/li>\n<\/ul>","protected":false},"featured_media":26878,"template":"","meta":{"_acf_changed":false,"inline_featured_image":false},"pwb-brand":[8397],"product_cat":[15443,393,10327,10336,10244,10245,394,16],"product_tag":[129,130,4521,9816,191],"class_list":{"0":"post-26868","1":"product","2":"type-product","3":"status-publish","4":"has-post-thumbnail","6":"pwb-brand-kinefinity","7":"product_cat-box-cameras","8":"product_cat-cameras","9":"product_cat-brands-cameras","10":"product_cat-kinefinity-brands-cameras","11":"product_cat-camera","12":"product_cat-cinema","13":"product_cat-cinema-cameras","14":"product_cat-all","15":"product_tag-camera","16":"product_tag-cinema","17":"product_tag-kinefinity","18":"product_tag-mark2","19":"product_tag-mavo","21":"first","22":"onbackorder","23":"taxable","24":"shipping-taxable","25":"purchasable","26":"product-type-variable"},"acf":{"supplier":"","buy_price":"","last_sync":""},"yoast_head":"<!-- This site is optimized with the Yoast SEO Premium plugin v21.8 (Yoast SEO v24.3) - https:\/\/yoast.com\/wordpress\/plugins\/seo\/ -->\n<title>Kinefinity MAVO mark2 S35 Cinema Camera | Kinefinity Dealer<\/title>\n<meta name=\"description\" content=\"Newly Announced!   Kinefinity MAVO mark2 S35 body  Kinemount or Active PL Mount or Active E mount\" \/>\n<meta name=\"robots\" content=\"index, follow, max-snippet:-1, max-image-preview:large, max-video-preview:-1\" \/>\n<link rel=\"canonical\" href=\"https:\/\/cinegear.nl\/it\/prodotto\/kinefinity-mavo-mark2-s35-body\/\" \/>\n<meta property=\"og:locale\" content=\"it_IT\" \/>\n<meta property=\"og:type\" content=\"article\" \/>\n<meta property=\"og:title\" content=\"Kinefinity MAVO mark2 S35 Cinema Camera\" \/>\n<meta property=\"og:description\" content=\"Newly Announced!   Kinefinity MAVO mark2 S35 body  Kinemount or Active PL Mount or Active E mount\" \/>\n<meta property=\"og:url\" content=\"https:\/\/cinegear.nl\/it\/prodotto\/kinefinity-mavo-mark2-s35-body\/\" \/>\n<meta property=\"og:site_name\" content=\"Cinegear Amsterdam\" \/>\n<meta property=\"article:modified_time\" content=\"2026-03-24T09:55:39+00:00\" \/>\n<meta property=\"og:image\" content=\"https:\/\/cinegear.nl\/wp-content\/uploads\/2023\/01\/mm2_s35_frontleft_cover.png\" \/>\n\t<meta property=\"og:image:width\" content=\"750\" \/>\n\t<meta property=\"og:image:height\" content=\"750\" \/>\n\t<meta property=\"og:image:type\" content=\"image\/png\" \/>\n<meta name=\"twitter:card\" content=\"summary_large_image\" \/>\n<meta name=\"twitter:label1\" content=\"Tempo di lettura stimato\" \/>\n\t<meta name=\"twitter:data1\" content=\"3 minuti\" \/>\n<script type=\"application\/ld+json\" class=\"yoast-schema-graph\">{\"@context\":\"https:\/\/schema.org\",\"@graph\":[{\"@type\":\"WebPage\",\"@id\":\"https:\/\/cinegear.nl\/product\/kinefinity-mavo-mark2-s35-body\/\",\"url\":\"https:\/\/cinegear.nl\/product\/kinefinity-mavo-mark2-s35-body\/\",\"name\":\"Kinefinity MAVO mark2 S35 Cinema Camera | Kinefinity Dealer\",\"isPartOf\":{\"@id\":\"https:\/\/cinegear.nl\/#website\"},\"primaryImageOfPage\":{\"@id\":\"https:\/\/cinegear.nl\/product\/kinefinity-mavo-mark2-s35-body\/#primaryimage\"},\"image\":{\"@id\":\"https:\/\/cinegear.nl\/product\/kinefinity-mavo-mark2-s35-body\/#primaryimage\"},\"thumbnailUrl\":\"https:\/\/cinegear.nl\/wp-content\/uploads\/2023\/01\/mm2_s35_frontleft_cover.png\",\"datePublished\":\"2023-01-17T18:01:12+00:00\",\"dateModified\":\"2026-03-24T09:55:39+00:00\",\"description\":\"Newly Announced! Kinefinity MAVO mark2 S35 body Kinemount or Active PL Mount or Active E mount\",\"breadcrumb\":{\"@id\":\"https:\/\/cinegear.nl\/product\/kinefinity-mavo-mark2-s35-body\/#breadcrumb\"},\"inLanguage\":\"it-IT\",\"potentialAction\":[{\"@type\":\"ReadAction\",\"target\":[\"https:\/\/cinegear.nl\/product\/kinefinity-mavo-mark2-s35-body\/\"]}]},{\"@type\":\"ImageObject\",\"inLanguage\":\"it-IT\",\"@id\":\"https:\/\/cinegear.nl\/product\/kinefinity-mavo-mark2-s35-body\/#primaryimage\",\"url\":\"https:\/\/cinegear.nl\/wp-content\/uploads\/2023\/01\/mm2_s35_frontleft_cover.png\",\"contentUrl\":\"https:\/\/cinegear.nl\/wp-content\/uploads\/2023\/01\/mm2_s35_frontleft_cover.png\",\"width\":750,\"height\":750},{\"@type\":\"BreadcrumbList\",\"@id\":\"https:\/\/cinegear.nl\/product\/kinefinity-mavo-mark2-s35-body\/#breadcrumb\",\"itemListElement\":[{\"@type\":\"ListItem\",\"position\":1,\"name\":\"Home\",\"item\":\"https:\/\/cinegear.nl\/\"},{\"@type\":\"ListItem\",\"position\":2,\"name\":\"Store\",\"item\":\"https:\/\/cinegear.nl\/product-category-kine-cameras\/\"},{\"@type\":\"ListItem\",\"position\":3,\"name\":\"Kinefinity MAVO mark2 S35 Cinema Camera\"}]},{\"@type\":\"WebSite\",\"@id\":\"https:\/\/cinegear.nl\/#website\",\"url\":\"https:\/\/cinegear.nl\/\",\"name\":\"Cinegear Amsterdam\",\"description\":\"\",\"publisher\":{\"@id\":\"https:\/\/cinegear.nl\/#organization\"},\"potentialAction\":[{\"@type\":\"SearchAction\",\"target\":{\"@type\":\"EntryPoint\",\"urlTemplate\":\"https:\/\/cinegear.nl\/?s={search_term_string}\"},\"query-input\":{\"@type\":\"PropertyValueSpecification\",\"valueRequired\":true,\"valueName\":\"search_term_string\"}}],\"inLanguage\":\"it-IT\"},{\"@type\":\"Organization\",\"@id\":\"https:\/\/cinegear.nl\/#organization\",\"name\":\"Cinegear\",\"url\":\"https:\/\/cinegear.nl\/\",\"logo\":{\"@type\":\"ImageObject\",\"inLanguage\":\"it-IT\",\"@id\":\"https:\/\/cinegear.nl\/#\/schema\/logo\/image\/\",\"url\":\"https:\/\/cinegear.nl\/wp-content\/uploads\/2019\/12\/Transparent_Normal_Logo.jpg\",\"contentUrl\":\"https:\/\/cinegear.nl\/wp-content\/uploads\/2019\/12\/Transparent_Normal_Logo.jpg\",\"width\":858,\"height\":782,\"caption\":\"Cinegear\"},\"image\":{\"@id\":\"https:\/\/cinegear.nl\/#\/schema\/logo\/image\/\"}}]}<\/script>\n<!-- \/ Yoast SEO Premium plugin. -->","yoast_head_json":{"title":"Kinefinity MAVO mark2 S35 Cinema Camera | Kinefinity Dealer","description":"Newly Announced!   Kinefinity MAVO mark2 S35 body  Kinemount or Active PL Mount or Active E mount","robots":{"index":"index","follow":"follow","max-snippet":"max-snippet:-1","max-image-preview":"max-image-preview:large","max-video-preview":"max-video-preview:-1"},"canonical":"https:\/\/cinegear.nl\/it\/prodotto\/kinefinity-mavo-mark2-s35-body\/","og_locale":"it_IT","og_type":"article","og_title":"Kinefinity MAVO mark2 S35 Cinema Camera","og_description":"Newly Announced!   Kinefinity MAVO mark2 S35 body  Kinemount or Active PL Mount or Active E mount","og_url":"https:\/\/cinegear.nl\/it\/prodotto\/kinefinity-mavo-mark2-s35-body\/","og_site_name":"Cinegear Amsterdam","article_modified_time":"2026-03-24T09:55:39+00:00","og_image":[{"width":750,"height":750,"url":"https:\/\/cinegear.nl\/wp-content\/uploads\/2023\/01\/mm2_s35_frontleft_cover.png","type":"image\/png"}],"twitter_card":"summary_large_image","twitter_misc":{"Tempo di lettura stimato":"3 minuti"},"schema":{"@context":"https:\/\/schema.org","@graph":[{"@type":"WebPage","@id":"https:\/\/cinegear.nl\/product\/kinefinity-mavo-mark2-s35-body\/","url":"https:\/\/cinegear.nl\/product\/kinefinity-mavo-mark2-s35-body\/","name":"Kinefinity MAVO mark2 S35 Cinema Camera | Kinefinity Dealer","isPartOf":{"@id":"https:\/\/cinegear.nl\/#website"},"primaryImageOfPage":{"@id":"https:\/\/cinegear.nl\/product\/kinefinity-mavo-mark2-s35-body\/#primaryimage"},"image":{"@id":"https:\/\/cinegear.nl\/product\/kinefinity-mavo-mark2-s35-body\/#primaryimage"},"thumbnailUrl":"https:\/\/cinegear.nl\/wp-content\/uploads\/2023\/01\/mm2_s35_frontleft_cover.png","datePublished":"2023-01-17T18:01:12+00:00","dateModified":"2026-03-24T09:55:39+00:00","description":"Newly Announced! Kinefinity MAVO mark2 S35 body Kinemount or Active PL Mount or Active E mount","breadcrumb":{"@id":"https:\/\/cinegear.nl\/product\/kinefinity-mavo-mark2-s35-body\/#breadcrumb"},"inLanguage":"it-IT","potentialAction":[{"@type":"ReadAction","target":["https:\/\/cinegear.nl\/product\/kinefinity-mavo-mark2-s35-body\/"]}]},{"@type":"ImageObject","inLanguage":"it-IT","@id":"https:\/\/cinegear.nl\/product\/kinefinity-mavo-mark2-s35-body\/#primaryimage","url":"https:\/\/cinegear.nl\/wp-content\/uploads\/2023\/01\/mm2_s35_frontleft_cover.png","contentUrl":"https:\/\/cinegear.nl\/wp-content\/uploads\/2023\/01\/mm2_s35_frontleft_cover.png","width":750,"height":750},{"@type":"BreadcrumbList","@id":"https:\/\/cinegear.nl\/product\/kinefinity-mavo-mark2-s35-body\/#breadcrumb","itemListElement":[{"@type":"ListItem","position":1,"name":"Home","item":"https:\/\/cinegear.nl\/"},{"@type":"ListItem","position":2,"name":"Store","item":"https:\/\/cinegear.nl\/product-category-kine-cameras\/"},{"@type":"ListItem","position":3,"name":"Kinefinity MAVO mark2 S35 Cinema Camera"}]},{"@type":"WebSite","@id":"https:\/\/cinegear.nl\/#website","url":"https:\/\/cinegear.nl\/","name":"Cinegear Amsterdam","description":"","publisher":{"@id":"https:\/\/cinegear.nl\/#organization"},"potentialAction":[{"@type":"SearchAction","target":{"@type":"EntryPoint","urlTemplate":"https:\/\/cinegear.nl\/?s={search_term_string}"},"query-input":{"@type":"PropertyValueSpecification","valueRequired":true,"valueName":"search_term_string"}}],"inLanguage":"it-IT"},{"@type":"Organization","@id":"https:\/\/cinegear.nl\/#organization","name":"Cinegear","url":"https:\/\/cinegear.nl\/","logo":{"@type":"ImageObject","inLanguage":"it-IT","@id":"https:\/\/cinegear.nl\/#\/schema\/logo\/image\/","url":"https:\/\/cinegear.nl\/wp-content\/uploads\/2019\/12\/Transparent_Normal_Logo.jpg","contentUrl":"https:\/\/cinegear.nl\/wp-content\/uploads\/2019\/12\/Transparent_Normal_Logo.jpg","width":858,"height":782,"caption":"Cinegear"},"image":{"@id":"https:\/\/cinegear.nl\/#\/schema\/logo\/image\/"}}]}},"brands":[{"id":8397,"name":"Marchi","slug":"kinefinity"}],"_links":{"self":[{"href":"https:\/\/cinegear.nl\/it\/wp-json\/wp\/v2\/product\/26868","targetHints":{"allow":["GET"]}}],"collection":[{"href":"https:\/\/cinegear.nl\/it\/wp-json\/wp\/v2\/product"}],"about":[{"href":"https:\/\/cinegear.nl\/it\/wp-json\/wp\/v2\/types\/product"}],"wp:featuredmedia":[{"embeddable":true,"href":"https:\/\/cinegear.nl\/it\/wp-json\/wp\/v2\/media\/26878"}],"wp:attachment":[{"href":"https:\/\/cinegear.nl\/it\/wp-json\/wp\/v2\/media?parent=26868"}],"wp:term":[{"taxonomy":"pwb-brand","embeddable":true,"href":"https:\/\/cinegear.nl\/it\/wp-json\/wp\/v2\/pwb-brand?post=26868"},{"taxonomy":"product_cat","embeddable":true,"href":"https:\/\/cinegear.nl\/it\/wp-json\/wp\/v2\/product_cat?post=26868"},{"taxonomy":"product_tag","embeddable":true,"href":"https:\/\/cinegear.nl\/it\/wp-json\/wp\/v2\/product_tag?post=26868"}],"curies":[{"name":"wp","href":"https:\/\/api.w.org\/{rel}","templated":true}]}}