{"id":26845,"date":"2023-01-17T19:01:23","date_gmt":"2023-01-17T18:01:23","guid":{"rendered":"https:\/\/cinegear.nl\/?post_type=product&#038;p=26845"},"modified":"2026-03-24T10:57:37","modified_gmt":"2026-03-24T09:57:37","slug":"kinefinity-mavo-mark2-lf-body","status":"publish","type":"product","link":"https:\/\/cinegear.nl\/it\/prodotto\/kinefinity-mavo-mark2-lf-body\/","title":{"rendered":"Kinefinity MAVO Mark2 LF Cinema Camera"},"content":{"rendered":"<p><strong>KINEFINITY presenta la S35\/<\/strong><strong>telecamera 6K di grande formato MAVO Mark2 S35 <\/strong><strong>e MAVO mark2 LF<\/strong><\/p>\n<p>L'obiettivo <strong>MAVO Mark2 LF<\/strong> continua a utilizzare il sensore di immagini CMOS Full-frame 3:2 del MAVO Edge 6K, mantenendo una frequenza di fotogrammi straordinariamente elevata fino a 6K 75 fps e doppio ISO nativo 5120\/800.<\/p>\n<p>L'ISO 800, standard del settore, \u00e8 ideale per le riprese in condizioni di luce normale, mentre l'ISO nativo 5120 \u00e8 perfetto per le scene con scarsa illuminazione, per ottenere un'immagine nitida con elevata latitudine e basso rumore. MAVO mark2 supera di gran lunga il suo predecessore MAVO LF in termini di prestazioni nelle alte luci.<\/p>\n<p>\u00c8 in grado di mantenere pi\u00f9 dettagli in evidenza, ideale per riprese in ambienti con illuminazione complessa, offrendo un angolo visivo pi\u00f9 ampio, immagini organiche e un aspetto cinematografico.<\/p>\n<p><strong>Scelta di lenti completa e moderna <\/strong><strong>MAVO mark2<\/strong> offre una scelta di lenti completa e avanzata, poich\u00e9 KINEFINITY \u00e8 dotato di un'ampia compatibilit\u00e0 con le lenti. La prima cinepresa KineRAW-S35 lanciata da KINEFINITY nel 2012 era dotata del sistema nativo KineMOUNT a flangia corta. Oltre a mantenere l'esclusivo sistema KineMOUNT, comodo per il montaggio rapido degli adattatori per il passaggio agli innesti EF, PL e LPL, MAVO mark2 offre anche due opzioni di attacco per obiettivi di uso frequente: il nuovo innesto Active PL e l'innesto Active E.<\/p>\n<p>Dotati di un design di bloccaggio positivo standard cinematografico affidabile e durevole, gli attacchi attivi possono essere installati e rimossi senza calibrazione della distanza della flangia. Integrandosi con l'attacco E attivo che supporta il controllo elettronico della maggior parte degli obiettivi E-mount pi\u00f9 comunemente utilizzati, MAVO mark2 consente agli utenti di regolare diaframma, lunghezza focale e messa a fuoco direttamente dalla fotocamera. Analogamente all'attacco PL attivo che supporta il protocollo Cooke\/i, l'attacco E attivo pu\u00f2 visualizzare i metadati dell'obiettivo sull'interfaccia utente e salvare le informazioni nel filmato, offrendo un'interazione intuitiva sul set e flessibilit\u00e0 in post-produzione. MAVO mark2 fa un ulteriore passo avanti nelle opzioni di attacco dell'obiettivo, abbracciando il gruppo di obiettivi pi\u00f9 ampio e moderno con il suo design di attacco intercambiabile. MAVO mark2 pu\u00f2 funzionare senza problemi con praticamente tutti gli obiettivi, dagli obiettivi cinematografici, agli obiettivi per fotocamere con attacco EF agli obiettivi E-mount elettronici, catturando immagini con stili di obiettivo diversificati. Che si tratti di piccoli contenuti o di grandi produzioni cinematografiche, i creatori possono gestirli con facilit\u00e0.<\/p>\n<p><strong>Progettazione integrata e piattaforma avanzata<\/strong><br \/>\nLe telecamere MAVO mark2 adottano e semplificano la piattaforma MAVO Edge e il design integrato del corpo macchina. La nuova piattaforma di elaborazione ad alte prestazioni offre un'architettura avanzata per l'elaborazione del colore, migliori prestazioni in condizioni di luce intensa e una maggiore larghezza di banda di archiviazione che consente di registrare clip Apple ProRes4444\/XQ sull'unit\u00e0 SSD proprietaria KineMAG Nano.<\/p>\n<p><strong> Corpo macchina fotografica integrato e leggero:<\/strong><\/p>\n<p>MAVO mark2 eredita il design integrato della fotocamera MAVO Edge, vincitrice del prestigioso iF DESIGN AWARD 2021. Il corpo macchina compatto di MAVO mark2 pesa solo 1,46 kg (3,21 libbre) ed \u00e8 dotato di due porte SDI per il trasferimento dei metadati, porte di sincronizzazione e controllo generali e registrazione audio multicanale. \u00c8 inoltre dotato di porte di sincronizzazione timecode dedicate, una porta di protocollo RS232 per la comunicazione e il controllo di accessori di terze parti e una porta RS per l'alimentazione e l'attivazione di una funzione di registrazione esterna. Per quanto riguarda l'alimentazione, MAVO mark2 offre un'innovativa piastra batteria ibrida che supporta batterie standard da 14,8 V con attacco V e piccole batterie di tipo BP-U.<\/p>","protected":false},"excerpt":{"rendered":"<p><strong>Appena annunciato!<\/strong><\/p>\n<ul>\n<li>Corpo Kinefinity MAVO mark2 LF<\/li>\n<li>Kinemount o montaggio PL attivo o montaggio E attivo<\/li>\n<\/ul>","protected":false},"featured_media":30938,"template":"","meta":{"_acf_changed":false,"inline_featured_image":false},"pwb-brand":[8397],"product_cat":[15443,393,10336,10244,10245,394],"product_tag":[10295,129,10310,10017,130,4521,9816,191],"class_list":{"0":"post-26845","1":"product","2":"type-product","3":"status-publish","4":"has-post-thumbnail","6":"pwb-brand-kinefinity","7":"product_cat-box-cameras","8":"product_cat-cameras","9":"product_cat-kinefinity-brands-cameras","10":"product_cat-camera","11":"product_cat-cinema","12":"product_cat-cinema-cameras","13":"product_tag-amsterdam","14":"product_tag-camera","15":"product_tag-cine-camera","16":"product_tag-cinegear","17":"product_tag-cinema","18":"product_tag-kinefinity","19":"product_tag-mark2","20":"product_tag-mavo","22":"first","23":"onbackorder","24":"taxable","25":"shipping-taxable","26":"purchasable","27":"product-type-variable"},"acf":{"supplier":"","buy_price":"","last_sync":""},"yoast_head":"<!-- This site is optimized with the Yoast SEO Premium plugin v21.8 (Yoast SEO v24.3) - https:\/\/yoast.com\/wordpress\/plugins\/seo\/ -->\n<title>Kinefinity MAVO Mark2 LF Cinema Camera | Cinegear Amsterdam<\/title>\n<meta name=\"description\" content=\"Newly Announced!   Kinefinity MAVO mark2 LF body  Kinemount or Active PL Mount or Active E mount\" \/>\n<meta name=\"robots\" content=\"index, follow, max-snippet:-1, max-image-preview:large, max-video-preview:-1\" \/>\n<link rel=\"canonical\" href=\"https:\/\/cinegear.nl\/it\/prodotto\/kinefinity-mavo-mark2-lf-body\/\" \/>\n<meta property=\"og:locale\" content=\"it_IT\" \/>\n<meta property=\"og:type\" content=\"article\" \/>\n<meta property=\"og:title\" content=\"Kinefinity MAVO Mark2 LF Cinema Camera\" \/>\n<meta property=\"og:description\" content=\"Newly Announced!   Kinefinity MAVO mark2 LF body  Kinemount or Active PL Mount or Active E mount\" \/>\n<meta property=\"og:url\" content=\"https:\/\/cinegear.nl\/it\/prodotto\/kinefinity-mavo-mark2-lf-body\/\" \/>\n<meta property=\"og:site_name\" content=\"Cinegear Amsterdam\" \/>\n<meta property=\"article:modified_time\" content=\"2026-03-24T09:57:37+00:00\" \/>\n<meta property=\"og:image\" content=\"https:\/\/cinegear.nl\/wp-content\/uploads\/2023\/01\/Kinefinity-MAVO-mark2-LF-body-1.jpg\" \/>\n\t<meta property=\"og:image:width\" content=\"500\" \/>\n\t<meta property=\"og:image:height\" content=\"500\" \/>\n\t<meta property=\"og:image:type\" content=\"image\/jpeg\" \/>\n<meta name=\"twitter:card\" content=\"summary_large_image\" \/>\n<meta name=\"twitter:label1\" content=\"Tempo di lettura stimato\" \/>\n\t<meta name=\"twitter:data1\" content=\"3 minuti\" \/>\n<script type=\"application\/ld+json\" class=\"yoast-schema-graph\">{\"@context\":\"https:\/\/schema.org\",\"@graph\":[{\"@type\":\"WebPage\",\"@id\":\"https:\/\/cinegear.nl\/product\/kinefinity-mavo-mark2-lf-body\/\",\"url\":\"https:\/\/cinegear.nl\/product\/kinefinity-mavo-mark2-lf-body\/\",\"name\":\"Kinefinity MAVO Mark2 LF Cinema Camera | Cinegear Amsterdam\",\"isPartOf\":{\"@id\":\"https:\/\/cinegear.nl\/#website\"},\"primaryImageOfPage\":{\"@id\":\"https:\/\/cinegear.nl\/product\/kinefinity-mavo-mark2-lf-body\/#primaryimage\"},\"image\":{\"@id\":\"https:\/\/cinegear.nl\/product\/kinefinity-mavo-mark2-lf-body\/#primaryimage\"},\"thumbnailUrl\":\"https:\/\/cinegear.nl\/wp-content\/uploads\/2023\/01\/Kinefinity-MAVO-mark2-LF-body-1.jpg\",\"datePublished\":\"2023-01-17T18:01:23+00:00\",\"dateModified\":\"2026-03-24T09:57:37+00:00\",\"description\":\"Newly Announced! Kinefinity MAVO mark2 LF body Kinemount or Active PL Mount or Active E mount\",\"breadcrumb\":{\"@id\":\"https:\/\/cinegear.nl\/product\/kinefinity-mavo-mark2-lf-body\/#breadcrumb\"},\"inLanguage\":\"it-IT\",\"potentialAction\":[{\"@type\":\"ReadAction\",\"target\":[\"https:\/\/cinegear.nl\/product\/kinefinity-mavo-mark2-lf-body\/\"]}]},{\"@type\":\"ImageObject\",\"inLanguage\":\"it-IT\",\"@id\":\"https:\/\/cinegear.nl\/product\/kinefinity-mavo-mark2-lf-body\/#primaryimage\",\"url\":\"https:\/\/cinegear.nl\/wp-content\/uploads\/2023\/01\/Kinefinity-MAVO-mark2-LF-body-1.jpg\",\"contentUrl\":\"https:\/\/cinegear.nl\/wp-content\/uploads\/2023\/01\/Kinefinity-MAVO-mark2-LF-body-1.jpg\",\"width\":500,\"height\":500,\"caption\":\"Kinefinity Mavo Mark2 Lf Body (1)\"},{\"@type\":\"BreadcrumbList\",\"@id\":\"https:\/\/cinegear.nl\/product\/kinefinity-mavo-mark2-lf-body\/#breadcrumb\",\"itemListElement\":[{\"@type\":\"ListItem\",\"position\":1,\"name\":\"Home\",\"item\":\"https:\/\/cinegear.nl\/\"},{\"@type\":\"ListItem\",\"position\":2,\"name\":\"Store\",\"item\":\"https:\/\/cinegear.nl\/product-category-kine-cameras\/\"},{\"@type\":\"ListItem\",\"position\":3,\"name\":\"Kinefinity MAVO Mark2 LF Cinema Camera\"}]},{\"@type\":\"WebSite\",\"@id\":\"https:\/\/cinegear.nl\/#website\",\"url\":\"https:\/\/cinegear.nl\/\",\"name\":\"Cinegear Amsterdam\",\"description\":\"\",\"publisher\":{\"@id\":\"https:\/\/cinegear.nl\/#organization\"},\"potentialAction\":[{\"@type\":\"SearchAction\",\"target\":{\"@type\":\"EntryPoint\",\"urlTemplate\":\"https:\/\/cinegear.nl\/?s={search_term_string}\"},\"query-input\":{\"@type\":\"PropertyValueSpecification\",\"valueRequired\":true,\"valueName\":\"search_term_string\"}}],\"inLanguage\":\"it-IT\"},{\"@type\":\"Organization\",\"@id\":\"https:\/\/cinegear.nl\/#organization\",\"name\":\"Cinegear\",\"url\":\"https:\/\/cinegear.nl\/\",\"logo\":{\"@type\":\"ImageObject\",\"inLanguage\":\"it-IT\",\"@id\":\"https:\/\/cinegear.nl\/#\/schema\/logo\/image\/\",\"url\":\"https:\/\/cinegear.nl\/wp-content\/uploads\/2019\/12\/Transparent_Normal_Logo.jpg\",\"contentUrl\":\"https:\/\/cinegear.nl\/wp-content\/uploads\/2019\/12\/Transparent_Normal_Logo.jpg\",\"width\":858,\"height\":782,\"caption\":\"Cinegear\"},\"image\":{\"@id\":\"https:\/\/cinegear.nl\/#\/schema\/logo\/image\/\"}}]}<\/script>\n<!-- \/ Yoast SEO Premium plugin. -->","yoast_head_json":{"title":"Kinefinity MAVO Mark2 LF Cinema Camera | Cinegear Amsterdam","description":"Newly Announced!   Kinefinity MAVO mark2 LF body  Kinemount or Active PL Mount or Active E mount","robots":{"index":"index","follow":"follow","max-snippet":"max-snippet:-1","max-image-preview":"max-image-preview:large","max-video-preview":"max-video-preview:-1"},"canonical":"https:\/\/cinegear.nl\/it\/prodotto\/kinefinity-mavo-mark2-lf-body\/","og_locale":"it_IT","og_type":"article","og_title":"Kinefinity MAVO Mark2 LF Cinema Camera","og_description":"Newly Announced!   Kinefinity MAVO mark2 LF body  Kinemount or Active PL Mount or Active E mount","og_url":"https:\/\/cinegear.nl\/it\/prodotto\/kinefinity-mavo-mark2-lf-body\/","og_site_name":"Cinegear Amsterdam","article_modified_time":"2026-03-24T09:57:37+00:00","og_image":[{"width":500,"height":500,"url":"https:\/\/cinegear.nl\/wp-content\/uploads\/2023\/01\/Kinefinity-MAVO-mark2-LF-body-1.jpg","type":"image\/jpeg"}],"twitter_card":"summary_large_image","twitter_misc":{"Tempo di lettura stimato":"3 minuti"},"schema":{"@context":"https:\/\/schema.org","@graph":[{"@type":"WebPage","@id":"https:\/\/cinegear.nl\/product\/kinefinity-mavo-mark2-lf-body\/","url":"https:\/\/cinegear.nl\/product\/kinefinity-mavo-mark2-lf-body\/","name":"Kinefinity MAVO Mark2 LF Cinema Camera | Cinegear Amsterdam","isPartOf":{"@id":"https:\/\/cinegear.nl\/#website"},"primaryImageOfPage":{"@id":"https:\/\/cinegear.nl\/product\/kinefinity-mavo-mark2-lf-body\/#primaryimage"},"image":{"@id":"https:\/\/cinegear.nl\/product\/kinefinity-mavo-mark2-lf-body\/#primaryimage"},"thumbnailUrl":"https:\/\/cinegear.nl\/wp-content\/uploads\/2023\/01\/Kinefinity-MAVO-mark2-LF-body-1.jpg","datePublished":"2023-01-17T18:01:23+00:00","dateModified":"2026-03-24T09:57:37+00:00","description":"Newly Announced! Kinefinity MAVO mark2 LF body Kinemount or Active PL Mount or Active E mount","breadcrumb":{"@id":"https:\/\/cinegear.nl\/product\/kinefinity-mavo-mark2-lf-body\/#breadcrumb"},"inLanguage":"it-IT","potentialAction":[{"@type":"ReadAction","target":["https:\/\/cinegear.nl\/product\/kinefinity-mavo-mark2-lf-body\/"]}]},{"@type":"ImageObject","inLanguage":"it-IT","@id":"https:\/\/cinegear.nl\/product\/kinefinity-mavo-mark2-lf-body\/#primaryimage","url":"https:\/\/cinegear.nl\/wp-content\/uploads\/2023\/01\/Kinefinity-MAVO-mark2-LF-body-1.jpg","contentUrl":"https:\/\/cinegear.nl\/wp-content\/uploads\/2023\/01\/Kinefinity-MAVO-mark2-LF-body-1.jpg","width":500,"height":500,"caption":"Kinefinity Mavo Mark2 Lf Body (1)"},{"@type":"BreadcrumbList","@id":"https:\/\/cinegear.nl\/product\/kinefinity-mavo-mark2-lf-body\/#breadcrumb","itemListElement":[{"@type":"ListItem","position":1,"name":"Home","item":"https:\/\/cinegear.nl\/"},{"@type":"ListItem","position":2,"name":"Store","item":"https:\/\/cinegear.nl\/product-category-kine-cameras\/"},{"@type":"ListItem","position":3,"name":"Kinefinity MAVO Mark2 LF Cinema Camera"}]},{"@type":"WebSite","@id":"https:\/\/cinegear.nl\/#website","url":"https:\/\/cinegear.nl\/","name":"Cinegear Amsterdam","description":"","publisher":{"@id":"https:\/\/cinegear.nl\/#organization"},"potentialAction":[{"@type":"SearchAction","target":{"@type":"EntryPoint","urlTemplate":"https:\/\/cinegear.nl\/?s={search_term_string}"},"query-input":{"@type":"PropertyValueSpecification","valueRequired":true,"valueName":"search_term_string"}}],"inLanguage":"it-IT"},{"@type":"Organization","@id":"https:\/\/cinegear.nl\/#organization","name":"Cinegear","url":"https:\/\/cinegear.nl\/","logo":{"@type":"ImageObject","inLanguage":"it-IT","@id":"https:\/\/cinegear.nl\/#\/schema\/logo\/image\/","url":"https:\/\/cinegear.nl\/wp-content\/uploads\/2019\/12\/Transparent_Normal_Logo.jpg","contentUrl":"https:\/\/cinegear.nl\/wp-content\/uploads\/2019\/12\/Transparent_Normal_Logo.jpg","width":858,"height":782,"caption":"Cinegear"},"image":{"@id":"https:\/\/cinegear.nl\/#\/schema\/logo\/image\/"}}]}},"brands":[{"id":8397,"name":"Marchi","slug":"kinefinity"}],"_links":{"self":[{"href":"https:\/\/cinegear.nl\/it\/wp-json\/wp\/v2\/product\/26845","targetHints":{"allow":["GET"]}}],"collection":[{"href":"https:\/\/cinegear.nl\/it\/wp-json\/wp\/v2\/product"}],"about":[{"href":"https:\/\/cinegear.nl\/it\/wp-json\/wp\/v2\/types\/product"}],"wp:featuredmedia":[{"embeddable":true,"href":"https:\/\/cinegear.nl\/it\/wp-json\/wp\/v2\/media\/30938"}],"wp:attachment":[{"href":"https:\/\/cinegear.nl\/it\/wp-json\/wp\/v2\/media?parent=26845"}],"wp:term":[{"taxonomy":"pwb-brand","embeddable":true,"href":"https:\/\/cinegear.nl\/it\/wp-json\/wp\/v2\/pwb-brand?post=26845"},{"taxonomy":"product_cat","embeddable":true,"href":"https:\/\/cinegear.nl\/it\/wp-json\/wp\/v2\/product_cat?post=26845"},{"taxonomy":"product_tag","embeddable":true,"href":"https:\/\/cinegear.nl\/it\/wp-json\/wp\/v2\/product_tag?post=26845"}],"curies":[{"name":"wp","href":"https:\/\/api.w.org\/{rel}","templated":true}]}}