{"id":24544,"date":"2022-04-18T16:52:28","date_gmt":"2022-04-18T14:52:28","guid":{"rendered":"https:\/\/cinegear.nl\/?post_type=product&#038;p=24544"},"modified":"2025-12-01T20:34:29","modified_gmt":"2025-12-01T19:34:29","slug":"kinefinity-mavo-edge-8k-body-core-pack","status":"publish","type":"product","link":"https:\/\/cinegear.nl\/it\/prodotto\/kinefinity-mavo-edge-8k-body-core-pack\/","title":{"rendered":"Pacchetto corpo + nucleo Kinefinity MAVO EDGE 8K"},"content":{"rendered":"<p><span style=\"color: #ff0008; font-size: 90%;\"><strong>Offerte di permuta disponibili per gli attuali possessori di Kinefinity Terra 4K, MAVO 6K o MAVO LF. Per ulteriori informazioni, contatta il nostro team di vendita.<\/strong><\/span><\/p>\n<p><strong>Straordinario sensore di immagini 8K 75P<\/strong><br \/>\nIl nuovo sensore di imaging 8K del MAVO Edge \u00e8 una tela straordinaria con 45 milioni di pixel su un full-frame da 36x24 mm <strong>CMOS<\/strong> sensore con doppio ISO nativo 800\/3200, grandangolo 8K fino a 75 fps e latitudine fino a 14+ stop. Anche con un rapporto di apertura 3:2, questa bestia riesce sorprendentemente a fornire una splendida immagine da 45 milioni di pixel fino a 48 fotogrammi al secondo.<\/p>\n<p>MAVO Edge garantisce colori naturali, gradevoli tonalit\u00e0 della pelle, basso rumore, elevata gamma dinamica e dettagli sorprendenti in modo organico e delicato, cinematograficamente parlando.<br \/>\nGrazie a una piattaforma di elaborazione delle immagini all'avanguardia e notevolmente migliorata, <strong>MAVO Edge<\/strong> pu\u00f2 catturare immagini a 100 fps in formato 6K Wide o 160 fps in formato 4K Wide. Allo stesso tempo,<strong> MAVO Edge<\/strong> supporta anche il sovracampionamento in modalit\u00e0 Full Frame per ottenere risoluzioni 6K o 4K, che si tradurranno in maggiori dettagli e latitudine con lo stesso formato ottico.<\/p>\n<p><strong>Potente 8K ProRes RAW<\/strong><br \/>\nMAVO Edge pu\u00f2 registrare direttamente il nuovissimo codec ProRes RAW di Apple, molto atteso dal settore video al NAB 2018. Dall'acquisizione dell'immagine CMOS 8K alla delicata elaborazione del colore, fino alla codifica e all'archiviazione ProRes RAW 8K, questi processi complessi e l'elaborazione a bitrate a larghezza di banda ultra elevata avvengono tutti all'interno del compatto corpo del MAVO Edge. Oltre a questo, MAVO Edge supporta anche i proxy ProRes4444\/XQ, ProRes422HQ e H264 integrati nella telecamera.<\/p>\n<p><strong>Soluzione energetica completa<\/strong><br \/>\nMAVO Edge \u00e8 dotato di un'innovativa piastra batteria ibrida per soddisfare le esigenze di potenza della fotocamera e degli accessori in diversi scenari di ripresa. La piastra batteria combinata integrata pu\u00f2 funzionare con batterie V-mount broadcast da 14,8 V come KineBAT PD 75\/150. Se utilizzata a mano o su giunto cardanico, la telecamera pu\u00f2 essere alimentata direttamente da batterie compatibili tipo BP-U30 come GripBAT 4S, cos\u00ec l'operatore pu\u00f2 lavorare senza fili e in modo fluido, grazie a un carico utile ridotto e senza cavi di alimentazione aggiuntivi. Il corpo del MAVO Edge offre di serie una porta D-Tap, una porta RS da 12 V e una porta per obiettivo (12 V) per alimentare direttamente accessori di terze parti come il trasmettitore video wireless e il motore dell'obiettivo wireless.<\/p>\n<p>Queste porte eliminano la necessit\u00e0 di batterie aggiuntive o convertitori di potenza, semplificando cos\u00ec la configurazione della telecamera e migliorando la stabilit\u00e0 del sistema. Inoltre, Movcam offre un KineKIT dedicato per MAVO Edge, in particolare l'innovativa piastra di base da 15 mm con funzione UPS alimentata da due batterie tipo NP-F550, grazie ai contatti di alimentazione UPS specializzati nella parte inferiore di MAVO Edge. La soluzione di alimentazione creativa non solo alimenta in modo indipendente il MAVO Edge, consentendo un utilizzo efficiente dello spazio del kit, ma funziona anche come fonte di alimentazione UPS per fornire energia ininterrotta alla telecamera quando si sostituiscono le batterie con attacco V o le batterie di tipo BP-U30.<\/p>\n<p><img loading=\"lazy\" decoding=\"async\" class=\"alignnone wp-image-1177\" src=\"http:\/\/kinefinity.amsterdam\/wp-content\/uploads\/2020\/04\/20200427_kinefinity_mavo_edge_resolution_8k_cinegear_amsterdam_westerpark.png\" alt=\"kinefinity mavo edge 8k resolution cinegear\" width=\"935\" height=\"526\" \/><\/p>","protected":false},"excerpt":{"rendered":"<p><strong>Il pacchetto Kinefinity Mavo Edge Core include:<\/strong><\/p>\n<ul>\n<li>Corpo Kinefinity MAVO Edge 8K<\/li>\n<li>KineEVF<\/li>\n<li>Cavo EVF<\/li>\n<li>Staffa Mini EVF<\/li>\n<li>Cavo video 0,3 m<\/li>\n<li>KineMAG Nano 1TB<\/li>\n<li>Pacchetto GripBAT 4S (2x 4S + 1x caricabatterie doppio)<\/li>\n<li>Impugnatura superiore chiusa<\/li>\n<li>Ferrovia Nato<\/li>\n<li>Piastra superiore<\/li>\n<\/ul>\n<p>&nbsp;<\/p>","protected":false},"featured_media":32983,"template":"","meta":{"_acf_changed":false,"inline_featured_image":false},"pwb-brand":[8397],"product_cat":[15443,393,10336,10244,10245,394],"product_tag":[8401,10295,129,10017,5181,9166,4521,191,8947,8402],"class_list":{"0":"post-24544","1":"product","2":"type-product","3":"status-publish","4":"has-post-thumbnail","6":"pwb-brand-kinefinity","7":"product_cat-box-cameras","8":"product_cat-cameras","9":"product_cat-kinefinity-brands-cameras","10":"product_cat-camera","11":"product_cat-cinema","12":"product_cat-cinema-cameras","13":"product_tag-8k","14":"product_tag-amsterdam","15":"product_tag-camera","16":"product_tag-cinegear","17":"product_tag-edge","18":"product_tag-full-frame","19":"product_tag-kinefinity","20":"product_tag-mavo","21":"product_tag-mavo-edge","22":"product_tag-new","23":"product_shipping_class-normal","25":"first","26":"onbackorder","27":"taxable","28":"shipping-taxable","29":"purchasable","30":"product-type-simple"},"acf":{"supplier":"","buy_price":"","last_sync":""},"yoast_head":"<!-- This site is optimized with the Yoast SEO Premium plugin v21.8 (Yoast SEO v24.3) - https:\/\/yoast.com\/wordpress\/plugins\/seo\/ -->\n<title>Kinefinity MAVO EDGE 8K Body + Core Pack | Cinegear Amsterdam<\/title>\n<meta name=\"description\" content=\"The Kinefinity Mavo Edge Core Package includes:   Kinefinity MAVO Edge 8K Body  KineEVF  EVF Cable  Mini EVF Bracket  Video Cord 0.3m  KineMAG Nano 1TB  GripBAT 4S Pack (2x 4S + 1x dual charger)  Enclosed Top Handgrip  Nato Rail  Top Plate  &nbsp;\" \/>\n<meta name=\"robots\" content=\"index, follow, max-snippet:-1, max-image-preview:large, max-video-preview:-1\" \/>\n<link rel=\"canonical\" href=\"https:\/\/cinegear.nl\/it\/prodotto\/kinefinity-mavo-edge-8k-body-core-pack\/\" \/>\n<meta property=\"og:locale\" content=\"it_IT\" \/>\n<meta property=\"og:type\" content=\"article\" \/>\n<meta property=\"og:title\" content=\"Kinefinity MAVO EDGE 8K Body + Core Pack\" \/>\n<meta property=\"og:description\" content=\"The Kinefinity Mavo Edge Core Package includes:   Kinefinity MAVO Edge 8K Body  KineEVF  EVF Cable  Mini EVF Bracket  Video Cord 0.3m  KineMAG Nano 1TB  GripBAT 4S Pack (2x 4S + 1x dual charger)  Enclosed Top Handgrip  Nato Rail  Top Plate  &nbsp;\" \/>\n<meta property=\"og:url\" content=\"https:\/\/cinegear.nl\/it\/prodotto\/kinefinity-mavo-edge-8k-body-core-pack\/\" \/>\n<meta property=\"og:site_name\" content=\"Cinegear Amsterdam\" \/>\n<meta property=\"article:modified_time\" content=\"2025-12-01T19:34:29+00:00\" \/>\n<meta property=\"og:image\" content=\"https:\/\/cinegear.nl\/wp-content\/uploads\/2022\/04\/Kinefinity-MAVO-EDGE-8K-Body.jpg\" \/>\n\t<meta property=\"og:image:width\" content=\"800\" \/>\n\t<meta property=\"og:image:height\" content=\"800\" \/>\n\t<meta property=\"og:image:type\" content=\"image\/jpeg\" \/>\n<meta name=\"twitter:card\" content=\"summary_large_image\" \/>\n<meta name=\"twitter:label1\" content=\"Tempo di lettura stimato\" \/>\n\t<meta name=\"twitter:data1\" content=\"3 minuti\" \/>\n<script type=\"application\/ld+json\" class=\"yoast-schema-graph\">{\"@context\":\"https:\/\/schema.org\",\"@graph\":[{\"@type\":\"WebPage\",\"@id\":\"https:\/\/cinegear.nl\/product\/kinefinity-mavo-edge-8k-body-core-pack\/\",\"url\":\"https:\/\/cinegear.nl\/product\/kinefinity-mavo-edge-8k-body-core-pack\/\",\"name\":\"Kinefinity MAVO EDGE 8K Body + Core Pack | Cinegear Amsterdam\",\"isPartOf\":{\"@id\":\"https:\/\/cinegear.nl\/#website\"},\"primaryImageOfPage\":{\"@id\":\"https:\/\/cinegear.nl\/product\/kinefinity-mavo-edge-8k-body-core-pack\/#primaryimage\"},\"image\":{\"@id\":\"https:\/\/cinegear.nl\/product\/kinefinity-mavo-edge-8k-body-core-pack\/#primaryimage\"},\"thumbnailUrl\":\"https:\/\/cinegear.nl\/wp-content\/uploads\/2022\/04\/Kinefinity-MAVO-EDGE-8K-Body.jpg\",\"datePublished\":\"2022-04-18T14:52:28+00:00\",\"dateModified\":\"2025-12-01T19:34:29+00:00\",\"description\":\"The Kinefinity Mavo Edge Core Package includes: Kinefinity MAVO Edge 8K Body KineEVF EVF Cable Mini EVF Bracket Video Cord 0.3m KineMAG Nano 1TB GripBAT 4S Pack (2x 4S + 1x dual charger) Enclosed Top Handgrip Nato Rail Top Plate &nbsp;\",\"breadcrumb\":{\"@id\":\"https:\/\/cinegear.nl\/product\/kinefinity-mavo-edge-8k-body-core-pack\/#breadcrumb\"},\"inLanguage\":\"it-IT\",\"potentialAction\":[{\"@type\":\"ReadAction\",\"target\":[\"https:\/\/cinegear.nl\/product\/kinefinity-mavo-edge-8k-body-core-pack\/\"]}]},{\"@type\":\"ImageObject\",\"inLanguage\":\"it-IT\",\"@id\":\"https:\/\/cinegear.nl\/product\/kinefinity-mavo-edge-8k-body-core-pack\/#primaryimage\",\"url\":\"https:\/\/cinegear.nl\/wp-content\/uploads\/2022\/04\/Kinefinity-MAVO-EDGE-8K-Body.jpg\",\"contentUrl\":\"https:\/\/cinegear.nl\/wp-content\/uploads\/2022\/04\/Kinefinity-MAVO-EDGE-8K-Body.jpg\",\"width\":800,\"height\":800,\"caption\":\"Kinefinity MAVO EDGE 8K Body + Core Pack\"},{\"@type\":\"BreadcrumbList\",\"@id\":\"https:\/\/cinegear.nl\/product\/kinefinity-mavo-edge-8k-body-core-pack\/#breadcrumb\",\"itemListElement\":[{\"@type\":\"ListItem\",\"position\":1,\"name\":\"Home\",\"item\":\"https:\/\/cinegear.nl\/\"},{\"@type\":\"ListItem\",\"position\":2,\"name\":\"Store\",\"item\":\"https:\/\/cinegear.nl\/product-category-kine-cameras\/\"},{\"@type\":\"ListItem\",\"position\":3,\"name\":\"Kinefinity MAVO EDGE 8K Body + Core Pack\"}]},{\"@type\":\"WebSite\",\"@id\":\"https:\/\/cinegear.nl\/#website\",\"url\":\"https:\/\/cinegear.nl\/\",\"name\":\"Cinegear Amsterdam\",\"description\":\"\",\"publisher\":{\"@id\":\"https:\/\/cinegear.nl\/#organization\"},\"potentialAction\":[{\"@type\":\"SearchAction\",\"target\":{\"@type\":\"EntryPoint\",\"urlTemplate\":\"https:\/\/cinegear.nl\/?s={search_term_string}\"},\"query-input\":{\"@type\":\"PropertyValueSpecification\",\"valueRequired\":true,\"valueName\":\"search_term_string\"}}],\"inLanguage\":\"it-IT\"},{\"@type\":\"Organization\",\"@id\":\"https:\/\/cinegear.nl\/#organization\",\"name\":\"Cinegear\",\"url\":\"https:\/\/cinegear.nl\/\",\"logo\":{\"@type\":\"ImageObject\",\"inLanguage\":\"it-IT\",\"@id\":\"https:\/\/cinegear.nl\/#\/schema\/logo\/image\/\",\"url\":\"https:\/\/cinegear.nl\/wp-content\/uploads\/2019\/12\/Transparent_Normal_Logo.jpg\",\"contentUrl\":\"https:\/\/cinegear.nl\/wp-content\/uploads\/2019\/12\/Transparent_Normal_Logo.jpg\",\"width\":858,\"height\":782,\"caption\":\"Cinegear\"},\"image\":{\"@id\":\"https:\/\/cinegear.nl\/#\/schema\/logo\/image\/\"}}]}<\/script>\n<!-- \/ Yoast SEO Premium plugin. -->","yoast_head_json":{"title":"Kinefinity MAVO EDGE 8K Body + Core Pack | Cinegear Amsterdam","description":"The Kinefinity Mavo Edge Core Package includes:   Kinefinity MAVO Edge 8K Body  KineEVF  EVF Cable  Mini EVF Bracket  Video Cord 0.3m  KineMAG Nano 1TB  GripBAT 4S Pack (2x 4S + 1x dual charger)  Enclosed Top Handgrip  Nato Rail  Top Plate  &nbsp;","robots":{"index":"index","follow":"follow","max-snippet":"max-snippet:-1","max-image-preview":"max-image-preview:large","max-video-preview":"max-video-preview:-1"},"canonical":"https:\/\/cinegear.nl\/it\/prodotto\/kinefinity-mavo-edge-8k-body-core-pack\/","og_locale":"it_IT","og_type":"article","og_title":"Kinefinity MAVO EDGE 8K Body + Core Pack","og_description":"The Kinefinity Mavo Edge Core Package includes:   Kinefinity MAVO Edge 8K Body  KineEVF  EVF Cable  Mini EVF Bracket  Video Cord 0.3m  KineMAG Nano 1TB  GripBAT 4S Pack (2x 4S + 1x dual charger)  Enclosed Top Handgrip  Nato Rail  Top Plate  &nbsp;","og_url":"https:\/\/cinegear.nl\/it\/prodotto\/kinefinity-mavo-edge-8k-body-core-pack\/","og_site_name":"Cinegear Amsterdam","article_modified_time":"2025-12-01T19:34:29+00:00","og_image":[{"width":800,"height":800,"url":"https:\/\/cinegear.nl\/wp-content\/uploads\/2022\/04\/Kinefinity-MAVO-EDGE-8K-Body.jpg","type":"image\/jpeg"}],"twitter_card":"summary_large_image","twitter_misc":{"Tempo di lettura stimato":"3 minuti"},"schema":{"@context":"https:\/\/schema.org","@graph":[{"@type":"WebPage","@id":"https:\/\/cinegear.nl\/product\/kinefinity-mavo-edge-8k-body-core-pack\/","url":"https:\/\/cinegear.nl\/product\/kinefinity-mavo-edge-8k-body-core-pack\/","name":"Kinefinity MAVO EDGE 8K Body + Core Pack | Cinegear Amsterdam","isPartOf":{"@id":"https:\/\/cinegear.nl\/#website"},"primaryImageOfPage":{"@id":"https:\/\/cinegear.nl\/product\/kinefinity-mavo-edge-8k-body-core-pack\/#primaryimage"},"image":{"@id":"https:\/\/cinegear.nl\/product\/kinefinity-mavo-edge-8k-body-core-pack\/#primaryimage"},"thumbnailUrl":"https:\/\/cinegear.nl\/wp-content\/uploads\/2022\/04\/Kinefinity-MAVO-EDGE-8K-Body.jpg","datePublished":"2022-04-18T14:52:28+00:00","dateModified":"2025-12-01T19:34:29+00:00","description":"The Kinefinity Mavo Edge Core Package includes: Kinefinity MAVO Edge 8K Body KineEVF EVF Cable Mini EVF Bracket Video Cord 0.3m KineMAG Nano 1TB GripBAT 4S Pack (2x 4S + 1x dual charger) Enclosed Top Handgrip Nato Rail Top Plate &nbsp;","breadcrumb":{"@id":"https:\/\/cinegear.nl\/product\/kinefinity-mavo-edge-8k-body-core-pack\/#breadcrumb"},"inLanguage":"it-IT","potentialAction":[{"@type":"ReadAction","target":["https:\/\/cinegear.nl\/product\/kinefinity-mavo-edge-8k-body-core-pack\/"]}]},{"@type":"ImageObject","inLanguage":"it-IT","@id":"https:\/\/cinegear.nl\/product\/kinefinity-mavo-edge-8k-body-core-pack\/#primaryimage","url":"https:\/\/cinegear.nl\/wp-content\/uploads\/2022\/04\/Kinefinity-MAVO-EDGE-8K-Body.jpg","contentUrl":"https:\/\/cinegear.nl\/wp-content\/uploads\/2022\/04\/Kinefinity-MAVO-EDGE-8K-Body.jpg","width":800,"height":800,"caption":"Kinefinity MAVO EDGE 8K Body + Core Pack"},{"@type":"BreadcrumbList","@id":"https:\/\/cinegear.nl\/product\/kinefinity-mavo-edge-8k-body-core-pack\/#breadcrumb","itemListElement":[{"@type":"ListItem","position":1,"name":"Home","item":"https:\/\/cinegear.nl\/"},{"@type":"ListItem","position":2,"name":"Store","item":"https:\/\/cinegear.nl\/product-category-kine-cameras\/"},{"@type":"ListItem","position":3,"name":"Kinefinity MAVO EDGE 8K Body + Core Pack"}]},{"@type":"WebSite","@id":"https:\/\/cinegear.nl\/#website","url":"https:\/\/cinegear.nl\/","name":"Cinegear Amsterdam","description":"","publisher":{"@id":"https:\/\/cinegear.nl\/#organization"},"potentialAction":[{"@type":"SearchAction","target":{"@type":"EntryPoint","urlTemplate":"https:\/\/cinegear.nl\/?s={search_term_string}"},"query-input":{"@type":"PropertyValueSpecification","valueRequired":true,"valueName":"search_term_string"}}],"inLanguage":"it-IT"},{"@type":"Organization","@id":"https:\/\/cinegear.nl\/#organization","name":"Cinegear","url":"https:\/\/cinegear.nl\/","logo":{"@type":"ImageObject","inLanguage":"it-IT","@id":"https:\/\/cinegear.nl\/#\/schema\/logo\/image\/","url":"https:\/\/cinegear.nl\/wp-content\/uploads\/2019\/12\/Transparent_Normal_Logo.jpg","contentUrl":"https:\/\/cinegear.nl\/wp-content\/uploads\/2019\/12\/Transparent_Normal_Logo.jpg","width":858,"height":782,"caption":"Cinegear"},"image":{"@id":"https:\/\/cinegear.nl\/#\/schema\/logo\/image\/"}}]}},"brands":[{"id":8397,"name":"Marchi","slug":"kinefinity"}],"_links":{"self":[{"href":"https:\/\/cinegear.nl\/it\/wp-json\/wp\/v2\/product\/24544","targetHints":{"allow":["GET"]}}],"collection":[{"href":"https:\/\/cinegear.nl\/it\/wp-json\/wp\/v2\/product"}],"about":[{"href":"https:\/\/cinegear.nl\/it\/wp-json\/wp\/v2\/types\/product"}],"wp:featuredmedia":[{"embeddable":true,"href":"https:\/\/cinegear.nl\/it\/wp-json\/wp\/v2\/media\/32983"}],"wp:attachment":[{"href":"https:\/\/cinegear.nl\/it\/wp-json\/wp\/v2\/media?parent=24544"}],"wp:term":[{"taxonomy":"pwb-brand","embeddable":true,"href":"https:\/\/cinegear.nl\/it\/wp-json\/wp\/v2\/pwb-brand?post=24544"},{"taxonomy":"product_cat","embeddable":true,"href":"https:\/\/cinegear.nl\/it\/wp-json\/wp\/v2\/product_cat?post=24544"},{"taxonomy":"product_tag","embeddable":true,"href":"https:\/\/cinegear.nl\/it\/wp-json\/wp\/v2\/product_tag?post=24544"}],"curies":[{"name":"wp","href":"https:\/\/api.w.org\/{rel}","templated":true}]}}