{"id":23071,"date":"2021-11-23T13:44:11","date_gmt":"2021-11-23T12:44:11","guid":{"rendered":"https:\/\/cinegear.nl\/?post_type=product&#038;p=23071"},"modified":"2024-06-20T16:41:57","modified_gmt":"2024-06-20T14:41:57","slug":"kineback-3","status":"publish","type":"product","link":"https:\/\/cinegear.nl\/it\/prodotto\/kineback-3\/","title":{"rendered":"Kinefinity KineBACK 3"},"content":{"rendered":"<p><strong>KineBACK<\/strong>, \u00e8 un modulo di espansione per <strong>MAVO\/TERRA<\/strong>. Dispone delle seguenti interfacce e funzioni: doppie uscite di monitoraggio 3G-SDI, doppie porte XLR per MIC a 48 V alimentato da Phantom, ingresso e uscita per codice temporale, SYNC, uscite di alimentazione CC e piastra per batteria a V interamente in metallo con doppie porte D-Tap.<\/p>\n<hr \/>\n<h4>Doppio monitoraggio 3G-SDI<\/h4>\n<p>KineBACK supporta automaticamente 3G SDI sia via hardware che via software. Il monitoraggio SDI pu\u00f2 funzionare una volta che KineBACK \u00e8 montato su\u00a0<strong>TERRA\/MAVO\/MAVO LF.<\/strong><\/p>\n<p>Per il monitoraggio SDI:<\/p>\n<ul>\n<li>Lavorare contemporaneamente con la porta digitale HD e la porta KineMON: visualizzazione con parametri o visualizzazione pulita;<\/li>\n<li>I display della porta digitale SDI e HD e della porta KineMON sono gli stessi.<\/li>\n<\/ul>\n<p>Inoltre, per quanto riguarda l'uscita di monitoraggio SDI, si sconsiglia la registrazione come registratore esterno.<\/p>\n<hr \/>\n<h4><strong>Registrazione audio professionale: KineAudio<\/strong><\/h4>\n<p>L'audio pu\u00f2 essere registrato dal corpo TERRA\/MAVO:<\/p>\n<ul>\n<li>Il MIC interno alla fotocamera pu\u00f2 registrare l'audio senza alcun altro microfono collegato;<\/li>\n<li>Una porta di ingresso audio plug-in-power \u00e8 progettata per un microfono esterno da 3,5 mm.<\/li>\n<\/ul>\n<p>Inoltre, KineBACK dispone di un modulo di registrazione\/preamplificazione - KineAudio. KineAudio supporta un doppio MIC-IN bilanciato con o senza 48V. Ci\u00f2 significa che le doppie porte XLR forniscono l'alimentazione phantom a 48 V ai microfoni esterni. Le porte XLR verso l'alto (standard) sono ben protette elettronicamente da coperture in silicone. L'SNR dell'ADC KineAudio \u00e8 di 110dB, 48KHz 24-bit, che soddisfa la qualit\u00e0 delle trasmissioni.<\/p>\n<hr \/>\n<h4><strong>Piastra per batteria con montaggio a V interamente in metallo<\/strong><\/h4>\n<p>La piastra per batteria SONY con attacco a V \u00e8 lo standard del settore broadcast e cinematografico. A partire da KineMAX, le telecamere Kine hanno iniziato a integrare la piastra per batterie V-mount. Per abbinare al meglio il sistema TERRA\/MAVO\/MAVO LF, la piastra per batterie V-mount \u00e8 integrata anche nel KineBACK.<\/p>\n<p>Inoltre, la piastra della batteria \u00e8 lavorata in lega di alluminio, il che la rende molto pi\u00f9 affidabile di altre piastre in ABS\/plastica. \u00c8 una grande novit\u00e0 per i cineoperatori che effettuano riprese in ambienti difficili.<\/p>\n<p>Inoltre, sono presenti due uscite D-Tap standard sulla parte superiore della piastra della batteria V-mount di KineBACK. Si noti che le uscite D-Tap sono collegate direttamente alla batteria V-mount, quindi la tensione di uscita varia da 11V a 19V, invece di una tensione regolata di 12V. Come le porte XLR, anche le porte D-Tap sono dotate di una copertura in silicone per proteggere il collegamento elettrico interno.<\/p>\n<p>Se si desidera utilizzare una batteria broadcast Anton-Bauer (golden mount), \u00e8 necessario un adattatore per piastra V-Mount-Anton-Bauer che pu\u00f2 essere montato sulla piastra della batteria V-Mount e supporta la batteria broadcast Anton-Bauer (golden mount). \u00c8 affidabile e semplice.<\/p>\n<hr \/>\n<h4><strong>Ingresso e uscita del timecode<\/strong><\/h4>\n<p>KineBACK supporta anche l'ingresso e l'uscita del timecode. Una volta montato su TERRA\/MAVO, KineBACK pu\u00f2 emettere il timecode ad altre apparecchiature come i registratori del suono, il che significa che il registratore del suono utilizza lo stesso timecode di TERRA\/MAVO. KineBACK pu\u00f2 utilizzare il timecode di un generatore di timecode esterno se TERRA\/MAVO \u00e8 impostato come slave del timecode.<\/p>\n<p>La porta del timecode \u00e8 un'affidabile presa push-pull a 5 pin, che pu\u00f2 anche diventare una porta BNC o una porta timecode di altri generatori di timecode come i prodotti Ambient, se si utilizzano i cavi timecode Kine appropriati.<\/p>\n<hr \/>\n<h4>Porta EXT e controllo wireless dell'obiettivo<\/h4>\n<p>La porta EXT del KineBACK fornisce la comunicazione mbus e l'alimentazione (direttamente dalla batteria V-mount) al motore Movcam UM4, che \u00e8 il pi\u00f9 recente motore a margherita, per la messa a fuoco dell'obiettivo cine, anche dell'iride e dello zoom. Non \u00e8 quindi necessario un ricevitore wireless 2.4G per il controllo dell'obiettivo.<\/p>\n<p>Inoltre, la porta fornisce anche un'uscita CC regolata a 12 V@1 A, che pu\u00f2 essere utilizzata per alimentare monitor esterni e altri accessori. Riduce l'uso di altre batterie esterne per gli accessori, come le batterie LP-E6, NP-F970 e Nikon, e offre una grande comodit\u00e0 nella gestione dell'alimentazione della fotocamera e degli accessori.<\/p>\n<p>Nota: \u00e8 necessaria una batteria con attacco a V collegata a KineBACK, per fornire alimentazione al motore UM4 (da Movcam), mentre la tensione regolata a 12 V funziona anche senza batteria con attacco a V collegata.<\/p>\n<hr \/>\n<h4><strong>SYNC (pronto per il 3D\/VR)<\/strong><\/h4>\n<p>Grazie alla leggerezza e alle dimensioni ridotte, TERRA\/MAVO \u00e8 perfetto per costruire sistemi 3D e VR\/360\u00b0. 3D\/SYNC di TERRA\/MAVO realizza anche la vera sincronizzazione dei sensori CMOS come segue:<\/p>\n<ol>\n<li>Sincronizzazione del timecode;<\/li>\n<li>Sincronizzazione del telaio;<\/li>\n<li>Sensori CMOS SYNC con mismatch inferiore a 5us.<\/li>\n<\/ol>\n<p>Il meccanismo di sincronizzazione \u00e8 realizzato attraverso la porta SYNC di KineBACK. In altre parole, solo con KineBACK, TERRA\/MAVO pu\u00f2 essere pronto per il SYNC 3D\/VR:<\/p>\n<ul>\n<li>For 3D system, both TERRA\/MAVO cameras need to be equipped with KineBACK and a SYNC cord connecting the SYNC ports of the two KineBACKs. No extra software option needs to be purchased;<\/li>\n<li>Per un sistema di sincronizzazione a pi\u00f9 telecamere (pi\u00f9 di due), tutte le telecamere TERRA\/MAVO devono essere dotate di KineBACK. Inoltre, \u00e8 necessario acquistare un dispositivo KineSYNC e alcuni cavi SYNC: un dispositivo KineSYNC pu\u00f2 sincronizzare fino a otto TERRA\/MAVO (una telecamera master e sette telecamere slave).<\/li>\n<\/ul>\n<p>In breve, TERRA\/MAVO + KineBack \u00e8 un sistema semplice e pronto per le riprese 3D\/VR.<\/p>\n<hr \/>\n<p>Il KineBACK pesa solo 490 g, anche con una batteria con attacco a V in metallo.<\/p>\n<p><strong>Nota: KineBACK supporta solo TERRA 4K o MAVO prodotti da maggio 2018.<\/strong><\/p>","protected":false},"excerpt":{"rendered":"<p>KineBACK 3 \u00e8 un modulo di espansione per MAVO\/TERRA. \u00c8 dotato di due uscite di monitoraggio 3G-SDI, due porte XLR per MIC 48V con alimentazione Phantom, ingresso e uscita per codice temporale, SYNC, uscite di alimentazione CC e piastra per batteria a V interamente in metallo con due porte D-Tap.<\/p>\n<p>Nota: KineBACK supporta solo MAVO LF, MAVO e TERRA 4K prodotti da maggio 2018!<\/p>","protected":false},"featured_media":23072,"template":"","meta":{"_acf_changed":false,"inline_featured_image":false},"pwb-brand":[8397],"product_cat":[10408,16],"product_tag":[4521],"class_list":{"0":"post-23071","1":"product","2":"type-product","3":"status-publish","4":"has-post-thumbnail","6":"pwb-brand-kinefinity","7":"product_cat-kinefinity-accessoires","8":"product_cat-all","9":"product_tag-kinefinity","11":"first","12":"onbackorder","13":"taxable","14":"shipping-taxable","15":"purchasable","16":"product-type-simple"},"acf":{"supplier":"","buy_price":"","last_sync":""},"yoast_head":"<!-- This site is optimized with the Yoast SEO Premium plugin v21.8 (Yoast SEO v24.3) - https:\/\/yoast.com\/wordpress\/plugins\/seo\/ -->\n<title>Kinefinity KineBACK 3 | Cinegear Amsterdam<\/title>\n<meta name=\"description\" content=\"KineBACK 3, is an expansion module for MAVO\/TERRA. It features dual 3G-SDI monitoring outputs, dual XLR ports for Phantom-powered\" \/>\n<meta name=\"robots\" content=\"index, follow, max-snippet:-1, max-image-preview:large, max-video-preview:-1\" \/>\n<link rel=\"canonical\" href=\"https:\/\/cinegear.nl\/it\/prodotto\/kineback-3\/\" \/>\n<meta property=\"og:locale\" content=\"it_IT\" \/>\n<meta property=\"og:type\" content=\"article\" \/>\n<meta property=\"og:title\" content=\"Kinefinity KineBACK 3\" \/>\n<meta property=\"og:description\" content=\"KineBACK 3, is an expansion module for MAVO\/TERRA. It features dual 3G-SDI monitoring outputs, dual XLR ports for Phantom-powered\" \/>\n<meta property=\"og:url\" content=\"https:\/\/cinegear.nl\/it\/prodotto\/kineback-3\/\" \/>\n<meta property=\"og:site_name\" content=\"Cinegear Amsterdam\" \/>\n<meta property=\"article:modified_time\" content=\"2024-06-20T14:41:57+00:00\" \/>\n<meta property=\"og:image\" content=\"https:\/\/cinegear.nl\/wp-content\/uploads\/2021\/11\/kineback3.0_front.jpg\" \/>\n\t<meta property=\"og:image:width\" content=\"1260\" \/>\n\t<meta property=\"og:image:height\" content=\"900\" \/>\n\t<meta property=\"og:image:type\" content=\"image\/jpeg\" \/>\n<meta name=\"twitter:card\" content=\"summary_large_image\" \/>\n<meta name=\"twitter:label1\" content=\"Tempo di lettura stimato\" \/>\n\t<meta name=\"twitter:data1\" content=\"4 minuti\" \/>\n<script type=\"application\/ld+json\" class=\"yoast-schema-graph\">{\"@context\":\"https:\/\/schema.org\",\"@graph\":[{\"@type\":\"WebPage\",\"@id\":\"https:\/\/cinegear.nl\/product\/kineback-3\/\",\"url\":\"https:\/\/cinegear.nl\/product\/kineback-3\/\",\"name\":\"Kinefinity KineBACK 3 | Cinegear Amsterdam\",\"isPartOf\":{\"@id\":\"https:\/\/cinegear.nl\/#website\"},\"primaryImageOfPage\":{\"@id\":\"https:\/\/cinegear.nl\/product\/kineback-3\/#primaryimage\"},\"image\":{\"@id\":\"https:\/\/cinegear.nl\/product\/kineback-3\/#primaryimage\"},\"thumbnailUrl\":\"https:\/\/cinegear.nl\/wp-content\/uploads\/2021\/11\/kineback3.0_front.jpg\",\"datePublished\":\"2021-11-23T12:44:11+00:00\",\"dateModified\":\"2024-06-20T14:41:57+00:00\",\"description\":\"KineBACK 3, is an expansion module for MAVO\/TERRA. It features dual 3G-SDI monitoring outputs, dual XLR ports for Phantom-powered\",\"breadcrumb\":{\"@id\":\"https:\/\/cinegear.nl\/product\/kineback-3\/#breadcrumb\"},\"inLanguage\":\"it-IT\",\"potentialAction\":[{\"@type\":\"ReadAction\",\"target\":[\"https:\/\/cinegear.nl\/product\/kineback-3\/\"]}]},{\"@type\":\"ImageObject\",\"inLanguage\":\"it-IT\",\"@id\":\"https:\/\/cinegear.nl\/product\/kineback-3\/#primaryimage\",\"url\":\"https:\/\/cinegear.nl\/wp-content\/uploads\/2021\/11\/kineback3.0_front.jpg\",\"contentUrl\":\"https:\/\/cinegear.nl\/wp-content\/uploads\/2021\/11\/kineback3.0_front.jpg\",\"width\":1260,\"height\":900,\"caption\":\"kineback3.0_front\"},{\"@type\":\"BreadcrumbList\",\"@id\":\"https:\/\/cinegear.nl\/product\/kineback-3\/#breadcrumb\",\"itemListElement\":[{\"@type\":\"ListItem\",\"position\":1,\"name\":\"Home\",\"item\":\"https:\/\/cinegear.nl\/\"},{\"@type\":\"ListItem\",\"position\":2,\"name\":\"Store\",\"item\":\"https:\/\/cinegear.nl\/product-category-kine-cameras\/\"},{\"@type\":\"ListItem\",\"position\":3,\"name\":\"Kinefinity KineBACK 3\"}]},{\"@type\":\"WebSite\",\"@id\":\"https:\/\/cinegear.nl\/#website\",\"url\":\"https:\/\/cinegear.nl\/\",\"name\":\"Cinegear Amsterdam\",\"description\":\"\",\"publisher\":{\"@id\":\"https:\/\/cinegear.nl\/#organization\"},\"potentialAction\":[{\"@type\":\"SearchAction\",\"target\":{\"@type\":\"EntryPoint\",\"urlTemplate\":\"https:\/\/cinegear.nl\/?s={search_term_string}\"},\"query-input\":{\"@type\":\"PropertyValueSpecification\",\"valueRequired\":true,\"valueName\":\"search_term_string\"}}],\"inLanguage\":\"it-IT\"},{\"@type\":\"Organization\",\"@id\":\"https:\/\/cinegear.nl\/#organization\",\"name\":\"Cinegear\",\"url\":\"https:\/\/cinegear.nl\/\",\"logo\":{\"@type\":\"ImageObject\",\"inLanguage\":\"it-IT\",\"@id\":\"https:\/\/cinegear.nl\/#\/schema\/logo\/image\/\",\"url\":\"https:\/\/cinegear.nl\/wp-content\/uploads\/2019\/12\/Transparent_Normal_Logo.jpg\",\"contentUrl\":\"https:\/\/cinegear.nl\/wp-content\/uploads\/2019\/12\/Transparent_Normal_Logo.jpg\",\"width\":858,\"height\":782,\"caption\":\"Cinegear\"},\"image\":{\"@id\":\"https:\/\/cinegear.nl\/#\/schema\/logo\/image\/\"}}]}<\/script>\n<!-- \/ Yoast SEO Premium plugin. -->","yoast_head_json":{"title":"Kinefinity KineBACK 3 | Cinegear Amsterdam","description":"KineBACK 3, is an expansion module for MAVO\/TERRA. It features dual 3G-SDI monitoring outputs, dual XLR ports for Phantom-powered","robots":{"index":"index","follow":"follow","max-snippet":"max-snippet:-1","max-image-preview":"max-image-preview:large","max-video-preview":"max-video-preview:-1"},"canonical":"https:\/\/cinegear.nl\/it\/prodotto\/kineback-3\/","og_locale":"it_IT","og_type":"article","og_title":"Kinefinity KineBACK 3","og_description":"KineBACK 3, is an expansion module for MAVO\/TERRA. It features dual 3G-SDI monitoring outputs, dual XLR ports for Phantom-powered","og_url":"https:\/\/cinegear.nl\/it\/prodotto\/kineback-3\/","og_site_name":"Cinegear Amsterdam","article_modified_time":"2024-06-20T14:41:57+00:00","og_image":[{"width":1260,"height":900,"url":"https:\/\/cinegear.nl\/wp-content\/uploads\/2021\/11\/kineback3.0_front.jpg","type":"image\/jpeg"}],"twitter_card":"summary_large_image","twitter_misc":{"Tempo di lettura stimato":"4 minuti"},"schema":{"@context":"https:\/\/schema.org","@graph":[{"@type":"WebPage","@id":"https:\/\/cinegear.nl\/product\/kineback-3\/","url":"https:\/\/cinegear.nl\/product\/kineback-3\/","name":"Kinefinity KineBACK 3 | Cinegear Amsterdam","isPartOf":{"@id":"https:\/\/cinegear.nl\/#website"},"primaryImageOfPage":{"@id":"https:\/\/cinegear.nl\/product\/kineback-3\/#primaryimage"},"image":{"@id":"https:\/\/cinegear.nl\/product\/kineback-3\/#primaryimage"},"thumbnailUrl":"https:\/\/cinegear.nl\/wp-content\/uploads\/2021\/11\/kineback3.0_front.jpg","datePublished":"2021-11-23T12:44:11+00:00","dateModified":"2024-06-20T14:41:57+00:00","description":"KineBACK 3, is an expansion module for MAVO\/TERRA. It features dual 3G-SDI monitoring outputs, dual XLR ports for Phantom-powered","breadcrumb":{"@id":"https:\/\/cinegear.nl\/product\/kineback-3\/#breadcrumb"},"inLanguage":"it-IT","potentialAction":[{"@type":"ReadAction","target":["https:\/\/cinegear.nl\/product\/kineback-3\/"]}]},{"@type":"ImageObject","inLanguage":"it-IT","@id":"https:\/\/cinegear.nl\/product\/kineback-3\/#primaryimage","url":"https:\/\/cinegear.nl\/wp-content\/uploads\/2021\/11\/kineback3.0_front.jpg","contentUrl":"https:\/\/cinegear.nl\/wp-content\/uploads\/2021\/11\/kineback3.0_front.jpg","width":1260,"height":900,"caption":"kineback3.0_front"},{"@type":"BreadcrumbList","@id":"https:\/\/cinegear.nl\/product\/kineback-3\/#breadcrumb","itemListElement":[{"@type":"ListItem","position":1,"name":"Home","item":"https:\/\/cinegear.nl\/"},{"@type":"ListItem","position":2,"name":"Store","item":"https:\/\/cinegear.nl\/product-category-kine-cameras\/"},{"@type":"ListItem","position":3,"name":"Kinefinity KineBACK 3"}]},{"@type":"WebSite","@id":"https:\/\/cinegear.nl\/#website","url":"https:\/\/cinegear.nl\/","name":"Cinegear Amsterdam","description":"","publisher":{"@id":"https:\/\/cinegear.nl\/#organization"},"potentialAction":[{"@type":"SearchAction","target":{"@type":"EntryPoint","urlTemplate":"https:\/\/cinegear.nl\/?s={search_term_string}"},"query-input":{"@type":"PropertyValueSpecification","valueRequired":true,"valueName":"search_term_string"}}],"inLanguage":"it-IT"},{"@type":"Organization","@id":"https:\/\/cinegear.nl\/#organization","name":"Cinegear","url":"https:\/\/cinegear.nl\/","logo":{"@type":"ImageObject","inLanguage":"it-IT","@id":"https:\/\/cinegear.nl\/#\/schema\/logo\/image\/","url":"https:\/\/cinegear.nl\/wp-content\/uploads\/2019\/12\/Transparent_Normal_Logo.jpg","contentUrl":"https:\/\/cinegear.nl\/wp-content\/uploads\/2019\/12\/Transparent_Normal_Logo.jpg","width":858,"height":782,"caption":"Cinegear"},"image":{"@id":"https:\/\/cinegear.nl\/#\/schema\/logo\/image\/"}}]}},"brands":[{"id":8397,"name":"Marchi","slug":"kinefinity"}],"_links":{"self":[{"href":"https:\/\/cinegear.nl\/it\/wp-json\/wp\/v2\/product\/23071","targetHints":{"allow":["GET"]}}],"collection":[{"href":"https:\/\/cinegear.nl\/it\/wp-json\/wp\/v2\/product"}],"about":[{"href":"https:\/\/cinegear.nl\/it\/wp-json\/wp\/v2\/types\/product"}],"wp:featuredmedia":[{"embeddable":true,"href":"https:\/\/cinegear.nl\/it\/wp-json\/wp\/v2\/media\/23072"}],"wp:attachment":[{"href":"https:\/\/cinegear.nl\/it\/wp-json\/wp\/v2\/media?parent=23071"}],"wp:term":[{"taxonomy":"pwb-brand","embeddable":true,"href":"https:\/\/cinegear.nl\/it\/wp-json\/wp\/v2\/pwb-brand?post=23071"},{"taxonomy":"product_cat","embeddable":true,"href":"https:\/\/cinegear.nl\/it\/wp-json\/wp\/v2\/product_cat?post=23071"},{"taxonomy":"product_tag","embeddable":true,"href":"https:\/\/cinegear.nl\/it\/wp-json\/wp\/v2\/product_tag?post=23071"}],"curies":[{"name":"wp","href":"https:\/\/api.w.org\/{rel}","templated":true}]}}