{"id":22454,"date":"2021-09-29T14:21:31","date_gmt":"2021-09-29T12:21:31","guid":{"rendered":"https:\/\/cinegear.nl\/?post_type=product&#038;p=22454"},"modified":"2024-01-15T08:51:37","modified_gmt":"2024-01-15T07:51:37","slug":"sunhood-for-kinemon-5u","status":"publish","type":"product","link":"https:\/\/cinegear.nl\/it\/prodotto\/sunhood-for-kinemon-5u\/","title":{"rendered":"Kinefinity Parasole per KineMON-5U"},"content":{"rendered":"<p>Il KineMON Sunhood \u00e8 progettato appositamente per i nuovi KineMON-5U e KineMON-7H, consentendo di ottenere facilmente un ambiente di monitoraggio completamente nero sul campo. Anche il colore di due Sunhood \u00e8 nero. Inoltre, il KineMON Sunhood \u00e8 sufficientemente leggero da poter essere montato facilmente per il monitoraggio. La copertura \u00e8 realizzata in materiale robusto e impermeabile, affidabile e durevole.<\/p>\n<p>KineMON-5U e KineMON-7H sono tutti dotati di un'elevata luminosit\u00e0, superiore a 1000 nit, e l'immagine sullo schermo pu\u00f2 essere monitorata chiaramente anche in presenza di luce solare. Talvolta, per\u00f2, \u00e8 necessario anche il monitoraggio completamente nero per evitare abbagliamenti e per proteggere l'ambiente circostante.<\/p>\n<p>Presenta:<\/p>\n<ul>\n<li>Comodo: design elastico per indossarlo e toglierlo facilmente; ingombro ridotto una volta riposto, facile da trasportare.<\/li>\n<li>Resistente alla luce: protezione antiriflesso su 4 lati, resistente alla luce. La copertura \u00e8 realizzata in materiale robusto e impermeabile, affidabile e durevole.<\/li>\n<li>Affidabile: progettata su misura per i nuovissimi KineMON-5U e KineMON-7H, la parte posteriore del KineMON Sunhood si abbina perfettamente allo schermo KineMON; la sua profondit\u00e0 lo rende adatto anche all'uso esterno.<\/li>\n<li>Facile da usare: il parasole KineMON da 5\" pesa solo 80 g e quello da 7\" pesa solo 150 g, \u00e8 compatto e facile da indossare e togliere.<\/li>\n<\/ul>\n<hr \/>\n<div id=\"row-1686787567\" class=\"row\">\n<div id=\"col-1367297540\" class=\"col medium-1\/2 large-6\">\n<div class=\"col-inner\">\n<p>&nbsp;<\/p>\n<h4 style=\"text-align: left;\"><strong>Dimensioni per il tettuccio parasole KineMON da 5\u2033<\/strong><\/h4>\n<h4 style=\"text-align: left;\"><img loading=\"lazy\" decoding=\"async\" class=\"alignleft\" src=\"http:\/\/www.kinefinity.com\/wp-content\/uploads\/2019\/09\/KineMON-5U-Sunhood.jpg\" alt=\"size of sunhood\" width=\"705\" height=\"504\" \/><\/h4>\n<\/div>\n<\/div>\n<div id=\"col-2122684200\" class=\"col medium-1\/2 large-6\">\n<div class=\"col-inner\">\n<h4><\/h4>\n<\/div>\n<\/div>\n<\/div>","protected":false},"excerpt":{"rendered":"<p>Il nuovissimo KineMON Sunhood \u00e8 progettato su misura per i nuovi KineMON-5U e KineMON-7H, consentendo di ottenere facilmente un ambiente di monitoraggio completamente buio sul campo. Anche il colore di due Sunhood \u00e8 nero. Inoltre, il KineMON Sunhood \u00e8 sufficientemente leggero da poter essere montato facilmente per il monitoraggio. La copertura \u00e8 realizzata in materiale robusto e impermeabile, affidabile e durevole.<\/p>\n<p>Il parasole KineMON da 5\" pesa solo 80 g e quello da 7\" pesa solo 150 g, \u00e8 compatto e facile da indossare e togliere.<\/p>","protected":false},"featured_media":69197,"template":"","meta":{"_acf_changed":false,"inline_featured_image":false},"pwb-brand":[8397],"product_cat":[393,10336,414,577],"product_tag":[4521,4727],"class_list":{"0":"post-22454","1":"product","2":"type-product","3":"status-publish","4":"has-post-thumbnail","6":"pwb-brand-kinefinity","7":"product_cat-cameras","8":"product_cat-kinefinity-brands-cameras","9":"product_cat-video-monitor","10":"product_cat-accessoires-video","11":"product_tag-kinefinity","12":"product_tag-sunhood","13":"product_shipping_class-normal","15":"first","16":"instock","17":"taxable","18":"shipping-taxable","19":"purchasable","20":"product-type-simple"},"acf":{"supplier":"","buy_price":"","last_sync":""},"yoast_head":"<!-- This site is optimized with the Yoast SEO Premium plugin v21.8 (Yoast SEO v24.3) - https:\/\/yoast.com\/wordpress\/plugins\/seo\/ -->\n<title>Kinefinity Sunhood for KineMON-5U | Cinegear Amsterdam<\/title>\n<meta name=\"description\" content=\"Whole-new KineMON Sunhood is tailored for new-designed\u00a0KineMON-5U\u00a0and\u00a0KineMON-7H, easy to get whole-black monitoring environment in the field. The color of two Sunhoods is black as well. In addition, the KineMON Sunhood is lightweight enough to be mounted to monitor easily. The cover is made of rugged and waterproof material, reliable and durable to use.  KineMON 5\u2033 Sunhood weighs only 80g and 7\u2033 Sunhood weighs only 150g, compact and easy to take on\/off.\" \/>\n<meta name=\"robots\" content=\"index, follow, max-snippet:-1, max-image-preview:large, max-video-preview:-1\" \/>\n<link rel=\"canonical\" href=\"https:\/\/cinegear.nl\/it\/prodotto\/sunhood-for-kinemon-5u\/\" \/>\n<meta property=\"og:locale\" content=\"it_IT\" \/>\n<meta property=\"og:type\" content=\"article\" \/>\n<meta property=\"og:title\" content=\"Kinefinity Sunhood for KineMON-5U\" \/>\n<meta property=\"og:description\" content=\"Whole-new KineMON Sunhood is tailored for new-designed\u00a0KineMON-5U\u00a0and\u00a0KineMON-7H, easy to get whole-black monitoring environment in the field. The color of two Sunhoods is black as well. In addition, the KineMON Sunhood is lightweight enough to be mounted to monitor easily. The cover is made of rugged and waterproof material, reliable and durable to use.  KineMON 5\u2033 Sunhood weighs only 80g and 7\u2033 Sunhood weighs only 150g, compact and easy to take on\/off.\" \/>\n<meta property=\"og:url\" content=\"https:\/\/cinegear.nl\/it\/prodotto\/sunhood-for-kinemon-5u\/\" \/>\n<meta property=\"og:site_name\" content=\"Cinegear Amsterdam\" \/>\n<meta property=\"article:modified_time\" content=\"2024-01-15T07:51:37+00:00\" \/>\n<meta property=\"og:image\" content=\"https:\/\/cinegear.nl\/wp-content\/uploads\/2021\/06\/2.jpg\" \/>\n\t<meta property=\"og:image:width\" content=\"1000\" \/>\n\t<meta property=\"og:image:height\" content=\"1000\" \/>\n\t<meta property=\"og:image:type\" content=\"image\/jpeg\" \/>\n<meta name=\"twitter:card\" content=\"summary_large_image\" \/>\n<meta name=\"twitter:label1\" content=\"Tempo di lettura stimato\" \/>\n\t<meta name=\"twitter:data1\" content=\"2 minuti\" \/>\n<script type=\"application\/ld+json\" class=\"yoast-schema-graph\">{\"@context\":\"https:\/\/schema.org\",\"@graph\":[{\"@type\":\"WebPage\",\"@id\":\"https:\/\/cinegear.nl\/product\/sunhood-for-kinemon-5u\/\",\"url\":\"https:\/\/cinegear.nl\/product\/sunhood-for-kinemon-5u\/\",\"name\":\"Kinefinity Sunhood for KineMON-5U | Cinegear Amsterdam\",\"isPartOf\":{\"@id\":\"https:\/\/cinegear.nl\/#website\"},\"primaryImageOfPage\":{\"@id\":\"https:\/\/cinegear.nl\/product\/sunhood-for-kinemon-5u\/#primaryimage\"},\"image\":{\"@id\":\"https:\/\/cinegear.nl\/product\/sunhood-for-kinemon-5u\/#primaryimage\"},\"thumbnailUrl\":\"https:\/\/cinegear.nl\/wp-content\/uploads\/2021\/06\/2.jpg\",\"datePublished\":\"2021-09-29T12:21:31+00:00\",\"dateModified\":\"2024-01-15T07:51:37+00:00\",\"description\":\"Whole-new KineMON Sunhood is tailored for new-designed\u00a0KineMON-5U\u00a0and\u00a0KineMON-7H, easy to get whole-black monitoring environment in the field. The color of two Sunhoods is black as well. In addition, the KineMON Sunhood is lightweight enough to be mounted to monitor easily. The cover is made of rugged and waterproof material, reliable and durable to use. KineMON 5\u2033 Sunhood weighs only 80g and 7\u2033 Sunhood weighs only 150g, compact and easy to take on\/off.\",\"breadcrumb\":{\"@id\":\"https:\/\/cinegear.nl\/product\/sunhood-for-kinemon-5u\/#breadcrumb\"},\"inLanguage\":\"it-IT\",\"potentialAction\":[{\"@type\":\"ReadAction\",\"target\":[\"https:\/\/cinegear.nl\/product\/sunhood-for-kinemon-5u\/\"]}]},{\"@type\":\"ImageObject\",\"inLanguage\":\"it-IT\",\"@id\":\"https:\/\/cinegear.nl\/product\/sunhood-for-kinemon-5u\/#primaryimage\",\"url\":\"https:\/\/cinegear.nl\/wp-content\/uploads\/2021\/06\/2.jpg\",\"contentUrl\":\"https:\/\/cinegear.nl\/wp-content\/uploads\/2021\/06\/2.jpg\",\"width\":1000,\"height\":1000,\"caption\":\"Kinefinity Sunhood for KineMON\"},{\"@type\":\"BreadcrumbList\",\"@id\":\"https:\/\/cinegear.nl\/product\/sunhood-for-kinemon-5u\/#breadcrumb\",\"itemListElement\":[{\"@type\":\"ListItem\",\"position\":1,\"name\":\"Home\",\"item\":\"https:\/\/cinegear.nl\/\"},{\"@type\":\"ListItem\",\"position\":2,\"name\":\"Store\",\"item\":\"https:\/\/cinegear.nl\/product-category-kine-cameras\/\"},{\"@type\":\"ListItem\",\"position\":3,\"name\":\"Kinefinity Sunhood for KineMON-5U\"}]},{\"@type\":\"WebSite\",\"@id\":\"https:\/\/cinegear.nl\/#website\",\"url\":\"https:\/\/cinegear.nl\/\",\"name\":\"Cinegear Amsterdam\",\"description\":\"\",\"publisher\":{\"@id\":\"https:\/\/cinegear.nl\/#organization\"},\"potentialAction\":[{\"@type\":\"SearchAction\",\"target\":{\"@type\":\"EntryPoint\",\"urlTemplate\":\"https:\/\/cinegear.nl\/?s={search_term_string}\"},\"query-input\":{\"@type\":\"PropertyValueSpecification\",\"valueRequired\":true,\"valueName\":\"search_term_string\"}}],\"inLanguage\":\"it-IT\"},{\"@type\":\"Organization\",\"@id\":\"https:\/\/cinegear.nl\/#organization\",\"name\":\"Cinegear\",\"url\":\"https:\/\/cinegear.nl\/\",\"logo\":{\"@type\":\"ImageObject\",\"inLanguage\":\"it-IT\",\"@id\":\"https:\/\/cinegear.nl\/#\/schema\/logo\/image\/\",\"url\":\"https:\/\/cinegear.nl\/wp-content\/uploads\/2019\/12\/Transparent_Normal_Logo.jpg\",\"contentUrl\":\"https:\/\/cinegear.nl\/wp-content\/uploads\/2019\/12\/Transparent_Normal_Logo.jpg\",\"width\":858,\"height\":782,\"caption\":\"Cinegear\"},\"image\":{\"@id\":\"https:\/\/cinegear.nl\/#\/schema\/logo\/image\/\"}}]}<\/script>\n<!-- \/ Yoast SEO Premium plugin. -->","yoast_head_json":{"title":"Kinefinity Sunhood for KineMON-5U | Cinegear Amsterdam","description":"Whole-new KineMON Sunhood is tailored for new-designed\u00a0KineMON-5U\u00a0and\u00a0KineMON-7H, easy to get whole-black monitoring environment in the field. The color of two Sunhoods is black as well. In addition, the KineMON Sunhood is lightweight enough to be mounted to monitor easily. The cover is made of rugged and waterproof material, reliable and durable to use.  KineMON 5\u2033 Sunhood weighs only 80g and 7\u2033 Sunhood weighs only 150g, compact and easy to take on\/off.","robots":{"index":"index","follow":"follow","max-snippet":"max-snippet:-1","max-image-preview":"max-image-preview:large","max-video-preview":"max-video-preview:-1"},"canonical":"https:\/\/cinegear.nl\/it\/prodotto\/sunhood-for-kinemon-5u\/","og_locale":"it_IT","og_type":"article","og_title":"Kinefinity Sunhood for KineMON-5U","og_description":"Whole-new KineMON Sunhood is tailored for new-designed\u00a0KineMON-5U\u00a0and\u00a0KineMON-7H, easy to get whole-black monitoring environment in the field. The color of two Sunhoods is black as well. In addition, the KineMON Sunhood is lightweight enough to be mounted to monitor easily. The cover is made of rugged and waterproof material, reliable and durable to use.  KineMON 5\u2033 Sunhood weighs only 80g and 7\u2033 Sunhood weighs only 150g, compact and easy to take on\/off.","og_url":"https:\/\/cinegear.nl\/it\/prodotto\/sunhood-for-kinemon-5u\/","og_site_name":"Cinegear Amsterdam","article_modified_time":"2024-01-15T07:51:37+00:00","og_image":[{"width":1000,"height":1000,"url":"https:\/\/cinegear.nl\/wp-content\/uploads\/2021\/06\/2.jpg","type":"image\/jpeg"}],"twitter_card":"summary_large_image","twitter_misc":{"Tempo di lettura stimato":"2 minuti"},"schema":{"@context":"https:\/\/schema.org","@graph":[{"@type":"WebPage","@id":"https:\/\/cinegear.nl\/product\/sunhood-for-kinemon-5u\/","url":"https:\/\/cinegear.nl\/product\/sunhood-for-kinemon-5u\/","name":"Kinefinity Sunhood for KineMON-5U | Cinegear Amsterdam","isPartOf":{"@id":"https:\/\/cinegear.nl\/#website"},"primaryImageOfPage":{"@id":"https:\/\/cinegear.nl\/product\/sunhood-for-kinemon-5u\/#primaryimage"},"image":{"@id":"https:\/\/cinegear.nl\/product\/sunhood-for-kinemon-5u\/#primaryimage"},"thumbnailUrl":"https:\/\/cinegear.nl\/wp-content\/uploads\/2021\/06\/2.jpg","datePublished":"2021-09-29T12:21:31+00:00","dateModified":"2024-01-15T07:51:37+00:00","description":"Whole-new KineMON Sunhood is tailored for new-designed\u00a0KineMON-5U\u00a0and\u00a0KineMON-7H, easy to get whole-black monitoring environment in the field. The color of two Sunhoods is black as well. In addition, the KineMON Sunhood is lightweight enough to be mounted to monitor easily. The cover is made of rugged and waterproof material, reliable and durable to use. KineMON 5\u2033 Sunhood weighs only 80g and 7\u2033 Sunhood weighs only 150g, compact and easy to take on\/off.","breadcrumb":{"@id":"https:\/\/cinegear.nl\/product\/sunhood-for-kinemon-5u\/#breadcrumb"},"inLanguage":"it-IT","potentialAction":[{"@type":"ReadAction","target":["https:\/\/cinegear.nl\/product\/sunhood-for-kinemon-5u\/"]}]},{"@type":"ImageObject","inLanguage":"it-IT","@id":"https:\/\/cinegear.nl\/product\/sunhood-for-kinemon-5u\/#primaryimage","url":"https:\/\/cinegear.nl\/wp-content\/uploads\/2021\/06\/2.jpg","contentUrl":"https:\/\/cinegear.nl\/wp-content\/uploads\/2021\/06\/2.jpg","width":1000,"height":1000,"caption":"Kinefinity Sunhood for KineMON"},{"@type":"BreadcrumbList","@id":"https:\/\/cinegear.nl\/product\/sunhood-for-kinemon-5u\/#breadcrumb","itemListElement":[{"@type":"ListItem","position":1,"name":"Home","item":"https:\/\/cinegear.nl\/"},{"@type":"ListItem","position":2,"name":"Store","item":"https:\/\/cinegear.nl\/product-category-kine-cameras\/"},{"@type":"ListItem","position":3,"name":"Kinefinity Sunhood for KineMON-5U"}]},{"@type":"WebSite","@id":"https:\/\/cinegear.nl\/#website","url":"https:\/\/cinegear.nl\/","name":"Cinegear Amsterdam","description":"","publisher":{"@id":"https:\/\/cinegear.nl\/#organization"},"potentialAction":[{"@type":"SearchAction","target":{"@type":"EntryPoint","urlTemplate":"https:\/\/cinegear.nl\/?s={search_term_string}"},"query-input":{"@type":"PropertyValueSpecification","valueRequired":true,"valueName":"search_term_string"}}],"inLanguage":"it-IT"},{"@type":"Organization","@id":"https:\/\/cinegear.nl\/#organization","name":"Cinegear","url":"https:\/\/cinegear.nl\/","logo":{"@type":"ImageObject","inLanguage":"it-IT","@id":"https:\/\/cinegear.nl\/#\/schema\/logo\/image\/","url":"https:\/\/cinegear.nl\/wp-content\/uploads\/2019\/12\/Transparent_Normal_Logo.jpg","contentUrl":"https:\/\/cinegear.nl\/wp-content\/uploads\/2019\/12\/Transparent_Normal_Logo.jpg","width":858,"height":782,"caption":"Cinegear"},"image":{"@id":"https:\/\/cinegear.nl\/#\/schema\/logo\/image\/"}}]}},"brands":[{"id":8397,"name":"Marchi","slug":"kinefinity"}],"_links":{"self":[{"href":"https:\/\/cinegear.nl\/it\/wp-json\/wp\/v2\/product\/22454","targetHints":{"allow":["GET"]}}],"collection":[{"href":"https:\/\/cinegear.nl\/it\/wp-json\/wp\/v2\/product"}],"about":[{"href":"https:\/\/cinegear.nl\/it\/wp-json\/wp\/v2\/types\/product"}],"wp:featuredmedia":[{"embeddable":true,"href":"https:\/\/cinegear.nl\/it\/wp-json\/wp\/v2\/media\/69197"}],"wp:attachment":[{"href":"https:\/\/cinegear.nl\/it\/wp-json\/wp\/v2\/media?parent=22454"}],"wp:term":[{"taxonomy":"pwb-brand","embeddable":true,"href":"https:\/\/cinegear.nl\/it\/wp-json\/wp\/v2\/pwb-brand?post=22454"},{"taxonomy":"product_cat","embeddable":true,"href":"https:\/\/cinegear.nl\/it\/wp-json\/wp\/v2\/product_cat?post=22454"},{"taxonomy":"product_tag","embeddable":true,"href":"https:\/\/cinegear.nl\/it\/wp-json\/wp\/v2\/product_tag?post=22454"}],"curies":[{"name":"wp","href":"https:\/\/api.w.org\/{rel}","templated":true}]}}