{"id":22453,"date":"2021-09-29T14:15:59","date_gmt":"2021-09-29T12:15:59","guid":{"rendered":"https:\/\/cinegear.nl\/?post_type=product&#038;p=22453"},"modified":"2026-03-13T13:26:14","modified_gmt":"2026-03-13T12:26:14","slug":"kinefinity-kinemon-5u2-ultra-bright-monitor","status":"publish","type":"product","link":"https:\/\/cinegear.nl\/it\/prodotto\/kinefinity-kinemon-5u2-ultra-bright-monitor\/","title":{"rendered":"Monitor ultra-luminoso Kinefinity KineMON-5U2 da 5\u2033"},"content":{"rendered":"<h2><strong>Monitor ultra-luminoso Kinefinity KineMON-5U2 da 5\u2033<\/strong><\/h2>\n<p>KineMON-5U2 \u00e8 il monitor ultra-luminoso da 5\u2033 con nuova funzione touch screen dedicato a MAVO Edge. \u00c8 dotato di un display Retina da 5 pollici con 2000 nit, risoluzione Full HD 1080p e 16 milioni di colori, nonch\u00e9 di una nuova funzione touch screen, per offrire immagini nitide e chiare sullo splendido display. Per alimentare il monitor e ricevere il segnale video dalle telecamere Kinefinity Cinema \u00e8 necessario un solo cavo video Kine.<\/p>\n<p>KineMON-5U2 pu\u00f2 essere facilmente montato saldamente sul corpo della telecamera utilizzando gli accessori adatti alle diverse esigenze.<\/p>\n<p><strong>Nuovo touch screen e funzionamento semplice<\/strong><br \/>\nIl monitor ultra-luminoso da 5 pollici KineMON-5U2 supporta il touch screen globale. \u00c8 possibile regolare rapidamente otto parametri, come FPS, otturatore, ISO, ecc., semplicemente cliccando con la mano sull'area selezionata dell'interfaccia del monitor. \u00c8 possibile regolare tutti i parametri della fotocamera utilizzando i pulsanti MENU, Riproduzione e Rotella. Le nuove funzioni dei pulsanti del monitor includono le seguenti funzioni principali, quelle utilizzate pi\u00f9 frequentemente:<\/p>\n<p>Accensione\/spegnimento dei monitor: spingere verso l'alto o verso il basso il pulsante di accensione sul lato per accendere o spegnere rapidamente il monitor. \u00c8 presente anche un indicatore LED per lo stato del monitor;<br \/>\nIn modalit\u00e0 Live View, premere il pulsante 1 per attivare\/disattivare l'istogramma RGB; premere il pulsante 2 per ingrandire lo schermo del mirino; premere la rotellina per visualizzare il diagramma della forma d'onda;<br \/>\nIn modalit\u00e0 Riproduzione, premere il pulsante 1\/2 per passare alla clip precedente\/successiva; premere la rotella per visualizzare la forma d'onda; ruotare la rotellina per far avanzare o riavvolgere velocemente la clip.<br \/>\nFalsi colori sul video in ingresso: premere il pulsante 1 per tre secondi per visualizzare i falsi colori, che sono basati sulla scala Arri False Color. Messa a fuoco di picco con linea rossa, attivata\/disattivata o modifica della sensibilit\u00e0 della messa a fuoco di picco: premere il pulsante 2 per tre secondi per visualizzare o meno il picco e abilitare l'impostazione della sensibilit\u00e0 della funzione di picco;<br \/>\nRegolazione della luminosit\u00e0 del monitor o impostazione della rotazione del monitor: premere la rotellina per tre secondi.<\/p>\n<p><strong>Piattaforma DirectClear completamente nuova<\/strong><br \/>\nKineMON-5U2 elabora video HD su una piattaforma DirectClear completamente nuova. DirectClear adotta un potente FPGA a basso consumo energetico come framework di base per ottimizzare in modo specifico l'elaborazione delle immagini. Presenta:<\/p>\n<p><strong>Latenza ultra bassa:<\/strong> La latenza del monitoraggio \u00e8 ridotta del 50% rispetto ai tradizionali monitor da campo; in particolare con MAVO Edge\/MAVO\/TERRA 4K in KineOS6.3, la latenza dell'intero sistema di telecamere \u00e8 relativamente bassa per controllare accuratamente l'immagine dinamica;<\/p>\n<p><strong>Risposta rapida:<\/strong> Risposta rapida all'avvio e allo spegnimento, quasi nessun ritardo, mentre i monitor tradizionali spesso impiegano 5~10 secondi per avviarsi;<\/p>\n<p><strong>Basso consumo energetico:<\/strong> con la piattaforma, il consumo energetico del monitor \u00e8 notevolmente ridotto e KineMON-5U2 non consuma pi\u00f9 di 6 W alla sua massima luminosit\u00e0, mentre quello tradizionale pu\u00f2 arrivare fino a 18 W, quindi il monitor \u00e8 in grado di mantenere basse temperature e funzionare stabilmente senza raffreddamento attivo;<\/p>\n<p><strong>Colore vero e naturale:<\/strong> Come dispositivo di monitoraggio, KineMON-5U adotta un rendering pi\u00f9 naturale per ripristinare i dettagli e i colori naturali dell'immagine, anzich\u00e9 ricorrere a elaborazioni aggiuntive come nitidezza intenzionale, aumento della saturazione, ecc.<\/p>\n<p>Basato sulla piattaforma DirectClear, KineMON-7U2, il nuovissimo Kinefinity EVF e il KineMON-5U2 ultra-luminoso da 5 pollici rappresentano un passo avanti rispetto agli altri monitor tradizionali, in particolare se utilizzati con la telecamera Kinefinity.<\/p>\n<p><strong>Durata e connessione semplice<\/strong><br \/>\nMonitor riprogettato con schermo completamente laminato con vetro temperato. Grazie al vetro temperato completo davanti al monitor, lo schermo ottiene una migliore protezione con un rapporto di aspetto elevato. La custodia \u00e8 realizzata in robusto alluminio fresato per una migliore dissipazione del calore. La sua lavorazione superficiale \u00e8 pi\u00f9 raffinata rispetto alla vecchia versione KineMON-5L.<\/p>\n<p>KineMON-5U2 ha un foro filettato standard da 1\/4\u2033 e due fori per perni nella parte inferiore per fissarlo saldamente alla telecamera in ogni caso, mentre la maggior parte degli altri monitor ha solo un foro filettato da 1\/4\u2033. Utilizzando accessori appropriati, KineMON-5U soddisfa le diverse esigenze negli scenari tipici:<\/p>\n<p>Supporto girevole KineMON: consente di montare il monitor direttamente sulla parte anteriore del corpo della telecamera e sulla piastra superiore del TERRA\/MAVO KineKIT;<br \/>\nSupporto coldshoe KineMON: consente di montare il monitor direttamente in qualsiasi posizione dotata di attacco coldshoe. Sono presenti due prese coldshoe: nella parte anteriore o all'estremit\u00e0 dell'impugnatura superiore in legno del TERRA\/MAVO KineKIT;<br \/>\nPiastra rapida Movcam: montata direttamente sul lato destro del monitor, la piastra rapida pu\u00f2 funzionare facilmente con la nuova staffa EVF Movcam senza bisogno di attrezzi;<br \/>\nBraccio robusto da 6 pollici con smorzamento: consente di posizionare facilmente il monitor ed \u00e8 flessibile da montare se sono presenti fori filettati da 1\/4\u2033-20.<br \/>\nSchermo a laminazione completa da 2000 nit e ad alta luminosit\u00e0<\/p>\n<p>KineMON-5U2 \u00e8 in grado di funzionare direttamente in ambienti chiusi o aperti grazie al suo schermo ad alta luminosit\u00e0 da 2000 nit. Anche con la luce solare diretta, i registi indipendenti possono controllare la composizione e l'esposizione come di consueto. L'intero sistema di telecamere Kinefinity \u00e8 pi\u00f9 flessibile per creare opere realizzate con la sottile e leggera KineMON-5U2 con il full frame MAVO LF.<\/p>\n<p>Il monitor ultra-luminoso adotta anche la tecnologia OCR Full Lamination con vetro temperato ad alta resistenza e trasmissivit\u00e0 per garantire una maggiore trasmissione della luce e una minore riflessione della luce, cos\u00ec la luminosit\u00e0 dell'immagine \u00e8 pi\u00f9 nitida alla luce del sole e la sua luminosit\u00e0 \u00e8 migliorata. Inoltre, la superficie del vetro \u00e8 dotata di rivestimento AF antigrasso, pi\u00f9 facile da pulire e comodo.<\/p>\n<p>Come monitor per telecamere cinematografiche, le specifiche del pannello LCD sono superiori: 16 milioni di colori (profondit\u00e0 RGB a 24 bit), gamma Rec.709 al 100%, risoluzione fisica 1920\u00d71080 (441 ppi), rapporto di contrasto 1000:1, angolo di visione completo e retroilluminazione a LED. Il display Retina di elevata qualit\u00e0 garantisce immagini nitide e chiare.<\/p>\n<p>Display LCD Retina IPS 1080p con rivestimento AR e anti-impronta, 16 milioni di colori, 2000 nit per una visibilit\u00e0 anche alla luce del giorno, nuova funzione touch screen, dedicato alle videocamere Kinefinity Cinema.<\/p>\n<p>Nuovo pulsante funzione per l'attivazione del menu, in combinazione con il touch screen; tutti i parametri della telecamera possono essere regolati comodamente sul monitor con l'interfaccia di monitoraggio come centro.<\/p>\n<p>Con corpo in lega di alluminio, rapporto schermo-frontale elevato e schermo da 5\" con protezione in vetro Gorilla, KineMON-5U \u00e8 robusto e durevole. Per alimentare il monitor e ricevere il segnale video dalle telecamere Kinefinity Cinema \u00e8 necessario un solo cavo video Kine.<\/p>\n<p><strong>*La funzione touch screen di KineMON-5U2\/KineMON-7U2 \u00e8 applicabile solo alle telecamere MAVO Edge.<\/strong><\/p>","protected":false},"excerpt":{"rendered":"<p>Display LCD Retina IPS 1080p con rivestimento AR e anti-impronta, 16 milioni di colori, 2000 nit per una visibilit\u00e0 anche alla luce del giorno, nuova funzione touch screen, dedicato alle videocamere Kinefinity Cinema.<\/p>\n<p>Nuovo pulsante funzione per l'attivazione del menu, in combinazione con il touch screen; tutti i parametri della telecamera possono essere regolati comodamente sul monitor con l'interfaccia di monitoraggio come centro.<\/p>\n<p>Con corpo in lega di alluminio, rapporto schermo-frontale elevato e schermo da 5\" con protezione in vetro Gorilla, KineMON-5U \u00e8 robusto e durevole. Per alimentare il monitor e ricevere il segnale video dalle telecamere Kinefinity Cinema \u00e8 necessario un solo cavo video Kine.<\/p>\n<p><strong>*La funzione touch screen di KineMON-5U2\/KineMON-7U2 \u00e8 applicabile solo alle telecamere MAVO Edge.<\/strong><\/p>","protected":false},"featured_media":69083,"template":"","meta":{"_acf_changed":false,"inline_featured_image":false},"pwb-brand":[8397],"product_cat":[393,10336,10408,414,415],"product_tag":[4521,277,8790],"class_list":{"0":"post-22453","1":"product","2":"type-product","3":"status-publish","4":"has-post-thumbnail","6":"pwb-brand-kinefinity","7":"product_cat-cameras","8":"product_cat-kinefinity-brands-cameras","9":"product_cat-kinefinity-accessoires","10":"product_cat-video-monitor","11":"product_cat-monitor","12":"product_tag-kinefinity","13":"product_tag-monitor","14":"product_tag-video-monitor","15":"product_shipping_class-normal","17":"first","18":"onbackorder","19":"taxable","20":"shipping-taxable","21":"purchasable","22":"product-type-variable"},"acf":{"supplier":"","buy_price":"","last_sync":""},"yoast_head":"<!-- This site is optimized with the Yoast SEO Premium plugin v21.8 (Yoast SEO v24.3) - https:\/\/yoast.com\/wordpress\/plugins\/seo\/ -->\n<title>Kinefinity KineMON-5U2 5&quot; Ultra-Bright Monitor | Cinegear Amsterdam<\/title>\n<meta name=\"description\" content=\"1080p IPS LCD Retina display with AR coating and Anti-fingerprint coating, 16M colors, 2000nit brings daylight visibility, new touch screen function, dedicated to Kinefinity Cinema Cameras.  New function button of triggering the menu, combining with the touch screen, all parameters of the camera can be adjusted on the monitor conveniently with the monitoring interface as center.  Aluminum alloy body with front high screen ratio and 5\u2033 screen with Gorilla glass protection, the KineMON-5U is strong and durable. Only one\u00a0Kine Video Cord\u00a0is needed for the monitor to get power supply and video signal from Kinefinity Cinema Cameras.  *The touch screen function of KineMON-5U2\/KineMON-7U2 is only applicable to MAVO Edge cameras.\" \/>\n<meta name=\"robots\" content=\"index, follow, max-snippet:-1, max-image-preview:large, max-video-preview:-1\" \/>\n<link rel=\"canonical\" href=\"https:\/\/cinegear.nl\/it\/prodotto\/kinefinity-kinemon-5u2-ultra-bright-monitor\/\" \/>\n<meta property=\"og:locale\" content=\"it_IT\" \/>\n<meta property=\"og:type\" content=\"article\" \/>\n<meta property=\"og:title\" content=\"Kinefinity KineMON-5U2 5&quot; Ultra-Bright Monitor\" \/>\n<meta property=\"og:description\" content=\"1080p IPS LCD Retina display with AR coating and Anti-fingerprint coating, 16M colors, 2000nit brings daylight visibility, new touch screen function, dedicated to Kinefinity Cinema Cameras.  New function button of triggering the menu, combining with the touch screen, all parameters of the camera can be adjusted on the monitor conveniently with the monitoring interface as center.  Aluminum alloy body with front high screen ratio and 5\u2033 screen with Gorilla glass protection, the KineMON-5U is strong and durable. Only one\u00a0Kine Video Cord\u00a0is needed for the monitor to get power supply and video signal from Kinefinity Cinema Cameras.  *The touch screen function of KineMON-5U2\/KineMON-7U2 is only applicable to MAVO Edge cameras.\" \/>\n<meta property=\"og:url\" content=\"https:\/\/cinegear.nl\/it\/prodotto\/kinefinity-kinemon-5u2-ultra-bright-monitor\/\" \/>\n<meta property=\"og:site_name\" content=\"Cinegear Amsterdam\" \/>\n<meta property=\"article:modified_time\" content=\"2026-03-13T12:26:14+00:00\" \/>\n<meta property=\"og:image\" content=\"https:\/\/cinegear.nl\/wp-content\/uploads\/2021\/09\/PS-MON5U2_1_1620x1620_77411db2-fd3f-429f-bedf-8ef6d85536fb.webp\" \/>\n\t<meta property=\"og:image:width\" content=\"1620\" \/>\n\t<meta property=\"og:image:height\" content=\"1620\" \/>\n\t<meta property=\"og:image:type\" content=\"image\/webp\" \/>\n<meta name=\"twitter:card\" content=\"summary_large_image\" \/>\n<meta name=\"twitter:label1\" content=\"Tempo di lettura stimato\" \/>\n\t<meta name=\"twitter:data1\" content=\"5 minuti\" \/>\n<script type=\"application\/ld+json\" class=\"yoast-schema-graph\">{\"@context\":\"https:\/\/schema.org\",\"@graph\":[{\"@type\":\"WebPage\",\"@id\":\"https:\/\/cinegear.nl\/product\/kinefinity-kinemon-5u2-ultra-bright-monitor\/\",\"url\":\"https:\/\/cinegear.nl\/product\/kinefinity-kinemon-5u2-ultra-bright-monitor\/\",\"name\":\"Kinefinity KineMON-5U2 5\\\" Ultra-Bright Monitor | Cinegear Amsterdam\",\"isPartOf\":{\"@id\":\"https:\/\/cinegear.nl\/#website\"},\"primaryImageOfPage\":{\"@id\":\"https:\/\/cinegear.nl\/product\/kinefinity-kinemon-5u2-ultra-bright-monitor\/#primaryimage\"},\"image\":{\"@id\":\"https:\/\/cinegear.nl\/product\/kinefinity-kinemon-5u2-ultra-bright-monitor\/#primaryimage\"},\"thumbnailUrl\":\"https:\/\/cinegear.nl\/wp-content\/uploads\/2021\/09\/PS-MON5U2_1_1620x1620_77411db2-fd3f-429f-bedf-8ef6d85536fb.webp\",\"datePublished\":\"2021-09-29T12:15:59+00:00\",\"dateModified\":\"2026-03-13T12:26:14+00:00\",\"description\":\"1080p IPS LCD Retina display with AR coating and Anti-fingerprint coating, 16M colors, 2000nit brings daylight visibility, new touch screen function, dedicated to Kinefinity Cinema Cameras. New function button of triggering the menu, combining with the touch screen, all parameters of the camera can be adjusted on the monitor conveniently with the monitoring interface as center. Aluminum alloy body with front high screen ratio and 5\u2033 screen with Gorilla glass protection, the KineMON-5U is strong and durable. Only one\u00a0Kine Video Cord\u00a0is needed for the monitor to get power supply and video signal from Kinefinity Cinema Cameras. *The touch screen function of KineMON-5U2\/KineMON-7U2 is only applicable to MAVO Edge cameras.\",\"breadcrumb\":{\"@id\":\"https:\/\/cinegear.nl\/product\/kinefinity-kinemon-5u2-ultra-bright-monitor\/#breadcrumb\"},\"inLanguage\":\"it-IT\",\"potentialAction\":[{\"@type\":\"ReadAction\",\"target\":[\"https:\/\/cinegear.nl\/product\/kinefinity-kinemon-5u2-ultra-bright-monitor\/\"]}]},{\"@type\":\"ImageObject\",\"inLanguage\":\"it-IT\",\"@id\":\"https:\/\/cinegear.nl\/product\/kinefinity-kinemon-5u2-ultra-bright-monitor\/#primaryimage\",\"url\":\"https:\/\/cinegear.nl\/wp-content\/uploads\/2021\/09\/PS-MON5U2_1_1620x1620_77411db2-fd3f-429f-bedf-8ef6d85536fb.webp\",\"contentUrl\":\"https:\/\/cinegear.nl\/wp-content\/uploads\/2021\/09\/PS-MON5U2_1_1620x1620_77411db2-fd3f-429f-bedf-8ef6d85536fb.webp\",\"width\":1620,\"height\":1620,\"caption\":\"Kinefinity KineMON-5U2 5\\\" Ultra-Bright Monitor\"},{\"@type\":\"BreadcrumbList\",\"@id\":\"https:\/\/cinegear.nl\/product\/kinefinity-kinemon-5u2-ultra-bright-monitor\/#breadcrumb\",\"itemListElement\":[{\"@type\":\"ListItem\",\"position\":1,\"name\":\"Home\",\"item\":\"https:\/\/cinegear.nl\/\"},{\"@type\":\"ListItem\",\"position\":2,\"name\":\"Store\",\"item\":\"https:\/\/cinegear.nl\/product-category-kine-cameras\/\"},{\"@type\":\"ListItem\",\"position\":3,\"name\":\"Kinefinity KineMON-5U2 5&#8243; Ultra-Bright Monitor\"}]},{\"@type\":\"WebSite\",\"@id\":\"https:\/\/cinegear.nl\/#website\",\"url\":\"https:\/\/cinegear.nl\/\",\"name\":\"Cinegear Amsterdam\",\"description\":\"\",\"publisher\":{\"@id\":\"https:\/\/cinegear.nl\/#organization\"},\"potentialAction\":[{\"@type\":\"SearchAction\",\"target\":{\"@type\":\"EntryPoint\",\"urlTemplate\":\"https:\/\/cinegear.nl\/?s={search_term_string}\"},\"query-input\":{\"@type\":\"PropertyValueSpecification\",\"valueRequired\":true,\"valueName\":\"search_term_string\"}}],\"inLanguage\":\"it-IT\"},{\"@type\":\"Organization\",\"@id\":\"https:\/\/cinegear.nl\/#organization\",\"name\":\"Cinegear\",\"url\":\"https:\/\/cinegear.nl\/\",\"logo\":{\"@type\":\"ImageObject\",\"inLanguage\":\"it-IT\",\"@id\":\"https:\/\/cinegear.nl\/#\/schema\/logo\/image\/\",\"url\":\"https:\/\/cinegear.nl\/wp-content\/uploads\/2019\/12\/Transparent_Normal_Logo.jpg\",\"contentUrl\":\"https:\/\/cinegear.nl\/wp-content\/uploads\/2019\/12\/Transparent_Normal_Logo.jpg\",\"width\":858,\"height\":782,\"caption\":\"Cinegear\"},\"image\":{\"@id\":\"https:\/\/cinegear.nl\/#\/schema\/logo\/image\/\"}}]}<\/script>\n<!-- \/ Yoast SEO Premium plugin. -->","yoast_head_json":{"title":"Kinefinity KineMON-5U2 5\" Ultra-Bright Monitor | Cinegear Amsterdam","description":"1080p IPS LCD Retina display with AR coating and Anti-fingerprint coating, 16M colors, 2000nit brings daylight visibility, new touch screen function, dedicated to Kinefinity Cinema Cameras.  New function button of triggering the menu, combining with the touch screen, all parameters of the camera can be adjusted on the monitor conveniently with the monitoring interface as center.  Aluminum alloy body with front high screen ratio and 5\u2033 screen with Gorilla glass protection, the KineMON-5U is strong and durable. Only one\u00a0Kine Video Cord\u00a0is needed for the monitor to get power supply and video signal from Kinefinity Cinema Cameras.  *The touch screen function of KineMON-5U2\/KineMON-7U2 is only applicable to MAVO Edge cameras.","robots":{"index":"index","follow":"follow","max-snippet":"max-snippet:-1","max-image-preview":"max-image-preview:large","max-video-preview":"max-video-preview:-1"},"canonical":"https:\/\/cinegear.nl\/it\/prodotto\/kinefinity-kinemon-5u2-ultra-bright-monitor\/","og_locale":"it_IT","og_type":"article","og_title":"Kinefinity KineMON-5U2 5\" Ultra-Bright Monitor","og_description":"1080p IPS LCD Retina display with AR coating and Anti-fingerprint coating, 16M colors, 2000nit brings daylight visibility, new touch screen function, dedicated to Kinefinity Cinema Cameras.  New function button of triggering the menu, combining with the touch screen, all parameters of the camera can be adjusted on the monitor conveniently with the monitoring interface as center.  Aluminum alloy body with front high screen ratio and 5\u2033 screen with Gorilla glass protection, the KineMON-5U is strong and durable. Only one\u00a0Kine Video Cord\u00a0is needed for the monitor to get power supply and video signal from Kinefinity Cinema Cameras.  *The touch screen function of KineMON-5U2\/KineMON-7U2 is only applicable to MAVO Edge cameras.","og_url":"https:\/\/cinegear.nl\/it\/prodotto\/kinefinity-kinemon-5u2-ultra-bright-monitor\/","og_site_name":"Cinegear Amsterdam","article_modified_time":"2026-03-13T12:26:14+00:00","og_image":[{"width":1620,"height":1620,"url":"https:\/\/cinegear.nl\/wp-content\/uploads\/2021\/09\/PS-MON5U2_1_1620x1620_77411db2-fd3f-429f-bedf-8ef6d85536fb.webp","type":"image\/webp"}],"twitter_card":"summary_large_image","twitter_misc":{"Tempo di lettura stimato":"5 minuti"},"schema":{"@context":"https:\/\/schema.org","@graph":[{"@type":"WebPage","@id":"https:\/\/cinegear.nl\/product\/kinefinity-kinemon-5u2-ultra-bright-monitor\/","url":"https:\/\/cinegear.nl\/product\/kinefinity-kinemon-5u2-ultra-bright-monitor\/","name":"Kinefinity KineMON-5U2 5\" Ultra-Bright Monitor | Cinegear Amsterdam","isPartOf":{"@id":"https:\/\/cinegear.nl\/#website"},"primaryImageOfPage":{"@id":"https:\/\/cinegear.nl\/product\/kinefinity-kinemon-5u2-ultra-bright-monitor\/#primaryimage"},"image":{"@id":"https:\/\/cinegear.nl\/product\/kinefinity-kinemon-5u2-ultra-bright-monitor\/#primaryimage"},"thumbnailUrl":"https:\/\/cinegear.nl\/wp-content\/uploads\/2021\/09\/PS-MON5U2_1_1620x1620_77411db2-fd3f-429f-bedf-8ef6d85536fb.webp","datePublished":"2021-09-29T12:15:59+00:00","dateModified":"2026-03-13T12:26:14+00:00","description":"1080p IPS LCD Retina display with AR coating and Anti-fingerprint coating, 16M colors, 2000nit brings daylight visibility, new touch screen function, dedicated to Kinefinity Cinema Cameras. New function button of triggering the menu, combining with the touch screen, all parameters of the camera can be adjusted on the monitor conveniently with the monitoring interface as center. Aluminum alloy body with front high screen ratio and 5\u2033 screen with Gorilla glass protection, the KineMON-5U is strong and durable. Only one\u00a0Kine Video Cord\u00a0is needed for the monitor to get power supply and video signal from Kinefinity Cinema Cameras. *The touch screen function of KineMON-5U2\/KineMON-7U2 is only applicable to MAVO Edge cameras.","breadcrumb":{"@id":"https:\/\/cinegear.nl\/product\/kinefinity-kinemon-5u2-ultra-bright-monitor\/#breadcrumb"},"inLanguage":"it-IT","potentialAction":[{"@type":"ReadAction","target":["https:\/\/cinegear.nl\/product\/kinefinity-kinemon-5u2-ultra-bright-monitor\/"]}]},{"@type":"ImageObject","inLanguage":"it-IT","@id":"https:\/\/cinegear.nl\/product\/kinefinity-kinemon-5u2-ultra-bright-monitor\/#primaryimage","url":"https:\/\/cinegear.nl\/wp-content\/uploads\/2021\/09\/PS-MON5U2_1_1620x1620_77411db2-fd3f-429f-bedf-8ef6d85536fb.webp","contentUrl":"https:\/\/cinegear.nl\/wp-content\/uploads\/2021\/09\/PS-MON5U2_1_1620x1620_77411db2-fd3f-429f-bedf-8ef6d85536fb.webp","width":1620,"height":1620,"caption":"Kinefinity KineMON-5U2 5\" Ultra-Bright Monitor"},{"@type":"BreadcrumbList","@id":"https:\/\/cinegear.nl\/product\/kinefinity-kinemon-5u2-ultra-bright-monitor\/#breadcrumb","itemListElement":[{"@type":"ListItem","position":1,"name":"Home","item":"https:\/\/cinegear.nl\/"},{"@type":"ListItem","position":2,"name":"Store","item":"https:\/\/cinegear.nl\/product-category-kine-cameras\/"},{"@type":"ListItem","position":3,"name":"Kinefinity KineMON-5U2 5&#8243; Ultra-Bright Monitor"}]},{"@type":"WebSite","@id":"https:\/\/cinegear.nl\/#website","url":"https:\/\/cinegear.nl\/","name":"Cinegear Amsterdam","description":"","publisher":{"@id":"https:\/\/cinegear.nl\/#organization"},"potentialAction":[{"@type":"SearchAction","target":{"@type":"EntryPoint","urlTemplate":"https:\/\/cinegear.nl\/?s={search_term_string}"},"query-input":{"@type":"PropertyValueSpecification","valueRequired":true,"valueName":"search_term_string"}}],"inLanguage":"it-IT"},{"@type":"Organization","@id":"https:\/\/cinegear.nl\/#organization","name":"Cinegear","url":"https:\/\/cinegear.nl\/","logo":{"@type":"ImageObject","inLanguage":"it-IT","@id":"https:\/\/cinegear.nl\/#\/schema\/logo\/image\/","url":"https:\/\/cinegear.nl\/wp-content\/uploads\/2019\/12\/Transparent_Normal_Logo.jpg","contentUrl":"https:\/\/cinegear.nl\/wp-content\/uploads\/2019\/12\/Transparent_Normal_Logo.jpg","width":858,"height":782,"caption":"Cinegear"},"image":{"@id":"https:\/\/cinegear.nl\/#\/schema\/logo\/image\/"}}]}},"brands":[{"id":8397,"name":"Marchi","slug":"kinefinity"}],"_links":{"self":[{"href":"https:\/\/cinegear.nl\/it\/wp-json\/wp\/v2\/product\/22453","targetHints":{"allow":["GET"]}}],"collection":[{"href":"https:\/\/cinegear.nl\/it\/wp-json\/wp\/v2\/product"}],"about":[{"href":"https:\/\/cinegear.nl\/it\/wp-json\/wp\/v2\/types\/product"}],"wp:featuredmedia":[{"embeddable":true,"href":"https:\/\/cinegear.nl\/it\/wp-json\/wp\/v2\/media\/69083"}],"wp:attachment":[{"href":"https:\/\/cinegear.nl\/it\/wp-json\/wp\/v2\/media?parent=22453"}],"wp:term":[{"taxonomy":"pwb-brand","embeddable":true,"href":"https:\/\/cinegear.nl\/it\/wp-json\/wp\/v2\/pwb-brand?post=22453"},{"taxonomy":"product_cat","embeddable":true,"href":"https:\/\/cinegear.nl\/it\/wp-json\/wp\/v2\/product_cat?post=22453"},{"taxonomy":"product_tag","embeddable":true,"href":"https:\/\/cinegear.nl\/it\/wp-json\/wp\/v2\/product_tag?post=22453"}],"curies":[{"name":"wp","href":"https:\/\/api.w.org\/{rel}","templated":true}]}}