{"id":22319,"date":"2021-07-13T15:17:21","date_gmt":"2021-07-13T13:17:21","guid":{"rendered":"https:\/\/cinegear.nl\/?post_type=product&#038;p=22319"},"modified":"2026-03-24T11:00:08","modified_gmt":"2026-03-24T10:00:08","slug":"kinefinity-screwdriver","status":"publish","type":"product","link":"https:\/\/cinegear.nl\/it\/prodotto\/kinefinity-screwdriver\/","title":{"rendered":"Cacciavite elettrico Kinefinity"},"content":{"rendered":"<h2><strong>Cacciavite elettrico Kinefinity<\/strong><\/h2>\n<p>Il cacciavite elettrico \u00e8 uno strumento completamente nuovo progettato congiuntamente da Kinefinity e Wowstick. Caratterizzato da un corpo leggero, adotta anche un design integrato manuale ed elettrico per consentire una funzione a doppia potenza. Con una velocit\u00e0 moderata di 200R\/MIN e un intervallo di coppia preciso, il cacciavite elettrico migliora l'efficienza di rotazione delle viti ed evita di danneggiare gli oggetti bloccati a causa della coppia eccessiva.<\/p>\n<h3><strong>Design integrato e a doppia alimentazione<\/strong><\/h3>\n<p>Il cacciavite elettrico \u00e8 in grado di passare automaticamente dalla funzione manuale a quella elettrica. La funzione elettrica \u00e8 in grado di semplificare il processo di torsione delle viti e di migliorare l'efficienza del lavoro. Se il lavoro non \u00e8 sufficiente, \u00e8 sufficiente applicare un po' di forza manuale e lasciare il resto al cacciavite.<\/p>\n<h3><strong>Intelligente e portatile<\/strong><\/h3>\n<p>Con il corpo in lega di alluminio S2 di 173 mm di lunghezza, il cacciavite elettrico pesa solo 250 g, leggero e facile da trasportare durante le riprese in movimento. La confezione comprende sei punte per viti: SL4.0, PH0 , H2.0, H2.5, H3.0 e H4.0, in grado di soddisfare la maggior parte delle richieste di distacco dei KIT nell'industria cinematografica.<\/p>\n<h3><strong>Forza e resistenza<\/strong><\/h3>\n<p>Dotato di porta di ricarica di tipo C sul corpo del cacciavite, il suo circuito flessibile ultra-preciso e la batteria al litio ad alta energia garantiscono 6 ore di lavoro ininterrotto dopo che il cacciavite elettrico \u00e8 stato caricato in 40 minuti. Inoltre, la carica continua a vuoto dura 2 ore e la resistenza \u00e8 di 180 giorni. Inoltre, Kinefinity e Wowstick integrano tre luci LED senza ombre, la stessa tecnologia LED utilizzata dai chirurghi per produrre una luce senza ombre, in modo da non perdere nulla.<\/p>\n<hr \/>\n<p><img decoding=\"async\" class=\"aligncenter size-large\" src=\"http:\/\/www.kinefinity.com\/wp-content\/uploads\/2020\/08\/wowstick_render_v1.0_12-scaled.jpg\" alt=\"sensor size com\" \/><\/p>\n<h3><strong>Specifiche<\/strong><\/h3>\n<ul>\n<li>Colore: grigio spazio;<\/li>\n<li>Dimensioni: 6,8\u00d70,6\u2033 \/173\u00d715,8MM (LxP);<\/li>\n<li>Punte per viti: SL4.0, PH0 , H2.0, H2.5, H3.0, H4.0;<\/li>\n<li>Tipo di pulsante: 2 pulsanti separati, il pulsante anteriore per fissare la vite e il secondo pulsante per allentare la vite;<\/li>\n<li>LED: 3xLED Luci senza ombra;<\/li>\n<li>Ricarica: Batteria agli ioni di litio Carica;<\/li>\n<li>Tensione di ingresso: 3,7 V;<\/li>\n<li>Tempo di ricarica: 40 minuti (stato di carica con luce rossa; piena potenza con luce verde);<\/li>\n<li>Tempo di resistenza: carico continuo a vuoto per 2 ore e resistenza per 180 giorni;<\/li>\n<li>Gamma di coppia: elettrica: MAX 0,15N-M, manuale: MAX 3N-M;<\/li>\n<li>Velocit\u00e0: 200R\/MIN.<\/li>\n<\/ul>\n<hr \/>\n<p><img loading=\"lazy\" decoding=\"async\" class=\"aligncenter wp-image-27354 size-full\" src=\"http:\/\/www.kinefinity.com\/wp-content\/uploads\/2020\/08\/wowstick_render_ow_10-scaled.jpg\" sizes=\"auto, (max-width: 2560px) 100vw, 2560px\" srcset=\"https:\/\/www.kinefinity.com\/wp-content\/uploads\/2020\/08\/wowstick_render_ow_10-scaled.jpg 2560w, https:\/\/www.kinefinity.com\/wp-content\/uploads\/2020\/08\/wowstick_render_ow_10-300x169.jpg 300w, https:\/\/www.kinefinity.com\/wp-content\/uploads\/2020\/08\/wowstick_render_ow_10-1024x576.jpg 1024w, https:\/\/www.kinefinity.com\/wp-content\/uploads\/2020\/08\/wowstick_render_ow_10-150x84.jpg 150w, https:\/\/www.kinefinity.com\/wp-content\/uploads\/2020\/08\/wowstick_render_ow_10-768x432.jpg 768w, https:\/\/www.kinefinity.com\/wp-content\/uploads\/2020\/08\/wowstick_render_ow_10-1536x864.jpg 1536w, https:\/\/www.kinefinity.com\/wp-content\/uploads\/2020\/08\/wowstick_render_ow_10-2048x1152.jpg 2048w\" alt=\"\" width=\"2560\" height=\"1440\" \/><\/p>\n<h2><strong>Elenco della spedizione<\/strong><\/h2>\n<ul>\n<li>Corpo del cacciavitex1;<\/li>\n<li>Cacciavite capx1;<\/li>\n<li>Punte per viti x6: SL4.0, PH0 , H2.0, H2.5, H3.0, H4.0;.<\/li>\n<li>Basex1;<\/li>\n<li>Cavo di ricaricax1 (cavo da USB-A a USB Type-C: Non supporta il protocollo PD, quindi \u00e8 applicabile solo il cavo da USB-A a USB Type-C).<\/li>\n<\/ul>\n<p>&nbsp;<\/p>","protected":false},"excerpt":{"rendered":"<p>Il cacciavite elettrico \u00e8 uno strumento completamente nuovo progettato congiuntamente da Kinefinity e Wowstick. Adotta un funzionamento a doppia potenza con funzione manuale ed elettrica auto-swicthable: coppia elettrica: MAX 0,15N-M, coppia manuale: MAX 3N-M. Dotato di porta di ricarica di tipo C sul corpo del cacciavite, il suo circuito flessibile ultra-preciso e la batteria al litio ad alta energia garantiscono 6 ore di lavoro ininterrotto dopo che il cacciavite elettrico \u00e8 stato caricato in 40 minuti.<\/p>\n<p>Il pacchetto \u00e8 dotato di sei punte di vite: SL4.0\u3001PH0 \u3001H2.0\u3001H2.5\u3001H3.0 e H4.0, in grado di soddisfare la maggior parte delle richieste per il distacco di KIT nell'industria cinematografica.<\/p>\n<ul class=\"list_OMS5rN7R1Z\">\n<li class=\"listItem_OMS5rN7R1Z\" data-selenium=\"sellingPointsListItem\">Sei bit di vite<\/li>\n<li class=\"listItem_OMS5rN7R1Z\" data-selenium=\"sellingPointsListItem\">Modalit\u00e0 manuale ed elettrica<\/li>\n<li class=\"listItem_OMS5rN7R1Z\" data-selenium=\"sellingPointsListItem\">200 rotazioni al minuto<\/li>\n<li class=\"listItem_OMS5rN7R1Z\" data-selenium=\"sellingPointsListItem\">Gamma di coppia elettrica: Max 0,15 N-m<\/li>\n<li class=\"listItem_OMS5rN7R1Z\" data-selenium=\"sellingPointsListItem\">Gamma di coppia manuale: Max 3 N-m<\/li>\n<\/ul>","protected":false},"featured_media":69112,"template":"","meta":{"_acf_changed":false,"inline_featured_image":false},"pwb-brand":[8397],"product_cat":[14185,10408],"product_tag":[4521,8943],"class_list":{"0":"post-22319","1":"product","2":"type-product","3":"status-publish","4":"has-post-thumbnail","6":"pwb-brand-kinefinity","7":"product_cat-tools-film-crew-equipment","8":"product_cat-kinefinity-accessoires","9":"product_tag-kinefinity","10":"product_tag-screwdriver","11":"product_shipping_class-small","13":"first","14":"onbackorder","15":"taxable","16":"shipping-taxable","17":"purchasable","18":"product-type-simple"},"acf":{"supplier":"","buy_price":"","last_sync":""},"yoast_head":"<!-- This site is optimized with the Yoast SEO Premium plugin v21.8 (Yoast SEO v24.3) - https:\/\/yoast.com\/wordpress\/plugins\/seo\/ -->\n<title>Kinefinity Electric Screwdriver | Kinefinity Accessoires | Cinegear Amsterdam<\/title>\n<meta name=\"description\" content=\"The electric screwdriver is a whole-new tool jointly designed by Kinefinity and Wowstick. It adopts dual power operation with auto-swicthable manual and electric function: electric torque: MAX 0.15N\u00b7M, manual torque: MAX 3N\u00b7M. Featured with type-C charge port on the screwdriver body, its ultra-precision flexible circuit and high-energy lithium battery guarantee for 6 hours of uninterrupted work after the electric screwdriver is charged in 40 min.  The package is equipped with six screw bits: SL4.0\u3001PH0 \u3001H2.0\u3001H2.5\u3001H3.0 and H4.0, which can meet most demands for detaching KITs in the film industry.   Six Screw Bits  Manual and Electric Modes  200 Rotations per Minute  Electric Torque Range: Max 0.15 N\u00b7m  Manual Torque Range: Max 3 N\u00b7m\" \/>\n<meta name=\"robots\" content=\"index, follow, max-snippet:-1, max-image-preview:large, max-video-preview:-1\" \/>\n<link rel=\"canonical\" href=\"https:\/\/cinegear.nl\/it\/prodotto\/kinefinity-screwdriver\/\" \/>\n<meta property=\"og:locale\" content=\"it_IT\" \/>\n<meta property=\"og:type\" content=\"article\" \/>\n<meta property=\"og:title\" content=\"Kinefinity Electric Screwdriver\" \/>\n<meta property=\"og:description\" content=\"The electric screwdriver is a whole-new tool jointly designed by Kinefinity and Wowstick. It adopts dual power operation with auto-swicthable manual and electric function: electric torque: MAX 0.15N\u00b7M, manual torque: MAX 3N\u00b7M. Featured with type-C charge port on the screwdriver body, its ultra-precision flexible circuit and high-energy lithium battery guarantee for 6 hours of uninterrupted work after the electric screwdriver is charged in 40 min.  The package is equipped with six screw bits: SL4.0\u3001PH0 \u3001H2.0\u3001H2.5\u3001H3.0 and H4.0, which can meet most demands for detaching KITs in the film industry.   Six Screw Bits  Manual and Electric Modes  200 Rotations per Minute  Electric Torque Range: Max 0.15 N\u00b7m  Manual Torque Range: Max 3 N\u00b7m\" \/>\n<meta property=\"og:url\" content=\"https:\/\/cinegear.nl\/it\/prodotto\/kinefinity-screwdriver\/\" \/>\n<meta property=\"og:site_name\" content=\"Cinegear Amsterdam\" \/>\n<meta property=\"article:modified_time\" content=\"2026-03-24T10:00:08+00:00\" \/>\n<meta property=\"og:image\" content=\"https:\/\/cinegear.nl\/wp-content\/uploads\/2021\/07\/1647258619_1693563.jpg\" \/>\n\t<meta property=\"og:image:width\" content=\"1000\" \/>\n\t<meta property=\"og:image:height\" content=\"1000\" \/>\n\t<meta property=\"og:image:type\" content=\"image\/jpeg\" \/>\n<meta name=\"twitter:card\" content=\"summary_large_image\" \/>\n<meta name=\"twitter:label1\" content=\"Tempo di lettura stimato\" \/>\n\t<meta name=\"twitter:data1\" content=\"3 minuti\" \/>\n<script type=\"application\/ld+json\" class=\"yoast-schema-graph\">{\"@context\":\"https:\/\/schema.org\",\"@graph\":[{\"@type\":\"WebPage\",\"@id\":\"https:\/\/cinegear.nl\/product\/kinefinity-screwdriver\/\",\"url\":\"https:\/\/cinegear.nl\/product\/kinefinity-screwdriver\/\",\"name\":\"Kinefinity Electric Screwdriver | Kinefinity Accessoires | Cinegear Amsterdam\",\"isPartOf\":{\"@id\":\"https:\/\/cinegear.nl\/#website\"},\"primaryImageOfPage\":{\"@id\":\"https:\/\/cinegear.nl\/product\/kinefinity-screwdriver\/#primaryimage\"},\"image\":{\"@id\":\"https:\/\/cinegear.nl\/product\/kinefinity-screwdriver\/#primaryimage\"},\"thumbnailUrl\":\"https:\/\/cinegear.nl\/wp-content\/uploads\/2021\/07\/1647258619_1693563.jpg\",\"datePublished\":\"2021-07-13T13:17:21+00:00\",\"dateModified\":\"2026-03-24T10:00:08+00:00\",\"description\":\"The electric screwdriver is a whole-new tool jointly designed by Kinefinity and Wowstick. It adopts dual power operation with auto-swicthable manual and electric function: electric torque: MAX 0.15N\u00b7M, manual torque: MAX 3N\u00b7M. Featured with type-C charge port on the screwdriver body, its ultra-precision flexible circuit and high-energy lithium battery guarantee for 6 hours of uninterrupted work after the electric screwdriver is charged in 40 min. The package is equipped with six screw bits: SL4.0\u3001PH0 \u3001H2.0\u3001H2.5\u3001H3.0 and H4.0, which can meet most demands for detaching KITs in the film industry. Six Screw Bits Manual and Electric Modes 200 Rotations per Minute Electric Torque Range: Max 0.15 N\u00b7m Manual Torque Range: Max 3 N\u00b7m\",\"breadcrumb\":{\"@id\":\"https:\/\/cinegear.nl\/product\/kinefinity-screwdriver\/#breadcrumb\"},\"inLanguage\":\"it-IT\",\"potentialAction\":[{\"@type\":\"ReadAction\",\"target\":[\"https:\/\/cinegear.nl\/product\/kinefinity-screwdriver\/\"]}]},{\"@type\":\"ImageObject\",\"inLanguage\":\"it-IT\",\"@id\":\"https:\/\/cinegear.nl\/product\/kinefinity-screwdriver\/#primaryimage\",\"url\":\"https:\/\/cinegear.nl\/wp-content\/uploads\/2021\/07\/1647258619_1693563.jpg\",\"contentUrl\":\"https:\/\/cinegear.nl\/wp-content\/uploads\/2021\/07\/1647258619_1693563.jpg\",\"width\":1000,\"height\":1000,\"caption\":\"Kinefinity Electric Screwdriver\"},{\"@type\":\"BreadcrumbList\",\"@id\":\"https:\/\/cinegear.nl\/product\/kinefinity-screwdriver\/#breadcrumb\",\"itemListElement\":[{\"@type\":\"ListItem\",\"position\":1,\"name\":\"Home\",\"item\":\"https:\/\/cinegear.nl\/\"},{\"@type\":\"ListItem\",\"position\":2,\"name\":\"Store\",\"item\":\"https:\/\/cinegear.nl\/product-category-kine-cameras\/\"},{\"@type\":\"ListItem\",\"position\":3,\"name\":\"Kinefinity Electric Screwdriver\"}]},{\"@type\":\"WebSite\",\"@id\":\"https:\/\/cinegear.nl\/#website\",\"url\":\"https:\/\/cinegear.nl\/\",\"name\":\"Cinegear Amsterdam\",\"description\":\"\",\"publisher\":{\"@id\":\"https:\/\/cinegear.nl\/#organization\"},\"potentialAction\":[{\"@type\":\"SearchAction\",\"target\":{\"@type\":\"EntryPoint\",\"urlTemplate\":\"https:\/\/cinegear.nl\/?s={search_term_string}\"},\"query-input\":{\"@type\":\"PropertyValueSpecification\",\"valueRequired\":true,\"valueName\":\"search_term_string\"}}],\"inLanguage\":\"it-IT\"},{\"@type\":\"Organization\",\"@id\":\"https:\/\/cinegear.nl\/#organization\",\"name\":\"Cinegear\",\"url\":\"https:\/\/cinegear.nl\/\",\"logo\":{\"@type\":\"ImageObject\",\"inLanguage\":\"it-IT\",\"@id\":\"https:\/\/cinegear.nl\/#\/schema\/logo\/image\/\",\"url\":\"https:\/\/cinegear.nl\/wp-content\/uploads\/2019\/12\/Transparent_Normal_Logo.jpg\",\"contentUrl\":\"https:\/\/cinegear.nl\/wp-content\/uploads\/2019\/12\/Transparent_Normal_Logo.jpg\",\"width\":858,\"height\":782,\"caption\":\"Cinegear\"},\"image\":{\"@id\":\"https:\/\/cinegear.nl\/#\/schema\/logo\/image\/\"}}]}<\/script>\n<!-- \/ Yoast SEO Premium plugin. -->","yoast_head_json":{"title":"Kinefinity Electric Screwdriver | Kinefinity Accessoires | Cinegear Amsterdam","description":"The electric screwdriver is a whole-new tool jointly designed by Kinefinity and Wowstick. It adopts dual power operation with auto-swicthable manual and electric function: electric torque: MAX 0.15N\u00b7M, manual torque: MAX 3N\u00b7M. Featured with type-C charge port on the screwdriver body, its ultra-precision flexible circuit and high-energy lithium battery guarantee for 6 hours of uninterrupted work after the electric screwdriver is charged in 40 min.  The package is equipped with six screw bits: SL4.0\u3001PH0 \u3001H2.0\u3001H2.5\u3001H3.0 and H4.0, which can meet most demands for detaching KITs in the film industry.   Six Screw Bits  Manual and Electric Modes  200 Rotations per Minute  Electric Torque Range: Max 0.15 N\u00b7m  Manual Torque Range: Max 3 N\u00b7m","robots":{"index":"index","follow":"follow","max-snippet":"max-snippet:-1","max-image-preview":"max-image-preview:large","max-video-preview":"max-video-preview:-1"},"canonical":"https:\/\/cinegear.nl\/it\/prodotto\/kinefinity-screwdriver\/","og_locale":"it_IT","og_type":"article","og_title":"Kinefinity Electric Screwdriver","og_description":"The electric screwdriver is a whole-new tool jointly designed by Kinefinity and Wowstick. It adopts dual power operation with auto-swicthable manual and electric function: electric torque: MAX 0.15N\u00b7M, manual torque: MAX 3N\u00b7M. Featured with type-C charge port on the screwdriver body, its ultra-precision flexible circuit and high-energy lithium battery guarantee for 6 hours of uninterrupted work after the electric screwdriver is charged in 40 min.  The package is equipped with six screw bits: SL4.0\u3001PH0 \u3001H2.0\u3001H2.5\u3001H3.0 and H4.0, which can meet most demands for detaching KITs in the film industry.   Six Screw Bits  Manual and Electric Modes  200 Rotations per Minute  Electric Torque Range: Max 0.15 N\u00b7m  Manual Torque Range: Max 3 N\u00b7m","og_url":"https:\/\/cinegear.nl\/it\/prodotto\/kinefinity-screwdriver\/","og_site_name":"Cinegear Amsterdam","article_modified_time":"2026-03-24T10:00:08+00:00","og_image":[{"width":1000,"height":1000,"url":"https:\/\/cinegear.nl\/wp-content\/uploads\/2021\/07\/1647258619_1693563.jpg","type":"image\/jpeg"}],"twitter_card":"summary_large_image","twitter_misc":{"Tempo di lettura stimato":"3 minuti"},"schema":{"@context":"https:\/\/schema.org","@graph":[{"@type":"WebPage","@id":"https:\/\/cinegear.nl\/product\/kinefinity-screwdriver\/","url":"https:\/\/cinegear.nl\/product\/kinefinity-screwdriver\/","name":"Kinefinity Electric Screwdriver | Kinefinity Accessoires | Cinegear Amsterdam","isPartOf":{"@id":"https:\/\/cinegear.nl\/#website"},"primaryImageOfPage":{"@id":"https:\/\/cinegear.nl\/product\/kinefinity-screwdriver\/#primaryimage"},"image":{"@id":"https:\/\/cinegear.nl\/product\/kinefinity-screwdriver\/#primaryimage"},"thumbnailUrl":"https:\/\/cinegear.nl\/wp-content\/uploads\/2021\/07\/1647258619_1693563.jpg","datePublished":"2021-07-13T13:17:21+00:00","dateModified":"2026-03-24T10:00:08+00:00","description":"The electric screwdriver is a whole-new tool jointly designed by Kinefinity and Wowstick. It adopts dual power operation with auto-swicthable manual and electric function: electric torque: MAX 0.15N\u00b7M, manual torque: MAX 3N\u00b7M. Featured with type-C charge port on the screwdriver body, its ultra-precision flexible circuit and high-energy lithium battery guarantee for 6 hours of uninterrupted work after the electric screwdriver is charged in 40 min. The package is equipped with six screw bits: SL4.0\u3001PH0 \u3001H2.0\u3001H2.5\u3001H3.0 and H4.0, which can meet most demands for detaching KITs in the film industry. Six Screw Bits Manual and Electric Modes 200 Rotations per Minute Electric Torque Range: Max 0.15 N\u00b7m Manual Torque Range: Max 3 N\u00b7m","breadcrumb":{"@id":"https:\/\/cinegear.nl\/product\/kinefinity-screwdriver\/#breadcrumb"},"inLanguage":"it-IT","potentialAction":[{"@type":"ReadAction","target":["https:\/\/cinegear.nl\/product\/kinefinity-screwdriver\/"]}]},{"@type":"ImageObject","inLanguage":"it-IT","@id":"https:\/\/cinegear.nl\/product\/kinefinity-screwdriver\/#primaryimage","url":"https:\/\/cinegear.nl\/wp-content\/uploads\/2021\/07\/1647258619_1693563.jpg","contentUrl":"https:\/\/cinegear.nl\/wp-content\/uploads\/2021\/07\/1647258619_1693563.jpg","width":1000,"height":1000,"caption":"Kinefinity Electric Screwdriver"},{"@type":"BreadcrumbList","@id":"https:\/\/cinegear.nl\/product\/kinefinity-screwdriver\/#breadcrumb","itemListElement":[{"@type":"ListItem","position":1,"name":"Home","item":"https:\/\/cinegear.nl\/"},{"@type":"ListItem","position":2,"name":"Store","item":"https:\/\/cinegear.nl\/product-category-kine-cameras\/"},{"@type":"ListItem","position":3,"name":"Kinefinity Electric Screwdriver"}]},{"@type":"WebSite","@id":"https:\/\/cinegear.nl\/#website","url":"https:\/\/cinegear.nl\/","name":"Cinegear Amsterdam","description":"","publisher":{"@id":"https:\/\/cinegear.nl\/#organization"},"potentialAction":[{"@type":"SearchAction","target":{"@type":"EntryPoint","urlTemplate":"https:\/\/cinegear.nl\/?s={search_term_string}"},"query-input":{"@type":"PropertyValueSpecification","valueRequired":true,"valueName":"search_term_string"}}],"inLanguage":"it-IT"},{"@type":"Organization","@id":"https:\/\/cinegear.nl\/#organization","name":"Cinegear","url":"https:\/\/cinegear.nl\/","logo":{"@type":"ImageObject","inLanguage":"it-IT","@id":"https:\/\/cinegear.nl\/#\/schema\/logo\/image\/","url":"https:\/\/cinegear.nl\/wp-content\/uploads\/2019\/12\/Transparent_Normal_Logo.jpg","contentUrl":"https:\/\/cinegear.nl\/wp-content\/uploads\/2019\/12\/Transparent_Normal_Logo.jpg","width":858,"height":782,"caption":"Cinegear"},"image":{"@id":"https:\/\/cinegear.nl\/#\/schema\/logo\/image\/"}}]}},"brands":[{"id":8397,"name":"Marchi","slug":"kinefinity"}],"_links":{"self":[{"href":"https:\/\/cinegear.nl\/it\/wp-json\/wp\/v2\/product\/22319","targetHints":{"allow":["GET"]}}],"collection":[{"href":"https:\/\/cinegear.nl\/it\/wp-json\/wp\/v2\/product"}],"about":[{"href":"https:\/\/cinegear.nl\/it\/wp-json\/wp\/v2\/types\/product"}],"wp:featuredmedia":[{"embeddable":true,"href":"https:\/\/cinegear.nl\/it\/wp-json\/wp\/v2\/media\/69112"}],"wp:attachment":[{"href":"https:\/\/cinegear.nl\/it\/wp-json\/wp\/v2\/media?parent=22319"}],"wp:term":[{"taxonomy":"pwb-brand","embeddable":true,"href":"https:\/\/cinegear.nl\/it\/wp-json\/wp\/v2\/pwb-brand?post=22319"},{"taxonomy":"product_cat","embeddable":true,"href":"https:\/\/cinegear.nl\/it\/wp-json\/wp\/v2\/product_cat?post=22319"},{"taxonomy":"product_tag","embeddable":true,"href":"https:\/\/cinegear.nl\/it\/wp-json\/wp\/v2\/product_tag?post=22319"}],"curies":[{"name":"wp","href":"https:\/\/api.w.org\/{rel}","templated":true}]}}