{"id":22307,"date":"2021-07-13T13:34:11","date_gmt":"2021-07-13T11:34:11","guid":{"rendered":"https:\/\/cinegear.nl\/?post_type=product&#038;p=22307"},"modified":"2024-06-20T16:41:58","modified_gmt":"2024-06-20T14:41:58","slug":"movcam-kinekit-terra-mavo-shoulder-pack","status":"publish","type":"product","link":"https:\/\/cinegear.nl\/it\/prodotto\/movcam-kinekit-terra-mavo-shoulder-pack\/","title":{"rendered":"Kinefinity Movcam KineKIT-TERRA \/ MAVO"},"content":{"rendered":"<p>KineKIT-TERRA \u00e8 progettato e realizzato grazie alla collaborazione tra Movcam e Kinefinity e interpreta la filosofia di design di Movcam in materia di accessori per fotocamere: leggeri, solidi e facili da usare.<\/p>\n<p>KineKIT-TERRA tiene conto dell'applicazione di MAVO\/TERRA in scenari tipici, come l'uso a mano, con treppiede, per applicazione a spalla, con giunto cardanico, per angoli di ripresa alti e bassi, ecc., il che lo rende la scelta migliore per MAVO\/TERRA.<\/p>\n<p>L'impugnatura superiore del KineKIT-TERRA \u00e8 realizzata in legno, pi\u00f9 costosa ma meno pesante. KineKIT-TERRA \u00e8 inoltre dotato di una piastra superiore, un supporto laterale (sebbene MAVO\/TERRA sia gi\u00e0 molto pi\u00f9 solido di altre fotocamere DSLR) e una piastra multipla inferiore progettata per il sistema da 15 mm. Il design ergonomico del Multiplate \u00e8 molto utile per l'applicazione sulla spalla.<\/p>\n<ol>\n<li>Impugnatura superiore regolabile MAVO\/TERRA: nella parte anteriore e posteriore dell'impugnatura superiore in legno, leggera e solida, sono presenti due alloggiamenti per slitta a contatto freddo. Le due prese coldshoe forniscono due posizioni per il monitor KineMON con l'ausilio dello speciale supporto coldshoe KineMON (NON incluso nel KIT). L'impugnatura superiore pu\u00f2 essere installata nella direzione opposta, in modo da tenere l'impugnatura pi\u00f9 bilanciata e sicura quando si monta un obiettivo molto pesante;<\/li>\n<li>Binario leggero con fermo: si abbina alla parte superiore del MAVO\/TERRA e anche alla piastra superiore. L'impugnatura superiore regolabile MAVO\/TERRA viene assemblata sul MAVO\/TERRA tramite la rotaia e il morsetto. Il binario \u00e8 dotato di fermi su entrambe le estremit\u00e0 per evitare scivolamenti accidentali.<\/li>\n<li>Piastra superiore leggera MAVO\/TERRA: il supporto rotante KineMON pu\u00f2 essere montato sulla parte anteriore e sul lato sinistro della piastra superiore. Grazie ai fori filettati da 1\/4\u2033-20 e 3\/8\u2033-16, la piastra superiore pu\u00f2 caricare diversi accessori;<\/li>\n<li>Supporto laterale MAVO\/TERRA: fornisce ulteriore stabilit\u00e0 al sistema della telecamera;<\/li>\n<li>MAVO\/TERRA Multiplate: supporta il sistema di aste da 15 mm, come follow focus e matte box. Il design ergonomico del Multiplate \u00e8 molto utile per l'applicazione a spalla: la posizione della fotocamera fissata al Multiplate \u00e8 regolabile in modo da bilanciare il treppiede; se dotato di spallina, la spallina pu\u00f2 essere spostata avanti e indietro, facilitando cos\u00ec l'equilibrio sulla spalla;<\/li>\n<li>Due barre di alluminio da 15 mm di diametro e 200 mm di lunghezza;<\/li>\n<li>Spallina Movcam: x1<\/li>\n<\/ol>","protected":false},"excerpt":{"rendered":"<p>Include:<\/p>\n<table width=\"365\">\n<tbody>\n<tr>\n<td width=\"365\">\u00b0 TERRA\/MAVO Multipiastra<\/td>\n<\/tr>\n<tr>\n<td>\u00b0 Impugnatura superiore TERRA\/MAVO<\/td>\n<\/tr>\n<tr>\n<td>\u00b0 Piastra superiore TERRA\/MAVO<\/td>\n<\/tr>\n<tr>\n<td>\u00b0 Supporto laterale TERRA\/MAVO<\/td>\n<\/tr>\n<tr>\n<td>\u00b0 Barra di alluminio da 15 mm di diametro, lunghezza 200 mm (2)<\/td>\n<\/tr>\n<\/tbody>\n<\/table>","protected":false},"featured_media":30877,"template":"","meta":{"_acf_changed":false,"inline_featured_image":false},"pwb-brand":[8397],"product_cat":[393,396,10327,10336,10408,16],"product_tag":[10295,10017,4521,191,10385],"class_list":{"0":"post-22307","1":"product","2":"type-product","3":"status-publish","4":"has-post-thumbnail","6":"pwb-brand-kinefinity","7":"product_cat-cameras","8":"product_cat-accessoires-cam","9":"product_cat-brands-cameras","10":"product_cat-kinefinity-brands-cameras","11":"product_cat-kinefinity-accessoires","12":"product_cat-all","13":"product_tag-amsterdam","14":"product_tag-cinegear","15":"product_tag-kinefinity","16":"product_tag-mavo","17":"product_tag-movcam","18":"product_shipping_class-small","20":"first","21":"onbackorder","22":"taxable","23":"shipping-taxable","24":"purchasable","25":"product-type-simple"},"acf":{"supplier":"","buy_price":"","last_sync":""},"yoast_head":"<!-- This site is optimized with the Yoast SEO Premium plugin v21.8 (Yoast SEO v24.3) - https:\/\/yoast.com\/wordpress\/plugins\/seo\/ -->\n<title>Kinefinity Movcam KineKIT-TERRA \/ MAVO | Cinegear Amsterdam<\/title>\n<meta name=\"description\" content=\"KineKIT-TERRA is designed and built by cooperation between Movcam and Kinefinity, and it interprets Movcam\u2019s design philosophy about camera\" \/>\n<meta name=\"robots\" content=\"index, follow, max-snippet:-1, max-image-preview:large, max-video-preview:-1\" \/>\n<link rel=\"canonical\" href=\"https:\/\/cinegear.nl\/it\/prodotto\/movcam-kinekit-terra-mavo-shoulder-pack\/\" \/>\n<meta property=\"og:locale\" content=\"it_IT\" \/>\n<meta property=\"og:type\" content=\"article\" \/>\n<meta property=\"og:title\" content=\"Kinefinity Movcam KineKIT-TERRA \/ MAVO\" \/>\n<meta property=\"og:description\" content=\"KineKIT-TERRA is designed and built by cooperation between Movcam and Kinefinity, and it interprets Movcam\u2019s design philosophy about camera\" \/>\n<meta property=\"og:url\" content=\"https:\/\/cinegear.nl\/it\/prodotto\/movcam-kinekit-terra-mavo-shoulder-pack\/\" \/>\n<meta property=\"og:site_name\" content=\"Cinegear Amsterdam\" \/>\n<meta property=\"article:modified_time\" content=\"2024-06-20T14:41:58+00:00\" \/>\n<meta property=\"og:image\" content=\"https:\/\/cinegear.nl\/wp-content\/uploads\/2021\/07\/Kinefinity-Movcam-KineKIT-TERRA-MAVO-7.jpg\" \/>\n\t<meta property=\"og:image:width\" content=\"750\" \/>\n\t<meta property=\"og:image:height\" content=\"750\" \/>\n\t<meta property=\"og:image:type\" content=\"image\/jpeg\" \/>\n<meta name=\"twitter:card\" content=\"summary_large_image\" \/>\n<meta name=\"twitter:label1\" content=\"Tempo di lettura stimato\" \/>\n\t<meta name=\"twitter:data1\" content=\"2 minuti\" \/>\n<script type=\"application\/ld+json\" class=\"yoast-schema-graph\">{\"@context\":\"https:\/\/schema.org\",\"@graph\":[{\"@type\":\"WebPage\",\"@id\":\"https:\/\/cinegear.nl\/product\/movcam-kinekit-terra-mavo-shoulder-pack\/\",\"url\":\"https:\/\/cinegear.nl\/product\/movcam-kinekit-terra-mavo-shoulder-pack\/\",\"name\":\"Kinefinity Movcam KineKIT-TERRA \/ MAVO | Cinegear Amsterdam\",\"isPartOf\":{\"@id\":\"https:\/\/cinegear.nl\/#website\"},\"primaryImageOfPage\":{\"@id\":\"https:\/\/cinegear.nl\/product\/movcam-kinekit-terra-mavo-shoulder-pack\/#primaryimage\"},\"image\":{\"@id\":\"https:\/\/cinegear.nl\/product\/movcam-kinekit-terra-mavo-shoulder-pack\/#primaryimage\"},\"thumbnailUrl\":\"https:\/\/cinegear.nl\/wp-content\/uploads\/2021\/07\/Kinefinity-Movcam-KineKIT-TERRA-MAVO-7.jpg\",\"datePublished\":\"2021-07-13T11:34:11+00:00\",\"dateModified\":\"2024-06-20T14:41:58+00:00\",\"description\":\"KineKIT-TERRA is designed and built by cooperation between Movcam and Kinefinity, and it interprets Movcam\u2019s design philosophy about camera\",\"breadcrumb\":{\"@id\":\"https:\/\/cinegear.nl\/product\/movcam-kinekit-terra-mavo-shoulder-pack\/#breadcrumb\"},\"inLanguage\":\"it-IT\",\"potentialAction\":[{\"@type\":\"ReadAction\",\"target\":[\"https:\/\/cinegear.nl\/product\/movcam-kinekit-terra-mavo-shoulder-pack\/\"]}]},{\"@type\":\"ImageObject\",\"inLanguage\":\"it-IT\",\"@id\":\"https:\/\/cinegear.nl\/product\/movcam-kinekit-terra-mavo-shoulder-pack\/#primaryimage\",\"url\":\"https:\/\/cinegear.nl\/wp-content\/uploads\/2021\/07\/Kinefinity-Movcam-KineKIT-TERRA-MAVO-7.jpg\",\"contentUrl\":\"https:\/\/cinegear.nl\/wp-content\/uploads\/2021\/07\/Kinefinity-Movcam-KineKIT-TERRA-MAVO-7.jpg\",\"width\":750,\"height\":750,\"caption\":\"Kinefinity Movcam Kinekit-terra Mavo (7)\"},{\"@type\":\"BreadcrumbList\",\"@id\":\"https:\/\/cinegear.nl\/product\/movcam-kinekit-terra-mavo-shoulder-pack\/#breadcrumb\",\"itemListElement\":[{\"@type\":\"ListItem\",\"position\":1,\"name\":\"Home\",\"item\":\"https:\/\/cinegear.nl\/\"},{\"@type\":\"ListItem\",\"position\":2,\"name\":\"Store\",\"item\":\"https:\/\/cinegear.nl\/product-category-kine-cameras\/\"},{\"@type\":\"ListItem\",\"position\":3,\"name\":\"Kinefinity Movcam KineKIT-TERRA \/ MAVO\"}]},{\"@type\":\"WebSite\",\"@id\":\"https:\/\/cinegear.nl\/#website\",\"url\":\"https:\/\/cinegear.nl\/\",\"name\":\"Cinegear Amsterdam\",\"description\":\"\",\"publisher\":{\"@id\":\"https:\/\/cinegear.nl\/#organization\"},\"potentialAction\":[{\"@type\":\"SearchAction\",\"target\":{\"@type\":\"EntryPoint\",\"urlTemplate\":\"https:\/\/cinegear.nl\/?s={search_term_string}\"},\"query-input\":{\"@type\":\"PropertyValueSpecification\",\"valueRequired\":true,\"valueName\":\"search_term_string\"}}],\"inLanguage\":\"it-IT\"},{\"@type\":\"Organization\",\"@id\":\"https:\/\/cinegear.nl\/#organization\",\"name\":\"Cinegear\",\"url\":\"https:\/\/cinegear.nl\/\",\"logo\":{\"@type\":\"ImageObject\",\"inLanguage\":\"it-IT\",\"@id\":\"https:\/\/cinegear.nl\/#\/schema\/logo\/image\/\",\"url\":\"https:\/\/cinegear.nl\/wp-content\/uploads\/2019\/12\/Transparent_Normal_Logo.jpg\",\"contentUrl\":\"https:\/\/cinegear.nl\/wp-content\/uploads\/2019\/12\/Transparent_Normal_Logo.jpg\",\"width\":858,\"height\":782,\"caption\":\"Cinegear\"},\"image\":{\"@id\":\"https:\/\/cinegear.nl\/#\/schema\/logo\/image\/\"}}]}<\/script>\n<!-- \/ Yoast SEO Premium plugin. -->","yoast_head_json":{"title":"Kinefinity Movcam KineKIT-TERRA \/ MAVO | Cinegear Amsterdam","description":"KineKIT-TERRA is designed and built by cooperation between Movcam and Kinefinity, and it interprets Movcam\u2019s design philosophy about camera","robots":{"index":"index","follow":"follow","max-snippet":"max-snippet:-1","max-image-preview":"max-image-preview:large","max-video-preview":"max-video-preview:-1"},"canonical":"https:\/\/cinegear.nl\/it\/prodotto\/movcam-kinekit-terra-mavo-shoulder-pack\/","og_locale":"it_IT","og_type":"article","og_title":"Kinefinity Movcam KineKIT-TERRA \/ MAVO","og_description":"KineKIT-TERRA is designed and built by cooperation between Movcam and Kinefinity, and it interprets Movcam\u2019s design philosophy about camera","og_url":"https:\/\/cinegear.nl\/it\/prodotto\/movcam-kinekit-terra-mavo-shoulder-pack\/","og_site_name":"Cinegear Amsterdam","article_modified_time":"2024-06-20T14:41:58+00:00","og_image":[{"width":750,"height":750,"url":"https:\/\/cinegear.nl\/wp-content\/uploads\/2021\/07\/Kinefinity-Movcam-KineKIT-TERRA-MAVO-7.jpg","type":"image\/jpeg"}],"twitter_card":"summary_large_image","twitter_misc":{"Tempo di lettura stimato":"2 minuti"},"schema":{"@context":"https:\/\/schema.org","@graph":[{"@type":"WebPage","@id":"https:\/\/cinegear.nl\/product\/movcam-kinekit-terra-mavo-shoulder-pack\/","url":"https:\/\/cinegear.nl\/product\/movcam-kinekit-terra-mavo-shoulder-pack\/","name":"Kinefinity Movcam KineKIT-TERRA \/ MAVO | Cinegear Amsterdam","isPartOf":{"@id":"https:\/\/cinegear.nl\/#website"},"primaryImageOfPage":{"@id":"https:\/\/cinegear.nl\/product\/movcam-kinekit-terra-mavo-shoulder-pack\/#primaryimage"},"image":{"@id":"https:\/\/cinegear.nl\/product\/movcam-kinekit-terra-mavo-shoulder-pack\/#primaryimage"},"thumbnailUrl":"https:\/\/cinegear.nl\/wp-content\/uploads\/2021\/07\/Kinefinity-Movcam-KineKIT-TERRA-MAVO-7.jpg","datePublished":"2021-07-13T11:34:11+00:00","dateModified":"2024-06-20T14:41:58+00:00","description":"KineKIT-TERRA is designed and built by cooperation between Movcam and Kinefinity, and it interprets Movcam\u2019s design philosophy about camera","breadcrumb":{"@id":"https:\/\/cinegear.nl\/product\/movcam-kinekit-terra-mavo-shoulder-pack\/#breadcrumb"},"inLanguage":"it-IT","potentialAction":[{"@type":"ReadAction","target":["https:\/\/cinegear.nl\/product\/movcam-kinekit-terra-mavo-shoulder-pack\/"]}]},{"@type":"ImageObject","inLanguage":"it-IT","@id":"https:\/\/cinegear.nl\/product\/movcam-kinekit-terra-mavo-shoulder-pack\/#primaryimage","url":"https:\/\/cinegear.nl\/wp-content\/uploads\/2021\/07\/Kinefinity-Movcam-KineKIT-TERRA-MAVO-7.jpg","contentUrl":"https:\/\/cinegear.nl\/wp-content\/uploads\/2021\/07\/Kinefinity-Movcam-KineKIT-TERRA-MAVO-7.jpg","width":750,"height":750,"caption":"Kinefinity Movcam Kinekit-terra Mavo (7)"},{"@type":"BreadcrumbList","@id":"https:\/\/cinegear.nl\/product\/movcam-kinekit-terra-mavo-shoulder-pack\/#breadcrumb","itemListElement":[{"@type":"ListItem","position":1,"name":"Home","item":"https:\/\/cinegear.nl\/"},{"@type":"ListItem","position":2,"name":"Store","item":"https:\/\/cinegear.nl\/product-category-kine-cameras\/"},{"@type":"ListItem","position":3,"name":"Kinefinity Movcam KineKIT-TERRA \/ MAVO"}]},{"@type":"WebSite","@id":"https:\/\/cinegear.nl\/#website","url":"https:\/\/cinegear.nl\/","name":"Cinegear Amsterdam","description":"","publisher":{"@id":"https:\/\/cinegear.nl\/#organization"},"potentialAction":[{"@type":"SearchAction","target":{"@type":"EntryPoint","urlTemplate":"https:\/\/cinegear.nl\/?s={search_term_string}"},"query-input":{"@type":"PropertyValueSpecification","valueRequired":true,"valueName":"search_term_string"}}],"inLanguage":"it-IT"},{"@type":"Organization","@id":"https:\/\/cinegear.nl\/#organization","name":"Cinegear","url":"https:\/\/cinegear.nl\/","logo":{"@type":"ImageObject","inLanguage":"it-IT","@id":"https:\/\/cinegear.nl\/#\/schema\/logo\/image\/","url":"https:\/\/cinegear.nl\/wp-content\/uploads\/2019\/12\/Transparent_Normal_Logo.jpg","contentUrl":"https:\/\/cinegear.nl\/wp-content\/uploads\/2019\/12\/Transparent_Normal_Logo.jpg","width":858,"height":782,"caption":"Cinegear"},"image":{"@id":"https:\/\/cinegear.nl\/#\/schema\/logo\/image\/"}}]}},"brands":[{"id":8397,"name":"Marchi","slug":"kinefinity"}],"_links":{"self":[{"href":"https:\/\/cinegear.nl\/it\/wp-json\/wp\/v2\/product\/22307","targetHints":{"allow":["GET"]}}],"collection":[{"href":"https:\/\/cinegear.nl\/it\/wp-json\/wp\/v2\/product"}],"about":[{"href":"https:\/\/cinegear.nl\/it\/wp-json\/wp\/v2\/types\/product"}],"wp:featuredmedia":[{"embeddable":true,"href":"https:\/\/cinegear.nl\/it\/wp-json\/wp\/v2\/media\/30877"}],"wp:attachment":[{"href":"https:\/\/cinegear.nl\/it\/wp-json\/wp\/v2\/media?parent=22307"}],"wp:term":[{"taxonomy":"pwb-brand","embeddable":true,"href":"https:\/\/cinegear.nl\/it\/wp-json\/wp\/v2\/pwb-brand?post=22307"},{"taxonomy":"product_cat","embeddable":true,"href":"https:\/\/cinegear.nl\/it\/wp-json\/wp\/v2\/product_cat?post=22307"},{"taxonomy":"product_tag","embeddable":true,"href":"https:\/\/cinegear.nl\/it\/wp-json\/wp\/v2\/product_tag?post=22307"}],"curies":[{"name":"wp","href":"https:\/\/api.w.org\/{rel}","templated":true}]}}