{"id":22217,"date":"2021-06-23T14:04:28","date_gmt":"2021-06-23T12:04:28","guid":{"rendered":"https:\/\/cinegear.nl\/?post_type=product&#038;p=22217"},"modified":"2026-03-24T11:00:11","modified_gmt":"2026-03-24T10:00:11","slug":"kinemag-nano-1tb","status":"publish","type":"product","link":"https:\/\/cinegear.nl\/it\/prodotto\/kinemag-nano-1tb\/","title":{"rendered":"SSD Kinefinity KineMAG Nano 1TB NVMe M.2 2280"},"content":{"rendered":"<p>L'SSD KineMAG di nuova generazione, KineMAG Nano 1TB, \u00e8 progettato esclusivamente per MAVO Edge 8K. Il KineMAG Nano \u00e8 composto da un corpo KineMAG Nano e da un'unit\u00e0 SSD M.2\u00b9 2280 che utilizza il protocollo NVMe\u00b2, con una velocit\u00e0 di trasferimento fino a 10 Gbps, che migliora notevolmente la libert\u00e0 di codifica ad alta risoluzione e frame rate, mentre le dimensioni dell'unit\u00e0 SSD NVMe M.2 sono significativamente inferiori rispetto a quelle dell'unit\u00e0 SSD SATA. Due KineMAG Nano possono essere inseriti nel MAVO Edge 8K altamente integrato, il che comporta vantaggi quali la registrazione di backup, la registrazione in differita e altre possibilit\u00e0.<\/p>\n<p>Nel KineMAG Nano sono presenti due porte ad alta velocit\u00e0: una robusta\u00a0<b>porta della telecamera<\/b>\u00a0che registra i filmati da MAVO Edge 8K a KineMAG Nano, e un dispositivo universale\u00a0<strong>porta USB-C\u00b3<\/strong>\u00a0che scarica ed esegue il backup dei dati sulla workstation. La porta USB-C supporta il protocollo USB3.1 Gen2, che consente a KineMAG Nano di scaricare i dati sulla workstation a una velocit\u00e0 all'avanguardia di 10 Gbps senza un lettore SSD dedicato.<\/p>\n<p>KineMAG Nano \u00e8 dotato di un'unit\u00e0 SSD NVMe M.2 da 1 TB appositamente ottimizzata, che conferisce a KineMAG Nano due caratteristiche di sicurezza superiori:\u00a0<strong>In sola lettura\u00a0<\/strong>e\u00a0<strong>RAID 5\u2074<\/strong>, che migliora la sicurezza e la robustezza di KineMAG Nano durante la copia o la scrittura sull'unit\u00e0 SSD a una velocit\u00e0 incredibile nella fotocamera, consentendo di creare contenuti senza preoccuparsi della sicurezza dell'unit\u00e0 SSD.<\/p>\n<p><strong>In sola lettura<\/strong><\/p>\n<p>L'unit\u00e0 SSD NVMe M.2 da 1 TB appositamente ottimizzata, integrata nella KineMAG Nano, conferisce a quest'ultima una caratteristica involontaria di sola lettura: la KineMAG Nano pu\u00f2 essere formattata o scritta solo in MAVO Edge 8K. Quando si scaricano i dati attraverso la porta USB-C, \u00e8 possibile solo leggere i filmati nell'unit\u00e0 SSD, ma non scrivere sull'unit\u00e0 SSD. La funzione di sola lettura elimina il rischio di cancellazione accidentale o addirittura di formattazione dei dati dopo che l'SSD ha lasciato la fotocamera, migliorando notevolmente la sicurezza dei dati durante il processo di backup o trasferimento.<\/p>\n<p><img loading=\"lazy\" decoding=\"async\" class=\"aligncenter size-full wp-image-30427\" src=\"http:\/\/www.kinefinity.com\/wp-content\/uploads\/2021\/04\/Nano-1TB_website_product_-06.jpg\" sizes=\"auto, (max-width: 1920px) 100vw, 1920px\" srcset=\"https:\/\/www.kinefinity.com\/wp-content\/uploads\/2021\/04\/Nano-1TB_website_product_-06.jpg 1920w, https:\/\/www.kinefinity.com\/wp-content\/uploads\/2021\/04\/Nano-1TB_website_product_-06-300x169.jpg 300w, https:\/\/www.kinefinity.com\/wp-content\/uploads\/2021\/04\/Nano-1TB_website_product_-06-1024x576.jpg 1024w, https:\/\/www.kinefinity.com\/wp-content\/uploads\/2021\/04\/Nano-1TB_website_product_-06-150x84.jpg 150w, https:\/\/www.kinefinity.com\/wp-content\/uploads\/2021\/04\/Nano-1TB_website_product_-06-768x432.jpg 768w, https:\/\/www.kinefinity.com\/wp-content\/uploads\/2021\/04\/Nano-1TB_website_product_-06-1536x864.jpg 1536w\" alt=\"\" width=\"1920\" height=\"1080\" \/><\/p>\n<hr \/>\n<p><strong>RAID 5<\/strong><\/p>\n<p>L'unit\u00e0 SSD KineMAG Nano \u00e8 dotata di un'unit\u00e0 SSD NVMe M.2 da 1 TB appositamente ottimizzata, che conferisce all'unit\u00e0 KineMAG Nano la caratteristica di RAID 5.\u00a0<em>RAID (Redundant Array of Independent Hard Disks) \u00e8 un array di dischi formato dalla combinazione di pi\u00f9 dischi. Il RAID 5 utilizza informazioni di parit\u00e0 ridondanti per recuperare i dati che potrebbero essere memorizzati in modo errato. La maggior parte delle unit\u00e0 SSD mainstream utilizza NAND Flash, che potrebbe causare la lettura errata di una o pi\u00f9 pagine NAND, distruggendo cos\u00ec l'integrit\u00e0 dei dati.<\/em>\u00a0La funzione RAID di KineMAG Nano si riferisce al principio di progettazione RAID 5: quando i dati della pagina vengono danneggiati o persi, i dati rimanenti e le informazioni di parit\u00e0 vengono utilizzati per ripristinare i dati danneggiati, fornendo cos\u00ec una forte garanzia di sicurezza dei dati. L'attivazione automatica del RAID 5 offre una potente protezione per l'archiviazione di filmati di valore.<\/p>\n<p><img loading=\"lazy\" decoding=\"async\" class=\"aligncenter size-full wp-image-30429\" src=\"http:\/\/www.kinefinity.com\/wp-content\/uploads\/2021\/04\/Nano-1TB_website_product_-07.jpg\" sizes=\"auto, (max-width: 1920px) 100vw, 1920px\" srcset=\"https:\/\/www.kinefinity.com\/wp-content\/uploads\/2021\/04\/Nano-1TB_website_product_-07.jpg 1920w, https:\/\/www.kinefinity.com\/wp-content\/uploads\/2021\/04\/Nano-1TB_website_product_-07-300x169.jpg 300w, https:\/\/www.kinefinity.com\/wp-content\/uploads\/2021\/04\/Nano-1TB_website_product_-07-1024x576.jpg 1024w, https:\/\/www.kinefinity.com\/wp-content\/uploads\/2021\/04\/Nano-1TB_website_product_-07-150x84.jpg 150w, https:\/\/www.kinefinity.com\/wp-content\/uploads\/2021\/04\/Nano-1TB_website_product_-07-768x432.jpg 768w, https:\/\/www.kinefinity.com\/wp-content\/uploads\/2021\/04\/Nano-1TB_website_product_-07-1536x864.jpg 1536w\" alt=\"\" width=\"1920\" height=\"1080\" \/><\/p>\n<hr \/>\n<p><strong>Lettore SSD gratuito<\/strong><\/p>\n<p>Come altre unit\u00e0 SSD per telecamere professionali: KineMAG Nano dispone di una porta per telecamera robusta e ad alta velocit\u00e0, che si collega all'interfaccia PCIe 3.0 nello slot SSD di MAVO Edge 8K. Supporta l'hot-swapping e resiste a tempi di utilizzo molto pi\u00f9 elevati rispetto alle porte di livello consumer.<\/p>\n<p>A differenza di altre unit\u00e0 SSD per fotocamere professionali, il corpo di KineMAG Nano \u00e8 dotato di una porta universale USB-C USB3.1 Gen2, utilizzata per scaricare o eseguire il backup dei dati sulla workstation. Non \u00e8 necessario acquistare un lettore SSD dedicato e solo tramite un cavo USB-C che supporta USB3.1 Gen2, i dati possono essere scaricati rapidamente su una workstation a una velocit\u00e0 fino a 10 Gbps. \u00c8 velocissimo e incredibilmente comodo.<\/p>\n<p><img loading=\"lazy\" decoding=\"async\" class=\"aligncenter size-full wp-image-30433\" src=\"http:\/\/www.kinefinity.com\/wp-content\/uploads\/2021\/04\/Nano-1TB_website_product_-08-1.png\" alt=\"\" width=\"1920\" height=\"1080\" \/><\/p>\n<hr \/>\n<p>NOTE:<\/p>\n<ol>\n<li>Interfaccia M.2: Una specifica per le unit\u00e0 SSD e i relativi connettori delle apparecchiature informatiche che sostituisce gli standard Mini PCI Express e mSATA. L'unit\u00e0 SSD con interfaccia M.2 utilizzata in questo prodotto \u00e8 un'unit\u00e0 SSD NVMe\/PCIe, non un'unit\u00e0 SSD SATA.<\/li>\n<li>Protocollo NVMe: Specifica dell'interfaccia del controller host della memoria non volatile, che \u00e8 una specifica dell'interfaccia logica del dispositivo. \u00c8 una specifica di protocollo di trasferimento del bus basata sull'interfaccia logica del dispositivo, utilizzata per accedere ai supporti di memoria non volatile collegati tramite il bus PCI Express. NVMe \u00e8 noto anche come PCIe NVMe Gen3.<\/li>\n<li>Porta USB-C: formalmente nota come USB Type-C, \u00e8 un'interfaccia hardware di tipo bus seriale universale. La caratteristica pi\u00f9 significativa dell'USB-C \u00e8 che le estremit\u00e0 superiore e inferiore del connettore sono perfettamente identiche, quindi non esiste una parte anteriore o posteriore per la porta. La porta USB-C utilizzata in questo prodotto supporta il protocollo USB 3.1 Gen2 con una velocit\u00e0 di trasferimento fino a 10 Gbps.<\/li>\n<li>RAID 5: RAID (Redundant Array of Independent Hard Disks) \u00e8 un array di dischi formato combinando pi\u00f9 dischi. RAID 5 utilizza informazioni di parit\u00e0 memorizzate in modo ridondante per recuperare i dati che potrebbero essere memorizzati in modo errato.<\/li>\n<\/ol>\n<hr \/>\n<p>Tempo di registrazione di KineMAG Nano 1 TB su MAVO Edge 8K:<\/p>\n<table>\n<tbody>\n<tr>\n<td width=\"269\"><strong>Formato di registrazione<\/strong><\/td>\n<td width=\"174\"><strong>Tempo di registrazione<\/strong><\/td>\n<\/tr>\n<tr>\n<td>4K@25fps \u00a0\u00a0ProRes422HQ(.mov)<\/td>\n<td>2 ore e 42 minuti<\/td>\n<\/tr>\n<tr>\n<td>4K@25fps \u00a0\u00a0ProRes4444(.mov)<\/td>\n<td>1 ora e 48 minuti<\/td>\n<\/tr>\n<tr>\n<td>8K@25fps \u00a0\u00a0ProRes422HQ(.mov)<\/td>\n<td>40 minuti<\/td>\n<\/tr>\n<tr>\n<td>8K@25fps \u00a0\u00a0ProRes4444(.mov)<\/td>\n<td>27 minuti<\/td>\n<\/tr>\n<\/tbody>\n<\/table>\n<p>NOTA: il tempo di registrazione nella tabella sopra \u00e8 un valore teorico. Potrebbe variare a seconda delle diverse condizioni di prova.<\/p>","protected":false},"excerpt":{"rendered":"<p>Come SSD KineMAG di nuova generazione, KineMAG Nano 1TB \u00e8 progettato esclusivamente per le telecamere MAVO Edge 8K e MAVO Edge 6K. KineMAG Nano 1TB \u00e8 composto da un corpo Nano e da un'unit\u00e0 SSD M.2 2280 basata su NVMe. La velocit\u00e0 di trasferimento \u00e8 fino a 10 Gbps.<\/p>\n<p>Il corpo di KineMAG Nano 1TB non solo \u00e8 dotata di una robusta\u00a0<strong>porta della telecamera<\/strong>\u00a0ma anche di un'universale\u00a0<strong>porta USB-C<\/strong>\u00a0che consente di scaricare i dati sulla workstation a una velocit\u00e0 fino a 10 Gbps senza la necessit\u00e0 di un lettore SSD dedicato.<\/p>\n<p>KineMAG Nano 1TB \u00e8 dotato di un'unit\u00e0 SSD NVMe M.2 da 1 TB appositamente ottimizzata, che conferisce a KineMAG Nano 1TB due caratteristiche di sicurezza superiori:\u00a0<strong>In sola lettura<\/strong>\u00a0e\u00a0<strong>RAID 5<\/strong>. Migliora la sicurezza e la robustezza di KineMAG Nano durante la copia dell'unit\u00e0 SSD o la scrittura sull'unit\u00e0 SSD alla massima velocit\u00e0 nella fotocamera.<\/p>","protected":false},"featured_media":69103,"template":"","meta":{"_acf_changed":false,"inline_featured_image":false},"pwb-brand":[8397],"product_cat":[393,396,15094,10336],"product_tag":[4521,13532,203],"class_list":{"0":"post-22217","1":"product","2":"type-product","3":"status-publish","4":"has-post-thumbnail","6":"pwb-brand-kinefinity","7":"product_cat-cameras","8":"product_cat-accessoires-cam","9":"product_cat-internal-ssds","10":"product_cat-kinefinity-brands-cameras","11":"product_tag-kinefinity","12":"product_tag-kinemag","13":"product_tag-ssd","14":"product_shipping_class-small","16":"first","17":"onbackorder","18":"taxable","19":"shipping-taxable","20":"purchasable","21":"product-type-simple"},"acf":{"supplier":"","buy_price":"","last_sync":""},"yoast_head":"<!-- This site is optimized with the Yoast SEO Premium plugin v21.8 (Yoast SEO v24.3) - https:\/\/yoast.com\/wordpress\/plugins\/seo\/ -->\n<title>Kinefinity KineMAG Nano 1TB NVMe M.2 2280 SSD | Cinegear Amsterdam<\/title>\n<meta name=\"description\" content=\"As the new generation KineMAG SSD, KineMAG Nano 1TB is exclusively designed for\u00a0MAVO Edge 8K\u00a0and\u00a0MAVO Edge 6K\u00a0cameras. The KineMAG Nano 1TB is composed of Nano Body and an\u00a0NVMe-based\u00a0M.2 2280 SSD. The transfer speed is up to 10Gbps.  The body of the KineMAG Nano 1TB not only has a robust\u00a0camera port\u00a0but also a universal\u00a0USB-C port\u00a0allowing you to offload data to the workstation at a speed of up to 10Gbps without the need for a dedicated SSD reader.  KineMAG Nano 1TB has a built-in NVMe M.2 1TB SSD that is specially optimized, which gives the KineMAG Nano 1TB two superior safety features:\u00a0Read-only\u00a0and\u00a0RAID 5.\u00a0It improves the safeness and robustness of the KineMAG Nano while copying the SSD or writing to the SSD at blazing fast speed in the camera.\" \/>\n<meta name=\"robots\" content=\"index, follow, max-snippet:-1, max-image-preview:large, max-video-preview:-1\" \/>\n<link rel=\"canonical\" href=\"https:\/\/cinegear.nl\/it\/prodotto\/kinemag-nano-1tb\/\" \/>\n<meta property=\"og:locale\" content=\"it_IT\" \/>\n<meta property=\"og:type\" content=\"article\" \/>\n<meta property=\"og:title\" content=\"Kinefinity KineMAG Nano 1TB NVMe M.2 2280 SSD\" \/>\n<meta property=\"og:description\" content=\"As the new generation KineMAG SSD, KineMAG Nano 1TB is exclusively designed for\u00a0MAVO Edge 8K\u00a0and\u00a0MAVO Edge 6K\u00a0cameras. The KineMAG Nano 1TB is composed of Nano Body and an\u00a0NVMe-based\u00a0M.2 2280 SSD. The transfer speed is up to 10Gbps.  The body of the KineMAG Nano 1TB not only has a robust\u00a0camera port\u00a0but also a universal\u00a0USB-C port\u00a0allowing you to offload data to the workstation at a speed of up to 10Gbps without the need for a dedicated SSD reader.  KineMAG Nano 1TB has a built-in NVMe M.2 1TB SSD that is specially optimized, which gives the KineMAG Nano 1TB two superior safety features:\u00a0Read-only\u00a0and\u00a0RAID 5.\u00a0It improves the safeness and robustness of the KineMAG Nano while copying the SSD or writing to the SSD at blazing fast speed in the camera.\" \/>\n<meta property=\"og:url\" content=\"https:\/\/cinegear.nl\/it\/prodotto\/kinemag-nano-1tb\/\" \/>\n<meta property=\"og:site_name\" content=\"Cinegear Amsterdam\" \/>\n<meta property=\"article:modified_time\" content=\"2026-03-24T10:00:11+00:00\" \/>\n<meta property=\"og:image\" content=\"https:\/\/cinegear.nl\/wp-content\/uploads\/2021\/06\/web_product_nano1tb_shop_front.jpg\" \/>\n\t<meta property=\"og:image:width\" content=\"1000\" \/>\n\t<meta property=\"og:image:height\" content=\"1000\" \/>\n\t<meta property=\"og:image:type\" content=\"image\/jpeg\" \/>\n<meta name=\"twitter:card\" content=\"summary_large_image\" \/>\n<meta name=\"twitter:label1\" content=\"Tempo di lettura stimato\" \/>\n\t<meta name=\"twitter:data1\" content=\"5 minuti\" \/>\n<script type=\"application\/ld+json\" class=\"yoast-schema-graph\">{\"@context\":\"https:\/\/schema.org\",\"@graph\":[{\"@type\":\"WebPage\",\"@id\":\"https:\/\/cinegear.nl\/product\/kinemag-nano-1tb\/\",\"url\":\"https:\/\/cinegear.nl\/product\/kinemag-nano-1tb\/\",\"name\":\"Kinefinity KineMAG Nano 1TB NVMe M.2 2280 SSD | Cinegear Amsterdam\",\"isPartOf\":{\"@id\":\"https:\/\/cinegear.nl\/#website\"},\"primaryImageOfPage\":{\"@id\":\"https:\/\/cinegear.nl\/product\/kinemag-nano-1tb\/#primaryimage\"},\"image\":{\"@id\":\"https:\/\/cinegear.nl\/product\/kinemag-nano-1tb\/#primaryimage\"},\"thumbnailUrl\":\"https:\/\/cinegear.nl\/wp-content\/uploads\/2021\/06\/web_product_nano1tb_shop_front.jpg\",\"datePublished\":\"2021-06-23T12:04:28+00:00\",\"dateModified\":\"2026-03-24T10:00:11+00:00\",\"description\":\"As the new generation KineMAG SSD, KineMAG Nano 1TB is exclusively designed for\u00a0MAVO Edge 8K\u00a0and\u00a0MAVO Edge 6K\u00a0cameras. The KineMAG Nano 1TB is composed of Nano Body and an\u00a0NVMe-based\u00a0M.2 2280 SSD. The transfer speed is up to 10Gbps. The body of the KineMAG Nano 1TB not only has a robust\u00a0camera port\u00a0but also a universal\u00a0USB-C port\u00a0allowing you to offload data to the workstation at a speed of up to 10Gbps without the need for a dedicated SSD reader. KineMAG Nano 1TB has a built-in NVMe M.2 1TB SSD that is specially optimized, which gives the KineMAG Nano 1TB two superior safety features:\u00a0Read-only\u00a0and\u00a0RAID 5.\u00a0It improves the safeness and robustness of the KineMAG Nano while copying the SSD or writing to the SSD at blazing fast speed in the camera.\",\"breadcrumb\":{\"@id\":\"https:\/\/cinegear.nl\/product\/kinemag-nano-1tb\/#breadcrumb\"},\"inLanguage\":\"it-IT\",\"potentialAction\":[{\"@type\":\"ReadAction\",\"target\":[\"https:\/\/cinegear.nl\/product\/kinemag-nano-1tb\/\"]}]},{\"@type\":\"ImageObject\",\"inLanguage\":\"it-IT\",\"@id\":\"https:\/\/cinegear.nl\/product\/kinemag-nano-1tb\/#primaryimage\",\"url\":\"https:\/\/cinegear.nl\/wp-content\/uploads\/2021\/06\/web_product_nano1tb_shop_front.jpg\",\"contentUrl\":\"https:\/\/cinegear.nl\/wp-content\/uploads\/2021\/06\/web_product_nano1tb_shop_front.jpg\",\"width\":1000,\"height\":1000,\"caption\":\"Kinefinity KineMAG Nano 1TB NVMe M.2 2280 SSD\"},{\"@type\":\"BreadcrumbList\",\"@id\":\"https:\/\/cinegear.nl\/product\/kinemag-nano-1tb\/#breadcrumb\",\"itemListElement\":[{\"@type\":\"ListItem\",\"position\":1,\"name\":\"Home\",\"item\":\"https:\/\/cinegear.nl\/\"},{\"@type\":\"ListItem\",\"position\":2,\"name\":\"Store\",\"item\":\"https:\/\/cinegear.nl\/product-category-kine-cameras\/\"},{\"@type\":\"ListItem\",\"position\":3,\"name\":\"Kinefinity KineMAG Nano 1TB NVMe M.2 2280 SSD\"}]},{\"@type\":\"WebSite\",\"@id\":\"https:\/\/cinegear.nl\/#website\",\"url\":\"https:\/\/cinegear.nl\/\",\"name\":\"Cinegear Amsterdam\",\"description\":\"\",\"publisher\":{\"@id\":\"https:\/\/cinegear.nl\/#organization\"},\"potentialAction\":[{\"@type\":\"SearchAction\",\"target\":{\"@type\":\"EntryPoint\",\"urlTemplate\":\"https:\/\/cinegear.nl\/?s={search_term_string}\"},\"query-input\":{\"@type\":\"PropertyValueSpecification\",\"valueRequired\":true,\"valueName\":\"search_term_string\"}}],\"inLanguage\":\"it-IT\"},{\"@type\":\"Organization\",\"@id\":\"https:\/\/cinegear.nl\/#organization\",\"name\":\"Cinegear\",\"url\":\"https:\/\/cinegear.nl\/\",\"logo\":{\"@type\":\"ImageObject\",\"inLanguage\":\"it-IT\",\"@id\":\"https:\/\/cinegear.nl\/#\/schema\/logo\/image\/\",\"url\":\"https:\/\/cinegear.nl\/wp-content\/uploads\/2019\/12\/Transparent_Normal_Logo.jpg\",\"contentUrl\":\"https:\/\/cinegear.nl\/wp-content\/uploads\/2019\/12\/Transparent_Normal_Logo.jpg\",\"width\":858,\"height\":782,\"caption\":\"Cinegear\"},\"image\":{\"@id\":\"https:\/\/cinegear.nl\/#\/schema\/logo\/image\/\"}}]}<\/script>\n<!-- \/ Yoast SEO Premium plugin. -->","yoast_head_json":{"title":"Kinefinity KineMAG Nano 1TB NVMe M.2 2280 SSD | Cinegear Amsterdam","description":"As the new generation KineMAG SSD, KineMAG Nano 1TB is exclusively designed for\u00a0MAVO Edge 8K\u00a0and\u00a0MAVO Edge 6K\u00a0cameras. The KineMAG Nano 1TB is composed of Nano Body and an\u00a0NVMe-based\u00a0M.2 2280 SSD. The transfer speed is up to 10Gbps.  The body of the KineMAG Nano 1TB not only has a robust\u00a0camera port\u00a0but also a universal\u00a0USB-C port\u00a0allowing you to offload data to the workstation at a speed of up to 10Gbps without the need for a dedicated SSD reader.  KineMAG Nano 1TB has a built-in NVMe M.2 1TB SSD that is specially optimized, which gives the KineMAG Nano 1TB two superior safety features:\u00a0Read-only\u00a0and\u00a0RAID 5.\u00a0It improves the safeness and robustness of the KineMAG Nano while copying the SSD or writing to the SSD at blazing fast speed in the camera.","robots":{"index":"index","follow":"follow","max-snippet":"max-snippet:-1","max-image-preview":"max-image-preview:large","max-video-preview":"max-video-preview:-1"},"canonical":"https:\/\/cinegear.nl\/it\/prodotto\/kinemag-nano-1tb\/","og_locale":"it_IT","og_type":"article","og_title":"Kinefinity KineMAG Nano 1TB NVMe M.2 2280 SSD","og_description":"As the new generation KineMAG SSD, KineMAG Nano 1TB is exclusively designed for\u00a0MAVO Edge 8K\u00a0and\u00a0MAVO Edge 6K\u00a0cameras. The KineMAG Nano 1TB is composed of Nano Body and an\u00a0NVMe-based\u00a0M.2 2280 SSD. The transfer speed is up to 10Gbps.  The body of the KineMAG Nano 1TB not only has a robust\u00a0camera port\u00a0but also a universal\u00a0USB-C port\u00a0allowing you to offload data to the workstation at a speed of up to 10Gbps without the need for a dedicated SSD reader.  KineMAG Nano 1TB has a built-in NVMe M.2 1TB SSD that is specially optimized, which gives the KineMAG Nano 1TB two superior safety features:\u00a0Read-only\u00a0and\u00a0RAID 5.\u00a0It improves the safeness and robustness of the KineMAG Nano while copying the SSD or writing to the SSD at blazing fast speed in the camera.","og_url":"https:\/\/cinegear.nl\/it\/prodotto\/kinemag-nano-1tb\/","og_site_name":"Cinegear Amsterdam","article_modified_time":"2026-03-24T10:00:11+00:00","og_image":[{"width":1000,"height":1000,"url":"https:\/\/cinegear.nl\/wp-content\/uploads\/2021\/06\/web_product_nano1tb_shop_front.jpg","type":"image\/jpeg"}],"twitter_card":"summary_large_image","twitter_misc":{"Tempo di lettura stimato":"5 minuti"},"schema":{"@context":"https:\/\/schema.org","@graph":[{"@type":"WebPage","@id":"https:\/\/cinegear.nl\/product\/kinemag-nano-1tb\/","url":"https:\/\/cinegear.nl\/product\/kinemag-nano-1tb\/","name":"Kinefinity KineMAG Nano 1TB NVMe M.2 2280 SSD | Cinegear Amsterdam","isPartOf":{"@id":"https:\/\/cinegear.nl\/#website"},"primaryImageOfPage":{"@id":"https:\/\/cinegear.nl\/product\/kinemag-nano-1tb\/#primaryimage"},"image":{"@id":"https:\/\/cinegear.nl\/product\/kinemag-nano-1tb\/#primaryimage"},"thumbnailUrl":"https:\/\/cinegear.nl\/wp-content\/uploads\/2021\/06\/web_product_nano1tb_shop_front.jpg","datePublished":"2021-06-23T12:04:28+00:00","dateModified":"2026-03-24T10:00:11+00:00","description":"As the new generation KineMAG SSD, KineMAG Nano 1TB is exclusively designed for\u00a0MAVO Edge 8K\u00a0and\u00a0MAVO Edge 6K\u00a0cameras. The KineMAG Nano 1TB is composed of Nano Body and an\u00a0NVMe-based\u00a0M.2 2280 SSD. The transfer speed is up to 10Gbps. The body of the KineMAG Nano 1TB not only has a robust\u00a0camera port\u00a0but also a universal\u00a0USB-C port\u00a0allowing you to offload data to the workstation at a speed of up to 10Gbps without the need for a dedicated SSD reader. KineMAG Nano 1TB has a built-in NVMe M.2 1TB SSD that is specially optimized, which gives the KineMAG Nano 1TB two superior safety features:\u00a0Read-only\u00a0and\u00a0RAID 5.\u00a0It improves the safeness and robustness of the KineMAG Nano while copying the SSD or writing to the SSD at blazing fast speed in the camera.","breadcrumb":{"@id":"https:\/\/cinegear.nl\/product\/kinemag-nano-1tb\/#breadcrumb"},"inLanguage":"it-IT","potentialAction":[{"@type":"ReadAction","target":["https:\/\/cinegear.nl\/product\/kinemag-nano-1tb\/"]}]},{"@type":"ImageObject","inLanguage":"it-IT","@id":"https:\/\/cinegear.nl\/product\/kinemag-nano-1tb\/#primaryimage","url":"https:\/\/cinegear.nl\/wp-content\/uploads\/2021\/06\/web_product_nano1tb_shop_front.jpg","contentUrl":"https:\/\/cinegear.nl\/wp-content\/uploads\/2021\/06\/web_product_nano1tb_shop_front.jpg","width":1000,"height":1000,"caption":"Kinefinity KineMAG Nano 1TB NVMe M.2 2280 SSD"},{"@type":"BreadcrumbList","@id":"https:\/\/cinegear.nl\/product\/kinemag-nano-1tb\/#breadcrumb","itemListElement":[{"@type":"ListItem","position":1,"name":"Home","item":"https:\/\/cinegear.nl\/"},{"@type":"ListItem","position":2,"name":"Store","item":"https:\/\/cinegear.nl\/product-category-kine-cameras\/"},{"@type":"ListItem","position":3,"name":"Kinefinity KineMAG Nano 1TB NVMe M.2 2280 SSD"}]},{"@type":"WebSite","@id":"https:\/\/cinegear.nl\/#website","url":"https:\/\/cinegear.nl\/","name":"Cinegear Amsterdam","description":"","publisher":{"@id":"https:\/\/cinegear.nl\/#organization"},"potentialAction":[{"@type":"SearchAction","target":{"@type":"EntryPoint","urlTemplate":"https:\/\/cinegear.nl\/?s={search_term_string}"},"query-input":{"@type":"PropertyValueSpecification","valueRequired":true,"valueName":"search_term_string"}}],"inLanguage":"it-IT"},{"@type":"Organization","@id":"https:\/\/cinegear.nl\/#organization","name":"Cinegear","url":"https:\/\/cinegear.nl\/","logo":{"@type":"ImageObject","inLanguage":"it-IT","@id":"https:\/\/cinegear.nl\/#\/schema\/logo\/image\/","url":"https:\/\/cinegear.nl\/wp-content\/uploads\/2019\/12\/Transparent_Normal_Logo.jpg","contentUrl":"https:\/\/cinegear.nl\/wp-content\/uploads\/2019\/12\/Transparent_Normal_Logo.jpg","width":858,"height":782,"caption":"Cinegear"},"image":{"@id":"https:\/\/cinegear.nl\/#\/schema\/logo\/image\/"}}]}},"brands":[{"id":8397,"name":"Marchi","slug":"kinefinity"}],"_links":{"self":[{"href":"https:\/\/cinegear.nl\/it\/wp-json\/wp\/v2\/product\/22217","targetHints":{"allow":["GET"]}}],"collection":[{"href":"https:\/\/cinegear.nl\/it\/wp-json\/wp\/v2\/product"}],"about":[{"href":"https:\/\/cinegear.nl\/it\/wp-json\/wp\/v2\/types\/product"}],"wp:featuredmedia":[{"embeddable":true,"href":"https:\/\/cinegear.nl\/it\/wp-json\/wp\/v2\/media\/69103"}],"wp:attachment":[{"href":"https:\/\/cinegear.nl\/it\/wp-json\/wp\/v2\/media?parent=22217"}],"wp:term":[{"taxonomy":"pwb-brand","embeddable":true,"href":"https:\/\/cinegear.nl\/it\/wp-json\/wp\/v2\/pwb-brand?post=22217"},{"taxonomy":"product_cat","embeddable":true,"href":"https:\/\/cinegear.nl\/it\/wp-json\/wp\/v2\/product_cat?post=22217"},{"taxonomy":"product_tag","embeddable":true,"href":"https:\/\/cinegear.nl\/it\/wp-json\/wp\/v2\/product_tag?post=22217"}],"curies":[{"name":"wp","href":"https:\/\/api.w.org\/{rel}","templated":true}]}}