{"id":22187,"date":"2021-06-18T13:44:01","date_gmt":"2021-06-18T11:44:01","guid":{"rendered":"https:\/\/cinegear.nl\/?post_type=product&#038;p=22187"},"modified":"2026-03-24T11:02:26","modified_gmt":"2026-03-24T10:02:26","slug":"kinefinity-lpl-mounting-adapter","status":"publish","type":"product","link":"https:\/\/cinegear.nl\/it\/prodotto\/kinefinity-lpl-mounting-adapter\/","title":{"rendered":"Adattatore di montaggio Kinefinity LPL"},"content":{"rendered":"<p>Il nuovo adattatore di montaggio LPL \u00e8 compatibile con MAVO LF, MAVO e TERRA 4K con KineMOUNT. Ad esempio, supporta la maggior parte degli obiettivi LPL di grande formato su MAVO LF, come gli obiettivi Signature Prime di ARRI. I sistemi di grande formato possono trarre grandi vantaggi dall'adattatore di montaggio LPL, che potrebbe diventare la soluzione principale nel futuro dell'industria cinematografica, come il sistema di montaggio PL.<\/p>\n<p>L'attacco LPL \u00e8 stato lanciato con la full frame Alexa LF di ARRI uscita nel febbraio 2018. E il nuovo sistema di attacco sta diventando il nuovo standard di attacco per gli obiettivi (Large Positive Lock): stabile e facile da usare come l'attacco PL. Il nuovo adattatore di montaggio LPL presenta i seguenti vantaggi:<\/p>\n<p>Collegamento semplice ma affidabile: il nuovo adattatore di montaggio si adatta perfettamente a KineMOUNT senza alcun cavo;<br \/>\nDistanza focale della flangia pi\u00f9 corta: il diametro \u00e8 di 62 mm e la distanza della flangia \u00e8 di 44 mm, il che ottimizza gli obiettivi full frame, con un'apertura pi\u00f9 ampia allo stesso tempo;<br \/>\nLightweight: specially designed for MAVO\/TERRA, it weighs only 200g, but still reliable and robust.<\/p>","protected":false},"excerpt":{"rendered":"<div class=\"product-short-description\">\n<p><strong><span style=\"font-size: 14.4px;\">Adatto a: [MAVO\/TERRA con KineMOUNT]<\/span><\/strong><\/p>\n<\/div>\n<p>Il nuovo adattatore di montaggio LPL \u00e8 compatibile con MAVO LF, MAVO e TERRA 4K con KineMOUNT. Ad esempio, supporta la maggior parte degli obiettivi LPL di grande formato su MAVO LF, come gli obiettivi Signature Prime di ARRI.I sistemi di grande formato possono trarre grandi vantaggi dall'adattatore di montaggio LPL, che potrebbe diventare il mainstream nel futuro dell'industria cinematografica!<\/p>","protected":false},"featured_media":22188,"template":"","meta":{"_acf_changed":false,"inline_featured_image":false},"pwb-brand":[8397],"product_cat":[400,10807],"product_tag":[275,4521,191,144],"class_list":{"0":"post-22187","1":"product","2":"type-product","3":"status-publish","4":"has-post-thumbnail","6":"pwb-brand-kinefinity","7":"product_cat-lenses","8":"product_cat-lens-adapter","9":"product_tag-adapter","10":"product_tag-kinefinity","11":"product_tag-mavo","12":"product_tag-mount","13":"product_shipping_class-normal","15":"first","16":"onbackorder","17":"taxable","18":"shipping-taxable","19":"purchasable","20":"product-type-simple"},"acf":{"supplier":"","buy_price":"","last_sync":""},"yoast_head":"<!-- This site is optimized with the Yoast SEO Premium plugin v21.8 (Yoast SEO v24.3) - https:\/\/yoast.com\/wordpress\/plugins\/seo\/ -->\n<title>Kinefinity LPL Mounting Adapter | Cinegear Amsterdam<\/title>\n<meta name=\"description\" content=\"Newly designed LPL Mounting Adapter fits MAVO LF, MAVO and TERRA 4K with KineMOUNT. For example, it supports most LPL large format lenses\" \/>\n<meta name=\"robots\" content=\"index, follow, max-snippet:-1, max-image-preview:large, max-video-preview:-1\" \/>\n<link rel=\"canonical\" href=\"https:\/\/cinegear.nl\/it\/prodotto\/kinefinity-lpl-mounting-adapter\/\" \/>\n<meta property=\"og:locale\" content=\"it_IT\" \/>\n<meta property=\"og:type\" content=\"article\" \/>\n<meta property=\"og:title\" content=\"Kinefinity LPL Mounting Adapter\" \/>\n<meta property=\"og:description\" content=\"Newly designed LPL Mounting Adapter fits MAVO LF, MAVO and TERRA 4K with KineMOUNT. For example, it supports most LPL large format lenses\" \/>\n<meta property=\"og:url\" content=\"https:\/\/cinegear.nl\/it\/prodotto\/kinefinity-lpl-mounting-adapter\/\" \/>\n<meta property=\"og:site_name\" content=\"Cinegear Amsterdam\" \/>\n<meta property=\"article:modified_time\" content=\"2026-03-24T10:02:26+00:00\" \/>\n<meta property=\"og:image\" content=\"https:\/\/cinegear.nl\/wp-content\/uploads\/2021\/06\/cinegear_lpl-adapter.jpg\" \/>\n\t<meta property=\"og:image:width\" content=\"800\" \/>\n\t<meta property=\"og:image:height\" content=\"800\" \/>\n\t<meta property=\"og:image:type\" content=\"image\/jpeg\" \/>\n<meta name=\"twitter:card\" content=\"summary_large_image\" \/>\n<meta name=\"twitter:label1\" content=\"Tempo di lettura stimato\" \/>\n\t<meta name=\"twitter:data1\" content=\"1 minuto\" \/>\n<script type=\"application\/ld+json\" class=\"yoast-schema-graph\">{\"@context\":\"https:\/\/schema.org\",\"@graph\":[{\"@type\":\"WebPage\",\"@id\":\"https:\/\/cinegear.nl\/product\/kinefinity-lpl-mounting-adapter\/\",\"url\":\"https:\/\/cinegear.nl\/product\/kinefinity-lpl-mounting-adapter\/\",\"name\":\"Kinefinity LPL Mounting Adapter | Cinegear Amsterdam\",\"isPartOf\":{\"@id\":\"https:\/\/cinegear.nl\/#website\"},\"primaryImageOfPage\":{\"@id\":\"https:\/\/cinegear.nl\/product\/kinefinity-lpl-mounting-adapter\/#primaryimage\"},\"image\":{\"@id\":\"https:\/\/cinegear.nl\/product\/kinefinity-lpl-mounting-adapter\/#primaryimage\"},\"thumbnailUrl\":\"https:\/\/cinegear.nl\/wp-content\/uploads\/2021\/06\/cinegear_lpl-adapter.jpg\",\"datePublished\":\"2021-06-18T11:44:01+00:00\",\"dateModified\":\"2026-03-24T10:02:26+00:00\",\"description\":\"Newly designed LPL Mounting Adapter fits MAVO LF, MAVO and TERRA 4K with KineMOUNT. For example, it supports most LPL large format lenses\",\"breadcrumb\":{\"@id\":\"https:\/\/cinegear.nl\/product\/kinefinity-lpl-mounting-adapter\/#breadcrumb\"},\"inLanguage\":\"it-IT\",\"potentialAction\":[{\"@type\":\"ReadAction\",\"target\":[\"https:\/\/cinegear.nl\/product\/kinefinity-lpl-mounting-adapter\/\"]}]},{\"@type\":\"ImageObject\",\"inLanguage\":\"it-IT\",\"@id\":\"https:\/\/cinegear.nl\/product\/kinefinity-lpl-mounting-adapter\/#primaryimage\",\"url\":\"https:\/\/cinegear.nl\/wp-content\/uploads\/2021\/06\/cinegear_lpl-adapter.jpg\",\"contentUrl\":\"https:\/\/cinegear.nl\/wp-content\/uploads\/2021\/06\/cinegear_lpl-adapter.jpg\",\"width\":800,\"height\":800,\"caption\":\"Kinefinity LPL Mounting Adapter\"},{\"@type\":\"BreadcrumbList\",\"@id\":\"https:\/\/cinegear.nl\/product\/kinefinity-lpl-mounting-adapter\/#breadcrumb\",\"itemListElement\":[{\"@type\":\"ListItem\",\"position\":1,\"name\":\"Home\",\"item\":\"https:\/\/cinegear.nl\/\"},{\"@type\":\"ListItem\",\"position\":2,\"name\":\"Store\",\"item\":\"https:\/\/cinegear.nl\/product-category-kine-cameras\/\"},{\"@type\":\"ListItem\",\"position\":3,\"name\":\"Kinefinity LPL Mounting Adapter\"}]},{\"@type\":\"WebSite\",\"@id\":\"https:\/\/cinegear.nl\/#website\",\"url\":\"https:\/\/cinegear.nl\/\",\"name\":\"Cinegear Amsterdam\",\"description\":\"\",\"publisher\":{\"@id\":\"https:\/\/cinegear.nl\/#organization\"},\"potentialAction\":[{\"@type\":\"SearchAction\",\"target\":{\"@type\":\"EntryPoint\",\"urlTemplate\":\"https:\/\/cinegear.nl\/?s={search_term_string}\"},\"query-input\":{\"@type\":\"PropertyValueSpecification\",\"valueRequired\":true,\"valueName\":\"search_term_string\"}}],\"inLanguage\":\"it-IT\"},{\"@type\":\"Organization\",\"@id\":\"https:\/\/cinegear.nl\/#organization\",\"name\":\"Cinegear\",\"url\":\"https:\/\/cinegear.nl\/\",\"logo\":{\"@type\":\"ImageObject\",\"inLanguage\":\"it-IT\",\"@id\":\"https:\/\/cinegear.nl\/#\/schema\/logo\/image\/\",\"url\":\"https:\/\/cinegear.nl\/wp-content\/uploads\/2019\/12\/Transparent_Normal_Logo.jpg\",\"contentUrl\":\"https:\/\/cinegear.nl\/wp-content\/uploads\/2019\/12\/Transparent_Normal_Logo.jpg\",\"width\":858,\"height\":782,\"caption\":\"Cinegear\"},\"image\":{\"@id\":\"https:\/\/cinegear.nl\/#\/schema\/logo\/image\/\"}}]}<\/script>\n<!-- \/ Yoast SEO Premium plugin. -->","yoast_head_json":{"title":"Kinefinity LPL Mounting Adapter | Cinegear Amsterdam","description":"Newly designed LPL Mounting Adapter fits MAVO LF, MAVO and TERRA 4K with KineMOUNT. For example, it supports most LPL large format lenses","robots":{"index":"index","follow":"follow","max-snippet":"max-snippet:-1","max-image-preview":"max-image-preview:large","max-video-preview":"max-video-preview:-1"},"canonical":"https:\/\/cinegear.nl\/it\/prodotto\/kinefinity-lpl-mounting-adapter\/","og_locale":"it_IT","og_type":"article","og_title":"Kinefinity LPL Mounting Adapter","og_description":"Newly designed LPL Mounting Adapter fits MAVO LF, MAVO and TERRA 4K with KineMOUNT. For example, it supports most LPL large format lenses","og_url":"https:\/\/cinegear.nl\/it\/prodotto\/kinefinity-lpl-mounting-adapter\/","og_site_name":"Cinegear Amsterdam","article_modified_time":"2026-03-24T10:02:26+00:00","og_image":[{"width":800,"height":800,"url":"https:\/\/cinegear.nl\/wp-content\/uploads\/2021\/06\/cinegear_lpl-adapter.jpg","type":"image\/jpeg"}],"twitter_card":"summary_large_image","twitter_misc":{"Tempo di lettura stimato":"1 minuto"},"schema":{"@context":"https:\/\/schema.org","@graph":[{"@type":"WebPage","@id":"https:\/\/cinegear.nl\/product\/kinefinity-lpl-mounting-adapter\/","url":"https:\/\/cinegear.nl\/product\/kinefinity-lpl-mounting-adapter\/","name":"Kinefinity LPL Mounting Adapter | Cinegear Amsterdam","isPartOf":{"@id":"https:\/\/cinegear.nl\/#website"},"primaryImageOfPage":{"@id":"https:\/\/cinegear.nl\/product\/kinefinity-lpl-mounting-adapter\/#primaryimage"},"image":{"@id":"https:\/\/cinegear.nl\/product\/kinefinity-lpl-mounting-adapter\/#primaryimage"},"thumbnailUrl":"https:\/\/cinegear.nl\/wp-content\/uploads\/2021\/06\/cinegear_lpl-adapter.jpg","datePublished":"2021-06-18T11:44:01+00:00","dateModified":"2026-03-24T10:02:26+00:00","description":"Newly designed LPL Mounting Adapter fits MAVO LF, MAVO and TERRA 4K with KineMOUNT. For example, it supports most LPL large format lenses","breadcrumb":{"@id":"https:\/\/cinegear.nl\/product\/kinefinity-lpl-mounting-adapter\/#breadcrumb"},"inLanguage":"it-IT","potentialAction":[{"@type":"ReadAction","target":["https:\/\/cinegear.nl\/product\/kinefinity-lpl-mounting-adapter\/"]}]},{"@type":"ImageObject","inLanguage":"it-IT","@id":"https:\/\/cinegear.nl\/product\/kinefinity-lpl-mounting-adapter\/#primaryimage","url":"https:\/\/cinegear.nl\/wp-content\/uploads\/2021\/06\/cinegear_lpl-adapter.jpg","contentUrl":"https:\/\/cinegear.nl\/wp-content\/uploads\/2021\/06\/cinegear_lpl-adapter.jpg","width":800,"height":800,"caption":"Kinefinity LPL Mounting Adapter"},{"@type":"BreadcrumbList","@id":"https:\/\/cinegear.nl\/product\/kinefinity-lpl-mounting-adapter\/#breadcrumb","itemListElement":[{"@type":"ListItem","position":1,"name":"Home","item":"https:\/\/cinegear.nl\/"},{"@type":"ListItem","position":2,"name":"Store","item":"https:\/\/cinegear.nl\/product-category-kine-cameras\/"},{"@type":"ListItem","position":3,"name":"Kinefinity LPL Mounting Adapter"}]},{"@type":"WebSite","@id":"https:\/\/cinegear.nl\/#website","url":"https:\/\/cinegear.nl\/","name":"Cinegear Amsterdam","description":"","publisher":{"@id":"https:\/\/cinegear.nl\/#organization"},"potentialAction":[{"@type":"SearchAction","target":{"@type":"EntryPoint","urlTemplate":"https:\/\/cinegear.nl\/?s={search_term_string}"},"query-input":{"@type":"PropertyValueSpecification","valueRequired":true,"valueName":"search_term_string"}}],"inLanguage":"it-IT"},{"@type":"Organization","@id":"https:\/\/cinegear.nl\/#organization","name":"Cinegear","url":"https:\/\/cinegear.nl\/","logo":{"@type":"ImageObject","inLanguage":"it-IT","@id":"https:\/\/cinegear.nl\/#\/schema\/logo\/image\/","url":"https:\/\/cinegear.nl\/wp-content\/uploads\/2019\/12\/Transparent_Normal_Logo.jpg","contentUrl":"https:\/\/cinegear.nl\/wp-content\/uploads\/2019\/12\/Transparent_Normal_Logo.jpg","width":858,"height":782,"caption":"Cinegear"},"image":{"@id":"https:\/\/cinegear.nl\/#\/schema\/logo\/image\/"}}]}},"brands":[{"id":8397,"name":"Marchi","slug":"kinefinity"}],"_links":{"self":[{"href":"https:\/\/cinegear.nl\/it\/wp-json\/wp\/v2\/product\/22187","targetHints":{"allow":["GET"]}}],"collection":[{"href":"https:\/\/cinegear.nl\/it\/wp-json\/wp\/v2\/product"}],"about":[{"href":"https:\/\/cinegear.nl\/it\/wp-json\/wp\/v2\/types\/product"}],"wp:featuredmedia":[{"embeddable":true,"href":"https:\/\/cinegear.nl\/it\/wp-json\/wp\/v2\/media\/22188"}],"wp:attachment":[{"href":"https:\/\/cinegear.nl\/it\/wp-json\/wp\/v2\/media?parent=22187"}],"wp:term":[{"taxonomy":"pwb-brand","embeddable":true,"href":"https:\/\/cinegear.nl\/it\/wp-json\/wp\/v2\/pwb-brand?post=22187"},{"taxonomy":"product_cat","embeddable":true,"href":"https:\/\/cinegear.nl\/it\/wp-json\/wp\/v2\/product_cat?post=22187"},{"taxonomy":"product_tag","embeddable":true,"href":"https:\/\/cinegear.nl\/it\/wp-json\/wp\/v2\/product_tag?post=22187"}],"curies":[{"name":"wp","href":"https:\/\/api.w.org\/{rel}","templated":true}]}}