{"id":22184,"date":"2021-06-18T13:21:19","date_gmt":"2021-06-18T11:21:19","guid":{"rendered":"https:\/\/cinegear.nl\/?post_type=product&#038;p=22184"},"modified":"2024-11-18T15:39:41","modified_gmt":"2024-11-18T14:39:41","slug":"ef-3-mounting-adapter-w-e-nd","status":"publish","type":"product","link":"https:\/\/cinegear.nl\/it\/prodotto\/ef-3-mounting-adapter-w-e-nd\/","title":{"rendered":"Adattatore di montaggio Kinefinity EF 3 con e-ND"},"content":{"rendered":"<h2><strong>Adattatore di montaggio Kinefinity EF 3 con e-ND<\/strong><\/h2>\n<p>Basato sul sistema di bloccaggio attivo degli adattatori della serie EF II, il nuovissimo adattatore di montaggio EF 3 con e-ND \u00e8 progettato secondo il tradizionale metodo di rotazione degli obiettivi DSLR, ma presenta notevoli miglioramenti. Rispetto alla versione precedente, l'adattatore di montaggio EF 3 con e-ND non solo offre la tradizionale rotazione in senso orario dell'obiettivo, ma mantiene anche il bloccaggio attivo per fissarlo, consentendo cos\u00ec l'installazione rapida dell'obiettivo EF e il suo bloccaggio in senso orario, proprio come avviene per gli obiettivi PL, rendendolo ideale per l'utilizzo della funzione Follow Focus durante le riprese.<\/p>\n<p><img loading=\"lazy\" decoding=\"async\" class=\"size-large wp-image-28723 aligncenter\" src=\"https:\/\/www.kinefinity.com\/wp-content\/uploads\/2020\/12\/kine_adapters_comb-1024x576.jpg\" sizes=\"auto, (max-width: 1020px) 100vw, 1020px\" srcset=\"https:\/\/www.kinefinity.com\/wp-content\/uploads\/2020\/12\/kine_adapters_comb-1024x576.jpg 1024w, https:\/\/www.kinefinity.com\/wp-content\/uploads\/2020\/12\/kine_adapters_comb-300x169.jpg 300w, https:\/\/www.kinefinity.com\/wp-content\/uploads\/2020\/12\/kine_adapters_comb-150x84.jpg 150w, https:\/\/www.kinefinity.com\/wp-content\/uploads\/2020\/12\/kine_adapters_comb-768x432.jpg 768w, https:\/\/www.kinefinity.com\/wp-content\/uploads\/2020\/12\/kine_adapters_comb-1536x864.jpg 1536w, https:\/\/www.kinefinity.com\/wp-content\/uploads\/2020\/12\/kine_adapters_comb.jpg 1920w\" alt=\"\" width=\"1020\" height=\"574\" \/><\/p>\n<hr \/>\n<p>EF 3 Mounting Adapter w\/ e-ND features:<\/p>\n<ol>\n<li>Migliora\u00a0<strong>il metodo tradizionale di bloccaggio dell'obiettivo DSLR<\/strong>: ruotare l'obiettivo in senso orario fino all'arresto;<\/li>\n<li>Metodo\u00a0<strong>di bloccaggio attivo della cinepresa<\/strong>: bloccare l'obiettivo in senso orario fino a fissarlo saldamente senza spazio mobile;<\/li>\n<li>Sostituzione a caldo: sostituzione degli obiettivi mentre la fotocamera \u00e8 accesa; offre una protezione elettrica extra;<\/li>\n<li>Contatti elettronici: supportano la maggior parte degli obiettivi EF con controllo dell'iride;<\/li>\n<li>Collegamento semplice ma affidabile: il nuovo adattatore di montaggio si adatta perfettamente a KineMOUNT senza alcun cavo;<\/li>\n<li>Leggero: pesa solo 200 g, ma \u00e8 comunque affidabile e robusto.<\/li>\n<\/ol>\n<hr \/>\n<div id=\"row-1945182523\" class=\"row\">\n<div id=\"col-1694604603\" class=\"col medium-1\/2 large-6\">\n<div class=\"col-inner\">\n<p>Electronic ND (Electronic Neutral Density Filter) is based on modern liquid crystal materials and optics controlled electronically, which is completely unlike conventional technology such as a rotating filter wheel or polarising ND Filters. The e-ND on\u00a0MAVO\/TERRA\u00a0brings sharp images with color fidelity but without any drawbacks of traditional variable ND.<\/p>\n<p>Compared to traditional optical glasses, electronic ND (Electronic Neutral Filter) gains a lot of advantages: eliminating the ND filters at the front of lenses; adjust the exposure seamlessly over a very wide range;\u00a0keep MAVO\/TERRA and your gear into a more compact and lightweight set when ND needed. The e-ND developed by Kinefinity also is available on\u00a0PL Type.<\/p>\n<\/div>\n<\/div>\n<div id=\"col-459371988\" class=\"col medium-1\/2 large-6\">\n<div class=\"col-inner\">\n<p>So far, there are three types of EF mounting adapters for different scenarioes:<\/p>\n<ul>\n<li>Regular EF mounting adapter without any glass or filters: Clear, 0 stop;<\/li>\n<li>New EF mounting adapter with e-ND in this page: 0.6~2.1, 2~7 stops;<\/li>\n<li>EF mounting adapter with KineEnhancer: 0.72 focal reducer, extra 1 stop for max iris.<\/li>\n<\/ul>\n<p>For bundle of regular EF mounting adapter and EF mounting adapter with e-ND, you will get US$100 discount off. Compared to NiSi ND filters pro package, it even costs less, while gains much more features.<\/p>\n<\/div>\n<\/div>\n<\/div>\n<p><strong>Unire l'ottica e l'elettronica in un'unica soluzione<\/strong><\/p>\n<p>L'adattatore di montaggio con ND elettronico incorporato (e-ND) impiega un ibrido ad alta precisione di materiale a cristalli liquidi, ottica e tecnologia elettronica. Copre la gamma pi\u00f9 ampia da 0,6 a 2,1 (da 2 stop a 7 stop).<\/p>\n<p>Allo stesso tempo, l'accuratezza del colore rimane costante su una gamma cos\u00ec ampia quando si lavora con MAVO\/TERRA.<\/p>\n<p>L'integrazione di e-ND nell'adattatore di montaggio elimina la necessit\u00e0 di un filtro ND ottico davanti agli obiettivi e quindi di un portafiltro o di una scatola opaca, riducendo notevolmente il carico del sistema di ripresa: pi\u00f9 compatto e leggero e anche pi\u00f9 fluido. \u00c8 quindi molto utile per le riprese di un gruppo di persone, per i documentari e per le riprese in ambienti difficili, come le aree polari settentrionali e meridionali.<\/p>\n<p>L'adattatore di montaggio con e-ND mantiene MAVO\/TERRA leggero e compatto.<\/p>\n<p>At the same time, the cine-style mounting adapter has electronic contacts to control EF lenses aperture by wheel on camera or SideGrip.<\/p>\n<p><img loading=\"lazy\" decoding=\"async\" class=\"aligncenter\" src=\"http:\/\/www.kinefinity.com\/wp-content\/uploads\/2017\/09\/terra_ef_nd-1024x684.jpg\" alt=\"terra_ef_nd\" width=\"1000\" height=\"667\" \/><\/p>\n<p>&nbsp;<\/p>\n<hr \/>\n<p><strong>Precisione del colore sull'intera gamma<\/strong><\/p>\n<p>Inoltre, MAVO\/TERRA \u00e8 in grado di rilevare l'e-ND e di calibrarlo automaticamente su potenziali piccoli spostamenti di colore, non appena l'adattatore di montaggio con e-ND viene collegato a MAVO\/TERRA. Quindi, indipendentemente dal monitoraggio o dai filmati registrati, MAVO\/TERRA \u00e8 sempre in grado di mantenere l'accuratezza del colore sull'intero intervallo di regolazione da 0,6 a 2,1.<\/p>\n<p>Per gli ND ottici o altri ND in vetro, la fotocamera non \u00e8 in grado di rilevare o ottenere informazioni dal vetro ND e non c'\u00e8 modo per la fotocamera di calibrare il cambiamento di colore introdotto dagli ND. Tuttavia, per gli adattatori di montaggio con e-ND, MAVO\/TERRA \u00e8 in grado di rilevare automaticamente l'e-ND e di ottenere lo stato dell'e-ND a ogni minima operazione di regolazione dell'e-ND, per poi calibrare eventuali lievi variazioni di colore in base ai dati ricevuti. Non preoccupatevi dell'effetto del colore quando utilizzate e-ND su MAVO\/TERRA, lasciate che i direttori della fotografia si concentrino sulle riprese.<\/p>\n<p><img loading=\"lazy\" decoding=\"async\" class=\"aligncenter\" src=\"http:\/\/www.kinefinity.com\/wp-content\/uploads\/2017\/09\/e_nd-1024x512.jpg\" alt=\"e_nd\" width=\"1000\" height=\"500\" \/><\/p>\n<hr \/>\n<p><strong>Regolazione continua su un intervallo di 0,6~2,1<\/strong><\/p>\n<p>L'E-ND sviluppato da Kinefinity \u00e8 costruito su un ibrido ad alta precisione di materiale a cristalli liquidi, ottica e sistema di controllo elettronico. Copre una gamma cos\u00ec ampia da 0,6 a 2,1 (da 2 stop a 7 stop) che \u00e8 possibile utilizzare un singolo e-ND per le riprese anche in aree polari. La variazione della densit\u00e0 del filtro avviene in modo fluido e continuo tramite la rotella su MAVO\/TERRA e il firmware interno, senza bisogno di alimentazione supplementare o dispositivi meccanici.<\/p>\n<p>Rispetto ai vetri ottici come i filtri NiSi cine IRND, sono necessari 0,6 (2 stop), 0,9 (3 stop), 1,2 (2 stop), 1,5 (5 stop), 1,8 (6 stop), 2,1 (7 stop) per un totale di sei filtri in vetro. Il costo e il costo di stoccaggio sarebbero piuttosto elevati. Naturalmente, potrebbe essere necessario aggiungere pi\u00f9 vetri per ottenere pi\u00f9 stop.<\/p>\n<p>La regolazione senza soluzione di continuit\u00e0 porta con s\u00e9 una caratteristica molto importante: l'accurato arresto dell'esposizione, ci\u00f2 che i tradizionali filtri ND in vetro non hanno, e MAVO\/TERRA ha potuto ottenere la migliore gamma dinamica e profondit\u00e0 di campo mantenendo invariati ISO, velocit\u00e0 dell'otturatore e iride dell'obiettivo.<\/p>\n<p>Richiede molto meno tempo e riduce gli errori di prova per ottenere la giusta esposizione, perch\u00e9 non \u00e8 necessario sostituire manualmente gli occhiali ottici pezzo per pezzo.<\/p>\n<hr \/>\n<p>Attenzione: spegnere la fotocamera quando si sostituiscono adattatori diversi, altrimenti la fotocamera o gli adattatori potrebbero bruciarsi.<\/p>\n<hr \/>\n<h3><strong>Come si collega\/scollega l'obiettivo EF all'attacco EF 3?<\/strong><\/h3>\n<p>Di seguito sono riportati i passaggi per collegare l'obiettivo EF al nuovo attacco EF 3:<\/p>\n<ol>\n<li><strong>Sbloccare:<\/strong>\u00a0Ruotare l'anello di bloccaggio dell'attacco EF 3\u00a0<strong>in senso antiorario<\/strong>\u00a0fino all'arresto; (togliere tutti i tappi o le coperture dalla fotocamera e dall'attacco dell'obiettivo;);<\/li>\n<li><strong>Installa obiettivo EF:<\/strong>\u00a0Allineare il punto rosso sull'obiettivo, la linea bianca sull'anello di bloccaggio e il punto sulla montatura. Assicurarsi che il perno sulla montatura corrisponda al foro dell'obiettivo; ruotare l'obiettivo EF\u00a0<strong>in senso orario<\/strong>\u00a0fino a quando il pulsante di rilascio \u00e8 sollevato;<\/li>\n<li><strong>Bloccare:<\/strong>\u00a0Ruotare l'anello di bloccaggio dell'attacco EF 3\u00a0<strong>in senso orario<\/strong>\u00a0nella direzione indicata dalla freccia, fino a quando non sar\u00e0 ben fissato.<\/li>\n<\/ol>\n<p>Fasi per staccare l'obiettivo EF dal nuovo attacco EF 3:<\/p>\n<ol>\n<li><strong>Sbloccare:<\/strong>\u00a0Ruotare l'anello di bloccaggio dell'attacco EF 3\u00a0<strong>in senso antiorario<\/strong>\u00a0fino all'arresto;<\/li>\n<li><strong>Scollegare l'obiettivo EF:<\/strong>\u00a0Premere completamente il pulsante di rilascio sul lato destro dell'innesto EF 3 e ruotare l'obiettivo EF\u00a0<strong>in senso antiorario<\/strong>.<\/li>\n<\/ol>\n<hr \/>\n<p>Attenzione:<\/p>\n<ul>\n<li>L'adattatore di montaggio con e-ND non pu\u00f2 essere impostato su Clear, quindi \u00e8 necessario un adattatore di montaggio normale per le condizioni di scarsa illuminazione o per gli ambienti interni.<\/li>\n<li>Per l'adattatore di montaggio con e-ND, quando si riprende su alcuni materiali a cristalli liquidi molto speciali, l'immagine potrebbe presentare un inevitabile spostamento del colore;<\/li>\n<li>La superficie di e-ND \u00e8 in vetro con rivestimento AR. \u00c8 possibile pulirlo con molta attenzione. Eventuali danni o graffi al vetro sono fuori garanzia.<\/li>\n<\/ul>","protected":false},"excerpt":{"rendered":"<div id=\"article-tabs\" class=\"tab-content\">\n<div id=\"tab-description\" class=\"tab-pane fade in active\" role=\"tabpanel\">\n<div class=\"tab-content-wrapper\">\n<div class=\"desc\">\n<p>Basato sul sistema di bloccaggio attivo degli adattatori della serie EF II, il nuovissimo adattatore di montaggio EF 3 con e-ND \u00e8 progettato secondo il tradizionale metodo di rotazione degli obiettivi DSLR, ma presenta notevoli miglioramenti. Rispetto alla versione precedente, l'adattatore di montaggio EF 3 con e-ND non solo offre la tradizionale rotazione in senso orario dell'obiettivo, ma mantiene anche il bloccaggio attivo per fissarlo, consentendo cos\u00ec l'installazione rapida dell'obiettivo EF e il suo bloccaggio in senso orario, proprio come avviene per gli obiettivi PL, rendendolo ideale per l'utilizzo della funzione Follow Focus durante le riprese.<\/p>\n<p>L'adattatore di montaggio EF con filtro ND elettronico integrato (e-ND) impiega un ibrido ad alta precisione di cristalli liquidi, ottiche ed elettronica. Copre un'ampia gamma di diaframmi da 0,6 a 2,1 (da 2 a 7 stop).<\/p>\n<\/div>\n<\/div>\n<\/div>\n<\/div>\n<div class=\"clearfix\"><\/div>","protected":false},"featured_media":69145,"template":"","meta":{"_acf_changed":false,"inline_featured_image":false},"pwb-brand":[8397],"product_cat":[400,10807],"product_tag":[4521,8775],"class_list":{"0":"post-22184","1":"product","2":"type-product","3":"status-publish","4":"has-post-thumbnail","6":"pwb-brand-kinefinity","7":"product_cat-lenses","8":"product_cat-lens-adapter","9":"product_tag-kinefinity","10":"product_tag-mounting-adapter","11":"product_shipping_class-normal","13":"first","14":"onbackorder","15":"taxable","16":"shipping-taxable","17":"purchasable","18":"product-type-simple"},"acf":{"supplier":"","buy_price":"","last_sync":""},"yoast_head":"<!-- This site is optimized with the Yoast SEO Premium plugin v21.8 (Yoast SEO v24.3) - https:\/\/yoast.com\/wordpress\/plugins\/seo\/ -->\n<title>Kinefinity EF 3 Mounting Adapter w\/ e-ND | Cinegear Amsterdam<\/title>\n<meta name=\"description\" content=\"Based on active locking mount as EF II series adapters, whole-new EF 3 Mounting Adapter w\/ e-ND is designed in accordance with traditional DSLR lens rotation method but have much improvement. Compared to the previous version, EF 3 Mounting Adapter w\/ e-ND not only possesses the traditional way to rotate the lens clockwise, but also keeps active locking to fasten the lens, thus the EF lens can be installed quickly and locked clockwise as the PL lens, which is suitable for the utilization of Follow Focus when shooting.  The EF Mounting adapter with Built-in Electronic ND (e-ND) employs high-precision hybrid of liquid crystal material, optics and electronic technology. It covers a wide range from 0.6 to 2.1 (2 stops to 7 stops).\" \/>\n<meta name=\"robots\" content=\"index, follow, max-snippet:-1, max-image-preview:large, max-video-preview:-1\" \/>\n<link rel=\"canonical\" href=\"https:\/\/cinegear.nl\/it\/prodotto\/ef-3-mounting-adapter-w-e-nd\/\" \/>\n<meta property=\"og:locale\" content=\"it_IT\" \/>\n<meta property=\"og:type\" content=\"article\" \/>\n<meta property=\"og:title\" content=\"Kinefinity EF 3 Mounting Adapter w\/ e-ND\" \/>\n<meta property=\"og:description\" content=\"Based on active locking mount as EF II series adapters, whole-new EF 3 Mounting Adapter w\/ e-ND is designed in accordance with traditional DSLR lens rotation method but have much improvement. Compared to the previous version, EF 3 Mounting Adapter w\/ e-ND not only possesses the traditional way to rotate the lens clockwise, but also keeps active locking to fasten the lens, thus the EF lens can be installed quickly and locked clockwise as the PL lens, which is suitable for the utilization of Follow Focus when shooting.  The EF Mounting adapter with Built-in Electronic ND (e-ND) employs high-precision hybrid of liquid crystal material, optics and electronic technology. It covers a wide range from 0.6 to 2.1 (2 stops to 7 stops).\" \/>\n<meta property=\"og:url\" content=\"https:\/\/cinegear.nl\/it\/prodotto\/ef-3-mounting-adapter-w-e-nd\/\" \/>\n<meta property=\"og:site_name\" content=\"Cinegear Amsterdam\" \/>\n<meta property=\"article:modified_time\" content=\"2024-11-18T14:39:41+00:00\" \/>\n<meta property=\"og:image\" content=\"https:\/\/cinegear.nl\/wp-content\/uploads\/2021\/06\/EFND-3_1.jpg\" \/>\n\t<meta property=\"og:image:width\" content=\"1000\" \/>\n\t<meta property=\"og:image:height\" content=\"1000\" \/>\n\t<meta property=\"og:image:type\" content=\"image\/jpeg\" \/>\n<meta name=\"twitter:card\" content=\"summary_large_image\" \/>\n<meta name=\"twitter:label1\" content=\"Tempo di lettura stimato\" \/>\n\t<meta name=\"twitter:data1\" content=\"6 minuti\" \/>\n<script type=\"application\/ld+json\" class=\"yoast-schema-graph\">{\"@context\":\"https:\/\/schema.org\",\"@graph\":[{\"@type\":\"WebPage\",\"@id\":\"https:\/\/cinegear.nl\/product\/ef-3-mounting-adapter-w-e-nd\/\",\"url\":\"https:\/\/cinegear.nl\/product\/ef-3-mounting-adapter-w-e-nd\/\",\"name\":\"Kinefinity EF 3 Mounting Adapter w\/ e-ND | Cinegear Amsterdam\",\"isPartOf\":{\"@id\":\"https:\/\/cinegear.nl\/#website\"},\"primaryImageOfPage\":{\"@id\":\"https:\/\/cinegear.nl\/product\/ef-3-mounting-adapter-w-e-nd\/#primaryimage\"},\"image\":{\"@id\":\"https:\/\/cinegear.nl\/product\/ef-3-mounting-adapter-w-e-nd\/#primaryimage\"},\"thumbnailUrl\":\"https:\/\/cinegear.nl\/wp-content\/uploads\/2021\/06\/EFND-3_1.jpg\",\"datePublished\":\"2021-06-18T11:21:19+00:00\",\"dateModified\":\"2024-11-18T14:39:41+00:00\",\"description\":\"Based on active locking mount as EF II series adapters, whole-new EF 3 Mounting Adapter w\/ e-ND is designed in accordance with traditional DSLR lens rotation method but have much improvement. Compared to the previous version, EF 3 Mounting Adapter w\/ e-ND not only possesses the traditional way to rotate the lens clockwise, but also keeps active locking to fasten the lens, thus the EF lens can be installed quickly and locked clockwise as the PL lens, which is suitable for the utilization of Follow Focus when shooting. The EF Mounting adapter with Built-in Electronic ND (e-ND) employs high-precision hybrid of liquid crystal material, optics and electronic technology. It covers a wide range from 0.6 to 2.1 (2 stops to 7 stops).\",\"breadcrumb\":{\"@id\":\"https:\/\/cinegear.nl\/product\/ef-3-mounting-adapter-w-e-nd\/#breadcrumb\"},\"inLanguage\":\"it-IT\",\"potentialAction\":[{\"@type\":\"ReadAction\",\"target\":[\"https:\/\/cinegear.nl\/product\/ef-3-mounting-adapter-w-e-nd\/\"]}]},{\"@type\":\"ImageObject\",\"inLanguage\":\"it-IT\",\"@id\":\"https:\/\/cinegear.nl\/product\/ef-3-mounting-adapter-w-e-nd\/#primaryimage\",\"url\":\"https:\/\/cinegear.nl\/wp-content\/uploads\/2021\/06\/EFND-3_1.jpg\",\"contentUrl\":\"https:\/\/cinegear.nl\/wp-content\/uploads\/2021\/06\/EFND-3_1.jpg\",\"width\":1000,\"height\":1000,\"caption\":\"Kinefinity EF 3 Mounting Adapter w\/ e-ND\"},{\"@type\":\"BreadcrumbList\",\"@id\":\"https:\/\/cinegear.nl\/product\/ef-3-mounting-adapter-w-e-nd\/#breadcrumb\",\"itemListElement\":[{\"@type\":\"ListItem\",\"position\":1,\"name\":\"Home\",\"item\":\"https:\/\/cinegear.nl\/\"},{\"@type\":\"ListItem\",\"position\":2,\"name\":\"Store\",\"item\":\"https:\/\/cinegear.nl\/product-category-kine-cameras\/\"},{\"@type\":\"ListItem\",\"position\":3,\"name\":\"Kinefinity EF 3 Mounting Adapter w\/ e-ND\"}]},{\"@type\":\"WebSite\",\"@id\":\"https:\/\/cinegear.nl\/#website\",\"url\":\"https:\/\/cinegear.nl\/\",\"name\":\"Cinegear Amsterdam\",\"description\":\"\",\"publisher\":{\"@id\":\"https:\/\/cinegear.nl\/#organization\"},\"potentialAction\":[{\"@type\":\"SearchAction\",\"target\":{\"@type\":\"EntryPoint\",\"urlTemplate\":\"https:\/\/cinegear.nl\/?s={search_term_string}\"},\"query-input\":{\"@type\":\"PropertyValueSpecification\",\"valueRequired\":true,\"valueName\":\"search_term_string\"}}],\"inLanguage\":\"it-IT\"},{\"@type\":\"Organization\",\"@id\":\"https:\/\/cinegear.nl\/#organization\",\"name\":\"Cinegear\",\"url\":\"https:\/\/cinegear.nl\/\",\"logo\":{\"@type\":\"ImageObject\",\"inLanguage\":\"it-IT\",\"@id\":\"https:\/\/cinegear.nl\/#\/schema\/logo\/image\/\",\"url\":\"https:\/\/cinegear.nl\/wp-content\/uploads\/2019\/12\/Transparent_Normal_Logo.jpg\",\"contentUrl\":\"https:\/\/cinegear.nl\/wp-content\/uploads\/2019\/12\/Transparent_Normal_Logo.jpg\",\"width\":858,\"height\":782,\"caption\":\"Cinegear\"},\"image\":{\"@id\":\"https:\/\/cinegear.nl\/#\/schema\/logo\/image\/\"}}]}<\/script>\n<!-- \/ Yoast SEO Premium plugin. -->","yoast_head_json":{"title":"Kinefinity EF 3 Mounting Adapter w\/ e-ND | Cinegear Amsterdam","description":"Based on active locking mount as EF II series adapters, whole-new EF 3 Mounting Adapter w\/ e-ND is designed in accordance with traditional DSLR lens rotation method but have much improvement. Compared to the previous version, EF 3 Mounting Adapter w\/ e-ND not only possesses the traditional way to rotate the lens clockwise, but also keeps active locking to fasten the lens, thus the EF lens can be installed quickly and locked clockwise as the PL lens, which is suitable for the utilization of Follow Focus when shooting.  The EF Mounting adapter with Built-in Electronic ND (e-ND) employs high-precision hybrid of liquid crystal material, optics and electronic technology. It covers a wide range from 0.6 to 2.1 (2 stops to 7 stops).","robots":{"index":"index","follow":"follow","max-snippet":"max-snippet:-1","max-image-preview":"max-image-preview:large","max-video-preview":"max-video-preview:-1"},"canonical":"https:\/\/cinegear.nl\/it\/prodotto\/ef-3-mounting-adapter-w-e-nd\/","og_locale":"it_IT","og_type":"article","og_title":"Kinefinity EF 3 Mounting Adapter w\/ e-ND","og_description":"Based on active locking mount as EF II series adapters, whole-new EF 3 Mounting Adapter w\/ e-ND is designed in accordance with traditional DSLR lens rotation method but have much improvement. Compared to the previous version, EF 3 Mounting Adapter w\/ e-ND not only possesses the traditional way to rotate the lens clockwise, but also keeps active locking to fasten the lens, thus the EF lens can be installed quickly and locked clockwise as the PL lens, which is suitable for the utilization of Follow Focus when shooting.  The EF Mounting adapter with Built-in Electronic ND (e-ND) employs high-precision hybrid of liquid crystal material, optics and electronic technology. It covers a wide range from 0.6 to 2.1 (2 stops to 7 stops).","og_url":"https:\/\/cinegear.nl\/it\/prodotto\/ef-3-mounting-adapter-w-e-nd\/","og_site_name":"Cinegear Amsterdam","article_modified_time":"2024-11-18T14:39:41+00:00","og_image":[{"width":1000,"height":1000,"url":"https:\/\/cinegear.nl\/wp-content\/uploads\/2021\/06\/EFND-3_1.jpg","type":"image\/jpeg"}],"twitter_card":"summary_large_image","twitter_misc":{"Tempo di lettura stimato":"6 minuti"},"schema":{"@context":"https:\/\/schema.org","@graph":[{"@type":"WebPage","@id":"https:\/\/cinegear.nl\/product\/ef-3-mounting-adapter-w-e-nd\/","url":"https:\/\/cinegear.nl\/product\/ef-3-mounting-adapter-w-e-nd\/","name":"Kinefinity EF 3 Mounting Adapter w\/ e-ND | Cinegear Amsterdam","isPartOf":{"@id":"https:\/\/cinegear.nl\/#website"},"primaryImageOfPage":{"@id":"https:\/\/cinegear.nl\/product\/ef-3-mounting-adapter-w-e-nd\/#primaryimage"},"image":{"@id":"https:\/\/cinegear.nl\/product\/ef-3-mounting-adapter-w-e-nd\/#primaryimage"},"thumbnailUrl":"https:\/\/cinegear.nl\/wp-content\/uploads\/2021\/06\/EFND-3_1.jpg","datePublished":"2021-06-18T11:21:19+00:00","dateModified":"2024-11-18T14:39:41+00:00","description":"Based on active locking mount as EF II series adapters, whole-new EF 3 Mounting Adapter w\/ e-ND is designed in accordance with traditional DSLR lens rotation method but have much improvement. Compared to the previous version, EF 3 Mounting Adapter w\/ e-ND not only possesses the traditional way to rotate the lens clockwise, but also keeps active locking to fasten the lens, thus the EF lens can be installed quickly and locked clockwise as the PL lens, which is suitable for the utilization of Follow Focus when shooting. The EF Mounting adapter with Built-in Electronic ND (e-ND) employs high-precision hybrid of liquid crystal material, optics and electronic technology. It covers a wide range from 0.6 to 2.1 (2 stops to 7 stops).","breadcrumb":{"@id":"https:\/\/cinegear.nl\/product\/ef-3-mounting-adapter-w-e-nd\/#breadcrumb"},"inLanguage":"it-IT","potentialAction":[{"@type":"ReadAction","target":["https:\/\/cinegear.nl\/product\/ef-3-mounting-adapter-w-e-nd\/"]}]},{"@type":"ImageObject","inLanguage":"it-IT","@id":"https:\/\/cinegear.nl\/product\/ef-3-mounting-adapter-w-e-nd\/#primaryimage","url":"https:\/\/cinegear.nl\/wp-content\/uploads\/2021\/06\/EFND-3_1.jpg","contentUrl":"https:\/\/cinegear.nl\/wp-content\/uploads\/2021\/06\/EFND-3_1.jpg","width":1000,"height":1000,"caption":"Kinefinity EF 3 Mounting Adapter w\/ e-ND"},{"@type":"BreadcrumbList","@id":"https:\/\/cinegear.nl\/product\/ef-3-mounting-adapter-w-e-nd\/#breadcrumb","itemListElement":[{"@type":"ListItem","position":1,"name":"Home","item":"https:\/\/cinegear.nl\/"},{"@type":"ListItem","position":2,"name":"Store","item":"https:\/\/cinegear.nl\/product-category-kine-cameras\/"},{"@type":"ListItem","position":3,"name":"Kinefinity EF 3 Mounting Adapter w\/ e-ND"}]},{"@type":"WebSite","@id":"https:\/\/cinegear.nl\/#website","url":"https:\/\/cinegear.nl\/","name":"Cinegear Amsterdam","description":"","publisher":{"@id":"https:\/\/cinegear.nl\/#organization"},"potentialAction":[{"@type":"SearchAction","target":{"@type":"EntryPoint","urlTemplate":"https:\/\/cinegear.nl\/?s={search_term_string}"},"query-input":{"@type":"PropertyValueSpecification","valueRequired":true,"valueName":"search_term_string"}}],"inLanguage":"it-IT"},{"@type":"Organization","@id":"https:\/\/cinegear.nl\/#organization","name":"Cinegear","url":"https:\/\/cinegear.nl\/","logo":{"@type":"ImageObject","inLanguage":"it-IT","@id":"https:\/\/cinegear.nl\/#\/schema\/logo\/image\/","url":"https:\/\/cinegear.nl\/wp-content\/uploads\/2019\/12\/Transparent_Normal_Logo.jpg","contentUrl":"https:\/\/cinegear.nl\/wp-content\/uploads\/2019\/12\/Transparent_Normal_Logo.jpg","width":858,"height":782,"caption":"Cinegear"},"image":{"@id":"https:\/\/cinegear.nl\/#\/schema\/logo\/image\/"}}]}},"brands":[{"id":8397,"name":"Marchi","slug":"kinefinity"}],"_links":{"self":[{"href":"https:\/\/cinegear.nl\/it\/wp-json\/wp\/v2\/product\/22184","targetHints":{"allow":["GET"]}}],"collection":[{"href":"https:\/\/cinegear.nl\/it\/wp-json\/wp\/v2\/product"}],"about":[{"href":"https:\/\/cinegear.nl\/it\/wp-json\/wp\/v2\/types\/product"}],"wp:featuredmedia":[{"embeddable":true,"href":"https:\/\/cinegear.nl\/it\/wp-json\/wp\/v2\/media\/69145"}],"wp:attachment":[{"href":"https:\/\/cinegear.nl\/it\/wp-json\/wp\/v2\/media?parent=22184"}],"wp:term":[{"taxonomy":"pwb-brand","embeddable":true,"href":"https:\/\/cinegear.nl\/it\/wp-json\/wp\/v2\/pwb-brand?post=22184"},{"taxonomy":"product_cat","embeddable":true,"href":"https:\/\/cinegear.nl\/it\/wp-json\/wp\/v2\/product_cat?post=22184"},{"taxonomy":"product_tag","embeddable":true,"href":"https:\/\/cinegear.nl\/it\/wp-json\/wp\/v2\/product_tag?post=22184"}],"curies":[{"name":"wp","href":"https:\/\/api.w.org\/{rel}","templated":true}]}}