{"id":22182,"date":"2021-06-18T13:15:27","date_gmt":"2021-06-18T11:15:27","guid":{"rendered":"https:\/\/cinegear.nl\/?post_type=product&#038;p=22182"},"modified":"2026-03-24T10:57:36","modified_gmt":"2026-03-24T09:57:36","slug":"ef-3-mounting-adapter-w-kineenhancer","status":"publish","type":"product","link":"https:\/\/cinegear.nl\/it\/prodotto\/ef-3-mounting-adapter-w-kineenhancer\/","title":{"rendered":"Adattatore di montaggio Kinefinity EF 3 con KineEnhancer"},"content":{"rendered":"<div id=\"article-tabs\" class=\"tab-content\">\n<div id=\"tab-description\" class=\"tab-pane fade in active\" role=\"tabpanel\">\n<div class=\"tab-content-wrapper\">\n<div class=\"desc\">\n<p>Basato sul sistema di bloccaggio attivo dell'adattatore di montaggio EF II, il nuovissimo adattatore di montaggio EF 3 \u00e8 progettato secondo il tradizionale metodo di rotazione degli obiettivi DSLR, ma presenta notevoli miglioramenti. Rispetto alla versione precedente, l'adattatore di montaggio EF 3 non solo offre il tradizionale metodo di rotazione in senso orario, ma mantiene anche il bloccaggio attivo per fissare l'obiettivo, consentendo cos\u00ec un'installazione rapida dell'obiettivo EF e il bloccaggio in senso orario, proprio come avviene per gli obiettivi PL, rendendolo ideale per l'utilizzo della funzione Follow Focus durante le riprese.<\/p>\n<p>L'adattatore di montaggio EF 3 \u00e8 adatto a MAVO\/TERRA. (Visitare e acquistare l'adattatore di montaggio EF 3 con KineEnhancer se si desidera riprendere con obiettivi Full Frame quando si utilizza una fotocamera S35. Visitare e acquistare l'adattatore di montaggio EF 3 con e-ND se si desidera effettuare riprese con ND).<\/p>\n<\/div>\n<\/div>\n<\/div>\n<\/div>","protected":false},"excerpt":{"rendered":"<p>It fits: [MAVO and\u00a0TERRA].<\/p>\n<p>Basato sull'attacco a bloccaggio attivo come gli adattatori della serie EF II, il nuovo adattatore di montaggio EF 3 con KineEnhancer \u00e8 progettato secondo il metodo tradizionale di rotazione dell'obiettivo DSLR, ma con molti miglioramenti. Rispetto alla versione precedente, l'adattatore di montaggio EF 3 con KineEnhancer non solo possiede il metodo tradizionale per ruotare l'obiettivo in senso orario, ma mantiene anche il bloccaggio attivo per fissare l'obiettivo, in modo che l'obiettivo EF possa essere installato rapidamente e bloccato in senso orario come l'obiettivo PL, il che \u00e8 adatto per l'utilizzo del Follow Focus durante le riprese.<\/p>\n<p>KineEnhancer \u00e8 un vetro ottico altamente preciso, con adattatore di montaggio incorporato. Offre un angolo pi\u00f9 ampio e uno stop in pi\u00f9 sull'apertura massima.<\/p>","protected":false},"featured_media":69141,"template":"","meta":{"_acf_changed":false,"inline_featured_image":false},"pwb-brand":[8397],"product_cat":[400,10785,10794,10807,10811,16],"product_tag":[4521,8911],"class_list":{"0":"post-22182","1":"product","2":"type-product","3":"status-publish","4":"has-post-thumbnail","6":"pwb-brand-kinefinity","7":"product_cat-lenses","8":"product_cat-lens-accesories","9":"product_cat-mounts-lens-accesories","10":"product_cat-lens-adapter","11":"product_cat-lens-extenders","12":"product_cat-all","13":"product_tag-kinefinity","14":"product_tag-mount-adapter","15":"product_shipping_class-normal","17":"first","18":"onbackorder","19":"taxable","20":"shipping-taxable","21":"purchasable","22":"product-type-simple"},"acf":{"supplier":"","buy_price":"","last_sync":""},"yoast_head":"<!-- This site is optimized with the Yoast SEO Premium plugin v21.8 (Yoast SEO v24.3) - https:\/\/yoast.com\/wordpress\/plugins\/seo\/ -->\n<title>Kinefinity EF 3 Mounting Adapter w\/ KineEnhancer | Cinegear Amsterdam<\/title>\n<meta name=\"description\" content=\"It fits: .  Based on active locking mount as EF II series adapters, whole-new EF 3 Mounting Adapter w\/ KineEnhancer is designed in accordance with traditional DSLR lens rotation method but have much improvement. Compared to the previous version, EF 3 Mounting Adapter w\/ KineEnhancer not only possesses the traditional way to rotate the lens clockwise, but also keeps active locking to fasten the lens, thus the EF lens can be installed quickly and locked clockwise as the PL lens, which is suitable for the utilization of Follow Focus when shooting.  KineEnhancer as a highly accurate optic glass, built-in mounting adapter. It brings wider angle and one more stop on max aperture.\" \/>\n<meta name=\"robots\" content=\"index, follow, max-snippet:-1, max-image-preview:large, max-video-preview:-1\" \/>\n<link rel=\"canonical\" href=\"https:\/\/cinegear.nl\/it\/prodotto\/ef-3-mounting-adapter-w-kineenhancer\/\" \/>\n<meta property=\"og:locale\" content=\"it_IT\" \/>\n<meta property=\"og:type\" content=\"article\" \/>\n<meta property=\"og:title\" content=\"Kinefinity EF 3 Mounting Adapter w\/ KineEnhancer\" \/>\n<meta property=\"og:description\" content=\"It fits: .  Based on active locking mount as EF II series adapters, whole-new EF 3 Mounting Adapter w\/ KineEnhancer is designed in accordance with traditional DSLR lens rotation method but have much improvement. Compared to the previous version, EF 3 Mounting Adapter w\/ KineEnhancer not only possesses the traditional way to rotate the lens clockwise, but also keeps active locking to fasten the lens, thus the EF lens can be installed quickly and locked clockwise as the PL lens, which is suitable for the utilization of Follow Focus when shooting.  KineEnhancer as a highly accurate optic glass, built-in mounting adapter. It brings wider angle and one more stop on max aperture.\" \/>\n<meta property=\"og:url\" content=\"https:\/\/cinegear.nl\/it\/prodotto\/ef-3-mounting-adapter-w-kineenhancer\/\" \/>\n<meta property=\"og:site_name\" content=\"Cinegear Amsterdam\" \/>\n<meta property=\"article:modified_time\" content=\"2026-03-24T09:57:36+00:00\" \/>\n<meta property=\"og:image\" content=\"https:\/\/cinegear.nl\/wp-content\/uploads\/2021\/06\/EFEN-3-1.jpg\" \/>\n\t<meta property=\"og:image:width\" content=\"1000\" \/>\n\t<meta property=\"og:image:height\" content=\"1000\" \/>\n\t<meta property=\"og:image:type\" content=\"image\/jpeg\" \/>\n<meta name=\"twitter:card\" content=\"summary_large_image\" \/>\n<meta name=\"twitter:label1\" content=\"Tempo di lettura stimato\" \/>\n\t<meta name=\"twitter:data1\" content=\"1 minuto\" \/>\n<script type=\"application\/ld+json\" class=\"yoast-schema-graph\">{\"@context\":\"https:\/\/schema.org\",\"@graph\":[{\"@type\":\"WebPage\",\"@id\":\"https:\/\/cinegear.nl\/product\/ef-3-mounting-adapter-w-kineenhancer\/\",\"url\":\"https:\/\/cinegear.nl\/product\/ef-3-mounting-adapter-w-kineenhancer\/\",\"name\":\"Kinefinity EF 3 Mounting Adapter w\/ KineEnhancer | Cinegear Amsterdam\",\"isPartOf\":{\"@id\":\"https:\/\/cinegear.nl\/#website\"},\"primaryImageOfPage\":{\"@id\":\"https:\/\/cinegear.nl\/product\/ef-3-mounting-adapter-w-kineenhancer\/#primaryimage\"},\"image\":{\"@id\":\"https:\/\/cinegear.nl\/product\/ef-3-mounting-adapter-w-kineenhancer\/#primaryimage\"},\"thumbnailUrl\":\"https:\/\/cinegear.nl\/wp-content\/uploads\/2021\/06\/EFEN-3-1.jpg\",\"datePublished\":\"2021-06-18T11:15:27+00:00\",\"dateModified\":\"2026-03-24T09:57:36+00:00\",\"description\":\"It fits: . Based on active locking mount as EF II series adapters, whole-new EF 3 Mounting Adapter w\/ KineEnhancer is designed in accordance with traditional DSLR lens rotation method but have much improvement. Compared to the previous version, EF 3 Mounting Adapter w\/ KineEnhancer not only possesses the traditional way to rotate the lens clockwise, but also keeps active locking to fasten the lens, thus the EF lens can be installed quickly and locked clockwise as the PL lens, which is suitable for the utilization of Follow Focus when shooting. KineEnhancer as a highly accurate optic glass, built-in mounting adapter. It brings wider angle and one more stop on max aperture.\",\"breadcrumb\":{\"@id\":\"https:\/\/cinegear.nl\/product\/ef-3-mounting-adapter-w-kineenhancer\/#breadcrumb\"},\"inLanguage\":\"it-IT\",\"potentialAction\":[{\"@type\":\"ReadAction\",\"target\":[\"https:\/\/cinegear.nl\/product\/ef-3-mounting-adapter-w-kineenhancer\/\"]}]},{\"@type\":\"ImageObject\",\"inLanguage\":\"it-IT\",\"@id\":\"https:\/\/cinegear.nl\/product\/ef-3-mounting-adapter-w-kineenhancer\/#primaryimage\",\"url\":\"https:\/\/cinegear.nl\/wp-content\/uploads\/2021\/06\/EFEN-3-1.jpg\",\"contentUrl\":\"https:\/\/cinegear.nl\/wp-content\/uploads\/2021\/06\/EFEN-3-1.jpg\",\"width\":1000,\"height\":1000,\"caption\":\"Kinefinity EF 3 Mounting Adapter w\/ KineEnhancer\"},{\"@type\":\"BreadcrumbList\",\"@id\":\"https:\/\/cinegear.nl\/product\/ef-3-mounting-adapter-w-kineenhancer\/#breadcrumb\",\"itemListElement\":[{\"@type\":\"ListItem\",\"position\":1,\"name\":\"Home\",\"item\":\"https:\/\/cinegear.nl\/\"},{\"@type\":\"ListItem\",\"position\":2,\"name\":\"Store\",\"item\":\"https:\/\/cinegear.nl\/product-category-kine-cameras\/\"},{\"@type\":\"ListItem\",\"position\":3,\"name\":\"Kinefinity EF 3 Mounting Adapter w\/ KineEnhancer\"}]},{\"@type\":\"WebSite\",\"@id\":\"https:\/\/cinegear.nl\/#website\",\"url\":\"https:\/\/cinegear.nl\/\",\"name\":\"Cinegear Amsterdam\",\"description\":\"\",\"publisher\":{\"@id\":\"https:\/\/cinegear.nl\/#organization\"},\"potentialAction\":[{\"@type\":\"SearchAction\",\"target\":{\"@type\":\"EntryPoint\",\"urlTemplate\":\"https:\/\/cinegear.nl\/?s={search_term_string}\"},\"query-input\":{\"@type\":\"PropertyValueSpecification\",\"valueRequired\":true,\"valueName\":\"search_term_string\"}}],\"inLanguage\":\"it-IT\"},{\"@type\":\"Organization\",\"@id\":\"https:\/\/cinegear.nl\/#organization\",\"name\":\"Cinegear\",\"url\":\"https:\/\/cinegear.nl\/\",\"logo\":{\"@type\":\"ImageObject\",\"inLanguage\":\"it-IT\",\"@id\":\"https:\/\/cinegear.nl\/#\/schema\/logo\/image\/\",\"url\":\"https:\/\/cinegear.nl\/wp-content\/uploads\/2019\/12\/Transparent_Normal_Logo.jpg\",\"contentUrl\":\"https:\/\/cinegear.nl\/wp-content\/uploads\/2019\/12\/Transparent_Normal_Logo.jpg\",\"width\":858,\"height\":782,\"caption\":\"Cinegear\"},\"image\":{\"@id\":\"https:\/\/cinegear.nl\/#\/schema\/logo\/image\/\"}}]}<\/script>\n<!-- \/ Yoast SEO Premium plugin. -->","yoast_head_json":{"title":"Kinefinity EF 3 Mounting Adapter w\/ KineEnhancer | Cinegear Amsterdam","description":"It fits: .  Based on active locking mount as EF II series adapters, whole-new EF 3 Mounting Adapter w\/ KineEnhancer is designed in accordance with traditional DSLR lens rotation method but have much improvement. Compared to the previous version, EF 3 Mounting Adapter w\/ KineEnhancer not only possesses the traditional way to rotate the lens clockwise, but also keeps active locking to fasten the lens, thus the EF lens can be installed quickly and locked clockwise as the PL lens, which is suitable for the utilization of Follow Focus when shooting.  KineEnhancer as a highly accurate optic glass, built-in mounting adapter. It brings wider angle and one more stop on max aperture.","robots":{"index":"index","follow":"follow","max-snippet":"max-snippet:-1","max-image-preview":"max-image-preview:large","max-video-preview":"max-video-preview:-1"},"canonical":"https:\/\/cinegear.nl\/it\/prodotto\/ef-3-mounting-adapter-w-kineenhancer\/","og_locale":"it_IT","og_type":"article","og_title":"Kinefinity EF 3 Mounting Adapter w\/ KineEnhancer","og_description":"It fits: .  Based on active locking mount as EF II series adapters, whole-new EF 3 Mounting Adapter w\/ KineEnhancer is designed in accordance with traditional DSLR lens rotation method but have much improvement. Compared to the previous version, EF 3 Mounting Adapter w\/ KineEnhancer not only possesses the traditional way to rotate the lens clockwise, but also keeps active locking to fasten the lens, thus the EF lens can be installed quickly and locked clockwise as the PL lens, which is suitable for the utilization of Follow Focus when shooting.  KineEnhancer as a highly accurate optic glass, built-in mounting adapter. It brings wider angle and one more stop on max aperture.","og_url":"https:\/\/cinegear.nl\/it\/prodotto\/ef-3-mounting-adapter-w-kineenhancer\/","og_site_name":"Cinegear Amsterdam","article_modified_time":"2026-03-24T09:57:36+00:00","og_image":[{"width":1000,"height":1000,"url":"https:\/\/cinegear.nl\/wp-content\/uploads\/2021\/06\/EFEN-3-1.jpg","type":"image\/jpeg"}],"twitter_card":"summary_large_image","twitter_misc":{"Tempo di lettura stimato":"1 minuto"},"schema":{"@context":"https:\/\/schema.org","@graph":[{"@type":"WebPage","@id":"https:\/\/cinegear.nl\/product\/ef-3-mounting-adapter-w-kineenhancer\/","url":"https:\/\/cinegear.nl\/product\/ef-3-mounting-adapter-w-kineenhancer\/","name":"Kinefinity EF 3 Mounting Adapter w\/ KineEnhancer | Cinegear Amsterdam","isPartOf":{"@id":"https:\/\/cinegear.nl\/#website"},"primaryImageOfPage":{"@id":"https:\/\/cinegear.nl\/product\/ef-3-mounting-adapter-w-kineenhancer\/#primaryimage"},"image":{"@id":"https:\/\/cinegear.nl\/product\/ef-3-mounting-adapter-w-kineenhancer\/#primaryimage"},"thumbnailUrl":"https:\/\/cinegear.nl\/wp-content\/uploads\/2021\/06\/EFEN-3-1.jpg","datePublished":"2021-06-18T11:15:27+00:00","dateModified":"2026-03-24T09:57:36+00:00","description":"It fits: . Based on active locking mount as EF II series adapters, whole-new EF 3 Mounting Adapter w\/ KineEnhancer is designed in accordance with traditional DSLR lens rotation method but have much improvement. Compared to the previous version, EF 3 Mounting Adapter w\/ KineEnhancer not only possesses the traditional way to rotate the lens clockwise, but also keeps active locking to fasten the lens, thus the EF lens can be installed quickly and locked clockwise as the PL lens, which is suitable for the utilization of Follow Focus when shooting. KineEnhancer as a highly accurate optic glass, built-in mounting adapter. It brings wider angle and one more stop on max aperture.","breadcrumb":{"@id":"https:\/\/cinegear.nl\/product\/ef-3-mounting-adapter-w-kineenhancer\/#breadcrumb"},"inLanguage":"it-IT","potentialAction":[{"@type":"ReadAction","target":["https:\/\/cinegear.nl\/product\/ef-3-mounting-adapter-w-kineenhancer\/"]}]},{"@type":"ImageObject","inLanguage":"it-IT","@id":"https:\/\/cinegear.nl\/product\/ef-3-mounting-adapter-w-kineenhancer\/#primaryimage","url":"https:\/\/cinegear.nl\/wp-content\/uploads\/2021\/06\/EFEN-3-1.jpg","contentUrl":"https:\/\/cinegear.nl\/wp-content\/uploads\/2021\/06\/EFEN-3-1.jpg","width":1000,"height":1000,"caption":"Kinefinity EF 3 Mounting Adapter w\/ KineEnhancer"},{"@type":"BreadcrumbList","@id":"https:\/\/cinegear.nl\/product\/ef-3-mounting-adapter-w-kineenhancer\/#breadcrumb","itemListElement":[{"@type":"ListItem","position":1,"name":"Home","item":"https:\/\/cinegear.nl\/"},{"@type":"ListItem","position":2,"name":"Store","item":"https:\/\/cinegear.nl\/product-category-kine-cameras\/"},{"@type":"ListItem","position":3,"name":"Kinefinity EF 3 Mounting Adapter w\/ KineEnhancer"}]},{"@type":"WebSite","@id":"https:\/\/cinegear.nl\/#website","url":"https:\/\/cinegear.nl\/","name":"Cinegear Amsterdam","description":"","publisher":{"@id":"https:\/\/cinegear.nl\/#organization"},"potentialAction":[{"@type":"SearchAction","target":{"@type":"EntryPoint","urlTemplate":"https:\/\/cinegear.nl\/?s={search_term_string}"},"query-input":{"@type":"PropertyValueSpecification","valueRequired":true,"valueName":"search_term_string"}}],"inLanguage":"it-IT"},{"@type":"Organization","@id":"https:\/\/cinegear.nl\/#organization","name":"Cinegear","url":"https:\/\/cinegear.nl\/","logo":{"@type":"ImageObject","inLanguage":"it-IT","@id":"https:\/\/cinegear.nl\/#\/schema\/logo\/image\/","url":"https:\/\/cinegear.nl\/wp-content\/uploads\/2019\/12\/Transparent_Normal_Logo.jpg","contentUrl":"https:\/\/cinegear.nl\/wp-content\/uploads\/2019\/12\/Transparent_Normal_Logo.jpg","width":858,"height":782,"caption":"Cinegear"},"image":{"@id":"https:\/\/cinegear.nl\/#\/schema\/logo\/image\/"}}]}},"brands":[{"id":8397,"name":"Marchi","slug":"kinefinity"}],"_links":{"self":[{"href":"https:\/\/cinegear.nl\/it\/wp-json\/wp\/v2\/product\/22182","targetHints":{"allow":["GET"]}}],"collection":[{"href":"https:\/\/cinegear.nl\/it\/wp-json\/wp\/v2\/product"}],"about":[{"href":"https:\/\/cinegear.nl\/it\/wp-json\/wp\/v2\/types\/product"}],"wp:featuredmedia":[{"embeddable":true,"href":"https:\/\/cinegear.nl\/it\/wp-json\/wp\/v2\/media\/69141"}],"wp:attachment":[{"href":"https:\/\/cinegear.nl\/it\/wp-json\/wp\/v2\/media?parent=22182"}],"wp:term":[{"taxonomy":"pwb-brand","embeddable":true,"href":"https:\/\/cinegear.nl\/it\/wp-json\/wp\/v2\/pwb-brand?post=22182"},{"taxonomy":"product_cat","embeddable":true,"href":"https:\/\/cinegear.nl\/it\/wp-json\/wp\/v2\/product_cat?post=22182"},{"taxonomy":"product_tag","embeddable":true,"href":"https:\/\/cinegear.nl\/it\/wp-json\/wp\/v2\/product_tag?post=22182"}],"curies":[{"name":"wp","href":"https:\/\/api.w.org\/{rel}","templated":true}]}}