{"id":2145,"date":"2019-05-02T10:30:49","date_gmt":"2019-05-02T08:30:49","guid":{"rendered":"https:\/\/cinegear.nl\/?post_type=product&#038;p=2145"},"modified":"2026-03-24T11:01:43","modified_gmt":"2026-03-24T10:01:43","slug":"kinefinity-7-inch-2000nit-monitor","status":"publish","type":"product","link":"https:\/\/cinegear.nl\/it\/prodotto\/kinefinity-7-inch-2000nit-monitor\/","title":{"rendered":"Monitor KineMON-7U2 ad alta luminosit\u00e0"},"content":{"rendered":"<h2><strong>Monitor KineMON-7U2 ad alta luminosit\u00e0<\/strong><\/h2>\n<p>KineMON-7U2 \u00e8 il monitor ultra-luminoso da 7\u2033 con nuova funzione touch screen dedicato alle Kinefinity Cinema Camera. \u00c8 dotato di display Retina da 2000nit, display da 7 pollici, 1080p full-HD e 16M colori, per offrire immagini nitide e chiare sul bellissimo display. Il monitor necessita di un solo cavo video Kine per ricevere l'alimentazione e il segnale video dalle telecamere Kinefinity Cinema.<\/p>\n<p>KineMON-7U2 pu\u00f2 essere facilmente montato sul corpo macchina utilizzando gli accessori appropriati per le diverse esigenze.<\/p>\n<div id=\"row-182010431\" class=\"row\">\n<div id=\"col-1856597396\" class=\"col medium-1\/2 large-6\">\n<div class=\"col-inner\">\n<h3><strong>Nuovo touch screen e funzionamento semplice<\/strong><\/h3>\n<p>Il monitor ultra-luminoso da 7 pollici KineMON-7U2 supporta il sistema globale di<strong>\u00a0touch screen<\/strong>. \u00c8 possibile regolare rapidamente otto parametri come FPS, otturatore, ISO, ecc. semplicemente facendo clic con la mano sull'area selezionata dell'interfaccia del monitor. \u00c8 possibile regolare tutti i parametri della fotocamera con i pulsanti MENU, Riproduzione e Ruota. Le nuove funzioni dei pulsanti del monitor includono le seguenti funzioni principali, utilizzate pi\u00f9 di frequente:<\/p>\n<p>Accendere\/spegnere i monitor: Premere verso l'alto o verso il basso\u00a0<strong><b>il pulsante di accensione\u00a0<\/b><\/strong>per accendere o spegnere rapidamente il monitor. \u00c8 presente anche un indicatore LED per lo stato del monitor;<\/p>\n<ol>\n<li style=\"list-style-type: none;\">\n<ol>\n<li>In\u00a0<strong>modalit\u00e0 Live View<\/strong>, premere\u00a0<strong>bottone 1<\/strong>\u00a0per attivare\/disattivare l'istogramma RGB; premere\u00a0<strong>bottone 2<\/strong>\u00a0per ingrandire lo schermo del mirino; premere il tasto\u00a0<strong>Ruota<\/strong>\u00a0to display the waveform diagram;<\/li>\n<li>In\u00a0<strong>Playback mode<\/strong>, premere\u00a0<strong>Button 1\/2<\/strong>\u00a0to switch the previous\/next clips;\u00a0<strong>premere<\/strong>\u00a0<strong>Ruota<\/strong>\u00a0per visualizzare la forma d'onda;\u00a0<strong>ruotare la ruota<\/strong>\u00a0per avanzare e retrocedere velocemente il clip.<\/li>\n<li>Falso colore sul video in ingresso: Premere\u00a0<strong><b>Bottone\u00a0<\/b><\/strong><strong><b>1\u00a0<\/b><\/strong>per tre secondi per mostrare il falso colore che si basa sulla scala Arri False Color.<\/li>\n<li>Messa a fuoco peaking con linea rossa, attivazione\/disattivazione o modifica della sensibilit\u00e0 della messa a fuoco peaking: Premere\u00a0<strong><b>Bottone\u00a0<\/b><\/strong><strong><b>2<\/b><\/strong><strong><b>\u00a0<\/b><\/strong>per tre secondi per visualizzare o meno il peaking e abilitare l'impostazione della sensibilit\u00e0 della funzione di peaking;<\/li>\n<li>Regolazione della luminosit\u00e0 del monitor o impostazione della rotazione del monitor: Premere\u00a0<strong><b>Ruota<\/b><\/strong><strong><b>\u00a0<\/b><\/strong>per tre secondi.<\/li>\n<\/ol>\n<\/li>\n<\/ol>\n<\/div>\n<\/div>\n<div id=\"col-899817173\" class=\"col medium-1\/2 large-6\">\n<div class=\"col-inner\">\n<h3><strong>Piattaforma DirectClear completamente nuova<\/strong><\/h3>\n<p>KineMON-7U2 elabora video HD su una piattaforma DirectClear completamente nuova. DirectClear adotta una potente FPGA a basso consumo energetico come struttura di base per ottimizzare in modo particolare l'elaborazione delle immagini. Caratteristiche:<\/p>\n<ul>\n<li>Latenza ultra-ridotta: La latenza di monitoraggio \u00e8 ridotta del 50% rispetto ai monitor da campo tradizionali; in particolare con MAVO Edge\/MAVO\/TERRA 4K in KineOS6.3, la latenza dell'intero sistema di telecamere \u00e8 relativamente bassa per controllare con precisione l'immagine dinamica;<\/li>\n<li>Risposta rapida: Risposta rapida all'avvio e allo spegnimento, quasi nessun ritardo, mentre i monitor tradizionali spesso necessitano di 5~10 secondi per l'avvio;<\/li>\n<li>Basso consumo energetico: grazie alla piattaforma, il consumo di energia del monitor \u00e8 stato ampiamente ridotto e KineMON-7U2 non supera i 7W quando \u00e8 al massimo della luminosit\u00e0, mentre il monitor tradizionale pu\u00f2 raggiungere i 18W; il monitor \u00e8 quindi in grado di mantenere una bassa temperatura e funziona in modo stabile senza raffreddamento attivo;<\/li>\n<li>Colore vero e naturale: come dispositivo di monitoraggio, il KineMON-7U2 adotta un rendering pi\u00f9 naturale per ripristinare i dettagli e i colori naturali dell'immagine invece di ulteriori elaborazioni come la nitidezza deliberata, l'aumento della saturazione, ecc.<\/li>\n<\/ul>\n<p>Basato sulla piattaforma DirectClear,\u00a0<a href=\"https:\/\/www.kinefinity.com\/en\/shop\/kinemon-5u2\/\">KineMON-5U2<\/a>, il nuovissimo EVF Kinefinity e il KineMON-7U2 da 7 pollici ultra-luminoso sono un passo avanti rispetto agli altri monitor tradizionali, soprattutto se si lavora con la telecamera Kinefinity.<\/p>\n<\/div>\n<\/div>\n<\/div>\n<div id=\"row-2134203636\" class=\"row\">\n<div id=\"col-1095496623\" class=\"col\">\n<div class=\"col-inner\">\n<h3><strong>Durata e connessione semplice<\/strong><\/h3>\n<p>Monitor ridisegnato e schermo a laminazione completa con vetro temperato. Grazie al vetro temperato completo di fronte al monitor, lo schermo \u00e8 protetto meglio con un elevato rapporto di schermo. Il case \u00e8 realizzato in robusto alluminio fresato per una migliore dissipazione del calore. Il processo di lavorazione della superficie \u00e8 pi\u00f9 raffinato rispetto alla vecchia versione di KineMON-5L.<\/p>\n<p>KineMON-7U2 \u00e8 dotato di un foro filettato standard da 1\/4\u2033 e di due fori perni nella parte inferiore per fissarsi saldamente alla telecamera in ogni caso, mentre la maggior parte degli altri monitor ha solo un foro filettato da 1\/4\u2033. Utilizzando gli accessori appropriati, KineMON-7U2 soddisfa le diverse esigenze negli scenari tipici:<\/p>\n<ul>\n<li>Supporto girevole KineMON: Permette di montare il monitor direttamente sulla parte anteriore del corpo macchina e sulla piastra superiore del KineKIT TERRA\/MAVO;<\/li>\n<li>Attacco KineMON per coldshoe: Consente di montare il monitor direttamente su qualsiasi supporto dotato di presa coldshoe. Sono disponibili due prese coldshoe: nella parte anteriore o all'estremit\u00e0 dell'impugnatura superiore in legno di TERRA\/MAVO KineKIT;<\/li>\n<li>Piastra rapida Movcam: Montata direttamente sul lato destro del monitor, la piastra rapida pu\u00f2 lavorare con la nuova staffa EVF di Movcam senza bisogno di attrezzi;<\/li>\n<li>Braccio robusto da 6 pollici con smorzamento: Consente di posizionare facilmente il monitor ed \u00e8 flessibile per il montaggio in presenza di fori filettati da 1\/4\u2033-20.<\/li>\n<\/ul>\n<\/div>\n<\/div>\n<\/div>\n<table id=\"tablepress-43\" class=\"tablepress tablepress-id-43\">\n<thead>\n<tr class=\"row-1 odd\">\n<th class=\"column-1\"><\/th>\n<th class=\"column-2\">KINEMON-7U2<\/th>\n<th class=\"column-3\">KINEMON-5U2<\/th>\n<th class=\"column-4\">KINEMON-5L DI PRIMA GENERAZIONE<\/th>\n<\/tr>\n<\/thead>\n<tbody class=\"row-hover\">\n<tr class=\"row-2 even\">\n<td class=\"column-1\">Display<\/td>\n<td class=\"column-2\">7&#8243;LCD<\/td>\n<td class=\"column-3\">5&#8243;LCD<\/td>\n<td class=\"column-4\">5&#8243;LCD<\/td>\n<\/tr>\n<tr class=\"row-3 odd\">\n<td class=\"column-1\">Risoluzione<\/td>\n<td class=\"column-2\">1920\u00d71200<\/td>\n<td class=\"column-3\">1920&#215;1080<\/td>\n<td class=\"column-4\">1920\u00d71080<\/td>\n<\/tr>\n<tr class=\"row-4 even\">\n<td class=\"column-1\">Profondit\u00e0 del colore<\/td>\n<td class=\"column-2\">RGB 24 bit, 16M colori<\/td>\n<td class=\"column-3\">RGB 24 bit, 16M colori<\/td>\n<td class=\"column-4\">RGB 24 bit, 16M colori<\/td>\n<\/tr>\n<tr class=\"row-5 odd\">\n<td class=\"column-1\">Pixel per pollice<\/td>\n<td class=\"column-2\">441ppi<\/td>\n<td class=\"column-3\">441ppi<\/td>\n<td class=\"column-4\">441ppi<\/td>\n<\/tr>\n<tr class=\"row-6 even\">\n<td class=\"column-1\">Luminosit\u00e0<\/td>\n<td class=\"column-2\">2000nits<\/td>\n<td class=\"column-3\">2000nits<\/td>\n<td class=\"column-4\">500nits<\/td>\n<\/tr>\n<tr class=\"row-7 odd\">\n<td class=\"column-1\">Contrasto<\/td>\n<td class=\"column-2\">1000:1<\/td>\n<td class=\"column-3\">1000:1<\/td>\n<td class=\"column-4\">1000:1<\/td>\n<\/tr>\n<tr class=\"row-8 even\">\n<td class=\"column-1\">Angolo di visuale<\/td>\n<td class=\"column-2\">170 gradi<\/td>\n<td class=\"column-3\">170 gradi<\/td>\n<td class=\"column-4\">170 gradi<\/td>\n<\/tr>\n<tr class=\"row-9 odd\">\n<td class=\"column-1\">Gamut<\/td>\n<td class=\"column-2\">100% di Rec. 709<\/td>\n<td class=\"column-3\">100% di Rec. 709<\/td>\n<td class=\"column-4\">100% di Rec. 709<\/td>\n<\/tr>\n<tr class=\"row-10 even\">\n<td class=\"column-1\">Dimensioni (LxPxT)<\/td>\n<td class=\"column-2\">176x115x14mm<\/td>\n<td class=\"column-3\">135x82x14mm<\/td>\n<td class=\"column-4\">140x86x16mm<\/td>\n<\/tr>\n<tr class=\"row-11 odd\">\n<td class=\"column-1\">Peso<\/td>\n<td class=\"column-2\">450g<\/td>\n<td class=\"column-3\">275g<\/td>\n<td class=\"column-4\">240g<\/td>\n<\/tr>\n<tr class=\"row-12 even\">\n<td class=\"column-1\">Consumo di energia<\/td>\n<td class=\"column-2\">4W (500 nits)<br \/>\n6.5W (2000 nits)<\/td>\n<td class=\"column-3\">3W (500 nits)<br \/>\n5.5W (2000 nits)<\/td>\n<td class=\"column-4\">7.9W (500 nits<\/td>\n<\/tr>\n<\/tbody>\n<\/table>","protected":false},"excerpt":{"rendered":"<p>Display LCD Retina IPS 1080p con rivestimento AR e anti-impronta, 16 milioni di colori, 2000 nit per una visibilit\u00e0 anche alla luce del giorno, nuova funzione touch screen, dedicato alle videocamere Kinefinity Cinema.<\/p>\n<p>Nuovo pulsante funzione per l'attivazione del menu, in combinazione con il touch screen; tutti i parametri della telecamera possono essere regolati comodamente sul monitor con l'interfaccia di monitoraggio come centro.<\/p>\n<p>Il corpo in lega di alluminio con rapporto schermo anteriore elevato e schermo da 7\u2033 con protezione in vetro Gorilla, il KineMON-7U2 \u00e8 robusto e durevole. Il monitor necessita di un solo cavo video Kine per ricevere l'alimentazione e il segnale video da MAVO Edge.<\/p>\n<p><strong>*La funzione touch screen di KineMON-5U2\/KineMON-7U2 \u00e8 applicabile solo alle telecamere MAVO Edge.<\/strong><\/p>","protected":false},"featured_media":60677,"template":"","meta":{"_acf_changed":false,"inline_featured_image":false},"pwb-brand":[8397],"product_cat":[393,10336,10408,414,415],"product_tag":[4521,277,8790],"class_list":{"0":"post-2145","1":"product","2":"type-product","3":"status-publish","4":"has-post-thumbnail","6":"pwb-brand-kinefinity","7":"product_cat-cameras","8":"product_cat-kinefinity-brands-cameras","9":"product_cat-kinefinity-accessoires","10":"product_cat-video-monitor","11":"product_cat-monitor","12":"product_tag-kinefinity","13":"product_tag-monitor","14":"product_tag-video-monitor","15":"product_shipping_class-normal","17":"first","18":"instock","19":"taxable","20":"shipping-taxable","21":"purchasable","22":"product-type-variable"},"acf":{"supplier":"","buy_price":"","last_sync":""},"yoast_head":"<!-- This site is optimized with the Yoast SEO Premium plugin v21.8 (Yoast SEO v24.3) - https:\/\/yoast.com\/wordpress\/plugins\/seo\/ -->\n<title>KineMON-7U2 High-Brightness monitor | Cinegear Amsterdam<\/title>\n<meta name=\"description\" content=\"1080p IPS LCD Retina display with AR coating and Anti-fingerprint coating, 16M colors, 2000nit brings daylight visibility, new touch screen function, dedicated to Kinefinity Cinema Cameras.  New function button of triggering the menu, combining with the touch screen, all parameters of the camera can be adjusted on the monitor conveniently with the monitoring interface as center.  Aluminum alloy body with front high screen ratio and 7\u2033 screen with Gorilla glass protection, the KineMON-7U2 is strong and durable. Only one\u00a0Kine Video Cord\u00a0is needed for the monitor to get power supply and video signal from MAVO Edge.  *The touch screen function of KineMON-5U2\/KineMON-7U2 is only applicable to MAVO Edge cameras.\" \/>\n<meta name=\"robots\" content=\"index, follow, max-snippet:-1, max-image-preview:large, max-video-preview:-1\" \/>\n<link rel=\"canonical\" href=\"https:\/\/cinegear.nl\/it\/prodotto\/kinefinity-7-inch-2000nit-monitor\/\" \/>\n<meta property=\"og:locale\" content=\"it_IT\" \/>\n<meta property=\"og:type\" content=\"article\" \/>\n<meta property=\"og:title\" content=\"KineMON-7U2 High-Brightness monitor\" \/>\n<meta property=\"og:description\" content=\"1080p IPS LCD Retina display with AR coating and Anti-fingerprint coating, 16M colors, 2000nit brings daylight visibility, new touch screen function, dedicated to Kinefinity Cinema Cameras.  New function button of triggering the menu, combining with the touch screen, all parameters of the camera can be adjusted on the monitor conveniently with the monitoring interface as center.  Aluminum alloy body with front high screen ratio and 7\u2033 screen with Gorilla glass protection, the KineMON-7U2 is strong and durable. Only one\u00a0Kine Video Cord\u00a0is needed for the monitor to get power supply and video signal from MAVO Edge.  *The touch screen function of KineMON-5U2\/KineMON-7U2 is only applicable to MAVO Edge cameras.\" \/>\n<meta property=\"og:url\" content=\"https:\/\/cinegear.nl\/it\/prodotto\/kinefinity-7-inch-2000nit-monitor\/\" \/>\n<meta property=\"og:site_name\" content=\"Cinegear Amsterdam\" \/>\n<meta property=\"article:modified_time\" content=\"2026-03-24T10:01:43+00:00\" \/>\n<meta property=\"og:image\" content=\"https:\/\/cinegear.nl\/wp-content\/uploads\/2019\/05\/KineMON-7U-High-Brightness-monitor.jpg\" \/>\n\t<meta property=\"og:image:width\" content=\"1080\" \/>\n\t<meta property=\"og:image:height\" content=\"1080\" \/>\n\t<meta property=\"og:image:type\" content=\"image\/jpeg\" \/>\n<meta name=\"twitter:card\" content=\"summary_large_image\" \/>\n<meta name=\"twitter:label1\" content=\"Tempo di lettura stimato\" \/>\n\t<meta name=\"twitter:data1\" content=\"4 minuti\" \/>\n<script type=\"application\/ld+json\" class=\"yoast-schema-graph\">{\"@context\":\"https:\/\/schema.org\",\"@graph\":[{\"@type\":\"WebPage\",\"@id\":\"https:\/\/cinegear.nl\/product\/kinefinity-7-inch-2000nit-monitor\/\",\"url\":\"https:\/\/cinegear.nl\/product\/kinefinity-7-inch-2000nit-monitor\/\",\"name\":\"KineMON-7U2 High-Brightness monitor | Cinegear Amsterdam\",\"isPartOf\":{\"@id\":\"https:\/\/cinegear.nl\/#website\"},\"primaryImageOfPage\":{\"@id\":\"https:\/\/cinegear.nl\/product\/kinefinity-7-inch-2000nit-monitor\/#primaryimage\"},\"image\":{\"@id\":\"https:\/\/cinegear.nl\/product\/kinefinity-7-inch-2000nit-monitor\/#primaryimage\"},\"thumbnailUrl\":\"https:\/\/cinegear.nl\/wp-content\/uploads\/2019\/05\/KineMON-7U-High-Brightness-monitor.jpg\",\"datePublished\":\"2019-05-02T08:30:49+00:00\",\"dateModified\":\"2026-03-24T10:01:43+00:00\",\"description\":\"1080p IPS LCD Retina display with AR coating and Anti-fingerprint coating, 16M colors, 2000nit brings daylight visibility, new touch screen function, dedicated to Kinefinity Cinema Cameras. New function button of triggering the menu, combining with the touch screen, all parameters of the camera can be adjusted on the monitor conveniently with the monitoring interface as center. Aluminum alloy body with front high screen ratio and 7\u2033 screen with Gorilla glass protection, the KineMON-7U2 is strong and durable. Only one\u00a0Kine Video Cord\u00a0is needed for the monitor to get power supply and video signal from MAVO Edge. *The touch screen function of KineMON-5U2\/KineMON-7U2 is only applicable to MAVO Edge cameras.\",\"breadcrumb\":{\"@id\":\"https:\/\/cinegear.nl\/product\/kinefinity-7-inch-2000nit-monitor\/#breadcrumb\"},\"inLanguage\":\"it-IT\",\"potentialAction\":[{\"@type\":\"ReadAction\",\"target\":[\"https:\/\/cinegear.nl\/product\/kinefinity-7-inch-2000nit-monitor\/\"]}]},{\"@type\":\"ImageObject\",\"inLanguage\":\"it-IT\",\"@id\":\"https:\/\/cinegear.nl\/product\/kinefinity-7-inch-2000nit-monitor\/#primaryimage\",\"url\":\"https:\/\/cinegear.nl\/wp-content\/uploads\/2019\/05\/KineMON-7U-High-Brightness-monitor.jpg\",\"contentUrl\":\"https:\/\/cinegear.nl\/wp-content\/uploads\/2019\/05\/KineMON-7U-High-Brightness-monitor.jpg\",\"width\":1080,\"height\":1080,\"caption\":\"KineMON-7U High-Brightness monitor\"},{\"@type\":\"BreadcrumbList\",\"@id\":\"https:\/\/cinegear.nl\/product\/kinefinity-7-inch-2000nit-monitor\/#breadcrumb\",\"itemListElement\":[{\"@type\":\"ListItem\",\"position\":1,\"name\":\"Home\",\"item\":\"https:\/\/cinegear.nl\/\"},{\"@type\":\"ListItem\",\"position\":2,\"name\":\"Store\",\"item\":\"https:\/\/cinegear.nl\/product-category-kine-cameras\/\"},{\"@type\":\"ListItem\",\"position\":3,\"name\":\"KineMON-7U2 High-Brightness monitor\"}]},{\"@type\":\"WebSite\",\"@id\":\"https:\/\/cinegear.nl\/#website\",\"url\":\"https:\/\/cinegear.nl\/\",\"name\":\"Cinegear Amsterdam\",\"description\":\"\",\"publisher\":{\"@id\":\"https:\/\/cinegear.nl\/#organization\"},\"potentialAction\":[{\"@type\":\"SearchAction\",\"target\":{\"@type\":\"EntryPoint\",\"urlTemplate\":\"https:\/\/cinegear.nl\/?s={search_term_string}\"},\"query-input\":{\"@type\":\"PropertyValueSpecification\",\"valueRequired\":true,\"valueName\":\"search_term_string\"}}],\"inLanguage\":\"it-IT\"},{\"@type\":\"Organization\",\"@id\":\"https:\/\/cinegear.nl\/#organization\",\"name\":\"Cinegear\",\"url\":\"https:\/\/cinegear.nl\/\",\"logo\":{\"@type\":\"ImageObject\",\"inLanguage\":\"it-IT\",\"@id\":\"https:\/\/cinegear.nl\/#\/schema\/logo\/image\/\",\"url\":\"https:\/\/cinegear.nl\/wp-content\/uploads\/2019\/12\/Transparent_Normal_Logo.jpg\",\"contentUrl\":\"https:\/\/cinegear.nl\/wp-content\/uploads\/2019\/12\/Transparent_Normal_Logo.jpg\",\"width\":858,\"height\":782,\"caption\":\"Cinegear\"},\"image\":{\"@id\":\"https:\/\/cinegear.nl\/#\/schema\/logo\/image\/\"}}]}<\/script>\n<!-- \/ Yoast SEO Premium plugin. -->","yoast_head_json":{"title":"KineMON-7U2 High-Brightness monitor | Cinegear Amsterdam","description":"1080p IPS LCD Retina display with AR coating and Anti-fingerprint coating, 16M colors, 2000nit brings daylight visibility, new touch screen function, dedicated to Kinefinity Cinema Cameras.  New function button of triggering the menu, combining with the touch screen, all parameters of the camera can be adjusted on the monitor conveniently with the monitoring interface as center.  Aluminum alloy body with front high screen ratio and 7\u2033 screen with Gorilla glass protection, the KineMON-7U2 is strong and durable. Only one\u00a0Kine Video Cord\u00a0is needed for the monitor to get power supply and video signal from MAVO Edge.  *The touch screen function of KineMON-5U2\/KineMON-7U2 is only applicable to MAVO Edge cameras.","robots":{"index":"index","follow":"follow","max-snippet":"max-snippet:-1","max-image-preview":"max-image-preview:large","max-video-preview":"max-video-preview:-1"},"canonical":"https:\/\/cinegear.nl\/it\/prodotto\/kinefinity-7-inch-2000nit-monitor\/","og_locale":"it_IT","og_type":"article","og_title":"KineMON-7U2 High-Brightness monitor","og_description":"1080p IPS LCD Retina display with AR coating and Anti-fingerprint coating, 16M colors, 2000nit brings daylight visibility, new touch screen function, dedicated to Kinefinity Cinema Cameras.  New function button of triggering the menu, combining with the touch screen, all parameters of the camera can be adjusted on the monitor conveniently with the monitoring interface as center.  Aluminum alloy body with front high screen ratio and 7\u2033 screen with Gorilla glass protection, the KineMON-7U2 is strong and durable. Only one\u00a0Kine Video Cord\u00a0is needed for the monitor to get power supply and video signal from MAVO Edge.  *The touch screen function of KineMON-5U2\/KineMON-7U2 is only applicable to MAVO Edge cameras.","og_url":"https:\/\/cinegear.nl\/it\/prodotto\/kinefinity-7-inch-2000nit-monitor\/","og_site_name":"Cinegear Amsterdam","article_modified_time":"2026-03-24T10:01:43+00:00","og_image":[{"width":1080,"height":1080,"url":"https:\/\/cinegear.nl\/wp-content\/uploads\/2019\/05\/KineMON-7U-High-Brightness-monitor.jpg","type":"image\/jpeg"}],"twitter_card":"summary_large_image","twitter_misc":{"Tempo di lettura stimato":"4 minuti"},"schema":{"@context":"https:\/\/schema.org","@graph":[{"@type":"WebPage","@id":"https:\/\/cinegear.nl\/product\/kinefinity-7-inch-2000nit-monitor\/","url":"https:\/\/cinegear.nl\/product\/kinefinity-7-inch-2000nit-monitor\/","name":"KineMON-7U2 High-Brightness monitor | Cinegear Amsterdam","isPartOf":{"@id":"https:\/\/cinegear.nl\/#website"},"primaryImageOfPage":{"@id":"https:\/\/cinegear.nl\/product\/kinefinity-7-inch-2000nit-monitor\/#primaryimage"},"image":{"@id":"https:\/\/cinegear.nl\/product\/kinefinity-7-inch-2000nit-monitor\/#primaryimage"},"thumbnailUrl":"https:\/\/cinegear.nl\/wp-content\/uploads\/2019\/05\/KineMON-7U-High-Brightness-monitor.jpg","datePublished":"2019-05-02T08:30:49+00:00","dateModified":"2026-03-24T10:01:43+00:00","description":"1080p IPS LCD Retina display with AR coating and Anti-fingerprint coating, 16M colors, 2000nit brings daylight visibility, new touch screen function, dedicated to Kinefinity Cinema Cameras. New function button of triggering the menu, combining with the touch screen, all parameters of the camera can be adjusted on the monitor conveniently with the monitoring interface as center. Aluminum alloy body with front high screen ratio and 7\u2033 screen with Gorilla glass protection, the KineMON-7U2 is strong and durable. Only one\u00a0Kine Video Cord\u00a0is needed for the monitor to get power supply and video signal from MAVO Edge. *The touch screen function of KineMON-5U2\/KineMON-7U2 is only applicable to MAVO Edge cameras.","breadcrumb":{"@id":"https:\/\/cinegear.nl\/product\/kinefinity-7-inch-2000nit-monitor\/#breadcrumb"},"inLanguage":"it-IT","potentialAction":[{"@type":"ReadAction","target":["https:\/\/cinegear.nl\/product\/kinefinity-7-inch-2000nit-monitor\/"]}]},{"@type":"ImageObject","inLanguage":"it-IT","@id":"https:\/\/cinegear.nl\/product\/kinefinity-7-inch-2000nit-monitor\/#primaryimage","url":"https:\/\/cinegear.nl\/wp-content\/uploads\/2019\/05\/KineMON-7U-High-Brightness-monitor.jpg","contentUrl":"https:\/\/cinegear.nl\/wp-content\/uploads\/2019\/05\/KineMON-7U-High-Brightness-monitor.jpg","width":1080,"height":1080,"caption":"KineMON-7U High-Brightness monitor"},{"@type":"BreadcrumbList","@id":"https:\/\/cinegear.nl\/product\/kinefinity-7-inch-2000nit-monitor\/#breadcrumb","itemListElement":[{"@type":"ListItem","position":1,"name":"Home","item":"https:\/\/cinegear.nl\/"},{"@type":"ListItem","position":2,"name":"Store","item":"https:\/\/cinegear.nl\/product-category-kine-cameras\/"},{"@type":"ListItem","position":3,"name":"KineMON-7U2 High-Brightness monitor"}]},{"@type":"WebSite","@id":"https:\/\/cinegear.nl\/#website","url":"https:\/\/cinegear.nl\/","name":"Cinegear Amsterdam","description":"","publisher":{"@id":"https:\/\/cinegear.nl\/#organization"},"potentialAction":[{"@type":"SearchAction","target":{"@type":"EntryPoint","urlTemplate":"https:\/\/cinegear.nl\/?s={search_term_string}"},"query-input":{"@type":"PropertyValueSpecification","valueRequired":true,"valueName":"search_term_string"}}],"inLanguage":"it-IT"},{"@type":"Organization","@id":"https:\/\/cinegear.nl\/#organization","name":"Cinegear","url":"https:\/\/cinegear.nl\/","logo":{"@type":"ImageObject","inLanguage":"it-IT","@id":"https:\/\/cinegear.nl\/#\/schema\/logo\/image\/","url":"https:\/\/cinegear.nl\/wp-content\/uploads\/2019\/12\/Transparent_Normal_Logo.jpg","contentUrl":"https:\/\/cinegear.nl\/wp-content\/uploads\/2019\/12\/Transparent_Normal_Logo.jpg","width":858,"height":782,"caption":"Cinegear"},"image":{"@id":"https:\/\/cinegear.nl\/#\/schema\/logo\/image\/"}}]}},"brands":[{"id":8397,"name":"Marchi","slug":"kinefinity"}],"_links":{"self":[{"href":"https:\/\/cinegear.nl\/it\/wp-json\/wp\/v2\/product\/2145","targetHints":{"allow":["GET"]}}],"collection":[{"href":"https:\/\/cinegear.nl\/it\/wp-json\/wp\/v2\/product"}],"about":[{"href":"https:\/\/cinegear.nl\/it\/wp-json\/wp\/v2\/types\/product"}],"wp:featuredmedia":[{"embeddable":true,"href":"https:\/\/cinegear.nl\/it\/wp-json\/wp\/v2\/media\/60677"}],"wp:attachment":[{"href":"https:\/\/cinegear.nl\/it\/wp-json\/wp\/v2\/media?parent=2145"}],"wp:term":[{"taxonomy":"pwb-brand","embeddable":true,"href":"https:\/\/cinegear.nl\/it\/wp-json\/wp\/v2\/pwb-brand?post=2145"},{"taxonomy":"product_cat","embeddable":true,"href":"https:\/\/cinegear.nl\/it\/wp-json\/wp\/v2\/product_cat?post=2145"},{"taxonomy":"product_tag","embeddable":true,"href":"https:\/\/cinegear.nl\/it\/wp-json\/wp\/v2\/product_tag?post=2145"}],"curies":[{"name":"wp","href":"https:\/\/api.w.org\/{rel}","templated":true}]}}