{"id":20831,"date":"2020-11-18T15:45:48","date_gmt":"2020-11-18T14:45:48","guid":{"rendered":"https:\/\/cinegear.nl\/?post_type=product&#038;p=20831"},"modified":"2026-03-24T10:57:37","modified_gmt":"2026-03-24T09:57:37","slug":"ef-mounting-adapter-iii","status":"publish","type":"product","link":"https:\/\/cinegear.nl\/it\/prodotto\/ef-mounting-adapter-iii\/","title":{"rendered":"Adattatore di montaggio Kinefinity EF III"},"content":{"rendered":"","protected":false},"excerpt":{"rendered":"<p>La terza generazione di adattatori EF attivi di Kinefinity aumenter\u00e0 la semplicit\u00e0 d'uso e ridurr\u00e0 il rischio di uso improprio, danneggiando l'obiettivo o l'innesto. Per montare l'obiettivo, gli utenti devono spingerlo e ruotarlo, proprio come avviene con le fotocamere DSLR o mirrorless.<\/p>","protected":false},"featured_media":31490,"template":"","meta":{"_acf_changed":false,"inline_featured_image":false},"pwb-brand":[8397],"product_cat":[400,10807,10408],"product_tag":[275,10295,10017,161,4521,4753,8775],"class_list":{"0":"post-20831","1":"product","2":"type-product","3":"status-publish","4":"has-post-thumbnail","6":"pwb-brand-kinefinity","7":"product_cat-lenses","8":"product_cat-lens-adapter","9":"product_cat-kinefinity-accessoires","10":"product_tag-adapter","11":"product_tag-amsterdam","12":"product_tag-cinegear","13":"product_tag-ef","14":"product_tag-kinefinity","15":"product_tag-mounting","16":"product_tag-mounting-adapter","17":"product_shipping_class-small","19":"first","20":"onbackorder","21":"taxable","22":"shipping-taxable","23":"purchasable","24":"product-type-simple"},"acf":{"supplier":"","buy_price":"","last_sync":""},"yoast_head":"<!-- This site is optimized with the Yoast SEO Premium plugin v21.8 (Yoast SEO v24.3) - https:\/\/yoast.com\/wordpress\/plugins\/seo\/ -->\n<title>Kinefinity EF Mounting Adapter III | Cinegear Amsterdam Kinefinity Store<\/title>\n<meta name=\"description\" content=\"Kinefinity&#039;s 3rd generation of active EF adapters will increase user friendliness and reduce the risk of misusage, damaging the lens or the\" \/>\n<meta name=\"robots\" content=\"index, follow, max-snippet:-1, max-image-preview:large, max-video-preview:-1\" \/>\n<link rel=\"canonical\" href=\"https:\/\/cinegear.nl\/it\/prodotto\/ef-mounting-adapter-iii\/\" \/>\n<meta property=\"og:locale\" content=\"it_IT\" \/>\n<meta property=\"og:type\" content=\"article\" \/>\n<meta property=\"og:title\" content=\"Kinefinity EF Mounting Adapter III\" \/>\n<meta property=\"og:description\" content=\"Kinefinity&#039;s 3rd generation of active EF adapters will increase user friendliness and reduce the risk of misusage, damaging the lens or the\" \/>\n<meta property=\"og:url\" content=\"https:\/\/cinegear.nl\/it\/prodotto\/ef-mounting-adapter-iii\/\" \/>\n<meta property=\"og:site_name\" content=\"Cinegear Amsterdam\" \/>\n<meta property=\"article:modified_time\" content=\"2026-03-24T09:57:37+00:00\" \/>\n<meta property=\"og:image\" content=\"https:\/\/cinegear.nl\/wp-content\/uploads\/2020\/11\/Kinefinity-EF-Mounting-Adapter-III-2.jpg\" \/>\n\t<meta property=\"og:image:width\" content=\"750\" \/>\n\t<meta property=\"og:image:height\" content=\"750\" \/>\n\t<meta property=\"og:image:type\" content=\"image\/jpeg\" \/>\n<meta name=\"twitter:card\" content=\"summary_large_image\" \/>\n<script type=\"application\/ld+json\" class=\"yoast-schema-graph\">{\"@context\":\"https:\/\/schema.org\",\"@graph\":[{\"@type\":\"WebPage\",\"@id\":\"https:\/\/cinegear.nl\/product\/ef-mounting-adapter-iii\/\",\"url\":\"https:\/\/cinegear.nl\/product\/ef-mounting-adapter-iii\/\",\"name\":\"Kinefinity EF Mounting Adapter III | Cinegear Amsterdam Kinefinity Store\",\"isPartOf\":{\"@id\":\"https:\/\/cinegear.nl\/#website\"},\"primaryImageOfPage\":{\"@id\":\"https:\/\/cinegear.nl\/product\/ef-mounting-adapter-iii\/#primaryimage\"},\"image\":{\"@id\":\"https:\/\/cinegear.nl\/product\/ef-mounting-adapter-iii\/#primaryimage\"},\"thumbnailUrl\":\"https:\/\/cinegear.nl\/wp-content\/uploads\/2020\/11\/Kinefinity-EF-Mounting-Adapter-III-2.jpg\",\"datePublished\":\"2020-11-18T14:45:48+00:00\",\"dateModified\":\"2026-03-24T09:57:37+00:00\",\"description\":\"Kinefinity's 3rd generation of active EF adapters will increase user friendliness and reduce the risk of misusage, damaging the lens or the\",\"breadcrumb\":{\"@id\":\"https:\/\/cinegear.nl\/product\/ef-mounting-adapter-iii\/#breadcrumb\"},\"inLanguage\":\"it-IT\",\"potentialAction\":[{\"@type\":\"ReadAction\",\"target\":[\"https:\/\/cinegear.nl\/product\/ef-mounting-adapter-iii\/\"]}]},{\"@type\":\"ImageObject\",\"inLanguage\":\"it-IT\",\"@id\":\"https:\/\/cinegear.nl\/product\/ef-mounting-adapter-iii\/#primaryimage\",\"url\":\"https:\/\/cinegear.nl\/wp-content\/uploads\/2020\/11\/Kinefinity-EF-Mounting-Adapter-III-2.jpg\",\"contentUrl\":\"https:\/\/cinegear.nl\/wp-content\/uploads\/2020\/11\/Kinefinity-EF-Mounting-Adapter-III-2.jpg\",\"width\":750,\"height\":750,\"caption\":\"Kinefinity-ef-mounting-adapter-iii-2\"},{\"@type\":\"BreadcrumbList\",\"@id\":\"https:\/\/cinegear.nl\/product\/ef-mounting-adapter-iii\/#breadcrumb\",\"itemListElement\":[{\"@type\":\"ListItem\",\"position\":1,\"name\":\"Home\",\"item\":\"https:\/\/cinegear.nl\/\"},{\"@type\":\"ListItem\",\"position\":2,\"name\":\"Store\",\"item\":\"https:\/\/cinegear.nl\/product-category-kine-cameras\/\"},{\"@type\":\"ListItem\",\"position\":3,\"name\":\"Kinefinity EF Mounting Adapter III\"}]},{\"@type\":\"WebSite\",\"@id\":\"https:\/\/cinegear.nl\/#website\",\"url\":\"https:\/\/cinegear.nl\/\",\"name\":\"Cinegear Amsterdam\",\"description\":\"\",\"publisher\":{\"@id\":\"https:\/\/cinegear.nl\/#organization\"},\"potentialAction\":[{\"@type\":\"SearchAction\",\"target\":{\"@type\":\"EntryPoint\",\"urlTemplate\":\"https:\/\/cinegear.nl\/?s={search_term_string}\"},\"query-input\":{\"@type\":\"PropertyValueSpecification\",\"valueRequired\":true,\"valueName\":\"search_term_string\"}}],\"inLanguage\":\"it-IT\"},{\"@type\":\"Organization\",\"@id\":\"https:\/\/cinegear.nl\/#organization\",\"name\":\"Cinegear\",\"url\":\"https:\/\/cinegear.nl\/\",\"logo\":{\"@type\":\"ImageObject\",\"inLanguage\":\"it-IT\",\"@id\":\"https:\/\/cinegear.nl\/#\/schema\/logo\/image\/\",\"url\":\"https:\/\/cinegear.nl\/wp-content\/uploads\/2019\/12\/Transparent_Normal_Logo.jpg\",\"contentUrl\":\"https:\/\/cinegear.nl\/wp-content\/uploads\/2019\/12\/Transparent_Normal_Logo.jpg\",\"width\":858,\"height\":782,\"caption\":\"Cinegear\"},\"image\":{\"@id\":\"https:\/\/cinegear.nl\/#\/schema\/logo\/image\/\"}}]}<\/script>\n<!-- \/ Yoast SEO Premium plugin. -->","yoast_head_json":{"title":"Kinefinity EF Mounting Adapter III | Cinegear Amsterdam Kinefinity Store","description":"Kinefinity's 3rd generation of active EF adapters will increase user friendliness and reduce the risk of misusage, damaging the lens or the","robots":{"index":"index","follow":"follow","max-snippet":"max-snippet:-1","max-image-preview":"max-image-preview:large","max-video-preview":"max-video-preview:-1"},"canonical":"https:\/\/cinegear.nl\/it\/prodotto\/ef-mounting-adapter-iii\/","og_locale":"it_IT","og_type":"article","og_title":"Kinefinity EF Mounting Adapter III","og_description":"Kinefinity's 3rd generation of active EF adapters will increase user friendliness and reduce the risk of misusage, damaging the lens or the","og_url":"https:\/\/cinegear.nl\/it\/prodotto\/ef-mounting-adapter-iii\/","og_site_name":"Cinegear Amsterdam","article_modified_time":"2026-03-24T09:57:37+00:00","og_image":[{"width":750,"height":750,"url":"https:\/\/cinegear.nl\/wp-content\/uploads\/2020\/11\/Kinefinity-EF-Mounting-Adapter-III-2.jpg","type":"image\/jpeg"}],"twitter_card":"summary_large_image","schema":{"@context":"https:\/\/schema.org","@graph":[{"@type":"WebPage","@id":"https:\/\/cinegear.nl\/product\/ef-mounting-adapter-iii\/","url":"https:\/\/cinegear.nl\/product\/ef-mounting-adapter-iii\/","name":"Kinefinity EF Mounting Adapter III | Cinegear Amsterdam Kinefinity Store","isPartOf":{"@id":"https:\/\/cinegear.nl\/#website"},"primaryImageOfPage":{"@id":"https:\/\/cinegear.nl\/product\/ef-mounting-adapter-iii\/#primaryimage"},"image":{"@id":"https:\/\/cinegear.nl\/product\/ef-mounting-adapter-iii\/#primaryimage"},"thumbnailUrl":"https:\/\/cinegear.nl\/wp-content\/uploads\/2020\/11\/Kinefinity-EF-Mounting-Adapter-III-2.jpg","datePublished":"2020-11-18T14:45:48+00:00","dateModified":"2026-03-24T09:57:37+00:00","description":"Kinefinity's 3rd generation of active EF adapters will increase user friendliness and reduce the risk of misusage, damaging the lens or the","breadcrumb":{"@id":"https:\/\/cinegear.nl\/product\/ef-mounting-adapter-iii\/#breadcrumb"},"inLanguage":"it-IT","potentialAction":[{"@type":"ReadAction","target":["https:\/\/cinegear.nl\/product\/ef-mounting-adapter-iii\/"]}]},{"@type":"ImageObject","inLanguage":"it-IT","@id":"https:\/\/cinegear.nl\/product\/ef-mounting-adapter-iii\/#primaryimage","url":"https:\/\/cinegear.nl\/wp-content\/uploads\/2020\/11\/Kinefinity-EF-Mounting-Adapter-III-2.jpg","contentUrl":"https:\/\/cinegear.nl\/wp-content\/uploads\/2020\/11\/Kinefinity-EF-Mounting-Adapter-III-2.jpg","width":750,"height":750,"caption":"Kinefinity-ef-mounting-adapter-iii-2"},{"@type":"BreadcrumbList","@id":"https:\/\/cinegear.nl\/product\/ef-mounting-adapter-iii\/#breadcrumb","itemListElement":[{"@type":"ListItem","position":1,"name":"Home","item":"https:\/\/cinegear.nl\/"},{"@type":"ListItem","position":2,"name":"Store","item":"https:\/\/cinegear.nl\/product-category-kine-cameras\/"},{"@type":"ListItem","position":3,"name":"Kinefinity EF Mounting Adapter III"}]},{"@type":"WebSite","@id":"https:\/\/cinegear.nl\/#website","url":"https:\/\/cinegear.nl\/","name":"Cinegear Amsterdam","description":"","publisher":{"@id":"https:\/\/cinegear.nl\/#organization"},"potentialAction":[{"@type":"SearchAction","target":{"@type":"EntryPoint","urlTemplate":"https:\/\/cinegear.nl\/?s={search_term_string}"},"query-input":{"@type":"PropertyValueSpecification","valueRequired":true,"valueName":"search_term_string"}}],"inLanguage":"it-IT"},{"@type":"Organization","@id":"https:\/\/cinegear.nl\/#organization","name":"Cinegear","url":"https:\/\/cinegear.nl\/","logo":{"@type":"ImageObject","inLanguage":"it-IT","@id":"https:\/\/cinegear.nl\/#\/schema\/logo\/image\/","url":"https:\/\/cinegear.nl\/wp-content\/uploads\/2019\/12\/Transparent_Normal_Logo.jpg","contentUrl":"https:\/\/cinegear.nl\/wp-content\/uploads\/2019\/12\/Transparent_Normal_Logo.jpg","width":858,"height":782,"caption":"Cinegear"},"image":{"@id":"https:\/\/cinegear.nl\/#\/schema\/logo\/image\/"}}]}},"brands":[{"id":8397,"name":"Marchi","slug":"kinefinity"}],"_links":{"self":[{"href":"https:\/\/cinegear.nl\/it\/wp-json\/wp\/v2\/product\/20831","targetHints":{"allow":["GET"]}}],"collection":[{"href":"https:\/\/cinegear.nl\/it\/wp-json\/wp\/v2\/product"}],"about":[{"href":"https:\/\/cinegear.nl\/it\/wp-json\/wp\/v2\/types\/product"}],"wp:featuredmedia":[{"embeddable":true,"href":"https:\/\/cinegear.nl\/it\/wp-json\/wp\/v2\/media\/31490"}],"wp:attachment":[{"href":"https:\/\/cinegear.nl\/it\/wp-json\/wp\/v2\/media?parent=20831"}],"wp:term":[{"taxonomy":"pwb-brand","embeddable":true,"href":"https:\/\/cinegear.nl\/it\/wp-json\/wp\/v2\/pwb-brand?post=20831"},{"taxonomy":"product_cat","embeddable":true,"href":"https:\/\/cinegear.nl\/it\/wp-json\/wp\/v2\/product_cat?post=20831"},{"taxonomy":"product_tag","embeddable":true,"href":"https:\/\/cinegear.nl\/it\/wp-json\/wp\/v2\/product_tag?post=20831"}],"curies":[{"name":"wp","href":"https:\/\/api.w.org\/{rel}","templated":true}]}}