{"id":19089,"date":"2020-04-27T10:00:24","date_gmt":"2020-04-27T08:00:24","guid":{"rendered":"https:\/\/cinegear.nl\/?post_type=product&#038;p=19089"},"modified":"2025-12-06T23:21:57","modified_gmt":"2025-12-06T22:21:57","slug":"kinefinity-mavo-edge-8k-digital-cinema-camera-body","status":"publish","type":"product","link":"https:\/\/cinegear.nl\/it\/prodotto\/kinefinity-mavo-edge-8k-digital-cinema-camera-body\/","title":{"rendered":"Corpo macchina fotografica digitale cinematografica Kinefinity MAVO EDGE 8K LF"},"content":{"rendered":"<p><span style=\"color: #ff0008; font-size: 90%;\"><strong>Offerte di permuta disponibili per gli attuali possessori di Kinefinity Terra 4K, MAVO 6K o MAVO LF. Per ulteriori informazioni, contatta il nostro team di vendita.<\/strong><\/span><\/p>\n<p><img loading=\"lazy\" decoding=\"async\" class=\"alignnone wp-image-1177\" src=\"http:\/\/kinefinity.amsterdam\/wp-content\/uploads\/2020\/04\/20200427_kinefinity_mavo_edge_resolution_8k_cinegear_amsterdam_westerpark.png\" alt=\"kinefinity mavo edge 8k resolution cinegear\" width=\"935\" height=\"526\" \/><\/p>\n<h2><strong>Straordinario sensore di immagini 8K 75P<\/strong><\/h2>\n<p>Il nuovo sensore di immagini 8K del MAVO Edge \u00e8 una tela straordinaria con 45 milioni di pixel su un sensore CMOS full-frame da 36x24 mm con doppio ISO nativo 800\/3200, grandangolo 8K fino a 75 fps e latitudine fino a 14+ stop. Anche con un rapporto di apertura di 3:2, questa bestia sorprendentemente riesce ancora a fornire una splendida immagine da 45 milioni di pixel fino a 48 fotogrammi al secondo.<\/p>\n<p>MAVO Edge garantisce colori naturali, gradevoli tonalit\u00e0 della pelle, basso rumore, elevata gamma dinamica e dettagli sorprendenti in modo organico e delicato, cinematograficamente parlando. Grazie a una piattaforma di elaborazione delle immagini all'avanguardia e notevolmente migliorata, MAVO Edge \u00e8 in grado di acquisire immagini a 100 fps in 6K Wide o 160 fps in 4K Wide. Allo stesso tempo, MAVO Edge supporta anche il sovracampionamento in modalit\u00e0 Full Frame per produrre risoluzioni 6K o 4K, che si tradurranno in maggiori dettagli e latitudine con lo stesso formato ottico.<\/p>\n<h3><strong>Potente 8K ProRes RAW<\/strong><\/h3>\n<p>MAVO Edge pu\u00f2 registrare direttamente il nuovissimo codec ProRes RAW di Apple, molto atteso dal settore video al NAB 2018. Dall'acquisizione dell'immagine CMOS 8K alla delicata elaborazione del colore, fino alla codifica e all'archiviazione ProRes RAW 8K, questi processi complessi e l'elaborazione a bitrate a larghezza di banda ultra elevata avvengono tutti all'interno del compatto corpo del MAVO Edge. Oltre a questo, MAVO Edge supporta anche i proxy ProRes4444\/XQ, ProRes422HQ e H264 integrati nella telecamera.<\/p>\n<h4><strong>Corpo in fibra di carbonio di nuova concezione<\/strong><\/h4>\n<p>MAVO Edge utilizza un design del corpo integrato con una nuova architettura interna. Le funzioni e le interfacce integrate di ogni modulo sono state riprogettate o ottimizzate per consentire a MAVO Edge di disporre di pi\u00f9 interfacce standard del settore, nel tentativo di aumentare la compatibilit\u00e0 con accessori di terze parti. Grazie ai materiali in fibra di carbonio, questo dispositivo dalle grandi dimensioni, dotato di numerose interfacce standard del settore e di funzioni complete, pesa solo 1,2 kg, aiutando cos\u00ec i registi a svolgere il loro lavoro in modo pi\u00f9 flessibile ed efficiente.<\/p>\n<h4><strong>Sistema FS e-ND motorizzato interno<\/strong><\/h4>\n<p>Per la prima volta, Kinefinity integra il sistema FS e-ND motorizzato all'interno della fotocamera. Il passaggio tra filtro in vetro trasparente e filtro e-ND \u00e8 motorizzato e integrato, come previsto; Il filtro e-ND pu\u00f2 coprire un'ampia gamma da 2 a 7 stop con regolazione continua ad alta precisione. Allo stesso tempo, garantisce una precisione cromatica costante e una nitidezza senza compromessi su un'intera gamma di sintonizzazione.<\/p>\n<p><strong>Doppie uscite SDI indipendenti<\/strong><br \/>\nMAVO Edge fornisce due uscite SDI 1.5G\/3G con trasmissione di metadati e audio. Queste due uscite sono indipendenti dai due segnali video provenienti dalle porte Kine Video, per migliorare la compatibilit\u00e0 con accessori di terze parti come registratori esterni e monitor 1.5G. Le due porte video del MAVO Edge possono essere collegate al mirino OLED Full-HD KineEVF e ai monitor Ultra-Bright KineMON-5U\/KineMON-7H per ottenere immagini nitide e chiare in ambienti interni ed esterni.<\/p>\n<p><strong>Porte di sincronizzazione e controllo generali<\/strong><br \/>\nSono presenti numerose porte integrate sul corpo del MAVO Edge: porte separate per genlock e sincronizzazione timecode per sincronizzare pi\u00f9 telecamere, una porta con protocollo RS232 per comunicare e controllare accessori di terze parti e una porta RS per alimentare e attivare una funzione di registrazione esterna.<\/p>\n<p><strong>High quality multi-channel audio record<\/strong><br \/>\nThe MAVO Edge supports multi-channel 24bit\/48kHz audio record with 3.5mm stereo MIC socket and in-camera high-quality MIC; audio pre-amplifiers with ultra-low noise floor are integrated into camera body, and two independently controlled standard XLR socket for professional microphones that supports 48V phantom power, to offer great convenience for field sound recording and even professional audio recording.<\/p>\n<p><strong>Potente funzione cablata e wireless<\/strong><br \/>\nGrazie alla porta Gigabit Ethernet RJ45, alla rete wireless WIFI5 e alla presa USB di tipo C, MAVO Edge pu\u00f2 trasmettere un'immagine di monitoraggio\/registrazione ad altri dispositivi tramite streaming H64 live. Contemporaneamente, un giroscopio interno a tre assi pu\u00f2 registrare le informazioni di posizionamento spaziale della telecamera e fornire un'etichetta geografica GPS dei filmati. Inoltre, \u00e8 stato aggiunto il Bluetooth 5.0 per espandere il controllo wireless e la comunicazione con la telecamera a breve distanza.<\/p>\n<p><strong style=\"font-size: 14.4px;\">Interazione operativa pi\u00f9 rapida e intuitiva<\/strong><br \/>\nL'area di visualizzazione sullo schermo laterale aumenta fino al 200% per mostrare pi\u00f9 parametri e consentire regolazioni pi\u00f9 comode, il tutto combinato con una disposizione dei pulsanti pi\u00f9 intuitiva e livelli dell'interfaccia utente, consentendo un'esperienza di scatto complessivamente migliore e pi\u00f9 completa.<\/p>\n<p><strong>Miglioramento significativo dei supporti di registrazione<\/strong><br \/>\nPer elaborare l'8K e offrire maggiore libert\u00e0 nella codifica, KineMAG \u00e8 stato aggiornato da SATA 3.0 SSD a NVMe M.2 SSD. MAVO Edge ora supporta il protocollo PCle 3.0, che consente al nuovissimo KineMAG Nano di registrare filmati alla velocit\u00e0 della luce di 10 Gb\/s, con supporto illimitato di ProRes RAW 8K 60 fps e persino 8K ProRes444.<\/p>\n<p>Grazie al fattore di forma pi\u00f9 piccolo di KineMAG Nano, <strong><a href=\"https:\/\/cinegear.nl\/it\/brand\/kinefinity\/\" target=\"_blank\" rel=\"noopener\">MAVO<\/a> <\/strong>Edge adotta il design a doppio slot multimediale come la KineRAW-S35, la cinepresa di prima generazione introdotta nel 2012. Il design a doppio slot consente a due KineMAG Nano di registrare simultaneamente le stesse clip e di creare un backup RAID1 extra per evitare di perdere clip. Inoltre, due schede possono registrare separatamente il codec principale e i proxy H264, rendendo il flusso di lavoro di post-editing molto pi\u00f9 semplice. Kinefinity offre inoltre gli alloggiamenti KineMAG Nano, cos\u00ec gli utenti possono acquistare e installare autonomamente SSD NVMe M.2 di terze parti, risparmiando cos\u00ec sui costi dei supporti di archiviazione.<\/p>\n<p><strong>Soluzione energetica completa<\/strong><br \/>\nMAVO Edge \u00e8 dotato di un'innovativa piastra batteria ibrida per soddisfare le esigenze di potenza della fotocamera e degli accessori in diversi scenari di ripresa. La piastra batteria combinata integrata pu\u00f2 funzionare con batterie V-mount broadcast da 14,8 V come KineBAT PD 75\/150. Se utilizzata a mano o su giunto cardanico, la telecamera pu\u00f2 essere alimentata direttamente da batterie compatibili tipo BP-U30 come GripBAT 4S, cos\u00ec l'operatore pu\u00f2 lavorare senza fili e in modo fluido, grazie a un carico utile ridotto e senza cavi di alimentazione aggiuntivi.<br \/>\nIl corpo del MAVO Edge offre di serie una porta D-Tap, una porta RS da 12 V e una porta per obiettivo (12 V) per alimentare direttamente accessori di terze parti come il trasmettitore video wireless e il motore dell'obiettivo wireless. Queste porte eliminano la necessit\u00e0 di batterie aggiuntive o convertitori di potenza, semplificando cos\u00ec la configurazione della telecamera e migliorando la stabilit\u00e0 del sistema.<br \/>\nInoltre, Movcam porta KineKIT dedicato per MAVO Edge, in particolare l'innovativa piastra di base da 15 mm con funzione UPS alimentata da due batterie tipo NP-F550, grazie a<br \/>\ncontatti di alimentazione UPS specializzati nella parte inferiore di MAVO Edge. La soluzione di alimentazione creativa non solo alimenta in modo indipendente il MAVO Edge, consentendo un utilizzo efficiente dello spazio del kit, ma funziona anche come fonte di alimentazione UPS per fornire energia ininterrotta alla telecamera quando si sostituiscono le batterie con attacco V o le batterie di tipo BP-U30.<\/p>","protected":false},"excerpt":{"rendered":"<p>Il nuovo sensore di immagini 8K del MAVO Edge \u00e8 una tela straordinaria con 45 milioni di pixel su un sensore CMOS full-frame da 36x24 mm con doppio ISO nativo 800\/3200, grandangolo 8K fino a 75 fps e latitudine fino a 14+ stop. Anche con un rapporto di apertura di 3:2, questa bestia sorprendentemente riesce ancora a fornire una splendida immagine da 45 milioni di pixel fino a 48 fotogrammi al secondo.<\/p>\n<p>MAVO Edge garantisce colori naturali, gradevoli tonalit\u00e0 della pelle, basso rumore, elevata gamma dinamica e dettagli sorprendenti in modo organico e delicato, cinematograficamente parlando. Grazie a una piattaforma di elaborazione delle immagini all'avanguardia e notevolmente migliorata, MAVO Edge \u00e8 in grado di acquisire immagini a 100 fps in 6K Wide o 160 fps in 4K Wide. Allo stesso tempo, MAVO Edge supporta anche il sovracampionamento in modalit\u00e0 Full Frame per produrre risoluzioni 6K o 4K, che si tradurranno in maggiori dettagli e latitudine con lo stesso formato ottico.<\/p>\n<ul>\n<li>Straordinario sensore di immagini CMOS 8K 75P<\/li>\n<li>e-ND a spettro completo motorizzato interno<\/li>\n<li>Doppio slot SSD<\/li>\n<li>Fibra di carbonio leggera<\/li>\n<\/ul>","protected":false},"featured_media":32983,"template":"","meta":{"_acf_changed":false,"inline_featured_image":false},"pwb-brand":[8397],"product_cat":[15443,393,10327,10336,10244,10245,394],"product_tag":[8401,10295,129,10310,10017,655,5181,4521,191,8947,8402,15240],"class_list":{"0":"post-19089","1":"product","2":"type-product","3":"status-publish","4":"has-post-thumbnail","6":"pwb-brand-kinefinity","7":"product_cat-box-cameras","8":"product_cat-cameras","9":"product_cat-brands-cameras","10":"product_cat-kinefinity-brands-cameras","11":"product_cat-camera","12":"product_cat-cinema","13":"product_cat-cinema-cameras","14":"product_tag-8k","15":"product_tag-amsterdam","16":"product_tag-camera","17":"product_tag-cine-camera","18":"product_tag-cinegear","19":"product_tag-cinema-camera","20":"product_tag-edge","21":"product_tag-kinefinity","22":"product_tag-mavo","23":"product_tag-mavo-edge","24":"product_tag-new","25":"product_tag-summer-sale-2025","26":"product_shipping_class-normal","28":"first","29":"onbackorder","30":"taxable","31":"shipping-taxable","32":"purchasable","33":"product-type-simple"},"acf":{"supplier":"","buy_price":"","last_sync":""},"yoast_head":"<!-- This site is optimized with the Yoast SEO Premium plugin v21.8 (Yoast SEO v24.3) - https:\/\/yoast.com\/wordpress\/plugins\/seo\/ -->\n<title>Kinefinity MAVO EDGE 8K LF Digital Cinema Camera Body | Cinegear Amsterdam<\/title>\n<meta name=\"description\" content=\"Kinefinity MAVO Edge 8K, a brand-new large-format 8K cine camera with whole-new carbon fiber body. It is able to shoot 8K Wide at up to 70fps\" \/>\n<meta name=\"robots\" content=\"index, follow, max-snippet:-1, max-image-preview:large, max-video-preview:-1\" \/>\n<link rel=\"canonical\" href=\"https:\/\/cinegear.nl\/it\/prodotto\/kinefinity-mavo-edge-8k-digital-cinema-camera-body\/\" \/>\n<meta property=\"og:locale\" content=\"it_IT\" \/>\n<meta property=\"og:type\" content=\"article\" \/>\n<meta property=\"og:title\" content=\"Kinefinity MAVO EDGE 8K LF Digital Cinema Camera Body\" \/>\n<meta property=\"og:description\" content=\"Kinefinity MAVO Edge 8K, a brand-new large-format 8K cine camera with whole-new carbon fiber body. It is able to shoot 8K Wide at up to 70fps\" \/>\n<meta property=\"og:url\" content=\"https:\/\/cinegear.nl\/it\/prodotto\/kinefinity-mavo-edge-8k-digital-cinema-camera-body\/\" \/>\n<meta property=\"og:site_name\" content=\"Cinegear Amsterdam\" \/>\n<meta property=\"article:modified_time\" content=\"2025-12-06T22:21:57+00:00\" \/>\n<meta property=\"og:image\" content=\"https:\/\/cinegear.nl\/wp-content\/uploads\/2022\/04\/Kinefinity-MAVO-EDGE-8K-Body.jpg\" \/>\n\t<meta property=\"og:image:width\" content=\"800\" \/>\n\t<meta property=\"og:image:height\" content=\"800\" \/>\n\t<meta property=\"og:image:type\" content=\"image\/jpeg\" \/>\n<meta name=\"twitter:card\" content=\"summary_large_image\" \/>\n<meta name=\"twitter:label1\" content=\"Tempo di lettura stimato\" \/>\n\t<meta name=\"twitter:data1\" content=\"6 minuti\" \/>\n<script type=\"application\/ld+json\" class=\"yoast-schema-graph\">{\"@context\":\"https:\/\/schema.org\",\"@graph\":[{\"@type\":\"WebPage\",\"@id\":\"https:\/\/cinegear.nl\/product\/kinefinity-mavo-edge-8k-digital-cinema-camera-body\/\",\"url\":\"https:\/\/cinegear.nl\/product\/kinefinity-mavo-edge-8k-digital-cinema-camera-body\/\",\"name\":\"Kinefinity MAVO EDGE 8K LF Digital Cinema Camera Body | Cinegear Amsterdam\",\"isPartOf\":{\"@id\":\"https:\/\/cinegear.nl\/#website\"},\"primaryImageOfPage\":{\"@id\":\"https:\/\/cinegear.nl\/product\/kinefinity-mavo-edge-8k-digital-cinema-camera-body\/#primaryimage\"},\"image\":{\"@id\":\"https:\/\/cinegear.nl\/product\/kinefinity-mavo-edge-8k-digital-cinema-camera-body\/#primaryimage\"},\"thumbnailUrl\":\"https:\/\/cinegear.nl\/wp-content\/uploads\/2022\/04\/Kinefinity-MAVO-EDGE-8K-Body.jpg\",\"datePublished\":\"2020-04-27T08:00:24+00:00\",\"dateModified\":\"2025-12-06T22:21:57+00:00\",\"description\":\"Kinefinity MAVO Edge 8K, a brand-new large-format 8K cine camera with whole-new carbon fiber body. It is able to shoot 8K Wide at up to 70fps\",\"breadcrumb\":{\"@id\":\"https:\/\/cinegear.nl\/product\/kinefinity-mavo-edge-8k-digital-cinema-camera-body\/#breadcrumb\"},\"inLanguage\":\"it-IT\",\"potentialAction\":[{\"@type\":\"ReadAction\",\"target\":[\"https:\/\/cinegear.nl\/product\/kinefinity-mavo-edge-8k-digital-cinema-camera-body\/\"]}]},{\"@type\":\"ImageObject\",\"inLanguage\":\"it-IT\",\"@id\":\"https:\/\/cinegear.nl\/product\/kinefinity-mavo-edge-8k-digital-cinema-camera-body\/#primaryimage\",\"url\":\"https:\/\/cinegear.nl\/wp-content\/uploads\/2022\/04\/Kinefinity-MAVO-EDGE-8K-Body.jpg\",\"contentUrl\":\"https:\/\/cinegear.nl\/wp-content\/uploads\/2022\/04\/Kinefinity-MAVO-EDGE-8K-Body.jpg\",\"width\":800,\"height\":800,\"caption\":\"Kinefinity MAVO EDGE 8K Body + Core Pack\"},{\"@type\":\"BreadcrumbList\",\"@id\":\"https:\/\/cinegear.nl\/product\/kinefinity-mavo-edge-8k-digital-cinema-camera-body\/#breadcrumb\",\"itemListElement\":[{\"@type\":\"ListItem\",\"position\":1,\"name\":\"Home\",\"item\":\"https:\/\/cinegear.nl\/\"},{\"@type\":\"ListItem\",\"position\":2,\"name\":\"Store\",\"item\":\"https:\/\/cinegear.nl\/product-category-kine-cameras\/\"},{\"@type\":\"ListItem\",\"position\":3,\"name\":\"Kinefinity MAVO EDGE 8K LF Digital Cinema Camera Body\"}]},{\"@type\":\"WebSite\",\"@id\":\"https:\/\/cinegear.nl\/#website\",\"url\":\"https:\/\/cinegear.nl\/\",\"name\":\"Cinegear Amsterdam\",\"description\":\"\",\"publisher\":{\"@id\":\"https:\/\/cinegear.nl\/#organization\"},\"potentialAction\":[{\"@type\":\"SearchAction\",\"target\":{\"@type\":\"EntryPoint\",\"urlTemplate\":\"https:\/\/cinegear.nl\/?s={search_term_string}\"},\"query-input\":{\"@type\":\"PropertyValueSpecification\",\"valueRequired\":true,\"valueName\":\"search_term_string\"}}],\"inLanguage\":\"it-IT\"},{\"@type\":\"Organization\",\"@id\":\"https:\/\/cinegear.nl\/#organization\",\"name\":\"Cinegear\",\"url\":\"https:\/\/cinegear.nl\/\",\"logo\":{\"@type\":\"ImageObject\",\"inLanguage\":\"it-IT\",\"@id\":\"https:\/\/cinegear.nl\/#\/schema\/logo\/image\/\",\"url\":\"https:\/\/cinegear.nl\/wp-content\/uploads\/2019\/12\/Transparent_Normal_Logo.jpg\",\"contentUrl\":\"https:\/\/cinegear.nl\/wp-content\/uploads\/2019\/12\/Transparent_Normal_Logo.jpg\",\"width\":858,\"height\":782,\"caption\":\"Cinegear\"},\"image\":{\"@id\":\"https:\/\/cinegear.nl\/#\/schema\/logo\/image\/\"}}]}<\/script>\n<!-- \/ Yoast SEO Premium plugin. -->","yoast_head_json":{"title":"Kinefinity MAVO EDGE 8K LF Digital Cinema Camera Body | Cinegear Amsterdam","description":"Kinefinity MAVO Edge 8K, a brand-new large-format 8K cine camera with whole-new carbon fiber body. It is able to shoot 8K Wide at up to 70fps","robots":{"index":"index","follow":"follow","max-snippet":"max-snippet:-1","max-image-preview":"max-image-preview:large","max-video-preview":"max-video-preview:-1"},"canonical":"https:\/\/cinegear.nl\/it\/prodotto\/kinefinity-mavo-edge-8k-digital-cinema-camera-body\/","og_locale":"it_IT","og_type":"article","og_title":"Kinefinity MAVO EDGE 8K LF Digital Cinema Camera Body","og_description":"Kinefinity MAVO Edge 8K, a brand-new large-format 8K cine camera with whole-new carbon fiber body. It is able to shoot 8K Wide at up to 70fps","og_url":"https:\/\/cinegear.nl\/it\/prodotto\/kinefinity-mavo-edge-8k-digital-cinema-camera-body\/","og_site_name":"Cinegear Amsterdam","article_modified_time":"2025-12-06T22:21:57+00:00","og_image":[{"width":800,"height":800,"url":"https:\/\/cinegear.nl\/wp-content\/uploads\/2022\/04\/Kinefinity-MAVO-EDGE-8K-Body.jpg","type":"image\/jpeg"}],"twitter_card":"summary_large_image","twitter_misc":{"Tempo di lettura stimato":"6 minuti"},"schema":{"@context":"https:\/\/schema.org","@graph":[{"@type":"WebPage","@id":"https:\/\/cinegear.nl\/product\/kinefinity-mavo-edge-8k-digital-cinema-camera-body\/","url":"https:\/\/cinegear.nl\/product\/kinefinity-mavo-edge-8k-digital-cinema-camera-body\/","name":"Kinefinity MAVO EDGE 8K LF Digital Cinema Camera Body | Cinegear Amsterdam","isPartOf":{"@id":"https:\/\/cinegear.nl\/#website"},"primaryImageOfPage":{"@id":"https:\/\/cinegear.nl\/product\/kinefinity-mavo-edge-8k-digital-cinema-camera-body\/#primaryimage"},"image":{"@id":"https:\/\/cinegear.nl\/product\/kinefinity-mavo-edge-8k-digital-cinema-camera-body\/#primaryimage"},"thumbnailUrl":"https:\/\/cinegear.nl\/wp-content\/uploads\/2022\/04\/Kinefinity-MAVO-EDGE-8K-Body.jpg","datePublished":"2020-04-27T08:00:24+00:00","dateModified":"2025-12-06T22:21:57+00:00","description":"Kinefinity MAVO Edge 8K, a brand-new large-format 8K cine camera with whole-new carbon fiber body. It is able to shoot 8K Wide at up to 70fps","breadcrumb":{"@id":"https:\/\/cinegear.nl\/product\/kinefinity-mavo-edge-8k-digital-cinema-camera-body\/#breadcrumb"},"inLanguage":"it-IT","potentialAction":[{"@type":"ReadAction","target":["https:\/\/cinegear.nl\/product\/kinefinity-mavo-edge-8k-digital-cinema-camera-body\/"]}]},{"@type":"ImageObject","inLanguage":"it-IT","@id":"https:\/\/cinegear.nl\/product\/kinefinity-mavo-edge-8k-digital-cinema-camera-body\/#primaryimage","url":"https:\/\/cinegear.nl\/wp-content\/uploads\/2022\/04\/Kinefinity-MAVO-EDGE-8K-Body.jpg","contentUrl":"https:\/\/cinegear.nl\/wp-content\/uploads\/2022\/04\/Kinefinity-MAVO-EDGE-8K-Body.jpg","width":800,"height":800,"caption":"Kinefinity MAVO EDGE 8K Body + Core Pack"},{"@type":"BreadcrumbList","@id":"https:\/\/cinegear.nl\/product\/kinefinity-mavo-edge-8k-digital-cinema-camera-body\/#breadcrumb","itemListElement":[{"@type":"ListItem","position":1,"name":"Home","item":"https:\/\/cinegear.nl\/"},{"@type":"ListItem","position":2,"name":"Store","item":"https:\/\/cinegear.nl\/product-category-kine-cameras\/"},{"@type":"ListItem","position":3,"name":"Kinefinity MAVO EDGE 8K LF Digital Cinema Camera Body"}]},{"@type":"WebSite","@id":"https:\/\/cinegear.nl\/#website","url":"https:\/\/cinegear.nl\/","name":"Cinegear Amsterdam","description":"","publisher":{"@id":"https:\/\/cinegear.nl\/#organization"},"potentialAction":[{"@type":"SearchAction","target":{"@type":"EntryPoint","urlTemplate":"https:\/\/cinegear.nl\/?s={search_term_string}"},"query-input":{"@type":"PropertyValueSpecification","valueRequired":true,"valueName":"search_term_string"}}],"inLanguage":"it-IT"},{"@type":"Organization","@id":"https:\/\/cinegear.nl\/#organization","name":"Cinegear","url":"https:\/\/cinegear.nl\/","logo":{"@type":"ImageObject","inLanguage":"it-IT","@id":"https:\/\/cinegear.nl\/#\/schema\/logo\/image\/","url":"https:\/\/cinegear.nl\/wp-content\/uploads\/2019\/12\/Transparent_Normal_Logo.jpg","contentUrl":"https:\/\/cinegear.nl\/wp-content\/uploads\/2019\/12\/Transparent_Normal_Logo.jpg","width":858,"height":782,"caption":"Cinegear"},"image":{"@id":"https:\/\/cinegear.nl\/#\/schema\/logo\/image\/"}}]}},"brands":[{"id":8397,"name":"Marchi","slug":"kinefinity"}],"_links":{"self":[{"href":"https:\/\/cinegear.nl\/it\/wp-json\/wp\/v2\/product\/19089","targetHints":{"allow":["GET"]}}],"collection":[{"href":"https:\/\/cinegear.nl\/it\/wp-json\/wp\/v2\/product"}],"about":[{"href":"https:\/\/cinegear.nl\/it\/wp-json\/wp\/v2\/types\/product"}],"wp:featuredmedia":[{"embeddable":true,"href":"https:\/\/cinegear.nl\/it\/wp-json\/wp\/v2\/media\/32983"}],"wp:attachment":[{"href":"https:\/\/cinegear.nl\/it\/wp-json\/wp\/v2\/media?parent=19089"}],"wp:term":[{"taxonomy":"pwb-brand","embeddable":true,"href":"https:\/\/cinegear.nl\/it\/wp-json\/wp\/v2\/pwb-brand?post=19089"},{"taxonomy":"product_cat","embeddable":true,"href":"https:\/\/cinegear.nl\/it\/wp-json\/wp\/v2\/product_cat?post=19089"},{"taxonomy":"product_tag","embeddable":true,"href":"https:\/\/cinegear.nl\/it\/wp-json\/wp\/v2\/product_tag?post=19089"}],"curies":[{"name":"wp","href":"https:\/\/api.w.org\/{rel}","templated":true}]}}