{"id":1024,"date":"2019-01-25T17:17:29","date_gmt":"2019-01-25T16:17:29","guid":{"rendered":"http:\/\/cinegear.nl\/?post_type=product&#038;p=1024"},"modified":"2024-04-24T11:57:52","modified_gmt":"2024-04-24T09:57:52","slug":"kinefinity-kineback-lite-module","status":"publish","type":"product","link":"https:\/\/cinegear.nl\/it\/prodotto\/kinefinity-kineback-lite-module\/","title":{"rendered":"Modulo Kinefinity KineBACK Lite (EOL)"},"content":{"rendered":"<h4><strong>Leggero e sottile<\/strong><\/h4>\n<p>La lunghezza e la larghezza si adattano perfettamente al fattore di forma di MAVO\/TERRA. Il suo spessore \u00e8 di soli 12 mm, meno di 1\/4 di quello del KineBACK-W. Il KineBACK Lite \u00e8 cos\u00ec leggero che il suo peso \u00e8 appena percepibile quando \u00e8 fissato alla parte posteriore del corpo leggero di MAVO. Pertanto, \u00e8 possibile scegliere KineBACK Lite con la batteria leggera con attacco a V per una soluzione agile, senza bisogno di installare\u00a0<a href=\"http:\/\/www.kinefinity.com\/shop\/sidegrip\/?lang=en\">Impugnatura laterale<\/a>\u00a0per aumentare la larghezza del sistema di ripresa. La maggior parte degli stabilizzatori leggeri a 3 assi con una sola mano non pu\u00f2 essere all'altezza di MAVO con SideGrip (poich\u00e9 la larghezza supera il suo limite), tuttavia KineBACK Lite e la batteria leggera con attacco a V offrono una soluzione migliore.<\/p>\n<p>Inoltre, il corpo macchina si mantiene leggero grazie all'alimentazione con attacco a V; contemporaneamente, una porta D-tap aggiuntiva fornisce anche l'alimentazione per il video wireless leggero o la messa a fuoco a inseguimento wireless, ampliando cos\u00ec gli scenari di MAVO\/TERRA.<\/p>","protected":false},"excerpt":{"rendered":"<p>KineBACK Lite, un mini modulo di estensione per le fotocamere Kinefinity per abilitare la fotocamera con batteria V-Lock in modo semplice ed elegante, senza sacrificare il peso e le dimensioni ridotte. Offre una soluzione in pi\u00f9 per una configurazione di ripresa leggera.<\/p>","protected":false},"featured_media":1026,"template":"","meta":{"_acf_changed":false,"inline_featured_image":false},"pwb-brand":[8397],"product_cat":[10408,16],"product_tag":[],"class_list":{"0":"post-1024","1":"product","2":"type-product","3":"status-publish","4":"has-post-thumbnail","6":"pwb-brand-kinefinity","7":"product_cat-kinefinity-accessoires","8":"product_cat-all","9":"product_shipping_class-small","11":"first","12":"discontinued","13":"taxable","14":"shipping-taxable","15":"product-type-simple"},"acf":{"supplier":"","buy_price":"","last_sync":""},"yoast_head":"<!-- This site is optimized with the Yoast SEO Premium plugin v21.8 (Yoast SEO v24.3) - https:\/\/yoast.com\/wordpress\/plugins\/seo\/ -->\n<title>Kinefinity KineBACK Lite module (EOL) | Cinegear Amsterdam<\/title>\n<meta name=\"description\" content=\"KineBACK Lite, a mini extension module for Kinefinity cameras to enable your camera with V-Lock battery easily and elegantly, without sacrificing the weight and small factor. It offers an extra solution to lightweight shooting configuration.\" \/>\n<meta name=\"robots\" content=\"index, follow, max-snippet:-1, max-image-preview:large, max-video-preview:-1\" \/>\n<link rel=\"canonical\" href=\"https:\/\/cinegear.nl\/it\/prodotto\/kinefinity-kineback-lite-module\/\" \/>\n<meta property=\"og:locale\" content=\"it_IT\" \/>\n<meta property=\"og:type\" content=\"article\" \/>\n<meta property=\"og:title\" content=\"Kinefinity KineBACK Lite module (EOL)\" \/>\n<meta property=\"og:description\" content=\"KineBACK Lite, a mini extension module for Kinefinity cameras to enable your camera with V-Lock battery easily and elegantly, without sacrificing the weight and small factor. It offers an extra solution to lightweight shooting configuration.\" \/>\n<meta property=\"og:url\" content=\"https:\/\/cinegear.nl\/it\/prodotto\/kinefinity-kineback-lite-module\/\" \/>\n<meta property=\"og:site_name\" content=\"Cinegear Amsterdam\" \/>\n<meta property=\"article:modified_time\" content=\"2024-04-24T09:57:52+00:00\" \/>\n<meta property=\"og:image\" content=\"https:\/\/cinegear.nl\/wp-content\/uploads\/2019\/01\/kinefinity-kineback-lite-module.jpg\" \/>\n\t<meta property=\"og:image:width\" content=\"458\" \/>\n\t<meta property=\"og:image:height\" content=\"458\" \/>\n\t<meta property=\"og:image:type\" content=\"image\/jpeg\" \/>\n<meta name=\"twitter:card\" content=\"summary_large_image\" \/>\n<meta name=\"twitter:label1\" content=\"Tempo di lettura stimato\" \/>\n\t<meta name=\"twitter:data1\" content=\"1 minuto\" \/>\n<script type=\"application\/ld+json\" class=\"yoast-schema-graph\">{\"@context\":\"https:\/\/schema.org\",\"@graph\":[{\"@type\":\"WebPage\",\"@id\":\"https:\/\/cinegear.nl\/product\/kinefinity-kineback-lite-module\/\",\"url\":\"https:\/\/cinegear.nl\/product\/kinefinity-kineback-lite-module\/\",\"name\":\"Kinefinity KineBACK Lite module (EOL) | Cinegear Amsterdam\",\"isPartOf\":{\"@id\":\"https:\/\/cinegear.nl\/#website\"},\"primaryImageOfPage\":{\"@id\":\"https:\/\/cinegear.nl\/product\/kinefinity-kineback-lite-module\/#primaryimage\"},\"image\":{\"@id\":\"https:\/\/cinegear.nl\/product\/kinefinity-kineback-lite-module\/#primaryimage\"},\"thumbnailUrl\":\"https:\/\/cinegear.nl\/wp-content\/uploads\/2019\/01\/kinefinity-kineback-lite-module.jpg\",\"datePublished\":\"2019-01-25T16:17:29+00:00\",\"dateModified\":\"2024-04-24T09:57:52+00:00\",\"description\":\"KineBACK Lite, a mini extension module for Kinefinity cameras to enable your camera with V-Lock battery easily and elegantly, without sacrificing the weight and small factor. It offers an extra solution to lightweight shooting configuration.\",\"breadcrumb\":{\"@id\":\"https:\/\/cinegear.nl\/product\/kinefinity-kineback-lite-module\/#breadcrumb\"},\"inLanguage\":\"it-IT\",\"potentialAction\":[{\"@type\":\"ReadAction\",\"target\":[\"https:\/\/cinegear.nl\/product\/kinefinity-kineback-lite-module\/\"]}]},{\"@type\":\"ImageObject\",\"inLanguage\":\"it-IT\",\"@id\":\"https:\/\/cinegear.nl\/product\/kinefinity-kineback-lite-module\/#primaryimage\",\"url\":\"https:\/\/cinegear.nl\/wp-content\/uploads\/2019\/01\/kinefinity-kineback-lite-module.jpg\",\"contentUrl\":\"https:\/\/cinegear.nl\/wp-content\/uploads\/2019\/01\/kinefinity-kineback-lite-module.jpg\",\"width\":458,\"height\":458},{\"@type\":\"BreadcrumbList\",\"@id\":\"https:\/\/cinegear.nl\/product\/kinefinity-kineback-lite-module\/#breadcrumb\",\"itemListElement\":[{\"@type\":\"ListItem\",\"position\":1,\"name\":\"Home\",\"item\":\"https:\/\/cinegear.nl\/\"},{\"@type\":\"ListItem\",\"position\":2,\"name\":\"Store\",\"item\":\"https:\/\/cinegear.nl\/product-category-kine-cameras\/\"},{\"@type\":\"ListItem\",\"position\":3,\"name\":\"Kinefinity KineBACK Lite module (EOL)\"}]},{\"@type\":\"WebSite\",\"@id\":\"https:\/\/cinegear.nl\/#website\",\"url\":\"https:\/\/cinegear.nl\/\",\"name\":\"Cinegear Amsterdam\",\"description\":\"\",\"publisher\":{\"@id\":\"https:\/\/cinegear.nl\/#organization\"},\"potentialAction\":[{\"@type\":\"SearchAction\",\"target\":{\"@type\":\"EntryPoint\",\"urlTemplate\":\"https:\/\/cinegear.nl\/?s={search_term_string}\"},\"query-input\":{\"@type\":\"PropertyValueSpecification\",\"valueRequired\":true,\"valueName\":\"search_term_string\"}}],\"inLanguage\":\"it-IT\"},{\"@type\":\"Organization\",\"@id\":\"https:\/\/cinegear.nl\/#organization\",\"name\":\"Cinegear\",\"url\":\"https:\/\/cinegear.nl\/\",\"logo\":{\"@type\":\"ImageObject\",\"inLanguage\":\"it-IT\",\"@id\":\"https:\/\/cinegear.nl\/#\/schema\/logo\/image\/\",\"url\":\"https:\/\/cinegear.nl\/wp-content\/uploads\/2019\/12\/Transparent_Normal_Logo.jpg\",\"contentUrl\":\"https:\/\/cinegear.nl\/wp-content\/uploads\/2019\/12\/Transparent_Normal_Logo.jpg\",\"width\":858,\"height\":782,\"caption\":\"Cinegear\"},\"image\":{\"@id\":\"https:\/\/cinegear.nl\/#\/schema\/logo\/image\/\"}}]}<\/script>\n<!-- \/ Yoast SEO Premium plugin. -->","yoast_head_json":{"title":"Kinefinity KineBACK Lite module (EOL) | Cinegear Amsterdam","description":"KineBACK Lite, un mini modulo di estensione per le fotocamere Kinefinity per abilitare la fotocamera con batteria V-Lock in modo semplice ed elegante, senza sacrificare il peso e le dimensioni ridotte. Offre una soluzione in pi\u00f9 per una configurazione di ripresa leggera.","robots":{"index":"index","follow":"follow","max-snippet":"max-snippet:-1","max-image-preview":"max-image-preview:large","max-video-preview":"max-video-preview:-1"},"canonical":"https:\/\/cinegear.nl\/it\/prodotto\/kinefinity-kineback-lite-module\/","og_locale":"it_IT","og_type":"article","og_title":"Kinefinity KineBACK Lite module (EOL)","og_description":"KineBACK Lite, a mini extension module for Kinefinity cameras to enable your camera with V-Lock battery easily and elegantly, without sacrificing the weight and small factor. It offers an extra solution to lightweight shooting configuration.","og_url":"https:\/\/cinegear.nl\/it\/prodotto\/kinefinity-kineback-lite-module\/","og_site_name":"Cinegear Amsterdam","article_modified_time":"2024-04-24T09:57:52+00:00","og_image":[{"width":458,"height":458,"url":"https:\/\/cinegear.nl\/wp-content\/uploads\/2019\/01\/kinefinity-kineback-lite-module.jpg","type":"image\/jpeg"}],"twitter_card":"summary_large_image","twitter_misc":{"Tempo di lettura stimato":"1 minuto"},"schema":{"@context":"https:\/\/schema.org","@graph":[{"@type":"WebPage","@id":"https:\/\/cinegear.nl\/product\/kinefinity-kineback-lite-module\/","url":"https:\/\/cinegear.nl\/product\/kinefinity-kineback-lite-module\/","name":"Kinefinity KineBACK Lite module (EOL) | Cinegear Amsterdam","isPartOf":{"@id":"https:\/\/cinegear.nl\/#website"},"primaryImageOfPage":{"@id":"https:\/\/cinegear.nl\/product\/kinefinity-kineback-lite-module\/#primaryimage"},"image":{"@id":"https:\/\/cinegear.nl\/product\/kinefinity-kineback-lite-module\/#primaryimage"},"thumbnailUrl":"https:\/\/cinegear.nl\/wp-content\/uploads\/2019\/01\/kinefinity-kineback-lite-module.jpg","datePublished":"2019-01-25T16:17:29+00:00","dateModified":"2024-04-24T09:57:52+00:00","description":"KineBACK Lite, un mini modulo di estensione per le fotocamere Kinefinity per abilitare la fotocamera con batteria V-Lock in modo semplice ed elegante, senza sacrificare il peso e le dimensioni ridotte. Offre una soluzione in pi\u00f9 per una configurazione di ripresa leggera.","breadcrumb":{"@id":"https:\/\/cinegear.nl\/product\/kinefinity-kineback-lite-module\/#breadcrumb"},"inLanguage":"it-IT","potentialAction":[{"@type":"ReadAction","target":["https:\/\/cinegear.nl\/product\/kinefinity-kineback-lite-module\/"]}]},{"@type":"ImageObject","inLanguage":"it-IT","@id":"https:\/\/cinegear.nl\/product\/kinefinity-kineback-lite-module\/#primaryimage","url":"https:\/\/cinegear.nl\/wp-content\/uploads\/2019\/01\/kinefinity-kineback-lite-module.jpg","contentUrl":"https:\/\/cinegear.nl\/wp-content\/uploads\/2019\/01\/kinefinity-kineback-lite-module.jpg","width":458,"height":458},{"@type":"BreadcrumbList","@id":"https:\/\/cinegear.nl\/product\/kinefinity-kineback-lite-module\/#breadcrumb","itemListElement":[{"@type":"ListItem","position":1,"name":"Home","item":"https:\/\/cinegear.nl\/"},{"@type":"ListItem","position":2,"name":"Store","item":"https:\/\/cinegear.nl\/product-category-kine-cameras\/"},{"@type":"ListItem","position":3,"name":"Kinefinity KineBACK Lite module (EOL)"}]},{"@type":"WebSite","@id":"https:\/\/cinegear.nl\/#website","url":"https:\/\/cinegear.nl\/","name":"Cinegear Amsterdam","description":"","publisher":{"@id":"https:\/\/cinegear.nl\/#organization"},"potentialAction":[{"@type":"SearchAction","target":{"@type":"EntryPoint","urlTemplate":"https:\/\/cinegear.nl\/?s={search_term_string}"},"query-input":{"@type":"PropertyValueSpecification","valueRequired":true,"valueName":"search_term_string"}}],"inLanguage":"it-IT"},{"@type":"Organization","@id":"https:\/\/cinegear.nl\/#organization","name":"Cinegear","url":"https:\/\/cinegear.nl\/","logo":{"@type":"ImageObject","inLanguage":"it-IT","@id":"https:\/\/cinegear.nl\/#\/schema\/logo\/image\/","url":"https:\/\/cinegear.nl\/wp-content\/uploads\/2019\/12\/Transparent_Normal_Logo.jpg","contentUrl":"https:\/\/cinegear.nl\/wp-content\/uploads\/2019\/12\/Transparent_Normal_Logo.jpg","width":858,"height":782,"caption":"Cinegear"},"image":{"@id":"https:\/\/cinegear.nl\/#\/schema\/logo\/image\/"}}]}},"brands":[{"id":8397,"name":"Marchi","slug":"kinefinity"}],"_links":{"self":[{"href":"https:\/\/cinegear.nl\/it\/wp-json\/wp\/v2\/product\/1024","targetHints":{"allow":["GET"]}}],"collection":[{"href":"https:\/\/cinegear.nl\/it\/wp-json\/wp\/v2\/product"}],"about":[{"href":"https:\/\/cinegear.nl\/it\/wp-json\/wp\/v2\/types\/product"}],"wp:featuredmedia":[{"embeddable":true,"href":"https:\/\/cinegear.nl\/it\/wp-json\/wp\/v2\/media\/1026"}],"wp:attachment":[{"href":"https:\/\/cinegear.nl\/it\/wp-json\/wp\/v2\/media?parent=1024"}],"wp:term":[{"taxonomy":"pwb-brand","embeddable":true,"href":"https:\/\/cinegear.nl\/it\/wp-json\/wp\/v2\/pwb-brand?post=1024"},{"taxonomy":"product_cat","embeddable":true,"href":"https:\/\/cinegear.nl\/it\/wp-json\/wp\/v2\/product_cat?post=1024"},{"taxonomy":"product_tag","embeddable":true,"href":"https:\/\/cinegear.nl\/it\/wp-json\/wp\/v2\/product_tag?post=1024"}],"curies":[{"name":"wp","href":"https:\/\/api.w.org\/{rel}","templated":true}]}}