{"id":35736,"date":"2023-05-05T16:07:09","date_gmt":"2023-05-05T14:07:09","guid":{"rendered":"https:\/\/cinegear.nl\/product\/smallrig-4072-np-w235-camera-battery\/"},"modified":"2026-03-26T15:48:54","modified_gmt":"2026-03-26T14:48:54","slug":"smallrig-4072-np-w235-camera-battery","status":"publish","type":"product","link":"https:\/\/cinegear.nl\/de\/produkt\/smallrig-4072-np-w235-camera-battery\/","title":{"rendered":"SmallRig 4072 Camera Battery NP-W235"},"content":{"rendered":"<h1>SmallRig NP-W235 Camera Battery 4072<\/h1>\n<p>Ensure uninterrupted shooting with the SmallRig NP-W235 Camera Battery 4072. This lithium-ion battery, equipped with a full decoding chip, offers seamless compatibility without any pop-ups during use. Crafted with precision, the shell is constructed from high-quality ABS+PC fireproof material with a frosted surface, providing a tactile and durable feel while being resistant to high temperatures.<\/p>\n<h2>Key Features:<\/h2>\n<ul>\n<li><strong>Full Decoding Chip:<\/strong> Equipped with a full decoding chip, ensuring perfect compatibility without any pop-ups during use.<\/li>\n<li><strong>High-Quality Construction:<\/strong> The shell is made of high-quality ABS+PC fireproof material, providing durability and a high-temperature-resistant, frosted surface for a tactile feel.<\/li>\n<li><strong>Perfect Fit:<\/strong> Same size as the original camera battery, ensuring a snug fit into the camera battery compartment without jamming.<\/li>\n<li><strong>Compatibility:<\/strong> Compatible with a wide range of models, including FUJIFILM GFX 50S II, GFX 100S, X-T4, and more. Please refer to the battery type for a complete list of compatible models.<\/li>\n<\/ul>\n<h2>In the Box:<\/h2>\n<ul>\n<li>1 x NP-W235 Camera Battery<\/li>\n<li>1 x Battery Protective Cover<\/li>\n<li>1 x User Manual<\/li>\n<\/ul>\n<h2>Specifications:<\/h2>\n<ul>\n<li><strong>Battery Type:<\/strong> Lithium-ion Battery<\/li>\n<li><strong>Battery Parameter:<\/strong> 2040mAh 7.2V 14.69Wh<\/li>\n<li><strong>Battery Charging Limited Voltage:<\/strong> 8.4V<\/li>\n<li><strong>Operating Environment Temperature:<\/strong> 0\u00b0C~40\u00b0C<\/li>\n<li><strong>Product Dimensions:<\/strong> Single Battery: 52.3\u00d738.8\u00d723 mm, Package: 77.5\u00d767\u00d742mm<\/li>\n<li><strong>Net Weight:<\/strong> Single Battery: 78g, Package Weight: 99g<\/li>\n<li><strong>Material:<\/strong> ABS+PC<\/li>\n<\/ul>","protected":false},"excerpt":{"rendered":"<ul>\n<li>Fully decoded chip for seamless use with original camera and charger<\/li>\n<li>Eliminates pop-ups and enables accurate power display<\/li>\n<li>Extended Battery Life, <span style=\"font-size: 14.4px\">2040 mAh high-capacity battery for prolonged usage<\/span><\/li>\n<li>Long-lasting power to capture more moments without interruptions<\/li>\n<\/ul>","protected":false},"featured_media":35735,"template":"","meta":{"_acf_changed":false,"inline_featured_image":false},"pwb-brand":[9945],"product_cat":[407,10150,10159,10749],"product_tag":[11680,5612],"class_list":{"0":"post-35736","1":"product","2":"type-product","3":"status-publish","4":"has-post-thumbnail","6":"pwb-brand-smallrig","7":"product_cat-battery-solutions","8":"product_cat-brands-battery-solutions","9":"product_cat-smallrig","10":"product_cat-battery-mount","11":"product_tag-camera-battery","12":"product_tag-smallrig","13":"product_shipping_class-normal","15":"first","16":"instock","17":"taxable","18":"shipping-taxable","19":"purchasable","20":"product-type-simple"},"acf":{"supplier":"EuropePV","buy_price":"15.6","last_sync":"2026-03-26"},"yoast_head":"<!-- This site is optimized with the Yoast SEO Premium plugin v21.8 (Yoast SEO v24.3) - https:\/\/yoast.com\/wordpress\/plugins\/seo\/ -->\n<title>SmallRig 4072 Camera Battery NP-W235 | Cinegear Amsterdam<\/title>\n<meta name=\"description\" content=\"Fully decoded chip for seamless use with original camera and charger  Eliminates pop-ups and enables accurate power display  Extended Battery Life, 2040 mAh high-capacity battery for prolonged usage  Long-lasting power to capture more moments without interruptions\" \/>\n<meta name=\"robots\" content=\"index, follow, max-snippet:-1, max-image-preview:large, max-video-preview:-1\" \/>\n<link rel=\"canonical\" href=\"https:\/\/cinegear.nl\/de\/produkt\/smallrig-4072-np-w235-camera-battery\/\" \/>\n<meta property=\"og:locale\" content=\"de_DE\" \/>\n<meta property=\"og:type\" content=\"article\" \/>\n<meta property=\"og:title\" content=\"SmallRig 4072 Camera Battery NP-W235\" \/>\n<meta property=\"og:description\" content=\"Fully decoded chip for seamless use with original camera and charger  Eliminates pop-ups and enables accurate power display  Extended Battery Life, 2040 mAh high-capacity battery for prolonged usage  Long-lasting power to capture more moments without interruptions\" \/>\n<meta property=\"og:url\" content=\"https:\/\/cinegear.nl\/de\/produkt\/smallrig-4072-np-w235-camera-battery\/\" \/>\n<meta property=\"og:site_name\" content=\"Cinegear Amsterdam\" \/>\n<meta property=\"article:modified_time\" content=\"2026-03-26T14:48:54+00:00\" \/>\n<meta property=\"og:image\" content=\"https:\/\/cinegear.nl\/wp-content\/uploads\/2023\/05\/D229551_01-e1701652349579.jpg\" \/>\n\t<meta property=\"og:image:width\" content=\"1000\" \/>\n\t<meta property=\"og:image:height\" content=\"1001\" \/>\n\t<meta property=\"og:image:type\" content=\"image\/jpeg\" \/>\n<meta name=\"twitter:card\" content=\"summary_large_image\" \/>\n<meta name=\"twitter:label1\" content=\"Gesch\u00e4tzte Lesezeit\" \/>\n\t<meta name=\"twitter:data1\" content=\"1\u00a0Minute\" \/>\n<script type=\"application\/ld+json\" class=\"yoast-schema-graph\">{\"@context\":\"https:\/\/schema.org\",\"@graph\":[{\"@type\":\"WebPage\",\"@id\":\"https:\/\/cinegear.nl\/product\/smallrig-4072-np-w235-camera-battery\/\",\"url\":\"https:\/\/cinegear.nl\/product\/smallrig-4072-np-w235-camera-battery\/\",\"name\":\"SmallRig 4072 Camera Battery NP-W235 | Cinegear Amsterdam\",\"isPartOf\":{\"@id\":\"https:\/\/cinegear.nl\/#website\"},\"primaryImageOfPage\":{\"@id\":\"https:\/\/cinegear.nl\/product\/smallrig-4072-np-w235-camera-battery\/#primaryimage\"},\"image\":{\"@id\":\"https:\/\/cinegear.nl\/product\/smallrig-4072-np-w235-camera-battery\/#primaryimage\"},\"thumbnailUrl\":\"https:\/\/cinegear.nl\/wp-content\/uploads\/2023\/05\/D229551_01-e1701652349579.jpg\",\"datePublished\":\"2023-05-05T14:07:09+00:00\",\"dateModified\":\"2026-03-26T14:48:54+00:00\",\"description\":\"Fully decoded chip for seamless use with original camera and charger Eliminates pop-ups and enables accurate power display Extended Battery Life, 2040 mAh high-capacity battery for prolonged usage Long-lasting power to capture more moments without interruptions\",\"breadcrumb\":{\"@id\":\"https:\/\/cinegear.nl\/product\/smallrig-4072-np-w235-camera-battery\/#breadcrumb\"},\"inLanguage\":\"de\",\"potentialAction\":[{\"@type\":\"ReadAction\",\"target\":[\"https:\/\/cinegear.nl\/product\/smallrig-4072-np-w235-camera-battery\/\"]}]},{\"@type\":\"ImageObject\",\"inLanguage\":\"de\",\"@id\":\"https:\/\/cinegear.nl\/product\/smallrig-4072-np-w235-camera-battery\/#primaryimage\",\"url\":\"https:\/\/cinegear.nl\/wp-content\/uploads\/2023\/05\/D229551_01-e1701652349579.jpg\",\"contentUrl\":\"https:\/\/cinegear.nl\/wp-content\/uploads\/2023\/05\/D229551_01-e1701652349579.jpg\",\"width\":1000,\"height\":1001,\"caption\":\"SmallRig 4072 Camera Battery NP-W235\"},{\"@type\":\"BreadcrumbList\",\"@id\":\"https:\/\/cinegear.nl\/product\/smallrig-4072-np-w235-camera-battery\/#breadcrumb\",\"itemListElement\":[{\"@type\":\"ListItem\",\"position\":1,\"name\":\"Home\",\"item\":\"https:\/\/cinegear.nl\/\"},{\"@type\":\"ListItem\",\"position\":2,\"name\":\"Store\",\"item\":\"https:\/\/cinegear.nl\/product-category-kine-cameras\/\"},{\"@type\":\"ListItem\",\"position\":3,\"name\":\"SmallRig 4072 Camera Battery NP-W235\"}]},{\"@type\":\"WebSite\",\"@id\":\"https:\/\/cinegear.nl\/#website\",\"url\":\"https:\/\/cinegear.nl\/\",\"name\":\"Cinegear Amsterdam\",\"description\":\"\",\"publisher\":{\"@id\":\"https:\/\/cinegear.nl\/#organization\"},\"potentialAction\":[{\"@type\":\"SearchAction\",\"target\":{\"@type\":\"EntryPoint\",\"urlTemplate\":\"https:\/\/cinegear.nl\/?s={search_term_string}\"},\"query-input\":{\"@type\":\"PropertyValueSpecification\",\"valueRequired\":true,\"valueName\":\"search_term_string\"}}],\"inLanguage\":\"de\"},{\"@type\":\"Organization\",\"@id\":\"https:\/\/cinegear.nl\/#organization\",\"name\":\"Cinegear\",\"url\":\"https:\/\/cinegear.nl\/\",\"logo\":{\"@type\":\"ImageObject\",\"inLanguage\":\"de\",\"@id\":\"https:\/\/cinegear.nl\/#\/schema\/logo\/image\/\",\"url\":\"https:\/\/cinegear.nl\/wp-content\/uploads\/2019\/12\/Transparent_Normal_Logo.jpg\",\"contentUrl\":\"https:\/\/cinegear.nl\/wp-content\/uploads\/2019\/12\/Transparent_Normal_Logo.jpg\",\"width\":858,\"height\":782,\"caption\":\"Cinegear\"},\"image\":{\"@id\":\"https:\/\/cinegear.nl\/#\/schema\/logo\/image\/\"}}]}<\/script>\n<!-- \/ Yoast SEO Premium plugin. -->","yoast_head_json":{"title":"SmallRig 4072 Camera Battery NP-W235 | Cinegear Amsterdam","description":"Fully decoded chip for seamless use with original camera and charger  Eliminates pop-ups and enables accurate power display  Extended Battery Life, 2040 mAh high-capacity battery for prolonged usage  Long-lasting power to capture more moments without interruptions","robots":{"index":"index","follow":"follow","max-snippet":"max-snippet:-1","max-image-preview":"max-image-preview:large","max-video-preview":"max-video-preview:-1"},"canonical":"https:\/\/cinegear.nl\/de\/produkt\/smallrig-4072-np-w235-camera-battery\/","og_locale":"de_DE","og_type":"article","og_title":"SmallRig 4072 Camera Battery NP-W235","og_description":"Fully decoded chip for seamless use with original camera and charger  Eliminates pop-ups and enables accurate power display  Extended Battery Life, 2040 mAh high-capacity battery for prolonged usage  Long-lasting power to capture more moments without interruptions","og_url":"https:\/\/cinegear.nl\/de\/produkt\/smallrig-4072-np-w235-camera-battery\/","og_site_name":"Cinegear Amsterdam","article_modified_time":"2026-03-26T14:48:54+00:00","og_image":[{"width":1000,"height":1001,"url":"https:\/\/cinegear.nl\/wp-content\/uploads\/2023\/05\/D229551_01-e1701652349579.jpg","type":"image\/jpeg"}],"twitter_card":"summary_large_image","twitter_misc":{"Gesch\u00e4tzte Lesezeit":"1\u00a0Minute"},"schema":{"@context":"https:\/\/schema.org","@graph":[{"@type":"WebPage","@id":"https:\/\/cinegear.nl\/product\/smallrig-4072-np-w235-camera-battery\/","url":"https:\/\/cinegear.nl\/product\/smallrig-4072-np-w235-camera-battery\/","name":"SmallRig 4072 Camera Battery NP-W235 | Cinegear Amsterdam","isPartOf":{"@id":"https:\/\/cinegear.nl\/#website"},"primaryImageOfPage":{"@id":"https:\/\/cinegear.nl\/product\/smallrig-4072-np-w235-camera-battery\/#primaryimage"},"image":{"@id":"https:\/\/cinegear.nl\/product\/smallrig-4072-np-w235-camera-battery\/#primaryimage"},"thumbnailUrl":"https:\/\/cinegear.nl\/wp-content\/uploads\/2023\/05\/D229551_01-e1701652349579.jpg","datePublished":"2023-05-05T14:07:09+00:00","dateModified":"2026-03-26T14:48:54+00:00","description":"Fully decoded chip for seamless use with original camera and charger Eliminates pop-ups and enables accurate power display Extended Battery Life, 2040 mAh high-capacity battery for prolonged usage Long-lasting power to capture more moments without interruptions","breadcrumb":{"@id":"https:\/\/cinegear.nl\/product\/smallrig-4072-np-w235-camera-battery\/#breadcrumb"},"inLanguage":"de","potentialAction":[{"@type":"ReadAction","target":["https:\/\/cinegear.nl\/product\/smallrig-4072-np-w235-camera-battery\/"]}]},{"@type":"ImageObject","inLanguage":"de","@id":"https:\/\/cinegear.nl\/product\/smallrig-4072-np-w235-camera-battery\/#primaryimage","url":"https:\/\/cinegear.nl\/wp-content\/uploads\/2023\/05\/D229551_01-e1701652349579.jpg","contentUrl":"https:\/\/cinegear.nl\/wp-content\/uploads\/2023\/05\/D229551_01-e1701652349579.jpg","width":1000,"height":1001,"caption":"SmallRig 4072 Camera Battery NP-W235"},{"@type":"BreadcrumbList","@id":"https:\/\/cinegear.nl\/product\/smallrig-4072-np-w235-camera-battery\/#breadcrumb","itemListElement":[{"@type":"ListItem","position":1,"name":"Home","item":"https:\/\/cinegear.nl\/"},{"@type":"ListItem","position":2,"name":"Store","item":"https:\/\/cinegear.nl\/product-category-kine-cameras\/"},{"@type":"ListItem","position":3,"name":"SmallRig 4072 Camera Battery NP-W235"}]},{"@type":"WebSite","@id":"https:\/\/cinegear.nl\/#website","url":"https:\/\/cinegear.nl\/","name":"Cinegear Amsterdam","description":"","publisher":{"@id":"https:\/\/cinegear.nl\/#organization"},"potentialAction":[{"@type":"SearchAction","target":{"@type":"EntryPoint","urlTemplate":"https:\/\/cinegear.nl\/?s={search_term_string}"},"query-input":{"@type":"PropertyValueSpecification","valueRequired":true,"valueName":"search_term_string"}}],"inLanguage":"de"},{"@type":"Organization","@id":"https:\/\/cinegear.nl\/#organization","name":"Cinegear","url":"https:\/\/cinegear.nl\/","logo":{"@type":"ImageObject","inLanguage":"de","@id":"https:\/\/cinegear.nl\/#\/schema\/logo\/image\/","url":"https:\/\/cinegear.nl\/wp-content\/uploads\/2019\/12\/Transparent_Normal_Logo.jpg","contentUrl":"https:\/\/cinegear.nl\/wp-content\/uploads\/2019\/12\/Transparent_Normal_Logo.jpg","width":858,"height":782,"caption":"Cinegear"},"image":{"@id":"https:\/\/cinegear.nl\/#\/schema\/logo\/image\/"}}]}},"brands":[{"id":9945,"name":"SmallRig","slug":"smallrig"}],"_links":{"self":[{"href":"https:\/\/cinegear.nl\/de\/wp-json\/wp\/v2\/product\/35736","targetHints":{"allow":["GET"]}}],"collection":[{"href":"https:\/\/cinegear.nl\/de\/wp-json\/wp\/v2\/product"}],"about":[{"href":"https:\/\/cinegear.nl\/de\/wp-json\/wp\/v2\/types\/product"}],"wp:featuredmedia":[{"embeddable":true,"href":"https:\/\/cinegear.nl\/de\/wp-json\/wp\/v2\/media\/35735"}],"wp:attachment":[{"href":"https:\/\/cinegear.nl\/de\/wp-json\/wp\/v2\/media?parent=35736"}],"wp:term":[{"taxonomy":"pwb-brand","embeddable":true,"href":"https:\/\/cinegear.nl\/de\/wp-json\/wp\/v2\/pwb-brand?post=35736"},{"taxonomy":"product_cat","embeddable":true,"href":"https:\/\/cinegear.nl\/de\/wp-json\/wp\/v2\/product_cat?post=35736"},{"taxonomy":"product_tag","embeddable":true,"href":"https:\/\/cinegear.nl\/de\/wp-json\/wp\/v2\/product_tag?post=35736"}],"curies":[{"name":"wp","href":"https:\/\/api.w.org\/{rel}","templated":true}]}}