{"id":34040,"date":"2023-05-02T16:07:44","date_gmt":"2023-05-02T14:07:44","guid":{"rendered":"https:\/\/cinegear.nl\/?post_type=product&#038;p=34040"},"modified":"2026-01-22T19:30:53","modified_gmt":"2026-01-22T18:30:53","slug":"dji-rs3-gimbal","status":"publish","type":"product","link":"https:\/\/cinegear.nl\/de\/produkt\/dji-rs3-gimbal\/","title":{"rendered":"DJI RS3 Gimbal"},"content":{"rendered":"<div id=\"specs-nav\" class=\"specs-page\">\n<div class=\"specs-title-wrap\">\n<h3 class=\"specs-title\"><strong style=\"color: #555555; font-size: 14.4px;\">Accessory Port<\/strong><\/h3>\n<\/div>\n<\/div>\n<section class=\"section-specs\">\n<section class=\"select-list\">\n<div id=\"rs-3-specs\" class=\"select-content\">\n<div class=\"detailed-parameter-wrap\">\n<div class=\"specs-container\">\n<div class=\"specs-parameter-wrap\">\n<ul>\n<li>NATO Ports<\/li>\n<li>1\/4&#8243;-20 Mounting Hole<\/li>\n<li>Cold Shoe<\/li>\n<li>Video Transmission\/Focus Motor Port (USB-C)<\/li>\n<li>RSS Camera Control Port (USB-C)<\/li>\n<li>Focus Motor Port (USB-C)<\/li>\n<\/ul>\n<p><strong>Batterie<\/strong><\/p>\n<ul>\n<li>Model: BHX711-3000-7.2V<\/li>\n<li>Type: 2S<\/li>\n<li>Capacity: 3000 mAh<\/li>\n<li>Energy: 21 Wh<\/li>\n<li>Max. Runtime: 12 hours\u00a0[1]<\/li>\n<li>Charging Time: Approx. 2.5 hours when using 18W quick charging (supports PD protocol)<\/li>\n<li>Suggested Charging Temperature: 5\u00b0 to 40\u00b0 C (41\u00b0 to 104\u00b0 F)<\/li>\n<\/ul>\n<p><strong>Connections<\/strong><\/p>\n<ul>\n<li>Bluetooth 5.0<\/li>\n<li>Charging Port (USB-C)<\/li>\n<li>Ronin App Requirements<\/li>\n<li>iOS 11.0 or above<\/li>\n<li>Android 7.0 or above<\/li>\n<\/ul>\n<p><strong>Languages Supported by the Touchscreen<\/strong><\/p>\n<ul>\n<li>English, Simplified Chinese, Traditional Chinese, German, French, Korean, Japanese, Spanish, Portuguese (Brazil), Russian, Thai<\/li>\n<\/ul>\n<\/div>\n<div class=\"specs-parameter-wrap\">\n<h3 class=\"group-list-title\"><strong>Working Performance<\/strong><\/h3>\n<ul class=\"detailed-parameter-list\">\n<li class=\"detailed-parameter\">\n<div class=\"detailed-parameter-value\">Tested Payload<\/div>\n<\/li>\n<li class=\"detailed-parameter\">\n<div class=\"detailed-parameter-value\">3 kg (6.6 lbs)<\/div>\n<\/li>\n<li class=\"detailed-parameter\">\n<div class=\"detailed-parameter-value\">Maximum Controlled Rotation Speed<\/div>\n<\/li>\n<li class=\"detailed-parameter\">\n<div class=\"detailed-parameter-value\">Pan: 360\u00b0\/s<\/div>\n<\/li>\n<li class=\"detailed-parameter\">\n<div class=\"detailed-parameter-value\">Tilt: 360\u00b0\/s<\/div>\n<\/li>\n<li class=\"detailed-parameter\">\n<div class=\"detailed-parameter-value\">Roll: 360\u00b0\/s<\/div>\n<\/li>\n<li class=\"detailed-parameter\">\n<div class=\"detailed-parameter-value\">Mechanical Range<\/div>\n<\/li>\n<li class=\"detailed-parameter\">\n<div class=\"detailed-parameter-value\">Pan axis: 360\u00b0 continuous rotation<\/div>\n<\/li>\n<li class=\"detailed-parameter\">\n<div class=\"detailed-parameter-value\">Roll axis: -95\u00b0 to +240\u00b0<\/div>\n<\/li>\n<li class=\"detailed-parameter\">\n<div class=\"detailed-parameter-value\">Tilt axis: -112\u00b0 to +214\u00b0<\/div>\n<\/li>\n<\/ul>\n<\/div>\n<div class=\"specs-parameter-wrap\">\n<h3 class=\"group-list-title\"><strong>Mechanical &amp; Electrical Properties<\/strong><\/h3>\n<p><strong>Operating Frequency<\/strong><\/p>\n<ul>\n<li>2.400-2.484 GHz<\/li>\n<\/ul>\n<p><strong>Bluetooth Transmitter Power<\/strong><\/p>\n<ul>\n<li>&lt;8 dBm<\/li>\n<\/ul>\n<p><strong>Operating Temperature<\/strong><\/p>\n<ul>\n<li>-20\u00b0 to 45\u00b0 C (-4\u00b0 to 113\u00b0 F)<\/li>\n<\/ul>\n<p><strong>Weight<\/strong><\/p>\n<ul>\n<li>Gimbal: Approx. 990 g (2.18 lbs)<\/li>\n<li>Grip: Approx. 200 g (0.44 lbs)<\/li>\n<li>Extended Grip\/Tripod (Plastic): Approx. 183 g (0.4 lbs)<\/li>\n<li>Upper and Lower Quick-Release Plates: Approx. 107 g (0.23 lbs)<\/li>\n<\/ul>\n<p><strong>Dimensions<\/strong><\/p>\n<ul>\n<li>Folded: 254\u00d7230\u00d768 mm (L\u00d7W\u00d7H, excluding camera, grip, and the Extended Grip\/Tripod)<\/li>\n<li>Unfolded: 364\u00d7187\u00d7170 mm (L\u00d7W\u00d7H, height includes the grip and excludes the Extended Grip\/Tripod)<\/li>\n<\/ul>\n<\/div>\n<div class=\"specs-parameter-wrap\">\n<h3 class=\"group-list-title\"><strong>DJI Ronin Image Transmitter<\/strong><\/h3>\n<p><strong>Connections<\/strong><\/p>\n<ul>\n<li>Power\/Communication Port (USB-C)<\/li>\n<li>HDMI Port (Mini HDMI)<\/li>\n<li>RSS Camera Control Port (USB-C)<\/li>\n<li>Expansion Port<\/li>\n<li>Cold Shoe<\/li>\n<li>Operating Frequency<\/li>\n<li>2.400-2.484 GHz<\/li>\n<li>5.725-5.850 GHz<\/li>\n<\/ul>\n<p><strong>Weight<\/strong><\/p>\n<ul>\n<li>126 g (0.27 lbs)<\/li>\n<\/ul>\n<p><strong>Dimensions<\/strong><\/p>\n<ul>\n<li>82\u00d763\u00d724 mm (L\u00d7W\u00d7H)<\/li>\n<li>Transmitter Power (EIRP)<\/li>\n<li>2.400-2.484 GHz:<\/li>\n<li>&lt;25 dBm (FCC)<\/li>\n<li>&lt;20 dBm (CE\/SRRC\/MIC)<\/li>\n<li>5.725-5.850 GHz:<\/li>\n<li>&lt;25 dBm (FCC\/SRRC)<\/li>\n<li>&lt;14 dBm (CE)<\/li>\n<\/ul>\n<p><strong>Batterie<\/strong><\/p>\n<ul>\n<li>Capacity: 2970 mAh<\/li>\n<li>Compatible Charger: 5V\/2A<\/li>\n<li>Charging Time: Approx. 2.5 hours<\/li>\n<li>Max Battery Life: Approx. 3.5 hours<\/li>\n<\/ul>\n<p><strong>Transmission Range<\/strong><\/p>\n<ul>\n<li>200 m (SRRC\/FCC)\u00a0[2]<\/li>\n<li>100 m (CE)\u00a0[2]<\/li>\n<li>Latency<\/li>\n<li>60 ms<\/li>\n<li>Operating Current\/Voltage<\/li>\n<li>900 mA, 3.7V<\/li>\n<li>Operating Temperature<\/li>\n<li>0\u00b0 to 45\u00b0 C (32\u00b0 to 113\u00b0 F)<\/li>\n<\/ul>\n<\/div>\n<\/div>\n<\/div>\n<\/div>\n<\/section>\n<\/section>\n<p>&nbsp;<\/p>\n<div style=\"width: 640px;\" class=\"wp-video\"><video class=\"wp-video-shortcode\" id=\"video-34040-1\" width=\"640\" height=\"360\" preload=\"metadata\" controls=\"controls\"><source type=\"video\/mp4\" src=\"https:\/\/dji-official-fe.djicdn.com\/reactor\/assets\/_next\/static\/videos\/cd71a29a-9f97-4069-86c2-58878f457f5f.mp4?_=1\" \/><a href=\"https:\/\/dji-official-fe.djicdn.com\/reactor\/assets\/_next\/static\/videos\/cd71a29a-9f97-4069-86c2-58878f457f5f.mp4\">https:\/\/dji-official-fe.djicdn.com\/reactor\/assets\/_next\/static\/videos\/cd71a29a-9f97-4069-86c2-58878f457f5f.mp4<\/a><\/video><\/div>\n<div style=\"width: 640px;\" class=\"wp-video\"><video class=\"wp-video-shortcode\" id=\"video-34040-2\" width=\"640\" height=\"360\" preload=\"metadata\" controls=\"controls\"><source type=\"video\/mp4\" src=\"https:\/\/dji-official-fe.djicdn.com\/reactor\/assets\/_next\/static\/videos\/64c2ed91-74ea-4f92-8e29-ca244951584d.mp4?_=2\" \/><a href=\"https:\/\/dji-official-fe.djicdn.com\/reactor\/assets\/_next\/static\/videos\/64c2ed91-74ea-4f92-8e29-ca244951584d.mp4\">https:\/\/dji-official-fe.djicdn.com\/reactor\/assets\/_next\/static\/videos\/64c2ed91-74ea-4f92-8e29-ca244951584d.mp4<\/a><\/video><\/div>","protected":false},"excerpt":{"rendered":"<p>With every detail, DJI RS 3 delivers a flexible and efficient shooting experience to solo creators and independent crews. Light and sleek, it provides professional stabilization and efficient control for more creative freedom and endless possibilities. DJI RS 3 is ready when you are.<\/p>\n<p>&nbsp;<\/p>","protected":false},"featured_media":34041,"template":"","meta":{"_acf_changed":false,"inline_featured_image":false},"pwb-brand":[9931],"product_cat":[393,395,15346],"product_tag":[10295,10017,79,11646,11645,75,6359],"class_list":{"0":"post-34040","1":"product","2":"type-product","3":"status-publish","4":"has-post-thumbnail","6":"pwb-brand-dji","7":"product_cat-cameras","8":"product_cat-camera-support-cameras","9":"product_cat-gimbals-gimbals","10":"product_tag-amsterdam","11":"product_tag-cinegear","12":"product_tag-dji","13":"product_tag-dji-gimbal","14":"product_tag-dji-rs-3","15":"product_tag-gimbal","16":"product_tag-stabilizer","17":"product_shipping_class-normal","19":"first","20":"outofstock","21":"taxable","22":"shipping-taxable","23":"purchasable","24":"product-type-simple"},"acf":{"supplier":"","buy_price":"","last_sync":""},"yoast_head":"<!-- This site is optimized with the Yoast SEO Premium plugin v21.8 (Yoast SEO v24.3) - https:\/\/yoast.com\/wordpress\/plugins\/seo\/ -->\n<title>DJI RS3 Gimbal | Cinegear Amsterdam | Dji Gimbal<\/title>\n<meta name=\"description\" content=\"With every detail, DJI RS 3 delivers a flexible and efficient shooting experience to solo creators and independent crews. Light and sleek, it provides professional stabilization and efficient control for more creative freedom and endless possibilities. DJI RS 3 is ready when you are.  &nbsp;\" \/>\n<meta name=\"robots\" content=\"index, follow, max-snippet:-1, max-image-preview:large, max-video-preview:-1\" \/>\n<link rel=\"canonical\" href=\"https:\/\/cinegear.nl\/de\/produkt\/dji-rs3-gimbal\/\" \/>\n<meta property=\"og:locale\" content=\"de_DE\" \/>\n<meta property=\"og:type\" content=\"article\" \/>\n<meta property=\"og:title\" content=\"DJI RS3 Gimbal\" \/>\n<meta property=\"og:description\" content=\"With every detail, DJI RS 3 delivers a flexible and efficient shooting experience to solo creators and independent crews. Light and sleek, it provides professional stabilization and efficient control for more creative freedom and endless possibilities. DJI RS 3 is ready when you are.  &nbsp;\" \/>\n<meta property=\"og:url\" content=\"https:\/\/cinegear.nl\/de\/produkt\/dji-rs3-gimbal\/\" \/>\n<meta property=\"og:site_name\" content=\"Cinegear Amsterdam\" \/>\n<meta property=\"article:modified_time\" content=\"2026-01-22T18:30:53+00:00\" \/>\n<meta property=\"og:image\" content=\"https:\/\/cinegear.nl\/wp-content\/uploads\/2023\/05\/DJI-RS-3-PRO_01.jpg\" \/>\n\t<meta property=\"og:image:width\" content=\"1000\" \/>\n\t<meta property=\"og:image:height\" content=\"1000\" \/>\n\t<meta property=\"og:image:type\" content=\"image\/jpeg\" \/>\n<meta name=\"twitter:card\" content=\"summary_large_image\" \/>\n<meta name=\"twitter:label1\" content=\"Gesch\u00e4tzte Lesezeit\" \/>\n\t<meta name=\"twitter:data1\" content=\"2\u00a0Minuten\" \/>\n<script type=\"application\/ld+json\" class=\"yoast-schema-graph\">{\"@context\":\"https:\/\/schema.org\",\"@graph\":[{\"@type\":\"WebPage\",\"@id\":\"https:\/\/cinegear.nl\/product\/dji-rs3-gimbal\/\",\"url\":\"https:\/\/cinegear.nl\/product\/dji-rs3-gimbal\/\",\"name\":\"DJI RS3 Gimbal | Cinegear Amsterdam | Dji Gimbal\",\"isPartOf\":{\"@id\":\"https:\/\/cinegear.nl\/#website\"},\"primaryImageOfPage\":{\"@id\":\"https:\/\/cinegear.nl\/product\/dji-rs3-gimbal\/#primaryimage\"},\"image\":{\"@id\":\"https:\/\/cinegear.nl\/product\/dji-rs3-gimbal\/#primaryimage\"},\"thumbnailUrl\":\"https:\/\/cinegear.nl\/wp-content\/uploads\/2023\/05\/DJI-RS-3-PRO_01.jpg\",\"datePublished\":\"2023-05-02T14:07:44+00:00\",\"dateModified\":\"2026-01-22T18:30:53+00:00\",\"description\":\"With every detail, DJI RS 3 delivers a flexible and efficient shooting experience to solo creators and independent crews. Light and sleek, it provides professional stabilization and efficient control for more creative freedom and endless possibilities. DJI RS 3 is ready when you are. &nbsp;\",\"breadcrumb\":{\"@id\":\"https:\/\/cinegear.nl\/product\/dji-rs3-gimbal\/#breadcrumb\"},\"inLanguage\":\"de\",\"potentialAction\":[{\"@type\":\"ReadAction\",\"target\":[\"https:\/\/cinegear.nl\/product\/dji-rs3-gimbal\/\"]}]},{\"@type\":\"ImageObject\",\"inLanguage\":\"de\",\"@id\":\"https:\/\/cinegear.nl\/product\/dji-rs3-gimbal\/#primaryimage\",\"url\":\"https:\/\/cinegear.nl\/wp-content\/uploads\/2023\/05\/DJI-RS-3-PRO_01.jpg\",\"contentUrl\":\"https:\/\/cinegear.nl\/wp-content\/uploads\/2023\/05\/DJI-RS-3-PRO_01.jpg\",\"width\":1000,\"height\":1000,\"caption\":\"DJI RS3 Gimbal\"},{\"@type\":\"BreadcrumbList\",\"@id\":\"https:\/\/cinegear.nl\/product\/dji-rs3-gimbal\/#breadcrumb\",\"itemListElement\":[{\"@type\":\"ListItem\",\"position\":1,\"name\":\"Home\",\"item\":\"https:\/\/cinegear.nl\/\"},{\"@type\":\"ListItem\",\"position\":2,\"name\":\"Store\",\"item\":\"https:\/\/cinegear.nl\/product-category-kine-cameras\/\"},{\"@type\":\"ListItem\",\"position\":3,\"name\":\"DJI RS3 Gimbal\"}]},{\"@type\":\"WebSite\",\"@id\":\"https:\/\/cinegear.nl\/#website\",\"url\":\"https:\/\/cinegear.nl\/\",\"name\":\"Cinegear Amsterdam\",\"description\":\"\",\"publisher\":{\"@id\":\"https:\/\/cinegear.nl\/#organization\"},\"potentialAction\":[{\"@type\":\"SearchAction\",\"target\":{\"@type\":\"EntryPoint\",\"urlTemplate\":\"https:\/\/cinegear.nl\/?s={search_term_string}\"},\"query-input\":{\"@type\":\"PropertyValueSpecification\",\"valueRequired\":true,\"valueName\":\"search_term_string\"}}],\"inLanguage\":\"de\"},{\"@type\":\"Organization\",\"@id\":\"https:\/\/cinegear.nl\/#organization\",\"name\":\"Cinegear\",\"url\":\"https:\/\/cinegear.nl\/\",\"logo\":{\"@type\":\"ImageObject\",\"inLanguage\":\"de\",\"@id\":\"https:\/\/cinegear.nl\/#\/schema\/logo\/image\/\",\"url\":\"https:\/\/cinegear.nl\/wp-content\/uploads\/2019\/12\/Transparent_Normal_Logo.jpg\",\"contentUrl\":\"https:\/\/cinegear.nl\/wp-content\/uploads\/2019\/12\/Transparent_Normal_Logo.jpg\",\"width\":858,\"height\":782,\"caption\":\"Cinegear\"},\"image\":{\"@id\":\"https:\/\/cinegear.nl\/#\/schema\/logo\/image\/\"}}]}<\/script>\n<!-- \/ Yoast SEO Premium plugin. -->","yoast_head_json":{"title":"DJI RS3 Gimbal | Cinegear Amsterdam | Dji Gimbal","description":"With every detail, DJI RS 3 delivers a flexible and efficient shooting experience to solo creators and independent crews. Light and sleek, it provides professional stabilization and efficient control for more creative freedom and endless possibilities. DJI RS 3 is ready when you are.  &nbsp;","robots":{"index":"index","follow":"follow","max-snippet":"max-snippet:-1","max-image-preview":"max-image-preview:large","max-video-preview":"max-video-preview:-1"},"canonical":"https:\/\/cinegear.nl\/de\/produkt\/dji-rs3-gimbal\/","og_locale":"de_DE","og_type":"article","og_title":"DJI RS3 Gimbal","og_description":"With every detail, DJI RS 3 delivers a flexible and efficient shooting experience to solo creators and independent crews. Light and sleek, it provides professional stabilization and efficient control for more creative freedom and endless possibilities. DJI RS 3 is ready when you are.  &nbsp;","og_url":"https:\/\/cinegear.nl\/de\/produkt\/dji-rs3-gimbal\/","og_site_name":"Cinegear Amsterdam","article_modified_time":"2026-01-22T18:30:53+00:00","og_image":[{"width":1000,"height":1000,"url":"https:\/\/cinegear.nl\/wp-content\/uploads\/2023\/05\/DJI-RS-3-PRO_01.jpg","type":"image\/jpeg"}],"twitter_card":"summary_large_image","twitter_misc":{"Gesch\u00e4tzte Lesezeit":"2\u00a0Minuten"},"schema":{"@context":"https:\/\/schema.org","@graph":[{"@type":"WebPage","@id":"https:\/\/cinegear.nl\/product\/dji-rs3-gimbal\/","url":"https:\/\/cinegear.nl\/product\/dji-rs3-gimbal\/","name":"DJI RS3 Gimbal | Cinegear Amsterdam | Dji Gimbal","isPartOf":{"@id":"https:\/\/cinegear.nl\/#website"},"primaryImageOfPage":{"@id":"https:\/\/cinegear.nl\/product\/dji-rs3-gimbal\/#primaryimage"},"image":{"@id":"https:\/\/cinegear.nl\/product\/dji-rs3-gimbal\/#primaryimage"},"thumbnailUrl":"https:\/\/cinegear.nl\/wp-content\/uploads\/2023\/05\/DJI-RS-3-PRO_01.jpg","datePublished":"2023-05-02T14:07:44+00:00","dateModified":"2026-01-22T18:30:53+00:00","description":"With every detail, DJI RS 3 delivers a flexible and efficient shooting experience to solo creators and independent crews. Light and sleek, it provides professional stabilization and efficient control for more creative freedom and endless possibilities. DJI RS 3 is ready when you are. &nbsp;","breadcrumb":{"@id":"https:\/\/cinegear.nl\/product\/dji-rs3-gimbal\/#breadcrumb"},"inLanguage":"de","potentialAction":[{"@type":"ReadAction","target":["https:\/\/cinegear.nl\/product\/dji-rs3-gimbal\/"]}]},{"@type":"ImageObject","inLanguage":"de","@id":"https:\/\/cinegear.nl\/product\/dji-rs3-gimbal\/#primaryimage","url":"https:\/\/cinegear.nl\/wp-content\/uploads\/2023\/05\/DJI-RS-3-PRO_01.jpg","contentUrl":"https:\/\/cinegear.nl\/wp-content\/uploads\/2023\/05\/DJI-RS-3-PRO_01.jpg","width":1000,"height":1000,"caption":"DJI RS3 Gimbal"},{"@type":"BreadcrumbList","@id":"https:\/\/cinegear.nl\/product\/dji-rs3-gimbal\/#breadcrumb","itemListElement":[{"@type":"ListItem","position":1,"name":"Home","item":"https:\/\/cinegear.nl\/"},{"@type":"ListItem","position":2,"name":"Store","item":"https:\/\/cinegear.nl\/product-category-kine-cameras\/"},{"@type":"ListItem","position":3,"name":"DJI RS3 Gimbal"}]},{"@type":"WebSite","@id":"https:\/\/cinegear.nl\/#website","url":"https:\/\/cinegear.nl\/","name":"Cinegear Amsterdam","description":"","publisher":{"@id":"https:\/\/cinegear.nl\/#organization"},"potentialAction":[{"@type":"SearchAction","target":{"@type":"EntryPoint","urlTemplate":"https:\/\/cinegear.nl\/?s={search_term_string}"},"query-input":{"@type":"PropertyValueSpecification","valueRequired":true,"valueName":"search_term_string"}}],"inLanguage":"de"},{"@type":"Organization","@id":"https:\/\/cinegear.nl\/#organization","name":"Cinegear","url":"https:\/\/cinegear.nl\/","logo":{"@type":"ImageObject","inLanguage":"de","@id":"https:\/\/cinegear.nl\/#\/schema\/logo\/image\/","url":"https:\/\/cinegear.nl\/wp-content\/uploads\/2019\/12\/Transparent_Normal_Logo.jpg","contentUrl":"https:\/\/cinegear.nl\/wp-content\/uploads\/2019\/12\/Transparent_Normal_Logo.jpg","width":858,"height":782,"caption":"Cinegear"},"image":{"@id":"https:\/\/cinegear.nl\/#\/schema\/logo\/image\/"}}]}},"brands":[{"id":9931,"name":"DJI","slug":"dji"}],"_links":{"self":[{"href":"https:\/\/cinegear.nl\/de\/wp-json\/wp\/v2\/product\/34040","targetHints":{"allow":["GET"]}}],"collection":[{"href":"https:\/\/cinegear.nl\/de\/wp-json\/wp\/v2\/product"}],"about":[{"href":"https:\/\/cinegear.nl\/de\/wp-json\/wp\/v2\/types\/product"}],"wp:featuredmedia":[{"embeddable":true,"href":"https:\/\/cinegear.nl\/de\/wp-json\/wp\/v2\/media\/34041"}],"wp:attachment":[{"href":"https:\/\/cinegear.nl\/de\/wp-json\/wp\/v2\/media?parent=34040"}],"wp:term":[{"taxonomy":"pwb-brand","embeddable":true,"href":"https:\/\/cinegear.nl\/de\/wp-json\/wp\/v2\/pwb-brand?post=34040"},{"taxonomy":"product_cat","embeddable":true,"href":"https:\/\/cinegear.nl\/de\/wp-json\/wp\/v2\/product_cat?post=34040"},{"taxonomy":"product_tag","embeddable":true,"href":"https:\/\/cinegear.nl\/de\/wp-json\/wp\/v2\/product_tag?post=34040"}],"curies":[{"name":"wp","href":"https:\/\/api.w.org\/{rel}","templated":true}]}}