{"id":18574,"date":"2020-04-16T14:50:29","date_gmt":"2020-04-16T13:50:29","guid":{"rendered":"https:\/\/cinegear.nl\/?post_type=product&#038;p=18574"},"modified":"2024-08-07T18:57:17","modified_gmt":"2024-08-07T16:57:17","slug":"ledgo-rgb-single-tube-mount-for-lg-ng12xxb","status":"publish","type":"product","link":"https:\/\/cinegear.nl\/de\/produkt\/ledgo-rgb-single-tube-mount-for-lg-ng12xxb\/","title":{"rendered":"LEDGO RGB Single Tube Mount (for LG-NG12xxB)"},"content":{"rendered":"","protected":false},"excerpt":{"rendered":"<table class=\"shop_attributes\">\n<tbody>\n<tr>\n<th>Common &#8211; Weight<\/th>\n<td>1.25<\/td>\n<\/tr>\n<tr>\n<th>Common &#8211; Included Components<\/th>\n<td>Carrying Bag\u00d71, Hanging cable\u00d72, Power Adapter\u00d71, PT30C\u00d71, T12 clip\u00d71<\/td>\n<\/tr>\n<tr>\n<th>LED &#8211; Type<\/th>\n<td>Dual, RGB<\/td>\n<\/tr>\n<tr>\n<th>LED &#8211; CCT<\/th>\n<td>2700-6500<\/td>\n<\/tr>\n<tr>\n<th>LED &#8211; CRI<\/th>\n<td>95<\/td>\n<\/tr>\n<tr>\n<th>LED &#8211; TLCI<\/th>\n<td>95<\/td>\n<\/tr>\n<tr>\n<th>LED &#8211; Lux<\/th>\n<td>194@2m; 6500K: 719@1m, 209@2m, 2700K: 633@1m<\/td>\n<\/tr>\n<tr>\n<th>LED &#8211; Barndoors<\/th>\n<td>Yes<\/td>\n<\/tr>\n<tr>\n<th>LED &#8211; Control<\/th>\n<td>2.4G, On-board controller<\/td>\n<\/tr>\n<tr>\n<th>LED &#8211; Operating Voltage<\/th>\n<td>15V 4A<\/td>\n<\/tr>\n<tr>\n<th>LED &#8211; Power Consumption<\/th>\n<td>30W<\/td>\n<\/tr>\n<\/tbody>\n<\/table>","protected":false},"featured_media":32582,"template":"","meta":{"_acf_changed":false,"inline_featured_image":false},"pwb-brand":[8154],"product_cat":[428,1065,430,429,504,8155,10063,10066,16],"product_tag":[5347,749,448,343],"class_list":{"0":"post-18574","1":"product","2":"type-product","3":"status-publish","4":"has-post-thumbnail","6":"pwb-brand-ledgo","7":"product_cat-lighting-equipment","8":"product_cat-light-accessoires","9":"product_cat-mounts-lighting-equipment","10":"product_cat-brands","11":"product_cat-led-tubes","12":"product_cat-ledgo","13":"product_cat-tubes","14":"product_cat-tubes-accesories","15":"product_cat-all","16":"product_tag-ledgo","17":"product_tag-rgb","18":"product_tag-single","19":"product_tag-tube","20":"product_shipping_class-small","22":"first","23":"outofstock","24":"taxable","25":"shipping-taxable","26":"purchasable","27":"product-type-simple"},"acf":{"supplier":"","buy_price":"","last_sync":""},"yoast_head":"<!-- This site is optimized with the Yoast SEO Premium plugin v21.8 (Yoast SEO v24.3) - https:\/\/yoast.com\/wordpress\/plugins\/seo\/ -->\n<title>LEDGO RGB Single Tube Mount (for LG-NG12xxB) | Cinegear<\/title>\n<meta name=\"description\" content=\"Common - Weight 1.25   Common - Included Components Carrying Bag\u00d71, Hanging cable\u00d72, Power Adapter\u00d71, PT30C\u00d71, T12 clip\u00d71   LED - Type Dual, RGB   LED - CCT 2700-6500   LED - CRI 95   LED - TLCI 95   LED - Lux 194@2m; 6500K: 719@1m, 209@2m, 2700K: 633@1m   LED - Barndoors Yes   LED - Control 2.4G, On-board controller   LED - Operating Voltage 15V 4A   LED - Power Consumption 30W\" \/>\n<meta name=\"robots\" content=\"index, follow, max-snippet:-1, max-image-preview:large, max-video-preview:-1\" \/>\n<link rel=\"canonical\" href=\"https:\/\/cinegear.nl\/de\/produkt\/ledgo-rgb-single-tube-mount-for-lg-ng12xxb\/\" \/>\n<meta property=\"og:locale\" content=\"de_DE\" \/>\n<meta property=\"og:type\" content=\"article\" \/>\n<meta property=\"og:title\" content=\"LEDGO RGB Single Tube Mount (for LG-NG12xxB)\" \/>\n<meta property=\"og:description\" content=\"Common - Weight 1.25   Common - Included Components Carrying Bag\u00d71, Hanging cable\u00d72, Power Adapter\u00d71, PT30C\u00d71, T12 clip\u00d71   LED - Type Dual, RGB   LED - CCT 2700-6500   LED - CRI 95   LED - TLCI 95   LED - Lux 194@2m; 6500K: 719@1m, 209@2m, 2700K: 633@1m   LED - Barndoors Yes   LED - Control 2.4G, On-board controller   LED - Operating Voltage 15V 4A   LED - Power Consumption 30W\" \/>\n<meta property=\"og:url\" content=\"https:\/\/cinegear.nl\/de\/produkt\/ledgo-rgb-single-tube-mount-for-lg-ng12xxb\/\" \/>\n<meta property=\"og:site_name\" content=\"Cinegear Amsterdam\" \/>\n<meta property=\"article:modified_time\" content=\"2024-08-07T16:57:17+00:00\" \/>\n<meta property=\"og:image\" content=\"https:\/\/cinegear.nl\/wp-content\/uploads\/2020\/04\/lg-ng1212b-c1_front_close-1.jpg\" \/>\n\t<meta property=\"og:image:width\" content=\"750\" \/>\n\t<meta property=\"og:image:height\" content=\"750\" \/>\n\t<meta property=\"og:image:type\" content=\"image\/jpeg\" \/>\n<meta name=\"twitter:card\" content=\"summary_large_image\" \/>\n<meta name=\"twitter:label1\" content=\"Gesch\u00e4tzte Lesezeit\" \/>\n\t<meta name=\"twitter:data1\" content=\"1\u00a0Minute\" \/>\n<script type=\"application\/ld+json\" class=\"yoast-schema-graph\">{\"@context\":\"https:\/\/schema.org\",\"@graph\":[{\"@type\":\"WebPage\",\"@id\":\"https:\/\/cinegear.nl\/product\/ledgo-rgb-single-tube-mount-for-lg-ng12xxb\/\",\"url\":\"https:\/\/cinegear.nl\/product\/ledgo-rgb-single-tube-mount-for-lg-ng12xxb\/\",\"name\":\"LEDGO RGB Single Tube Mount (for LG-NG12xxB) | Cinegear\",\"isPartOf\":{\"@id\":\"https:\/\/cinegear.nl\/#website\"},\"primaryImageOfPage\":{\"@id\":\"https:\/\/cinegear.nl\/product\/ledgo-rgb-single-tube-mount-for-lg-ng12xxb\/#primaryimage\"},\"image\":{\"@id\":\"https:\/\/cinegear.nl\/product\/ledgo-rgb-single-tube-mount-for-lg-ng12xxb\/#primaryimage\"},\"thumbnailUrl\":\"https:\/\/cinegear.nl\/wp-content\/uploads\/2020\/04\/lg-ng1212b-c1_front_close-1.jpg\",\"datePublished\":\"2020-04-16T13:50:29+00:00\",\"dateModified\":\"2024-08-07T16:57:17+00:00\",\"description\":\"Common - Weight 1.25 Common - Included Components Carrying Bag\u00d71, Hanging cable\u00d72, Power Adapter\u00d71, PT30C\u00d71, T12 clip\u00d71 LED - Type Dual, RGB LED - CCT 2700-6500 LED - CRI 95 LED - TLCI 95 LED - Lux 194@2m; 6500K: 719@1m, 209@2m, 2700K: 633@1m LED - Barndoors Yes LED - Control 2.4G, On-board controller LED - Operating Voltage 15V 4A LED - Power Consumption 30W\",\"breadcrumb\":{\"@id\":\"https:\/\/cinegear.nl\/product\/ledgo-rgb-single-tube-mount-for-lg-ng12xxb\/#breadcrumb\"},\"inLanguage\":\"de\",\"potentialAction\":[{\"@type\":\"ReadAction\",\"target\":[\"https:\/\/cinegear.nl\/product\/ledgo-rgb-single-tube-mount-for-lg-ng12xxb\/\"]}]},{\"@type\":\"ImageObject\",\"inLanguage\":\"de\",\"@id\":\"https:\/\/cinegear.nl\/product\/ledgo-rgb-single-tube-mount-for-lg-ng12xxb\/#primaryimage\",\"url\":\"https:\/\/cinegear.nl\/wp-content\/uploads\/2020\/04\/lg-ng1212b-c1_front_close-1.jpg\",\"contentUrl\":\"https:\/\/cinegear.nl\/wp-content\/uploads\/2020\/04\/lg-ng1212b-c1_front_close-1.jpg\",\"width\":750,\"height\":750,\"caption\":\"LEDGO LG-NG1212B RGB Single Tube Mount\"},{\"@type\":\"BreadcrumbList\",\"@id\":\"https:\/\/cinegear.nl\/product\/ledgo-rgb-single-tube-mount-for-lg-ng12xxb\/#breadcrumb\",\"itemListElement\":[{\"@type\":\"ListItem\",\"position\":1,\"name\":\"Home\",\"item\":\"https:\/\/cinegear.nl\/\"},{\"@type\":\"ListItem\",\"position\":2,\"name\":\"Store\",\"item\":\"https:\/\/cinegear.nl\/product-category-kine-cameras\/\"},{\"@type\":\"ListItem\",\"position\":3,\"name\":\"LEDGO RGB Single Tube Mount (for LG-NG12xxB)\"}]},{\"@type\":\"WebSite\",\"@id\":\"https:\/\/cinegear.nl\/#website\",\"url\":\"https:\/\/cinegear.nl\/\",\"name\":\"Cinegear Amsterdam\",\"description\":\"\",\"publisher\":{\"@id\":\"https:\/\/cinegear.nl\/#organization\"},\"potentialAction\":[{\"@type\":\"SearchAction\",\"target\":{\"@type\":\"EntryPoint\",\"urlTemplate\":\"https:\/\/cinegear.nl\/?s={search_term_string}\"},\"query-input\":{\"@type\":\"PropertyValueSpecification\",\"valueRequired\":true,\"valueName\":\"search_term_string\"}}],\"inLanguage\":\"de\"},{\"@type\":\"Organization\",\"@id\":\"https:\/\/cinegear.nl\/#organization\",\"name\":\"Cinegear\",\"url\":\"https:\/\/cinegear.nl\/\",\"logo\":{\"@type\":\"ImageObject\",\"inLanguage\":\"de\",\"@id\":\"https:\/\/cinegear.nl\/#\/schema\/logo\/image\/\",\"url\":\"https:\/\/cinegear.nl\/wp-content\/uploads\/2019\/12\/Transparent_Normal_Logo.jpg\",\"contentUrl\":\"https:\/\/cinegear.nl\/wp-content\/uploads\/2019\/12\/Transparent_Normal_Logo.jpg\",\"width\":858,\"height\":782,\"caption\":\"Cinegear\"},\"image\":{\"@id\":\"https:\/\/cinegear.nl\/#\/schema\/logo\/image\/\"}}]}<\/script>\n<!-- \/ Yoast SEO Premium plugin. -->","yoast_head_json":{"title":"LEDGO RGB Single Tube Mount (for LG-NG12xxB) | Cinegear","description":"Common - Weight 1.25   Common - Included Components Carrying Bag\u00d71, Hanging cable\u00d72, Power Adapter\u00d71, PT30C\u00d71, T12 clip\u00d71   LED - Type Dual, RGB   LED - CCT 2700-6500   LED - CRI 95   LED - TLCI 95   LED - Lux 194@2m; 6500K: 719@1m, 209@2m, 2700K: 633@1m   LED - Barndoors Yes   LED - Control 2.4G, On-board controller   LED - Operating Voltage 15V 4A   LED - Power Consumption 30W","robots":{"index":"index","follow":"follow","max-snippet":"max-snippet:-1","max-image-preview":"max-image-preview:large","max-video-preview":"max-video-preview:-1"},"canonical":"https:\/\/cinegear.nl\/de\/produkt\/ledgo-rgb-single-tube-mount-for-lg-ng12xxb\/","og_locale":"de_DE","og_type":"article","og_title":"LEDGO RGB Single Tube Mount (for LG-NG12xxB)","og_description":"Common - Weight 1.25   Common - Included Components Carrying Bag\u00d71, Hanging cable\u00d72, Power Adapter\u00d71, PT30C\u00d71, T12 clip\u00d71   LED - Type Dual, RGB   LED - CCT 2700-6500   LED - CRI 95   LED - TLCI 95   LED - Lux 194@2m; 6500K: 719@1m, 209@2m, 2700K: 633@1m   LED - Barndoors Yes   LED - Control 2.4G, On-board controller   LED - Operating Voltage 15V 4A   LED - Power Consumption 30W","og_url":"https:\/\/cinegear.nl\/de\/produkt\/ledgo-rgb-single-tube-mount-for-lg-ng12xxb\/","og_site_name":"Cinegear Amsterdam","article_modified_time":"2024-08-07T16:57:17+00:00","og_image":[{"width":750,"height":750,"url":"https:\/\/cinegear.nl\/wp-content\/uploads\/2020\/04\/lg-ng1212b-c1_front_close-1.jpg","type":"image\/jpeg"}],"twitter_card":"summary_large_image","twitter_misc":{"Gesch\u00e4tzte Lesezeit":"1\u00a0Minute"},"schema":{"@context":"https:\/\/schema.org","@graph":[{"@type":"WebPage","@id":"https:\/\/cinegear.nl\/product\/ledgo-rgb-single-tube-mount-for-lg-ng12xxb\/","url":"https:\/\/cinegear.nl\/product\/ledgo-rgb-single-tube-mount-for-lg-ng12xxb\/","name":"LEDGO RGB Single Tube Mount (for LG-NG12xxB) | Cinegear","isPartOf":{"@id":"https:\/\/cinegear.nl\/#website"},"primaryImageOfPage":{"@id":"https:\/\/cinegear.nl\/product\/ledgo-rgb-single-tube-mount-for-lg-ng12xxb\/#primaryimage"},"image":{"@id":"https:\/\/cinegear.nl\/product\/ledgo-rgb-single-tube-mount-for-lg-ng12xxb\/#primaryimage"},"thumbnailUrl":"https:\/\/cinegear.nl\/wp-content\/uploads\/2020\/04\/lg-ng1212b-c1_front_close-1.jpg","datePublished":"2020-04-16T13:50:29+00:00","dateModified":"2024-08-07T16:57:17+00:00","description":"Common - Weight 1.25 Common - Included Components Carrying Bag\u00d71, Hanging cable\u00d72, Power Adapter\u00d71, PT30C\u00d71, T12 clip\u00d71 LED - Type Dual, RGB LED - CCT 2700-6500 LED - CRI 95 LED - TLCI 95 LED - Lux 194@2m; 6500K: 719@1m, 209@2m, 2700K: 633@1m LED - Barndoors Yes LED - Control 2.4G, On-board controller LED - Operating Voltage 15V 4A LED - Power Consumption 30W","breadcrumb":{"@id":"https:\/\/cinegear.nl\/product\/ledgo-rgb-single-tube-mount-for-lg-ng12xxb\/#breadcrumb"},"inLanguage":"de","potentialAction":[{"@type":"ReadAction","target":["https:\/\/cinegear.nl\/product\/ledgo-rgb-single-tube-mount-for-lg-ng12xxb\/"]}]},{"@type":"ImageObject","inLanguage":"de","@id":"https:\/\/cinegear.nl\/product\/ledgo-rgb-single-tube-mount-for-lg-ng12xxb\/#primaryimage","url":"https:\/\/cinegear.nl\/wp-content\/uploads\/2020\/04\/lg-ng1212b-c1_front_close-1.jpg","contentUrl":"https:\/\/cinegear.nl\/wp-content\/uploads\/2020\/04\/lg-ng1212b-c1_front_close-1.jpg","width":750,"height":750,"caption":"LEDGO LG-NG1212B RGB Single Tube Mount"},{"@type":"BreadcrumbList","@id":"https:\/\/cinegear.nl\/product\/ledgo-rgb-single-tube-mount-for-lg-ng12xxb\/#breadcrumb","itemListElement":[{"@type":"ListItem","position":1,"name":"Home","item":"https:\/\/cinegear.nl\/"},{"@type":"ListItem","position":2,"name":"Store","item":"https:\/\/cinegear.nl\/product-category-kine-cameras\/"},{"@type":"ListItem","position":3,"name":"LEDGO RGB Single Tube Mount (for LG-NG12xxB)"}]},{"@type":"WebSite","@id":"https:\/\/cinegear.nl\/#website","url":"https:\/\/cinegear.nl\/","name":"Cinegear Amsterdam","description":"","publisher":{"@id":"https:\/\/cinegear.nl\/#organization"},"potentialAction":[{"@type":"SearchAction","target":{"@type":"EntryPoint","urlTemplate":"https:\/\/cinegear.nl\/?s={search_term_string}"},"query-input":{"@type":"PropertyValueSpecification","valueRequired":true,"valueName":"search_term_string"}}],"inLanguage":"de"},{"@type":"Organization","@id":"https:\/\/cinegear.nl\/#organization","name":"Cinegear","url":"https:\/\/cinegear.nl\/","logo":{"@type":"ImageObject","inLanguage":"de","@id":"https:\/\/cinegear.nl\/#\/schema\/logo\/image\/","url":"https:\/\/cinegear.nl\/wp-content\/uploads\/2019\/12\/Transparent_Normal_Logo.jpg","contentUrl":"https:\/\/cinegear.nl\/wp-content\/uploads\/2019\/12\/Transparent_Normal_Logo.jpg","width":858,"height":782,"caption":"Cinegear"},"image":{"@id":"https:\/\/cinegear.nl\/#\/schema\/logo\/image\/"}}]}},"brands":[{"id":8154,"name":"Ledgo","slug":"ledgo"}],"_links":{"self":[{"href":"https:\/\/cinegear.nl\/de\/wp-json\/wp\/v2\/product\/18574","targetHints":{"allow":["GET"]}}],"collection":[{"href":"https:\/\/cinegear.nl\/de\/wp-json\/wp\/v2\/product"}],"about":[{"href":"https:\/\/cinegear.nl\/de\/wp-json\/wp\/v2\/types\/product"}],"wp:featuredmedia":[{"embeddable":true,"href":"https:\/\/cinegear.nl\/de\/wp-json\/wp\/v2\/media\/32582"}],"wp:attachment":[{"href":"https:\/\/cinegear.nl\/de\/wp-json\/wp\/v2\/media?parent=18574"}],"wp:term":[{"taxonomy":"pwb-brand","embeddable":true,"href":"https:\/\/cinegear.nl\/de\/wp-json\/wp\/v2\/pwb-brand?post=18574"},{"taxonomy":"product_cat","embeddable":true,"href":"https:\/\/cinegear.nl\/de\/wp-json\/wp\/v2\/product_cat?post=18574"},{"taxonomy":"product_tag","embeddable":true,"href":"https:\/\/cinegear.nl\/de\/wp-json\/wp\/v2\/product_tag?post=18574"}],"curies":[{"name":"wp","href":"https:\/\/api.w.org\/{rel}","templated":true}]}}