{"id":18420,"date":"2020-04-15T10:47:51","date_gmt":"2020-04-15T09:47:51","guid":{"rendered":"https:\/\/www.cinegear.nl\/?post_type=product&#038;p=18420"},"modified":"2024-08-07T19:03:12","modified_gmt":"2024-08-07T17:03:12","slug":"ledgo-t1440mciii-bi-colour-ultra-soft-led-studio-light-with-v-mount","status":"publish","type":"product","link":"https:\/\/cinegear.nl\/de\/produkt\/ledgo-t1440mciii-bi-colour-ultra-soft-led-studio-light-with-v-mount\/","title":{"rendered":"LEDGO T1440MCIII Bi-colour Ultra Soft LED Studio Light (with v-mount)"},"content":{"rendered":"<table class=\"shop_attributes\">\n<tbody>\n<tr>\n<th>Common &#8211; Weight<\/th>\n<td>5.5<\/td>\n<\/tr>\n<tr>\n<th>Common &#8211; Included Components<\/th>\n<td>Adapter+cord\u00d71, Barndoor\u00d71, T1440MCIII\u00d71, Universal Yoke\u00d71<\/td>\n<\/tr>\n<tr>\n<th>LED &#8211; Type<\/th>\n<td>Dual<\/td>\n<\/tr>\n<tr>\n<th>LED &#8211; CCT<\/th>\n<td>2700-7500<\/td>\n<\/tr>\n<tr>\n<th>LED &#8211; CRI<\/th>\n<td>95<\/td>\n<\/tr>\n<tr>\n<th>LED &#8211; TLCI<\/th>\n<td>95<\/td>\n<\/tr>\n<tr>\n<th>LED &#8211; Lux<\/th>\n<td>2700K: 3313@1m; 7500K: 3638@1m<\/td>\n<\/tr>\n<tr>\n<th>LED &#8211; Barndoors<\/th>\n<td>Yes<\/td>\n<\/tr>\n<tr>\n<th>LED &#8211; Control<\/th>\n<td>2.4G, DMX, On-board controller<\/td>\n<\/tr>\n<tr>\n<th>LED &#8211; Operating Voltage<\/th>\n<td>24V DC<\/td>\n<\/tr>\n<tr>\n<th>LED &#8211; Power Consumption<\/th>\n<td>144W<\/td>\n<\/tr>\n<\/tbody>\n<\/table>","protected":false},"excerpt":{"rendered":"<p><strong>FEATURES<\/strong><\/p>\n<ul>\n<li>DMX control with LCD display<\/li>\n<li>Incredible value, portable wide LED panel<\/li>\n<li>High performance light source with excellent colorimetry<\/li>\n<li>Bi-colour Ultra Soft LED Studio Light<\/li>\n<li>Ultra-thin design (27mm)<\/li>\n<li>Can be mounted horizontally or vertically<\/li>\n<li>Interal 2.4G remote control receiver with WiFi control box, control the light via smart phone or telecontroller<\/li>\n<li>Dimmer control<\/li>\n<li>Barn doors included<\/li>\n<li>Rear heat dissapation to keep the light cool<\/li>\n<li>Control brightness, colour and colour temperature via the WiFi Control Box<\/li>\n<li>To fit Lighting Stands LG-280 \/ LG-186 &#8211; Spigot mount size 16mm | 5\/8&#8243;<\/li>\n<li>Honeycomb Louver also available<\/li>\n<\/ul>","protected":false},"featured_media":32608,"template":"","meta":{"_acf_changed":false,"inline_featured_image":false},"pwb-brand":[8154],"product_cat":[428,10068,10075,10073,429,8155],"product_tag":[5347,1070],"class_list":{"0":"post-18420","1":"product","2":"type-product","3":"status-publish","4":"has-post-thumbnail","6":"pwb-brand-ledgo","7":"product_cat-lighting-equipment","8":"product_cat-led-light","9":"product_cat-bi-color-led-panel","10":"product_cat-studio","11":"product_cat-brands","12":"product_cat-ledgo","13":"product_tag-ledgo","14":"product_tag-v-mount","15":"product_shipping_class-normal","17":"first","18":"outofstock","19":"taxable","20":"shipping-taxable","21":"purchasable","22":"product-type-simple"},"acf":{"supplier":"","buy_price":"","last_sync":""},"yoast_head":"<!-- This site is optimized with the Yoast SEO Premium plugin v21.8 (Yoast SEO v24.3) - https:\/\/yoast.com\/wordpress\/plugins\/seo\/ -->\n<title>LEDGO T1440MCIII Bi-colour Ultra Soft LED Studio Light Cinegear<\/title>\n<meta name=\"description\" content=\"FEATURES   DMX control with LCD display  Incredible value, portable wide LED panel  High performance light source with excellent colorimetry  Bi-colour Ultra Soft LED Studio Light  Ultra-thin design (27mm)  Can be mounted horizontally or vertically  Interal 2.4G remote control receiver with WiFi control box, control the light via smart phone or telecontroller  Dimmer control  Barn doors included  Rear heat dissapation to keep the light cool  Control brightness, colour and colour temperature via the WiFi Control Box  To fit Lighting Stands LG-280 \/ LG-186 - Spigot mount size 16mm | 5\/8&quot;  Honeycomb Louver also available\" \/>\n<meta name=\"robots\" content=\"index, follow, max-snippet:-1, max-image-preview:large, max-video-preview:-1\" \/>\n<link rel=\"canonical\" href=\"https:\/\/cinegear.nl\/de\/produkt\/ledgo-t1440mciii-bi-colour-ultra-soft-led-studio-light-with-v-mount\/\" \/>\n<meta property=\"og:locale\" content=\"de_DE\" \/>\n<meta property=\"og:type\" content=\"article\" \/>\n<meta property=\"og:title\" content=\"LEDGO T1440MCIII Bi-colour Ultra Soft LED Studio Light (with v-mount)\" \/>\n<meta property=\"og:description\" content=\"FEATURES   DMX control with LCD display  Incredible value, portable wide LED panel  High performance light source with excellent colorimetry  Bi-colour Ultra Soft LED Studio Light  Ultra-thin design (27mm)  Can be mounted horizontally or vertically  Interal 2.4G remote control receiver with WiFi control box, control the light via smart phone or telecontroller  Dimmer control  Barn doors included  Rear heat dissapation to keep the light cool  Control brightness, colour and colour temperature via the WiFi Control Box  To fit Lighting Stands LG-280 \/ LG-186 - Spigot mount size 16mm | 5\/8&quot;  Honeycomb Louver also available\" \/>\n<meta property=\"og:url\" content=\"https:\/\/cinegear.nl\/de\/produkt\/ledgo-t1440mciii-bi-colour-ultra-soft-led-studio-light-with-v-mount\/\" \/>\n<meta property=\"og:site_name\" content=\"Cinegear Amsterdam\" \/>\n<meta property=\"article:modified_time\" content=\"2024-08-07T17:03:12+00:00\" \/>\n<meta property=\"og:image\" content=\"https:\/\/cinegear.nl\/wp-content\/uploads\/2020\/04\/LG-T1440MCIII_front-1.jpg\" \/>\n\t<meta property=\"og:image:width\" content=\"750\" \/>\n\t<meta property=\"og:image:height\" content=\"750\" \/>\n\t<meta property=\"og:image:type\" content=\"image\/jpeg\" \/>\n<meta name=\"twitter:card\" content=\"summary_large_image\" \/>\n<meta name=\"twitter:label1\" content=\"Gesch\u00e4tzte Lesezeit\" \/>\n\t<meta name=\"twitter:data1\" content=\"1\u00a0Minute\" \/>\n<script type=\"application\/ld+json\" class=\"yoast-schema-graph\">{\"@context\":\"https:\/\/schema.org\",\"@graph\":[{\"@type\":\"WebPage\",\"@id\":\"https:\/\/cinegear.nl\/product\/ledgo-t1440mciii-bi-colour-ultra-soft-led-studio-light-with-v-mount\/\",\"url\":\"https:\/\/cinegear.nl\/product\/ledgo-t1440mciii-bi-colour-ultra-soft-led-studio-light-with-v-mount\/\",\"name\":\"LEDGO T1440MCIII Bi-colour Ultra Soft LED Studio Light Cinegear\",\"isPartOf\":{\"@id\":\"https:\/\/cinegear.nl\/#website\"},\"primaryImageOfPage\":{\"@id\":\"https:\/\/cinegear.nl\/product\/ledgo-t1440mciii-bi-colour-ultra-soft-led-studio-light-with-v-mount\/#primaryimage\"},\"image\":{\"@id\":\"https:\/\/cinegear.nl\/product\/ledgo-t1440mciii-bi-colour-ultra-soft-led-studio-light-with-v-mount\/#primaryimage\"},\"thumbnailUrl\":\"https:\/\/cinegear.nl\/wp-content\/uploads\/2020\/04\/LG-T1440MCIII_front-1.jpg\",\"datePublished\":\"2020-04-15T09:47:51+00:00\",\"dateModified\":\"2024-08-07T17:03:12+00:00\",\"description\":\"FEATURES DMX control with LCD display Incredible value, portable wide LED panel High performance light source with excellent colorimetry Bi-colour Ultra Soft LED Studio Light Ultra-thin design (27mm) Can be mounted horizontally or vertically Interal 2.4G remote control receiver with WiFi control box, control the light via smart phone or telecontroller Dimmer control Barn doors included Rear heat dissapation to keep the light cool Control brightness, colour and colour temperature via the WiFi Control Box To fit Lighting Stands LG-280 \/ LG-186 - Spigot mount size 16mm | 5\/8\\\" Honeycomb Louver also available\",\"breadcrumb\":{\"@id\":\"https:\/\/cinegear.nl\/product\/ledgo-t1440mciii-bi-colour-ultra-soft-led-studio-light-with-v-mount\/#breadcrumb\"},\"inLanguage\":\"de\",\"potentialAction\":[{\"@type\":\"ReadAction\",\"target\":[\"https:\/\/cinegear.nl\/product\/ledgo-t1440mciii-bi-colour-ultra-soft-led-studio-light-with-v-mount\/\"]}]},{\"@type\":\"ImageObject\",\"inLanguage\":\"de\",\"@id\":\"https:\/\/cinegear.nl\/product\/ledgo-t1440mciii-bi-colour-ultra-soft-led-studio-light-with-v-mount\/#primaryimage\",\"url\":\"https:\/\/cinegear.nl\/wp-content\/uploads\/2020\/04\/LG-T1440MCIII_front-1.jpg\",\"contentUrl\":\"https:\/\/cinegear.nl\/wp-content\/uploads\/2020\/04\/LG-T1440MCIII_front-1.jpg\",\"width\":750,\"height\":750,\"caption\":\"LEDGO T1440MCIII Bi-colour Ultra Soft LED Studio Light (with v-mount)\"},{\"@type\":\"BreadcrumbList\",\"@id\":\"https:\/\/cinegear.nl\/product\/ledgo-t1440mciii-bi-colour-ultra-soft-led-studio-light-with-v-mount\/#breadcrumb\",\"itemListElement\":[{\"@type\":\"ListItem\",\"position\":1,\"name\":\"Home\",\"item\":\"https:\/\/cinegear.nl\/\"},{\"@type\":\"ListItem\",\"position\":2,\"name\":\"Store\",\"item\":\"https:\/\/cinegear.nl\/product-category-kine-cameras\/\"},{\"@type\":\"ListItem\",\"position\":3,\"name\":\"LEDGO T1440MCIII Bi-colour Ultra Soft LED Studio Light (with v-mount)\"}]},{\"@type\":\"WebSite\",\"@id\":\"https:\/\/cinegear.nl\/#website\",\"url\":\"https:\/\/cinegear.nl\/\",\"name\":\"Cinegear Amsterdam\",\"description\":\"\",\"publisher\":{\"@id\":\"https:\/\/cinegear.nl\/#organization\"},\"potentialAction\":[{\"@type\":\"SearchAction\",\"target\":{\"@type\":\"EntryPoint\",\"urlTemplate\":\"https:\/\/cinegear.nl\/?s={search_term_string}\"},\"query-input\":{\"@type\":\"PropertyValueSpecification\",\"valueRequired\":true,\"valueName\":\"search_term_string\"}}],\"inLanguage\":\"de\"},{\"@type\":\"Organization\",\"@id\":\"https:\/\/cinegear.nl\/#organization\",\"name\":\"Cinegear\",\"url\":\"https:\/\/cinegear.nl\/\",\"logo\":{\"@type\":\"ImageObject\",\"inLanguage\":\"de\",\"@id\":\"https:\/\/cinegear.nl\/#\/schema\/logo\/image\/\",\"url\":\"https:\/\/cinegear.nl\/wp-content\/uploads\/2019\/12\/Transparent_Normal_Logo.jpg\",\"contentUrl\":\"https:\/\/cinegear.nl\/wp-content\/uploads\/2019\/12\/Transparent_Normal_Logo.jpg\",\"width\":858,\"height\":782,\"caption\":\"Cinegear\"},\"image\":{\"@id\":\"https:\/\/cinegear.nl\/#\/schema\/logo\/image\/\"}}]}<\/script>\n<!-- \/ Yoast SEO Premium plugin. -->","yoast_head_json":{"title":"LEDGO T1440MCIII Bi-colour Ultra Soft LED Studio Light Cinegear","description":"FEATURES   DMX control with LCD display  Incredible value, portable wide LED panel  High performance light source with excellent colorimetry  Bi-colour Ultra Soft LED Studio Light  Ultra-thin design (27mm)  Can be mounted horizontally or vertically  Interal 2.4G remote control receiver with WiFi control box, control the light via smart phone or telecontroller  Dimmer control  Barn doors included  Rear heat dissapation to keep the light cool  Control brightness, colour and colour temperature via the WiFi Control Box  To fit Lighting Stands LG-280 \/ LG-186 - Spigot mount size 16mm | 5\/8\"  Honeycomb Louver also available","robots":{"index":"index","follow":"follow","max-snippet":"max-snippet:-1","max-image-preview":"max-image-preview:large","max-video-preview":"max-video-preview:-1"},"canonical":"https:\/\/cinegear.nl\/de\/produkt\/ledgo-t1440mciii-bi-colour-ultra-soft-led-studio-light-with-v-mount\/","og_locale":"de_DE","og_type":"article","og_title":"LEDGO T1440MCIII Bi-colour Ultra Soft LED Studio Light (with v-mount)","og_description":"FEATURES   DMX control with LCD display  Incredible value, portable wide LED panel  High performance light source with excellent colorimetry  Bi-colour Ultra Soft LED Studio Light  Ultra-thin design (27mm)  Can be mounted horizontally or vertically  Interal 2.4G remote control receiver with WiFi control box, control the light via smart phone or telecontroller  Dimmer control  Barn doors included  Rear heat dissapation to keep the light cool  Control brightness, colour and colour temperature via the WiFi Control Box  To fit Lighting Stands LG-280 \/ LG-186 - Spigot mount size 16mm | 5\/8\"  Honeycomb Louver also available","og_url":"https:\/\/cinegear.nl\/de\/produkt\/ledgo-t1440mciii-bi-colour-ultra-soft-led-studio-light-with-v-mount\/","og_site_name":"Cinegear Amsterdam","article_modified_time":"2024-08-07T17:03:12+00:00","og_image":[{"width":750,"height":750,"url":"https:\/\/cinegear.nl\/wp-content\/uploads\/2020\/04\/LG-T1440MCIII_front-1.jpg","type":"image\/jpeg"}],"twitter_card":"summary_large_image","twitter_misc":{"Gesch\u00e4tzte Lesezeit":"1\u00a0Minute"},"schema":{"@context":"https:\/\/schema.org","@graph":[{"@type":"WebPage","@id":"https:\/\/cinegear.nl\/product\/ledgo-t1440mciii-bi-colour-ultra-soft-led-studio-light-with-v-mount\/","url":"https:\/\/cinegear.nl\/product\/ledgo-t1440mciii-bi-colour-ultra-soft-led-studio-light-with-v-mount\/","name":"LEDGO T1440MCIII Bi-colour Ultra Soft LED Studio Light Cinegear","isPartOf":{"@id":"https:\/\/cinegear.nl\/#website"},"primaryImageOfPage":{"@id":"https:\/\/cinegear.nl\/product\/ledgo-t1440mciii-bi-colour-ultra-soft-led-studio-light-with-v-mount\/#primaryimage"},"image":{"@id":"https:\/\/cinegear.nl\/product\/ledgo-t1440mciii-bi-colour-ultra-soft-led-studio-light-with-v-mount\/#primaryimage"},"thumbnailUrl":"https:\/\/cinegear.nl\/wp-content\/uploads\/2020\/04\/LG-T1440MCIII_front-1.jpg","datePublished":"2020-04-15T09:47:51+00:00","dateModified":"2024-08-07T17:03:12+00:00","description":"FEATURES DMX control with LCD display Incredible value, portable wide LED panel High performance light source with excellent colorimetry Bi-colour Ultra Soft LED Studio Light Ultra-thin design (27mm) Can be mounted horizontally or vertically Interal 2.4G remote control receiver with WiFi control box, control the light via smart phone or telecontroller Dimmer control Barn doors included Rear heat dissapation to keep the light cool Control brightness, colour and colour temperature via the WiFi Control Box To fit Lighting Stands LG-280 \/ LG-186 - Spigot mount size 16mm | 5\/8\" Honeycomb Louver also available","breadcrumb":{"@id":"https:\/\/cinegear.nl\/product\/ledgo-t1440mciii-bi-colour-ultra-soft-led-studio-light-with-v-mount\/#breadcrumb"},"inLanguage":"de","potentialAction":[{"@type":"ReadAction","target":["https:\/\/cinegear.nl\/product\/ledgo-t1440mciii-bi-colour-ultra-soft-led-studio-light-with-v-mount\/"]}]},{"@type":"ImageObject","inLanguage":"de","@id":"https:\/\/cinegear.nl\/product\/ledgo-t1440mciii-bi-colour-ultra-soft-led-studio-light-with-v-mount\/#primaryimage","url":"https:\/\/cinegear.nl\/wp-content\/uploads\/2020\/04\/LG-T1440MCIII_front-1.jpg","contentUrl":"https:\/\/cinegear.nl\/wp-content\/uploads\/2020\/04\/LG-T1440MCIII_front-1.jpg","width":750,"height":750,"caption":"LEDGO T1440MCIII Bi-colour Ultra Soft LED Studio Light (with v-mount)"},{"@type":"BreadcrumbList","@id":"https:\/\/cinegear.nl\/product\/ledgo-t1440mciii-bi-colour-ultra-soft-led-studio-light-with-v-mount\/#breadcrumb","itemListElement":[{"@type":"ListItem","position":1,"name":"Home","item":"https:\/\/cinegear.nl\/"},{"@type":"ListItem","position":2,"name":"Store","item":"https:\/\/cinegear.nl\/product-category-kine-cameras\/"},{"@type":"ListItem","position":3,"name":"LEDGO T1440MCIII Bi-colour Ultra Soft LED Studio Light (with v-mount)"}]},{"@type":"WebSite","@id":"https:\/\/cinegear.nl\/#website","url":"https:\/\/cinegear.nl\/","name":"Cinegear Amsterdam","description":"","publisher":{"@id":"https:\/\/cinegear.nl\/#organization"},"potentialAction":[{"@type":"SearchAction","target":{"@type":"EntryPoint","urlTemplate":"https:\/\/cinegear.nl\/?s={search_term_string}"},"query-input":{"@type":"PropertyValueSpecification","valueRequired":true,"valueName":"search_term_string"}}],"inLanguage":"de"},{"@type":"Organization","@id":"https:\/\/cinegear.nl\/#organization","name":"Cinegear","url":"https:\/\/cinegear.nl\/","logo":{"@type":"ImageObject","inLanguage":"de","@id":"https:\/\/cinegear.nl\/#\/schema\/logo\/image\/","url":"https:\/\/cinegear.nl\/wp-content\/uploads\/2019\/12\/Transparent_Normal_Logo.jpg","contentUrl":"https:\/\/cinegear.nl\/wp-content\/uploads\/2019\/12\/Transparent_Normal_Logo.jpg","width":858,"height":782,"caption":"Cinegear"},"image":{"@id":"https:\/\/cinegear.nl\/#\/schema\/logo\/image\/"}}]}},"brands":[{"id":8154,"name":"Ledgo","slug":"ledgo"}],"_links":{"self":[{"href":"https:\/\/cinegear.nl\/de\/wp-json\/wp\/v2\/product\/18420","targetHints":{"allow":["GET"]}}],"collection":[{"href":"https:\/\/cinegear.nl\/de\/wp-json\/wp\/v2\/product"}],"about":[{"href":"https:\/\/cinegear.nl\/de\/wp-json\/wp\/v2\/types\/product"}],"wp:featuredmedia":[{"embeddable":true,"href":"https:\/\/cinegear.nl\/de\/wp-json\/wp\/v2\/media\/32608"}],"wp:attachment":[{"href":"https:\/\/cinegear.nl\/de\/wp-json\/wp\/v2\/media?parent=18420"}],"wp:term":[{"taxonomy":"pwb-brand","embeddable":true,"href":"https:\/\/cinegear.nl\/de\/wp-json\/wp\/v2\/pwb-brand?post=18420"},{"taxonomy":"product_cat","embeddable":true,"href":"https:\/\/cinegear.nl\/de\/wp-json\/wp\/v2\/product_cat?post=18420"},{"taxonomy":"product_tag","embeddable":true,"href":"https:\/\/cinegear.nl\/de\/wp-json\/wp\/v2\/product_tag?post=18420"}],"curies":[{"name":"wp","href":"https:\/\/api.w.org\/{rel}","templated":true}]}}