{"id":122230,"date":"2026-05-12T04:26:43","date_gmt":"2026-05-12T02:26:43","guid":{"rendered":"https:\/\/cinegear.nl\/?post_type=product&#038;p=122230"},"modified":"2026-05-12T04:46:06","modified_gmt":"2026-05-12T02:46:06","slug":"dji-osmo-pocket-4-fill-light","status":"publish","type":"product","link":"https:\/\/cinegear.nl\/de\/produkt\/dji-osmo-pocket-4-fill-light\/","title":{"rendered":"DJI Osmo Pocket 4 Fill Light"},"content":{"rendered":"<div class=\"row\"  id=\"row-1958951010\">\n\n\t<div id=\"col-1146196574\" class=\"col medium-2 small-12 large-2\"  >\n\t\t\t\t<div class=\"col-inner\"  >\n\t\t\t\n\t\t\t\n\t<div id=\"text-1538811745\" class=\"text\">\n\t\t\n<h3><strong>\u00dcberblick<\/strong><\/h3>\n\t\t\n<style>\n#text-1538811745 {\n  font-size: 1.2rem;\n}\n@media (min-width:550px) {\n  #text-1538811745 {\n    font-size: 1rem;\n  }\n}\n<\/style>\n\t<\/div>\n\t\n\t\t<\/div>\n\t\t\t\t\n<style>\n#col-1146196574 > .col-inner {\n  padding: 0px 0px 0px 0px;\n  margin: 0px 0px -20px 0px;\n}\n@media (min-width:550px) {\n  #col-1146196574 > .col-inner {\n    padding: 0px 0px 0px 0px;\n    margin: 0px 0px 0px 0px;\n  }\n}\n<\/style>\n\t<\/div>\n\n\t\n\n\t<div id=\"col-1372870871\" class=\"col medium-10 small-12 large-10\"  >\n\t\t\t\t<div class=\"col-inner\"  >\n\t\t\t\n\t\t\t\n\t<div id=\"text-2706180754\" class=\"text\">\n\t\t\n<p>Compact and portable, offering instant fill light. It delivers natural soft lighting for a beautifying effect in low-light or backlit scenes, making your selfies shine.<\/p>\n<p>It attaches magnetically to the gimbal and rotates in sync to ensure consistent lighting. Powered by Osmo Pocket 4, it supports in-camera control and offers three adjustable levels of color temperature and brightness.<\/p>\n<p>Delivers soft, even lighting with a professional high Color Rendering Index (CRI) suitable for various scenarios.<\/p>\n<p>Even in low light or backlight, it enables shooting at lower ISOs to capture evenly lit, soft, and clear portraits with minimal noise.<\/p>\n\t\t\n<style>\n#text-2706180754 {\n  font-size: 0.9rem;\n}\n@media (min-width:550px) {\n  #text-2706180754 {\n    font-size: 1rem;\n  }\n}\n<\/style>\n\t<\/div>\n\t\n\t\t<\/div>\n\t\t\t\t\n<style>\n#col-1372870871 > .col-inner {\n  padding: 0px 0px 0px 0px;\n  margin: 0px 0px -30px 0px;\n}\n@media (min-width:550px) {\n  #col-1372870871 > .col-inner {\n    padding: 0px 0px 0px 0px;\n    margin: 0px 0px 0px 0px;\n  }\n}\n<\/style>\n\t<\/div>\n\n\t\n\n<style>\n#row-1958951010 > .col > .col-inner {\n  padding: 0px 0px 0px 0px;\n}\n@media (min-width:550px) {\n  #row-1958951010 > .col > .col-inner {\n    padding: 0px 0px 10px 0px;\n  }\n}\n<\/style>\n<\/div>\n<div class=\"is-divider divider clearfix\" style=\"max-width:1600px;height:2px;\"><\/div>\n<div class=\"row\"  id=\"row-1678922022\">\n\n\t<div id=\"col-1888857722\" class=\"col medium-2 small-12 large-2\"  >\n\t\t\t\t<div class=\"col-inner\"  >\n\t\t\t\n\t\t\t\n\t<div id=\"text-2801614169\" class=\"text\">\n\t\t\n<h3><strong>Tips<\/strong><\/h3>\n\t\t\n<style>\n#text-2801614169 {\n  font-size: 1.2rem;\n}\n@media (min-width:550px) {\n  #text-2801614169 {\n    font-size: 1rem;\n  }\n}\n<\/style>\n\t<\/div>\n\t\n\t\t<\/div>\n\t\t\t\t\n<style>\n#col-1888857722 > .col-inner {\n  padding: 0px 0px 0px 0px;\n  margin: 7px 0px -20px 0px;\n}\n@media (min-width:550px) {\n  #col-1888857722 > .col-inner {\n    padding: 0px 0px 0px 0px;\n    margin: 0px 0px 0px 0px;\n  }\n}\n<\/style>\n\t<\/div>\n\n\t\n\n\t<div id=\"col-1794487353\" class=\"col medium-10 small-12 large-10\"  >\n\t\t\t\t<div class=\"col-inner\"  >\n\t\t\t\n\t\t\t\n\t<div id=\"text-4067572607\" class=\"text\">\n\t\t\n<p>1. When recording, maintain an appropriate distance between the fill light and the subject to avoid glare.<\/p>\n<p>2. Do not apply excessive force when adjusting the fill light, as this may loosen the clamp and cause a power disconnection.<\/p>\n\t\t\n<style>\n#text-4067572607 {\n  font-size: 0.9rem;\n}\n@media (min-width:550px) {\n  #text-4067572607 {\n    font-size: 1rem;\n  }\n}\n<\/style>\n\t<\/div>\n\t\n\t\t<\/div>\n\t\t\t\t\n<style>\n#col-1794487353 > .col-inner {\n  padding: 0px 0px 0px 0px;\n  margin: 0px 0px -30px 0px;\n}\n@media (min-width:550px) {\n  #col-1794487353 > .col-inner {\n    padding: 0px 0px 0px 0px;\n    margin: 0px 0px 0px 0px;\n  }\n}\n<\/style>\n\t<\/div>\n\n\t\n\n<style>\n#row-1678922022 > .col > .col-inner {\n  padding: 0px 0px 0px 0px;\n}\n@media (min-width:550px) {\n  #row-1678922022 > .col > .col-inner {\n    padding: 30px 0px 10px 0px;\n  }\n}\n<\/style>\n<\/div>\n<div class=\"is-divider divider clearfix\" style=\"max-width:1600px;height:2px;\"><\/div>\n<div class=\"row\"  id=\"row-1347124702\">\n\n\t<div id=\"col-337057687\" class=\"col medium-2 small-12 large-2\"  >\n\t\t\t\t<div class=\"col-inner\"  >\n\t\t\t\n\t\t\t\n\t<div id=\"text-3543599967\" class=\"text\">\n\t\t\n<h3><strong>Included<br \/>\n<\/strong><\/h3>\n\t\t\n<style>\n#text-3543599967 {\n  font-size: 1.2rem;\n}\n@media (min-width:550px) {\n  #text-3543599967 {\n    font-size: 1rem;\n  }\n}\n<\/style>\n\t<\/div>\n\t\n\t\t<\/div>\n\t\t\t\t\n<style>\n#col-337057687 > .col-inner {\n  padding: 0px 0px 0px 0px;\n  margin: 7px 0px -20px 0px;\n}\n@media (min-width:550px) {\n  #col-337057687 > .col-inner {\n    padding: 0px 0px 0px 0px;\n    margin: 0px 0px 0px 0px;\n  }\n}\n<\/style>\n\t<\/div>\n\n\t\n\n\t<div id=\"col-2002797090\" class=\"col medium-10 small-12 large-10\"  >\n\t\t\t\t<div class=\"col-inner\"  >\n\t\t\t\n\t\t\t\n\t<div id=\"text-1649784204\" class=\"text\">\n\t\t\n<p>Osmo Pocket 4 Fill Light \u00d7 1<\/p>\n\t\t\n<style>\n#text-1649784204 {\n  font-size: 0.9rem;\n}\n@media (min-width:550px) {\n  #text-1649784204 {\n    font-size: 1rem;\n  }\n}\n<\/style>\n\t<\/div>\n\t\n\t\t<\/div>\n\t\t\t\t\n<style>\n#col-2002797090 > .col-inner {\n  padding: 0px 0px 0px 0px;\n  margin: 0px 0px -30px 0px;\n}\n@media (min-width:550px) {\n  #col-2002797090 > .col-inner {\n    padding: 0px 0px 0px 0px;\n    margin: 0px 0px 0px 0px;\n  }\n}\n<\/style>\n\t<\/div>\n\n\t\n\n<style>\n#row-1347124702 > .col > .col-inner {\n  padding: 0px 0px 0px 0px;\n}\n@media (min-width:550px) {\n  #row-1347124702 > .col > .col-inner {\n    padding: 30px 0px 10px 0px;\n  }\n}\n<\/style>\n<\/div>\n<div class=\"is-divider divider clearfix\" style=\"max-width:1600px;height:2px;\"><\/div>\n<div class=\"row\"  id=\"row-1164141333\">\n\n\t<div id=\"col-448259877\" class=\"col medium-2 small-12 large-2\"  >\n\t\t\t\t<div class=\"col-inner\"  >\n\t\t\t\n\t\t\t\n\t<div id=\"text-1158926291\" class=\"text\">\n\t\t\n<h3><strong>Specifications<\/strong><\/h3>\n\t\t\n<style>\n#text-1158926291 {\n  font-size: 1.2rem;\n}\n@media (min-width:550px) {\n  #text-1158926291 {\n    font-size: 1rem;\n  }\n}\n<\/style>\n\t<\/div>\n\t\n\t\t<\/div>\n\t\t\t\t\n<style>\n#col-448259877 > .col-inner {\n  padding: 0px 0px 0px 0px;\n  margin: 7px 0px -20px 0px;\n}\n@media (min-width:550px) {\n  #col-448259877 > .col-inner {\n    padding: 0px 0px 0px 0px;\n    margin: 0px 0px 0px 0px;\n  }\n}\n<\/style>\n\t<\/div>\n\n\t\n\n\t<div id=\"col-1634332156\" class=\"col medium-10 small-12 large-10\"  >\n\t\t\t\t<div class=\"col-inner\"  >\n\t\t\t\n\t\t\t\n\t<div id=\"text-2941827420\" class=\"text\">\n\t\t\n<p>Brightness (3 Levels): Low: 12 lux | Medium: 25 lux | High: 40 lux (Measured at 0.6m)<\/p>\n<p>Color Temperature (3 Levels): Warm: 2800 K | Neutral: 4000 K | Cool: 5500 K<\/p>\n<p>Dimensions: 51.66\u00d735.95\u00d719.97 mm (L\u00d7W\u00d7H)<\/p>\n<p>Weight: 16.72 g<\/p>\n\t\t\n<style>\n#text-2941827420 {\n  font-size: 0.9rem;\n}\n@media (min-width:550px) {\n  #text-2941827420 {\n    font-size: 1rem;\n  }\n}\n<\/style>\n\t<\/div>\n\t\n\t\t<\/div>\n\t\t\t\t\n<style>\n#col-1634332156 > .col-inner {\n  padding: 0px 0px 0px 0px;\n  margin: 0px 0px 0px 0px;\n}\n<\/style>\n\t<\/div>\n\n\t\n\n<style>\n#row-1164141333 > .col > .col-inner {\n  padding: 0px 0px 0px 0px;\n}\n@media (min-width:550px) {\n  #row-1164141333 > .col > .col-inner {\n    padding: 30px 0px 10px 0px;\n  }\n}\n<\/style>\n<\/div>","protected":false},"excerpt":{"rendered":"<ul>\n<li>Compact and portable fill light for instant lighting.<\/li>\n<li>Soft, natural light for better selfies and portraits.<\/li>\n<li>Magnetic attachment with synced gimbal rotation.<\/li>\n<li>In-camera control via Osmo Pocket 4.<\/li>\n<li>3 brightness and color temperature levels.<\/li>\n<li>High CRI for balanced, professional-looking light.<\/li>\n<li>Helps reduce noise in low-light shots.<\/li>\n<\/ul>","protected":false},"featured_media":122232,"template":"","meta":{"_acf_changed":false,"inline_featured_image":false},"pwb-brand":[9931],"product_cat":[14737],"product_tag":[],"class_list":{"0":"post-122230","1":"product","2":"type-product","3":"status-publish","4":"has-post-thumbnail","6":"pwb-brand-dji","7":"product_cat-action-cam-accessories","9":"first","10":"onbackorder","11":"taxable","12":"shipping-taxable","13":"purchasable","14":"product-type-simple"},"acf":{"supplier":"","buy_price":"","last_sync":""},"yoast_head":"<!-- This site is optimized with the Yoast SEO Premium plugin v21.8 (Yoast SEO v24.3) - https:\/\/yoast.com\/wordpress\/plugins\/seo\/ -->\n<title>DJI Osmo Pocket 4 Fill Light | Cinegear Amsterdam<\/title>\n<meta name=\"description\" content=\"Compact and portable fill light for instant lighting.  Soft, natural light for better selfies and portraits.  Magnetic attachment with synced gimbal rotation.  In-camera control via Osmo Pocket 4.  3 brightness and color temperature levels.  High CRI for balanced, professional-looking light.  Helps reduce noise in low-light shots.\" \/>\n<meta name=\"robots\" content=\"index, follow, max-snippet:-1, max-image-preview:large, max-video-preview:-1\" \/>\n<link rel=\"canonical\" href=\"https:\/\/cinegear.nl\/de\/produkt\/dji-osmo-pocket-4-fill-light\/\" \/>\n<meta property=\"og:locale\" content=\"de_DE\" \/>\n<meta property=\"og:type\" content=\"article\" \/>\n<meta property=\"og:title\" content=\"DJI Osmo Pocket 4 Fill Light\" \/>\n<meta property=\"og:description\" content=\"Compact and portable fill light for instant lighting.  Soft, natural light for better selfies and portraits.  Magnetic attachment with synced gimbal rotation.  In-camera control via Osmo Pocket 4.  3 brightness and color temperature levels.  High CRI for balanced, professional-looking light.  Helps reduce noise in low-light shots.\" \/>\n<meta property=\"og:url\" content=\"https:\/\/cinegear.nl\/de\/produkt\/dji-osmo-pocket-4-fill-light\/\" \/>\n<meta property=\"og:site_name\" content=\"Cinegear Amsterdam\" \/>\n<meta property=\"article:modified_time\" content=\"2026-05-12T02:46:06+00:00\" \/>\n<meta property=\"og:image\" content=\"https:\/\/cinegear.nl\/wp-content\/uploads\/2026\/05\/DJI-Osmo-Pocket-4-Fill-Light.jpg\" \/>\n\t<meta property=\"og:image:width\" content=\"800\" \/>\n\t<meta property=\"og:image:height\" content=\"800\" \/>\n\t<meta property=\"og:image:type\" content=\"image\/jpeg\" \/>\n<meta name=\"twitter:card\" content=\"summary_large_image\" \/>\n<meta name=\"twitter:label1\" content=\"Gesch\u00e4tzte Lesezeit\" \/>\n\t<meta name=\"twitter:data1\" content=\"3\u00a0Minuten\" \/>\n<script type=\"application\/ld+json\" class=\"yoast-schema-graph\">{\"@context\":\"https:\/\/schema.org\",\"@graph\":[{\"@type\":\"WebPage\",\"@id\":\"https:\/\/cinegear.nl\/product\/dji-osmo-pocket-4-fill-light\/\",\"url\":\"https:\/\/cinegear.nl\/product\/dji-osmo-pocket-4-fill-light\/\",\"name\":\"DJI Osmo Pocket 4 Fill Light | Cinegear Amsterdam\",\"isPartOf\":{\"@id\":\"https:\/\/cinegear.nl\/#website\"},\"primaryImageOfPage\":{\"@id\":\"https:\/\/cinegear.nl\/product\/dji-osmo-pocket-4-fill-light\/#primaryimage\"},\"image\":{\"@id\":\"https:\/\/cinegear.nl\/product\/dji-osmo-pocket-4-fill-light\/#primaryimage\"},\"thumbnailUrl\":\"https:\/\/cinegear.nl\/wp-content\/uploads\/2026\/05\/DJI-Osmo-Pocket-4-Fill-Light.jpg\",\"datePublished\":\"2026-05-12T02:26:43+00:00\",\"dateModified\":\"2026-05-12T02:46:06+00:00\",\"description\":\"Compact and portable fill light for instant lighting. Soft, natural light for better selfies and portraits. Magnetic attachment with synced gimbal rotation. In-camera control via Osmo Pocket 4. 3 brightness and color temperature levels. High CRI for balanced, professional-looking light. Helps reduce noise in low-light shots.\",\"breadcrumb\":{\"@id\":\"https:\/\/cinegear.nl\/product\/dji-osmo-pocket-4-fill-light\/#breadcrumb\"},\"inLanguage\":\"de\",\"potentialAction\":[{\"@type\":\"ReadAction\",\"target\":[\"https:\/\/cinegear.nl\/product\/dji-osmo-pocket-4-fill-light\/\"]}]},{\"@type\":\"ImageObject\",\"inLanguage\":\"de\",\"@id\":\"https:\/\/cinegear.nl\/product\/dji-osmo-pocket-4-fill-light\/#primaryimage\",\"url\":\"https:\/\/cinegear.nl\/wp-content\/uploads\/2026\/05\/DJI-Osmo-Pocket-4-Fill-Light.jpg\",\"contentUrl\":\"https:\/\/cinegear.nl\/wp-content\/uploads\/2026\/05\/DJI-Osmo-Pocket-4-Fill-Light.jpg\",\"width\":800,\"height\":800},{\"@type\":\"BreadcrumbList\",\"@id\":\"https:\/\/cinegear.nl\/product\/dji-osmo-pocket-4-fill-light\/#breadcrumb\",\"itemListElement\":[{\"@type\":\"ListItem\",\"position\":1,\"name\":\"Home\",\"item\":\"https:\/\/cinegear.nl\/\"},{\"@type\":\"ListItem\",\"position\":2,\"name\":\"Store\",\"item\":\"https:\/\/cinegear.nl\/product-category-kine-cameras\/\"},{\"@type\":\"ListItem\",\"position\":3,\"name\":\"DJI Osmo Pocket 4 Fill Light\"}]},{\"@type\":\"WebSite\",\"@id\":\"https:\/\/cinegear.nl\/#website\",\"url\":\"https:\/\/cinegear.nl\/\",\"name\":\"Cinegear Amsterdam\",\"description\":\"\",\"publisher\":{\"@id\":\"https:\/\/cinegear.nl\/#organization\"},\"potentialAction\":[{\"@type\":\"SearchAction\",\"target\":{\"@type\":\"EntryPoint\",\"urlTemplate\":\"https:\/\/cinegear.nl\/?s={search_term_string}\"},\"query-input\":{\"@type\":\"PropertyValueSpecification\",\"valueRequired\":true,\"valueName\":\"search_term_string\"}}],\"inLanguage\":\"de\"},{\"@type\":\"Organization\",\"@id\":\"https:\/\/cinegear.nl\/#organization\",\"name\":\"Cinegear\",\"url\":\"https:\/\/cinegear.nl\/\",\"logo\":{\"@type\":\"ImageObject\",\"inLanguage\":\"de\",\"@id\":\"https:\/\/cinegear.nl\/#\/schema\/logo\/image\/\",\"url\":\"https:\/\/cinegear.nl\/wp-content\/uploads\/2019\/12\/Transparent_Normal_Logo.jpg\",\"contentUrl\":\"https:\/\/cinegear.nl\/wp-content\/uploads\/2019\/12\/Transparent_Normal_Logo.jpg\",\"width\":858,\"height\":782,\"caption\":\"Cinegear\"},\"image\":{\"@id\":\"https:\/\/cinegear.nl\/#\/schema\/logo\/image\/\"}}]}<\/script>\n<!-- \/ Yoast SEO Premium plugin. -->","yoast_head_json":{"title":"DJI Osmo Pocket 4 Fill Light | Cinegear Amsterdam","description":"Compact and portable fill light for instant lighting.  Soft, natural light for better selfies and portraits.  Magnetic attachment with synced gimbal rotation.  In-camera control via Osmo Pocket 4.  3 brightness and color temperature levels.  High CRI for balanced, professional-looking light.  Helps reduce noise in low-light shots.","robots":{"index":"index","follow":"follow","max-snippet":"max-snippet:-1","max-image-preview":"max-image-preview:large","max-video-preview":"max-video-preview:-1"},"canonical":"https:\/\/cinegear.nl\/de\/produkt\/dji-osmo-pocket-4-fill-light\/","og_locale":"de_DE","og_type":"article","og_title":"DJI Osmo Pocket 4 Fill Light","og_description":"Compact and portable fill light for instant lighting.  Soft, natural light for better selfies and portraits.  Magnetic attachment with synced gimbal rotation.  In-camera control via Osmo Pocket 4.  3 brightness and color temperature levels.  High CRI for balanced, professional-looking light.  Helps reduce noise in low-light shots.","og_url":"https:\/\/cinegear.nl\/de\/produkt\/dji-osmo-pocket-4-fill-light\/","og_site_name":"Cinegear Amsterdam","article_modified_time":"2026-05-12T02:46:06+00:00","og_image":[{"width":800,"height":800,"url":"https:\/\/cinegear.nl\/wp-content\/uploads\/2026\/05\/DJI-Osmo-Pocket-4-Fill-Light.jpg","type":"image\/jpeg"}],"twitter_card":"summary_large_image","twitter_misc":{"Gesch\u00e4tzte Lesezeit":"3\u00a0Minuten"},"schema":{"@context":"https:\/\/schema.org","@graph":[{"@type":"WebPage","@id":"https:\/\/cinegear.nl\/product\/dji-osmo-pocket-4-fill-light\/","url":"https:\/\/cinegear.nl\/product\/dji-osmo-pocket-4-fill-light\/","name":"DJI Osmo Pocket 4 Fill Light | Cinegear Amsterdam","isPartOf":{"@id":"https:\/\/cinegear.nl\/#website"},"primaryImageOfPage":{"@id":"https:\/\/cinegear.nl\/product\/dji-osmo-pocket-4-fill-light\/#primaryimage"},"image":{"@id":"https:\/\/cinegear.nl\/product\/dji-osmo-pocket-4-fill-light\/#primaryimage"},"thumbnailUrl":"https:\/\/cinegear.nl\/wp-content\/uploads\/2026\/05\/DJI-Osmo-Pocket-4-Fill-Light.jpg","datePublished":"2026-05-12T02:26:43+00:00","dateModified":"2026-05-12T02:46:06+00:00","description":"Compact and portable fill light for instant lighting. Soft, natural light for better selfies and portraits. Magnetic attachment with synced gimbal rotation. In-camera control via Osmo Pocket 4. 3 brightness and color temperature levels. High CRI for balanced, professional-looking light. Helps reduce noise in low-light shots.","breadcrumb":{"@id":"https:\/\/cinegear.nl\/product\/dji-osmo-pocket-4-fill-light\/#breadcrumb"},"inLanguage":"de","potentialAction":[{"@type":"ReadAction","target":["https:\/\/cinegear.nl\/product\/dji-osmo-pocket-4-fill-light\/"]}]},{"@type":"ImageObject","inLanguage":"de","@id":"https:\/\/cinegear.nl\/product\/dji-osmo-pocket-4-fill-light\/#primaryimage","url":"https:\/\/cinegear.nl\/wp-content\/uploads\/2026\/05\/DJI-Osmo-Pocket-4-Fill-Light.jpg","contentUrl":"https:\/\/cinegear.nl\/wp-content\/uploads\/2026\/05\/DJI-Osmo-Pocket-4-Fill-Light.jpg","width":800,"height":800},{"@type":"BreadcrumbList","@id":"https:\/\/cinegear.nl\/product\/dji-osmo-pocket-4-fill-light\/#breadcrumb","itemListElement":[{"@type":"ListItem","position":1,"name":"Home","item":"https:\/\/cinegear.nl\/"},{"@type":"ListItem","position":2,"name":"Store","item":"https:\/\/cinegear.nl\/product-category-kine-cameras\/"},{"@type":"ListItem","position":3,"name":"DJI Osmo Pocket 4 Fill Light"}]},{"@type":"WebSite","@id":"https:\/\/cinegear.nl\/#website","url":"https:\/\/cinegear.nl\/","name":"Cinegear Amsterdam","description":"","publisher":{"@id":"https:\/\/cinegear.nl\/#organization"},"potentialAction":[{"@type":"SearchAction","target":{"@type":"EntryPoint","urlTemplate":"https:\/\/cinegear.nl\/?s={search_term_string}"},"query-input":{"@type":"PropertyValueSpecification","valueRequired":true,"valueName":"search_term_string"}}],"inLanguage":"de"},{"@type":"Organization","@id":"https:\/\/cinegear.nl\/#organization","name":"Cinegear","url":"https:\/\/cinegear.nl\/","logo":{"@type":"ImageObject","inLanguage":"de","@id":"https:\/\/cinegear.nl\/#\/schema\/logo\/image\/","url":"https:\/\/cinegear.nl\/wp-content\/uploads\/2019\/12\/Transparent_Normal_Logo.jpg","contentUrl":"https:\/\/cinegear.nl\/wp-content\/uploads\/2019\/12\/Transparent_Normal_Logo.jpg","width":858,"height":782,"caption":"Cinegear"},"image":{"@id":"https:\/\/cinegear.nl\/#\/schema\/logo\/image\/"}}]}},"brands":[{"id":9931,"name":"DJI","slug":"dji"}],"_links":{"self":[{"href":"https:\/\/cinegear.nl\/de\/wp-json\/wp\/v2\/product\/122230","targetHints":{"allow":["GET"]}}],"collection":[{"href":"https:\/\/cinegear.nl\/de\/wp-json\/wp\/v2\/product"}],"about":[{"href":"https:\/\/cinegear.nl\/de\/wp-json\/wp\/v2\/types\/product"}],"wp:featuredmedia":[{"embeddable":true,"href":"https:\/\/cinegear.nl\/de\/wp-json\/wp\/v2\/media\/122232"}],"wp:attachment":[{"href":"https:\/\/cinegear.nl\/de\/wp-json\/wp\/v2\/media?parent=122230"}],"wp:term":[{"taxonomy":"pwb-brand","embeddable":true,"href":"https:\/\/cinegear.nl\/de\/wp-json\/wp\/v2\/pwb-brand?post=122230"},{"taxonomy":"product_cat","embeddable":true,"href":"https:\/\/cinegear.nl\/de\/wp-json\/wp\/v2\/product_cat?post=122230"},{"taxonomy":"product_tag","embeddable":true,"href":"https:\/\/cinegear.nl\/de\/wp-json\/wp\/v2\/product_tag?post=122230"}],"curies":[{"name":"wp","href":"https:\/\/api.w.org\/{rel}","templated":true}]}}